{"id":39888,"date":"2024-06-18T07:07:19","date_gmt":"2024-06-18T00:07:19","guid":{"rendered":"https:\/\/maison-chance.org\/shop\/san-pham\/modetasche-fbjeth05"},"modified":"2024-11-20T15:41:00","modified_gmt":"2024-11-20T08:41:00","slug":"modetasche-fbjeth05","status":"publish","type":"product","link":"https:\/\/maison-chance.org\/shop\/de\/produkt\/modetasche-fbjeth05","title":{"rendered":"Modetasche FBJETH05"},"content":{"rendered":"<p style=\"text-align: justify;\">Die Modetasche FBJETH05 ist ein Produkt von Maison Chance, wo behinderte Schneider exquisite Handwerkstechniken verwenden, um stilvolle Modeprodukte zu kreieren. Mit hochwertigem Jeansstoff und sorgf\u00e4ltiger Aufmerksamkeit f\u00fcr jeden Stich bringt die Tasche einzigartigen Charakter und \u00fcberlegene Qualit\u00e4t.<\/p>\n<p style=\"text-align: justify;\">Die FBJETH05-Tasche ist nicht nur ein Mode-Accessoire, sondern auch praktisch mit ihrem ger\u00e4umigen Design und mehreren praktischen F\u00e4chern. Sie k\u00f6nnen sie t\u00e4glich f\u00fcr pers\u00f6nliche Gegenst\u00e4nde, zum Einkaufen oder Reisen auf die bequemste und organisierteste Weise verwenden.<\/p>\n<p><strong>Warum sollten Sie dieses Produkt kaufen?<\/strong><\/p>\n<p style=\"text-align: justify;\">Die FBJETH05-Handtasche erf\u00fcllt nicht nur Nutzungsbed\u00fcrfnisse, sondern bringt auch besondere humanit\u00e4re soziale Werte:<\/p>\n<p style=\"text-align: justify;\"><em>Bedeutender sozialer Beitrag:<\/em> Jede verkaufte Tasche ist ein praktischer Beitrag zur Unterst\u00fctzung behinderter Menschen f\u00fcr eine stabile und unabh\u00e4ngige Besch\u00e4ftigung.<\/p>\n<p style=\"text-align: justify;\"><em>\u00dcberlegene Qualit\u00e4t:<\/em> Hergestellt aus wasserabweisendem Jeansstoff mit hoher Haltbarkeit, wird die FBJETH05-Handtasche Sie viele Jahre begleiten.<\/p>\n<p><strong>Begleiten Sie Maison Chance auf dieser Reise der Liebe!<\/strong><\/p>\n<p style=\"text-align: justify;\">Nehmen Sie an unserer Gemeinschaftsunterst\u00fctzungsreise teil, indem Sie die FBJETH05-Handtasche kaufen. Indem Sie dieses Produkt w\u00e4hlen, besitzen Sie nicht nur einen einzigartigen Modeartikel, sondern tragen auch zur Entwicklung talentierter behinderter Kunsthandwerker bei. Jede Tasche ist eine Geschichte von Ausdauer und Anstrengung, gewoben aus der Begeisterung jedes Schneiders bei Maison Chance.<\/p>\n<p style=\"text-align: justify;\">Erleben Sie heute die Sch\u00f6nheit und Bedeutung der FBJETH05-Tasche, lassen Sie Liebe und W\u00e4rme von jedem Produkt ausgehen, das Sie besitzen.<\/p>\n<p style=\"text-align: justify;\">Wir glauben, dass Sie, wenn Sie eine Handtasche von Maison Chance kaufen, auch dazu beitragen, Gl\u00fcck und Hoffnung f\u00fcr Menschen in schwierigen Umst\u00e4nden zu verbreiten. Danke, dass Sie sich die Zeit nehmen, Ihre Werte und Freundlichkeit mit uns zu teilen.<\/p>\n","protected":false},"excerpt":{"rendered":"<p style=\"text-align: justify;\">Die von unseren weniger gl\u00fccklichen behinderten Kunsthandwerkern handgefertigten Produkte danken Ihnen aufrichtig f\u00fcr Ihre Unterst\u00fctzung.<\/p>\n<p>Materialien: Denim-Stoff + thail\u00e4ndischer Stoff<\/p>\n<p>Code: TH07TX<\/p>\n<p>Ma\u00dfe: 33,5 x 35,5 cm<\/p>\n<p>Hotline: <span style=\"font-size: 20px;\"><strong><span style=\"color: #ff0000;\">0909 06 25 28<\/span><\/strong><\/span><\/p>\n<p style=\"text-align: justify;\">Wenn Sie sich in Vietnam befinden, kontaktieren Sie uns bitte \u00fcber die Hotline-Nummer oder unsere Unternehmens-Fanpage, Nh\u00e0 May M\u1eafn, f\u00fcr Preisdetails in Vietnam.<\/p>\n","protected":false},"featured_media":39876,"template":"","meta":[],"product_brand":[],"product_cat":[247,232],"product_tag":[],"class_list":{"0":"post-39888","1":"product","2":"type-product","3":"status-publish","4":"has-post-thumbnail","6":"product_cat-handtasche-naeherei","7":"product_cat-naeherei","9":"first","10":"instock","11":"shipping-taxable","12":"purchasable","13":"product-type-variable"},"yoast_head":"<!-- This site is optimized with the Yoast SEO Premium plugin v22.7 (Yoast SEO v25.3.1) - https:\/\/yoast.com\/wordpress\/plugins\/seo\/ -->\n<title>Modetasche FBJETH05 - Handgefertigte Ethnische Taschen - Nh\u00e0 May M\u1eafn - Maison Chance<\/title>\n<meta name=\"description\" content=\"Die Modetasche FBJETH05 ist ein Produkt von Lucky Hands, wo behinderte Handwerker exquisite handgefertigte Techniken verwenden, um zu kreieren\" \/>\n<meta name=\"robots\" content=\"index, follow, max-snippet:-1, max-image-preview:large, max-video-preview:-1\" \/>\n<link rel=\"canonical\" href=\"https:\/\/maison-chance.org\/shop\/de\/produkt\/modetasche-fbjeth05\" \/>\n<meta property=\"og:locale\" content=\"de_DE\" \/>\n<meta property=\"og:type\" content=\"article\" \/>\n<meta property=\"og:title\" content=\"Modetasche FBJETH05\" \/>\n<meta property=\"og:description\" content=\"Die Modetasche FBJETH05 ist ein Produkt von Lucky Hands, wo behinderte Handwerker exquisite handgefertigte Techniken verwenden, um zu kreieren\" \/>\n<meta property=\"og:url\" content=\"https:\/\/maison-chance.org\/shop\/de\/produkt\/modetasche-fbjeth05\" \/>\n<meta property=\"og:site_name\" content=\"Nh\u00e0 May M\u1eafn - Maison Chance\" \/>\n<meta property=\"article:publisher\" content=\"https:\/\/www.facebook.com\/dnxh.nhamayman\/\" \/>\n<meta property=\"article:modified_time\" content=\"2024-11-20T08:41:00+00:00\" \/>\n<meta property=\"og:image\" content=\"https:\/\/maison-chance.org\/shop\/wp-content\/uploads\/2024\/06\/FBJETH05.jpg\" \/>\n\t<meta property=\"og:image:width\" content=\"600\" \/>\n\t<meta property=\"og:image:height\" content=\"600\" \/>\n\t<meta property=\"og:image:type\" content=\"image\/jpeg\" \/>\n<meta name=\"twitter:card\" content=\"summary_large_image\" \/>\n<meta name=\"twitter:label1\" content=\"Verf\u00fcgbarkeit\" \/>\n\t<meta name=\"twitter:data1\" content=\"Auf Lager\" \/>\n<script type=\"application\/ld+json\" class=\"yoast-schema-graph\">{\"@context\":\"https:\/\/schema.org\",\"@graph\":[{\"@type\":\"WebPage\",\"@id\":\"https:\/\/maison-chance.org\/shop\/de\/produkt\/modetasche-fbjeth05\",\"url\":\"https:\/\/maison-chance.org\/shop\/de\/produkt\/modetasche-fbjeth05\",\"name\":\"Modetasche FBJETH05 - Handgefertigte Ethnische Taschen - Nh\u00e0 May M\u1eafn - Maison Chance\",\"isPartOf\":{\"@id\":\"https:\/\/maison-chance.org\/shop\/de#website\"},\"primaryImageOfPage\":{\"@id\":\"https:\/\/maison-chance.org\/shop\/de\/produkt\/modetasche-fbjeth05#primaryimage\"},\"image\":{\"@id\":\"https:\/\/maison-chance.org\/shop\/de\/produkt\/modetasche-fbjeth05#primaryimage\"},\"thumbnailUrl\":\"https:\/\/maison-chance.org\/shop\/wp-content\/uploads\/2024\/06\/FBJETH05.jpg\",\"datePublished\":\"2024-06-18T00:07:19+00:00\",\"dateModified\":\"2024-11-20T08:41:00+00:00\",\"description\":\"Die Modetasche FBJETH05 ist ein Produkt von Lucky Hands, wo behinderte Handwerker exquisite handgefertigte Techniken verwenden, um zu kreieren\",\"breadcrumb\":{\"@id\":\"https:\/\/maison-chance.org\/shop\/de\/produkt\/modetasche-fbjeth05#breadcrumb\"},\"inLanguage\":\"de\",\"potentialAction\":[{\"@type\":\"ReadAction\",\"target\":[\"https:\/\/maison-chance.org\/shop\/de\/produkt\/modetasche-fbjeth05\"]}]},{\"@type\":\"ImageObject\",\"inLanguage\":\"de\",\"@id\":\"https:\/\/maison-chance.org\/shop\/de\/produkt\/modetasche-fbjeth05#primaryimage\",\"url\":\"https:\/\/maison-chance.org\/shop\/wp-content\/uploads\/2024\/06\/FBJETH05.jpg\",\"contentUrl\":\"https:\/\/maison-chance.org\/shop\/wp-content\/uploads\/2024\/06\/FBJETH05.jpg\",\"width\":600,\"height\":600,\"caption\":\"Modetasche FBJETH05\"},{\"@type\":\"BreadcrumbList\",\"@id\":\"https:\/\/maison-chance.org\/shop\/de\/produkt\/modetasche-fbjeth05#breadcrumb\",\"itemListElement\":[{\"@type\":\"ListItem\",\"position\":1,\"name\":\"Trang ch\u1ee7\",\"item\":\"https:\/\/maison-chance.org\/shop\/de\"},{\"@type\":\"ListItem\",\"position\":2,\"name\":\"Shop\",\"item\":\"https:\/\/maison-chance.org\/shop\/shop\"},{\"@type\":\"ListItem\",\"position\":3,\"name\":\"Modetasche FBJETH05\"}]},{\"@type\":\"WebSite\",\"@id\":\"https:\/\/maison-chance.org\/shop\/de#website\",\"url\":\"https:\/\/maison-chance.org\/shop\/de\",\"name\":\"Nh\u00e0 May M\u1eafn - Maison Chance\",\"description\":\"M\u1ecdi l\u1ee3i nhu\u1eadn thu v\u1ec1 t\u1eeb vi\u1ec7c b\u00e1n h\u00e0ng s\u1ebd tr\u00edch m\u1ed9t ph\u1ea7n \u0111\u1ec3 ch\u0103m lo cho \u0111\u1eddi s\u1ed1ng c\u00e1c b\u1ea1n khuy\u1ebft t\u1eadt v\u00e0 tr\u1ebb m\u1ed3 c\u00f4i \u1edf \u0111\u00e2y\",\"publisher\":{\"@id\":\"https:\/\/maison-chance.org\/shop\/de#organization\"},\"potentialAction\":[{\"@type\":\"SearchAction\",\"target\":{\"@type\":\"EntryPoint\",\"urlTemplate\":\"https:\/\/maison-chance.org\/shop\/de?s={search_term_string}\"},\"query-input\":{\"@type\":\"PropertyValueSpecification\",\"valueRequired\":true,\"valueName\":\"search_term_string\"}}],\"inLanguage\":\"de\"},{\"@type\":\"Organization\",\"@id\":\"https:\/\/maison-chance.org\/shop\/de#organization\",\"name\":\"Nh\u00e0 May M\u1eafn - Maison Chance\",\"url\":\"https:\/\/maison-chance.org\/shop\/de\",\"logo\":{\"@type\":\"ImageObject\",\"inLanguage\":\"de\",\"@id\":\"https:\/\/maison-chance.org\/shop\/de#\/schema\/logo\/image\/\",\"url\":\"https:\/\/maison-chance.org\/shop\/wp-content\/uploads\/2024\/03\/cropped-Logo_DNXH.png\",\"contentUrl\":\"https:\/\/maison-chance.org\/shop\/wp-content\/uploads\/2024\/03\/cropped-Logo_DNXH.png\",\"width\":512,\"height\":512,\"caption\":\"Nh\u00e0 May M\u1eafn - Maison Chance\"},\"image\":{\"@id\":\"https:\/\/maison-chance.org\/shop\/de#\/schema\/logo\/image\/\"},\"sameAs\":[\"https:\/\/www.facebook.com\/dnxh.nhamayman\/\"]}]}<\/script>\n<meta property=\"og:availability\" content=\"instock\" \/>\n<meta property=\"product:availability\" content=\"instock\" \/>\n<meta property=\"product:condition\" content=\"new\" \/>\n<!-- \/ Yoast SEO Premium plugin. -->","yoast_head_json":{"title":"Modetasche FBJETH05 - Handgefertigte Ethnische Taschen - Nh\u00e0 May M\u1eafn - Maison Chance","description":"Die Modetasche FBJETH05 ist ein Produkt von Lucky Hands, wo behinderte Handwerker exquisite handgefertigte Techniken verwenden, um zu kreieren","robots":{"index":"index","follow":"follow","max-snippet":"max-snippet:-1","max-image-preview":"max-image-preview:large","max-video-preview":"max-video-preview:-1"},"canonical":"https:\/\/maison-chance.org\/shop\/de\/produkt\/modetasche-fbjeth05","og_locale":"de_DE","og_type":"article","og_title":"Modetasche FBJETH05","og_description":"Die Modetasche FBJETH05 ist ein Produkt von Lucky Hands, wo behinderte Handwerker exquisite handgefertigte Techniken verwenden, um zu kreieren","og_url":"https:\/\/maison-chance.org\/shop\/de\/produkt\/modetasche-fbjeth05","og_site_name":"Nh\u00e0 May M\u1eafn - Maison Chance","article_publisher":"https:\/\/www.facebook.com\/dnxh.nhamayman\/","article_modified_time":"2024-11-20T08:41:00+00:00","og_image":[{"width":600,"height":600,"url":"https:\/\/maison-chance.org\/shop\/wp-content\/uploads\/2024\/06\/FBJETH05.jpg","type":"image\/jpeg"}],"twitter_card":"summary_large_image","twitter_misc":{"Verf\u00fcgbarkeit":"Auf Lager"},"schema":{"@context":"https:\/\/schema.org","@graph":[{"@type":"WebPage","@id":"https:\/\/maison-chance.org\/shop\/de\/produkt\/modetasche-fbjeth05","url":"https:\/\/maison-chance.org\/shop\/de\/produkt\/modetasche-fbjeth05","name":"Modetasche FBJETH05 - Handgefertigte Ethnische Taschen - Nh\u00e0 May M\u1eafn - Maison Chance","isPartOf":{"@id":"https:\/\/maison-chance.org\/shop\/de#website"},"primaryImageOfPage":{"@id":"https:\/\/maison-chance.org\/shop\/de\/produkt\/modetasche-fbjeth05#primaryimage"},"image":{"@id":"https:\/\/maison-chance.org\/shop\/de\/produkt\/modetasche-fbjeth05#primaryimage"},"thumbnailUrl":"https:\/\/maison-chance.org\/shop\/wp-content\/uploads\/2024\/06\/FBJETH05.jpg","datePublished":"2024-06-18T00:07:19+00:00","dateModified":"2024-11-20T08:41:00+00:00","description":"Die Modetasche FBJETH05 ist ein Produkt von Lucky Hands, wo behinderte Handwerker exquisite handgefertigte Techniken verwenden, um zu kreieren","breadcrumb":{"@id":"https:\/\/maison-chance.org\/shop\/de\/produkt\/modetasche-fbjeth05#breadcrumb"},"inLanguage":"de","potentialAction":[{"@type":"ReadAction","target":["https:\/\/maison-chance.org\/shop\/de\/produkt\/modetasche-fbjeth05"]}]},{"@type":"ImageObject","inLanguage":"de","@id":"https:\/\/maison-chance.org\/shop\/de\/produkt\/modetasche-fbjeth05#primaryimage","url":"https:\/\/maison-chance.org\/shop\/wp-content\/uploads\/2024\/06\/FBJETH05.jpg","contentUrl":"https:\/\/maison-chance.org\/shop\/wp-content\/uploads\/2024\/06\/FBJETH05.jpg","width":600,"height":600,"caption":"Modetasche FBJETH05"},{"@type":"BreadcrumbList","@id":"https:\/\/maison-chance.org\/shop\/de\/produkt\/modetasche-fbjeth05#breadcrumb","itemListElement":[{"@type":"ListItem","position":1,"name":"Trang ch\u1ee7","item":"https:\/\/maison-chance.org\/shop\/de"},{"@type":"ListItem","position":2,"name":"Shop","item":"https:\/\/maison-chance.org\/shop\/shop"},{"@type":"ListItem","position":3,"name":"Modetasche FBJETH05"}]},{"@type":"WebSite","@id":"https:\/\/maison-chance.org\/shop\/de#website","url":"https:\/\/maison-chance.org\/shop\/de","name":"Nh\u00e0 May M\u1eafn - Maison Chance","description":"M\u1ecdi l\u1ee3i nhu\u1eadn thu v\u1ec1 t\u1eeb vi\u1ec7c b\u00e1n h\u00e0ng s\u1ebd tr\u00edch m\u1ed9t ph\u1ea7n \u0111\u1ec3 ch\u0103m lo cho \u0111\u1eddi s\u1ed1ng c\u00e1c b\u1ea1n khuy\u1ebft t\u1eadt v\u00e0 tr\u1ebb m\u1ed3 c\u00f4i \u1edf \u0111\u00e2y","publisher":{"@id":"https:\/\/maison-chance.org\/shop\/de#organization"},"potentialAction":[{"@type":"SearchAction","target":{"@type":"EntryPoint","urlTemplate":"https:\/\/maison-chance.org\/shop\/de?s={search_term_string}"},"query-input":{"@type":"PropertyValueSpecification","valueRequired":true,"valueName":"search_term_string"}}],"inLanguage":"de"},{"@type":"Organization","@id":"https:\/\/maison-chance.org\/shop\/de#organization","name":"Nh\u00e0 May M\u1eafn - Maison Chance","url":"https:\/\/maison-chance.org\/shop\/de","logo":{"@type":"ImageObject","inLanguage":"de","@id":"https:\/\/maison-chance.org\/shop\/de#\/schema\/logo\/image\/","url":"https:\/\/maison-chance.org\/shop\/wp-content\/uploads\/2024\/03\/cropped-Logo_DNXH.png","contentUrl":"https:\/\/maison-chance.org\/shop\/wp-content\/uploads\/2024\/03\/cropped-Logo_DNXH.png","width":512,"height":512,"caption":"Nh\u00e0 May M\u1eafn - Maison Chance"},"image":{"@id":"https:\/\/maison-chance.org\/shop\/de#\/schema\/logo\/image\/"},"sameAs":["https:\/\/www.facebook.com\/dnxh.nhamayman\/"]}]},"og_availability":"instock","product_availability":"instock","product_condition":"new"},"_links":{"self":[{"href":"https:\/\/maison-chance.org\/shop\/de\/wp-json\/wp\/v2\/product\/39888","targetHints":{"allow":["GET"]}}],"collection":[{"href":"https:\/\/maison-chance.org\/shop\/de\/wp-json\/wp\/v2\/product"}],"about":[{"href":"https:\/\/maison-chance.org\/shop\/de\/wp-json\/wp\/v2\/types\/product"}],"wp:featuredmedia":[{"embeddable":true,"href":"https:\/\/maison-chance.org\/shop\/de\/wp-json\/wp\/v2\/media\/39876"}],"wp:attachment":[{"href":"https:\/\/maison-chance.org\/shop\/de\/wp-json\/wp\/v2\/media?parent=39888"}],"wp:term":[{"taxonomy":"product_brand","embeddable":true,"href":"https:\/\/maison-chance.org\/shop\/de\/wp-json\/wp\/v2\/product_brand?post=39888"},{"taxonomy":"product_cat","embeddable":true,"href":"https:\/\/maison-chance.org\/shop\/de\/wp-json\/wp\/v2\/product_cat?post=39888"},{"taxonomy":"product_tag","embeddable":true,"href":"https:\/\/maison-chance.org\/shop\/de\/wp-json\/wp\/v2\/product_tag?post=39888"}],"curies":[{"name":"wp","href":"https:\/\/api.w.org\/{rel}","templated":true}]}}