{"id":40001,"date":"2024-06-19T12:10:04","date_gmt":"2024-06-19T05:10:04","guid":{"rendered":"https:\/\/maison-chance.org\/shop\/san-pham\/modetasche-fbth04"},"modified":"2024-11-20T15:52:22","modified_gmt":"2024-11-20T08:52:22","slug":"modetasche-fbth04","status":"publish","type":"product","link":"https:\/\/maison-chance.org\/shop\/de\/produkt\/modetasche-fbth04","title":{"rendered":"Modetasche FBTH04"},"content":{"rendered":"<p style=\"text-align: justify;\">Modische Tasche FBTH04 ist ein besonderes Produkt, das von den talentierten H\u00e4nden behinderter Schneider bei Maison Chance hergestellt wird. Mit einer kompakten Gr\u00f6\u00dfe von 25 x 30 cm und einem eleganten rechteckigen Design bietet diese Handtasche nicht nur Komfort, sondern dr\u00fcckt auch einen minimalistischen, aber charaktervollen Modestil aus. Gefertigt aus hochwertigem thail\u00e4ndischem Stoff, langlebig und vielf\u00e4ltig in Mustern und Farben, wird die FBTH04-Tasche sicherlich diejenigen zufriedenstellen, die Einzigartigkeit und Raffinesse lieben.<\/p>\n<p style=\"text-align: justify;\">Mit ihrer moderaten Gr\u00f6\u00dfe und dem praktischen Design kann die FBTH04-Tasche in verschiedenen Situationen verwendet werden:<\/p>\n<p style=\"text-align: justify;\">&#8211; Arbeit: Genug Platz f\u00fcr Ihr Telefon, Geldb\u00f6rse, Schl\u00fcssel und notwendige pers\u00f6nliche Gegenst\u00e4nde, sodass Sie wichtige Dinge jeden Tag leicht transportieren k\u00f6nnen.<\/p>\n<p style=\"text-align: justify;\">&#8211; Freizeit: Mit zwei auff\u00e4lligen Farben, Rot und Blau, k\u00f6nnen Sie die Tasche leicht mit verschiedenen Outfits kombinieren, von elegant bis jugendlich.<\/p>\n<p style=\"text-align: justify;\">&#8211; Reisen: Leicht, langlebig und kompakt, ist die FBTH04-Tasche die perfekte Wahl, wenn Sie ein kompaktes Modeaccessoire ben\u00f6tigen, das dennoch voll funktionsf\u00e4hig ist.<\/p>\n<p style=\"text-align: justify;\">Die FBTH04-Handtasche ist aus hochwertigem thail\u00e4ndischem Stoff gefertigt, der f\u00fcr seine Langlebigkeit und gute Schwei\u00dfabsorption bekannt ist. Feine und robuste N\u00e4hte sowie ein weiches Innenfutter sch\u00fctzen Ihre Habseligkeiten perfekt.<\/p>\n<p style=\"text-align: justify;\">Jede FBTH04-Handtasche ist ein Zeugnis f\u00fcr das Geschick und die Hingabe der behinderten Schneider bei Maison Chance. Mit dem Kauf dieses Produkts besitzen Sie nicht nur ein sch\u00f6nes Modeaccessoire, sondern tragen auch dazu bei, behinderte Menschen zu unterst\u00fctzen, Arbeitspl\u00e4tze zu schaffen und sie zu ermutigen, Schwierigkeiten zu \u00fcberwinden und im Leben aufzusteigen.<\/p>\n<p style=\"text-align: justify;\">Die FBTH04-Tasche kommt mit verschiedenen Mustern und Farben, passend zu unterschiedlichen Modestilen. Sie k\u00f6nnen leicht die Tasche w\u00e4hlen, die am besten zu Ihrem \u00e4sthetischen Geschmack und Lebensstil passt.<\/p>\n<p style=\"text-align: justify;\">Lassen Sie uns gemeinsam die Produkte von Maison Chance unterst\u00fctzen, kaufen Sie die Modetasche FBTH04 heute, um den Unterschied in Qualit\u00e4t, Stil und humanit\u00e4rem Wert zu erleben, den das Produkt bietet. Gemeinsam k\u00f6nnen wir eine bessere Welt schaffen, in der jeder die M\u00f6glichkeit hat, fair und stolz zu leben und zu arbeiten.<\/p>\n","protected":false},"excerpt":{"rendered":"<p style=\"text-align: justify;\">Handgefertigte Produkte von unseren weniger gl\u00fccklichen behinderten Handwerkern, wir hoffen aufrichtig auf Ihre Unterst\u00fctzung.<\/p>\n<p>Material: Thail\u00e4ndischer Stoff<\/p>\n<p>Code: TH05TX<\/p>\n<p>Ma\u00dfe: 25 x 30 cm<\/p>\n<p>Hotline: <span style=\"font-size: 20px;\"><strong><span style=\"color: #ff0000;\">0909 06 25 28<\/span><\/strong><\/span><\/p>\n<p style=\"text-align: justify;\">Wenn Sie in Vietnam sind, kontaktieren Sie uns bitte \u00fcber die Hotline oder unsere Unternehmensseite Nh\u00e0 May M\u1eafn, um die Preise in Vietnam zu erfahren.<\/p>\n","protected":false},"featured_media":39977,"template":"","meta":[],"product_brand":[],"product_cat":[247,232],"product_tag":[],"class_list":{"0":"post-40001","1":"product","2":"type-product","3":"status-publish","4":"has-post-thumbnail","6":"product_cat-handtasche-naeherei","7":"product_cat-naeherei","9":"first","10":"instock","11":"shipping-taxable","12":"purchasable","13":"product-type-variable"},"yoast_head":"<!-- This site is optimized with the Yoast SEO Premium plugin v22.7 (Yoast SEO v25.3.1) - https:\/\/yoast.com\/wordpress\/plugins\/seo\/ -->\n<title>Modetasche FBTH04- Bestickte Handtasche - Nh\u00e0 May M\u1eafn - Maison Chance<\/title>\n<meta name=\"description\" content=\"Die Modetasche FBTH04 ist ein besonderes Produkt, das von den geschickten H\u00e4nden behinderter Schneider bei Maison Chance hergestellt wird.\" \/>\n<meta name=\"robots\" content=\"index, follow, max-snippet:-1, max-image-preview:large, max-video-preview:-1\" \/>\n<link rel=\"canonical\" href=\"https:\/\/maison-chance.org\/shop\/de\/produkt\/modetasche-fbth04\" \/>\n<meta property=\"og:locale\" content=\"de_DE\" \/>\n<meta property=\"og:type\" content=\"article\" \/>\n<meta property=\"og:title\" content=\"Modetasche FBTH04\" \/>\n<meta property=\"og:description\" content=\"Die Modetasche FBTH04 ist ein besonderes Produkt, das von den geschickten H\u00e4nden behinderter Schneider bei Maison Chance hergestellt wird.\" \/>\n<meta property=\"og:url\" content=\"https:\/\/maison-chance.org\/shop\/de\/produkt\/modetasche-fbth04\" \/>\n<meta property=\"og:site_name\" content=\"Nh\u00e0 May M\u1eafn - Maison Chance\" \/>\n<meta property=\"article:publisher\" content=\"https:\/\/www.facebook.com\/dnxh.nhamayman\/\" \/>\n<meta property=\"article:modified_time\" content=\"2024-11-20T08:52:22+00:00\" \/>\n<meta property=\"og:image\" content=\"https:\/\/maison-chance.org\/shop\/wp-content\/uploads\/2024\/06\/tui-thoi-trang-fbth04-1.jpg\" \/>\n\t<meta property=\"og:image:width\" content=\"600\" \/>\n\t<meta property=\"og:image:height\" content=\"600\" \/>\n\t<meta property=\"og:image:type\" content=\"image\/jpeg\" \/>\n<meta name=\"twitter:card\" content=\"summary_large_image\" \/>\n<meta name=\"twitter:label1\" content=\"Verf\u00fcgbarkeit\" \/>\n\t<meta name=\"twitter:data1\" content=\"Auf Lager\" \/>\n<script type=\"application\/ld+json\" class=\"yoast-schema-graph\">{\"@context\":\"https:\/\/schema.org\",\"@graph\":[{\"@type\":\"WebPage\",\"@id\":\"https:\/\/maison-chance.org\/shop\/de\/produkt\/modetasche-fbth04\",\"url\":\"https:\/\/maison-chance.org\/shop\/de\/produkt\/modetasche-fbth04\",\"name\":\"Modetasche FBTH04- Bestickte Handtasche - Nh\u00e0 May M\u1eafn - Maison Chance\",\"isPartOf\":{\"@id\":\"https:\/\/maison-chance.org\/shop\/de#website\"},\"primaryImageOfPage\":{\"@id\":\"https:\/\/maison-chance.org\/shop\/de\/produkt\/modetasche-fbth04#primaryimage\"},\"image\":{\"@id\":\"https:\/\/maison-chance.org\/shop\/de\/produkt\/modetasche-fbth04#primaryimage\"},\"thumbnailUrl\":\"https:\/\/maison-chance.org\/shop\/wp-content\/uploads\/2024\/06\/tui-thoi-trang-fbth04-1.jpg\",\"datePublished\":\"2024-06-19T05:10:04+00:00\",\"dateModified\":\"2024-11-20T08:52:22+00:00\",\"description\":\"Die Modetasche FBTH04 ist ein besonderes Produkt, das von den geschickten H\u00e4nden behinderter Schneider bei Maison Chance hergestellt wird.\",\"breadcrumb\":{\"@id\":\"https:\/\/maison-chance.org\/shop\/de\/produkt\/modetasche-fbth04#breadcrumb\"},\"inLanguage\":\"de\",\"potentialAction\":[{\"@type\":\"ReadAction\",\"target\":[\"https:\/\/maison-chance.org\/shop\/de\/produkt\/modetasche-fbth04\"]}]},{\"@type\":\"ImageObject\",\"inLanguage\":\"de\",\"@id\":\"https:\/\/maison-chance.org\/shop\/de\/produkt\/modetasche-fbth04#primaryimage\",\"url\":\"https:\/\/maison-chance.org\/shop\/wp-content\/uploads\/2024\/06\/tui-thoi-trang-fbth04-1.jpg\",\"contentUrl\":\"https:\/\/maison-chance.org\/shop\/wp-content\/uploads\/2024\/06\/tui-thoi-trang-fbth04-1.jpg\",\"width\":600,\"height\":600,\"caption\":\"Modetasche FBTH04\"},{\"@type\":\"BreadcrumbList\",\"@id\":\"https:\/\/maison-chance.org\/shop\/de\/produkt\/modetasche-fbth04#breadcrumb\",\"itemListElement\":[{\"@type\":\"ListItem\",\"position\":1,\"name\":\"Trang ch\u1ee7\",\"item\":\"https:\/\/maison-chance.org\/shop\/de\"},{\"@type\":\"ListItem\",\"position\":2,\"name\":\"Shop\",\"item\":\"https:\/\/maison-chance.org\/shop\/shop\"},{\"@type\":\"ListItem\",\"position\":3,\"name\":\"Modetasche FBTH04\"}]},{\"@type\":\"WebSite\",\"@id\":\"https:\/\/maison-chance.org\/shop\/de#website\",\"url\":\"https:\/\/maison-chance.org\/shop\/de\",\"name\":\"Nh\u00e0 May M\u1eafn - Maison Chance\",\"description\":\"M\u1ecdi l\u1ee3i nhu\u1eadn thu v\u1ec1 t\u1eeb vi\u1ec7c b\u00e1n h\u00e0ng s\u1ebd tr\u00edch m\u1ed9t ph\u1ea7n \u0111\u1ec3 ch\u0103m lo cho \u0111\u1eddi s\u1ed1ng c\u00e1c b\u1ea1n khuy\u1ebft t\u1eadt v\u00e0 tr\u1ebb m\u1ed3 c\u00f4i \u1edf \u0111\u00e2y\",\"publisher\":{\"@id\":\"https:\/\/maison-chance.org\/shop\/de#organization\"},\"potentialAction\":[{\"@type\":\"SearchAction\",\"target\":{\"@type\":\"EntryPoint\",\"urlTemplate\":\"https:\/\/maison-chance.org\/shop\/de?s={search_term_string}\"},\"query-input\":{\"@type\":\"PropertyValueSpecification\",\"valueRequired\":true,\"valueName\":\"search_term_string\"}}],\"inLanguage\":\"de\"},{\"@type\":\"Organization\",\"@id\":\"https:\/\/maison-chance.org\/shop\/de#organization\",\"name\":\"Nh\u00e0 May M\u1eafn - Maison Chance\",\"url\":\"https:\/\/maison-chance.org\/shop\/de\",\"logo\":{\"@type\":\"ImageObject\",\"inLanguage\":\"de\",\"@id\":\"https:\/\/maison-chance.org\/shop\/de#\/schema\/logo\/image\/\",\"url\":\"https:\/\/maison-chance.org\/shop\/wp-content\/uploads\/2024\/03\/cropped-Logo_DNXH.png\",\"contentUrl\":\"https:\/\/maison-chance.org\/shop\/wp-content\/uploads\/2024\/03\/cropped-Logo_DNXH.png\",\"width\":512,\"height\":512,\"caption\":\"Nh\u00e0 May M\u1eafn - Maison Chance\"},\"image\":{\"@id\":\"https:\/\/maison-chance.org\/shop\/de#\/schema\/logo\/image\/\"},\"sameAs\":[\"https:\/\/www.facebook.com\/dnxh.nhamayman\/\"]}]}<\/script>\n<meta property=\"og:availability\" content=\"instock\" \/>\n<meta property=\"product:availability\" content=\"instock\" \/>\n<meta property=\"product:condition\" content=\"new\" \/>\n<!-- \/ Yoast SEO Premium plugin. -->","yoast_head_json":{"title":"Modetasche FBTH04- Bestickte Handtasche - Nh\u00e0 May M\u1eafn - Maison Chance","description":"Die Modetasche FBTH04 ist ein besonderes Produkt, das von den geschickten H\u00e4nden behinderter Schneider bei Maison Chance hergestellt wird.","robots":{"index":"index","follow":"follow","max-snippet":"max-snippet:-1","max-image-preview":"max-image-preview:large","max-video-preview":"max-video-preview:-1"},"canonical":"https:\/\/maison-chance.org\/shop\/de\/produkt\/modetasche-fbth04","og_locale":"de_DE","og_type":"article","og_title":"Modetasche FBTH04","og_description":"Die Modetasche FBTH04 ist ein besonderes Produkt, das von den geschickten H\u00e4nden behinderter Schneider bei Maison Chance hergestellt wird.","og_url":"https:\/\/maison-chance.org\/shop\/de\/produkt\/modetasche-fbth04","og_site_name":"Nh\u00e0 May M\u1eafn - Maison Chance","article_publisher":"https:\/\/www.facebook.com\/dnxh.nhamayman\/","article_modified_time":"2024-11-20T08:52:22+00:00","og_image":[{"width":600,"height":600,"url":"https:\/\/maison-chance.org\/shop\/wp-content\/uploads\/2024\/06\/tui-thoi-trang-fbth04-1.jpg","type":"image\/jpeg"}],"twitter_card":"summary_large_image","twitter_misc":{"Verf\u00fcgbarkeit":"Auf Lager"},"schema":{"@context":"https:\/\/schema.org","@graph":[{"@type":"WebPage","@id":"https:\/\/maison-chance.org\/shop\/de\/produkt\/modetasche-fbth04","url":"https:\/\/maison-chance.org\/shop\/de\/produkt\/modetasche-fbth04","name":"Modetasche FBTH04- Bestickte Handtasche - Nh\u00e0 May M\u1eafn - Maison Chance","isPartOf":{"@id":"https:\/\/maison-chance.org\/shop\/de#website"},"primaryImageOfPage":{"@id":"https:\/\/maison-chance.org\/shop\/de\/produkt\/modetasche-fbth04#primaryimage"},"image":{"@id":"https:\/\/maison-chance.org\/shop\/de\/produkt\/modetasche-fbth04#primaryimage"},"thumbnailUrl":"https:\/\/maison-chance.org\/shop\/wp-content\/uploads\/2024\/06\/tui-thoi-trang-fbth04-1.jpg","datePublished":"2024-06-19T05:10:04+00:00","dateModified":"2024-11-20T08:52:22+00:00","description":"Die Modetasche FBTH04 ist ein besonderes Produkt, das von den geschickten H\u00e4nden behinderter Schneider bei Maison Chance hergestellt wird.","breadcrumb":{"@id":"https:\/\/maison-chance.org\/shop\/de\/produkt\/modetasche-fbth04#breadcrumb"},"inLanguage":"de","potentialAction":[{"@type":"ReadAction","target":["https:\/\/maison-chance.org\/shop\/de\/produkt\/modetasche-fbth04"]}]},{"@type":"ImageObject","inLanguage":"de","@id":"https:\/\/maison-chance.org\/shop\/de\/produkt\/modetasche-fbth04#primaryimage","url":"https:\/\/maison-chance.org\/shop\/wp-content\/uploads\/2024\/06\/tui-thoi-trang-fbth04-1.jpg","contentUrl":"https:\/\/maison-chance.org\/shop\/wp-content\/uploads\/2024\/06\/tui-thoi-trang-fbth04-1.jpg","width":600,"height":600,"caption":"Modetasche FBTH04"},{"@type":"BreadcrumbList","@id":"https:\/\/maison-chance.org\/shop\/de\/produkt\/modetasche-fbth04#breadcrumb","itemListElement":[{"@type":"ListItem","position":1,"name":"Trang ch\u1ee7","item":"https:\/\/maison-chance.org\/shop\/de"},{"@type":"ListItem","position":2,"name":"Shop","item":"https:\/\/maison-chance.org\/shop\/shop"},{"@type":"ListItem","position":3,"name":"Modetasche FBTH04"}]},{"@type":"WebSite","@id":"https:\/\/maison-chance.org\/shop\/de#website","url":"https:\/\/maison-chance.org\/shop\/de","name":"Nh\u00e0 May M\u1eafn - Maison Chance","description":"M\u1ecdi l\u1ee3i nhu\u1eadn thu v\u1ec1 t\u1eeb vi\u1ec7c b\u00e1n h\u00e0ng s\u1ebd tr\u00edch m\u1ed9t ph\u1ea7n \u0111\u1ec3 ch\u0103m lo cho \u0111\u1eddi s\u1ed1ng c\u00e1c b\u1ea1n khuy\u1ebft t\u1eadt v\u00e0 tr\u1ebb m\u1ed3 c\u00f4i \u1edf \u0111\u00e2y","publisher":{"@id":"https:\/\/maison-chance.org\/shop\/de#organization"},"potentialAction":[{"@type":"SearchAction","target":{"@type":"EntryPoint","urlTemplate":"https:\/\/maison-chance.org\/shop\/de?s={search_term_string}"},"query-input":{"@type":"PropertyValueSpecification","valueRequired":true,"valueName":"search_term_string"}}],"inLanguage":"de"},{"@type":"Organization","@id":"https:\/\/maison-chance.org\/shop\/de#organization","name":"Nh\u00e0 May M\u1eafn - Maison Chance","url":"https:\/\/maison-chance.org\/shop\/de","logo":{"@type":"ImageObject","inLanguage":"de","@id":"https:\/\/maison-chance.org\/shop\/de#\/schema\/logo\/image\/","url":"https:\/\/maison-chance.org\/shop\/wp-content\/uploads\/2024\/03\/cropped-Logo_DNXH.png","contentUrl":"https:\/\/maison-chance.org\/shop\/wp-content\/uploads\/2024\/03\/cropped-Logo_DNXH.png","width":512,"height":512,"caption":"Nh\u00e0 May M\u1eafn - Maison Chance"},"image":{"@id":"https:\/\/maison-chance.org\/shop\/de#\/schema\/logo\/image\/"},"sameAs":["https:\/\/www.facebook.com\/dnxh.nhamayman\/"]}]},"og_availability":"instock","product_availability":"instock","product_condition":"new"},"_links":{"self":[{"href":"https:\/\/maison-chance.org\/shop\/de\/wp-json\/wp\/v2\/product\/40001","targetHints":{"allow":["GET"]}}],"collection":[{"href":"https:\/\/maison-chance.org\/shop\/de\/wp-json\/wp\/v2\/product"}],"about":[{"href":"https:\/\/maison-chance.org\/shop\/de\/wp-json\/wp\/v2\/types\/product"}],"wp:featuredmedia":[{"embeddable":true,"href":"https:\/\/maison-chance.org\/shop\/de\/wp-json\/wp\/v2\/media\/39977"}],"wp:attachment":[{"href":"https:\/\/maison-chance.org\/shop\/de\/wp-json\/wp\/v2\/media?parent=40001"}],"wp:term":[{"taxonomy":"product_brand","embeddable":true,"href":"https:\/\/maison-chance.org\/shop\/de\/wp-json\/wp\/v2\/product_brand?post=40001"},{"taxonomy":"product_cat","embeddable":true,"href":"https:\/\/maison-chance.org\/shop\/de\/wp-json\/wp\/v2\/product_cat?post=40001"},{"taxonomy":"product_tag","embeddable":true,"href":"https:\/\/maison-chance.org\/shop\/de\/wp-json\/wp\/v2\/product_tag?post=40001"}],"curies":[{"name":"wp","href":"https:\/\/api.w.org\/{rel}","templated":true}]}}