{"id":40037,"date":"2024-06-23T02:51:14","date_gmt":"2024-06-22T19:51:14","guid":{"rendered":"https:\/\/maison-chance.org\/shop\/san-pham\/modetasche-fbcv04"},"modified":"2024-11-20T15:59:41","modified_gmt":"2024-11-20T08:59:41","slug":"modetasche-fbcv04","status":"publish","type":"product","link":"https:\/\/maison-chance.org\/shop\/de\/produkt\/modetasche-fbcv04","title":{"rendered":"Modetasche FBCV04"},"content":{"rendered":"<p style=\"text-align: justify;\">Die Modetasche FBTH04 ist nicht nur ein attraktives Produkt, sondern tr\u00e4gt auch eine tiefe humanit\u00e4re Bedeutung. Dieses Produkt wird von qualifizierten behinderten Schneidern bei Maison Chance hergestellt, wo widerstandsf\u00e4hige und talentierte Menschen t\u00e4glich Lebensherausforderungen meistern, um wunderbare St\u00fccke zu kreieren.<\/p>\n<p style=\"text-align: justify;\">Die FBTH04 Modetasche hat eine rechteckige Form mit den Ma\u00dfen 30 x 33 cm, perfekt zum Tragen vieler essentieller Gegenst\u00e4nde. Die Tasche ist aus hochwertigem Canvasstoff gefertigt, langlebig und wasserabweisend, was den Schutz Ihrer Habseligkeiten bei unerwartetem Regen gew\u00e4hrleistet. Das Highlight der Tasche ist das dekorative Brokatst\u00fcck auf der Vorderseite mit lebendigen und scharfen Mustern, das sowohl ein modisches als auch einzigartiges Erscheinungsbild schafft.<\/p>\n<p style=\"text-align: justify;\">Die Tasche hat zwei stabile lange Henkel, die das Tragen oder Schultern erleichtern. Im Inneren befindet sich ein ger\u00e4umiges Hauptfach mit weichem Stoffutter und einer kleinen Vordertasche zum Aufbewahren kleiner Gegenst\u00e4nde wie Telefone und Geldb\u00f6rsen. Der stabile Rei\u00dfverschluss gew\u00e4hrleistet die Sicherheit Ihrer Gegenst\u00e4nde w\u00e4hrend der Bewegung.<\/p>\n<p style=\"text-align: justify;\">Die Handtasche FBTH04 ist das perfekte Accessoire f\u00fcr verschiedene Anl\u00e4sse. Sie k\u00f6nnen die Tasche f\u00fcr die Arbeit, Schule oder Stadtspazierg\u00e4nge mit Freunden nutzen. Mit ihrem schlichten aber modischen Design passt die Tasche zu allen Stilen von elegant \u00fcber modern bis pers\u00f6nlich. Zus\u00e4tzlich ist die Wasserbest\u00e4ndigkeit der Tasche ein gro\u00dfer Pluspunkt, da Sie sie auch an Regentagen zuversichtlich nutzen k\u00f6nnen.<\/p>\n<p style=\"text-align: justify;\">Wenn Sie sich entscheiden, die Modetasche FBTH04 zu kaufen, besitzen Sie nicht nur ein hochwertiges, langlebiges und modisches Produkt, sondern unterst\u00fctzen auch behinderte Schneider bei Maison Chance. Dies ist eine Gelegenheit, Ihre Unterst\u00fctzung f\u00fcr Menschen in schwierigen Umst\u00e4nden zu zeigen, die weiterhin im Leben streben. Jede Tasche erz\u00e4hlt eine Geschichte, eine stolze Leistung engagierter Schneider, akribisch in jedem Stich mit dem Wunsch, Qualit\u00e4tsprodukte an Kunden zu liefern.<\/p>\n<p style=\"text-align: justify;\">Lassen Sie uns gemeinsam Maison Chance unterst\u00fctzen, indem Sie heute eine FBTH04 Modetasche besitzen. Das Produkt ist nicht nur ein wunderbares Accessoire, sondern auch ein Symbol f\u00fcr G\u00fcte und Teilen. Jede Tasche, die Sie kaufen, ist ein Schritt vorw\u00e4rts, um behinderten Schneidern Freude und Hoffnung zu bringen und ihnen mehr Motivation und Glauben an die Zukunft zu geben.<\/p>\n<p style=\"text-align: justify;\">Bestellen Sie heute und verbreiten Sie Liebe mit Maison Chance!<\/p>\n","protected":false},"excerpt":{"rendered":"<p style=\"text-align: justify;\">Die von unseren weniger gl\u00fccklichen behinderten Handwerkern handgefertigten Produkte hoffen auf Ihre Unterst\u00fctzung.<\/p>\n<p>Materialien: Baumwolle + Naturfarben<\/p>\n<p>Code: TC04TX<\/p>\n<p>Ma\u00dfe: 30 \u00d7 33 cm<\/p>\n<p>Hotline: <span style=\"font-size: 20px;\"><strong><span style=\"color: #ff0000;\">0909 06 25 28<\/span><\/strong><\/span><\/p>\n<p style=\"text-align: justify;\">Wenn Sie sich in Vietnam befinden, kontaktieren Sie uns bitte \u00fcber die Hotline oder unsere Gesch\u00e4fts-Fanpage Maison Chance f\u00fcr Preisinformationen in Vietnam.<\/p>\n","protected":false},"featured_media":40024,"template":"","meta":[],"product_brand":[],"product_cat":[247,232],"product_tag":[],"class_list":{"0":"post-40037","1":"product","2":"type-product","3":"status-publish","4":"has-post-thumbnail","6":"product_cat-handtasche-naeherei","7":"product_cat-naeherei","9":"first","10":"instock","11":"shipping-taxable","12":"purchasable","13":"product-type-simple"},"yoast_head":"<!-- This site is optimized with the Yoast SEO Premium plugin v22.7 (Yoast SEO v25.3.1) - https:\/\/yoast.com\/wordpress\/plugins\/seo\/ -->\n<title>Modetasche FBCV04- Brokat-Tasche - Nh\u00e0 May M\u1eafn - Maison Chance<\/title>\n<meta name=\"description\" content=\"Die FBTH04 Mode-Tasche ist nicht nur ein sch\u00f6nes Produkt, sondern tr\u00e4gt auch eine tiefgreifende humanistische Bedeutung. Dies ist ein Produkt, das von behinderten Menschen bei Maison Chance hergestellt wird.\" \/>\n<meta name=\"robots\" content=\"index, follow, max-snippet:-1, max-image-preview:large, max-video-preview:-1\" \/>\n<link rel=\"canonical\" href=\"https:\/\/maison-chance.org\/shop\/de\/produkt\/modetasche-fbcv04\" \/>\n<meta property=\"og:locale\" content=\"de_DE\" \/>\n<meta property=\"og:type\" content=\"article\" \/>\n<meta property=\"og:title\" content=\"Modetasche FBCV04\" \/>\n<meta property=\"og:description\" content=\"Die FBTH04 Mode-Tasche ist nicht nur ein sch\u00f6nes Produkt, sondern tr\u00e4gt auch eine tiefgreifende humanistische Bedeutung. Dies ist ein Produkt, das von behinderten Menschen bei Maison Chance hergestellt wird.\" \/>\n<meta property=\"og:url\" content=\"https:\/\/maison-chance.org\/shop\/de\/produkt\/modetasche-fbcv04\" \/>\n<meta property=\"og:site_name\" content=\"Nh\u00e0 May M\u1eafn - Maison Chance\" \/>\n<meta property=\"article:publisher\" content=\"https:\/\/www.facebook.com\/dnxh.nhamayman\/\" \/>\n<meta property=\"article:modified_time\" content=\"2024-11-20T08:59:41+00:00\" \/>\n<meta property=\"og:image\" content=\"https:\/\/maison-chance.org\/shop\/wp-content\/uploads\/2024\/06\/tui-thoi-trang-fbcv04-1.jpg\" \/>\n\t<meta property=\"og:image:width\" content=\"600\" \/>\n\t<meta property=\"og:image:height\" content=\"600\" \/>\n\t<meta property=\"og:image:type\" content=\"image\/jpeg\" \/>\n<meta name=\"twitter:card\" content=\"summary_large_image\" \/>\n<meta name=\"twitter:label1\" content=\"Preis\" \/>\n\t<meta name=\"twitter:data1\" content=\"&euro;5.06\" \/>\n\t<meta name=\"twitter:label2\" content=\"Verf\u00fcgbarkeit\" \/>\n\t<meta name=\"twitter:data2\" content=\"Auf Lager\" \/>\n<script type=\"application\/ld+json\" class=\"yoast-schema-graph\">{\"@context\":\"https:\/\/schema.org\",\"@graph\":[{\"@type\":\"WebPage\",\"@id\":\"https:\/\/maison-chance.org\/shop\/de\/produkt\/modetasche-fbcv04\",\"url\":\"https:\/\/maison-chance.org\/shop\/de\/produkt\/modetasche-fbcv04\",\"name\":\"Modetasche FBCV04- Brokat-Tasche - Nh\u00e0 May M\u1eafn - Maison Chance\",\"isPartOf\":{\"@id\":\"https:\/\/maison-chance.org\/shop\/de#website\"},\"primaryImageOfPage\":{\"@id\":\"https:\/\/maison-chance.org\/shop\/de\/produkt\/modetasche-fbcv04#primaryimage\"},\"image\":{\"@id\":\"https:\/\/maison-chance.org\/shop\/de\/produkt\/modetasche-fbcv04#primaryimage\"},\"thumbnailUrl\":\"https:\/\/maison-chance.org\/shop\/wp-content\/uploads\/2024\/06\/tui-thoi-trang-fbcv04-1.jpg\",\"datePublished\":\"2024-06-22T19:51:14+00:00\",\"dateModified\":\"2024-11-20T08:59:41+00:00\",\"description\":\"Die FBTH04 Mode-Tasche ist nicht nur ein sch\u00f6nes Produkt, sondern tr\u00e4gt auch eine tiefgreifende humanistische Bedeutung. Dies ist ein Produkt, das von behinderten Menschen bei Maison Chance hergestellt wird.\",\"breadcrumb\":{\"@id\":\"https:\/\/maison-chance.org\/shop\/de\/produkt\/modetasche-fbcv04#breadcrumb\"},\"inLanguage\":\"de\",\"potentialAction\":[{\"@type\":\"ReadAction\",\"target\":[\"https:\/\/maison-chance.org\/shop\/de\/produkt\/modetasche-fbcv04\"]}]},{\"@type\":\"ImageObject\",\"inLanguage\":\"de\",\"@id\":\"https:\/\/maison-chance.org\/shop\/de\/produkt\/modetasche-fbcv04#primaryimage\",\"url\":\"https:\/\/maison-chance.org\/shop\/wp-content\/uploads\/2024\/06\/tui-thoi-trang-fbcv04-1.jpg\",\"contentUrl\":\"https:\/\/maison-chance.org\/shop\/wp-content\/uploads\/2024\/06\/tui-thoi-trang-fbcv04-1.jpg\",\"width\":600,\"height\":600,\"caption\":\"Modetasche FBCV04\"},{\"@type\":\"BreadcrumbList\",\"@id\":\"https:\/\/maison-chance.org\/shop\/de\/produkt\/modetasche-fbcv04#breadcrumb\",\"itemListElement\":[{\"@type\":\"ListItem\",\"position\":1,\"name\":\"Trang ch\u1ee7\",\"item\":\"https:\/\/maison-chance.org\/shop\/de\"},{\"@type\":\"ListItem\",\"position\":2,\"name\":\"Shop\",\"item\":\"https:\/\/maison-chance.org\/shop\/shop\"},{\"@type\":\"ListItem\",\"position\":3,\"name\":\"Modetasche FBCV04\"}]},{\"@type\":\"WebSite\",\"@id\":\"https:\/\/maison-chance.org\/shop\/de#website\",\"url\":\"https:\/\/maison-chance.org\/shop\/de\",\"name\":\"Nh\u00e0 May M\u1eafn - Maison Chance\",\"description\":\"M\u1ecdi l\u1ee3i nhu\u1eadn thu v\u1ec1 t\u1eeb vi\u1ec7c b\u00e1n h\u00e0ng s\u1ebd tr\u00edch m\u1ed9t ph\u1ea7n \u0111\u1ec3 ch\u0103m lo cho \u0111\u1eddi s\u1ed1ng c\u00e1c b\u1ea1n khuy\u1ebft t\u1eadt v\u00e0 tr\u1ebb m\u1ed3 c\u00f4i \u1edf \u0111\u00e2y\",\"publisher\":{\"@id\":\"https:\/\/maison-chance.org\/shop\/de#organization\"},\"potentialAction\":[{\"@type\":\"SearchAction\",\"target\":{\"@type\":\"EntryPoint\",\"urlTemplate\":\"https:\/\/maison-chance.org\/shop\/de?s={search_term_string}\"},\"query-input\":{\"@type\":\"PropertyValueSpecification\",\"valueRequired\":true,\"valueName\":\"search_term_string\"}}],\"inLanguage\":\"de\"},{\"@type\":\"Organization\",\"@id\":\"https:\/\/maison-chance.org\/shop\/de#organization\",\"name\":\"Nh\u00e0 May M\u1eafn - Maison Chance\",\"url\":\"https:\/\/maison-chance.org\/shop\/de\",\"logo\":{\"@type\":\"ImageObject\",\"inLanguage\":\"de\",\"@id\":\"https:\/\/maison-chance.org\/shop\/de#\/schema\/logo\/image\/\",\"url\":\"https:\/\/maison-chance.org\/shop\/wp-content\/uploads\/2024\/03\/cropped-Logo_DNXH.png\",\"contentUrl\":\"https:\/\/maison-chance.org\/shop\/wp-content\/uploads\/2024\/03\/cropped-Logo_DNXH.png\",\"width\":512,\"height\":512,\"caption\":\"Nh\u00e0 May M\u1eafn - Maison Chance\"},\"image\":{\"@id\":\"https:\/\/maison-chance.org\/shop\/de#\/schema\/logo\/image\/\"},\"sameAs\":[\"https:\/\/www.facebook.com\/dnxh.nhamayman\/\"]}]}<\/script>\n<meta property=\"product:price:amount\" content=\"5.06\" \/>\n<meta property=\"product:price:currency\" content=\"EUR\" \/>\n<meta property=\"og:availability\" content=\"instock\" \/>\n<meta property=\"product:availability\" content=\"instock\" \/>\n<meta property=\"product:condition\" content=\"new\" \/>\n<!-- \/ Yoast SEO Premium plugin. -->","yoast_head_json":{"title":"Modetasche FBCV04- Brokat-Tasche - Nh\u00e0 May M\u1eafn - Maison Chance","description":"Die FBTH04 Mode-Tasche ist nicht nur ein sch\u00f6nes Produkt, sondern tr\u00e4gt auch eine tiefgreifende humanistische Bedeutung. Dies ist ein Produkt, das von behinderten Menschen bei Maison Chance hergestellt wird.","robots":{"index":"index","follow":"follow","max-snippet":"max-snippet:-1","max-image-preview":"max-image-preview:large","max-video-preview":"max-video-preview:-1"},"canonical":"https:\/\/maison-chance.org\/shop\/de\/produkt\/modetasche-fbcv04","og_locale":"de_DE","og_type":"article","og_title":"Modetasche FBCV04","og_description":"Die FBTH04 Mode-Tasche ist nicht nur ein sch\u00f6nes Produkt, sondern tr\u00e4gt auch eine tiefgreifende humanistische Bedeutung. Dies ist ein Produkt, das von behinderten Menschen bei Maison Chance hergestellt wird.","og_url":"https:\/\/maison-chance.org\/shop\/de\/produkt\/modetasche-fbcv04","og_site_name":"Nh\u00e0 May M\u1eafn - Maison Chance","article_publisher":"https:\/\/www.facebook.com\/dnxh.nhamayman\/","article_modified_time":"2024-11-20T08:59:41+00:00","og_image":[{"width":600,"height":600,"url":"https:\/\/maison-chance.org\/shop\/wp-content\/uploads\/2024\/06\/tui-thoi-trang-fbcv04-1.jpg","type":"image\/jpeg"}],"twitter_card":"summary_large_image","twitter_misc":{"Preis":"&euro;5.06","Verf\u00fcgbarkeit":"Auf Lager"},"schema":{"@context":"https:\/\/schema.org","@graph":[{"@type":"WebPage","@id":"https:\/\/maison-chance.org\/shop\/de\/produkt\/modetasche-fbcv04","url":"https:\/\/maison-chance.org\/shop\/de\/produkt\/modetasche-fbcv04","name":"Modetasche FBCV04- Brokat-Tasche - Nh\u00e0 May M\u1eafn - Maison Chance","isPartOf":{"@id":"https:\/\/maison-chance.org\/shop\/de#website"},"primaryImageOfPage":{"@id":"https:\/\/maison-chance.org\/shop\/de\/produkt\/modetasche-fbcv04#primaryimage"},"image":{"@id":"https:\/\/maison-chance.org\/shop\/de\/produkt\/modetasche-fbcv04#primaryimage"},"thumbnailUrl":"https:\/\/maison-chance.org\/shop\/wp-content\/uploads\/2024\/06\/tui-thoi-trang-fbcv04-1.jpg","datePublished":"2024-06-22T19:51:14+00:00","dateModified":"2024-11-20T08:59:41+00:00","description":"Die FBTH04 Mode-Tasche ist nicht nur ein sch\u00f6nes Produkt, sondern tr\u00e4gt auch eine tiefgreifende humanistische Bedeutung. Dies ist ein Produkt, das von behinderten Menschen bei Maison Chance hergestellt wird.","breadcrumb":{"@id":"https:\/\/maison-chance.org\/shop\/de\/produkt\/modetasche-fbcv04#breadcrumb"},"inLanguage":"de","potentialAction":[{"@type":"ReadAction","target":["https:\/\/maison-chance.org\/shop\/de\/produkt\/modetasche-fbcv04"]}]},{"@type":"ImageObject","inLanguage":"de","@id":"https:\/\/maison-chance.org\/shop\/de\/produkt\/modetasche-fbcv04#primaryimage","url":"https:\/\/maison-chance.org\/shop\/wp-content\/uploads\/2024\/06\/tui-thoi-trang-fbcv04-1.jpg","contentUrl":"https:\/\/maison-chance.org\/shop\/wp-content\/uploads\/2024\/06\/tui-thoi-trang-fbcv04-1.jpg","width":600,"height":600,"caption":"Modetasche FBCV04"},{"@type":"BreadcrumbList","@id":"https:\/\/maison-chance.org\/shop\/de\/produkt\/modetasche-fbcv04#breadcrumb","itemListElement":[{"@type":"ListItem","position":1,"name":"Trang ch\u1ee7","item":"https:\/\/maison-chance.org\/shop\/de"},{"@type":"ListItem","position":2,"name":"Shop","item":"https:\/\/maison-chance.org\/shop\/shop"},{"@type":"ListItem","position":3,"name":"Modetasche FBCV04"}]},{"@type":"WebSite","@id":"https:\/\/maison-chance.org\/shop\/de#website","url":"https:\/\/maison-chance.org\/shop\/de","name":"Nh\u00e0 May M\u1eafn - Maison Chance","description":"M\u1ecdi l\u1ee3i nhu\u1eadn thu v\u1ec1 t\u1eeb vi\u1ec7c b\u00e1n h\u00e0ng s\u1ebd tr\u00edch m\u1ed9t ph\u1ea7n \u0111\u1ec3 ch\u0103m lo cho \u0111\u1eddi s\u1ed1ng c\u00e1c b\u1ea1n khuy\u1ebft t\u1eadt v\u00e0 tr\u1ebb m\u1ed3 c\u00f4i \u1edf \u0111\u00e2y","publisher":{"@id":"https:\/\/maison-chance.org\/shop\/de#organization"},"potentialAction":[{"@type":"SearchAction","target":{"@type":"EntryPoint","urlTemplate":"https:\/\/maison-chance.org\/shop\/de?s={search_term_string}"},"query-input":{"@type":"PropertyValueSpecification","valueRequired":true,"valueName":"search_term_string"}}],"inLanguage":"de"},{"@type":"Organization","@id":"https:\/\/maison-chance.org\/shop\/de#organization","name":"Nh\u00e0 May M\u1eafn - Maison Chance","url":"https:\/\/maison-chance.org\/shop\/de","logo":{"@type":"ImageObject","inLanguage":"de","@id":"https:\/\/maison-chance.org\/shop\/de#\/schema\/logo\/image\/","url":"https:\/\/maison-chance.org\/shop\/wp-content\/uploads\/2024\/03\/cropped-Logo_DNXH.png","contentUrl":"https:\/\/maison-chance.org\/shop\/wp-content\/uploads\/2024\/03\/cropped-Logo_DNXH.png","width":512,"height":512,"caption":"Nh\u00e0 May M\u1eafn - Maison Chance"},"image":{"@id":"https:\/\/maison-chance.org\/shop\/de#\/schema\/logo\/image\/"},"sameAs":["https:\/\/www.facebook.com\/dnxh.nhamayman\/"]}]},"product_price_amount":"5.06","product_price_currency":"EUR","og_availability":"instock","product_availability":"instock","product_condition":"new"},"_links":{"self":[{"href":"https:\/\/maison-chance.org\/shop\/de\/wp-json\/wp\/v2\/product\/40037","targetHints":{"allow":["GET"]}}],"collection":[{"href":"https:\/\/maison-chance.org\/shop\/de\/wp-json\/wp\/v2\/product"}],"about":[{"href":"https:\/\/maison-chance.org\/shop\/de\/wp-json\/wp\/v2\/types\/product"}],"wp:featuredmedia":[{"embeddable":true,"href":"https:\/\/maison-chance.org\/shop\/de\/wp-json\/wp\/v2\/media\/40024"}],"wp:attachment":[{"href":"https:\/\/maison-chance.org\/shop\/de\/wp-json\/wp\/v2\/media?parent=40037"}],"wp:term":[{"taxonomy":"product_brand","embeddable":true,"href":"https:\/\/maison-chance.org\/shop\/de\/wp-json\/wp\/v2\/product_brand?post=40037"},{"taxonomy":"product_cat","embeddable":true,"href":"https:\/\/maison-chance.org\/shop\/de\/wp-json\/wp\/v2\/product_cat?post=40037"},{"taxonomy":"product_tag","embeddable":true,"href":"https:\/\/maison-chance.org\/shop\/de\/wp-json\/wp\/v2\/product_tag?post=40037"}],"curies":[{"name":"wp","href":"https:\/\/api.w.org\/{rel}","templated":true}]}}