{"id":40053,"date":"2024-06-23T11:37:05","date_gmt":"2024-06-23T04:37:05","guid":{"rendered":"https:\/\/maison-chance.org\/shop\/san-pham\/modetasche-fbtc02"},"modified":"2024-11-20T16:05:01","modified_gmt":"2024-11-20T09:05:01","slug":"modetasche-fbtc02","status":"publish","type":"product","link":"https:\/\/maison-chance.org\/shop\/de\/produkt\/modetasche-fbtc02","title":{"rendered":"Modetasche FBTC02"},"content":{"rendered":"<p style=\"text-align: justify;\">Die Modetasche FB02 ist ein wunderbares Produkt mit einzigartigen und raffinierten Eigenschaften, gefertigt von den geschickten H\u00e4nden behinderter Schneider bei Maison Chance. Mit Ma\u00dfen von 30 x 40 cm hat die Tasche eine rechteckige Form mit klaren Winkeln und Linien. Gefertigt aus hochwertigem Brokatstoff ist die Tasche nicht nur langlebig, sondern bringt auch Frische und Mode f\u00fcr ihre Benutzer.<\/p>\n<p style=\"text-align: justify;\">Die FB02-Tasche hat zwei stabile Griffe, die das Tragen oder Schultern erleichtern. Das ger\u00e4umige Hauptfach mit weichem Stoffutter sch\u00fctzt Ihre Habseligkeiten, zusammen mit einem robusten Rei\u00dfverschluss f\u00fcr Sicherheit w\u00e4hrend der Nutzung. Bemerkenswert ist auch die kleine Vordertasche, praktisch f\u00fcr kleine Gegenst\u00e4nde wie Telefone und Geldb\u00f6rsen.<\/p>\n<p style=\"text-align: justify;\">Mit optimalem Design und flexibler Funktionalit\u00e4t eignet sich die FB02-Tasche f\u00fcr verschiedene Situationen. Sie k\u00f6nnen sie f\u00fcr die Arbeit, Schule oder Ausfl\u00fcge mit Freunden nutzen. Die Tasche ist ger\u00e4umig genug f\u00fcr B\u00fccher, Laptops, Kleidung und andere Notwendigkeiten. Dar\u00fcber hinaus helfen die vielf\u00e4ltigen Muster und Farben des Brokatstoffs, verschiedene Modestile leicht zu kombinieren, von elegant bis pers\u00f6nlich.<\/p>\n<p><strong>Warum sollten Sie dieses Produkt kaufen?<\/strong><\/p>\n<p style=\"text-align: justify;\">&#8211; Qualit\u00e4t: Die FB02-Tasche ist aus hochwertigem Brokatstoff gefertigt, langlebig und nie unmodern. Die N\u00e4hte sind fein und stabil, garantieren Langlebigkeit und Haltbarkeit.<\/p>\n<p style=\"text-align: justify;\">&#8211; Design: Das Design der Tasche ist schlicht, aber modisch und charakteristisch. Vielf\u00e4ltige Muster und Farben lassen sich leicht mit verschiedenen Modestilen kombinieren.<\/p>\n<p style=\"text-align: justify;\">&#8211; Humanit\u00e4res Produkt: Wenn Sie die FB02-Tasche kaufen, besitzen Sie nicht nur einen sch\u00f6nen Modeartikel, sondern helfen auch, behinderte Menschen in die Gemeinschaft zu integrieren. Das Produkt wird von qualifizierten Handwerkern bei Maison Chance handgefertigt, jeder Stich enth\u00e4lt Hingabe und Sorgfalt.<\/p>\n<p style=\"text-align: justify;\">Der Kauf der FB02-Tasche ist nicht nur eine kluge Wahl f\u00fcr Ihren Modestil, sondern auch eine bedeutungsvolle humanit\u00e4re Aktion. Lassen Sie uns gemeinsam behinderte Menschen unterst\u00fctzen und ihnen M\u00f6glichkeiten zur Integration und zum Beitrag in der Gemeinschaft geben. Bestellen Sie die Modetasche FB02 heute, um ein hochwertiges Produkt zu erhalten und gleichzeitig zu den wohlt\u00e4tigen Zielen von Maison Chance beizutragen.<\/p>\n","protected":false},"excerpt":{"rendered":"<p style=\"text-align: justify;\">Die Produkte werden von weniger gl\u00fccklichen behinderten Personen handgefertigt, und wir hoffen aufrichtig auf Ihre Unterst\u00fctzung.<\/p>\n<p>Material: Brokatstoff<\/p>\n<p>Code: FB02<\/p>\n<p>Ma\u00dfe: 30 \u00d7 40 cm<\/p>\n<p>Hotline: <span style=\"font-size: 20px;\"><strong><span style=\"color: #ff0000;\">0909 06 25 28<\/span><\/strong><\/span><\/p>\n<p style=\"text-align: justify;\">Wenn Sie sich in Vietnam befinden, kontaktieren Sie uns bitte \u00fcber die Hotline oder die Fanpage unseres Unternehmens Lucky House, um den Verkaufspreis in Vietnam zu erfahren.<\/p>\n","protected":false},"featured_media":40044,"template":"","meta":[],"product_brand":[],"product_cat":[247,232],"product_tag":[],"class_list":{"0":"post-40053","1":"product","2":"type-product","3":"status-publish","4":"has-post-thumbnail","6":"product_cat-handtasche-naeherei","7":"product_cat-naeherei","9":"first","10":"instock","11":"shipping-taxable","12":"purchasable","13":"product-type-simple"},"yoast_head":"<!-- This site is optimized with the Yoast SEO Premium plugin v22.7 (Yoast SEO v25.3.1) - https:\/\/yoast.com\/wordpress\/plugins\/seo\/ -->\n<title>Modetasche FBTC02- Bestickte Tasche - Nh\u00e0 May M\u1eafn - Maison Chance<\/title>\n<meta name=\"description\" content=\"Die FB02-Modetasche ist ein wunderbares Produkt, das die einzigartige und anspruchsvolle Handwerkskunst der talentierten behinderten Schneider von Maison Chance verk\u00f6rpert.\" \/>\n<meta name=\"robots\" content=\"index, follow, max-snippet:-1, max-image-preview:large, max-video-preview:-1\" \/>\n<link rel=\"canonical\" href=\"https:\/\/maison-chance.org\/shop\/de\/produkt\/modetasche-fbtc02\" \/>\n<meta property=\"og:locale\" content=\"de_DE\" \/>\n<meta property=\"og:type\" content=\"article\" \/>\n<meta property=\"og:title\" content=\"Modetasche FBTC02\" \/>\n<meta property=\"og:description\" content=\"Die FB02-Modetasche ist ein wunderbares Produkt, das die einzigartige und anspruchsvolle Handwerkskunst der talentierten behinderten Schneider von Maison Chance verk\u00f6rpert.\" \/>\n<meta property=\"og:url\" content=\"https:\/\/maison-chance.org\/shop\/de\/produkt\/modetasche-fbtc02\" \/>\n<meta property=\"og:site_name\" content=\"Nh\u00e0 May M\u1eafn - Maison Chance\" \/>\n<meta property=\"article:publisher\" content=\"https:\/\/www.facebook.com\/dnxh.nhamayman\/\" \/>\n<meta property=\"article:modified_time\" content=\"2024-11-20T09:05:01+00:00\" \/>\n<meta property=\"og:image\" content=\"https:\/\/maison-chance.org\/shop\/wp-content\/uploads\/2024\/06\/tui-thoi-trang-fbtc02-1.jpg\" \/>\n\t<meta property=\"og:image:width\" content=\"600\" \/>\n\t<meta property=\"og:image:height\" content=\"600\" \/>\n\t<meta property=\"og:image:type\" content=\"image\/jpeg\" \/>\n<meta name=\"twitter:card\" content=\"summary_large_image\" \/>\n<meta name=\"twitter:label1\" content=\"Preis\" \/>\n\t<meta name=\"twitter:data1\" content=\"&euro;7.82\" \/>\n\t<meta name=\"twitter:label2\" content=\"Verf\u00fcgbarkeit\" \/>\n\t<meta name=\"twitter:data2\" content=\"Auf Lager\" \/>\n<script type=\"application\/ld+json\" class=\"yoast-schema-graph\">{\"@context\":\"https:\/\/schema.org\",\"@graph\":[{\"@type\":\"WebPage\",\"@id\":\"https:\/\/maison-chance.org\/shop\/de\/produkt\/modetasche-fbtc02\",\"url\":\"https:\/\/maison-chance.org\/shop\/de\/produkt\/modetasche-fbtc02\",\"name\":\"Modetasche FBTC02- Bestickte Tasche - Nh\u00e0 May M\u1eafn - Maison Chance\",\"isPartOf\":{\"@id\":\"https:\/\/maison-chance.org\/shop\/de#website\"},\"primaryImageOfPage\":{\"@id\":\"https:\/\/maison-chance.org\/shop\/de\/produkt\/modetasche-fbtc02#primaryimage\"},\"image\":{\"@id\":\"https:\/\/maison-chance.org\/shop\/de\/produkt\/modetasche-fbtc02#primaryimage\"},\"thumbnailUrl\":\"https:\/\/maison-chance.org\/shop\/wp-content\/uploads\/2024\/06\/tui-thoi-trang-fbtc02-1.jpg\",\"datePublished\":\"2024-06-23T04:37:05+00:00\",\"dateModified\":\"2024-11-20T09:05:01+00:00\",\"description\":\"Die FB02-Modetasche ist ein wunderbares Produkt, das die einzigartige und anspruchsvolle Handwerkskunst der talentierten behinderten Schneider von Maison Chance verk\u00f6rpert.\",\"breadcrumb\":{\"@id\":\"https:\/\/maison-chance.org\/shop\/de\/produkt\/modetasche-fbtc02#breadcrumb\"},\"inLanguage\":\"de\",\"potentialAction\":[{\"@type\":\"ReadAction\",\"target\":[\"https:\/\/maison-chance.org\/shop\/de\/produkt\/modetasche-fbtc02\"]}]},{\"@type\":\"ImageObject\",\"inLanguage\":\"de\",\"@id\":\"https:\/\/maison-chance.org\/shop\/de\/produkt\/modetasche-fbtc02#primaryimage\",\"url\":\"https:\/\/maison-chance.org\/shop\/wp-content\/uploads\/2024\/06\/tui-thoi-trang-fbtc02-1.jpg\",\"contentUrl\":\"https:\/\/maison-chance.org\/shop\/wp-content\/uploads\/2024\/06\/tui-thoi-trang-fbtc02-1.jpg\",\"width\":600,\"height\":600,\"caption\":\"Modetasche FBTC02\"},{\"@type\":\"BreadcrumbList\",\"@id\":\"https:\/\/maison-chance.org\/shop\/de\/produkt\/modetasche-fbtc02#breadcrumb\",\"itemListElement\":[{\"@type\":\"ListItem\",\"position\":1,\"name\":\"Trang ch\u1ee7\",\"item\":\"https:\/\/maison-chance.org\/shop\/de\"},{\"@type\":\"ListItem\",\"position\":2,\"name\":\"Shop\",\"item\":\"https:\/\/maison-chance.org\/shop\/shop\"},{\"@type\":\"ListItem\",\"position\":3,\"name\":\"Modetasche FBTC02\"}]},{\"@type\":\"WebSite\",\"@id\":\"https:\/\/maison-chance.org\/shop\/de#website\",\"url\":\"https:\/\/maison-chance.org\/shop\/de\",\"name\":\"Nh\u00e0 May M\u1eafn - Maison Chance\",\"description\":\"M\u1ecdi l\u1ee3i nhu\u1eadn thu v\u1ec1 t\u1eeb vi\u1ec7c b\u00e1n h\u00e0ng s\u1ebd tr\u00edch m\u1ed9t ph\u1ea7n \u0111\u1ec3 ch\u0103m lo cho \u0111\u1eddi s\u1ed1ng c\u00e1c b\u1ea1n khuy\u1ebft t\u1eadt v\u00e0 tr\u1ebb m\u1ed3 c\u00f4i \u1edf \u0111\u00e2y\",\"publisher\":{\"@id\":\"https:\/\/maison-chance.org\/shop\/de#organization\"},\"potentialAction\":[{\"@type\":\"SearchAction\",\"target\":{\"@type\":\"EntryPoint\",\"urlTemplate\":\"https:\/\/maison-chance.org\/shop\/de?s={search_term_string}\"},\"query-input\":{\"@type\":\"PropertyValueSpecification\",\"valueRequired\":true,\"valueName\":\"search_term_string\"}}],\"inLanguage\":\"de\"},{\"@type\":\"Organization\",\"@id\":\"https:\/\/maison-chance.org\/shop\/de#organization\",\"name\":\"Nh\u00e0 May M\u1eafn - Maison Chance\",\"url\":\"https:\/\/maison-chance.org\/shop\/de\",\"logo\":{\"@type\":\"ImageObject\",\"inLanguage\":\"de\",\"@id\":\"https:\/\/maison-chance.org\/shop\/de#\/schema\/logo\/image\/\",\"url\":\"https:\/\/maison-chance.org\/shop\/wp-content\/uploads\/2024\/03\/cropped-Logo_DNXH.png\",\"contentUrl\":\"https:\/\/maison-chance.org\/shop\/wp-content\/uploads\/2024\/03\/cropped-Logo_DNXH.png\",\"width\":512,\"height\":512,\"caption\":\"Nh\u00e0 May M\u1eafn - Maison Chance\"},\"image\":{\"@id\":\"https:\/\/maison-chance.org\/shop\/de#\/schema\/logo\/image\/\"},\"sameAs\":[\"https:\/\/www.facebook.com\/dnxh.nhamayman\/\"]}]}<\/script>\n<meta property=\"product:price:amount\" content=\"7.82\" \/>\n<meta property=\"product:price:currency\" content=\"EUR\" \/>\n<meta property=\"og:availability\" content=\"instock\" \/>\n<meta property=\"product:availability\" content=\"instock\" \/>\n<meta property=\"product:condition\" content=\"new\" \/>\n<!-- \/ Yoast SEO Premium plugin. -->","yoast_head_json":{"title":"Modetasche FBTC02- Bestickte Tasche - Nh\u00e0 May M\u1eafn - Maison Chance","description":"Die FB02-Modetasche ist ein wunderbares Produkt, das die einzigartige und anspruchsvolle Handwerkskunst der talentierten behinderten Schneider von Maison Chance verk\u00f6rpert.","robots":{"index":"index","follow":"follow","max-snippet":"max-snippet:-1","max-image-preview":"max-image-preview:large","max-video-preview":"max-video-preview:-1"},"canonical":"https:\/\/maison-chance.org\/shop\/de\/produkt\/modetasche-fbtc02","og_locale":"de_DE","og_type":"article","og_title":"Modetasche FBTC02","og_description":"Die FB02-Modetasche ist ein wunderbares Produkt, das die einzigartige und anspruchsvolle Handwerkskunst der talentierten behinderten Schneider von Maison Chance verk\u00f6rpert.","og_url":"https:\/\/maison-chance.org\/shop\/de\/produkt\/modetasche-fbtc02","og_site_name":"Nh\u00e0 May M\u1eafn - Maison Chance","article_publisher":"https:\/\/www.facebook.com\/dnxh.nhamayman\/","article_modified_time":"2024-11-20T09:05:01+00:00","og_image":[{"width":600,"height":600,"url":"https:\/\/maison-chance.org\/shop\/wp-content\/uploads\/2024\/06\/tui-thoi-trang-fbtc02-1.jpg","type":"image\/jpeg"}],"twitter_card":"summary_large_image","twitter_misc":{"Preis":"&euro;7.82","Verf\u00fcgbarkeit":"Auf Lager"},"schema":{"@context":"https:\/\/schema.org","@graph":[{"@type":"WebPage","@id":"https:\/\/maison-chance.org\/shop\/de\/produkt\/modetasche-fbtc02","url":"https:\/\/maison-chance.org\/shop\/de\/produkt\/modetasche-fbtc02","name":"Modetasche FBTC02- Bestickte Tasche - Nh\u00e0 May M\u1eafn - Maison Chance","isPartOf":{"@id":"https:\/\/maison-chance.org\/shop\/de#website"},"primaryImageOfPage":{"@id":"https:\/\/maison-chance.org\/shop\/de\/produkt\/modetasche-fbtc02#primaryimage"},"image":{"@id":"https:\/\/maison-chance.org\/shop\/de\/produkt\/modetasche-fbtc02#primaryimage"},"thumbnailUrl":"https:\/\/maison-chance.org\/shop\/wp-content\/uploads\/2024\/06\/tui-thoi-trang-fbtc02-1.jpg","datePublished":"2024-06-23T04:37:05+00:00","dateModified":"2024-11-20T09:05:01+00:00","description":"Die FB02-Modetasche ist ein wunderbares Produkt, das die einzigartige und anspruchsvolle Handwerkskunst der talentierten behinderten Schneider von Maison Chance verk\u00f6rpert.","breadcrumb":{"@id":"https:\/\/maison-chance.org\/shop\/de\/produkt\/modetasche-fbtc02#breadcrumb"},"inLanguage":"de","potentialAction":[{"@type":"ReadAction","target":["https:\/\/maison-chance.org\/shop\/de\/produkt\/modetasche-fbtc02"]}]},{"@type":"ImageObject","inLanguage":"de","@id":"https:\/\/maison-chance.org\/shop\/de\/produkt\/modetasche-fbtc02#primaryimage","url":"https:\/\/maison-chance.org\/shop\/wp-content\/uploads\/2024\/06\/tui-thoi-trang-fbtc02-1.jpg","contentUrl":"https:\/\/maison-chance.org\/shop\/wp-content\/uploads\/2024\/06\/tui-thoi-trang-fbtc02-1.jpg","width":600,"height":600,"caption":"Modetasche FBTC02"},{"@type":"BreadcrumbList","@id":"https:\/\/maison-chance.org\/shop\/de\/produkt\/modetasche-fbtc02#breadcrumb","itemListElement":[{"@type":"ListItem","position":1,"name":"Trang ch\u1ee7","item":"https:\/\/maison-chance.org\/shop\/de"},{"@type":"ListItem","position":2,"name":"Shop","item":"https:\/\/maison-chance.org\/shop\/shop"},{"@type":"ListItem","position":3,"name":"Modetasche FBTC02"}]},{"@type":"WebSite","@id":"https:\/\/maison-chance.org\/shop\/de#website","url":"https:\/\/maison-chance.org\/shop\/de","name":"Nh\u00e0 May M\u1eafn - Maison Chance","description":"M\u1ecdi l\u1ee3i nhu\u1eadn thu v\u1ec1 t\u1eeb vi\u1ec7c b\u00e1n h\u00e0ng s\u1ebd tr\u00edch m\u1ed9t ph\u1ea7n \u0111\u1ec3 ch\u0103m lo cho \u0111\u1eddi s\u1ed1ng c\u00e1c b\u1ea1n khuy\u1ebft t\u1eadt v\u00e0 tr\u1ebb m\u1ed3 c\u00f4i \u1edf \u0111\u00e2y","publisher":{"@id":"https:\/\/maison-chance.org\/shop\/de#organization"},"potentialAction":[{"@type":"SearchAction","target":{"@type":"EntryPoint","urlTemplate":"https:\/\/maison-chance.org\/shop\/de?s={search_term_string}"},"query-input":{"@type":"PropertyValueSpecification","valueRequired":true,"valueName":"search_term_string"}}],"inLanguage":"de"},{"@type":"Organization","@id":"https:\/\/maison-chance.org\/shop\/de#organization","name":"Nh\u00e0 May M\u1eafn - Maison Chance","url":"https:\/\/maison-chance.org\/shop\/de","logo":{"@type":"ImageObject","inLanguage":"de","@id":"https:\/\/maison-chance.org\/shop\/de#\/schema\/logo\/image\/","url":"https:\/\/maison-chance.org\/shop\/wp-content\/uploads\/2024\/03\/cropped-Logo_DNXH.png","contentUrl":"https:\/\/maison-chance.org\/shop\/wp-content\/uploads\/2024\/03\/cropped-Logo_DNXH.png","width":512,"height":512,"caption":"Nh\u00e0 May M\u1eafn - Maison Chance"},"image":{"@id":"https:\/\/maison-chance.org\/shop\/de#\/schema\/logo\/image\/"},"sameAs":["https:\/\/www.facebook.com\/dnxh.nhamayman\/"]}]},"product_price_amount":"7.82","product_price_currency":"EUR","og_availability":"instock","product_availability":"instock","product_condition":"new"},"_links":{"self":[{"href":"https:\/\/maison-chance.org\/shop\/de\/wp-json\/wp\/v2\/product\/40053","targetHints":{"allow":["GET"]}}],"collection":[{"href":"https:\/\/maison-chance.org\/shop\/de\/wp-json\/wp\/v2\/product"}],"about":[{"href":"https:\/\/maison-chance.org\/shop\/de\/wp-json\/wp\/v2\/types\/product"}],"wp:featuredmedia":[{"embeddable":true,"href":"https:\/\/maison-chance.org\/shop\/de\/wp-json\/wp\/v2\/media\/40044"}],"wp:attachment":[{"href":"https:\/\/maison-chance.org\/shop\/de\/wp-json\/wp\/v2\/media?parent=40053"}],"wp:term":[{"taxonomy":"product_brand","embeddable":true,"href":"https:\/\/maison-chance.org\/shop\/de\/wp-json\/wp\/v2\/product_brand?post=40053"},{"taxonomy":"product_cat","embeddable":true,"href":"https:\/\/maison-chance.org\/shop\/de\/wp-json\/wp\/v2\/product_cat?post=40053"},{"taxonomy":"product_tag","embeddable":true,"href":"https:\/\/maison-chance.org\/shop\/de\/wp-json\/wp\/v2\/product_tag?post=40053"}],"curies":[{"name":"wp","href":"https:\/\/api.w.org\/{rel}","templated":true}]}}