{"id":40156,"date":"2024-07-03T04:37:49","date_gmt":"2024-07-02T21:37:49","guid":{"rendered":"https:\/\/maison-chance.org\/shop\/san-pham\/klassische-tasche-cbtc01"},"modified":"2024-11-20T16:18:27","modified_gmt":"2024-11-20T09:18:27","slug":"klassische-tasche-cbtc01","status":"publish","type":"product","link":"https:\/\/maison-chance.org\/shop\/de\/produkt\/klassische-tasche-cbtc01","title":{"rendered":"Klassische Tasche CBTC01"},"content":{"rendered":"<p style=\"text-align: justify;\">Klassische Tasche CBTC01 wird aus Brokatstoff gefertigt, einem traditionellen Material, das die kulturelle Identit\u00e4t der ethnischen Gemeinschaft widerspiegelt. Dieses Produkt wird von behinderten Handwerkern von Maison Chance handgefertigt, wobei jede Tasche ein Kunstwerk ist, das die Geschicklichkeit und Hingabe der Handwerker zeigt.<\/p>\n<p style=\"text-align: justify;\">Die CBTC01 Brokattasche ist in verschiedenen Gr\u00f6\u00dfen erh\u00e4ltlich:<\/p>\n<p>Gr\u00f6\u00dfe 1: 14 x 18 cm Gr\u00f6\u00dfe 2: 18 x 22 cm Gr\u00f6\u00dfe 3: 20 x 32 cm Gr\u00f6\u00dfe 4: 34 x 48 cm<\/p>\n<p style=\"text-align: justify;\">Dank der vielf\u00e4ltigen Gr\u00f6\u00dfen k\u00f6nnen Sie problemlos eine Tasche w\u00e4hlen, die Ihren Bed\u00fcrfnissen entspricht:<\/p>\n<p style=\"text-align: justify;\">&#8211; Kompakte und praktische Modelle f\u00fcr Spazierg\u00e4nge oder den Schulbesuch.<\/p>\n<p style=\"text-align: justify;\">&#8211; Gr\u00f6\u00dfere Modelle f\u00fcr die Arbeit oder Reisen.<\/p>\n<p style=\"text-align: justify;\">+ Jede Brokattasche CBTC01 hat ihre eigene einzigartige Sch\u00f6nheit mit einer Vielzahl von raffinierten Mustern, die Tradition und Moderne harmonisch vereinen.<\/p>\n<p style=\"text-align: justify;\">+ Das Produkt ist handgefertigt, mit jeder Naht fest und langlebig verarbeitet.<\/p>\n<p style=\"text-align: justify;\">+ Beim Kauf der CBTC01-Tasche besitzen Sie nicht nur ein sch\u00f6nes Modeaccessoire, sondern tragen auch dazu bei, die Gemeinschaft von Behinderten bei Maison Chance zu unterst\u00fctzen.<\/p>\n<p style=\"text-align: justify;\">Unterst\u00fctzen Sie die Produkte von Maison Chance, indem Sie die CBTC01 Brokattasche kaufen. Sie verbessern nicht nur Ihr eigenes Erscheinungsbild, sondern verbreiten auch bedeutungsvolle humanit\u00e4re Werte. Jedes Produkt, das Sie kaufen, ist eine Quelle der Ermutigung und Motivation f\u00fcr behinderte Handwerker.<\/p>\n","protected":false},"excerpt":{"rendered":"<p style=\"text-align: justify;\">Produkte, die von unseren weniger gl\u00fccklichen behinderten Handwerkern handgefertigt wurden, warten auf Ihre freundliche Unterst\u00fctzung.<\/p>\n<p>Material: Einheimischer Stoff<\/p>\n<p>Code: CBTC01<\/p>\n<p>Gr\u00f6\u00dfe 1: 14 x 18 cm<\/p>\n<p>Gr\u00f6\u00dfe 2: 18 x 22 cm<\/p>\n<p>Gr\u00f6\u00dfe 3: 20 x 32 cm<\/p>\n<p>Gr\u00f6\u00dfe 4: 34 x 48 cm<\/p>\n<p>Hotline: <span style=\"font-size: 20px;\"><strong><span style=\"color: #ff0000;\">0909 06 25 28<\/span><\/strong><\/span><\/p>\n<p style=\"text-align: justify;\">Wenn Sie in Vietnam sind, kontaktieren Sie uns bitte \u00fcber die Hotline oder unsere Unternehmens-Fanpage, um die Preise in Vietnam zu erfragen.<\/p>\n","protected":false},"featured_media":40136,"template":"","meta":[],"product_brand":[],"product_cat":[247,232],"product_tag":[],"class_list":{"0":"post-40156","1":"product","2":"type-product","3":"status-publish","4":"has-post-thumbnail","6":"product_cat-handtasche-naeherei","7":"product_cat-naeherei","9":"first","10":"instock","11":"shipping-taxable","12":"purchasable","13":"product-type-variable"},"yoast_head":"<!-- This site is optimized with the Yoast SEO Premium plugin v22.7 (Yoast SEO v25.3.1) - https:\/\/yoast.com\/wordpress\/plugins\/seo\/ -->\n<title>Klassische Tasche CBTC01 - Bestickte Tasche - Nh\u00e0 May M\u1eafn - Maison Chance<\/title>\n<meta name=\"description\" content=\"Die modische FBJE10 Tasche ist aus Brokatstoff gefertigt, einem traditionellen Material mit reicher ethnischer Kulturidentit\u00e4t, handgefertigt von Menschen mit Behinderungen.\" \/>\n<meta name=\"robots\" content=\"index, follow, max-snippet:-1, max-image-preview:large, max-video-preview:-1\" \/>\n<link rel=\"canonical\" href=\"https:\/\/maison-chance.org\/shop\/de\/produkt\/klassische-tasche-cbtc01\" \/>\n<meta property=\"og:locale\" content=\"de_DE\" \/>\n<meta property=\"og:type\" content=\"article\" \/>\n<meta property=\"og:title\" content=\"Klassische Tasche CBTC01\" \/>\n<meta property=\"og:description\" content=\"Die modische FBJE10 Tasche ist aus Brokatstoff gefertigt, einem traditionellen Material mit reicher ethnischer Kulturidentit\u00e4t, handgefertigt von Menschen mit Behinderungen.\" \/>\n<meta property=\"og:url\" content=\"https:\/\/maison-chance.org\/shop\/de\/produkt\/klassische-tasche-cbtc01\" \/>\n<meta property=\"og:site_name\" content=\"Nh\u00e0 May M\u1eafn - Maison Chance\" \/>\n<meta property=\"article:publisher\" content=\"https:\/\/www.facebook.com\/dnxh.nhamayman\/\" \/>\n<meta property=\"article:modified_time\" content=\"2024-11-20T09:18:27+00:00\" \/>\n<meta property=\"og:image\" content=\"https:\/\/maison-chance.org\/shop\/wp-content\/uploads\/2024\/07\/tui-xach-co-dien-cbtc01-1.jpg\" \/>\n\t<meta property=\"og:image:width\" content=\"600\" \/>\n\t<meta property=\"og:image:height\" content=\"600\" \/>\n\t<meta property=\"og:image:type\" content=\"image\/jpeg\" \/>\n<meta name=\"twitter:card\" content=\"summary_large_image\" \/>\n<meta name=\"twitter:label1\" content=\"Verf\u00fcgbarkeit\" \/>\n\t<meta name=\"twitter:data1\" content=\"Auf Lager\" \/>\n<script type=\"application\/ld+json\" class=\"yoast-schema-graph\">{\"@context\":\"https:\/\/schema.org\",\"@graph\":[{\"@type\":\"WebPage\",\"@id\":\"https:\/\/maison-chance.org\/shop\/de\/produkt\/klassische-tasche-cbtc01\",\"url\":\"https:\/\/maison-chance.org\/shop\/de\/produkt\/klassische-tasche-cbtc01\",\"name\":\"Klassische Tasche CBTC01 - Bestickte Tasche - Nh\u00e0 May M\u1eafn - Maison Chance\",\"isPartOf\":{\"@id\":\"https:\/\/maison-chance.org\/shop\/de#website\"},\"primaryImageOfPage\":{\"@id\":\"https:\/\/maison-chance.org\/shop\/de\/produkt\/klassische-tasche-cbtc01#primaryimage\"},\"image\":{\"@id\":\"https:\/\/maison-chance.org\/shop\/de\/produkt\/klassische-tasche-cbtc01#primaryimage\"},\"thumbnailUrl\":\"https:\/\/maison-chance.org\/shop\/wp-content\/uploads\/2024\/07\/tui-xach-co-dien-cbtc01-1.jpg\",\"datePublished\":\"2024-07-02T21:37:49+00:00\",\"dateModified\":\"2024-11-20T09:18:27+00:00\",\"description\":\"Die modische FBJE10 Tasche ist aus Brokatstoff gefertigt, einem traditionellen Material mit reicher ethnischer Kulturidentit\u00e4t, handgefertigt von Menschen mit Behinderungen.\",\"breadcrumb\":{\"@id\":\"https:\/\/maison-chance.org\/shop\/de\/produkt\/klassische-tasche-cbtc01#breadcrumb\"},\"inLanguage\":\"de\",\"potentialAction\":[{\"@type\":\"ReadAction\",\"target\":[\"https:\/\/maison-chance.org\/shop\/de\/produkt\/klassische-tasche-cbtc01\"]}]},{\"@type\":\"ImageObject\",\"inLanguage\":\"de\",\"@id\":\"https:\/\/maison-chance.org\/shop\/de\/produkt\/klassische-tasche-cbtc01#primaryimage\",\"url\":\"https:\/\/maison-chance.org\/shop\/wp-content\/uploads\/2024\/07\/tui-xach-co-dien-cbtc01-1.jpg\",\"contentUrl\":\"https:\/\/maison-chance.org\/shop\/wp-content\/uploads\/2024\/07\/tui-xach-co-dien-cbtc01-1.jpg\",\"width\":600,\"height\":600,\"caption\":\"Klassische Tasche CBTC01\"},{\"@type\":\"BreadcrumbList\",\"@id\":\"https:\/\/maison-chance.org\/shop\/de\/produkt\/klassische-tasche-cbtc01#breadcrumb\",\"itemListElement\":[{\"@type\":\"ListItem\",\"position\":1,\"name\":\"Trang ch\u1ee7\",\"item\":\"https:\/\/maison-chance.org\/shop\/de\"},{\"@type\":\"ListItem\",\"position\":2,\"name\":\"Shop\",\"item\":\"https:\/\/maison-chance.org\/shop\/shop\"},{\"@type\":\"ListItem\",\"position\":3,\"name\":\"Klassische Tasche CBTC01\"}]},{\"@type\":\"WebSite\",\"@id\":\"https:\/\/maison-chance.org\/shop\/de#website\",\"url\":\"https:\/\/maison-chance.org\/shop\/de\",\"name\":\"Nh\u00e0 May M\u1eafn - Maison Chance\",\"description\":\"M\u1ecdi l\u1ee3i nhu\u1eadn thu v\u1ec1 t\u1eeb vi\u1ec7c b\u00e1n h\u00e0ng s\u1ebd tr\u00edch m\u1ed9t ph\u1ea7n \u0111\u1ec3 ch\u0103m lo cho \u0111\u1eddi s\u1ed1ng c\u00e1c b\u1ea1n khuy\u1ebft t\u1eadt v\u00e0 tr\u1ebb m\u1ed3 c\u00f4i \u1edf \u0111\u00e2y\",\"publisher\":{\"@id\":\"https:\/\/maison-chance.org\/shop\/de#organization\"},\"potentialAction\":[{\"@type\":\"SearchAction\",\"target\":{\"@type\":\"EntryPoint\",\"urlTemplate\":\"https:\/\/maison-chance.org\/shop\/de?s={search_term_string}\"},\"query-input\":{\"@type\":\"PropertyValueSpecification\",\"valueRequired\":true,\"valueName\":\"search_term_string\"}}],\"inLanguage\":\"de\"},{\"@type\":\"Organization\",\"@id\":\"https:\/\/maison-chance.org\/shop\/de#organization\",\"name\":\"Nh\u00e0 May M\u1eafn - Maison Chance\",\"url\":\"https:\/\/maison-chance.org\/shop\/de\",\"logo\":{\"@type\":\"ImageObject\",\"inLanguage\":\"de\",\"@id\":\"https:\/\/maison-chance.org\/shop\/de#\/schema\/logo\/image\/\",\"url\":\"https:\/\/maison-chance.org\/shop\/wp-content\/uploads\/2024\/03\/cropped-Logo_DNXH.png\",\"contentUrl\":\"https:\/\/maison-chance.org\/shop\/wp-content\/uploads\/2024\/03\/cropped-Logo_DNXH.png\",\"width\":512,\"height\":512,\"caption\":\"Nh\u00e0 May M\u1eafn - Maison Chance\"},\"image\":{\"@id\":\"https:\/\/maison-chance.org\/shop\/de#\/schema\/logo\/image\/\"},\"sameAs\":[\"https:\/\/www.facebook.com\/dnxh.nhamayman\/\"]}]}<\/script>\n<meta property=\"og:availability\" content=\"instock\" \/>\n<meta property=\"product:availability\" content=\"instock\" \/>\n<meta property=\"product:condition\" content=\"new\" \/>\n<!-- \/ Yoast SEO Premium plugin. -->","yoast_head_json":{"title":"Klassische Tasche CBTC01 - Bestickte Tasche - Nh\u00e0 May M\u1eafn - Maison Chance","description":"Die modische FBJE10 Tasche ist aus Brokatstoff gefertigt, einem traditionellen Material mit reicher ethnischer Kulturidentit\u00e4t, handgefertigt von Menschen mit Behinderungen.","robots":{"index":"index","follow":"follow","max-snippet":"max-snippet:-1","max-image-preview":"max-image-preview:large","max-video-preview":"max-video-preview:-1"},"canonical":"https:\/\/maison-chance.org\/shop\/de\/produkt\/klassische-tasche-cbtc01","og_locale":"de_DE","og_type":"article","og_title":"Klassische Tasche CBTC01","og_description":"Die modische FBJE10 Tasche ist aus Brokatstoff gefertigt, einem traditionellen Material mit reicher ethnischer Kulturidentit\u00e4t, handgefertigt von Menschen mit Behinderungen.","og_url":"https:\/\/maison-chance.org\/shop\/de\/produkt\/klassische-tasche-cbtc01","og_site_name":"Nh\u00e0 May M\u1eafn - Maison Chance","article_publisher":"https:\/\/www.facebook.com\/dnxh.nhamayman\/","article_modified_time":"2024-11-20T09:18:27+00:00","og_image":[{"width":600,"height":600,"url":"https:\/\/maison-chance.org\/shop\/wp-content\/uploads\/2024\/07\/tui-xach-co-dien-cbtc01-1.jpg","type":"image\/jpeg"}],"twitter_card":"summary_large_image","twitter_misc":{"Verf\u00fcgbarkeit":"Auf Lager"},"schema":{"@context":"https:\/\/schema.org","@graph":[{"@type":"WebPage","@id":"https:\/\/maison-chance.org\/shop\/de\/produkt\/klassische-tasche-cbtc01","url":"https:\/\/maison-chance.org\/shop\/de\/produkt\/klassische-tasche-cbtc01","name":"Klassische Tasche CBTC01 - Bestickte Tasche - Nh\u00e0 May M\u1eafn - Maison Chance","isPartOf":{"@id":"https:\/\/maison-chance.org\/shop\/de#website"},"primaryImageOfPage":{"@id":"https:\/\/maison-chance.org\/shop\/de\/produkt\/klassische-tasche-cbtc01#primaryimage"},"image":{"@id":"https:\/\/maison-chance.org\/shop\/de\/produkt\/klassische-tasche-cbtc01#primaryimage"},"thumbnailUrl":"https:\/\/maison-chance.org\/shop\/wp-content\/uploads\/2024\/07\/tui-xach-co-dien-cbtc01-1.jpg","datePublished":"2024-07-02T21:37:49+00:00","dateModified":"2024-11-20T09:18:27+00:00","description":"Die modische FBJE10 Tasche ist aus Brokatstoff gefertigt, einem traditionellen Material mit reicher ethnischer Kulturidentit\u00e4t, handgefertigt von Menschen mit Behinderungen.","breadcrumb":{"@id":"https:\/\/maison-chance.org\/shop\/de\/produkt\/klassische-tasche-cbtc01#breadcrumb"},"inLanguage":"de","potentialAction":[{"@type":"ReadAction","target":["https:\/\/maison-chance.org\/shop\/de\/produkt\/klassische-tasche-cbtc01"]}]},{"@type":"ImageObject","inLanguage":"de","@id":"https:\/\/maison-chance.org\/shop\/de\/produkt\/klassische-tasche-cbtc01#primaryimage","url":"https:\/\/maison-chance.org\/shop\/wp-content\/uploads\/2024\/07\/tui-xach-co-dien-cbtc01-1.jpg","contentUrl":"https:\/\/maison-chance.org\/shop\/wp-content\/uploads\/2024\/07\/tui-xach-co-dien-cbtc01-1.jpg","width":600,"height":600,"caption":"Klassische Tasche CBTC01"},{"@type":"BreadcrumbList","@id":"https:\/\/maison-chance.org\/shop\/de\/produkt\/klassische-tasche-cbtc01#breadcrumb","itemListElement":[{"@type":"ListItem","position":1,"name":"Trang ch\u1ee7","item":"https:\/\/maison-chance.org\/shop\/de"},{"@type":"ListItem","position":2,"name":"Shop","item":"https:\/\/maison-chance.org\/shop\/shop"},{"@type":"ListItem","position":3,"name":"Klassische Tasche CBTC01"}]},{"@type":"WebSite","@id":"https:\/\/maison-chance.org\/shop\/de#website","url":"https:\/\/maison-chance.org\/shop\/de","name":"Nh\u00e0 May M\u1eafn - Maison Chance","description":"M\u1ecdi l\u1ee3i nhu\u1eadn thu v\u1ec1 t\u1eeb vi\u1ec7c b\u00e1n h\u00e0ng s\u1ebd tr\u00edch m\u1ed9t ph\u1ea7n \u0111\u1ec3 ch\u0103m lo cho \u0111\u1eddi s\u1ed1ng c\u00e1c b\u1ea1n khuy\u1ebft t\u1eadt v\u00e0 tr\u1ebb m\u1ed3 c\u00f4i \u1edf \u0111\u00e2y","publisher":{"@id":"https:\/\/maison-chance.org\/shop\/de#organization"},"potentialAction":[{"@type":"SearchAction","target":{"@type":"EntryPoint","urlTemplate":"https:\/\/maison-chance.org\/shop\/de?s={search_term_string}"},"query-input":{"@type":"PropertyValueSpecification","valueRequired":true,"valueName":"search_term_string"}}],"inLanguage":"de"},{"@type":"Organization","@id":"https:\/\/maison-chance.org\/shop\/de#organization","name":"Nh\u00e0 May M\u1eafn - Maison Chance","url":"https:\/\/maison-chance.org\/shop\/de","logo":{"@type":"ImageObject","inLanguage":"de","@id":"https:\/\/maison-chance.org\/shop\/de#\/schema\/logo\/image\/","url":"https:\/\/maison-chance.org\/shop\/wp-content\/uploads\/2024\/03\/cropped-Logo_DNXH.png","contentUrl":"https:\/\/maison-chance.org\/shop\/wp-content\/uploads\/2024\/03\/cropped-Logo_DNXH.png","width":512,"height":512,"caption":"Nh\u00e0 May M\u1eafn - Maison Chance"},"image":{"@id":"https:\/\/maison-chance.org\/shop\/de#\/schema\/logo\/image\/"},"sameAs":["https:\/\/www.facebook.com\/dnxh.nhamayman\/"]}]},"og_availability":"instock","product_availability":"instock","product_condition":"new"},"_links":{"self":[{"href":"https:\/\/maison-chance.org\/shop\/de\/wp-json\/wp\/v2\/product\/40156","targetHints":{"allow":["GET"]}}],"collection":[{"href":"https:\/\/maison-chance.org\/shop\/de\/wp-json\/wp\/v2\/product"}],"about":[{"href":"https:\/\/maison-chance.org\/shop\/de\/wp-json\/wp\/v2\/types\/product"}],"wp:featuredmedia":[{"embeddable":true,"href":"https:\/\/maison-chance.org\/shop\/de\/wp-json\/wp\/v2\/media\/40136"}],"wp:attachment":[{"href":"https:\/\/maison-chance.org\/shop\/de\/wp-json\/wp\/v2\/media?parent=40156"}],"wp:term":[{"taxonomy":"product_brand","embeddable":true,"href":"https:\/\/maison-chance.org\/shop\/de\/wp-json\/wp\/v2\/product_brand?post=40156"},{"taxonomy":"product_cat","embeddable":true,"href":"https:\/\/maison-chance.org\/shop\/de\/wp-json\/wp\/v2\/product_cat?post=40156"},{"taxonomy":"product_tag","embeddable":true,"href":"https:\/\/maison-chance.org\/shop\/de\/wp-json\/wp\/v2\/product_tag?post=40156"}],"curies":[{"name":"wp","href":"https:\/\/api.w.org\/{rel}","templated":true}]}}