{"id":40213,"date":"2024-07-04T02:11:45","date_gmt":"2024-07-03T19:11:45","guid":{"rendered":"https:\/\/maison-chance.org\/shop\/san-pham\/schuelerrucksack"},"modified":"2024-11-08T10:06:54","modified_gmt":"2024-11-08T03:06:54","slug":"schuelerrucksack","status":"publish","type":"product","link":"https:\/\/maison-chance.org\/shop\/de\/produkt\/schuelerrucksack","title":{"rendered":"Sch\u00fclerrucksack"},"content":{"rendered":"<p style=\"text-align: justify;\">Der Schulrucksack TC04BL von Maison Chance &#8211; ein exquisites handgefertigtes Produkt mit starker vietnamesischer Identit\u00e4t wird die perfekte Wahl f\u00fcr Sie sein!<\/p>\n<p style=\"text-align: justify;\">Der Schulrucksack wird sorgf\u00e4ltig von behinderten Schneidern bei Maison Chance handgefertigt, die jeder Linie und jedem Muster Leben eingehaucht haben und den Rucksack mit Brokatstoff in ein einzigartiges Kunstwerk verwandeln. Die Kombination aus Kakistoff und traditionellem vietnamesischem Brokat mit hoher Haltbarkeit und charakteristischen Mustern tr\u00e4gt zur einzigartigen Sch\u00f6nheit des Produkts bei. Jeder Stich wird sorgf\u00e4ltig gen\u00e4ht und spiegelt die Hingabe und Leidenschaft der behinderten Schneider wider.<\/p>\n<p style=\"text-align: justify;\">Passende Gr\u00f6\u00dfe, vielseitige Verwendung:<\/p>\n<p style=\"text-align: justify;\">Mit Abmessungen von 33 x 34 cm ist der TC04BL ein idealer Begleiter f\u00fcr Grund- und Mittelsch\u00fcler. Der Rucksack verf\u00fcgt \u00fcber ger\u00e4umige F\u00e4cher, die es den Sch\u00fclern erm\u00f6glichen, B\u00fccher, Schulmaterial und viele andere notwendige Gegenst\u00e4nde problemlos zu transportieren. Dieser Rucksack hat auch viele kleine Innenf\u00e4cher, damit die Sch\u00fcler ihre Sachen ordentlich und effizient organisieren k\u00f6nnen.<\/p>\n<p style=\"text-align: justify;\">Der Schulrucksack TC04BL kann f\u00fcr verschiedene Zwecke verwendet werden, darunter:<\/p>\n<p style=\"text-align: justify;\">&#8211; Schule: Der Rucksack hat eine passende Gr\u00f6\u00dfe f\u00fcr Grund- und Mittelsch\u00fcler, sodass Kinder B\u00fccher und Schulmaterial bequem transportieren k\u00f6nnen.<\/p>\n<p style=\"text-align: justify;\">&#8211; Freizeit: Der Rucksack hat ein dynamisches, jugendliches Design, geeignet f\u00fcr Ausfl\u00fcge der Kinder, au\u00dferschulische Aktivit\u00e4ten und kurze Reisen. Bietet maximalen Komfort.<\/p>\n<p style=\"text-align: justify;\">Wenn Sie den Schulrucksack TC04BL kaufen, besitzen Sie nicht nur ein einzigartiges, hochwertiges Produkt, sondern tragen auch dazu bei, Liebe zu verbreiten und die Gemeinschaft der Menschen mit Behinderungen zu unterst\u00fctzen.<\/p>\n<p style=\"text-align: justify;\">Lassen Sie uns gemeinsam mit <a href=\"https:\/\/maison-chance.org\/shop\">Maison Chance<\/a> Liebe verbreiten und einen Unterschied machen!<\/p>\n","protected":false},"excerpt":{"rendered":"<p style=\"text-align: justify;\">Dieses Produkt wird von unseren weniger gl\u00fccklichen behinderten Freunden handgefertigt. Wir bitten freundlich um Ihre Unterst\u00fctzung.<\/p>\n<p>Material: Leinen + Brokat<\/p>\n<p>Code: TC04BL<\/p>\n<p>Abmessungen: 33 x 34 cm<\/p>\n<p>Hotline: <span style=\"font-size: 20px;\"><strong><span style=\"color: #ff0000;\">0909 06 25 28<\/span><\/strong><\/span><\/p>\n<p style=\"text-align: justify;\">Wenn Sie sich in Vietnam befinden, kontaktieren Sie uns bitte \u00fcber unsere Hotline oder die Fanpage des Lucky House Unternehmens, um den Preis in Vietnam zu erfahren.<\/p>\n","protected":false},"featured_media":40203,"template":"","meta":[],"product_brand":[],"product_cat":[232,235],"product_tag":[],"class_list":{"0":"post-40213","1":"product","2":"type-product","3":"status-publish","4":"has-post-thumbnail","6":"product_cat-naeherei","7":"product_cat-rucksack-naeherei","9":"first","10":"instock","11":"shipping-taxable","12":"purchasable","13":"product-type-simple"},"yoast_head":"<!-- This site is optimized with the Yoast SEO Premium plugin v22.7 (Yoast SEO v25.3.1) - https:\/\/yoast.com\/wordpress\/plugins\/seo\/ -->\n<title>Sch\u00fclerrucksack - Nh\u00e0 May M\u1eafn - Maison Chance<\/title>\n<meta name=\"description\" content=\"Der Sch\u00fclerrucksack TC04BL vom Gl\u00fcckshaus, ein von Menschen mit Behinderungen handgefertigtes Produkt, sorgf\u00e4ltig hergestellt und mit einer starken vietnamesischen Identit\u00e4t, wird die perfekte Wahl f\u00fcr Sie sein\" \/>\n<meta name=\"robots\" content=\"index, follow, max-snippet:-1, max-image-preview:large, max-video-preview:-1\" \/>\n<link rel=\"canonical\" href=\"https:\/\/maison-chance.org\/shop\/de\/produkt\/schuelerrucksack\" \/>\n<meta property=\"og:locale\" content=\"de_DE\" \/>\n<meta property=\"og:type\" content=\"article\" \/>\n<meta property=\"og:title\" content=\"Sch\u00fclerrucksack\" \/>\n<meta property=\"og:description\" content=\"Der Sch\u00fclerrucksack TC04BL vom Gl\u00fcckshaus, ein von Menschen mit Behinderungen handgefertigtes Produkt, sorgf\u00e4ltig hergestellt und mit einer starken vietnamesischen Identit\u00e4t, wird die perfekte Wahl f\u00fcr Sie sein\" \/>\n<meta property=\"og:url\" content=\"https:\/\/maison-chance.org\/shop\/de\/produkt\/schuelerrucksack\" \/>\n<meta property=\"og:site_name\" content=\"Nh\u00e0 May M\u1eafn - Maison Chance\" \/>\n<meta property=\"article:publisher\" content=\"https:\/\/www.facebook.com\/dnxh.nhamayman\/\" \/>\n<meta property=\"article:modified_time\" content=\"2024-11-08T03:06:54+00:00\" \/>\n<meta property=\"og:image\" content=\"https:\/\/maison-chance.org\/shop\/wp-content\/uploads\/2024\/07\/ba-lo-hoc-sinh-1.jpg\" \/>\n\t<meta property=\"og:image:width\" content=\"600\" \/>\n\t<meta property=\"og:image:height\" content=\"600\" \/>\n\t<meta property=\"og:image:type\" content=\"image\/jpeg\" \/>\n<meta name=\"twitter:card\" content=\"summary_large_image\" \/>\n<meta name=\"twitter:label1\" content=\"Preis\" \/>\n\t<meta name=\"twitter:data1\" content=\"&euro;6.44\" \/>\n\t<meta name=\"twitter:label2\" content=\"Verf\u00fcgbarkeit\" \/>\n\t<meta name=\"twitter:data2\" content=\"Auf Lager\" \/>\n<script type=\"application\/ld+json\" class=\"yoast-schema-graph\">{\"@context\":\"https:\/\/schema.org\",\"@graph\":[{\"@type\":\"WebPage\",\"@id\":\"https:\/\/maison-chance.org\/shop\/de\/produkt\/schuelerrucksack\",\"url\":\"https:\/\/maison-chance.org\/shop\/de\/produkt\/schuelerrucksack\",\"name\":\"Sch\u00fclerrucksack - Nh\u00e0 May M\u1eafn - Maison Chance\",\"isPartOf\":{\"@id\":\"https:\/\/maison-chance.org\/shop\/de#website\"},\"primaryImageOfPage\":{\"@id\":\"https:\/\/maison-chance.org\/shop\/de\/produkt\/schuelerrucksack#primaryimage\"},\"image\":{\"@id\":\"https:\/\/maison-chance.org\/shop\/de\/produkt\/schuelerrucksack#primaryimage\"},\"thumbnailUrl\":\"https:\/\/maison-chance.org\/shop\/wp-content\/uploads\/2024\/07\/ba-lo-hoc-sinh-1.jpg\",\"datePublished\":\"2024-07-03T19:11:45+00:00\",\"dateModified\":\"2024-11-08T03:06:54+00:00\",\"description\":\"Der Sch\u00fclerrucksack TC04BL vom Gl\u00fcckshaus, ein von Menschen mit Behinderungen handgefertigtes Produkt, sorgf\u00e4ltig hergestellt und mit einer starken vietnamesischen Identit\u00e4t, wird die perfekte Wahl f\u00fcr Sie sein\",\"breadcrumb\":{\"@id\":\"https:\/\/maison-chance.org\/shop\/de\/produkt\/schuelerrucksack#breadcrumb\"},\"inLanguage\":\"de\",\"potentialAction\":[{\"@type\":\"ReadAction\",\"target\":[\"https:\/\/maison-chance.org\/shop\/de\/produkt\/schuelerrucksack\"]}]},{\"@type\":\"ImageObject\",\"inLanguage\":\"de\",\"@id\":\"https:\/\/maison-chance.org\/shop\/de\/produkt\/schuelerrucksack#primaryimage\",\"url\":\"https:\/\/maison-chance.org\/shop\/wp-content\/uploads\/2024\/07\/ba-lo-hoc-sinh-1.jpg\",\"contentUrl\":\"https:\/\/maison-chance.org\/shop\/wp-content\/uploads\/2024\/07\/ba-lo-hoc-sinh-1.jpg\",\"width\":600,\"height\":600,\"caption\":\"Sch\u00fclerrucksack\"},{\"@type\":\"BreadcrumbList\",\"@id\":\"https:\/\/maison-chance.org\/shop\/de\/produkt\/schuelerrucksack#breadcrumb\",\"itemListElement\":[{\"@type\":\"ListItem\",\"position\":1,\"name\":\"Trang ch\u1ee7\",\"item\":\"https:\/\/maison-chance.org\/shop\/de\"},{\"@type\":\"ListItem\",\"position\":2,\"name\":\"Shop\",\"item\":\"https:\/\/maison-chance.org\/shop\/shop\"},{\"@type\":\"ListItem\",\"position\":3,\"name\":\"Sch\u00fclerrucksack\"}]},{\"@type\":\"WebSite\",\"@id\":\"https:\/\/maison-chance.org\/shop\/de#website\",\"url\":\"https:\/\/maison-chance.org\/shop\/de\",\"name\":\"Nh\u00e0 May M\u1eafn - Maison Chance\",\"description\":\"M\u1ecdi l\u1ee3i nhu\u1eadn thu v\u1ec1 t\u1eeb vi\u1ec7c b\u00e1n h\u00e0ng s\u1ebd tr\u00edch m\u1ed9t ph\u1ea7n \u0111\u1ec3 ch\u0103m lo cho \u0111\u1eddi s\u1ed1ng c\u00e1c b\u1ea1n khuy\u1ebft t\u1eadt v\u00e0 tr\u1ebb m\u1ed3 c\u00f4i \u1edf \u0111\u00e2y\",\"publisher\":{\"@id\":\"https:\/\/maison-chance.org\/shop\/de#organization\"},\"potentialAction\":[{\"@type\":\"SearchAction\",\"target\":{\"@type\":\"EntryPoint\",\"urlTemplate\":\"https:\/\/maison-chance.org\/shop\/de?s={search_term_string}\"},\"query-input\":{\"@type\":\"PropertyValueSpecification\",\"valueRequired\":true,\"valueName\":\"search_term_string\"}}],\"inLanguage\":\"de\"},{\"@type\":\"Organization\",\"@id\":\"https:\/\/maison-chance.org\/shop\/de#organization\",\"name\":\"Nh\u00e0 May M\u1eafn - Maison Chance\",\"url\":\"https:\/\/maison-chance.org\/shop\/de\",\"logo\":{\"@type\":\"ImageObject\",\"inLanguage\":\"de\",\"@id\":\"https:\/\/maison-chance.org\/shop\/de#\/schema\/logo\/image\/\",\"url\":\"https:\/\/maison-chance.org\/shop\/wp-content\/uploads\/2024\/03\/cropped-Logo_DNXH.png\",\"contentUrl\":\"https:\/\/maison-chance.org\/shop\/wp-content\/uploads\/2024\/03\/cropped-Logo_DNXH.png\",\"width\":512,\"height\":512,\"caption\":\"Nh\u00e0 May M\u1eafn - Maison Chance\"},\"image\":{\"@id\":\"https:\/\/maison-chance.org\/shop\/de#\/schema\/logo\/image\/\"},\"sameAs\":[\"https:\/\/www.facebook.com\/dnxh.nhamayman\/\"]}]}<\/script>\n<meta property=\"product:price:amount\" content=\"6.44\" \/>\n<meta property=\"product:price:currency\" content=\"EUR\" \/>\n<meta property=\"og:availability\" content=\"instock\" \/>\n<meta property=\"product:availability\" content=\"instock\" \/>\n<meta property=\"product:condition\" content=\"new\" \/>\n<!-- \/ Yoast SEO Premium plugin. -->","yoast_head_json":{"title":"Sch\u00fclerrucksack - Nh\u00e0 May M\u1eafn - Maison Chance","description":"Der Sch\u00fclerrucksack TC04BL vom Gl\u00fcckshaus, ein von Menschen mit Behinderungen handgefertigtes Produkt, sorgf\u00e4ltig hergestellt und mit einer starken vietnamesischen Identit\u00e4t, wird die perfekte Wahl f\u00fcr Sie sein","robots":{"index":"index","follow":"follow","max-snippet":"max-snippet:-1","max-image-preview":"max-image-preview:large","max-video-preview":"max-video-preview:-1"},"canonical":"https:\/\/maison-chance.org\/shop\/de\/produkt\/schuelerrucksack","og_locale":"de_DE","og_type":"article","og_title":"Sch\u00fclerrucksack","og_description":"Der Sch\u00fclerrucksack TC04BL vom Gl\u00fcckshaus, ein von Menschen mit Behinderungen handgefertigtes Produkt, sorgf\u00e4ltig hergestellt und mit einer starken vietnamesischen Identit\u00e4t, wird die perfekte Wahl f\u00fcr Sie sein","og_url":"https:\/\/maison-chance.org\/shop\/de\/produkt\/schuelerrucksack","og_site_name":"Nh\u00e0 May M\u1eafn - Maison Chance","article_publisher":"https:\/\/www.facebook.com\/dnxh.nhamayman\/","article_modified_time":"2024-11-08T03:06:54+00:00","og_image":[{"width":600,"height":600,"url":"https:\/\/maison-chance.org\/shop\/wp-content\/uploads\/2024\/07\/ba-lo-hoc-sinh-1.jpg","type":"image\/jpeg"}],"twitter_card":"summary_large_image","twitter_misc":{"Preis":"&euro;6.44","Verf\u00fcgbarkeit":"Auf Lager"},"schema":{"@context":"https:\/\/schema.org","@graph":[{"@type":"WebPage","@id":"https:\/\/maison-chance.org\/shop\/de\/produkt\/schuelerrucksack","url":"https:\/\/maison-chance.org\/shop\/de\/produkt\/schuelerrucksack","name":"Sch\u00fclerrucksack - Nh\u00e0 May M\u1eafn - Maison Chance","isPartOf":{"@id":"https:\/\/maison-chance.org\/shop\/de#website"},"primaryImageOfPage":{"@id":"https:\/\/maison-chance.org\/shop\/de\/produkt\/schuelerrucksack#primaryimage"},"image":{"@id":"https:\/\/maison-chance.org\/shop\/de\/produkt\/schuelerrucksack#primaryimage"},"thumbnailUrl":"https:\/\/maison-chance.org\/shop\/wp-content\/uploads\/2024\/07\/ba-lo-hoc-sinh-1.jpg","datePublished":"2024-07-03T19:11:45+00:00","dateModified":"2024-11-08T03:06:54+00:00","description":"Der Sch\u00fclerrucksack TC04BL vom Gl\u00fcckshaus, ein von Menschen mit Behinderungen handgefertigtes Produkt, sorgf\u00e4ltig hergestellt und mit einer starken vietnamesischen Identit\u00e4t, wird die perfekte Wahl f\u00fcr Sie sein","breadcrumb":{"@id":"https:\/\/maison-chance.org\/shop\/de\/produkt\/schuelerrucksack#breadcrumb"},"inLanguage":"de","potentialAction":[{"@type":"ReadAction","target":["https:\/\/maison-chance.org\/shop\/de\/produkt\/schuelerrucksack"]}]},{"@type":"ImageObject","inLanguage":"de","@id":"https:\/\/maison-chance.org\/shop\/de\/produkt\/schuelerrucksack#primaryimage","url":"https:\/\/maison-chance.org\/shop\/wp-content\/uploads\/2024\/07\/ba-lo-hoc-sinh-1.jpg","contentUrl":"https:\/\/maison-chance.org\/shop\/wp-content\/uploads\/2024\/07\/ba-lo-hoc-sinh-1.jpg","width":600,"height":600,"caption":"Sch\u00fclerrucksack"},{"@type":"BreadcrumbList","@id":"https:\/\/maison-chance.org\/shop\/de\/produkt\/schuelerrucksack#breadcrumb","itemListElement":[{"@type":"ListItem","position":1,"name":"Trang ch\u1ee7","item":"https:\/\/maison-chance.org\/shop\/de"},{"@type":"ListItem","position":2,"name":"Shop","item":"https:\/\/maison-chance.org\/shop\/shop"},{"@type":"ListItem","position":3,"name":"Sch\u00fclerrucksack"}]},{"@type":"WebSite","@id":"https:\/\/maison-chance.org\/shop\/de#website","url":"https:\/\/maison-chance.org\/shop\/de","name":"Nh\u00e0 May M\u1eafn - Maison Chance","description":"M\u1ecdi l\u1ee3i nhu\u1eadn thu v\u1ec1 t\u1eeb vi\u1ec7c b\u00e1n h\u00e0ng s\u1ebd tr\u00edch m\u1ed9t ph\u1ea7n \u0111\u1ec3 ch\u0103m lo cho \u0111\u1eddi s\u1ed1ng c\u00e1c b\u1ea1n khuy\u1ebft t\u1eadt v\u00e0 tr\u1ebb m\u1ed3 c\u00f4i \u1edf \u0111\u00e2y","publisher":{"@id":"https:\/\/maison-chance.org\/shop\/de#organization"},"potentialAction":[{"@type":"SearchAction","target":{"@type":"EntryPoint","urlTemplate":"https:\/\/maison-chance.org\/shop\/de?s={search_term_string}"},"query-input":{"@type":"PropertyValueSpecification","valueRequired":true,"valueName":"search_term_string"}}],"inLanguage":"de"},{"@type":"Organization","@id":"https:\/\/maison-chance.org\/shop\/de#organization","name":"Nh\u00e0 May M\u1eafn - Maison Chance","url":"https:\/\/maison-chance.org\/shop\/de","logo":{"@type":"ImageObject","inLanguage":"de","@id":"https:\/\/maison-chance.org\/shop\/de#\/schema\/logo\/image\/","url":"https:\/\/maison-chance.org\/shop\/wp-content\/uploads\/2024\/03\/cropped-Logo_DNXH.png","contentUrl":"https:\/\/maison-chance.org\/shop\/wp-content\/uploads\/2024\/03\/cropped-Logo_DNXH.png","width":512,"height":512,"caption":"Nh\u00e0 May M\u1eafn - Maison Chance"},"image":{"@id":"https:\/\/maison-chance.org\/shop\/de#\/schema\/logo\/image\/"},"sameAs":["https:\/\/www.facebook.com\/dnxh.nhamayman\/"]}]},"product_price_amount":"6.44","product_price_currency":"EUR","og_availability":"instock","product_availability":"instock","product_condition":"new"},"_links":{"self":[{"href":"https:\/\/maison-chance.org\/shop\/de\/wp-json\/wp\/v2\/product\/40213","targetHints":{"allow":["GET"]}}],"collection":[{"href":"https:\/\/maison-chance.org\/shop\/de\/wp-json\/wp\/v2\/product"}],"about":[{"href":"https:\/\/maison-chance.org\/shop\/de\/wp-json\/wp\/v2\/types\/product"}],"wp:featuredmedia":[{"embeddable":true,"href":"https:\/\/maison-chance.org\/shop\/de\/wp-json\/wp\/v2\/media\/40203"}],"wp:attachment":[{"href":"https:\/\/maison-chance.org\/shop\/de\/wp-json\/wp\/v2\/media?parent=40213"}],"wp:term":[{"taxonomy":"product_brand","embeddable":true,"href":"https:\/\/maison-chance.org\/shop\/de\/wp-json\/wp\/v2\/product_brand?post=40213"},{"taxonomy":"product_cat","embeddable":true,"href":"https:\/\/maison-chance.org\/shop\/de\/wp-json\/wp\/v2\/product_cat?post=40213"},{"taxonomy":"product_tag","embeddable":true,"href":"https:\/\/maison-chance.org\/shop\/de\/wp-json\/wp\/v2\/product_tag?post=40213"}],"curies":[{"name":"wp","href":"https:\/\/api.w.org\/{rel}","templated":true}]}}