{"id":40222,"date":"2024-07-04T02:54:27","date_gmt":"2024-07-03T19:54:27","guid":{"rendered":"https:\/\/maison-chance.org\/shop\/san-pham\/pinguin-rucksack"},"modified":"2024-11-08T10:01:49","modified_gmt":"2024-11-08T03:01:49","slug":"pinguin-rucksack","status":"publish","type":"product","link":"https:\/\/maison-chance.org\/shop\/de\/produkt\/pinguin-rucksack","title":{"rendered":"Pinguin-Rucksack"},"content":{"rendered":"<p style=\"text-align: justify;\">Im heutigen digitalen Zeitalter ist der Bedarf nach einem Rucksack, der sowohl qualitativ hochwertig und praktisch ist als auch den pers\u00f6nlichen Stil widerspiegelt, f\u00fcr jeden essentiell. Der Pinguin-Rucksack von Maison Chance wurde geschaffen, um diese Kriterien zu erf\u00fcllen und gleichzeitig eine tiefgr\u00fcndige humanit\u00e4re Botschaft \u00fcber F\u00fcrsorge, Teilen und Unterst\u00fctzung von Menschen mit Behinderungen zu vermitteln &#8211; jene, die Herausforderungen \u00fcberwunden haben, um qualitativ hochwertige und langlebige Produkte herzustellen.<\/p>\n<p style=\"text-align: justify;\">Der Pinguin-Rucksack wird von behinderten Handwerkern bei Maison Chance handgefertigt. Jede Naht und jeder Stich wird sorgf\u00e4ltig ausgef\u00fchrt und zeigt die Hingabe und grenzenlose Liebe der hiesigen Handwerker.<\/p>\n<p style=\"text-align: justify;\">Der Pinguin-Rucksack ist aus hochwertigem thail\u00e4ndischen Stoff gefertigt, der weich und langlebig ist. Dieses Material ist wasserabweisend und sch\u00fctzt den Inhalt bei allen Wetterbedingungen sicher.<\/p>\n<p style=\"text-align: justify;\">Der Rucksack misst 30 x 45 cm und eignet sich zum Transport von B\u00fcchern, Schulmaterial oder pers\u00f6nlichen Gegenst\u00e4nden f\u00fcr Schule und Ausfl\u00fcge. Das niedliche, quirlige Pinguin-Design kombiniert mit modernen schwarz-wei\u00dfen Farben wird Sie in der Menge hervorstechen lassen.<\/p>\n<p style=\"text-align: justify;\">Der Pinguin-Rucksack ist vern\u00fcnftig bepreist und erschwinglich f\u00fcr viele Verbraucher, insbesondere Studenten.<\/p>\n<p style=\"text-align: justify;\">Der Pinguin-Rucksack ist nicht nur ein gew\u00f6hnlicher Gegenstand, sondern tr\u00e4gt einen tiefgr\u00fcndigen humanit\u00e4ren Wert. Mit dem Besitz dieses Rucksacks haben Sie nicht nur einen sch\u00f6nen Begleiter, sondern tragen auch dazu bei, behinderte Handwerker zu unterst\u00fctzen, damit sie Lern- und Arbeitsm\u00f6glichkeiten haben und sich in die Gemeinschaft integrieren k\u00f6nnen.<\/p>\n<p style=\"text-align: justify;\">Der Pinguin-Rucksack kann f\u00fcr verschiedene Zwecke verwendet werden, wie zum Beispiel:<\/p>\n<p>&#8211; F\u00fcr B\u00fccher und Schulmaterial<\/p>\n<p style=\"text-align: justify;\">&#8211; F\u00fcr pers\u00f6nliche Gegenst\u00e4nde beim Schulbesuch oder Ausfl\u00fcgen<\/p>\n<p style=\"text-align: justify;\">&#8211; Als Geschenk f\u00fcr Kinder und Freunde<\/p>\n<p style=\"text-align: justify;\">&#8211; Als einzigartiger Dekorationsartikel<\/p>\n<p style=\"text-align: justify;\">Unterst\u00fctzen Sie die behinderten Handwerker bei Maison Chance, indem Sie heute einen Pinguin-Rucksack kaufen! Mit jedem verkauften Produkt erh\u00e4lt <a href=\"https:\/\/maison-chance.org\/shop\">Maison Chance<\/a> zus\u00e4tzliche Mittel, um den Betrieb aufrechtzuerhalten und behinderte Handwerker zu unterst\u00fctzen, damit sie ein besseres Leben f\u00fchren k\u00f6nnen.<\/p>\n","protected":false},"excerpt":{"rendered":"<p style=\"text-align: justify;\">Dieses Produkt wird von unseren weniger gl\u00fccklichen behinderten Freunden handgefertigt. Wir bitten freundlich um Ihre Unterst\u00fctzung.<\/p>\n<p>Material: Thail\u00e4ndischer Stoff<\/p>\n<p>Code: TH03BL<\/p>\n<p>Abmessungen: 30 x 45 cm<\/p>\n<p>Hotline: <span style=\"font-size: 20px;\"><strong><span style=\"color: #ff0000;\">0909 06 25 28<\/span><\/strong><\/span><\/p>\n<p style=\"text-align: justify;\">Wenn Sie sich in Vietnam befinden, kontaktieren Sie uns bitte \u00fcber unsere Hotline oder die Fanpage des Lucky House Unternehmens, um den Preis in Vietnam zu erfahren.<\/p>\n","protected":false},"featured_media":40220,"template":"","meta":[],"product_brand":[],"product_cat":[232,235],"product_tag":[],"class_list":{"0":"post-40222","1":"product","2":"type-product","3":"status-publish","4":"has-post-thumbnail","6":"product_cat-naeherei","7":"product_cat-rucksack-naeherei","9":"first","10":"instock","11":"shipping-taxable","12":"purchasable","13":"product-type-simple"},"yoast_head":"<!-- This site is optimized with the Yoast SEO Premium plugin v22.7 (Yoast SEO v25.3.1) - https:\/\/yoast.com\/wordpress\/plugins\/seo\/ -->\n<title>Pinguin-Rucksack - Nh\u00e0 May M\u1eafn - Maison Chance<\/title>\n<meta name=\"description\" content=\"Der Pinguin-Rucksack ist ein Produkt, das von behinderten Handwerkern im Lucky House handgefertigt wird. Jede Naht und jeder Stich wird sorgf\u00e4ltig ausgearbeitet\" \/>\n<meta name=\"robots\" content=\"index, follow, max-snippet:-1, max-image-preview:large, max-video-preview:-1\" \/>\n<link rel=\"canonical\" href=\"https:\/\/maison-chance.org\/shop\/de\/produkt\/pinguin-rucksack\" \/>\n<meta property=\"og:locale\" content=\"de_DE\" \/>\n<meta property=\"og:type\" content=\"article\" \/>\n<meta property=\"og:title\" content=\"Pinguin-Rucksack\" \/>\n<meta property=\"og:description\" content=\"Der Pinguin-Rucksack ist ein Produkt, das von behinderten Handwerkern im Lucky House handgefertigt wird. Jede Naht und jeder Stich wird sorgf\u00e4ltig ausgearbeitet\" \/>\n<meta property=\"og:url\" content=\"https:\/\/maison-chance.org\/shop\/de\/produkt\/pinguin-rucksack\" \/>\n<meta property=\"og:site_name\" content=\"Nh\u00e0 May M\u1eafn - Maison Chance\" \/>\n<meta property=\"article:publisher\" content=\"https:\/\/www.facebook.com\/dnxh.nhamayman\/\" \/>\n<meta property=\"article:modified_time\" content=\"2024-11-08T03:01:49+00:00\" \/>\n<meta property=\"og:image\" content=\"https:\/\/maison-chance.org\/shop\/wp-content\/uploads\/2024\/07\/ba-lo-chim-canh-cut-vai-thai.jpg\" \/>\n\t<meta property=\"og:image:width\" content=\"600\" \/>\n\t<meta property=\"og:image:height\" content=\"600\" \/>\n\t<meta property=\"og:image:type\" content=\"image\/jpeg\" \/>\n<meta name=\"twitter:card\" content=\"summary_large_image\" \/>\n<meta name=\"twitter:label1\" content=\"Preis\" \/>\n\t<meta name=\"twitter:data1\" content=\"&euro;13.62\" \/>\n\t<meta name=\"twitter:label2\" content=\"Verf\u00fcgbarkeit\" \/>\n\t<meta name=\"twitter:data2\" content=\"Auf Lager\" \/>\n<script type=\"application\/ld+json\" class=\"yoast-schema-graph\">{\"@context\":\"https:\/\/schema.org\",\"@graph\":[{\"@type\":\"WebPage\",\"@id\":\"https:\/\/maison-chance.org\/shop\/de\/produkt\/pinguin-rucksack\",\"url\":\"https:\/\/maison-chance.org\/shop\/de\/produkt\/pinguin-rucksack\",\"name\":\"Pinguin-Rucksack - Nh\u00e0 May M\u1eafn - Maison Chance\",\"isPartOf\":{\"@id\":\"https:\/\/maison-chance.org\/shop\/de#website\"},\"primaryImageOfPage\":{\"@id\":\"https:\/\/maison-chance.org\/shop\/de\/produkt\/pinguin-rucksack#primaryimage\"},\"image\":{\"@id\":\"https:\/\/maison-chance.org\/shop\/de\/produkt\/pinguin-rucksack#primaryimage\"},\"thumbnailUrl\":\"https:\/\/maison-chance.org\/shop\/wp-content\/uploads\/2024\/07\/ba-lo-chim-canh-cut-vai-thai.jpg\",\"datePublished\":\"2024-07-03T19:54:27+00:00\",\"dateModified\":\"2024-11-08T03:01:49+00:00\",\"description\":\"Der Pinguin-Rucksack ist ein Produkt, das von behinderten Handwerkern im Lucky House handgefertigt wird. Jede Naht und jeder Stich wird sorgf\u00e4ltig ausgearbeitet\",\"breadcrumb\":{\"@id\":\"https:\/\/maison-chance.org\/shop\/de\/produkt\/pinguin-rucksack#breadcrumb\"},\"inLanguage\":\"de\",\"potentialAction\":[{\"@type\":\"ReadAction\",\"target\":[\"https:\/\/maison-chance.org\/shop\/de\/produkt\/pinguin-rucksack\"]}]},{\"@type\":\"ImageObject\",\"inLanguage\":\"de\",\"@id\":\"https:\/\/maison-chance.org\/shop\/de\/produkt\/pinguin-rucksack#primaryimage\",\"url\":\"https:\/\/maison-chance.org\/shop\/wp-content\/uploads\/2024\/07\/ba-lo-chim-canh-cut-vai-thai.jpg\",\"contentUrl\":\"https:\/\/maison-chance.org\/shop\/wp-content\/uploads\/2024\/07\/ba-lo-chim-canh-cut-vai-thai.jpg\",\"width\":600,\"height\":600,\"caption\":\"Pinguin-Rucksack\"},{\"@type\":\"BreadcrumbList\",\"@id\":\"https:\/\/maison-chance.org\/shop\/de\/produkt\/pinguin-rucksack#breadcrumb\",\"itemListElement\":[{\"@type\":\"ListItem\",\"position\":1,\"name\":\"Trang ch\u1ee7\",\"item\":\"https:\/\/maison-chance.org\/shop\/de\"},{\"@type\":\"ListItem\",\"position\":2,\"name\":\"Shop\",\"item\":\"https:\/\/maison-chance.org\/shop\/shop\"},{\"@type\":\"ListItem\",\"position\":3,\"name\":\"Pinguin-Rucksack\"}]},{\"@type\":\"WebSite\",\"@id\":\"https:\/\/maison-chance.org\/shop\/de#website\",\"url\":\"https:\/\/maison-chance.org\/shop\/de\",\"name\":\"Nh\u00e0 May M\u1eafn - Maison Chance\",\"description\":\"M\u1ecdi l\u1ee3i nhu\u1eadn thu v\u1ec1 t\u1eeb vi\u1ec7c b\u00e1n h\u00e0ng s\u1ebd tr\u00edch m\u1ed9t ph\u1ea7n \u0111\u1ec3 ch\u0103m lo cho \u0111\u1eddi s\u1ed1ng c\u00e1c b\u1ea1n khuy\u1ebft t\u1eadt v\u00e0 tr\u1ebb m\u1ed3 c\u00f4i \u1edf \u0111\u00e2y\",\"publisher\":{\"@id\":\"https:\/\/maison-chance.org\/shop\/de#organization\"},\"potentialAction\":[{\"@type\":\"SearchAction\",\"target\":{\"@type\":\"EntryPoint\",\"urlTemplate\":\"https:\/\/maison-chance.org\/shop\/de?s={search_term_string}\"},\"query-input\":{\"@type\":\"PropertyValueSpecification\",\"valueRequired\":true,\"valueName\":\"search_term_string\"}}],\"inLanguage\":\"de\"},{\"@type\":\"Organization\",\"@id\":\"https:\/\/maison-chance.org\/shop\/de#organization\",\"name\":\"Nh\u00e0 May M\u1eafn - Maison Chance\",\"url\":\"https:\/\/maison-chance.org\/shop\/de\",\"logo\":{\"@type\":\"ImageObject\",\"inLanguage\":\"de\",\"@id\":\"https:\/\/maison-chance.org\/shop\/de#\/schema\/logo\/image\/\",\"url\":\"https:\/\/maison-chance.org\/shop\/wp-content\/uploads\/2024\/03\/cropped-Logo_DNXH.png\",\"contentUrl\":\"https:\/\/maison-chance.org\/shop\/wp-content\/uploads\/2024\/03\/cropped-Logo_DNXH.png\",\"width\":512,\"height\":512,\"caption\":\"Nh\u00e0 May M\u1eafn - Maison Chance\"},\"image\":{\"@id\":\"https:\/\/maison-chance.org\/shop\/de#\/schema\/logo\/image\/\"},\"sameAs\":[\"https:\/\/www.facebook.com\/dnxh.nhamayman\/\"]}]}<\/script>\n<meta property=\"product:price:amount\" content=\"13.62\" \/>\n<meta property=\"product:price:currency\" content=\"EUR\" \/>\n<meta property=\"og:availability\" content=\"instock\" \/>\n<meta property=\"product:availability\" content=\"instock\" \/>\n<meta property=\"product:condition\" content=\"new\" \/>\n<!-- \/ Yoast SEO Premium plugin. -->","yoast_head_json":{"title":"Pinguin-Rucksack - Nh\u00e0 May M\u1eafn - Maison Chance","description":"Der Pinguin-Rucksack ist ein Produkt, das von behinderten Handwerkern im Lucky House handgefertigt wird. Jede Naht und jeder Stich wird sorgf\u00e4ltig ausgearbeitet","robots":{"index":"index","follow":"follow","max-snippet":"max-snippet:-1","max-image-preview":"max-image-preview:large","max-video-preview":"max-video-preview:-1"},"canonical":"https:\/\/maison-chance.org\/shop\/de\/produkt\/pinguin-rucksack","og_locale":"de_DE","og_type":"article","og_title":"Pinguin-Rucksack","og_description":"Der Pinguin-Rucksack ist ein Produkt, das von behinderten Handwerkern im Lucky House handgefertigt wird. Jede Naht und jeder Stich wird sorgf\u00e4ltig ausgearbeitet","og_url":"https:\/\/maison-chance.org\/shop\/de\/produkt\/pinguin-rucksack","og_site_name":"Nh\u00e0 May M\u1eafn - Maison Chance","article_publisher":"https:\/\/www.facebook.com\/dnxh.nhamayman\/","article_modified_time":"2024-11-08T03:01:49+00:00","og_image":[{"width":600,"height":600,"url":"https:\/\/maison-chance.org\/shop\/wp-content\/uploads\/2024\/07\/ba-lo-chim-canh-cut-vai-thai.jpg","type":"image\/jpeg"}],"twitter_card":"summary_large_image","twitter_misc":{"Preis":"&euro;13.62","Verf\u00fcgbarkeit":"Auf Lager"},"schema":{"@context":"https:\/\/schema.org","@graph":[{"@type":"WebPage","@id":"https:\/\/maison-chance.org\/shop\/de\/produkt\/pinguin-rucksack","url":"https:\/\/maison-chance.org\/shop\/de\/produkt\/pinguin-rucksack","name":"Pinguin-Rucksack - Nh\u00e0 May M\u1eafn - Maison Chance","isPartOf":{"@id":"https:\/\/maison-chance.org\/shop\/de#website"},"primaryImageOfPage":{"@id":"https:\/\/maison-chance.org\/shop\/de\/produkt\/pinguin-rucksack#primaryimage"},"image":{"@id":"https:\/\/maison-chance.org\/shop\/de\/produkt\/pinguin-rucksack#primaryimage"},"thumbnailUrl":"https:\/\/maison-chance.org\/shop\/wp-content\/uploads\/2024\/07\/ba-lo-chim-canh-cut-vai-thai.jpg","datePublished":"2024-07-03T19:54:27+00:00","dateModified":"2024-11-08T03:01:49+00:00","description":"Der Pinguin-Rucksack ist ein Produkt, das von behinderten Handwerkern im Lucky House handgefertigt wird. Jede Naht und jeder Stich wird sorgf\u00e4ltig ausgearbeitet","breadcrumb":{"@id":"https:\/\/maison-chance.org\/shop\/de\/produkt\/pinguin-rucksack#breadcrumb"},"inLanguage":"de","potentialAction":[{"@type":"ReadAction","target":["https:\/\/maison-chance.org\/shop\/de\/produkt\/pinguin-rucksack"]}]},{"@type":"ImageObject","inLanguage":"de","@id":"https:\/\/maison-chance.org\/shop\/de\/produkt\/pinguin-rucksack#primaryimage","url":"https:\/\/maison-chance.org\/shop\/wp-content\/uploads\/2024\/07\/ba-lo-chim-canh-cut-vai-thai.jpg","contentUrl":"https:\/\/maison-chance.org\/shop\/wp-content\/uploads\/2024\/07\/ba-lo-chim-canh-cut-vai-thai.jpg","width":600,"height":600,"caption":"Pinguin-Rucksack"},{"@type":"BreadcrumbList","@id":"https:\/\/maison-chance.org\/shop\/de\/produkt\/pinguin-rucksack#breadcrumb","itemListElement":[{"@type":"ListItem","position":1,"name":"Trang ch\u1ee7","item":"https:\/\/maison-chance.org\/shop\/de"},{"@type":"ListItem","position":2,"name":"Shop","item":"https:\/\/maison-chance.org\/shop\/shop"},{"@type":"ListItem","position":3,"name":"Pinguin-Rucksack"}]},{"@type":"WebSite","@id":"https:\/\/maison-chance.org\/shop\/de#website","url":"https:\/\/maison-chance.org\/shop\/de","name":"Nh\u00e0 May M\u1eafn - Maison Chance","description":"M\u1ecdi l\u1ee3i nhu\u1eadn thu v\u1ec1 t\u1eeb vi\u1ec7c b\u00e1n h\u00e0ng s\u1ebd tr\u00edch m\u1ed9t ph\u1ea7n \u0111\u1ec3 ch\u0103m lo cho \u0111\u1eddi s\u1ed1ng c\u00e1c b\u1ea1n khuy\u1ebft t\u1eadt v\u00e0 tr\u1ebb m\u1ed3 c\u00f4i \u1edf \u0111\u00e2y","publisher":{"@id":"https:\/\/maison-chance.org\/shop\/de#organization"},"potentialAction":[{"@type":"SearchAction","target":{"@type":"EntryPoint","urlTemplate":"https:\/\/maison-chance.org\/shop\/de?s={search_term_string}"},"query-input":{"@type":"PropertyValueSpecification","valueRequired":true,"valueName":"search_term_string"}}],"inLanguage":"de"},{"@type":"Organization","@id":"https:\/\/maison-chance.org\/shop\/de#organization","name":"Nh\u00e0 May M\u1eafn - Maison Chance","url":"https:\/\/maison-chance.org\/shop\/de","logo":{"@type":"ImageObject","inLanguage":"de","@id":"https:\/\/maison-chance.org\/shop\/de#\/schema\/logo\/image\/","url":"https:\/\/maison-chance.org\/shop\/wp-content\/uploads\/2024\/03\/cropped-Logo_DNXH.png","contentUrl":"https:\/\/maison-chance.org\/shop\/wp-content\/uploads\/2024\/03\/cropped-Logo_DNXH.png","width":512,"height":512,"caption":"Nh\u00e0 May M\u1eafn - Maison Chance"},"image":{"@id":"https:\/\/maison-chance.org\/shop\/de#\/schema\/logo\/image\/"},"sameAs":["https:\/\/www.facebook.com\/dnxh.nhamayman\/"]}]},"product_price_amount":"13.62","product_price_currency":"EUR","og_availability":"instock","product_availability":"instock","product_condition":"new"},"_links":{"self":[{"href":"https:\/\/maison-chance.org\/shop\/de\/wp-json\/wp\/v2\/product\/40222","targetHints":{"allow":["GET"]}}],"collection":[{"href":"https:\/\/maison-chance.org\/shop\/de\/wp-json\/wp\/v2\/product"}],"about":[{"href":"https:\/\/maison-chance.org\/shop\/de\/wp-json\/wp\/v2\/types\/product"}],"wp:featuredmedia":[{"embeddable":true,"href":"https:\/\/maison-chance.org\/shop\/de\/wp-json\/wp\/v2\/media\/40220"}],"wp:attachment":[{"href":"https:\/\/maison-chance.org\/shop\/de\/wp-json\/wp\/v2\/media?parent=40222"}],"wp:term":[{"taxonomy":"product_brand","embeddable":true,"href":"https:\/\/maison-chance.org\/shop\/de\/wp-json\/wp\/v2\/product_brand?post=40222"},{"taxonomy":"product_cat","embeddable":true,"href":"https:\/\/maison-chance.org\/shop\/de\/wp-json\/wp\/v2\/product_cat?post=40222"},{"taxonomy":"product_tag","embeddable":true,"href":"https:\/\/maison-chance.org\/shop\/de\/wp-json\/wp\/v2\/product_tag?post=40222"}],"curies":[{"name":"wp","href":"https:\/\/api.w.org\/{rel}","templated":true}]}}