{"id":40241,"date":"2024-07-04T03:19:35","date_gmt":"2024-07-03T20:19:35","guid":{"rendered":"https:\/\/maison-chance.org\/shop\/san-pham\/pinguin-rucksack-2"},"modified":"2024-11-13T15:08:53","modified_gmt":"2024-11-13T08:08:53","slug":"pinguin-rucksack-2","status":"publish","type":"product","link":"https:\/\/maison-chance.org\/shop\/de\/produkt\/pinguin-rucksack-2","title":{"rendered":"Pinguin-Rucksack"},"content":{"rendered":"<p style=\"text-align: justify;\">Der Pinguin-Rucksack ist ein fein gearbeitetes, handgefertigtes Produkt, das vollst\u00e4ndig von behinderten Handwerkern bei Maison Chance gen\u00e4ht wurde. Jede Naht wird sorgf\u00e4ltig ausgef\u00fchrt und spiegelt die grenzenlose Hingabe und Liebe wider, die diese Handwerker f\u00fcr ihr Handwerk empfinden.<\/p>\n<p style=\"text-align: justify;\">Der Pinguin-Rucksack besteht aus hochwertigem Brokatstoff, handgewebt aus weichen und langlebigen Woll- und Baumwollfasern. Dieses Material bietet eine hervorragende Wasserbest\u00e4ndigkeit und sch\u00fctzt die darin befindlichen Gegenst\u00e4nde bei jedem Wetter.<\/p>\n<p style=\"text-align: justify;\">Der Rucksack misst 30 x 45 cm und eignet sich ideal zum Tragen von B\u00fcchern, Schulmaterialien oder pers\u00f6nlichen Gegenst\u00e4nden auf dem Weg zur Schule oder bei Ausfl\u00fcgen. Sein verspieltes Pinguin-Design in den modernen Farben Rot und Blau wird Sie in der Menge hervorheben.<\/p>\n<p style=\"text-align: justify;\">Der Pinguin-Rucksack ist zu einem erschwinglichen Preis erh\u00e4ltlich und passt in das Budget vieler Verbraucher, besonders von Sch\u00fclern und Studenten.<\/p>\n<p style=\"text-align: justify;\">Zu einem g\u00fcnstigen Preis ist der Pinguin-Rucksack nicht nur ein praktischer Gegenstand, sondern auch ein Produkt mit tiefem humanit\u00e4rem Wert. Jeder gekaufte Rucksack bietet Ihnen nicht nur ein Qualit\u00e4tsprodukt, sondern tr\u00e4gt auch dazu bei, Bildungs- und Arbeitsm\u00f6glichkeiten f\u00fcr behinderte Handwerker zu schaffen, sodass sie sich in die Gemeinschaft integrieren und dort wachsen k\u00f6nnen.<\/p>\n<p style=\"text-align: justify;\">Der Pinguin-Rucksack kann f\u00fcr verschiedene Zwecke verwendet werden, wie z. B.:<\/p>\n<p style=\"text-align: justify;\">&#8211; Zum Tragen von B\u00fcchern und Schulmaterialien<\/p>\n<p style=\"text-align: justify;\">&#8211; Zum Aufbewahren pers\u00f6nlicher Gegenst\u00e4nde f\u00fcr Schule oder Ausfl\u00fcge<\/p>\n<p style=\"text-align: justify;\">&#8211; Als Geschenk f\u00fcr Kinder oder Freunde<\/p>\n<p style=\"text-align: justify;\">&#8211; Als einzigartiges Dekorationsobjekt<\/p>\n<p style=\"text-align: justify;\">Besorgen Sie sich noch heute den Pinguin-Rucksack, um Ihre Unterst\u00fctzung und Ihr Mitgef\u00fchl f\u00fcr die behinderten Handwerker bei <a href=\"https:\/\/maison-chance.org\/shop\">Maison Chance<\/a> zu zeigen. Jedes Produkt, das Sie kaufen, tr\u00e4gt dazu bei, das Leben unserer talentierten, aber weniger gl\u00fccklichen Handwerker zu ver\u00e4ndern!<\/p>\n","protected":false},"excerpt":{"rendered":"<p style=\"text-align: justify;\">Dieses Produkt wird von unseren weniger gl\u00fccklichen behinderten Freunden handgefertigt. Wir bitten freundlich um Ihre Unterst\u00fctzung.<\/p>\n<p>Material: Brokatstoff<\/p>\n<p>Code: TC02BL<\/p>\n<p>Abmessungen: 30 x 45 cm<\/p>\n<p>Hotline: <span style=\"font-size: 20px;\"><strong><span style=\"color: #ff0000;\">0909 06 25 28<\/span><\/strong><\/span><\/p>\n<p style=\"text-align: justify;\">Wenn Sie sich in Vietnam befinden, kontaktieren Sie uns bitte \u00fcber unsere Hotline oder die Fanpage des Lucky House Unternehmens, um den Preis in Vietnam zu erfahren.<\/p>\n","protected":false},"featured_media":40230,"template":"","meta":[],"product_brand":[],"product_cat":[232,235],"product_tag":[],"class_list":{"0":"post-40241","1":"product","2":"type-product","3":"status-publish","4":"has-post-thumbnail","6":"product_cat-naeherei","7":"product_cat-rucksack-naeherei","9":"first","10":"instock","11":"shipping-taxable","12":"purchasable","13":"product-type-simple"},"yoast_head":"<!-- This site is optimized with the Yoast SEO Premium plugin v22.7 (Yoast SEO v25.3.1) - https:\/\/yoast.com\/wordpress\/plugins\/seo\/ -->\n<title>Pinguin-Rucksack - Nh\u00e0 May M\u1eafn - Maison Chance<\/title>\n<meta name=\"description\" content=\"Der Pinguin-Rucksack ist ein von behinderten Handwerkern im Lucky House handgefertigtes Produkt, misst 30 x 45 cm und eignet sich zum Tragen von B\u00fcchern\" \/>\n<meta name=\"robots\" content=\"index, follow, max-snippet:-1, max-image-preview:large, max-video-preview:-1\" \/>\n<link rel=\"canonical\" href=\"https:\/\/maison-chance.org\/shop\/de\/produkt\/pinguin-rucksack-2\" \/>\n<meta property=\"og:locale\" content=\"de_DE\" \/>\n<meta property=\"og:type\" content=\"article\" \/>\n<meta property=\"og:title\" content=\"Pinguin-Rucksack\" \/>\n<meta property=\"og:description\" content=\"Der Pinguin-Rucksack ist ein von behinderten Handwerkern im Lucky House handgefertigtes Produkt, misst 30 x 45 cm und eignet sich zum Tragen von B\u00fcchern\" \/>\n<meta property=\"og:url\" content=\"https:\/\/maison-chance.org\/shop\/de\/produkt\/pinguin-rucksack-2\" \/>\n<meta property=\"og:site_name\" content=\"Nh\u00e0 May M\u1eafn - Maison Chance\" \/>\n<meta property=\"article:publisher\" content=\"https:\/\/www.facebook.com\/dnxh.nhamayman\/\" \/>\n<meta property=\"article:modified_time\" content=\"2024-11-13T08:08:53+00:00\" \/>\n<meta property=\"og:image\" content=\"https:\/\/maison-chance.org\/shop\/wp-content\/uploads\/2024\/07\/ba-lo-chim-canh-cut-1.jpg\" \/>\n\t<meta property=\"og:image:width\" content=\"600\" \/>\n\t<meta property=\"og:image:height\" content=\"600\" \/>\n\t<meta property=\"og:image:type\" content=\"image\/jpeg\" \/>\n<meta name=\"twitter:card\" content=\"summary_large_image\" \/>\n<meta name=\"twitter:label1\" content=\"Preis\" \/>\n\t<meta name=\"twitter:data1\" content=\"&euro;10.86\" \/>\n\t<meta name=\"twitter:label2\" content=\"Verf\u00fcgbarkeit\" \/>\n\t<meta name=\"twitter:data2\" content=\"Auf Lager\" \/>\n<script type=\"application\/ld+json\" class=\"yoast-schema-graph\">{\"@context\":\"https:\/\/schema.org\",\"@graph\":[{\"@type\":\"WebPage\",\"@id\":\"https:\/\/maison-chance.org\/shop\/de\/produkt\/pinguin-rucksack-2\",\"url\":\"https:\/\/maison-chance.org\/shop\/de\/produkt\/pinguin-rucksack-2\",\"name\":\"Pinguin-Rucksack - Nh\u00e0 May M\u1eafn - Maison Chance\",\"isPartOf\":{\"@id\":\"https:\/\/maison-chance.org\/shop\/de#website\"},\"primaryImageOfPage\":{\"@id\":\"https:\/\/maison-chance.org\/shop\/de\/produkt\/pinguin-rucksack-2#primaryimage\"},\"image\":{\"@id\":\"https:\/\/maison-chance.org\/shop\/de\/produkt\/pinguin-rucksack-2#primaryimage\"},\"thumbnailUrl\":\"https:\/\/maison-chance.org\/shop\/wp-content\/uploads\/2024\/07\/ba-lo-chim-canh-cut-1.jpg\",\"datePublished\":\"2024-07-03T20:19:35+00:00\",\"dateModified\":\"2024-11-13T08:08:53+00:00\",\"description\":\"Der Pinguin-Rucksack ist ein von behinderten Handwerkern im Lucky House handgefertigtes Produkt, misst 30 x 45 cm und eignet sich zum Tragen von B\u00fcchern\",\"breadcrumb\":{\"@id\":\"https:\/\/maison-chance.org\/shop\/de\/produkt\/pinguin-rucksack-2#breadcrumb\"},\"inLanguage\":\"de\",\"potentialAction\":[{\"@type\":\"ReadAction\",\"target\":[\"https:\/\/maison-chance.org\/shop\/de\/produkt\/pinguin-rucksack-2\"]}]},{\"@type\":\"ImageObject\",\"inLanguage\":\"de\",\"@id\":\"https:\/\/maison-chance.org\/shop\/de\/produkt\/pinguin-rucksack-2#primaryimage\",\"url\":\"https:\/\/maison-chance.org\/shop\/wp-content\/uploads\/2024\/07\/ba-lo-chim-canh-cut-1.jpg\",\"contentUrl\":\"https:\/\/maison-chance.org\/shop\/wp-content\/uploads\/2024\/07\/ba-lo-chim-canh-cut-1.jpg\",\"width\":600,\"height\":600,\"caption\":\"Pinguin-Rucksack\"},{\"@type\":\"BreadcrumbList\",\"@id\":\"https:\/\/maison-chance.org\/shop\/de\/produkt\/pinguin-rucksack-2#breadcrumb\",\"itemListElement\":[{\"@type\":\"ListItem\",\"position\":1,\"name\":\"Trang ch\u1ee7\",\"item\":\"https:\/\/maison-chance.org\/shop\/de\"},{\"@type\":\"ListItem\",\"position\":2,\"name\":\"Shop\",\"item\":\"https:\/\/maison-chance.org\/shop\/shop\"},{\"@type\":\"ListItem\",\"position\":3,\"name\":\"Pinguin-Rucksack\"}]},{\"@type\":\"WebSite\",\"@id\":\"https:\/\/maison-chance.org\/shop\/de#website\",\"url\":\"https:\/\/maison-chance.org\/shop\/de\",\"name\":\"Nh\u00e0 May M\u1eafn - Maison Chance\",\"description\":\"M\u1ecdi l\u1ee3i nhu\u1eadn thu v\u1ec1 t\u1eeb vi\u1ec7c b\u00e1n h\u00e0ng s\u1ebd tr\u00edch m\u1ed9t ph\u1ea7n \u0111\u1ec3 ch\u0103m lo cho \u0111\u1eddi s\u1ed1ng c\u00e1c b\u1ea1n khuy\u1ebft t\u1eadt v\u00e0 tr\u1ebb m\u1ed3 c\u00f4i \u1edf \u0111\u00e2y\",\"publisher\":{\"@id\":\"https:\/\/maison-chance.org\/shop\/de#organization\"},\"potentialAction\":[{\"@type\":\"SearchAction\",\"target\":{\"@type\":\"EntryPoint\",\"urlTemplate\":\"https:\/\/maison-chance.org\/shop\/de?s={search_term_string}\"},\"query-input\":{\"@type\":\"PropertyValueSpecification\",\"valueRequired\":true,\"valueName\":\"search_term_string\"}}],\"inLanguage\":\"de\"},{\"@type\":\"Organization\",\"@id\":\"https:\/\/maison-chance.org\/shop\/de#organization\",\"name\":\"Nh\u00e0 May M\u1eafn - Maison Chance\",\"url\":\"https:\/\/maison-chance.org\/shop\/de\",\"logo\":{\"@type\":\"ImageObject\",\"inLanguage\":\"de\",\"@id\":\"https:\/\/maison-chance.org\/shop\/de#\/schema\/logo\/image\/\",\"url\":\"https:\/\/maison-chance.org\/shop\/wp-content\/uploads\/2024\/03\/cropped-Logo_DNXH.png\",\"contentUrl\":\"https:\/\/maison-chance.org\/shop\/wp-content\/uploads\/2024\/03\/cropped-Logo_DNXH.png\",\"width\":512,\"height\":512,\"caption\":\"Nh\u00e0 May M\u1eafn - Maison Chance\"},\"image\":{\"@id\":\"https:\/\/maison-chance.org\/shop\/de#\/schema\/logo\/image\/\"},\"sameAs\":[\"https:\/\/www.facebook.com\/dnxh.nhamayman\/\"]}]}<\/script>\n<meta property=\"product:price:amount\" content=\"10.86\" \/>\n<meta property=\"product:price:currency\" content=\"EUR\" \/>\n<meta property=\"og:availability\" content=\"instock\" \/>\n<meta property=\"product:availability\" content=\"instock\" \/>\n<meta property=\"product:condition\" content=\"new\" \/>\n<!-- \/ Yoast SEO Premium plugin. -->","yoast_head_json":{"title":"Pinguin-Rucksack - Nh\u00e0 May M\u1eafn - Maison Chance","description":"Der Pinguin-Rucksack ist ein von behinderten Handwerkern im Lucky House handgefertigtes Produkt, misst 30 x 45 cm und eignet sich zum Tragen von B\u00fcchern","robots":{"index":"index","follow":"follow","max-snippet":"max-snippet:-1","max-image-preview":"max-image-preview:large","max-video-preview":"max-video-preview:-1"},"canonical":"https:\/\/maison-chance.org\/shop\/de\/produkt\/pinguin-rucksack-2","og_locale":"de_DE","og_type":"article","og_title":"Pinguin-Rucksack","og_description":"Der Pinguin-Rucksack ist ein von behinderten Handwerkern im Lucky House handgefertigtes Produkt, misst 30 x 45 cm und eignet sich zum Tragen von B\u00fcchern","og_url":"https:\/\/maison-chance.org\/shop\/de\/produkt\/pinguin-rucksack-2","og_site_name":"Nh\u00e0 May M\u1eafn - Maison Chance","article_publisher":"https:\/\/www.facebook.com\/dnxh.nhamayman\/","article_modified_time":"2024-11-13T08:08:53+00:00","og_image":[{"width":600,"height":600,"url":"https:\/\/maison-chance.org\/shop\/wp-content\/uploads\/2024\/07\/ba-lo-chim-canh-cut-1.jpg","type":"image\/jpeg"}],"twitter_card":"summary_large_image","twitter_misc":{"Preis":"&euro;10.86","Verf\u00fcgbarkeit":"Auf Lager"},"schema":{"@context":"https:\/\/schema.org","@graph":[{"@type":"WebPage","@id":"https:\/\/maison-chance.org\/shop\/de\/produkt\/pinguin-rucksack-2","url":"https:\/\/maison-chance.org\/shop\/de\/produkt\/pinguin-rucksack-2","name":"Pinguin-Rucksack - Nh\u00e0 May M\u1eafn - Maison Chance","isPartOf":{"@id":"https:\/\/maison-chance.org\/shop\/de#website"},"primaryImageOfPage":{"@id":"https:\/\/maison-chance.org\/shop\/de\/produkt\/pinguin-rucksack-2#primaryimage"},"image":{"@id":"https:\/\/maison-chance.org\/shop\/de\/produkt\/pinguin-rucksack-2#primaryimage"},"thumbnailUrl":"https:\/\/maison-chance.org\/shop\/wp-content\/uploads\/2024\/07\/ba-lo-chim-canh-cut-1.jpg","datePublished":"2024-07-03T20:19:35+00:00","dateModified":"2024-11-13T08:08:53+00:00","description":"Der Pinguin-Rucksack ist ein von behinderten Handwerkern im Lucky House handgefertigtes Produkt, misst 30 x 45 cm und eignet sich zum Tragen von B\u00fcchern","breadcrumb":{"@id":"https:\/\/maison-chance.org\/shop\/de\/produkt\/pinguin-rucksack-2#breadcrumb"},"inLanguage":"de","potentialAction":[{"@type":"ReadAction","target":["https:\/\/maison-chance.org\/shop\/de\/produkt\/pinguin-rucksack-2"]}]},{"@type":"ImageObject","inLanguage":"de","@id":"https:\/\/maison-chance.org\/shop\/de\/produkt\/pinguin-rucksack-2#primaryimage","url":"https:\/\/maison-chance.org\/shop\/wp-content\/uploads\/2024\/07\/ba-lo-chim-canh-cut-1.jpg","contentUrl":"https:\/\/maison-chance.org\/shop\/wp-content\/uploads\/2024\/07\/ba-lo-chim-canh-cut-1.jpg","width":600,"height":600,"caption":"Pinguin-Rucksack"},{"@type":"BreadcrumbList","@id":"https:\/\/maison-chance.org\/shop\/de\/produkt\/pinguin-rucksack-2#breadcrumb","itemListElement":[{"@type":"ListItem","position":1,"name":"Trang ch\u1ee7","item":"https:\/\/maison-chance.org\/shop\/de"},{"@type":"ListItem","position":2,"name":"Shop","item":"https:\/\/maison-chance.org\/shop\/shop"},{"@type":"ListItem","position":3,"name":"Pinguin-Rucksack"}]},{"@type":"WebSite","@id":"https:\/\/maison-chance.org\/shop\/de#website","url":"https:\/\/maison-chance.org\/shop\/de","name":"Nh\u00e0 May M\u1eafn - Maison Chance","description":"M\u1ecdi l\u1ee3i nhu\u1eadn thu v\u1ec1 t\u1eeb vi\u1ec7c b\u00e1n h\u00e0ng s\u1ebd tr\u00edch m\u1ed9t ph\u1ea7n \u0111\u1ec3 ch\u0103m lo cho \u0111\u1eddi s\u1ed1ng c\u00e1c b\u1ea1n khuy\u1ebft t\u1eadt v\u00e0 tr\u1ebb m\u1ed3 c\u00f4i \u1edf \u0111\u00e2y","publisher":{"@id":"https:\/\/maison-chance.org\/shop\/de#organization"},"potentialAction":[{"@type":"SearchAction","target":{"@type":"EntryPoint","urlTemplate":"https:\/\/maison-chance.org\/shop\/de?s={search_term_string}"},"query-input":{"@type":"PropertyValueSpecification","valueRequired":true,"valueName":"search_term_string"}}],"inLanguage":"de"},{"@type":"Organization","@id":"https:\/\/maison-chance.org\/shop\/de#organization","name":"Nh\u00e0 May M\u1eafn - Maison Chance","url":"https:\/\/maison-chance.org\/shop\/de","logo":{"@type":"ImageObject","inLanguage":"de","@id":"https:\/\/maison-chance.org\/shop\/de#\/schema\/logo\/image\/","url":"https:\/\/maison-chance.org\/shop\/wp-content\/uploads\/2024\/03\/cropped-Logo_DNXH.png","contentUrl":"https:\/\/maison-chance.org\/shop\/wp-content\/uploads\/2024\/03\/cropped-Logo_DNXH.png","width":512,"height":512,"caption":"Nh\u00e0 May M\u1eafn - Maison Chance"},"image":{"@id":"https:\/\/maison-chance.org\/shop\/de#\/schema\/logo\/image\/"},"sameAs":["https:\/\/www.facebook.com\/dnxh.nhamayman\/"]}]},"product_price_amount":"10.86","product_price_currency":"EUR","og_availability":"instock","product_availability":"instock","product_condition":"new"},"_links":{"self":[{"href":"https:\/\/maison-chance.org\/shop\/de\/wp-json\/wp\/v2\/product\/40241","targetHints":{"allow":["GET"]}}],"collection":[{"href":"https:\/\/maison-chance.org\/shop\/de\/wp-json\/wp\/v2\/product"}],"about":[{"href":"https:\/\/maison-chance.org\/shop\/de\/wp-json\/wp\/v2\/types\/product"}],"wp:featuredmedia":[{"embeddable":true,"href":"https:\/\/maison-chance.org\/shop\/de\/wp-json\/wp\/v2\/media\/40230"}],"wp:attachment":[{"href":"https:\/\/maison-chance.org\/shop\/de\/wp-json\/wp\/v2\/media?parent=40241"}],"wp:term":[{"taxonomy":"product_brand","embeddable":true,"href":"https:\/\/maison-chance.org\/shop\/de\/wp-json\/wp\/v2\/product_brand?post=40241"},{"taxonomy":"product_cat","embeddable":true,"href":"https:\/\/maison-chance.org\/shop\/de\/wp-json\/wp\/v2\/product_cat?post=40241"},{"taxonomy":"product_tag","embeddable":true,"href":"https:\/\/maison-chance.org\/shop\/de\/wp-json\/wp\/v2\/product_tag?post=40241"}],"curies":[{"name":"wp","href":"https:\/\/api.w.org\/{rel}","templated":true}]}}