{"id":40268,"date":"2024-07-04T04:15:42","date_gmt":"2024-07-03T21:15:42","guid":{"rendered":"https:\/\/maison-chance.org\/shop\/san-pham\/krabben-rucksack"},"modified":"2024-11-13T14:57:42","modified_gmt":"2024-11-13T07:57:42","slug":"krabben-rucksack","status":"publish","type":"product","link":"https:\/\/maison-chance.org\/shop\/de\/produkt\/krabben-rucksack","title":{"rendered":"Krabben-Rucksack"},"content":{"rendered":"<p style=\"text-align: justify;\">Im heutigen schnelllebigen Alltag ist es unverzichtbar geworden, pers\u00f6nliche Gegenst\u00e4nde mit sich zu f\u00fchren. Der Krabbenrucksack von Maison Chance wurde entwickelt, um nicht nur diesem praktischen Bed\u00fcrfnis gerecht zu werden, sondern auch eine tiefgr\u00fcndige humanit\u00e4re Botschaft der F\u00fcrsorge, des Teilens und der Unterst\u00fctzung f\u00fcr Menschen mit Behinderungen zu vermitteln.<\/p>\n<p style=\"text-align: justify;\">Der Krabbenrucksack ist ein sorgf\u00e4ltig handgefertigtes Produkt, hergestellt von den talentierten H\u00e4nden der behinderten Handwerker bei Maison Chance. Jede Naht und jeder Stich zeigt ihre Hingabe und tr\u00e4gt zu einem einzigartigen Produkt mit tiefem humanit\u00e4rem Wert bei.<\/p>\n<p style=\"text-align: justify;\">Der krabbenf\u00f6rmige Rucksack besteht aus hochwertigem Brokatstoff, handgewebt aus weichen und langlebigen Woll- und Baumwollfasern. Dieses Material ist wasserabweisend und sch\u00fctzt die pers\u00f6nlichen Gegenst\u00e4nde bei jedem Wetter.<\/p>\n<p style=\"text-align: justify;\">Gefertigt aus hochwertigem Brokatstoff ist der Rucksack nicht nur weich und strapazierf\u00e4hig, sondern auch wasserabweisend und sch\u00fctzt somit die Gegenst\u00e4nde bei jedem Wetter. Mit einer Gr\u00f6\u00dfe von 30 x 30 cm eignet er sich perfekt f\u00fcr wichtige Dinge wie Geldb\u00f6rse, Handy und B\u00fccher. Das niedliche Krabbendesign in leuchtenden Farben macht diesen Rucksack zu einem einzigartigen Hingucker.<\/p>\n<p style=\"text-align: justify;\">Der Krabbenrucksack ist zu einem angemessenen Preis erh\u00e4ltlich und passt zu vielen Zielgruppen, insbesondere Sch\u00fclern und Studenten. Doch wichtiger noch: Dieser Rucksack ist nicht nur ein Rucksack, sondern ein Symbol der Hoffnung und Unterst\u00fctzung f\u00fcr behinderte Handwerker und bietet ihnen die M\u00f6glichkeit zur Integration und Weiterentwicklung.<\/p>\n<p style=\"text-align: justify;\">Der Krabbenrucksack kann f\u00fcr verschiedene Zwecke genutzt werden, zum Beispiel:<\/p>\n<p style=\"text-align: justify;\">&#8211; Aufbewahrung pers\u00f6nlicher Gegenst\u00e4nde f\u00fcr Schule oder Freizeit<\/p>\n<p style=\"text-align: justify;\">&#8211; Ein bedeutungsvolles Geschenk f\u00fcr Kinder und Freunde<\/p>\n<p style=\"text-align: justify;\">&#8211; Ein einzigartiges dekoratives Accessoire mit pers\u00f6nlichem Stil.<\/p>\n<p style=\"text-align: justify;\">Helfen Sie uns, die behinderten Handwerker bei <a href=\"https:\/\/maison-chance.org\/shop\">Maison Chance<\/a> zu unterst\u00fctzen, indem Sie den Krabbenrucksack noch heute kaufen! Mit jedem verkauften Produkt kann Maison Chance zus\u00e4tzliche Mittel erhalten, um den Betrieb aufrechtzuerhalten und den behinderten Handwerkern ein besseres Leben zu erm\u00f6glichen.<\/p>\n<p>Krabbenrucksack &#8211; Bringt lebendige Freude in jeden Schritt!<\/p>\n","protected":false},"excerpt":{"rendered":"<p style=\"text-align: justify;\">Produkte, die von unseren weniger beg\u00fcnstigten Kunsthandwerkern handgefertigt wurden, hoffen auf Ihre Unterst\u00fctzung.<\/p>\n<p>Material: Handgewebter Stoff<\/p>\n<p>Code: TC01BL<\/p>\n<p>Abmessungen: 30 x 30 cm<\/p>\n<p>Hotline: <span style=\"font-size: 20px;\"><strong><span style=\"color: #ff0000;\">0909 06 25 28<\/span><\/strong><\/span><\/p>\n<p style=\"text-align: justify;\">Wenn Sie sich in Vietnam befinden, kontaktieren Sie uns bitte \u00fcber die Hotline oder unsere Gesch\u00e4fts-Fanpage bei Nh\u00e0 May M\u1eafn f\u00fcr Preisinformationen.<\/p>\n","protected":false},"featured_media":40263,"template":"","meta":[],"product_brand":[],"product_cat":[232,235],"product_tag":[],"class_list":{"0":"post-40268","1":"product","2":"type-product","3":"status-publish","4":"has-post-thumbnail","6":"product_cat-naeherei","7":"product_cat-rucksack-naeherei","9":"first","10":"instock","11":"shipping-taxable","12":"purchasable","13":"product-type-simple"},"yoast_head":"<!-- This site is optimized with the Yoast SEO Premium plugin v22.7 (Yoast SEO v25.3.1) - https:\/\/yoast.com\/wordpress\/plugins\/seo\/ -->\n<title>Krabben-Rucksack - Nh\u00e0 May M\u1eafn - Maison Chance<\/title>\n<meta name=\"description\" content=\"Der Krabben-Rucksack ist ein sorgf\u00e4ltig handgefertigtes Produkt, das von behinderten Handwerkern bei Maison Chance hergestellt wird. Jede Naht und jeder Stich spiegelt ihre Hingabe wider\" \/>\n<meta name=\"robots\" content=\"index, follow, max-snippet:-1, max-image-preview:large, max-video-preview:-1\" \/>\n<link rel=\"canonical\" href=\"https:\/\/maison-chance.org\/shop\/de\/produkt\/krabben-rucksack\" \/>\n<meta property=\"og:locale\" content=\"de_DE\" \/>\n<meta property=\"og:type\" content=\"article\" \/>\n<meta property=\"og:title\" content=\"Krabben-Rucksack\" \/>\n<meta property=\"og:description\" content=\"Der Krabben-Rucksack ist ein sorgf\u00e4ltig handgefertigtes Produkt, das von behinderten Handwerkern bei Maison Chance hergestellt wird. Jede Naht und jeder Stich spiegelt ihre Hingabe wider\" \/>\n<meta property=\"og:url\" content=\"https:\/\/maison-chance.org\/shop\/de\/produkt\/krabben-rucksack\" \/>\n<meta property=\"og:site_name\" content=\"Nh\u00e0 May M\u1eafn - Maison Chance\" \/>\n<meta property=\"article:publisher\" content=\"https:\/\/www.facebook.com\/dnxh.nhamayman\/\" \/>\n<meta property=\"article:modified_time\" content=\"2024-11-13T07:57:42+00:00\" \/>\n<meta property=\"og:image\" content=\"https:\/\/maison-chance.org\/shop\/wp-content\/uploads\/2024\/07\/balo-con-cua-1.jpg\" \/>\n\t<meta property=\"og:image:width\" content=\"600\" \/>\n\t<meta property=\"og:image:height\" content=\"600\" \/>\n\t<meta property=\"og:image:type\" content=\"image\/jpeg\" \/>\n<meta name=\"twitter:card\" content=\"summary_large_image\" \/>\n<meta name=\"twitter:label1\" content=\"Preis\" \/>\n\t<meta name=\"twitter:data1\" content=\"&euro;6.44\" \/>\n\t<meta name=\"twitter:label2\" content=\"Verf\u00fcgbarkeit\" \/>\n\t<meta name=\"twitter:data2\" content=\"Auf Lager\" \/>\n<script type=\"application\/ld+json\" class=\"yoast-schema-graph\">{\"@context\":\"https:\/\/schema.org\",\"@graph\":[{\"@type\":\"WebPage\",\"@id\":\"https:\/\/maison-chance.org\/shop\/de\/produkt\/krabben-rucksack\",\"url\":\"https:\/\/maison-chance.org\/shop\/de\/produkt\/krabben-rucksack\",\"name\":\"Krabben-Rucksack - Nh\u00e0 May M\u1eafn - Maison Chance\",\"isPartOf\":{\"@id\":\"https:\/\/maison-chance.org\/shop\/de#website\"},\"primaryImageOfPage\":{\"@id\":\"https:\/\/maison-chance.org\/shop\/de\/produkt\/krabben-rucksack#primaryimage\"},\"image\":{\"@id\":\"https:\/\/maison-chance.org\/shop\/de\/produkt\/krabben-rucksack#primaryimage\"},\"thumbnailUrl\":\"https:\/\/maison-chance.org\/shop\/wp-content\/uploads\/2024\/07\/balo-con-cua-1.jpg\",\"datePublished\":\"2024-07-03T21:15:42+00:00\",\"dateModified\":\"2024-11-13T07:57:42+00:00\",\"description\":\"Der Krabben-Rucksack ist ein sorgf\u00e4ltig handgefertigtes Produkt, das von behinderten Handwerkern bei Maison Chance hergestellt wird. Jede Naht und jeder Stich spiegelt ihre Hingabe wider\",\"breadcrumb\":{\"@id\":\"https:\/\/maison-chance.org\/shop\/de\/produkt\/krabben-rucksack#breadcrumb\"},\"inLanguage\":\"de\",\"potentialAction\":[{\"@type\":\"ReadAction\",\"target\":[\"https:\/\/maison-chance.org\/shop\/de\/produkt\/krabben-rucksack\"]}]},{\"@type\":\"ImageObject\",\"inLanguage\":\"de\",\"@id\":\"https:\/\/maison-chance.org\/shop\/de\/produkt\/krabben-rucksack#primaryimage\",\"url\":\"https:\/\/maison-chance.org\/shop\/wp-content\/uploads\/2024\/07\/balo-con-cua-1.jpg\",\"contentUrl\":\"https:\/\/maison-chance.org\/shop\/wp-content\/uploads\/2024\/07\/balo-con-cua-1.jpg\",\"width\":600,\"height\":600,\"caption\":\"Krabben-Rucksack\"},{\"@type\":\"BreadcrumbList\",\"@id\":\"https:\/\/maison-chance.org\/shop\/de\/produkt\/krabben-rucksack#breadcrumb\",\"itemListElement\":[{\"@type\":\"ListItem\",\"position\":1,\"name\":\"Trang ch\u1ee7\",\"item\":\"https:\/\/maison-chance.org\/shop\/de\"},{\"@type\":\"ListItem\",\"position\":2,\"name\":\"Shop\",\"item\":\"https:\/\/maison-chance.org\/shop\/shop\"},{\"@type\":\"ListItem\",\"position\":3,\"name\":\"Krabben-Rucksack\"}]},{\"@type\":\"WebSite\",\"@id\":\"https:\/\/maison-chance.org\/shop\/de#website\",\"url\":\"https:\/\/maison-chance.org\/shop\/de\",\"name\":\"Nh\u00e0 May M\u1eafn - Maison Chance\",\"description\":\"M\u1ecdi l\u1ee3i nhu\u1eadn thu v\u1ec1 t\u1eeb vi\u1ec7c b\u00e1n h\u00e0ng s\u1ebd tr\u00edch m\u1ed9t ph\u1ea7n \u0111\u1ec3 ch\u0103m lo cho \u0111\u1eddi s\u1ed1ng c\u00e1c b\u1ea1n khuy\u1ebft t\u1eadt v\u00e0 tr\u1ebb m\u1ed3 c\u00f4i \u1edf \u0111\u00e2y\",\"publisher\":{\"@id\":\"https:\/\/maison-chance.org\/shop\/de#organization\"},\"potentialAction\":[{\"@type\":\"SearchAction\",\"target\":{\"@type\":\"EntryPoint\",\"urlTemplate\":\"https:\/\/maison-chance.org\/shop\/de?s={search_term_string}\"},\"query-input\":{\"@type\":\"PropertyValueSpecification\",\"valueRequired\":true,\"valueName\":\"search_term_string\"}}],\"inLanguage\":\"de\"},{\"@type\":\"Organization\",\"@id\":\"https:\/\/maison-chance.org\/shop\/de#organization\",\"name\":\"Nh\u00e0 May M\u1eafn - Maison Chance\",\"url\":\"https:\/\/maison-chance.org\/shop\/de\",\"logo\":{\"@type\":\"ImageObject\",\"inLanguage\":\"de\",\"@id\":\"https:\/\/maison-chance.org\/shop\/de#\/schema\/logo\/image\/\",\"url\":\"https:\/\/maison-chance.org\/shop\/wp-content\/uploads\/2024\/03\/cropped-Logo_DNXH.png\",\"contentUrl\":\"https:\/\/maison-chance.org\/shop\/wp-content\/uploads\/2024\/03\/cropped-Logo_DNXH.png\",\"width\":512,\"height\":512,\"caption\":\"Nh\u00e0 May M\u1eafn - Maison Chance\"},\"image\":{\"@id\":\"https:\/\/maison-chance.org\/shop\/de#\/schema\/logo\/image\/\"},\"sameAs\":[\"https:\/\/www.facebook.com\/dnxh.nhamayman\/\"]}]}<\/script>\n<meta property=\"product:price:amount\" content=\"6.44\" \/>\n<meta property=\"product:price:currency\" content=\"EUR\" \/>\n<meta property=\"og:availability\" content=\"instock\" \/>\n<meta property=\"product:availability\" content=\"instock\" \/>\n<meta property=\"product:condition\" content=\"new\" \/>\n<!-- \/ Yoast SEO Premium plugin. -->","yoast_head_json":{"title":"Krabben-Rucksack - Nh\u00e0 May M\u1eafn - Maison Chance","description":"Der Krabben-Rucksack ist ein sorgf\u00e4ltig handgefertigtes Produkt, das von behinderten Handwerkern bei Maison Chance hergestellt wird. Jede Naht und jeder Stich spiegelt ihre Hingabe wider","robots":{"index":"index","follow":"follow","max-snippet":"max-snippet:-1","max-image-preview":"max-image-preview:large","max-video-preview":"max-video-preview:-1"},"canonical":"https:\/\/maison-chance.org\/shop\/de\/produkt\/krabben-rucksack","og_locale":"de_DE","og_type":"article","og_title":"Krabben-Rucksack","og_description":"Der Krabben-Rucksack ist ein sorgf\u00e4ltig handgefertigtes Produkt, das von behinderten Handwerkern bei Maison Chance hergestellt wird. Jede Naht und jeder Stich spiegelt ihre Hingabe wider","og_url":"https:\/\/maison-chance.org\/shop\/de\/produkt\/krabben-rucksack","og_site_name":"Nh\u00e0 May M\u1eafn - Maison Chance","article_publisher":"https:\/\/www.facebook.com\/dnxh.nhamayman\/","article_modified_time":"2024-11-13T07:57:42+00:00","og_image":[{"width":600,"height":600,"url":"https:\/\/maison-chance.org\/shop\/wp-content\/uploads\/2024\/07\/balo-con-cua-1.jpg","type":"image\/jpeg"}],"twitter_card":"summary_large_image","twitter_misc":{"Preis":"&euro;6.44","Verf\u00fcgbarkeit":"Auf Lager"},"schema":{"@context":"https:\/\/schema.org","@graph":[{"@type":"WebPage","@id":"https:\/\/maison-chance.org\/shop\/de\/produkt\/krabben-rucksack","url":"https:\/\/maison-chance.org\/shop\/de\/produkt\/krabben-rucksack","name":"Krabben-Rucksack - Nh\u00e0 May M\u1eafn - Maison Chance","isPartOf":{"@id":"https:\/\/maison-chance.org\/shop\/de#website"},"primaryImageOfPage":{"@id":"https:\/\/maison-chance.org\/shop\/de\/produkt\/krabben-rucksack#primaryimage"},"image":{"@id":"https:\/\/maison-chance.org\/shop\/de\/produkt\/krabben-rucksack#primaryimage"},"thumbnailUrl":"https:\/\/maison-chance.org\/shop\/wp-content\/uploads\/2024\/07\/balo-con-cua-1.jpg","datePublished":"2024-07-03T21:15:42+00:00","dateModified":"2024-11-13T07:57:42+00:00","description":"Der Krabben-Rucksack ist ein sorgf\u00e4ltig handgefertigtes Produkt, das von behinderten Handwerkern bei Maison Chance hergestellt wird. Jede Naht und jeder Stich spiegelt ihre Hingabe wider","breadcrumb":{"@id":"https:\/\/maison-chance.org\/shop\/de\/produkt\/krabben-rucksack#breadcrumb"},"inLanguage":"de","potentialAction":[{"@type":"ReadAction","target":["https:\/\/maison-chance.org\/shop\/de\/produkt\/krabben-rucksack"]}]},{"@type":"ImageObject","inLanguage":"de","@id":"https:\/\/maison-chance.org\/shop\/de\/produkt\/krabben-rucksack#primaryimage","url":"https:\/\/maison-chance.org\/shop\/wp-content\/uploads\/2024\/07\/balo-con-cua-1.jpg","contentUrl":"https:\/\/maison-chance.org\/shop\/wp-content\/uploads\/2024\/07\/balo-con-cua-1.jpg","width":600,"height":600,"caption":"Krabben-Rucksack"},{"@type":"BreadcrumbList","@id":"https:\/\/maison-chance.org\/shop\/de\/produkt\/krabben-rucksack#breadcrumb","itemListElement":[{"@type":"ListItem","position":1,"name":"Trang ch\u1ee7","item":"https:\/\/maison-chance.org\/shop\/de"},{"@type":"ListItem","position":2,"name":"Shop","item":"https:\/\/maison-chance.org\/shop\/shop"},{"@type":"ListItem","position":3,"name":"Krabben-Rucksack"}]},{"@type":"WebSite","@id":"https:\/\/maison-chance.org\/shop\/de#website","url":"https:\/\/maison-chance.org\/shop\/de","name":"Nh\u00e0 May M\u1eafn - Maison Chance","description":"M\u1ecdi l\u1ee3i nhu\u1eadn thu v\u1ec1 t\u1eeb vi\u1ec7c b\u00e1n h\u00e0ng s\u1ebd tr\u00edch m\u1ed9t ph\u1ea7n \u0111\u1ec3 ch\u0103m lo cho \u0111\u1eddi s\u1ed1ng c\u00e1c b\u1ea1n khuy\u1ebft t\u1eadt v\u00e0 tr\u1ebb m\u1ed3 c\u00f4i \u1edf \u0111\u00e2y","publisher":{"@id":"https:\/\/maison-chance.org\/shop\/de#organization"},"potentialAction":[{"@type":"SearchAction","target":{"@type":"EntryPoint","urlTemplate":"https:\/\/maison-chance.org\/shop\/de?s={search_term_string}"},"query-input":{"@type":"PropertyValueSpecification","valueRequired":true,"valueName":"search_term_string"}}],"inLanguage":"de"},{"@type":"Organization","@id":"https:\/\/maison-chance.org\/shop\/de#organization","name":"Nh\u00e0 May M\u1eafn - Maison Chance","url":"https:\/\/maison-chance.org\/shop\/de","logo":{"@type":"ImageObject","inLanguage":"de","@id":"https:\/\/maison-chance.org\/shop\/de#\/schema\/logo\/image\/","url":"https:\/\/maison-chance.org\/shop\/wp-content\/uploads\/2024\/03\/cropped-Logo_DNXH.png","contentUrl":"https:\/\/maison-chance.org\/shop\/wp-content\/uploads\/2024\/03\/cropped-Logo_DNXH.png","width":512,"height":512,"caption":"Nh\u00e0 May M\u1eafn - Maison Chance"},"image":{"@id":"https:\/\/maison-chance.org\/shop\/de#\/schema\/logo\/image\/"},"sameAs":["https:\/\/www.facebook.com\/dnxh.nhamayman\/"]}]},"product_price_amount":"6.44","product_price_currency":"EUR","og_availability":"instock","product_availability":"instock","product_condition":"new"},"_links":{"self":[{"href":"https:\/\/maison-chance.org\/shop\/de\/wp-json\/wp\/v2\/product\/40268","targetHints":{"allow":["GET"]}}],"collection":[{"href":"https:\/\/maison-chance.org\/shop\/de\/wp-json\/wp\/v2\/product"}],"about":[{"href":"https:\/\/maison-chance.org\/shop\/de\/wp-json\/wp\/v2\/types\/product"}],"wp:featuredmedia":[{"embeddable":true,"href":"https:\/\/maison-chance.org\/shop\/de\/wp-json\/wp\/v2\/media\/40263"}],"wp:attachment":[{"href":"https:\/\/maison-chance.org\/shop\/de\/wp-json\/wp\/v2\/media?parent=40268"}],"wp:term":[{"taxonomy":"product_brand","embeddable":true,"href":"https:\/\/maison-chance.org\/shop\/de\/wp-json\/wp\/v2\/product_brand?post=40268"},{"taxonomy":"product_cat","embeddable":true,"href":"https:\/\/maison-chance.org\/shop\/de\/wp-json\/wp\/v2\/product_cat?post=40268"},{"taxonomy":"product_tag","embeddable":true,"href":"https:\/\/maison-chance.org\/shop\/de\/wp-json\/wp\/v2\/product_tag?post=40268"}],"curies":[{"name":"wp","href":"https:\/\/api.w.org\/{rel}","templated":true}]}}