{"id":40377,"date":"2024-04-03T09:35:49","date_gmt":"2024-04-03T02:35:49","guid":{"rendered":"https:\/\/maison-chance.org\/shop\/san-pham\/gluecksherz"},"modified":"2024-11-08T14:02:06","modified_gmt":"2024-11-08T07:02:06","slug":"gluecksherz","status":"publish","type":"product","link":"https:\/\/maison-chance.org\/shop\/de\/produkt\/gluecksherz","title":{"rendered":"Gl\u00fccksherz"},"content":{"rendered":"<p style=\"text-align: justify;\">Wenn Sie sich daf\u00fcr entscheiden, ein Maison Chance-Herz zu kaufen, erwerben Sie nicht nur ein h\u00fcbsches handgefertigtes Produkt, sondern tragen auch zu einem h\u00f6heren Ziel bei. Jedes kleine Herz ist das Ergebnis des best\u00e4ndigen Einsatzes von behinderten Handwerkern bei Maison Chance \u2013 Menschen, die Herausforderungen \u00fcberwunden haben, um Qualit\u00e4tsprodukte zu schaffen, in der Hoffnung, Freude und Gl\u00fcck an den Benutzer zu bringen.<\/p>\n<p style=\"text-align: justify;\">Mit der Unterst\u00fctzung des Maison Chance-Herzens \u00f6ffnen Sie Besch\u00e4ftigungsm\u00f6glichkeiten und stabile Einkommensquellen f\u00fcr Menschen mit Behinderungen. Diese Unterst\u00fctzung verbessert nicht nur deren Lebensqualit\u00e4t, sondern verleiht ihnen auch ein Gef\u00fchl von Stolz und Respekt in der Gesellschaft.<\/p>\n<p style=\"text-align: justify;\">\u00d6ffnen Sie Ihre Arme und Ihr Herz, indem Sie ein Maison Chance-Herz als Geschenk f\u00fcr Ihre Lieben, Freunde oder sogar f\u00fcr sich selbst ausw\u00e4hlen. Jedes kleine Herz bringt nicht nur Gl\u00fcck und Liebe, sondern symbolisiert auch Mitgef\u00fchl, Teilen und den Glauben an eine inklusive Gesellschaft, in der jeder seine Talente entfalten kann.<\/p>\n<p style=\"text-align: justify;\">Kommen Sie noch heute zu Maison Chance und bringen Sie diese entz\u00fcckenden Gl\u00fccksherzen nach Hause. Denn wenn Sie ein Geschenk von <a href=\"https:\/\/maison-chance.org\/shop\">Maison Chance<\/a> kaufen, kaufen Sie nicht nur ein Produkt \u2013 Sie investieren in Hoffnung, Glauben und Chancen f\u00fcr besondere Menschen. Helfen Sie uns, Liebe und Gl\u00fcck zu verbreiten \u2013 f\u00fcr jeden, \u00fcberall!<\/p>\n","protected":false},"excerpt":{"rendered":"<p style=\"text-align: justify;\">Das Produkt wird von weniger gl\u00fccklichen behinderten Menschen handgefertigt, und wir hoffen aufrichtig auf die Unterst\u00fctzung unserer gesch\u00e4tzten Kunden.<\/p>\n<p>Material: Satin <\/p>\n<p>Hotline : <span style=\"color: #ed1c24;\"><strong>090 906 2528<\/strong><\/span><\/p>\n<p style=\"text-align: justify;\">Wenn Sie sich in Vietnam befinden, kontaktieren Sie uns bitte \u00fcber die Hotline oder die offizielle Facebook-Seite von Maison Chance, um Preise in Vietnam zu erfahren:\u00a0<a href=\"https:\/\/www.facebook.com\/dnxh.nhamayman\">https:\/\/www.facebook.com\/dnxh.nhamayman<\/a><\/p>\n","protected":false},"featured_media":40368,"template":"","meta":[],"product_brand":[],"product_cat":[250,232],"product_tag":[],"class_list":{"0":"post-40377","1":"product","2":"type-product","3":"status-publish","4":"has-post-thumbnail","6":"product_cat-dekoration","7":"product_cat-naeherei","9":"first","10":"instock","11":"shipping-taxable","12":"purchasable","13":"product-type-variable"},"yoast_head":"<!-- This site is optimized with the Yoast SEO Premium plugin v22.7 (Yoast SEO v25.3.1) - https:\/\/yoast.com\/wordpress\/plugins\/seo\/ -->\n<title>Gl\u00fccksherz - Nh\u00e0 May M\u1eafn - Maison Chance<\/title>\n<meta name=\"description\" content=\"Wenn Sie sich dazu entscheiden, ein Gl\u00fccksherz zu kaufen, besitzen Sie nicht nur ein niedliches handgefertigtes Produkt, sondern tragen auch zu einem h\u00f6heren Zweck bei.\" \/>\n<meta name=\"robots\" content=\"index, follow, max-snippet:-1, max-image-preview:large, max-video-preview:-1\" \/>\n<link rel=\"canonical\" href=\"https:\/\/maison-chance.org\/shop\/de\/produkt\/gluecksherz\" \/>\n<meta property=\"og:locale\" content=\"de_DE\" \/>\n<meta property=\"og:type\" content=\"article\" \/>\n<meta property=\"og:title\" content=\"Gl\u00fccksherz\" \/>\n<meta property=\"og:description\" content=\"Wenn Sie sich dazu entscheiden, ein Gl\u00fccksherz zu kaufen, besitzen Sie nicht nur ein niedliches handgefertigtes Produkt, sondern tragen auch zu einem h\u00f6heren Zweck bei.\" \/>\n<meta property=\"og:url\" content=\"https:\/\/maison-chance.org\/shop\/de\/produkt\/gluecksherz\" \/>\n<meta property=\"og:site_name\" content=\"Nh\u00e0 May M\u1eafn - Maison Chance\" \/>\n<meta property=\"article:publisher\" content=\"https:\/\/www.facebook.com\/dnxh.nhamayman\/\" \/>\n<meta property=\"article:modified_time\" content=\"2024-11-08T07:02:06+00:00\" \/>\n<meta property=\"og:image\" content=\"https:\/\/maison-chance.org\/shop\/wp-content\/uploads\/2024\/04\/trai-tim-may-man.jpg\" \/>\n\t<meta property=\"og:image:width\" content=\"600\" \/>\n\t<meta property=\"og:image:height\" content=\"600\" \/>\n\t<meta property=\"og:image:type\" content=\"image\/jpeg\" \/>\n<meta name=\"twitter:card\" content=\"summary_large_image\" \/>\n<meta name=\"twitter:label1\" content=\"Verf\u00fcgbarkeit\" \/>\n\t<meta name=\"twitter:data1\" content=\"Auf Lager\" \/>\n<script type=\"application\/ld+json\" class=\"yoast-schema-graph\">{\"@context\":\"https:\/\/schema.org\",\"@graph\":[{\"@type\":\"WebPage\",\"@id\":\"https:\/\/maison-chance.org\/shop\/de\/produkt\/gluecksherz\",\"url\":\"https:\/\/maison-chance.org\/shop\/de\/produkt\/gluecksherz\",\"name\":\"Gl\u00fccksherz - Nh\u00e0 May M\u1eafn - Maison Chance\",\"isPartOf\":{\"@id\":\"https:\/\/maison-chance.org\/shop\/de#website\"},\"primaryImageOfPage\":{\"@id\":\"https:\/\/maison-chance.org\/shop\/de\/produkt\/gluecksherz#primaryimage\"},\"image\":{\"@id\":\"https:\/\/maison-chance.org\/shop\/de\/produkt\/gluecksherz#primaryimage\"},\"thumbnailUrl\":\"https:\/\/maison-chance.org\/shop\/wp-content\/uploads\/2024\/04\/trai-tim-may-man.jpg\",\"datePublished\":\"2024-04-03T02:35:49+00:00\",\"dateModified\":\"2024-11-08T07:02:06+00:00\",\"description\":\"Wenn Sie sich dazu entscheiden, ein Gl\u00fccksherz zu kaufen, besitzen Sie nicht nur ein niedliches handgefertigtes Produkt, sondern tragen auch zu einem h\u00f6heren Zweck bei.\",\"breadcrumb\":{\"@id\":\"https:\/\/maison-chance.org\/shop\/de\/produkt\/gluecksherz#breadcrumb\"},\"inLanguage\":\"de\",\"potentialAction\":[{\"@type\":\"ReadAction\",\"target\":[\"https:\/\/maison-chance.org\/shop\/de\/produkt\/gluecksherz\"]}]},{\"@type\":\"ImageObject\",\"inLanguage\":\"de\",\"@id\":\"https:\/\/maison-chance.org\/shop\/de\/produkt\/gluecksherz#primaryimage\",\"url\":\"https:\/\/maison-chance.org\/shop\/wp-content\/uploads\/2024\/04\/trai-tim-may-man.jpg\",\"contentUrl\":\"https:\/\/maison-chance.org\/shop\/wp-content\/uploads\/2024\/04\/trai-tim-may-man.jpg\",\"width\":600,\"height\":600,\"caption\":\"Gl\u00fccksherz\"},{\"@type\":\"BreadcrumbList\",\"@id\":\"https:\/\/maison-chance.org\/shop\/de\/produkt\/gluecksherz#breadcrumb\",\"itemListElement\":[{\"@type\":\"ListItem\",\"position\":1,\"name\":\"Trang ch\u1ee7\",\"item\":\"https:\/\/maison-chance.org\/shop\/de\"},{\"@type\":\"ListItem\",\"position\":2,\"name\":\"Shop\",\"item\":\"https:\/\/maison-chance.org\/shop\/shop\"},{\"@type\":\"ListItem\",\"position\":3,\"name\":\"Gl\u00fccksherz\"}]},{\"@type\":\"WebSite\",\"@id\":\"https:\/\/maison-chance.org\/shop\/de#website\",\"url\":\"https:\/\/maison-chance.org\/shop\/de\",\"name\":\"Nh\u00e0 May M\u1eafn - Maison Chance\",\"description\":\"M\u1ecdi l\u1ee3i nhu\u1eadn thu v\u1ec1 t\u1eeb vi\u1ec7c b\u00e1n h\u00e0ng s\u1ebd tr\u00edch m\u1ed9t ph\u1ea7n \u0111\u1ec3 ch\u0103m lo cho \u0111\u1eddi s\u1ed1ng c\u00e1c b\u1ea1n khuy\u1ebft t\u1eadt v\u00e0 tr\u1ebb m\u1ed3 c\u00f4i \u1edf \u0111\u00e2y\",\"publisher\":{\"@id\":\"https:\/\/maison-chance.org\/shop\/de#organization\"},\"potentialAction\":[{\"@type\":\"SearchAction\",\"target\":{\"@type\":\"EntryPoint\",\"urlTemplate\":\"https:\/\/maison-chance.org\/shop\/de?s={search_term_string}\"},\"query-input\":{\"@type\":\"PropertyValueSpecification\",\"valueRequired\":true,\"valueName\":\"search_term_string\"}}],\"inLanguage\":\"de\"},{\"@type\":\"Organization\",\"@id\":\"https:\/\/maison-chance.org\/shop\/de#organization\",\"name\":\"Nh\u00e0 May M\u1eafn - Maison Chance\",\"url\":\"https:\/\/maison-chance.org\/shop\/de\",\"logo\":{\"@type\":\"ImageObject\",\"inLanguage\":\"de\",\"@id\":\"https:\/\/maison-chance.org\/shop\/de#\/schema\/logo\/image\/\",\"url\":\"https:\/\/maison-chance.org\/shop\/wp-content\/uploads\/2024\/03\/cropped-Logo_DNXH.png\",\"contentUrl\":\"https:\/\/maison-chance.org\/shop\/wp-content\/uploads\/2024\/03\/cropped-Logo_DNXH.png\",\"width\":512,\"height\":512,\"caption\":\"Nh\u00e0 May M\u1eafn - Maison Chance\"},\"image\":{\"@id\":\"https:\/\/maison-chance.org\/shop\/de#\/schema\/logo\/image\/\"},\"sameAs\":[\"https:\/\/www.facebook.com\/dnxh.nhamayman\/\"]}]}<\/script>\n<meta property=\"og:availability\" content=\"instock\" \/>\n<meta property=\"product:availability\" content=\"instock\" \/>\n<meta property=\"product:condition\" content=\"new\" \/>\n<!-- \/ Yoast SEO Premium plugin. -->","yoast_head_json":{"title":"Gl\u00fccksherz - Nh\u00e0 May M\u1eafn - Maison Chance","description":"Wenn Sie sich dazu entscheiden, ein Gl\u00fccksherz zu kaufen, besitzen Sie nicht nur ein niedliches handgefertigtes Produkt, sondern tragen auch zu einem h\u00f6heren Zweck bei.","robots":{"index":"index","follow":"follow","max-snippet":"max-snippet:-1","max-image-preview":"max-image-preview:large","max-video-preview":"max-video-preview:-1"},"canonical":"https:\/\/maison-chance.org\/shop\/de\/produkt\/gluecksherz","og_locale":"de_DE","og_type":"article","og_title":"Gl\u00fccksherz","og_description":"Wenn Sie sich dazu entscheiden, ein Gl\u00fccksherz zu kaufen, besitzen Sie nicht nur ein niedliches handgefertigtes Produkt, sondern tragen auch zu einem h\u00f6heren Zweck bei.","og_url":"https:\/\/maison-chance.org\/shop\/de\/produkt\/gluecksherz","og_site_name":"Nh\u00e0 May M\u1eafn - Maison Chance","article_publisher":"https:\/\/www.facebook.com\/dnxh.nhamayman\/","article_modified_time":"2024-11-08T07:02:06+00:00","og_image":[{"width":600,"height":600,"url":"https:\/\/maison-chance.org\/shop\/wp-content\/uploads\/2024\/04\/trai-tim-may-man.jpg","type":"image\/jpeg"}],"twitter_card":"summary_large_image","twitter_misc":{"Verf\u00fcgbarkeit":"Auf Lager"},"schema":{"@context":"https:\/\/schema.org","@graph":[{"@type":"WebPage","@id":"https:\/\/maison-chance.org\/shop\/de\/produkt\/gluecksherz","url":"https:\/\/maison-chance.org\/shop\/de\/produkt\/gluecksherz","name":"Gl\u00fccksherz - Nh\u00e0 May M\u1eafn - Maison Chance","isPartOf":{"@id":"https:\/\/maison-chance.org\/shop\/de#website"},"primaryImageOfPage":{"@id":"https:\/\/maison-chance.org\/shop\/de\/produkt\/gluecksherz#primaryimage"},"image":{"@id":"https:\/\/maison-chance.org\/shop\/de\/produkt\/gluecksherz#primaryimage"},"thumbnailUrl":"https:\/\/maison-chance.org\/shop\/wp-content\/uploads\/2024\/04\/trai-tim-may-man.jpg","datePublished":"2024-04-03T02:35:49+00:00","dateModified":"2024-11-08T07:02:06+00:00","description":"Wenn Sie sich dazu entscheiden, ein Gl\u00fccksherz zu kaufen, besitzen Sie nicht nur ein niedliches handgefertigtes Produkt, sondern tragen auch zu einem h\u00f6heren Zweck bei.","breadcrumb":{"@id":"https:\/\/maison-chance.org\/shop\/de\/produkt\/gluecksherz#breadcrumb"},"inLanguage":"de","potentialAction":[{"@type":"ReadAction","target":["https:\/\/maison-chance.org\/shop\/de\/produkt\/gluecksherz"]}]},{"@type":"ImageObject","inLanguage":"de","@id":"https:\/\/maison-chance.org\/shop\/de\/produkt\/gluecksherz#primaryimage","url":"https:\/\/maison-chance.org\/shop\/wp-content\/uploads\/2024\/04\/trai-tim-may-man.jpg","contentUrl":"https:\/\/maison-chance.org\/shop\/wp-content\/uploads\/2024\/04\/trai-tim-may-man.jpg","width":600,"height":600,"caption":"Gl\u00fccksherz"},{"@type":"BreadcrumbList","@id":"https:\/\/maison-chance.org\/shop\/de\/produkt\/gluecksherz#breadcrumb","itemListElement":[{"@type":"ListItem","position":1,"name":"Trang ch\u1ee7","item":"https:\/\/maison-chance.org\/shop\/de"},{"@type":"ListItem","position":2,"name":"Shop","item":"https:\/\/maison-chance.org\/shop\/shop"},{"@type":"ListItem","position":3,"name":"Gl\u00fccksherz"}]},{"@type":"WebSite","@id":"https:\/\/maison-chance.org\/shop\/de#website","url":"https:\/\/maison-chance.org\/shop\/de","name":"Nh\u00e0 May M\u1eafn - Maison Chance","description":"M\u1ecdi l\u1ee3i nhu\u1eadn thu v\u1ec1 t\u1eeb vi\u1ec7c b\u00e1n h\u00e0ng s\u1ebd tr\u00edch m\u1ed9t ph\u1ea7n \u0111\u1ec3 ch\u0103m lo cho \u0111\u1eddi s\u1ed1ng c\u00e1c b\u1ea1n khuy\u1ebft t\u1eadt v\u00e0 tr\u1ebb m\u1ed3 c\u00f4i \u1edf \u0111\u00e2y","publisher":{"@id":"https:\/\/maison-chance.org\/shop\/de#organization"},"potentialAction":[{"@type":"SearchAction","target":{"@type":"EntryPoint","urlTemplate":"https:\/\/maison-chance.org\/shop\/de?s={search_term_string}"},"query-input":{"@type":"PropertyValueSpecification","valueRequired":true,"valueName":"search_term_string"}}],"inLanguage":"de"},{"@type":"Organization","@id":"https:\/\/maison-chance.org\/shop\/de#organization","name":"Nh\u00e0 May M\u1eafn - Maison Chance","url":"https:\/\/maison-chance.org\/shop\/de","logo":{"@type":"ImageObject","inLanguage":"de","@id":"https:\/\/maison-chance.org\/shop\/de#\/schema\/logo\/image\/","url":"https:\/\/maison-chance.org\/shop\/wp-content\/uploads\/2024\/03\/cropped-Logo_DNXH.png","contentUrl":"https:\/\/maison-chance.org\/shop\/wp-content\/uploads\/2024\/03\/cropped-Logo_DNXH.png","width":512,"height":512,"caption":"Nh\u00e0 May M\u1eafn - Maison Chance"},"image":{"@id":"https:\/\/maison-chance.org\/shop\/de#\/schema\/logo\/image\/"},"sameAs":["https:\/\/www.facebook.com\/dnxh.nhamayman\/"]}]},"og_availability":"instock","product_availability":"instock","product_condition":"new"},"_links":{"self":[{"href":"https:\/\/maison-chance.org\/shop\/de\/wp-json\/wp\/v2\/product\/40377","targetHints":{"allow":["GET"]}}],"collection":[{"href":"https:\/\/maison-chance.org\/shop\/de\/wp-json\/wp\/v2\/product"}],"about":[{"href":"https:\/\/maison-chance.org\/shop\/de\/wp-json\/wp\/v2\/types\/product"}],"wp:featuredmedia":[{"embeddable":true,"href":"https:\/\/maison-chance.org\/shop\/de\/wp-json\/wp\/v2\/media\/40368"}],"wp:attachment":[{"href":"https:\/\/maison-chance.org\/shop\/de\/wp-json\/wp\/v2\/media?parent=40377"}],"wp:term":[{"taxonomy":"product_brand","embeddable":true,"href":"https:\/\/maison-chance.org\/shop\/de\/wp-json\/wp\/v2\/product_brand?post=40377"},{"taxonomy":"product_cat","embeddable":true,"href":"https:\/\/maison-chance.org\/shop\/de\/wp-json\/wp\/v2\/product_cat?post=40377"},{"taxonomy":"product_tag","embeddable":true,"href":"https:\/\/maison-chance.org\/shop\/de\/wp-json\/wp\/v2\/product_tag?post=40377"}],"curies":[{"name":"wp","href":"https:\/\/api.w.org\/{rel}","templated":true}]}}