{"id":40471,"date":"2024-09-25T07:08:09","date_gmt":"2024-09-25T00:08:09","guid":{"rendered":"https:\/\/maison-chance.org\/shop\/san-pham\/frosch"},"modified":"2025-07-16T15:30:48","modified_gmt":"2025-07-16T08:30:48","slug":"frosch","status":"publish","type":"product","link":"https:\/\/maison-chance.org\/shop\/de\/produkt\/frosch","title":{"rendered":"Frosch"},"content":{"rendered":"<p data-start=\"55\" data-end=\"284\">Klein, h\u00fcpfend und immer fr\u00f6hlich \u2013 der Frosch weckt Erinnerungen an regnerische Kindheitstage, an das fr\u00f6hliche Quaken hinter alten Z\u00e4unen und an den Glauben, dass Gl\u00fcck naht, wenn man das erste Froschquaken der Saison h\u00f6rt.<\/p>\n<p data-start=\"286\" data-end=\"564\">Der Frosch-Schl\u00fcsselanh\u00e4nger wird in liebevoller Handarbeit aus Brokatstoff bei <em data-start=\"366\" data-end=\"381\">Maison Chance<\/em> gefertigt. Er hat eine runde Form, gro\u00dfe Augen und ein niedliches Gesicht. Jeder Anh\u00e4nger ist farblich einzigartig \u2013 leuchtend und fr\u00f6hlich, genau wie das Wesen dieses kleinen Tiers.<\/p>\n<p data-start=\"566\" data-end=\"770\">Niedlich, aber keineswegs bedeutungslos \u2013 dieser kleine Anh\u00e4nger ist f\u00fcr alle, die positive Energie lieben oder einfach einen \u201ewinzigen Begleiter\u201c brauchen, um jeden Tag ein wenig fr\u00f6hlicher zu gestalten.<\/p>\n<p data-start=\"772\" data-end=\"864\">Ein Geschenk mit einem sanften Sprung \u2013 damit jeder deiner Schritte etwas beschwingter wird.<\/p>\n<p data-start=\"866\" data-end=\"1044\">\ud83d\udce9 Die Preise in Vietnam k\u00f6nnen variieren. Bitte kontaktiere uns f\u00fcr weitere Informationen.<br data-start=\"957\" data-end=\"960\" \/><strong data-start=\"960\" data-end=\"972\">Hotline:<\/strong> 0909\u202f06\u202f25\u202f28<br data-start=\"986\" data-end=\"989\" \/><strong data-start=\"989\" data-end=\"1008\">Facebook-Seite:<\/strong> <em data-start=\"1009\" data-end=\"1044\">Maison Chance \u2013 Sozialunternehmen<\/em><\/p>\n","protected":false},"excerpt":{"rendered":"<p style='text-align: justify;'>Die von behinderten Handwerkern, die weniger Gl\u00fcck hatten, handgefertigten Produkte hoffen auf die Unterst\u00fctzung gesch\u00e4tzter Kunden.<\/p>\n<p> Material: Patchwork<\/p>\n<p>Code: MK16TC<\/p>\n<p>Hotline: <span style='font-size: 20px;'><strong><span style='color: #ff0000;'>0909 06 25 28<\/span><\/strong><\/span><\/p>\n<p style='text-align: justify;'>Wenn Sie in Vietnam sind, kontaktieren Sie uns bitte \u00fcber die Hotline oder die Unternehmens-Fanpage von Maison Chance, um den Verkaufspreis in Vietnam zu erfahren.<\/p>\n","protected":false},"featured_media":37213,"template":"","meta":[],"product_brand":[],"product_cat":[241,232],"product_tag":[],"class_list":{"0":"post-40471","1":"product","2":"type-product","3":"status-publish","4":"has-post-thumbnail","6":"product_cat-gefuellter-schluesselanhaenger-naeherei","7":"product_cat-naeherei","9":"first","10":"instock","11":"shipping-taxable","12":"purchasable","13":"product-type-simple"},"yoast_head":"<!-- This site is optimized with the Yoast SEO Premium plugin v22.7 (Yoast SEO v25.3.1) - https:\/\/yoast.com\/wordpress\/plugins\/seo\/ -->\n<title>Frosch - gestopfter Schl\u00fcsselanh\u00e4nger - Nh\u00e0 May M\u1eafn - Maison Chance<\/title>\n<meta name=\"description\" content=\"Der froschf\u00f6rmige Schl\u00fcsselanh\u00e4nger wird sorgf\u00e4ltig von den geschickten H\u00e4nden von behinderten Handwerkern bei Maison Chance handgefertigt. Der strapazierf\u00e4hige und sch\u00f6ne Patchwork-Stoff ist sicher.\" \/>\n<meta name=\"robots\" content=\"index, follow, max-snippet:-1, max-image-preview:large, max-video-preview:-1\" \/>\n<link rel=\"canonical\" href=\"https:\/\/maison-chance.org\/shop\/de\/produkt\/frosch\" \/>\n<meta property=\"og:locale\" content=\"de_DE\" \/>\n<meta property=\"og:type\" content=\"article\" \/>\n<meta property=\"og:title\" content=\"Frosch\" \/>\n<meta property=\"og:description\" content=\"Der froschf\u00f6rmige Schl\u00fcsselanh\u00e4nger wird sorgf\u00e4ltig von den geschickten H\u00e4nden von behinderten Handwerkern bei Maison Chance handgefertigt. Der strapazierf\u00e4hige und sch\u00f6ne Patchwork-Stoff ist sicher.\" \/>\n<meta property=\"og:url\" content=\"https:\/\/maison-chance.org\/shop\/de\/produkt\/frosch\" \/>\n<meta property=\"og:site_name\" content=\"Nh\u00e0 May M\u1eafn - Maison Chance\" \/>\n<meta property=\"article:publisher\" content=\"https:\/\/www.facebook.com\/dnxh.nhamayman\/\" \/>\n<meta property=\"article:modified_time\" content=\"2025-07-16T08:30:48+00:00\" \/>\n<meta property=\"og:image\" content=\"https:\/\/maison-chance.org\/shop\/wp-content\/uploads\/2024\/04\/moc-chia-khoa-hinh-con-ech-3-458x458-1.jpg\" \/>\n\t<meta property=\"og:image:width\" content=\"458\" \/>\n\t<meta property=\"og:image:height\" content=\"458\" \/>\n\t<meta property=\"og:image:type\" content=\"image\/jpeg\" \/>\n<meta name=\"twitter:card\" content=\"summary_large_image\" \/>\n<meta name=\"twitter:label1\" content=\"Preis\" \/>\n\t<meta name=\"twitter:data1\" content=\"&euro;1.93\" \/>\n\t<meta name=\"twitter:label2\" content=\"Verf\u00fcgbarkeit\" \/>\n\t<meta name=\"twitter:data2\" content=\"Auf Lager\" \/>\n<script type=\"application\/ld+json\" class=\"yoast-schema-graph\">{\"@context\":\"https:\/\/schema.org\",\"@graph\":[{\"@type\":\"WebPage\",\"@id\":\"https:\/\/maison-chance.org\/shop\/de\/produkt\/frosch\",\"url\":\"https:\/\/maison-chance.org\/shop\/de\/produkt\/frosch\",\"name\":\"Frosch - gestopfter Schl\u00fcsselanh\u00e4nger - Nh\u00e0 May M\u1eafn - Maison Chance\",\"isPartOf\":{\"@id\":\"https:\/\/maison-chance.org\/shop\/de#website\"},\"primaryImageOfPage\":{\"@id\":\"https:\/\/maison-chance.org\/shop\/de\/produkt\/frosch#primaryimage\"},\"image\":{\"@id\":\"https:\/\/maison-chance.org\/shop\/de\/produkt\/frosch#primaryimage\"},\"thumbnailUrl\":\"https:\/\/maison-chance.org\/shop\/wp-content\/uploads\/2024\/04\/moc-chia-khoa-hinh-con-ech-3-458x458-1.jpg\",\"datePublished\":\"2024-09-25T00:08:09+00:00\",\"dateModified\":\"2025-07-16T08:30:48+00:00\",\"description\":\"Der froschf\u00f6rmige Schl\u00fcsselanh\u00e4nger wird sorgf\u00e4ltig von den geschickten H\u00e4nden von behinderten Handwerkern bei Maison Chance handgefertigt. Der strapazierf\u00e4hige und sch\u00f6ne Patchwork-Stoff ist sicher.\",\"breadcrumb\":{\"@id\":\"https:\/\/maison-chance.org\/shop\/de\/produkt\/frosch#breadcrumb\"},\"inLanguage\":\"de\",\"potentialAction\":[{\"@type\":\"ReadAction\",\"target\":[\"https:\/\/maison-chance.org\/shop\/de\/produkt\/frosch\"]}]},{\"@type\":\"ImageObject\",\"inLanguage\":\"de\",\"@id\":\"https:\/\/maison-chance.org\/shop\/de\/produkt\/frosch#primaryimage\",\"url\":\"https:\/\/maison-chance.org\/shop\/wp-content\/uploads\/2024\/04\/moc-chia-khoa-hinh-con-ech-3-458x458-1.jpg\",\"contentUrl\":\"https:\/\/maison-chance.org\/shop\/wp-content\/uploads\/2024\/04\/moc-chia-khoa-hinh-con-ech-3-458x458-1.jpg\",\"width\":458,\"height\":458,\"caption\":\"Froschf\u00f6rmiger Schl\u00fcsselanh\u00e4nger\"},{\"@type\":\"BreadcrumbList\",\"@id\":\"https:\/\/maison-chance.org\/shop\/de\/produkt\/frosch#breadcrumb\",\"itemListElement\":[{\"@type\":\"ListItem\",\"position\":1,\"name\":\"Trang ch\u1ee7\",\"item\":\"https:\/\/maison-chance.org\/shop\/de\"},{\"@type\":\"ListItem\",\"position\":2,\"name\":\"Shop\",\"item\":\"https:\/\/maison-chance.org\/shop\/shop\"},{\"@type\":\"ListItem\",\"position\":3,\"name\":\"Frosch\"}]},{\"@type\":\"WebSite\",\"@id\":\"https:\/\/maison-chance.org\/shop\/de#website\",\"url\":\"https:\/\/maison-chance.org\/shop\/de\",\"name\":\"Nh\u00e0 May M\u1eafn - Maison Chance\",\"description\":\"M\u1ecdi l\u1ee3i nhu\u1eadn thu v\u1ec1 t\u1eeb vi\u1ec7c b\u00e1n h\u00e0ng s\u1ebd tr\u00edch m\u1ed9t ph\u1ea7n \u0111\u1ec3 ch\u0103m lo cho \u0111\u1eddi s\u1ed1ng c\u00e1c b\u1ea1n khuy\u1ebft t\u1eadt v\u00e0 tr\u1ebb m\u1ed3 c\u00f4i \u1edf \u0111\u00e2y\",\"publisher\":{\"@id\":\"https:\/\/maison-chance.org\/shop\/de#organization\"},\"potentialAction\":[{\"@type\":\"SearchAction\",\"target\":{\"@type\":\"EntryPoint\",\"urlTemplate\":\"https:\/\/maison-chance.org\/shop\/de?s={search_term_string}\"},\"query-input\":{\"@type\":\"PropertyValueSpecification\",\"valueRequired\":true,\"valueName\":\"search_term_string\"}}],\"inLanguage\":\"de\"},{\"@type\":\"Organization\",\"@id\":\"https:\/\/maison-chance.org\/shop\/de#organization\",\"name\":\"Nh\u00e0 May M\u1eafn - Maison Chance\",\"url\":\"https:\/\/maison-chance.org\/shop\/de\",\"logo\":{\"@type\":\"ImageObject\",\"inLanguage\":\"de\",\"@id\":\"https:\/\/maison-chance.org\/shop\/de#\/schema\/logo\/image\/\",\"url\":\"https:\/\/maison-chance.org\/shop\/wp-content\/uploads\/2024\/03\/cropped-Logo_DNXH.png\",\"contentUrl\":\"https:\/\/maison-chance.org\/shop\/wp-content\/uploads\/2024\/03\/cropped-Logo_DNXH.png\",\"width\":512,\"height\":512,\"caption\":\"Nh\u00e0 May M\u1eafn - Maison Chance\"},\"image\":{\"@id\":\"https:\/\/maison-chance.org\/shop\/de#\/schema\/logo\/image\/\"},\"sameAs\":[\"https:\/\/www.facebook.com\/dnxh.nhamayman\/\"]}]}<\/script>\n<meta property=\"product:price:amount\" content=\"1.93\" \/>\n<meta property=\"product:price:currency\" content=\"EUR\" \/>\n<meta property=\"og:availability\" content=\"instock\" \/>\n<meta property=\"product:availability\" content=\"instock\" \/>\n<meta property=\"product:condition\" content=\"new\" \/>\n<!-- \/ Yoast SEO Premium plugin. -->","yoast_head_json":{"title":"Frosch - gestopfter Schl\u00fcsselanh\u00e4nger - Nh\u00e0 May M\u1eafn - Maison Chance","description":"Der froschf\u00f6rmige Schl\u00fcsselanh\u00e4nger wird sorgf\u00e4ltig von den geschickten H\u00e4nden von behinderten Handwerkern bei Maison Chance handgefertigt. Der strapazierf\u00e4hige und sch\u00f6ne Patchwork-Stoff ist sicher.","robots":{"index":"index","follow":"follow","max-snippet":"max-snippet:-1","max-image-preview":"max-image-preview:large","max-video-preview":"max-video-preview:-1"},"canonical":"https:\/\/maison-chance.org\/shop\/de\/produkt\/frosch","og_locale":"de_DE","og_type":"article","og_title":"Frosch","og_description":"Der froschf\u00f6rmige Schl\u00fcsselanh\u00e4nger wird sorgf\u00e4ltig von den geschickten H\u00e4nden von behinderten Handwerkern bei Maison Chance handgefertigt. Der strapazierf\u00e4hige und sch\u00f6ne Patchwork-Stoff ist sicher.","og_url":"https:\/\/maison-chance.org\/shop\/de\/produkt\/frosch","og_site_name":"Nh\u00e0 May M\u1eafn - Maison Chance","article_publisher":"https:\/\/www.facebook.com\/dnxh.nhamayman\/","article_modified_time":"2025-07-16T08:30:48+00:00","og_image":[{"width":458,"height":458,"url":"https:\/\/maison-chance.org\/shop\/wp-content\/uploads\/2024\/04\/moc-chia-khoa-hinh-con-ech-3-458x458-1.jpg","type":"image\/jpeg"}],"twitter_card":"summary_large_image","twitter_misc":{"Preis":"&euro;1.93","Verf\u00fcgbarkeit":"Auf Lager"},"schema":{"@context":"https:\/\/schema.org","@graph":[{"@type":"WebPage","@id":"https:\/\/maison-chance.org\/shop\/de\/produkt\/frosch","url":"https:\/\/maison-chance.org\/shop\/de\/produkt\/frosch","name":"Frosch - gestopfter Schl\u00fcsselanh\u00e4nger - Nh\u00e0 May M\u1eafn - Maison Chance","isPartOf":{"@id":"https:\/\/maison-chance.org\/shop\/de#website"},"primaryImageOfPage":{"@id":"https:\/\/maison-chance.org\/shop\/de\/produkt\/frosch#primaryimage"},"image":{"@id":"https:\/\/maison-chance.org\/shop\/de\/produkt\/frosch#primaryimage"},"thumbnailUrl":"https:\/\/maison-chance.org\/shop\/wp-content\/uploads\/2024\/04\/moc-chia-khoa-hinh-con-ech-3-458x458-1.jpg","datePublished":"2024-09-25T00:08:09+00:00","dateModified":"2025-07-16T08:30:48+00:00","description":"Der froschf\u00f6rmige Schl\u00fcsselanh\u00e4nger wird sorgf\u00e4ltig von den geschickten H\u00e4nden von behinderten Handwerkern bei Maison Chance handgefertigt. Der strapazierf\u00e4hige und sch\u00f6ne Patchwork-Stoff ist sicher.","breadcrumb":{"@id":"https:\/\/maison-chance.org\/shop\/de\/produkt\/frosch#breadcrumb"},"inLanguage":"de","potentialAction":[{"@type":"ReadAction","target":["https:\/\/maison-chance.org\/shop\/de\/produkt\/frosch"]}]},{"@type":"ImageObject","inLanguage":"de","@id":"https:\/\/maison-chance.org\/shop\/de\/produkt\/frosch#primaryimage","url":"https:\/\/maison-chance.org\/shop\/wp-content\/uploads\/2024\/04\/moc-chia-khoa-hinh-con-ech-3-458x458-1.jpg","contentUrl":"https:\/\/maison-chance.org\/shop\/wp-content\/uploads\/2024\/04\/moc-chia-khoa-hinh-con-ech-3-458x458-1.jpg","width":458,"height":458,"caption":"Froschf\u00f6rmiger Schl\u00fcsselanh\u00e4nger"},{"@type":"BreadcrumbList","@id":"https:\/\/maison-chance.org\/shop\/de\/produkt\/frosch#breadcrumb","itemListElement":[{"@type":"ListItem","position":1,"name":"Trang ch\u1ee7","item":"https:\/\/maison-chance.org\/shop\/de"},{"@type":"ListItem","position":2,"name":"Shop","item":"https:\/\/maison-chance.org\/shop\/shop"},{"@type":"ListItem","position":3,"name":"Frosch"}]},{"@type":"WebSite","@id":"https:\/\/maison-chance.org\/shop\/de#website","url":"https:\/\/maison-chance.org\/shop\/de","name":"Nh\u00e0 May M\u1eafn - Maison Chance","description":"M\u1ecdi l\u1ee3i nhu\u1eadn thu v\u1ec1 t\u1eeb vi\u1ec7c b\u00e1n h\u00e0ng s\u1ebd tr\u00edch m\u1ed9t ph\u1ea7n \u0111\u1ec3 ch\u0103m lo cho \u0111\u1eddi s\u1ed1ng c\u00e1c b\u1ea1n khuy\u1ebft t\u1eadt v\u00e0 tr\u1ebb m\u1ed3 c\u00f4i \u1edf \u0111\u00e2y","publisher":{"@id":"https:\/\/maison-chance.org\/shop\/de#organization"},"potentialAction":[{"@type":"SearchAction","target":{"@type":"EntryPoint","urlTemplate":"https:\/\/maison-chance.org\/shop\/de?s={search_term_string}"},"query-input":{"@type":"PropertyValueSpecification","valueRequired":true,"valueName":"search_term_string"}}],"inLanguage":"de"},{"@type":"Organization","@id":"https:\/\/maison-chance.org\/shop\/de#organization","name":"Nh\u00e0 May M\u1eafn - Maison Chance","url":"https:\/\/maison-chance.org\/shop\/de","logo":{"@type":"ImageObject","inLanguage":"de","@id":"https:\/\/maison-chance.org\/shop\/de#\/schema\/logo\/image\/","url":"https:\/\/maison-chance.org\/shop\/wp-content\/uploads\/2024\/03\/cropped-Logo_DNXH.png","contentUrl":"https:\/\/maison-chance.org\/shop\/wp-content\/uploads\/2024\/03\/cropped-Logo_DNXH.png","width":512,"height":512,"caption":"Nh\u00e0 May M\u1eafn - Maison Chance"},"image":{"@id":"https:\/\/maison-chance.org\/shop\/de#\/schema\/logo\/image\/"},"sameAs":["https:\/\/www.facebook.com\/dnxh.nhamayman\/"]}]},"product_price_amount":"1.93","product_price_currency":"EUR","og_availability":"instock","product_availability":"instock","product_condition":"new"},"_links":{"self":[{"href":"https:\/\/maison-chance.org\/shop\/de\/wp-json\/wp\/v2\/product\/40471","targetHints":{"allow":["GET"]}}],"collection":[{"href":"https:\/\/maison-chance.org\/shop\/de\/wp-json\/wp\/v2\/product"}],"about":[{"href":"https:\/\/maison-chance.org\/shop\/de\/wp-json\/wp\/v2\/types\/product"}],"wp:featuredmedia":[{"embeddable":true,"href":"https:\/\/maison-chance.org\/shop\/de\/wp-json\/wp\/v2\/media\/37213"}],"wp:attachment":[{"href":"https:\/\/maison-chance.org\/shop\/de\/wp-json\/wp\/v2\/media?parent=40471"}],"wp:term":[{"taxonomy":"product_brand","embeddable":true,"href":"https:\/\/maison-chance.org\/shop\/de\/wp-json\/wp\/v2\/product_brand?post=40471"},{"taxonomy":"product_cat","embeddable":true,"href":"https:\/\/maison-chance.org\/shop\/de\/wp-json\/wp\/v2\/product_cat?post=40471"},{"taxonomy":"product_tag","embeddable":true,"href":"https:\/\/maison-chance.org\/shop\/de\/wp-json\/wp\/v2\/product_tag?post=40471"}],"curies":[{"name":"wp","href":"https:\/\/api.w.org\/{rel}","templated":true}]}}