{"id":40497,"date":"2024-09-29T07:02:29","date_gmt":"2024-09-29T00:02:29","guid":{"rendered":"https:\/\/maison-chance.org\/shop\/san-pham\/huhn"},"modified":"2025-07-16T14:37:13","modified_gmt":"2025-07-16T07:37:13","slug":"huhn","status":"publish","type":"product","link":"https:\/\/maison-chance.org\/shop\/de\/produkt\/huhn","title":{"rendered":"Huhn"},"content":{"rendered":"<p data-start=\"55\" data-end=\"256\">Der Hahn ist ein Symbol f\u00fcr Flei\u00df, P\u00fcnktlichkeit und den unerm\u00fcdlichen Drang, voranzuschreiten. In der Volkskultur steht er au\u00dferdem f\u00fcr Licht, leuchtende Neuanf\u00e4nge und unbeirrte Entschlossenheit.<\/p>\n<p data-start=\"258\" data-end=\"680\">Der Hahn-Schl\u00fcsselanh\u00e4nger wird in liebevoller Handarbeit aus Brokatstoff von den Kunsthandwerker*innen bei <em data-start=\"366\" data-end=\"381\">Maison Chance<\/em> gefertigt \u2013 Menschen, die trotz vieler Herausforderungen mit gro\u00dfer Sorgfalt, Genauigkeit und stiller W\u00fcrde arbeiten. Mit seiner niedlichen Form und den kr\u00e4ftigen Farben ist dieser Anh\u00e4nger nicht nur ein praktisches Accessoire, sondern tr\u00e4gt auch eine warme, positive und vertraute Energie in sich.<\/p>\n<p data-start=\"682\" data-end=\"857\">Er eignet sich besonders gut als Neujahrsgeschenk, als Gl\u00fccksbringer f\u00fcr Rucksack oder Handtasche \u2013 oder einfach als kleiner Gegenstand, der dir jeden Tag ein L\u00e4cheln schenkt.<\/p>\n<p data-start=\"859\" data-end=\"991\">Ein handgefertigtes Geschenk \u2013 klein, aber bedeutungsvoll \u2013 f\u00fcr all jene, die fr\u00fch aufstehen, um jeden Tag in vollen Z\u00fcgen zu leben.<\/p>\n<p data-start=\"993\" data-end=\"1171\">\ud83d\udce9 Die Preise in Vietnam k\u00f6nnen variieren. Bitte kontaktiere uns f\u00fcr weitere Informationen.<br data-start=\"1084\" data-end=\"1087\" \/><strong data-start=\"1087\" data-end=\"1099\">Hotline:<\/strong> 0909\u202f06\u202f25\u202f28<br data-start=\"1113\" data-end=\"1116\" \/><strong data-start=\"1116\" data-end=\"1135\">Facebook-Seite:<\/strong> <em data-start=\"1136\" data-end=\"1171\">Maison Chance \u2013 Sozialunternehmen<\/em><\/p>\n","protected":false},"excerpt":{"rendered":"<p style=\"text-align: justify;\">Produkte, die von unseren benachteiligten behinderten Freunden handgefertigt werden, hoffen auf die Unterst\u00fctzung unserer gesch\u00e4tzten Kunden.<\/p>\n<p>Material: Brokatstoff<\/p>\n<p>Code: MK10TC<\/p>\n<p>Hotline: <span style=\"font-size: 20px;\"><strong><span style=\"color: #ff0000;\">0909 06 25 28<\/span><\/strong><\/span><\/p>\n<p style=\"text-align: justify;\">Wenn Sie in Vietnam sind, kontaktieren Sie uns bitte \u00fcber die Hotline oder die Maison Chance Business-Fanpage, um den Preis in Vietnam zu erfahren.<\/p>\n","protected":false},"featured_media":37288,"template":"","meta":[],"product_brand":[],"product_cat":[241,232],"product_tag":[],"class_list":{"0":"post-40497","1":"product","2":"type-product","3":"status-publish","4":"has-post-thumbnail","6":"product_cat-gefuellter-schluesselanhaenger-naeherei","7":"product_cat-naeherei","9":"first","10":"instock","11":"shipping-taxable","12":"purchasable","13":"product-type-simple"},"yoast_head":"<!-- This site is optimized with the Yoast SEO Premium plugin v22.7 (Yoast SEO v25.3.1) - https:\/\/yoast.com\/wordpress\/plugins\/seo\/ -->\n<title>Huhn - Pl\u00fcsch-Schl\u00fcsselanh\u00e4nger - Nh\u00e0 May M\u1eafn - Maison Chance<\/title>\n<meta name=\"description\" content=\"Der H\u00fchnchen-Schl\u00fcsselanh\u00e4nger wird sorgf\u00e4ltig von den geschickten H\u00e4nden behinderter Arbeiter bei Maison Chance handgefertigt. Der langlebige und sch\u00f6ne Brokatstoff ist sicher\" \/>\n<meta name=\"robots\" content=\"index, follow, max-snippet:-1, max-image-preview:large, max-video-preview:-1\" \/>\n<link rel=\"canonical\" href=\"https:\/\/maison-chance.org\/shop\/de\/produkt\/huhn\" \/>\n<meta property=\"og:locale\" content=\"de_DE\" \/>\n<meta property=\"og:type\" content=\"article\" \/>\n<meta property=\"og:title\" content=\"Huhn\" \/>\n<meta property=\"og:description\" content=\"Der H\u00fchnchen-Schl\u00fcsselanh\u00e4nger wird sorgf\u00e4ltig von den geschickten H\u00e4nden behinderter Arbeiter bei Maison Chance handgefertigt. Der langlebige und sch\u00f6ne Brokatstoff ist sicher\" \/>\n<meta property=\"og:url\" content=\"https:\/\/maison-chance.org\/shop\/de\/produkt\/huhn\" \/>\n<meta property=\"og:site_name\" content=\"Nh\u00e0 May M\u1eafn - Maison Chance\" \/>\n<meta property=\"article:publisher\" content=\"https:\/\/www.facebook.com\/dnxh.nhamayman\/\" \/>\n<meta property=\"article:modified_time\" content=\"2025-07-16T07:37:13+00:00\" \/>\n<meta property=\"og:image\" content=\"https:\/\/maison-chance.org\/shop\/wp-content\/uploads\/2024\/04\/moc-chia-khoa-hinh-con-ga-3.jpg\" \/>\n\t<meta property=\"og:image:width\" content=\"600\" \/>\n\t<meta property=\"og:image:height\" content=\"600\" \/>\n\t<meta property=\"og:image:type\" content=\"image\/jpeg\" \/>\n<meta name=\"twitter:card\" content=\"summary_large_image\" \/>\n<meta name=\"twitter:label1\" content=\"Preis\" \/>\n\t<meta name=\"twitter:data1\" content=\"&euro;1.93\" \/>\n\t<meta name=\"twitter:label2\" content=\"Verf\u00fcgbarkeit\" \/>\n\t<meta name=\"twitter:data2\" content=\"Auf Lager\" \/>\n<script type=\"application\/ld+json\" class=\"yoast-schema-graph\">{\"@context\":\"https:\/\/schema.org\",\"@graph\":[{\"@type\":\"WebPage\",\"@id\":\"https:\/\/maison-chance.org\/shop\/de\/produkt\/huhn\",\"url\":\"https:\/\/maison-chance.org\/shop\/de\/produkt\/huhn\",\"name\":\"Huhn - Pl\u00fcsch-Schl\u00fcsselanh\u00e4nger - Nh\u00e0 May M\u1eafn - Maison Chance\",\"isPartOf\":{\"@id\":\"https:\/\/maison-chance.org\/shop\/de#website\"},\"primaryImageOfPage\":{\"@id\":\"https:\/\/maison-chance.org\/shop\/de\/produkt\/huhn#primaryimage\"},\"image\":{\"@id\":\"https:\/\/maison-chance.org\/shop\/de\/produkt\/huhn#primaryimage\"},\"thumbnailUrl\":\"https:\/\/maison-chance.org\/shop\/wp-content\/uploads\/2024\/04\/moc-chia-khoa-hinh-con-ga-3.jpg\",\"datePublished\":\"2024-09-29T00:02:29+00:00\",\"dateModified\":\"2025-07-16T07:37:13+00:00\",\"description\":\"Der H\u00fchnchen-Schl\u00fcsselanh\u00e4nger wird sorgf\u00e4ltig von den geschickten H\u00e4nden behinderter Arbeiter bei Maison Chance handgefertigt. Der langlebige und sch\u00f6ne Brokatstoff ist sicher\",\"breadcrumb\":{\"@id\":\"https:\/\/maison-chance.org\/shop\/de\/produkt\/huhn#breadcrumb\"},\"inLanguage\":\"de\",\"potentialAction\":[{\"@type\":\"ReadAction\",\"target\":[\"https:\/\/maison-chance.org\/shop\/de\/produkt\/huhn\"]}]},{\"@type\":\"ImageObject\",\"inLanguage\":\"de\",\"@id\":\"https:\/\/maison-chance.org\/shop\/de\/produkt\/huhn#primaryimage\",\"url\":\"https:\/\/maison-chance.org\/shop\/wp-content\/uploads\/2024\/04\/moc-chia-khoa-hinh-con-ga-3.jpg\",\"contentUrl\":\"https:\/\/maison-chance.org\/shop\/wp-content\/uploads\/2024\/04\/moc-chia-khoa-hinh-con-ga-3.jpg\",\"width\":600,\"height\":600,\"caption\":\"H\u00fchnchenf\u00f6rmiger Schl\u00fcsselanh\u00e4nger\"},{\"@type\":\"BreadcrumbList\",\"@id\":\"https:\/\/maison-chance.org\/shop\/de\/produkt\/huhn#breadcrumb\",\"itemListElement\":[{\"@type\":\"ListItem\",\"position\":1,\"name\":\"Trang ch\u1ee7\",\"item\":\"https:\/\/maison-chance.org\/shop\/de\"},{\"@type\":\"ListItem\",\"position\":2,\"name\":\"Shop\",\"item\":\"https:\/\/maison-chance.org\/shop\/shop\"},{\"@type\":\"ListItem\",\"position\":3,\"name\":\"Huhn\"}]},{\"@type\":\"WebSite\",\"@id\":\"https:\/\/maison-chance.org\/shop\/de#website\",\"url\":\"https:\/\/maison-chance.org\/shop\/de\",\"name\":\"Nh\u00e0 May M\u1eafn - Maison Chance\",\"description\":\"M\u1ecdi l\u1ee3i nhu\u1eadn thu v\u1ec1 t\u1eeb vi\u1ec7c b\u00e1n h\u00e0ng s\u1ebd tr\u00edch m\u1ed9t ph\u1ea7n \u0111\u1ec3 ch\u0103m lo cho \u0111\u1eddi s\u1ed1ng c\u00e1c b\u1ea1n khuy\u1ebft t\u1eadt v\u00e0 tr\u1ebb m\u1ed3 c\u00f4i \u1edf \u0111\u00e2y\",\"publisher\":{\"@id\":\"https:\/\/maison-chance.org\/shop\/de#organization\"},\"potentialAction\":[{\"@type\":\"SearchAction\",\"target\":{\"@type\":\"EntryPoint\",\"urlTemplate\":\"https:\/\/maison-chance.org\/shop\/de?s={search_term_string}\"},\"query-input\":{\"@type\":\"PropertyValueSpecification\",\"valueRequired\":true,\"valueName\":\"search_term_string\"}}],\"inLanguage\":\"de\"},{\"@type\":\"Organization\",\"@id\":\"https:\/\/maison-chance.org\/shop\/de#organization\",\"name\":\"Nh\u00e0 May M\u1eafn - Maison Chance\",\"url\":\"https:\/\/maison-chance.org\/shop\/de\",\"logo\":{\"@type\":\"ImageObject\",\"inLanguage\":\"de\",\"@id\":\"https:\/\/maison-chance.org\/shop\/de#\/schema\/logo\/image\/\",\"url\":\"https:\/\/maison-chance.org\/shop\/wp-content\/uploads\/2024\/03\/cropped-Logo_DNXH.png\",\"contentUrl\":\"https:\/\/maison-chance.org\/shop\/wp-content\/uploads\/2024\/03\/cropped-Logo_DNXH.png\",\"width\":512,\"height\":512,\"caption\":\"Nh\u00e0 May M\u1eafn - Maison Chance\"},\"image\":{\"@id\":\"https:\/\/maison-chance.org\/shop\/de#\/schema\/logo\/image\/\"},\"sameAs\":[\"https:\/\/www.facebook.com\/dnxh.nhamayman\/\"]}]}<\/script>\n<meta property=\"product:price:amount\" content=\"1.93\" \/>\n<meta property=\"product:price:currency\" content=\"EUR\" \/>\n<meta property=\"og:availability\" content=\"instock\" \/>\n<meta property=\"product:availability\" content=\"instock\" \/>\n<meta property=\"product:condition\" content=\"new\" \/>\n<!-- \/ Yoast SEO Premium plugin. -->","yoast_head_json":{"title":"Huhn - Pl\u00fcsch-Schl\u00fcsselanh\u00e4nger - Nh\u00e0 May M\u1eafn - Maison Chance","description":"Der H\u00fchnchen-Schl\u00fcsselanh\u00e4nger wird sorgf\u00e4ltig von den geschickten H\u00e4nden behinderter Arbeiter bei Maison Chance handgefertigt. Der langlebige und sch\u00f6ne Brokatstoff ist sicher","robots":{"index":"index","follow":"follow","max-snippet":"max-snippet:-1","max-image-preview":"max-image-preview:large","max-video-preview":"max-video-preview:-1"},"canonical":"https:\/\/maison-chance.org\/shop\/de\/produkt\/huhn","og_locale":"de_DE","og_type":"article","og_title":"Huhn","og_description":"Der H\u00fchnchen-Schl\u00fcsselanh\u00e4nger wird sorgf\u00e4ltig von den geschickten H\u00e4nden behinderter Arbeiter bei Maison Chance handgefertigt. Der langlebige und sch\u00f6ne Brokatstoff ist sicher","og_url":"https:\/\/maison-chance.org\/shop\/de\/produkt\/huhn","og_site_name":"Nh\u00e0 May M\u1eafn - Maison Chance","article_publisher":"https:\/\/www.facebook.com\/dnxh.nhamayman\/","article_modified_time":"2025-07-16T07:37:13+00:00","og_image":[{"width":600,"height":600,"url":"https:\/\/maison-chance.org\/shop\/wp-content\/uploads\/2024\/04\/moc-chia-khoa-hinh-con-ga-3.jpg","type":"image\/jpeg"}],"twitter_card":"summary_large_image","twitter_misc":{"Preis":"&euro;1.93","Verf\u00fcgbarkeit":"Auf Lager"},"schema":{"@context":"https:\/\/schema.org","@graph":[{"@type":"WebPage","@id":"https:\/\/maison-chance.org\/shop\/de\/produkt\/huhn","url":"https:\/\/maison-chance.org\/shop\/de\/produkt\/huhn","name":"Huhn - Pl\u00fcsch-Schl\u00fcsselanh\u00e4nger - Nh\u00e0 May M\u1eafn - Maison Chance","isPartOf":{"@id":"https:\/\/maison-chance.org\/shop\/de#website"},"primaryImageOfPage":{"@id":"https:\/\/maison-chance.org\/shop\/de\/produkt\/huhn#primaryimage"},"image":{"@id":"https:\/\/maison-chance.org\/shop\/de\/produkt\/huhn#primaryimage"},"thumbnailUrl":"https:\/\/maison-chance.org\/shop\/wp-content\/uploads\/2024\/04\/moc-chia-khoa-hinh-con-ga-3.jpg","datePublished":"2024-09-29T00:02:29+00:00","dateModified":"2025-07-16T07:37:13+00:00","description":"Der H\u00fchnchen-Schl\u00fcsselanh\u00e4nger wird sorgf\u00e4ltig von den geschickten H\u00e4nden behinderter Arbeiter bei Maison Chance handgefertigt. Der langlebige und sch\u00f6ne Brokatstoff ist sicher","breadcrumb":{"@id":"https:\/\/maison-chance.org\/shop\/de\/produkt\/huhn#breadcrumb"},"inLanguage":"de","potentialAction":[{"@type":"ReadAction","target":["https:\/\/maison-chance.org\/shop\/de\/produkt\/huhn"]}]},{"@type":"ImageObject","inLanguage":"de","@id":"https:\/\/maison-chance.org\/shop\/de\/produkt\/huhn#primaryimage","url":"https:\/\/maison-chance.org\/shop\/wp-content\/uploads\/2024\/04\/moc-chia-khoa-hinh-con-ga-3.jpg","contentUrl":"https:\/\/maison-chance.org\/shop\/wp-content\/uploads\/2024\/04\/moc-chia-khoa-hinh-con-ga-3.jpg","width":600,"height":600,"caption":"H\u00fchnchenf\u00f6rmiger Schl\u00fcsselanh\u00e4nger"},{"@type":"BreadcrumbList","@id":"https:\/\/maison-chance.org\/shop\/de\/produkt\/huhn#breadcrumb","itemListElement":[{"@type":"ListItem","position":1,"name":"Trang ch\u1ee7","item":"https:\/\/maison-chance.org\/shop\/de"},{"@type":"ListItem","position":2,"name":"Shop","item":"https:\/\/maison-chance.org\/shop\/shop"},{"@type":"ListItem","position":3,"name":"Huhn"}]},{"@type":"WebSite","@id":"https:\/\/maison-chance.org\/shop\/de#website","url":"https:\/\/maison-chance.org\/shop\/de","name":"Nh\u00e0 May M\u1eafn - Maison Chance","description":"M\u1ecdi l\u1ee3i nhu\u1eadn thu v\u1ec1 t\u1eeb vi\u1ec7c b\u00e1n h\u00e0ng s\u1ebd tr\u00edch m\u1ed9t ph\u1ea7n \u0111\u1ec3 ch\u0103m lo cho \u0111\u1eddi s\u1ed1ng c\u00e1c b\u1ea1n khuy\u1ebft t\u1eadt v\u00e0 tr\u1ebb m\u1ed3 c\u00f4i \u1edf \u0111\u00e2y","publisher":{"@id":"https:\/\/maison-chance.org\/shop\/de#organization"},"potentialAction":[{"@type":"SearchAction","target":{"@type":"EntryPoint","urlTemplate":"https:\/\/maison-chance.org\/shop\/de?s={search_term_string}"},"query-input":{"@type":"PropertyValueSpecification","valueRequired":true,"valueName":"search_term_string"}}],"inLanguage":"de"},{"@type":"Organization","@id":"https:\/\/maison-chance.org\/shop\/de#organization","name":"Nh\u00e0 May M\u1eafn - Maison Chance","url":"https:\/\/maison-chance.org\/shop\/de","logo":{"@type":"ImageObject","inLanguage":"de","@id":"https:\/\/maison-chance.org\/shop\/de#\/schema\/logo\/image\/","url":"https:\/\/maison-chance.org\/shop\/wp-content\/uploads\/2024\/03\/cropped-Logo_DNXH.png","contentUrl":"https:\/\/maison-chance.org\/shop\/wp-content\/uploads\/2024\/03\/cropped-Logo_DNXH.png","width":512,"height":512,"caption":"Nh\u00e0 May M\u1eafn - Maison Chance"},"image":{"@id":"https:\/\/maison-chance.org\/shop\/de#\/schema\/logo\/image\/"},"sameAs":["https:\/\/www.facebook.com\/dnxh.nhamayman\/"]}]},"product_price_amount":"1.93","product_price_currency":"EUR","og_availability":"instock","product_availability":"instock","product_condition":"new"},"_links":{"self":[{"href":"https:\/\/maison-chance.org\/shop\/de\/wp-json\/wp\/v2\/product\/40497","targetHints":{"allow":["GET"]}}],"collection":[{"href":"https:\/\/maison-chance.org\/shop\/de\/wp-json\/wp\/v2\/product"}],"about":[{"href":"https:\/\/maison-chance.org\/shop\/de\/wp-json\/wp\/v2\/types\/product"}],"wp:featuredmedia":[{"embeddable":true,"href":"https:\/\/maison-chance.org\/shop\/de\/wp-json\/wp\/v2\/media\/37288"}],"wp:attachment":[{"href":"https:\/\/maison-chance.org\/shop\/de\/wp-json\/wp\/v2\/media?parent=40497"}],"wp:term":[{"taxonomy":"product_brand","embeddable":true,"href":"https:\/\/maison-chance.org\/shop\/de\/wp-json\/wp\/v2\/product_brand?post=40497"},{"taxonomy":"product_cat","embeddable":true,"href":"https:\/\/maison-chance.org\/shop\/de\/wp-json\/wp\/v2\/product_cat?post=40497"},{"taxonomy":"product_tag","embeddable":true,"href":"https:\/\/maison-chance.org\/shop\/de\/wp-json\/wp\/v2\/product_tag?post=40497"}],"curies":[{"name":"wp","href":"https:\/\/api.w.org\/{rel}","templated":true}]}}