{"id":40505,"date":"2024-09-29T07:07:50","date_gmt":"2024-09-29T00:07:50","guid":{"rendered":"https:\/\/maison-chance.org\/shop\/san-pham\/ziege"},"modified":"2025-07-16T14:20:30","modified_gmt":"2025-07-16T07:20:30","slug":"ziege","status":"publish","type":"product","link":"https:\/\/maison-chance.org\/shop\/de\/produkt\/ziege","title":{"rendered":"Ziege"},"content":{"rendered":"<p data-start=\"55\" data-end=\"308\">Die Ziege gilt oft als Symbol f\u00fcr Sanftmut, Feinf\u00fchligkeit und die F\u00e4higkeit, im Einklang mit der Natur zu leben. Doch hinter dieser Sanftheit verbirgt sich eine stille St\u00e4rke \u2013 eine Art von Standhaftigkeit, die sich nicht in den Vordergrund dr\u00e4ngt.<\/p>\n<p data-start=\"310\" data-end=\"640\">Dieser Ziegen-Schl\u00fcsselanh\u00e4nger wird in liebevoller Handarbeit aus Brokatstoff bei <em data-start=\"393\" data-end=\"408\">Maison Chance<\/em> gefertigt. Er besticht durch sein kleines, h\u00fcbsches Design, weiche Konturen und frische, lebendige Farben. Jedes St\u00fcck ist das Ergebnis von Geduld und Sorgfalt \u2013 ein Accessoire, das Freundlichkeit und schlichte \u00c4sthetik ausstrahlt.<\/p>\n<p data-start=\"642\" data-end=\"928\">Dieser Schl\u00fcsselanh\u00e4nger ist vielleicht nicht auff\u00e4llig, aber charmant genug, um Aufmerksamkeit zu erregen. Er eignet sich f\u00fcr Menschen, die das Feine sch\u00e4tzen, einen ruhigen, tiefgr\u00fcndigen Lebensstil bevorzugen \u2013 oder einfach als Geschenk f\u00fcr jemanden, bei dem man sich geborgen f\u00fchlt.<\/p>\n<p data-start=\"930\" data-end=\"1045\">Ein kleines Geschenk, das das Herz erw\u00e4rmen kann \u2013 und daran erinnert, dass Sanftheit alles andere als einfach ist.<\/p>\n<p data-start=\"1047\" data-end=\"1230\">\ud83d\udce9 Die Preise in Vietnam k\u00f6nnen variieren. Bitte kontaktieren Sie uns f\u00fcr weitere Informationen.<br data-start=\"1143\" data-end=\"1146\" \/><strong data-start=\"1146\" data-end=\"1158\">Hotline:<\/strong> 0909\u202f06\u202f25\u202f28<br data-start=\"1172\" data-end=\"1175\" \/><strong data-start=\"1175\" data-end=\"1194\">Facebook-Seite:<\/strong> <em data-start=\"1195\" data-end=\"1230\">Maison Chance \u2013 Sozialunternehmen<\/em><\/p>\n","protected":false},"excerpt":{"rendered":"<p style=\"text-align: justify;\">Produkte, die von unseren weniger gl\u00fccklichen behinderten Freunden handgefertigt werden, wir hoffen freundlich auf Ihre Unterst\u00fctzung.<\/p>\n<p>Material: Brokatstoff<\/p>\n<p>Code: MK08TC<\/p>\n<p>Hotline: <span style=\"font-size: 20px;\"><strong><span style=\"color: #ff0000;\">0909 06 25 28<\/span><\/strong><\/span><\/p>\n<p style=\"text-align: justify;\">Wenn Sie sich in Vietnam befinden, kontaktieren Sie uns bitte \u00fcber die Hotline oder die Maison Chance Business-Fanpage, um den Preis in Vietnam zu erfahren.<\/p>\n","protected":false},"featured_media":37247,"template":"","meta":[],"product_brand":[],"product_cat":[241,232],"product_tag":[],"class_list":{"0":"post-40505","1":"product","2":"type-product","3":"status-publish","4":"has-post-thumbnail","6":"product_cat-gefuellter-schluesselanhaenger-naeherei","7":"product_cat-naeherei","9":"first","10":"instock","11":"shipping-taxable","12":"purchasable","13":"product-type-simple"},"yoast_head":"<!-- This site is optimized with the Yoast SEO Premium plugin v22.7 (Yoast SEO v25.3.1) - https:\/\/yoast.com\/wordpress\/plugins\/seo\/ -->\n<title>Ziege - Pl\u00fcsch-Schl\u00fcsselanh\u00e4nger - Nh\u00e0 May M\u1eafn - Maison Chance<\/title>\n<meta name=\"description\" content=\"Der Ziegen-Schl\u00fcsselanh\u00e4nger wird sorgf\u00e4ltig von den geschickten H\u00e4nden behinderter Arbeiter bei Maison Chance handgefertigt. Langlebiger und sch\u00f6ner Brokatstoff, sicher\" \/>\n<meta name=\"robots\" content=\"index, follow, max-snippet:-1, max-image-preview:large, max-video-preview:-1\" \/>\n<link rel=\"canonical\" href=\"https:\/\/maison-chance.org\/shop\/de\/produkt\/ziege\" \/>\n<meta property=\"og:locale\" content=\"de_DE\" \/>\n<meta property=\"og:type\" content=\"article\" \/>\n<meta property=\"og:title\" content=\"Ziege\" \/>\n<meta property=\"og:description\" content=\"Der Ziegen-Schl\u00fcsselanh\u00e4nger wird sorgf\u00e4ltig von den geschickten H\u00e4nden behinderter Arbeiter bei Maison Chance handgefertigt. Langlebiger und sch\u00f6ner Brokatstoff, sicher\" \/>\n<meta property=\"og:url\" content=\"https:\/\/maison-chance.org\/shop\/de\/produkt\/ziege\" \/>\n<meta property=\"og:site_name\" content=\"Nh\u00e0 May M\u1eafn - Maison Chance\" \/>\n<meta property=\"article:publisher\" content=\"https:\/\/www.facebook.com\/dnxh.nhamayman\/\" \/>\n<meta property=\"article:modified_time\" content=\"2025-07-16T07:20:30+00:00\" \/>\n<meta property=\"og:image\" content=\"https:\/\/maison-chance.org\/shop\/wp-content\/uploads\/2024\/04\/moc-chia-khoa-hinh-con-de-3.jpg\" \/>\n\t<meta property=\"og:image:width\" content=\"600\" \/>\n\t<meta property=\"og:image:height\" content=\"600\" \/>\n\t<meta property=\"og:image:type\" content=\"image\/jpeg\" \/>\n<meta name=\"twitter:card\" content=\"summary_large_image\" \/>\n<meta name=\"twitter:label1\" content=\"Preis\" \/>\n\t<meta name=\"twitter:data1\" content=\"&euro;1.93\" \/>\n\t<meta name=\"twitter:label2\" content=\"Verf\u00fcgbarkeit\" \/>\n\t<meta name=\"twitter:data2\" content=\"Auf Lager\" \/>\n<script type=\"application\/ld+json\" class=\"yoast-schema-graph\">{\"@context\":\"https:\/\/schema.org\",\"@graph\":[{\"@type\":\"WebPage\",\"@id\":\"https:\/\/maison-chance.org\/shop\/de\/produkt\/ziege\",\"url\":\"https:\/\/maison-chance.org\/shop\/de\/produkt\/ziege\",\"name\":\"Ziege - Pl\u00fcsch-Schl\u00fcsselanh\u00e4nger - Nh\u00e0 May M\u1eafn - Maison Chance\",\"isPartOf\":{\"@id\":\"https:\/\/maison-chance.org\/shop\/de#website\"},\"primaryImageOfPage\":{\"@id\":\"https:\/\/maison-chance.org\/shop\/de\/produkt\/ziege#primaryimage\"},\"image\":{\"@id\":\"https:\/\/maison-chance.org\/shop\/de\/produkt\/ziege#primaryimage\"},\"thumbnailUrl\":\"https:\/\/maison-chance.org\/shop\/wp-content\/uploads\/2024\/04\/moc-chia-khoa-hinh-con-de-3.jpg\",\"datePublished\":\"2024-09-29T00:07:50+00:00\",\"dateModified\":\"2025-07-16T07:20:30+00:00\",\"description\":\"Der Ziegen-Schl\u00fcsselanh\u00e4nger wird sorgf\u00e4ltig von den geschickten H\u00e4nden behinderter Arbeiter bei Maison Chance handgefertigt. Langlebiger und sch\u00f6ner Brokatstoff, sicher\",\"breadcrumb\":{\"@id\":\"https:\/\/maison-chance.org\/shop\/de\/produkt\/ziege#breadcrumb\"},\"inLanguage\":\"de\",\"potentialAction\":[{\"@type\":\"ReadAction\",\"target\":[\"https:\/\/maison-chance.org\/shop\/de\/produkt\/ziege\"]}]},{\"@type\":\"ImageObject\",\"inLanguage\":\"de\",\"@id\":\"https:\/\/maison-chance.org\/shop\/de\/produkt\/ziege#primaryimage\",\"url\":\"https:\/\/maison-chance.org\/shop\/wp-content\/uploads\/2024\/04\/moc-chia-khoa-hinh-con-de-3.jpg\",\"contentUrl\":\"https:\/\/maison-chance.org\/shop\/wp-content\/uploads\/2024\/04\/moc-chia-khoa-hinh-con-de-3.jpg\",\"width\":600,\"height\":600,\"caption\":\"Ziegenf\u00f6rmiger Schl\u00fcsselanh\u00e4nger\"},{\"@type\":\"BreadcrumbList\",\"@id\":\"https:\/\/maison-chance.org\/shop\/de\/produkt\/ziege#breadcrumb\",\"itemListElement\":[{\"@type\":\"ListItem\",\"position\":1,\"name\":\"Trang ch\u1ee7\",\"item\":\"https:\/\/maison-chance.org\/shop\/de\"},{\"@type\":\"ListItem\",\"position\":2,\"name\":\"Shop\",\"item\":\"https:\/\/maison-chance.org\/shop\/shop\"},{\"@type\":\"ListItem\",\"position\":3,\"name\":\"Ziege\"}]},{\"@type\":\"WebSite\",\"@id\":\"https:\/\/maison-chance.org\/shop\/de#website\",\"url\":\"https:\/\/maison-chance.org\/shop\/de\",\"name\":\"Nh\u00e0 May M\u1eafn - Maison Chance\",\"description\":\"M\u1ecdi l\u1ee3i nhu\u1eadn thu v\u1ec1 t\u1eeb vi\u1ec7c b\u00e1n h\u00e0ng s\u1ebd tr\u00edch m\u1ed9t ph\u1ea7n \u0111\u1ec3 ch\u0103m lo cho \u0111\u1eddi s\u1ed1ng c\u00e1c b\u1ea1n khuy\u1ebft t\u1eadt v\u00e0 tr\u1ebb m\u1ed3 c\u00f4i \u1edf \u0111\u00e2y\",\"publisher\":{\"@id\":\"https:\/\/maison-chance.org\/shop\/de#organization\"},\"potentialAction\":[{\"@type\":\"SearchAction\",\"target\":{\"@type\":\"EntryPoint\",\"urlTemplate\":\"https:\/\/maison-chance.org\/shop\/de?s={search_term_string}\"},\"query-input\":{\"@type\":\"PropertyValueSpecification\",\"valueRequired\":true,\"valueName\":\"search_term_string\"}}],\"inLanguage\":\"de\"},{\"@type\":\"Organization\",\"@id\":\"https:\/\/maison-chance.org\/shop\/de#organization\",\"name\":\"Nh\u00e0 May M\u1eafn - Maison Chance\",\"url\":\"https:\/\/maison-chance.org\/shop\/de\",\"logo\":{\"@type\":\"ImageObject\",\"inLanguage\":\"de\",\"@id\":\"https:\/\/maison-chance.org\/shop\/de#\/schema\/logo\/image\/\",\"url\":\"https:\/\/maison-chance.org\/shop\/wp-content\/uploads\/2024\/03\/cropped-Logo_DNXH.png\",\"contentUrl\":\"https:\/\/maison-chance.org\/shop\/wp-content\/uploads\/2024\/03\/cropped-Logo_DNXH.png\",\"width\":512,\"height\":512,\"caption\":\"Nh\u00e0 May M\u1eafn - Maison Chance\"},\"image\":{\"@id\":\"https:\/\/maison-chance.org\/shop\/de#\/schema\/logo\/image\/\"},\"sameAs\":[\"https:\/\/www.facebook.com\/dnxh.nhamayman\/\"]}]}<\/script>\n<meta property=\"product:price:amount\" content=\"1.93\" \/>\n<meta property=\"product:price:currency\" content=\"EUR\" \/>\n<meta property=\"og:availability\" content=\"instock\" \/>\n<meta property=\"product:availability\" content=\"instock\" \/>\n<meta property=\"product:condition\" content=\"new\" \/>\n<!-- \/ Yoast SEO Premium plugin. -->","yoast_head_json":{"title":"Ziege - Pl\u00fcsch-Schl\u00fcsselanh\u00e4nger - Nh\u00e0 May M\u1eafn - Maison Chance","description":"Der Ziegen-Schl\u00fcsselanh\u00e4nger wird sorgf\u00e4ltig von den geschickten H\u00e4nden behinderter Arbeiter bei Maison Chance handgefertigt. Langlebiger und sch\u00f6ner Brokatstoff, sicher","robots":{"index":"index","follow":"follow","max-snippet":"max-snippet:-1","max-image-preview":"max-image-preview:large","max-video-preview":"max-video-preview:-1"},"canonical":"https:\/\/maison-chance.org\/shop\/de\/produkt\/ziege","og_locale":"de_DE","og_type":"article","og_title":"Ziege","og_description":"Der Ziegen-Schl\u00fcsselanh\u00e4nger wird sorgf\u00e4ltig von den geschickten H\u00e4nden behinderter Arbeiter bei Maison Chance handgefertigt. Langlebiger und sch\u00f6ner Brokatstoff, sicher","og_url":"https:\/\/maison-chance.org\/shop\/de\/produkt\/ziege","og_site_name":"Nh\u00e0 May M\u1eafn - Maison Chance","article_publisher":"https:\/\/www.facebook.com\/dnxh.nhamayman\/","article_modified_time":"2025-07-16T07:20:30+00:00","og_image":[{"width":600,"height":600,"url":"https:\/\/maison-chance.org\/shop\/wp-content\/uploads\/2024\/04\/moc-chia-khoa-hinh-con-de-3.jpg","type":"image\/jpeg"}],"twitter_card":"summary_large_image","twitter_misc":{"Preis":"&euro;1.93","Verf\u00fcgbarkeit":"Auf Lager"},"schema":{"@context":"https:\/\/schema.org","@graph":[{"@type":"WebPage","@id":"https:\/\/maison-chance.org\/shop\/de\/produkt\/ziege","url":"https:\/\/maison-chance.org\/shop\/de\/produkt\/ziege","name":"Ziege - Pl\u00fcsch-Schl\u00fcsselanh\u00e4nger - Nh\u00e0 May M\u1eafn - Maison Chance","isPartOf":{"@id":"https:\/\/maison-chance.org\/shop\/de#website"},"primaryImageOfPage":{"@id":"https:\/\/maison-chance.org\/shop\/de\/produkt\/ziege#primaryimage"},"image":{"@id":"https:\/\/maison-chance.org\/shop\/de\/produkt\/ziege#primaryimage"},"thumbnailUrl":"https:\/\/maison-chance.org\/shop\/wp-content\/uploads\/2024\/04\/moc-chia-khoa-hinh-con-de-3.jpg","datePublished":"2024-09-29T00:07:50+00:00","dateModified":"2025-07-16T07:20:30+00:00","description":"Der Ziegen-Schl\u00fcsselanh\u00e4nger wird sorgf\u00e4ltig von den geschickten H\u00e4nden behinderter Arbeiter bei Maison Chance handgefertigt. Langlebiger und sch\u00f6ner Brokatstoff, sicher","breadcrumb":{"@id":"https:\/\/maison-chance.org\/shop\/de\/produkt\/ziege#breadcrumb"},"inLanguage":"de","potentialAction":[{"@type":"ReadAction","target":["https:\/\/maison-chance.org\/shop\/de\/produkt\/ziege"]}]},{"@type":"ImageObject","inLanguage":"de","@id":"https:\/\/maison-chance.org\/shop\/de\/produkt\/ziege#primaryimage","url":"https:\/\/maison-chance.org\/shop\/wp-content\/uploads\/2024\/04\/moc-chia-khoa-hinh-con-de-3.jpg","contentUrl":"https:\/\/maison-chance.org\/shop\/wp-content\/uploads\/2024\/04\/moc-chia-khoa-hinh-con-de-3.jpg","width":600,"height":600,"caption":"Ziegenf\u00f6rmiger Schl\u00fcsselanh\u00e4nger"},{"@type":"BreadcrumbList","@id":"https:\/\/maison-chance.org\/shop\/de\/produkt\/ziege#breadcrumb","itemListElement":[{"@type":"ListItem","position":1,"name":"Trang ch\u1ee7","item":"https:\/\/maison-chance.org\/shop\/de"},{"@type":"ListItem","position":2,"name":"Shop","item":"https:\/\/maison-chance.org\/shop\/shop"},{"@type":"ListItem","position":3,"name":"Ziege"}]},{"@type":"WebSite","@id":"https:\/\/maison-chance.org\/shop\/de#website","url":"https:\/\/maison-chance.org\/shop\/de","name":"Nh\u00e0 May M\u1eafn - Maison Chance","description":"M\u1ecdi l\u1ee3i nhu\u1eadn thu v\u1ec1 t\u1eeb vi\u1ec7c b\u00e1n h\u00e0ng s\u1ebd tr\u00edch m\u1ed9t ph\u1ea7n \u0111\u1ec3 ch\u0103m lo cho \u0111\u1eddi s\u1ed1ng c\u00e1c b\u1ea1n khuy\u1ebft t\u1eadt v\u00e0 tr\u1ebb m\u1ed3 c\u00f4i \u1edf \u0111\u00e2y","publisher":{"@id":"https:\/\/maison-chance.org\/shop\/de#organization"},"potentialAction":[{"@type":"SearchAction","target":{"@type":"EntryPoint","urlTemplate":"https:\/\/maison-chance.org\/shop\/de?s={search_term_string}"},"query-input":{"@type":"PropertyValueSpecification","valueRequired":true,"valueName":"search_term_string"}}],"inLanguage":"de"},{"@type":"Organization","@id":"https:\/\/maison-chance.org\/shop\/de#organization","name":"Nh\u00e0 May M\u1eafn - Maison Chance","url":"https:\/\/maison-chance.org\/shop\/de","logo":{"@type":"ImageObject","inLanguage":"de","@id":"https:\/\/maison-chance.org\/shop\/de#\/schema\/logo\/image\/","url":"https:\/\/maison-chance.org\/shop\/wp-content\/uploads\/2024\/03\/cropped-Logo_DNXH.png","contentUrl":"https:\/\/maison-chance.org\/shop\/wp-content\/uploads\/2024\/03\/cropped-Logo_DNXH.png","width":512,"height":512,"caption":"Nh\u00e0 May M\u1eafn - Maison Chance"},"image":{"@id":"https:\/\/maison-chance.org\/shop\/de#\/schema\/logo\/image\/"},"sameAs":["https:\/\/www.facebook.com\/dnxh.nhamayman\/"]}]},"product_price_amount":"1.93","product_price_currency":"EUR","og_availability":"instock","product_availability":"instock","product_condition":"new"},"_links":{"self":[{"href":"https:\/\/maison-chance.org\/shop\/de\/wp-json\/wp\/v2\/product\/40505","targetHints":{"allow":["GET"]}}],"collection":[{"href":"https:\/\/maison-chance.org\/shop\/de\/wp-json\/wp\/v2\/product"}],"about":[{"href":"https:\/\/maison-chance.org\/shop\/de\/wp-json\/wp\/v2\/types\/product"}],"wp:featuredmedia":[{"embeddable":true,"href":"https:\/\/maison-chance.org\/shop\/de\/wp-json\/wp\/v2\/media\/37247"}],"wp:attachment":[{"href":"https:\/\/maison-chance.org\/shop\/de\/wp-json\/wp\/v2\/media?parent=40505"}],"wp:term":[{"taxonomy":"product_brand","embeddable":true,"href":"https:\/\/maison-chance.org\/shop\/de\/wp-json\/wp\/v2\/product_brand?post=40505"},{"taxonomy":"product_cat","embeddable":true,"href":"https:\/\/maison-chance.org\/shop\/de\/wp-json\/wp\/v2\/product_cat?post=40505"},{"taxonomy":"product_tag","embeddable":true,"href":"https:\/\/maison-chance.org\/shop\/de\/wp-json\/wp\/v2\/product_tag?post=40505"}],"curies":[{"name":"wp","href":"https:\/\/api.w.org\/{rel}","templated":true}]}}