{"id":40525,"date":"2024-09-30T07:05:17","date_gmt":"2024-09-30T00:05:17","guid":{"rendered":"https:\/\/maison-chance.org\/shop\/san-pham\/katze-2"},"modified":"2025-07-16T10:29:33","modified_gmt":"2025-07-16T03:29:33","slug":"katze-2","status":"publish","type":"product","link":"https:\/\/maison-chance.org\/shop\/de\/produkt\/katze-2","title":{"rendered":"Katze"},"content":{"rendered":"<p data-start=\"64\" data-end=\"304\">Als Sinnbild f\u00fcr Beweglichkeit, Geschicklichkeit und Unabh\u00e4ngigkeit verk\u00f6rpert die Katze einen stillen Charme, Gelassenheit und zugleich Scharfsinn. In der ostasiatischen Kultur steht die Katze au\u00dferdem f\u00fcr Gl\u00fcck, Frieden und Wohlstand.<\/p>\n<p data-start=\"306\" data-end=\"602\">Der <strong data-start=\"310\" data-end=\"338\">Katzen-Schl\u00fcsselanh\u00e4nger<\/strong> wird in liebevoller Handarbeit aus Brokatstoff von Menschen mit Behinderung bei <strong data-start=\"419\" data-end=\"436\">Maison Chance<\/strong> gefertigt. Mit seiner weichen Form, den harmonischen Farben und den sorgf\u00e4ltig gen\u00e4hten Details wirkt das Produkt sowohl liebenswert als auch einzigartig raffiniert.<\/p>\n<p data-start=\"604\" data-end=\"865\">Mehr als nur ein Accessoire f\u00fcr Rucks\u00e4cke, Handtaschen oder Schl\u00fcsselbunde ist dieser Schl\u00fcsselanh\u00e4nger ein stiller Wunsch f\u00fcr geliebte Menschen \u2013 f\u00fcr ein Leben voller Frieden, Klugheit und der F\u00e4higkeit, in jeder Lebenslage sanft und stark zugleich zu bleiben.<\/p>\n<p data-start=\"867\" data-end=\"1021\">Ein kleines Geschenk, das Liebe in sich tr\u00e4gt \u2013 und gleichzeitig dazu beitr\u00e4gt, den stillen, flei\u00dfigen H\u00e4nden bei <strong data-start=\"981\" data-end=\"998\">Maison Chance<\/strong> neuen Mut zu schenken.<\/p>\n<p data-start=\"1023\" data-end=\"1230\">\ud83d\udce9 <em data-start=\"1026\" data-end=\"1129\">Die Verkaufspreise in Vietnam k\u00f6nnen variieren. Bitte kontaktieren Sie uns f\u00fcr weitere Informationen.<\/em><br data-start=\"1129\" data-end=\"1132\" \/><strong data-start=\"1132\" data-end=\"1144\">Hotline:<\/strong> 0909 06 25 28<br data-start=\"1158\" data-end=\"1161\" \/><strong data-start=\"1161\" data-end=\"1180\">Facebook-Seite:<\/strong> <em data-start=\"1181\" data-end=\"1230\">Doanh Nghi\u1ec7p X\u00e3 H\u1ed9i Nh\u00e0 May M\u1eafn \u2013 Maison Chance<\/em><\/p>\n","protected":false},"excerpt":{"rendered":"<p style=\"text-align: justify;\">Produkte, die von weniger gl\u00fccklichen behinderten Freunden handgefertigt wurden, hoffen auf die Unterst\u00fctzung unserer gesch\u00e4tzten Kunden.<\/p>\n<p>Material: Brokatstoff<\/p>\n<p>Code: MK04TC<\/p>\n<p>Hotline: <span style=\"font-size: 20px;\"><strong><span style=\"color: #ff0000;\">0909 06 25 28<\/span><\/strong><\/span><\/p>\n<p style=\"text-align: justify;\">Wenn Sie in Vietnam sind, kontaktieren Sie uns bitte \u00fcber die Hotline oder die Fanpage von Maison Chance, um den Preis in Vietnam zu erfahren.<\/p>\n","protected":false},"featured_media":36888,"template":"","meta":[],"product_brand":[],"product_cat":[241,232],"product_tag":[],"class_list":{"0":"post-40525","1":"product","2":"type-product","3":"status-publish","4":"has-post-thumbnail","6":"product_cat-gefuellter-schluesselanhaenger-naeherei","7":"product_cat-naeherei","9":"first","10":"instock","11":"shipping-taxable","12":"purchasable","13":"product-type-simple"},"yoast_head":"<!-- This site is optimized with the Yoast SEO Premium plugin v22.7 (Yoast SEO v25.3.1) - https:\/\/yoast.com\/wordpress\/plugins\/seo\/ -->\n<title>Katze - Pl\u00fcsch-Schl\u00fcsselanh\u00e4nger - Nh\u00e0 May M\u1eafn - Maison Chance<\/title>\n<meta name=\"description\" content=\"Der Katzen-Schl\u00fcsselanh\u00e4nger wird sorgf\u00e4ltig von den geschickten H\u00e4nden behinderter Arbeiter bei Maison Chance handgefertigt. Langlebiger und sch\u00f6ner Brokatstoff, sicher\" \/>\n<meta name=\"robots\" content=\"index, follow, max-snippet:-1, max-image-preview:large, max-video-preview:-1\" \/>\n<link rel=\"canonical\" href=\"https:\/\/maison-chance.org\/shop\/de\/produkt\/katze-2\" \/>\n<meta property=\"og:locale\" content=\"de_DE\" \/>\n<meta property=\"og:type\" content=\"article\" \/>\n<meta property=\"og:title\" content=\"Katze\" \/>\n<meta property=\"og:description\" content=\"Der Katzen-Schl\u00fcsselanh\u00e4nger wird sorgf\u00e4ltig von den geschickten H\u00e4nden behinderter Arbeiter bei Maison Chance handgefertigt. Langlebiger und sch\u00f6ner Brokatstoff, sicher\" \/>\n<meta property=\"og:url\" content=\"https:\/\/maison-chance.org\/shop\/de\/produkt\/katze-2\" \/>\n<meta property=\"og:site_name\" content=\"Nh\u00e0 May M\u1eafn - Maison Chance\" \/>\n<meta property=\"article:publisher\" content=\"https:\/\/www.facebook.com\/dnxh.nhamayman\/\" \/>\n<meta property=\"article:modified_time\" content=\"2025-07-16T03:29:33+00:00\" \/>\n<meta property=\"og:image\" content=\"https:\/\/maison-chance.org\/shop\/wp-content\/uploads\/2024\/04\/moc-chia-khoa-hinh-con-meo-03.jpg\" \/>\n\t<meta property=\"og:image:width\" content=\"600\" \/>\n\t<meta property=\"og:image:height\" content=\"600\" \/>\n\t<meta property=\"og:image:type\" content=\"image\/jpeg\" \/>\n<meta name=\"twitter:card\" content=\"summary_large_image\" \/>\n<meta name=\"twitter:label1\" content=\"Preis\" \/>\n\t<meta name=\"twitter:data1\" content=\"&euro;1.93\" \/>\n\t<meta name=\"twitter:label2\" content=\"Verf\u00fcgbarkeit\" \/>\n\t<meta name=\"twitter:data2\" content=\"Auf Lager\" \/>\n<script type=\"application\/ld+json\" class=\"yoast-schema-graph\">{\"@context\":\"https:\/\/schema.org\",\"@graph\":[{\"@type\":\"WebPage\",\"@id\":\"https:\/\/maison-chance.org\/shop\/de\/produkt\/katze-2\",\"url\":\"https:\/\/maison-chance.org\/shop\/de\/produkt\/katze-2\",\"name\":\"Katze - Pl\u00fcsch-Schl\u00fcsselanh\u00e4nger - Nh\u00e0 May M\u1eafn - Maison Chance\",\"isPartOf\":{\"@id\":\"https:\/\/maison-chance.org\/shop\/de#website\"},\"primaryImageOfPage\":{\"@id\":\"https:\/\/maison-chance.org\/shop\/de\/produkt\/katze-2#primaryimage\"},\"image\":{\"@id\":\"https:\/\/maison-chance.org\/shop\/de\/produkt\/katze-2#primaryimage\"},\"thumbnailUrl\":\"https:\/\/maison-chance.org\/shop\/wp-content\/uploads\/2024\/04\/moc-chia-khoa-hinh-con-meo-03.jpg\",\"datePublished\":\"2024-09-30T00:05:17+00:00\",\"dateModified\":\"2025-07-16T03:29:33+00:00\",\"description\":\"Der Katzen-Schl\u00fcsselanh\u00e4nger wird sorgf\u00e4ltig von den geschickten H\u00e4nden behinderter Arbeiter bei Maison Chance handgefertigt. Langlebiger und sch\u00f6ner Brokatstoff, sicher\",\"breadcrumb\":{\"@id\":\"https:\/\/maison-chance.org\/shop\/de\/produkt\/katze-2#breadcrumb\"},\"inLanguage\":\"de\",\"potentialAction\":[{\"@type\":\"ReadAction\",\"target\":[\"https:\/\/maison-chance.org\/shop\/de\/produkt\/katze-2\"]}]},{\"@type\":\"ImageObject\",\"inLanguage\":\"de\",\"@id\":\"https:\/\/maison-chance.org\/shop\/de\/produkt\/katze-2#primaryimage\",\"url\":\"https:\/\/maison-chance.org\/shop\/wp-content\/uploads\/2024\/04\/moc-chia-khoa-hinh-con-meo-03.jpg\",\"contentUrl\":\"https:\/\/maison-chance.org\/shop\/wp-content\/uploads\/2024\/04\/moc-chia-khoa-hinh-con-meo-03.jpg\",\"width\":600,\"height\":600,\"caption\":\"Katzenf\u00f6rmiger Schl\u00fcsselanh\u00e4nger\"},{\"@type\":\"BreadcrumbList\",\"@id\":\"https:\/\/maison-chance.org\/shop\/de\/produkt\/katze-2#breadcrumb\",\"itemListElement\":[{\"@type\":\"ListItem\",\"position\":1,\"name\":\"Trang ch\u1ee7\",\"item\":\"https:\/\/maison-chance.org\/shop\/de\"},{\"@type\":\"ListItem\",\"position\":2,\"name\":\"Shop\",\"item\":\"https:\/\/maison-chance.org\/shop\/shop\"},{\"@type\":\"ListItem\",\"position\":3,\"name\":\"Katze\"}]},{\"@type\":\"WebSite\",\"@id\":\"https:\/\/maison-chance.org\/shop\/de#website\",\"url\":\"https:\/\/maison-chance.org\/shop\/de\",\"name\":\"Nh\u00e0 May M\u1eafn - Maison Chance\",\"description\":\"M\u1ecdi l\u1ee3i nhu\u1eadn thu v\u1ec1 t\u1eeb vi\u1ec7c b\u00e1n h\u00e0ng s\u1ebd tr\u00edch m\u1ed9t ph\u1ea7n \u0111\u1ec3 ch\u0103m lo cho \u0111\u1eddi s\u1ed1ng c\u00e1c b\u1ea1n khuy\u1ebft t\u1eadt v\u00e0 tr\u1ebb m\u1ed3 c\u00f4i \u1edf \u0111\u00e2y\",\"publisher\":{\"@id\":\"https:\/\/maison-chance.org\/shop\/de#organization\"},\"potentialAction\":[{\"@type\":\"SearchAction\",\"target\":{\"@type\":\"EntryPoint\",\"urlTemplate\":\"https:\/\/maison-chance.org\/shop\/de?s={search_term_string}\"},\"query-input\":{\"@type\":\"PropertyValueSpecification\",\"valueRequired\":true,\"valueName\":\"search_term_string\"}}],\"inLanguage\":\"de\"},{\"@type\":\"Organization\",\"@id\":\"https:\/\/maison-chance.org\/shop\/de#organization\",\"name\":\"Nh\u00e0 May M\u1eafn - Maison Chance\",\"url\":\"https:\/\/maison-chance.org\/shop\/de\",\"logo\":{\"@type\":\"ImageObject\",\"inLanguage\":\"de\",\"@id\":\"https:\/\/maison-chance.org\/shop\/de#\/schema\/logo\/image\/\",\"url\":\"https:\/\/maison-chance.org\/shop\/wp-content\/uploads\/2024\/03\/cropped-Logo_DNXH.png\",\"contentUrl\":\"https:\/\/maison-chance.org\/shop\/wp-content\/uploads\/2024\/03\/cropped-Logo_DNXH.png\",\"width\":512,\"height\":512,\"caption\":\"Nh\u00e0 May M\u1eafn - Maison Chance\"},\"image\":{\"@id\":\"https:\/\/maison-chance.org\/shop\/de#\/schema\/logo\/image\/\"},\"sameAs\":[\"https:\/\/www.facebook.com\/dnxh.nhamayman\/\"]}]}<\/script>\n<meta property=\"product:price:amount\" content=\"1.93\" \/>\n<meta property=\"product:price:currency\" content=\"EUR\" \/>\n<meta property=\"og:availability\" content=\"instock\" \/>\n<meta property=\"product:availability\" content=\"instock\" \/>\n<meta property=\"product:condition\" content=\"new\" \/>\n<!-- \/ Yoast SEO Premium plugin. -->","yoast_head_json":{"title":"Katze - Pl\u00fcsch-Schl\u00fcsselanh\u00e4nger - Nh\u00e0 May M\u1eafn - Maison Chance","description":"Der Katzen-Schl\u00fcsselanh\u00e4nger wird sorgf\u00e4ltig von den geschickten H\u00e4nden behinderter Arbeiter bei Maison Chance handgefertigt. Langlebiger und sch\u00f6ner Brokatstoff, sicher","robots":{"index":"index","follow":"follow","max-snippet":"max-snippet:-1","max-image-preview":"max-image-preview:large","max-video-preview":"max-video-preview:-1"},"canonical":"https:\/\/maison-chance.org\/shop\/de\/produkt\/katze-2","og_locale":"de_DE","og_type":"article","og_title":"Katze","og_description":"Der Katzen-Schl\u00fcsselanh\u00e4nger wird sorgf\u00e4ltig von den geschickten H\u00e4nden behinderter Arbeiter bei Maison Chance handgefertigt. Langlebiger und sch\u00f6ner Brokatstoff, sicher","og_url":"https:\/\/maison-chance.org\/shop\/de\/produkt\/katze-2","og_site_name":"Nh\u00e0 May M\u1eafn - Maison Chance","article_publisher":"https:\/\/www.facebook.com\/dnxh.nhamayman\/","article_modified_time":"2025-07-16T03:29:33+00:00","og_image":[{"width":600,"height":600,"url":"https:\/\/maison-chance.org\/shop\/wp-content\/uploads\/2024\/04\/moc-chia-khoa-hinh-con-meo-03.jpg","type":"image\/jpeg"}],"twitter_card":"summary_large_image","twitter_misc":{"Preis":"&euro;1.93","Verf\u00fcgbarkeit":"Auf Lager"},"schema":{"@context":"https:\/\/schema.org","@graph":[{"@type":"WebPage","@id":"https:\/\/maison-chance.org\/shop\/de\/produkt\/katze-2","url":"https:\/\/maison-chance.org\/shop\/de\/produkt\/katze-2","name":"Katze - Pl\u00fcsch-Schl\u00fcsselanh\u00e4nger - Nh\u00e0 May M\u1eafn - Maison Chance","isPartOf":{"@id":"https:\/\/maison-chance.org\/shop\/de#website"},"primaryImageOfPage":{"@id":"https:\/\/maison-chance.org\/shop\/de\/produkt\/katze-2#primaryimage"},"image":{"@id":"https:\/\/maison-chance.org\/shop\/de\/produkt\/katze-2#primaryimage"},"thumbnailUrl":"https:\/\/maison-chance.org\/shop\/wp-content\/uploads\/2024\/04\/moc-chia-khoa-hinh-con-meo-03.jpg","datePublished":"2024-09-30T00:05:17+00:00","dateModified":"2025-07-16T03:29:33+00:00","description":"Der Katzen-Schl\u00fcsselanh\u00e4nger wird sorgf\u00e4ltig von den geschickten H\u00e4nden behinderter Arbeiter bei Maison Chance handgefertigt. Langlebiger und sch\u00f6ner Brokatstoff, sicher","breadcrumb":{"@id":"https:\/\/maison-chance.org\/shop\/de\/produkt\/katze-2#breadcrumb"},"inLanguage":"de","potentialAction":[{"@type":"ReadAction","target":["https:\/\/maison-chance.org\/shop\/de\/produkt\/katze-2"]}]},{"@type":"ImageObject","inLanguage":"de","@id":"https:\/\/maison-chance.org\/shop\/de\/produkt\/katze-2#primaryimage","url":"https:\/\/maison-chance.org\/shop\/wp-content\/uploads\/2024\/04\/moc-chia-khoa-hinh-con-meo-03.jpg","contentUrl":"https:\/\/maison-chance.org\/shop\/wp-content\/uploads\/2024\/04\/moc-chia-khoa-hinh-con-meo-03.jpg","width":600,"height":600,"caption":"Katzenf\u00f6rmiger Schl\u00fcsselanh\u00e4nger"},{"@type":"BreadcrumbList","@id":"https:\/\/maison-chance.org\/shop\/de\/produkt\/katze-2#breadcrumb","itemListElement":[{"@type":"ListItem","position":1,"name":"Trang ch\u1ee7","item":"https:\/\/maison-chance.org\/shop\/de"},{"@type":"ListItem","position":2,"name":"Shop","item":"https:\/\/maison-chance.org\/shop\/shop"},{"@type":"ListItem","position":3,"name":"Katze"}]},{"@type":"WebSite","@id":"https:\/\/maison-chance.org\/shop\/de#website","url":"https:\/\/maison-chance.org\/shop\/de","name":"Nh\u00e0 May M\u1eafn - Maison Chance","description":"M\u1ecdi l\u1ee3i nhu\u1eadn thu v\u1ec1 t\u1eeb vi\u1ec7c b\u00e1n h\u00e0ng s\u1ebd tr\u00edch m\u1ed9t ph\u1ea7n \u0111\u1ec3 ch\u0103m lo cho \u0111\u1eddi s\u1ed1ng c\u00e1c b\u1ea1n khuy\u1ebft t\u1eadt v\u00e0 tr\u1ebb m\u1ed3 c\u00f4i \u1edf \u0111\u00e2y","publisher":{"@id":"https:\/\/maison-chance.org\/shop\/de#organization"},"potentialAction":[{"@type":"SearchAction","target":{"@type":"EntryPoint","urlTemplate":"https:\/\/maison-chance.org\/shop\/de?s={search_term_string}"},"query-input":{"@type":"PropertyValueSpecification","valueRequired":true,"valueName":"search_term_string"}}],"inLanguage":"de"},{"@type":"Organization","@id":"https:\/\/maison-chance.org\/shop\/de#organization","name":"Nh\u00e0 May M\u1eafn - Maison Chance","url":"https:\/\/maison-chance.org\/shop\/de","logo":{"@type":"ImageObject","inLanguage":"de","@id":"https:\/\/maison-chance.org\/shop\/de#\/schema\/logo\/image\/","url":"https:\/\/maison-chance.org\/shop\/wp-content\/uploads\/2024\/03\/cropped-Logo_DNXH.png","contentUrl":"https:\/\/maison-chance.org\/shop\/wp-content\/uploads\/2024\/03\/cropped-Logo_DNXH.png","width":512,"height":512,"caption":"Nh\u00e0 May M\u1eafn - Maison Chance"},"image":{"@id":"https:\/\/maison-chance.org\/shop\/de#\/schema\/logo\/image\/"},"sameAs":["https:\/\/www.facebook.com\/dnxh.nhamayman\/"]}]},"product_price_amount":"1.93","product_price_currency":"EUR","og_availability":"instock","product_availability":"instock","product_condition":"new"},"_links":{"self":[{"href":"https:\/\/maison-chance.org\/shop\/de\/wp-json\/wp\/v2\/product\/40525","targetHints":{"allow":["GET"]}}],"collection":[{"href":"https:\/\/maison-chance.org\/shop\/de\/wp-json\/wp\/v2\/product"}],"about":[{"href":"https:\/\/maison-chance.org\/shop\/de\/wp-json\/wp\/v2\/types\/product"}],"wp:featuredmedia":[{"embeddable":true,"href":"https:\/\/maison-chance.org\/shop\/de\/wp-json\/wp\/v2\/media\/36888"}],"wp:attachment":[{"href":"https:\/\/maison-chance.org\/shop\/de\/wp-json\/wp\/v2\/media?parent=40525"}],"wp:term":[{"taxonomy":"product_brand","embeddable":true,"href":"https:\/\/maison-chance.org\/shop\/de\/wp-json\/wp\/v2\/product_brand?post=40525"},{"taxonomy":"product_cat","embeddable":true,"href":"https:\/\/maison-chance.org\/shop\/de\/wp-json\/wp\/v2\/product_cat?post=40525"},{"taxonomy":"product_tag","embeddable":true,"href":"https:\/\/maison-chance.org\/shop\/de\/wp-json\/wp\/v2\/product_tag?post=40525"}],"curies":[{"name":"wp","href":"https:\/\/api.w.org\/{rel}","templated":true}]}}