{"id":40552,"date":"2024-10-01T07:01:38","date_gmt":"2024-10-01T00:01:38","guid":{"rendered":"https:\/\/maison-chance.org\/shop\/san-pham\/katze-3"},"modified":"2025-07-18T14:02:24","modified_gmt":"2025-07-18T07:02:24","slug":"katze-3","status":"publish","type":"product","link":"https:\/\/maison-chance.org\/shop\/de\/produkt\/katze-3","title":{"rendered":"Katze"},"content":{"rendered":"<article class=\"text-token-text-primary w-full\" dir=\"auto\" data-testid=\"conversation-turn-24\" data-scroll-anchor=\"true\">\n<div class=\"text-base my-auto mx-auto pb-10 [--thread-content-margin:--spacing(4)] @[37rem]:[--thread-content-margin:--spacing(6)] @[72rem]:[--thread-content-margin:--spacing(16)] px-(--thread-content-margin)\">\n<div class=\"[--thread-content-max-width:32rem] @[34rem]:[--thread-content-max-width:40rem] @[64rem]:[--thread-content-max-width:48rem] mx-auto flex max-w-(--thread-content-max-width) flex-1 text-base gap-4 md:gap-5 lg:gap-6 group\/turn-messages focus-visible:outline-hidden\" tabindex=\"-1\">\n<div class=\"group\/conversation-turn relative flex w-full min-w-0 flex-col agent-turn\">\n<div class=\"relative flex-col gap-1 md:gap-3\">\n<div class=\"flex max-w-full flex-col grow\">\n<div class=\"min-h-8 text-message relative flex w-full flex-col items-end gap-2 text-start break-words whitespace-normal [.text-message+&amp;]:mt-5\" dir=\"auto\" data-message-author-role=\"assistant\" data-message-id=\"7247056a-a26e-4bfe-acf2-7681b4abc2de\" data-message-model-slug=\"gpt-4o\">\n<div class=\"flex w-full flex-col gap-1 empty:hidden first:pt-[3px]\">\n<div class=\"markdown prose dark:prose-invert w-full break-words light\">\n<p data-start=\"55\" data-end=\"464\">Die Stoffpuppe in Form einer Katze mit traditionellem Brokatmuster ist die \u201efreche\u201c Variante der handgefertigten Handpuppenkollektion von <em data-start=\"196\" data-end=\"211\">Maison Chance<\/em>. Mit ihren runden Augen, den aufgestellten Ohren und einem Gesicht, das einem sofort ein L\u00e4cheln ins Gesicht zaubert \u2013 ist dieses kleine K\u00e4tzchen bereit, Teil jeder Geschichte, jeder Auff\u00fchrung oder jedes fantasievollen Spiels mit Kindern zu werden.<\/p>\n<p data-start=\"466\" data-end=\"784\">Sie wird vollst\u00e4ndig von Hand aus weichem Stoff und zuf\u00e4llig ausgew\u00e4hlten Brokatmustern gefertigt \u2013 jede Katze hat ihre ganz eigene Pers\u00f6nlichkeit, keine gleicht der anderen. Dank der handgerechten, leichten Form ist sie einfach zu benutzen \u2013 sowohl f\u00fcr Kinder als auch f\u00fcr Erwachsene \u2013 sicher und angenehm im Kontakt.<\/p>\n<p data-start=\"786\" data-end=\"977\">Nicht nur ein Spielzeug \u2013 sondern eine kleine Figur, die die Fantasie anregt, Freude bringt und ein Gef\u00fchl der Verbundenheit schafft. Niedlich, einfach zu benutzen \u2013 und einfach\u2026 liebenswert!<\/p>\n<p data-start=\"979\" data-end=\"1176\" data-is-last-node=\"\" data-is-only-node=\"\">\ud83d\udce9 Die Preise in Vietnam k\u00f6nnen variieren. Bitte kontaktieren Sie uns f\u00fcr weitere Informationen.<br data-start=\"1075\" data-end=\"1078\" \/><strong data-start=\"1078\" data-end=\"1090\">Hotline:<\/strong> 0909 06 25 28<br data-start=\"1104\" data-end=\"1107\" \/><strong data-start=\"1107\" data-end=\"1126\">Facebook-Seite:<\/strong> <em data-start=\"1127\" data-end=\"1176\" data-is-last-node=\"\">Maison Chance \u2013 Doanh Nghi\u1ec7p X\u00e3 H\u1ed9i Nh\u00e0 May M\u1eafn<\/em><\/p>\n<\/div>\n<\/div>\n<\/div>\n<\/div>\n<\/div>\n<\/div>\n<\/div>\n<\/div>\n<\/article>\n","protected":false},"excerpt":{"rendered":"<p style=\"text-align: justify;\">Das Produkt wird von benachteiligten behinderten Freunden handgefertigt, wir hoffen aufrichtig auf die Unterst\u00fctzung unserer Kunden.<\/p>\n<p>Material: Brokatstoff<\/p>\n<p>Gr\u00f6\u00dfe: 22 x 29<\/p>\n<p>Hotline: <span style=\"font-size: 20px;\"><strong><span style=\"color: #ff0000;\">090 906 2528<\/span><\/strong><\/span><\/p>\n<p style=\"text-align: justify;\">Wenn Sie sich in Vietnam befinden, kontaktieren Sie uns bitte \u00fcber die Hotline oder die Maison Chance Business Fanpage, um den Preis in Vietnam zu erfahren.<\/p>\n","protected":false},"featured_media":37589,"template":"","meta":[],"product_brand":[],"product_cat":[232,238],"product_tag":[],"class_list":{"0":"post-40552","1":"product","2":"type-product","3":"status-publish","4":"has-post-thumbnail","6":"product_cat-naeherei","7":"product_cat-puppen","9":"first","10":"instock","11":"shipping-taxable","12":"purchasable","13":"product-type-simple"},"yoast_head":"<!-- This site is optimized with the Yoast SEO Premium plugin v22.7 (Yoast SEO v25.3.1) - https:\/\/yoast.com\/wordpress\/plugins\/seo\/ -->\n<title>Katze - Brokatstoffpuppe - Nh\u00e0 May M\u1eafn - Maison Chance<\/title>\n<meta name=\"description\" content=\"Der Kauf einer Brokatstoffpuppe in Form einer Katze bedeutet nicht nur, ein einzigartiges Spielzeug zu besitzen, sondern ist auch eine M\u00f6glichkeit f\u00fcr Sie, zur Unterst\u00fctzung behinderter Schneider bei Maison Chance beizutragen\" \/>\n<meta name=\"robots\" content=\"index, follow, max-snippet:-1, max-image-preview:large, max-video-preview:-1\" \/>\n<link rel=\"canonical\" href=\"https:\/\/maison-chance.org\/shop\/de\/produkt\/katze-3\" \/>\n<meta property=\"og:locale\" content=\"de_DE\" \/>\n<meta property=\"og:type\" content=\"article\" \/>\n<meta property=\"og:title\" content=\"Katze\" \/>\n<meta property=\"og:description\" content=\"Der Kauf einer Brokatstoffpuppe in Form einer Katze bedeutet nicht nur, ein einzigartiges Spielzeug zu besitzen, sondern ist auch eine M\u00f6glichkeit f\u00fcr Sie, zur Unterst\u00fctzung behinderter Schneider bei Maison Chance beizutragen\" \/>\n<meta property=\"og:url\" content=\"https:\/\/maison-chance.org\/shop\/de\/produkt\/katze-3\" \/>\n<meta property=\"og:site_name\" content=\"Nh\u00e0 May M\u1eafn - Maison Chance\" \/>\n<meta property=\"article:publisher\" content=\"https:\/\/www.facebook.com\/dnxh.nhamayman\/\" \/>\n<meta property=\"article:modified_time\" content=\"2025-07-18T07:02:24+00:00\" \/>\n<meta property=\"og:image\" content=\"https:\/\/maison-chance.org\/shop\/wp-content\/uploads\/2024\/04\/con-roi-meo-3.jpg\" \/>\n\t<meta property=\"og:image:width\" content=\"600\" \/>\n\t<meta property=\"og:image:height\" content=\"600\" \/>\n\t<meta property=\"og:image:type\" content=\"image\/jpeg\" \/>\n<meta name=\"twitter:card\" content=\"summary_large_image\" \/>\n<meta name=\"twitter:label1\" content=\"Preis\" \/>\n\t<meta name=\"twitter:data1\" content=\"&euro;3.68\" \/>\n\t<meta name=\"twitter:label2\" content=\"Verf\u00fcgbarkeit\" \/>\n\t<meta name=\"twitter:data2\" content=\"Auf Lager\" \/>\n<script type=\"application\/ld+json\" class=\"yoast-schema-graph\">{\"@context\":\"https:\/\/schema.org\",\"@graph\":[{\"@type\":\"WebPage\",\"@id\":\"https:\/\/maison-chance.org\/shop\/de\/produkt\/katze-3\",\"url\":\"https:\/\/maison-chance.org\/shop\/de\/produkt\/katze-3\",\"name\":\"Katze - Brokatstoffpuppe - Nh\u00e0 May M\u1eafn - Maison Chance\",\"isPartOf\":{\"@id\":\"https:\/\/maison-chance.org\/shop\/de#website\"},\"primaryImageOfPage\":{\"@id\":\"https:\/\/maison-chance.org\/shop\/de\/produkt\/katze-3#primaryimage\"},\"image\":{\"@id\":\"https:\/\/maison-chance.org\/shop\/de\/produkt\/katze-3#primaryimage\"},\"thumbnailUrl\":\"https:\/\/maison-chance.org\/shop\/wp-content\/uploads\/2024\/04\/con-roi-meo-3.jpg\",\"datePublished\":\"2024-10-01T00:01:38+00:00\",\"dateModified\":\"2025-07-18T07:02:24+00:00\",\"description\":\"Der Kauf einer Brokatstoffpuppe in Form einer Katze bedeutet nicht nur, ein einzigartiges Spielzeug zu besitzen, sondern ist auch eine M\u00f6glichkeit f\u00fcr Sie, zur Unterst\u00fctzung behinderter Schneider bei Maison Chance beizutragen\",\"breadcrumb\":{\"@id\":\"https:\/\/maison-chance.org\/shop\/de\/produkt\/katze-3#breadcrumb\"},\"inLanguage\":\"de\",\"potentialAction\":[{\"@type\":\"ReadAction\",\"target\":[\"https:\/\/maison-chance.org\/shop\/de\/produkt\/katze-3\"]}]},{\"@type\":\"ImageObject\",\"inLanguage\":\"de\",\"@id\":\"https:\/\/maison-chance.org\/shop\/de\/produkt\/katze-3#primaryimage\",\"url\":\"https:\/\/maison-chance.org\/shop\/wp-content\/uploads\/2024\/04\/con-roi-meo-3.jpg\",\"contentUrl\":\"https:\/\/maison-chance.org\/shop\/wp-content\/uploads\/2024\/04\/con-roi-meo-3.jpg\",\"width\":600,\"height\":600,\"caption\":\"Brokatstoff Katzenpuppe\"},{\"@type\":\"BreadcrumbList\",\"@id\":\"https:\/\/maison-chance.org\/shop\/de\/produkt\/katze-3#breadcrumb\",\"itemListElement\":[{\"@type\":\"ListItem\",\"position\":1,\"name\":\"Trang ch\u1ee7\",\"item\":\"https:\/\/maison-chance.org\/shop\/de\"},{\"@type\":\"ListItem\",\"position\":2,\"name\":\"Shop\",\"item\":\"https:\/\/maison-chance.org\/shop\/shop\"},{\"@type\":\"ListItem\",\"position\":3,\"name\":\"Katze\"}]},{\"@type\":\"WebSite\",\"@id\":\"https:\/\/maison-chance.org\/shop\/de#website\",\"url\":\"https:\/\/maison-chance.org\/shop\/de\",\"name\":\"Nh\u00e0 May M\u1eafn - Maison Chance\",\"description\":\"M\u1ecdi l\u1ee3i nhu\u1eadn thu v\u1ec1 t\u1eeb vi\u1ec7c b\u00e1n h\u00e0ng s\u1ebd tr\u00edch m\u1ed9t ph\u1ea7n \u0111\u1ec3 ch\u0103m lo cho \u0111\u1eddi s\u1ed1ng c\u00e1c b\u1ea1n khuy\u1ebft t\u1eadt v\u00e0 tr\u1ebb m\u1ed3 c\u00f4i \u1edf \u0111\u00e2y\",\"publisher\":{\"@id\":\"https:\/\/maison-chance.org\/shop\/de#organization\"},\"potentialAction\":[{\"@type\":\"SearchAction\",\"target\":{\"@type\":\"EntryPoint\",\"urlTemplate\":\"https:\/\/maison-chance.org\/shop\/de?s={search_term_string}\"},\"query-input\":{\"@type\":\"PropertyValueSpecification\",\"valueRequired\":true,\"valueName\":\"search_term_string\"}}],\"inLanguage\":\"de\"},{\"@type\":\"Organization\",\"@id\":\"https:\/\/maison-chance.org\/shop\/de#organization\",\"name\":\"Nh\u00e0 May M\u1eafn - Maison Chance\",\"url\":\"https:\/\/maison-chance.org\/shop\/de\",\"logo\":{\"@type\":\"ImageObject\",\"inLanguage\":\"de\",\"@id\":\"https:\/\/maison-chance.org\/shop\/de#\/schema\/logo\/image\/\",\"url\":\"https:\/\/maison-chance.org\/shop\/wp-content\/uploads\/2024\/03\/cropped-Logo_DNXH.png\",\"contentUrl\":\"https:\/\/maison-chance.org\/shop\/wp-content\/uploads\/2024\/03\/cropped-Logo_DNXH.png\",\"width\":512,\"height\":512,\"caption\":\"Nh\u00e0 May M\u1eafn - Maison Chance\"},\"image\":{\"@id\":\"https:\/\/maison-chance.org\/shop\/de#\/schema\/logo\/image\/\"},\"sameAs\":[\"https:\/\/www.facebook.com\/dnxh.nhamayman\/\"]}]}<\/script>\n<meta property=\"product:price:amount\" content=\"3.68\" \/>\n<meta property=\"product:price:currency\" content=\"EUR\" \/>\n<meta property=\"og:availability\" content=\"instock\" \/>\n<meta property=\"product:availability\" content=\"instock\" \/>\n<meta property=\"product:condition\" content=\"new\" \/>\n<!-- \/ Yoast SEO Premium plugin. -->","yoast_head_json":{"title":"Katze - Brokatstoffpuppe - Nh\u00e0 May M\u1eafn - Maison Chance","description":"Der Kauf einer Brokatstoffpuppe in Form einer Katze bedeutet nicht nur, ein einzigartiges Spielzeug zu besitzen, sondern ist auch eine M\u00f6glichkeit f\u00fcr Sie, zur Unterst\u00fctzung behinderter Schneider bei Maison Chance beizutragen","robots":{"index":"index","follow":"follow","max-snippet":"max-snippet:-1","max-image-preview":"max-image-preview:large","max-video-preview":"max-video-preview:-1"},"canonical":"https:\/\/maison-chance.org\/shop\/de\/produkt\/katze-3","og_locale":"de_DE","og_type":"article","og_title":"Katze","og_description":"Der Kauf einer Brokatstoffpuppe in Form einer Katze bedeutet nicht nur, ein einzigartiges Spielzeug zu besitzen, sondern ist auch eine M\u00f6glichkeit f\u00fcr Sie, zur Unterst\u00fctzung behinderter Schneider bei Maison Chance beizutragen","og_url":"https:\/\/maison-chance.org\/shop\/de\/produkt\/katze-3","og_site_name":"Nh\u00e0 May M\u1eafn - Maison Chance","article_publisher":"https:\/\/www.facebook.com\/dnxh.nhamayman\/","article_modified_time":"2025-07-18T07:02:24+00:00","og_image":[{"width":600,"height":600,"url":"https:\/\/maison-chance.org\/shop\/wp-content\/uploads\/2024\/04\/con-roi-meo-3.jpg","type":"image\/jpeg"}],"twitter_card":"summary_large_image","twitter_misc":{"Preis":"&euro;3.68","Verf\u00fcgbarkeit":"Auf Lager"},"schema":{"@context":"https:\/\/schema.org","@graph":[{"@type":"WebPage","@id":"https:\/\/maison-chance.org\/shop\/de\/produkt\/katze-3","url":"https:\/\/maison-chance.org\/shop\/de\/produkt\/katze-3","name":"Katze - Brokatstoffpuppe - Nh\u00e0 May M\u1eafn - Maison Chance","isPartOf":{"@id":"https:\/\/maison-chance.org\/shop\/de#website"},"primaryImageOfPage":{"@id":"https:\/\/maison-chance.org\/shop\/de\/produkt\/katze-3#primaryimage"},"image":{"@id":"https:\/\/maison-chance.org\/shop\/de\/produkt\/katze-3#primaryimage"},"thumbnailUrl":"https:\/\/maison-chance.org\/shop\/wp-content\/uploads\/2024\/04\/con-roi-meo-3.jpg","datePublished":"2024-10-01T00:01:38+00:00","dateModified":"2025-07-18T07:02:24+00:00","description":"Der Kauf einer Brokatstoffpuppe in Form einer Katze bedeutet nicht nur, ein einzigartiges Spielzeug zu besitzen, sondern ist auch eine M\u00f6glichkeit f\u00fcr Sie, zur Unterst\u00fctzung behinderter Schneider bei Maison Chance beizutragen","breadcrumb":{"@id":"https:\/\/maison-chance.org\/shop\/de\/produkt\/katze-3#breadcrumb"},"inLanguage":"de","potentialAction":[{"@type":"ReadAction","target":["https:\/\/maison-chance.org\/shop\/de\/produkt\/katze-3"]}]},{"@type":"ImageObject","inLanguage":"de","@id":"https:\/\/maison-chance.org\/shop\/de\/produkt\/katze-3#primaryimage","url":"https:\/\/maison-chance.org\/shop\/wp-content\/uploads\/2024\/04\/con-roi-meo-3.jpg","contentUrl":"https:\/\/maison-chance.org\/shop\/wp-content\/uploads\/2024\/04\/con-roi-meo-3.jpg","width":600,"height":600,"caption":"Brokatstoff Katzenpuppe"},{"@type":"BreadcrumbList","@id":"https:\/\/maison-chance.org\/shop\/de\/produkt\/katze-3#breadcrumb","itemListElement":[{"@type":"ListItem","position":1,"name":"Trang ch\u1ee7","item":"https:\/\/maison-chance.org\/shop\/de"},{"@type":"ListItem","position":2,"name":"Shop","item":"https:\/\/maison-chance.org\/shop\/shop"},{"@type":"ListItem","position":3,"name":"Katze"}]},{"@type":"WebSite","@id":"https:\/\/maison-chance.org\/shop\/de#website","url":"https:\/\/maison-chance.org\/shop\/de","name":"Nh\u00e0 May M\u1eafn - Maison Chance","description":"M\u1ecdi l\u1ee3i nhu\u1eadn thu v\u1ec1 t\u1eeb vi\u1ec7c b\u00e1n h\u00e0ng s\u1ebd tr\u00edch m\u1ed9t ph\u1ea7n \u0111\u1ec3 ch\u0103m lo cho \u0111\u1eddi s\u1ed1ng c\u00e1c b\u1ea1n khuy\u1ebft t\u1eadt v\u00e0 tr\u1ebb m\u1ed3 c\u00f4i \u1edf \u0111\u00e2y","publisher":{"@id":"https:\/\/maison-chance.org\/shop\/de#organization"},"potentialAction":[{"@type":"SearchAction","target":{"@type":"EntryPoint","urlTemplate":"https:\/\/maison-chance.org\/shop\/de?s={search_term_string}"},"query-input":{"@type":"PropertyValueSpecification","valueRequired":true,"valueName":"search_term_string"}}],"inLanguage":"de"},{"@type":"Organization","@id":"https:\/\/maison-chance.org\/shop\/de#organization","name":"Nh\u00e0 May M\u1eafn - Maison Chance","url":"https:\/\/maison-chance.org\/shop\/de","logo":{"@type":"ImageObject","inLanguage":"de","@id":"https:\/\/maison-chance.org\/shop\/de#\/schema\/logo\/image\/","url":"https:\/\/maison-chance.org\/shop\/wp-content\/uploads\/2024\/03\/cropped-Logo_DNXH.png","contentUrl":"https:\/\/maison-chance.org\/shop\/wp-content\/uploads\/2024\/03\/cropped-Logo_DNXH.png","width":512,"height":512,"caption":"Nh\u00e0 May M\u1eafn - Maison Chance"},"image":{"@id":"https:\/\/maison-chance.org\/shop\/de#\/schema\/logo\/image\/"},"sameAs":["https:\/\/www.facebook.com\/dnxh.nhamayman\/"]}]},"product_price_amount":"3.68","product_price_currency":"EUR","og_availability":"instock","product_availability":"instock","product_condition":"new"},"_links":{"self":[{"href":"https:\/\/maison-chance.org\/shop\/de\/wp-json\/wp\/v2\/product\/40552","targetHints":{"allow":["GET"]}}],"collection":[{"href":"https:\/\/maison-chance.org\/shop\/de\/wp-json\/wp\/v2\/product"}],"about":[{"href":"https:\/\/maison-chance.org\/shop\/de\/wp-json\/wp\/v2\/types\/product"}],"wp:featuredmedia":[{"embeddable":true,"href":"https:\/\/maison-chance.org\/shop\/de\/wp-json\/wp\/v2\/media\/37589"}],"wp:attachment":[{"href":"https:\/\/maison-chance.org\/shop\/de\/wp-json\/wp\/v2\/media?parent=40552"}],"wp:term":[{"taxonomy":"product_brand","embeddable":true,"href":"https:\/\/maison-chance.org\/shop\/de\/wp-json\/wp\/v2\/product_brand?post=40552"},{"taxonomy":"product_cat","embeddable":true,"href":"https:\/\/maison-chance.org\/shop\/de\/wp-json\/wp\/v2\/product_cat?post=40552"},{"taxonomy":"product_tag","embeddable":true,"href":"https:\/\/maison-chance.org\/shop\/de\/wp-json\/wp\/v2\/product_tag?post=40552"}],"curies":[{"name":"wp","href":"https:\/\/api.w.org\/{rel}","templated":true}]}}