{"id":40560,"date":"2024-10-01T07:08:48","date_gmt":"2024-10-01T00:08:48","guid":{"rendered":"https:\/\/maison-chance.org\/shop\/san-pham\/baer"},"modified":"2025-07-18T13:47:07","modified_gmt":"2025-07-18T06:47:07","slug":"baer","status":"publish","type":"product","link":"https:\/\/maison-chance.org\/shop\/de\/produkt\/baer","title":{"rendered":"B\u00e4r"},"content":{"rendered":"<p data-start=\"64\" data-end=\"441\">Die handgefertigte Stoffpuppe in Form eines B\u00e4ren besticht durch ihr niedliches Aussehen und den charakteristischen ethnischen Brokatstil. Mit sorgf\u00e4ltigen N\u00e4hten und einem schelmischen Gesichtsausdruck wird der kleine B\u00e4r zu einer lebendigen Figur \u2013 ideal zum Geschichtenerz\u00e4hlen, f\u00fcr interaktive Auftritte mit Kindern oder einfach als bedeutungsvolles kleines Geschenk.<\/p>\n<p data-start=\"443\" data-end=\"653\">Das handgerechte Design und das weiche, sichere Material machen ihn sowohl f\u00fcr Kinder als auch f\u00fcr Erwachsene geeignet. Jeder B\u00e4r ist ein Unikat \u2013 vollst\u00e4ndig von Hand gefertigt, kein St\u00fcck gleicht dem anderen.<\/p>\n<p data-start=\"655\" data-end=\"941\">Nicht nur ein Spielzeug, sondern auch ein Kulturobjekt \u2013 ein Ausdruck von Kreativit\u00e4t, handwerklichem Geschick und den Geschichten der Kunsthandwerker*innen bei <em data-start=\"816\" data-end=\"831\">Maison Chance<\/em>. Ein kleines Objekt, das dennoch Emotionen wecken und ein St\u00fcck W\u00e4rme traditionellen Handwerks bewahren kann.<\/p>\n<p data-start=\"943\" data-end=\"1140\" data-is-last-node=\"\" data-is-only-node=\"\">\ud83d\udce9 Die Preise in Vietnam k\u00f6nnen variieren. Bitte kontaktieren Sie uns f\u00fcr weitere Informationen.<br data-start=\"1039\" data-end=\"1042\" \/><strong data-start=\"1042\" data-end=\"1054\">Hotline:<\/strong> 0909 06 25 28<br data-start=\"1068\" data-end=\"1071\" \/><strong data-start=\"1071\" data-end=\"1090\">Facebook-Seite:<\/strong> <em data-start=\"1091\" data-end=\"1140\" data-is-last-node=\"\">Maison Chance \u2013 Doanh Nghi\u1ec7p X\u00e3 H\u1ed9i Nh\u00e0 May M\u1eafn<\/em><\/p>\n","protected":false},"excerpt":{"rendered":"<p style=\"text-align: justify;\">Handgefertigte Produkte von benachteiligten behinderten Freunden bitten freundlich um die Unterst\u00fctzung unserer gesch\u00e4tzten Kunden.<\/p>\n<p>Material: Brokatstoff<\/p>\n<p>Gr\u00f6\u00dfe: 22 x 29<\/p>\n<p>Code: TC01CR<\/p>\n<p>Hotline: <span style=\"font-size: 20px;\"><strong><span style=\"color: #ff0000;\">090 906 2528<\/span><\/strong><\/span><\/p>\n<p style=\"text-align: justify;\">Wenn Sie in Vietnam sind, kontaktieren Sie uns bitte \u00fcber die Hotline oder die Maison Chance Business-Fanpage, um den Verkaufspreis in Vietnam zu erfahren.<\/p>\n","protected":false},"featured_media":37757,"template":"","meta":[],"product_brand":[],"product_cat":[232,238],"product_tag":[],"class_list":{"0":"post-40560","1":"product","2":"type-product","3":"status-publish","4":"has-post-thumbnail","6":"product_cat-naeherei","7":"product_cat-puppen","9":"first","10":"instock","11":"shipping-taxable","12":"purchasable","13":"product-type-simple"},"yoast_head":"<!-- This site is optimized with the Yoast SEO Premium plugin v22.7 (Yoast SEO v25.3.1) - https:\/\/yoast.com\/wordpress\/plugins\/seo\/ -->\n<title>B\u00e4r - Brokatstoffpuppe - Nh\u00e0 May M\u1eafn - Maison Chance<\/title>\n<meta name=\"description\" content=\"Die Brokatstoffpuppe in Form eines B\u00e4ren bedeutet nicht nur, ein einzigartiges Spielzeug zu besitzen, sondern auch eine M\u00f6glichkeit f\u00fcr Sie, zur Unterst\u00fctzung behinderter Schneider bei Maison Chance beizutragen\" \/>\n<meta name=\"robots\" content=\"index, follow, max-snippet:-1, max-image-preview:large, max-video-preview:-1\" \/>\n<link rel=\"canonical\" href=\"https:\/\/maison-chance.org\/shop\/de\/produkt\/baer\" \/>\n<meta property=\"og:locale\" content=\"de_DE\" \/>\n<meta property=\"og:type\" content=\"article\" \/>\n<meta property=\"og:title\" content=\"B\u00e4r\" \/>\n<meta property=\"og:description\" content=\"Die Brokatstoffpuppe in Form eines B\u00e4ren bedeutet nicht nur, ein einzigartiges Spielzeug zu besitzen, sondern auch eine M\u00f6glichkeit f\u00fcr Sie, zur Unterst\u00fctzung behinderter Schneider bei Maison Chance beizutragen\" \/>\n<meta property=\"og:url\" content=\"https:\/\/maison-chance.org\/shop\/de\/produkt\/baer\" \/>\n<meta property=\"og:site_name\" content=\"Nh\u00e0 May M\u1eafn - Maison Chance\" \/>\n<meta property=\"article:publisher\" content=\"https:\/\/www.facebook.com\/dnxh.nhamayman\/\" \/>\n<meta property=\"article:modified_time\" content=\"2025-07-18T06:47:07+00:00\" \/>\n<meta property=\"og:image\" content=\"https:\/\/maison-chance.org\/shop\/wp-content\/uploads\/2024\/04\/con-roi-hinh-con-gau-vai-tho-cam-2.jpg\" \/>\n\t<meta property=\"og:image:width\" content=\"600\" \/>\n\t<meta property=\"og:image:height\" content=\"600\" \/>\n\t<meta property=\"og:image:type\" content=\"image\/jpeg\" \/>\n<meta name=\"twitter:card\" content=\"summary_large_image\" \/>\n<meta name=\"twitter:label1\" content=\"Preis\" \/>\n\t<meta name=\"twitter:data1\" content=\"&euro;3.68\" \/>\n\t<meta name=\"twitter:label2\" content=\"Verf\u00fcgbarkeit\" \/>\n\t<meta name=\"twitter:data2\" content=\"Auf Lager\" \/>\n<script type=\"application\/ld+json\" class=\"yoast-schema-graph\">{\"@context\":\"https:\/\/schema.org\",\"@graph\":[{\"@type\":\"WebPage\",\"@id\":\"https:\/\/maison-chance.org\/shop\/de\/produkt\/baer\",\"url\":\"https:\/\/maison-chance.org\/shop\/de\/produkt\/baer\",\"name\":\"B\u00e4r - Brokatstoffpuppe - Nh\u00e0 May M\u1eafn - Maison Chance\",\"isPartOf\":{\"@id\":\"https:\/\/maison-chance.org\/shop\/de#website\"},\"primaryImageOfPage\":{\"@id\":\"https:\/\/maison-chance.org\/shop\/de\/produkt\/baer#primaryimage\"},\"image\":{\"@id\":\"https:\/\/maison-chance.org\/shop\/de\/produkt\/baer#primaryimage\"},\"thumbnailUrl\":\"https:\/\/maison-chance.org\/shop\/wp-content\/uploads\/2024\/04\/con-roi-hinh-con-gau-vai-tho-cam-2.jpg\",\"datePublished\":\"2024-10-01T00:08:48+00:00\",\"dateModified\":\"2025-07-18T06:47:07+00:00\",\"description\":\"Die Brokatstoffpuppe in Form eines B\u00e4ren bedeutet nicht nur, ein einzigartiges Spielzeug zu besitzen, sondern auch eine M\u00f6glichkeit f\u00fcr Sie, zur Unterst\u00fctzung behinderter Schneider bei Maison Chance beizutragen\",\"breadcrumb\":{\"@id\":\"https:\/\/maison-chance.org\/shop\/de\/produkt\/baer#breadcrumb\"},\"inLanguage\":\"de\",\"potentialAction\":[{\"@type\":\"ReadAction\",\"target\":[\"https:\/\/maison-chance.org\/shop\/de\/produkt\/baer\"]}]},{\"@type\":\"ImageObject\",\"inLanguage\":\"de\",\"@id\":\"https:\/\/maison-chance.org\/shop\/de\/produkt\/baer#primaryimage\",\"url\":\"https:\/\/maison-chance.org\/shop\/wp-content\/uploads\/2024\/04\/con-roi-hinh-con-gau-vai-tho-cam-2.jpg\",\"contentUrl\":\"https:\/\/maison-chance.org\/shop\/wp-content\/uploads\/2024\/04\/con-roi-hinh-con-gau-vai-tho-cam-2.jpg\",\"width\":600,\"height\":600,\"caption\":\"Brokatstoffpuppe in Form eines B\u00e4ren\"},{\"@type\":\"BreadcrumbList\",\"@id\":\"https:\/\/maison-chance.org\/shop\/de\/produkt\/baer#breadcrumb\",\"itemListElement\":[{\"@type\":\"ListItem\",\"position\":1,\"name\":\"Trang ch\u1ee7\",\"item\":\"https:\/\/maison-chance.org\/shop\/de\"},{\"@type\":\"ListItem\",\"position\":2,\"name\":\"Shop\",\"item\":\"https:\/\/maison-chance.org\/shop\/shop\"},{\"@type\":\"ListItem\",\"position\":3,\"name\":\"B\u00e4r\"}]},{\"@type\":\"WebSite\",\"@id\":\"https:\/\/maison-chance.org\/shop\/de#website\",\"url\":\"https:\/\/maison-chance.org\/shop\/de\",\"name\":\"Nh\u00e0 May M\u1eafn - Maison Chance\",\"description\":\"M\u1ecdi l\u1ee3i nhu\u1eadn thu v\u1ec1 t\u1eeb vi\u1ec7c b\u00e1n h\u00e0ng s\u1ebd tr\u00edch m\u1ed9t ph\u1ea7n \u0111\u1ec3 ch\u0103m lo cho \u0111\u1eddi s\u1ed1ng c\u00e1c b\u1ea1n khuy\u1ebft t\u1eadt v\u00e0 tr\u1ebb m\u1ed3 c\u00f4i \u1edf \u0111\u00e2y\",\"publisher\":{\"@id\":\"https:\/\/maison-chance.org\/shop\/de#organization\"},\"potentialAction\":[{\"@type\":\"SearchAction\",\"target\":{\"@type\":\"EntryPoint\",\"urlTemplate\":\"https:\/\/maison-chance.org\/shop\/de?s={search_term_string}\"},\"query-input\":{\"@type\":\"PropertyValueSpecification\",\"valueRequired\":true,\"valueName\":\"search_term_string\"}}],\"inLanguage\":\"de\"},{\"@type\":\"Organization\",\"@id\":\"https:\/\/maison-chance.org\/shop\/de#organization\",\"name\":\"Nh\u00e0 May M\u1eafn - Maison Chance\",\"url\":\"https:\/\/maison-chance.org\/shop\/de\",\"logo\":{\"@type\":\"ImageObject\",\"inLanguage\":\"de\",\"@id\":\"https:\/\/maison-chance.org\/shop\/de#\/schema\/logo\/image\/\",\"url\":\"https:\/\/maison-chance.org\/shop\/wp-content\/uploads\/2024\/03\/cropped-Logo_DNXH.png\",\"contentUrl\":\"https:\/\/maison-chance.org\/shop\/wp-content\/uploads\/2024\/03\/cropped-Logo_DNXH.png\",\"width\":512,\"height\":512,\"caption\":\"Nh\u00e0 May M\u1eafn - Maison Chance\"},\"image\":{\"@id\":\"https:\/\/maison-chance.org\/shop\/de#\/schema\/logo\/image\/\"},\"sameAs\":[\"https:\/\/www.facebook.com\/dnxh.nhamayman\/\"]}]}<\/script>\n<meta property=\"product:price:amount\" content=\"3.68\" \/>\n<meta property=\"product:price:currency\" content=\"EUR\" \/>\n<meta property=\"og:availability\" content=\"instock\" \/>\n<meta property=\"product:availability\" content=\"instock\" \/>\n<meta property=\"product:condition\" content=\"new\" \/>\n<!-- \/ Yoast SEO Premium plugin. -->","yoast_head_json":{"title":"B\u00e4r - Brokatstoffpuppe - Nh\u00e0 May M\u1eafn - Maison Chance","description":"Die Brokatstoffpuppe in Form eines B\u00e4ren bedeutet nicht nur, ein einzigartiges Spielzeug zu besitzen, sondern auch eine M\u00f6glichkeit f\u00fcr Sie, zur Unterst\u00fctzung behinderter Schneider bei Maison Chance beizutragen","robots":{"index":"index","follow":"follow","max-snippet":"max-snippet:-1","max-image-preview":"max-image-preview:large","max-video-preview":"max-video-preview:-1"},"canonical":"https:\/\/maison-chance.org\/shop\/de\/produkt\/baer","og_locale":"de_DE","og_type":"article","og_title":"B\u00e4r","og_description":"Die Brokatstoffpuppe in Form eines B\u00e4ren bedeutet nicht nur, ein einzigartiges Spielzeug zu besitzen, sondern auch eine M\u00f6glichkeit f\u00fcr Sie, zur Unterst\u00fctzung behinderter Schneider bei Maison Chance beizutragen","og_url":"https:\/\/maison-chance.org\/shop\/de\/produkt\/baer","og_site_name":"Nh\u00e0 May M\u1eafn - Maison Chance","article_publisher":"https:\/\/www.facebook.com\/dnxh.nhamayman\/","article_modified_time":"2025-07-18T06:47:07+00:00","og_image":[{"width":600,"height":600,"url":"https:\/\/maison-chance.org\/shop\/wp-content\/uploads\/2024\/04\/con-roi-hinh-con-gau-vai-tho-cam-2.jpg","type":"image\/jpeg"}],"twitter_card":"summary_large_image","twitter_misc":{"Preis":"&euro;3.68","Verf\u00fcgbarkeit":"Auf Lager"},"schema":{"@context":"https:\/\/schema.org","@graph":[{"@type":"WebPage","@id":"https:\/\/maison-chance.org\/shop\/de\/produkt\/baer","url":"https:\/\/maison-chance.org\/shop\/de\/produkt\/baer","name":"B\u00e4r - Brokatstoffpuppe - Nh\u00e0 May M\u1eafn - Maison Chance","isPartOf":{"@id":"https:\/\/maison-chance.org\/shop\/de#website"},"primaryImageOfPage":{"@id":"https:\/\/maison-chance.org\/shop\/de\/produkt\/baer#primaryimage"},"image":{"@id":"https:\/\/maison-chance.org\/shop\/de\/produkt\/baer#primaryimage"},"thumbnailUrl":"https:\/\/maison-chance.org\/shop\/wp-content\/uploads\/2024\/04\/con-roi-hinh-con-gau-vai-tho-cam-2.jpg","datePublished":"2024-10-01T00:08:48+00:00","dateModified":"2025-07-18T06:47:07+00:00","description":"Die Brokatstoffpuppe in Form eines B\u00e4ren bedeutet nicht nur, ein einzigartiges Spielzeug zu besitzen, sondern auch eine M\u00f6glichkeit f\u00fcr Sie, zur Unterst\u00fctzung behinderter Schneider bei Maison Chance beizutragen","breadcrumb":{"@id":"https:\/\/maison-chance.org\/shop\/de\/produkt\/baer#breadcrumb"},"inLanguage":"de","potentialAction":[{"@type":"ReadAction","target":["https:\/\/maison-chance.org\/shop\/de\/produkt\/baer"]}]},{"@type":"ImageObject","inLanguage":"de","@id":"https:\/\/maison-chance.org\/shop\/de\/produkt\/baer#primaryimage","url":"https:\/\/maison-chance.org\/shop\/wp-content\/uploads\/2024\/04\/con-roi-hinh-con-gau-vai-tho-cam-2.jpg","contentUrl":"https:\/\/maison-chance.org\/shop\/wp-content\/uploads\/2024\/04\/con-roi-hinh-con-gau-vai-tho-cam-2.jpg","width":600,"height":600,"caption":"Brokatstoffpuppe in Form eines B\u00e4ren"},{"@type":"BreadcrumbList","@id":"https:\/\/maison-chance.org\/shop\/de\/produkt\/baer#breadcrumb","itemListElement":[{"@type":"ListItem","position":1,"name":"Trang ch\u1ee7","item":"https:\/\/maison-chance.org\/shop\/de"},{"@type":"ListItem","position":2,"name":"Shop","item":"https:\/\/maison-chance.org\/shop\/shop"},{"@type":"ListItem","position":3,"name":"B\u00e4r"}]},{"@type":"WebSite","@id":"https:\/\/maison-chance.org\/shop\/de#website","url":"https:\/\/maison-chance.org\/shop\/de","name":"Nh\u00e0 May M\u1eafn - Maison Chance","description":"M\u1ecdi l\u1ee3i nhu\u1eadn thu v\u1ec1 t\u1eeb vi\u1ec7c b\u00e1n h\u00e0ng s\u1ebd tr\u00edch m\u1ed9t ph\u1ea7n \u0111\u1ec3 ch\u0103m lo cho \u0111\u1eddi s\u1ed1ng c\u00e1c b\u1ea1n khuy\u1ebft t\u1eadt v\u00e0 tr\u1ebb m\u1ed3 c\u00f4i \u1edf \u0111\u00e2y","publisher":{"@id":"https:\/\/maison-chance.org\/shop\/de#organization"},"potentialAction":[{"@type":"SearchAction","target":{"@type":"EntryPoint","urlTemplate":"https:\/\/maison-chance.org\/shop\/de?s={search_term_string}"},"query-input":{"@type":"PropertyValueSpecification","valueRequired":true,"valueName":"search_term_string"}}],"inLanguage":"de"},{"@type":"Organization","@id":"https:\/\/maison-chance.org\/shop\/de#organization","name":"Nh\u00e0 May M\u1eafn - Maison Chance","url":"https:\/\/maison-chance.org\/shop\/de","logo":{"@type":"ImageObject","inLanguage":"de","@id":"https:\/\/maison-chance.org\/shop\/de#\/schema\/logo\/image\/","url":"https:\/\/maison-chance.org\/shop\/wp-content\/uploads\/2024\/03\/cropped-Logo_DNXH.png","contentUrl":"https:\/\/maison-chance.org\/shop\/wp-content\/uploads\/2024\/03\/cropped-Logo_DNXH.png","width":512,"height":512,"caption":"Nh\u00e0 May M\u1eafn - Maison Chance"},"image":{"@id":"https:\/\/maison-chance.org\/shop\/de#\/schema\/logo\/image\/"},"sameAs":["https:\/\/www.facebook.com\/dnxh.nhamayman\/"]}]},"product_price_amount":"3.68","product_price_currency":"EUR","og_availability":"instock","product_availability":"instock","product_condition":"new"},"_links":{"self":[{"href":"https:\/\/maison-chance.org\/shop\/de\/wp-json\/wp\/v2\/product\/40560","targetHints":{"allow":["GET"]}}],"collection":[{"href":"https:\/\/maison-chance.org\/shop\/de\/wp-json\/wp\/v2\/product"}],"about":[{"href":"https:\/\/maison-chance.org\/shop\/de\/wp-json\/wp\/v2\/types\/product"}],"wp:featuredmedia":[{"embeddable":true,"href":"https:\/\/maison-chance.org\/shop\/de\/wp-json\/wp\/v2\/media\/37757"}],"wp:attachment":[{"href":"https:\/\/maison-chance.org\/shop\/de\/wp-json\/wp\/v2\/media?parent=40560"}],"wp:term":[{"taxonomy":"product_brand","embeddable":true,"href":"https:\/\/maison-chance.org\/shop\/de\/wp-json\/wp\/v2\/product_brand?post=40560"},{"taxonomy":"product_cat","embeddable":true,"href":"https:\/\/maison-chance.org\/shop\/de\/wp-json\/wp\/v2\/product_cat?post=40560"},{"taxonomy":"product_tag","embeddable":true,"href":"https:\/\/maison-chance.org\/shop\/de\/wp-json\/wp\/v2\/product_tag?post=40560"}],"curies":[{"name":"wp","href":"https:\/\/api.w.org\/{rel}","templated":true}]}}