{"id":40582,"date":"2024-09-01T07:02:41","date_gmt":"2024-09-01T00:02:41","guid":{"rendered":"https:\/\/maison-chance.org\/shop\/san-pham\/milchkuh-2"},"modified":"2024-12-18T13:46:01","modified_gmt":"2024-12-18T06:46:01","slug":"milchkuh-2","status":"publish","type":"product","link":"https:\/\/maison-chance.org\/shop\/de\/produkt\/milchkuh-2","title":{"rendered":"Milchkuh"},"content":{"rendered":"<p style=\"text-align: justify;\">Suchen Sie ein einzigartiges Geschenk, das sowohl niedlich ist als auch eine tiefe humanit\u00e4re Bedeutung tr\u00e4gt? Lassen Sie die handgefertigte Milchkuh-Pl\u00fcschtier von Maison Chance Ihr Herz erobern. Dieses Produkt ist nicht nur ein entz\u00fcckendes Spielzeug, sondern auch die Kristallisation von M\u00fche und Geschick aus den talentierten H\u00e4nden behinderter Schneider.<\/p>\n<p style=\"text-align: justify;\">Die Milchkuh-Pl\u00fcschtier, mit der Produktnummer TC36TB, wird sorgf\u00e4ltig aus hochwertigem Leinenstoff gefertigt. Die weiche Oberfl\u00e4che ist sicher f\u00fcr die empfindliche Haut von Kindern. Das besondere Highlight sind die handgemalten schwarzen Flecken, die jedem Produkt eine einzigartige Sch\u00f6nheit verleihen. Mit einer Gr\u00f6\u00dfe von 16 x 23 cm passt die Milchkuh-Pl\u00fcschtier perfekt in die Handfl\u00e4che, ist leicht zu kuscheln und mitzunehmen.<\/p>\n<p style=\"text-align: justify;\">Nicht nur ein Spielzeug, die Milchkuh-Pl\u00fcschtier ist auch eine liebenswerte Dekoration f\u00fcr Wohnr\u00e4ume. Auf einem B\u00fccherregal im Kinderzimmer platziert, schafft die Milchkuh eine kleine Ecke voller Leben und Farbe. Im Wohnzimmer kann sie zu einem interessanten Blickfang auf einem Sofa oder Couchtisch werden. Besonders im Schlafzimmer wird die Milchkuh-Pl\u00fcschtier ein zuverl\u00e4ssiger Begleiter sein und dem Schlaf des Kindes ein Gef\u00fchl von W\u00e4rme und Sicherheit verleihen.<\/p>\n<p style=\"text-align: justify;\">Das Pl\u00fcschtier Milchkuh-Produkt ist nicht nur ein einfacher Dekorationsartikel. Es ist auch ein gro\u00dfartiges Bildungswerkzeug, das Kindern hilft, \u00fcber Tiere und Farben zu lernen und feinmotorische F\u00e4higkeiten durch Spielen zu entwickeln. Dar\u00fcber hinaus wird die Geschichte hinter jedem Produkt &#8211; geschaffen von behinderten Schneidern &#8211; eine bedeutungsvolle Lektion \u00fcber Freundlichkeit und die Bem\u00fchung, Schwierigkeiten zu \u00fcberwinden, sein.<\/p>\n<p style=\"text-align: justify;\">Wenn Sie sich entscheiden, eine Milchkuh-Pl\u00fcschtier von Maison Chance zu kaufen, besitzen Sie nicht nur ein Qualit\u00e4tsprodukt, sondern tragen auch dazu bei, Arbeitspl\u00e4tze f\u00fcr Menschen mit Behinderungen zu schaffen. Jedes verkaufte Produkt ist ein Wort der Ermutigung, eine Gelegenheit f\u00fcr die Schneider hier, ihre Leidenschaft weiter zu verfolgen und ihren Selbstwert zu best\u00e4tigen.<\/p>\n<p style=\"text-align: justify;\">Lassen Sie die Milchkuh-Pl\u00fcschtier von <a href=\"https:\/\/maison-chance.org\/shop\/\">Maison Chance<\/a> zu einem bedeutungsvollen Geschenk f\u00fcr Ihre Lieben werden. Dies ist nicht nur ein niedliches Spielzeug, sondern auch ein Symbol der Liebe, F\u00fcrsorge und Unterst\u00fctzung f\u00fcr die Gemeinschaft der Behinderten. Jede Naht auf der Milchkuh ist eine Geschichte von Widerstandsf\u00e4higkeit und Glauben, jedes handgefertigte Detail ist eine Botschaft der Hoffnung und des Strebens.<\/p>\n<p style=\"text-align: justify;\">Z\u00f6gern Sie nicht, kontaktieren Sie Maison Chance jetzt, um die TC36TB Milchkuh-Pl\u00fcschtier zu bestellen. Sie werden nicht nur ein liebevolles Geschenk nach Hause bringen, sondern auch Freude, Stolz und eine strahlende Zukunft f\u00fcr talentierte Schneider. Schlie\u00dfen Sie sich uns an, um Liebe zu verbreiten und Wunder zu schaffen!<\/p>\n","protected":false},"excerpt":{"rendered":"<p style=\"text-align: justify;\">Dieses Produkt wird von benachteiligten behinderten Menschen handgefertigt, und wir bitten freundlich um Ihre Unterst\u00fctzung.<\/p>\n<p>Material: Leinenstoff + handgemalt<\/p>\n<p>Code: TC36TB<\/p>\n<p>Hotline: <span style=\"font-size: 20px;\"><strong><span style=\"color: #ff0000;\">0909 06 25 28<\/span><\/strong><\/span><\/p>\n<p style=\"text-align: justify;\">Wenn Sie sich in Vietnam befinden, kontaktieren Sie uns bitte \u00fcber die Hotline oder die Maison Chance Unternehmens-Fanpage, um den Verkaufspreis in Vietnam zu erfahren.<\/p>\n<p>Internationale Versandkosten zur Referenz :<\/p>\n<table>\n<thead>\n<tr>\n<th>KG<\/th>\n<th>Europe<\/th>\n<th>Am\u00e9riques<\/th>\n<th>Asie<\/th>\n<\/tr>\n<\/thead>\n<tbody>\n<tr>\n<td>0.5<\/td>\n<td>53\u20ac<\/td>\n<td>70\u20ac<\/td>\n<td>42\u20ac<\/td>\n<\/tr>\n<tr>\n<td>1.0<\/td>\n<td>64\u20ac<\/td>\n<td>85\u20ac<\/td>\n<td>51\u20ac<\/td>\n<\/tr>\n<tr>\n<td>1.5<\/td>\n<td>78\u20ac<\/td>\n<td>101\u20ac<\/td>\n<td>59\u20ac<\/td>\n<\/tr>\n<tr>\n<td>2.0<\/td>\n<td>90\u20ac<\/td>\n<td>119\u20ac<\/td>\n<td>67\u20ac<\/td>\n<\/tr>\n<\/tbody>\n<\/table>\n","protected":false},"featured_media":37021,"template":"","meta":[],"product_brand":[],"product_cat":[244,232],"product_tag":[],"class_list":{"0":"post-40582","1":"product","2":"type-product","3":"status-publish","4":"has-post-thumbnail","6":"product_cat-ausgestopftes-tier-naeherei","7":"product_cat-naeherei","9":"first","10":"instock","11":"shipping-taxable","12":"purchasable","13":"product-type-simple"},"yoast_head":"<!-- This site is optimized with the Yoast SEO Premium plugin v22.7 (Yoast SEO v25.3.1) - https:\/\/yoast.com\/wordpress\/plugins\/seo\/ -->\n<title>Milchkuh - Leinenstoff Pl\u00fcschtier + handgemalt - Nh\u00e0 May M\u1eafn - Maison Chance<\/title>\n<meta name=\"description\" content=\"Das Milchkuh-Pl\u00fcschtier ist nicht nur ein einfacher Dekorationsartikel. Es ist auch ein gro\u00dfartiges Bildungswerkzeug, das Kindern hilft, \u00fcber Tiere und Farben zu lernen und feinmotorische F\u00e4higkeiten durch Spielen zu entwickeln.\" \/>\n<meta name=\"robots\" content=\"index, follow, max-snippet:-1, max-image-preview:large, max-video-preview:-1\" \/>\n<link rel=\"canonical\" href=\"https:\/\/maison-chance.org\/shop\/de\/produkt\/milchkuh-2\" \/>\n<meta property=\"og:locale\" content=\"de_DE\" \/>\n<meta property=\"og:type\" content=\"article\" \/>\n<meta property=\"og:title\" content=\"Milchkuh\" \/>\n<meta property=\"og:description\" content=\"Das Milchkuh-Pl\u00fcschtier ist nicht nur ein einfacher Dekorationsartikel. Es ist auch ein gro\u00dfartiges Bildungswerkzeug, das Kindern hilft, \u00fcber Tiere und Farben zu lernen und feinmotorische F\u00e4higkeiten durch Spielen zu entwickeln.\" \/>\n<meta property=\"og:url\" content=\"https:\/\/maison-chance.org\/shop\/de\/produkt\/milchkuh-2\" \/>\n<meta property=\"og:site_name\" content=\"Nh\u00e0 May M\u1eafn - Maison Chance\" \/>\n<meta property=\"article:publisher\" content=\"https:\/\/www.facebook.com\/dnxh.nhamayman\/\" \/>\n<meta property=\"article:modified_time\" content=\"2024-12-18T06:46:01+00:00\" \/>\n<meta property=\"og:image\" content=\"https:\/\/maison-chance.org\/shop\/wp-content\/uploads\/2024\/04\/con-bo-sua-003.png\" \/>\n\t<meta property=\"og:image:width\" content=\"600\" \/>\n\t<meta property=\"og:image:height\" content=\"600\" \/>\n\t<meta property=\"og:image:type\" content=\"image\/png\" \/>\n<meta name=\"twitter:card\" content=\"summary_large_image\" \/>\n<meta name=\"twitter:label1\" content=\"Preis\" \/>\n\t<meta name=\"twitter:data1\" content=\"&euro;10.86\" \/>\n\t<meta name=\"twitter:label2\" content=\"Verf\u00fcgbarkeit\" \/>\n\t<meta name=\"twitter:data2\" content=\"Auf Lager\" \/>\n<script type=\"application\/ld+json\" class=\"yoast-schema-graph\">{\"@context\":\"https:\/\/schema.org\",\"@graph\":[{\"@type\":\"WebPage\",\"@id\":\"https:\/\/maison-chance.org\/shop\/de\/produkt\/milchkuh-2\",\"url\":\"https:\/\/maison-chance.org\/shop\/de\/produkt\/milchkuh-2\",\"name\":\"Milchkuh - Leinenstoff Pl\u00fcschtier + handgemalt - Nh\u00e0 May M\u1eafn - Maison Chance\",\"isPartOf\":{\"@id\":\"https:\/\/maison-chance.org\/shop\/de#website\"},\"primaryImageOfPage\":{\"@id\":\"https:\/\/maison-chance.org\/shop\/de\/produkt\/milchkuh-2#primaryimage\"},\"image\":{\"@id\":\"https:\/\/maison-chance.org\/shop\/de\/produkt\/milchkuh-2#primaryimage\"},\"thumbnailUrl\":\"https:\/\/maison-chance.org\/shop\/wp-content\/uploads\/2024\/04\/con-bo-sua-003.png\",\"datePublished\":\"2024-09-01T00:02:41+00:00\",\"dateModified\":\"2024-12-18T06:46:01+00:00\",\"description\":\"Das Milchkuh-Pl\u00fcschtier ist nicht nur ein einfacher Dekorationsartikel. Es ist auch ein gro\u00dfartiges Bildungswerkzeug, das Kindern hilft, \u00fcber Tiere und Farben zu lernen und feinmotorische F\u00e4higkeiten durch Spielen zu entwickeln.\",\"breadcrumb\":{\"@id\":\"https:\/\/maison-chance.org\/shop\/de\/produkt\/milchkuh-2#breadcrumb\"},\"inLanguage\":\"de\",\"potentialAction\":[{\"@type\":\"ReadAction\",\"target\":[\"https:\/\/maison-chance.org\/shop\/de\/produkt\/milchkuh-2\"]}]},{\"@type\":\"ImageObject\",\"inLanguage\":\"de\",\"@id\":\"https:\/\/maison-chance.org\/shop\/de\/produkt\/milchkuh-2#primaryimage\",\"url\":\"https:\/\/maison-chance.org\/shop\/wp-content\/uploads\/2024\/04\/con-bo-sua-003.png\",\"contentUrl\":\"https:\/\/maison-chance.org\/shop\/wp-content\/uploads\/2024\/04\/con-bo-sua-003.png\",\"width\":600,\"height\":600,\"caption\":\"Milchkuh\"},{\"@type\":\"BreadcrumbList\",\"@id\":\"https:\/\/maison-chance.org\/shop\/de\/produkt\/milchkuh-2#breadcrumb\",\"itemListElement\":[{\"@type\":\"ListItem\",\"position\":1,\"name\":\"Trang ch\u1ee7\",\"item\":\"https:\/\/maison-chance.org\/shop\/de\"},{\"@type\":\"ListItem\",\"position\":2,\"name\":\"Shop\",\"item\":\"https:\/\/maison-chance.org\/shop\/shop\"},{\"@type\":\"ListItem\",\"position\":3,\"name\":\"Milchkuh\"}]},{\"@type\":\"WebSite\",\"@id\":\"https:\/\/maison-chance.org\/shop\/de#website\",\"url\":\"https:\/\/maison-chance.org\/shop\/de\",\"name\":\"Nh\u00e0 May M\u1eafn - Maison Chance\",\"description\":\"M\u1ecdi l\u1ee3i nhu\u1eadn thu v\u1ec1 t\u1eeb vi\u1ec7c b\u00e1n h\u00e0ng s\u1ebd tr\u00edch m\u1ed9t ph\u1ea7n \u0111\u1ec3 ch\u0103m lo cho \u0111\u1eddi s\u1ed1ng c\u00e1c b\u1ea1n khuy\u1ebft t\u1eadt v\u00e0 tr\u1ebb m\u1ed3 c\u00f4i \u1edf \u0111\u00e2y\",\"publisher\":{\"@id\":\"https:\/\/maison-chance.org\/shop\/de#organization\"},\"potentialAction\":[{\"@type\":\"SearchAction\",\"target\":{\"@type\":\"EntryPoint\",\"urlTemplate\":\"https:\/\/maison-chance.org\/shop\/de?s={search_term_string}\"},\"query-input\":{\"@type\":\"PropertyValueSpecification\",\"valueRequired\":true,\"valueName\":\"search_term_string\"}}],\"inLanguage\":\"de\"},{\"@type\":\"Organization\",\"@id\":\"https:\/\/maison-chance.org\/shop\/de#organization\",\"name\":\"Nh\u00e0 May M\u1eafn - Maison Chance\",\"url\":\"https:\/\/maison-chance.org\/shop\/de\",\"logo\":{\"@type\":\"ImageObject\",\"inLanguage\":\"de\",\"@id\":\"https:\/\/maison-chance.org\/shop\/de#\/schema\/logo\/image\/\",\"url\":\"https:\/\/maison-chance.org\/shop\/wp-content\/uploads\/2024\/03\/cropped-Logo_DNXH.png\",\"contentUrl\":\"https:\/\/maison-chance.org\/shop\/wp-content\/uploads\/2024\/03\/cropped-Logo_DNXH.png\",\"width\":512,\"height\":512,\"caption\":\"Nh\u00e0 May M\u1eafn - Maison Chance\"},\"image\":{\"@id\":\"https:\/\/maison-chance.org\/shop\/de#\/schema\/logo\/image\/\"},\"sameAs\":[\"https:\/\/www.facebook.com\/dnxh.nhamayman\/\"]}]}<\/script>\n<meta property=\"product:price:amount\" content=\"10.86\" \/>\n<meta property=\"product:price:currency\" content=\"EUR\" \/>\n<meta property=\"og:availability\" content=\"instock\" \/>\n<meta property=\"product:availability\" content=\"instock\" \/>\n<meta property=\"product:condition\" content=\"new\" \/>\n<!-- \/ Yoast SEO Premium plugin. -->","yoast_head_json":{"title":"Milchkuh - Leinenstoff Pl\u00fcschtier + handgemalt - Nh\u00e0 May M\u1eafn - Maison Chance","description":"Das Milchkuh-Pl\u00fcschtier ist nicht nur ein einfacher Dekorationsartikel. Es ist auch ein gro\u00dfartiges Bildungswerkzeug, das Kindern hilft, \u00fcber Tiere und Farben zu lernen und feinmotorische F\u00e4higkeiten durch Spielen zu entwickeln.","robots":{"index":"index","follow":"follow","max-snippet":"max-snippet:-1","max-image-preview":"max-image-preview:large","max-video-preview":"max-video-preview:-1"},"canonical":"https:\/\/maison-chance.org\/shop\/de\/produkt\/milchkuh-2","og_locale":"de_DE","og_type":"article","og_title":"Milchkuh","og_description":"Das Milchkuh-Pl\u00fcschtier ist nicht nur ein einfacher Dekorationsartikel. Es ist auch ein gro\u00dfartiges Bildungswerkzeug, das Kindern hilft, \u00fcber Tiere und Farben zu lernen und feinmotorische F\u00e4higkeiten durch Spielen zu entwickeln.","og_url":"https:\/\/maison-chance.org\/shop\/de\/produkt\/milchkuh-2","og_site_name":"Nh\u00e0 May M\u1eafn - Maison Chance","article_publisher":"https:\/\/www.facebook.com\/dnxh.nhamayman\/","article_modified_time":"2024-12-18T06:46:01+00:00","og_image":[{"width":600,"height":600,"url":"https:\/\/maison-chance.org\/shop\/wp-content\/uploads\/2024\/04\/con-bo-sua-003.png","type":"image\/png"}],"twitter_card":"summary_large_image","twitter_misc":{"Preis":"&euro;10.86","Verf\u00fcgbarkeit":"Auf Lager"},"schema":{"@context":"https:\/\/schema.org","@graph":[{"@type":"WebPage","@id":"https:\/\/maison-chance.org\/shop\/de\/produkt\/milchkuh-2","url":"https:\/\/maison-chance.org\/shop\/de\/produkt\/milchkuh-2","name":"Milchkuh - Leinenstoff Pl\u00fcschtier + handgemalt - Nh\u00e0 May M\u1eafn - Maison Chance","isPartOf":{"@id":"https:\/\/maison-chance.org\/shop\/de#website"},"primaryImageOfPage":{"@id":"https:\/\/maison-chance.org\/shop\/de\/produkt\/milchkuh-2#primaryimage"},"image":{"@id":"https:\/\/maison-chance.org\/shop\/de\/produkt\/milchkuh-2#primaryimage"},"thumbnailUrl":"https:\/\/maison-chance.org\/shop\/wp-content\/uploads\/2024\/04\/con-bo-sua-003.png","datePublished":"2024-09-01T00:02:41+00:00","dateModified":"2024-12-18T06:46:01+00:00","description":"Das Milchkuh-Pl\u00fcschtier ist nicht nur ein einfacher Dekorationsartikel. Es ist auch ein gro\u00dfartiges Bildungswerkzeug, das Kindern hilft, \u00fcber Tiere und Farben zu lernen und feinmotorische F\u00e4higkeiten durch Spielen zu entwickeln.","breadcrumb":{"@id":"https:\/\/maison-chance.org\/shop\/de\/produkt\/milchkuh-2#breadcrumb"},"inLanguage":"de","potentialAction":[{"@type":"ReadAction","target":["https:\/\/maison-chance.org\/shop\/de\/produkt\/milchkuh-2"]}]},{"@type":"ImageObject","inLanguage":"de","@id":"https:\/\/maison-chance.org\/shop\/de\/produkt\/milchkuh-2#primaryimage","url":"https:\/\/maison-chance.org\/shop\/wp-content\/uploads\/2024\/04\/con-bo-sua-003.png","contentUrl":"https:\/\/maison-chance.org\/shop\/wp-content\/uploads\/2024\/04\/con-bo-sua-003.png","width":600,"height":600,"caption":"Milchkuh"},{"@type":"BreadcrumbList","@id":"https:\/\/maison-chance.org\/shop\/de\/produkt\/milchkuh-2#breadcrumb","itemListElement":[{"@type":"ListItem","position":1,"name":"Trang ch\u1ee7","item":"https:\/\/maison-chance.org\/shop\/de"},{"@type":"ListItem","position":2,"name":"Shop","item":"https:\/\/maison-chance.org\/shop\/shop"},{"@type":"ListItem","position":3,"name":"Milchkuh"}]},{"@type":"WebSite","@id":"https:\/\/maison-chance.org\/shop\/de#website","url":"https:\/\/maison-chance.org\/shop\/de","name":"Nh\u00e0 May M\u1eafn - Maison Chance","description":"M\u1ecdi l\u1ee3i nhu\u1eadn thu v\u1ec1 t\u1eeb vi\u1ec7c b\u00e1n h\u00e0ng s\u1ebd tr\u00edch m\u1ed9t ph\u1ea7n \u0111\u1ec3 ch\u0103m lo cho \u0111\u1eddi s\u1ed1ng c\u00e1c b\u1ea1n khuy\u1ebft t\u1eadt v\u00e0 tr\u1ebb m\u1ed3 c\u00f4i \u1edf \u0111\u00e2y","publisher":{"@id":"https:\/\/maison-chance.org\/shop\/de#organization"},"potentialAction":[{"@type":"SearchAction","target":{"@type":"EntryPoint","urlTemplate":"https:\/\/maison-chance.org\/shop\/de?s={search_term_string}"},"query-input":{"@type":"PropertyValueSpecification","valueRequired":true,"valueName":"search_term_string"}}],"inLanguage":"de"},{"@type":"Organization","@id":"https:\/\/maison-chance.org\/shop\/de#organization","name":"Nh\u00e0 May M\u1eafn - Maison Chance","url":"https:\/\/maison-chance.org\/shop\/de","logo":{"@type":"ImageObject","inLanguage":"de","@id":"https:\/\/maison-chance.org\/shop\/de#\/schema\/logo\/image\/","url":"https:\/\/maison-chance.org\/shop\/wp-content\/uploads\/2024\/03\/cropped-Logo_DNXH.png","contentUrl":"https:\/\/maison-chance.org\/shop\/wp-content\/uploads\/2024\/03\/cropped-Logo_DNXH.png","width":512,"height":512,"caption":"Nh\u00e0 May M\u1eafn - Maison Chance"},"image":{"@id":"https:\/\/maison-chance.org\/shop\/de#\/schema\/logo\/image\/"},"sameAs":["https:\/\/www.facebook.com\/dnxh.nhamayman\/"]}]},"product_price_amount":"10.86","product_price_currency":"EUR","og_availability":"instock","product_availability":"instock","product_condition":"new"},"_links":{"self":[{"href":"https:\/\/maison-chance.org\/shop\/de\/wp-json\/wp\/v2\/product\/40582","targetHints":{"allow":["GET"]}}],"collection":[{"href":"https:\/\/maison-chance.org\/shop\/de\/wp-json\/wp\/v2\/product"}],"about":[{"href":"https:\/\/maison-chance.org\/shop\/de\/wp-json\/wp\/v2\/types\/product"}],"wp:featuredmedia":[{"embeddable":true,"href":"https:\/\/maison-chance.org\/shop\/de\/wp-json\/wp\/v2\/media\/37021"}],"wp:attachment":[{"href":"https:\/\/maison-chance.org\/shop\/de\/wp-json\/wp\/v2\/media?parent=40582"}],"wp:term":[{"taxonomy":"product_brand","embeddable":true,"href":"https:\/\/maison-chance.org\/shop\/de\/wp-json\/wp\/v2\/product_brand?post=40582"},{"taxonomy":"product_cat","embeddable":true,"href":"https:\/\/maison-chance.org\/shop\/de\/wp-json\/wp\/v2\/product_cat?post=40582"},{"taxonomy":"product_tag","embeddable":true,"href":"https:\/\/maison-chance.org\/shop\/de\/wp-json\/wp\/v2\/product_tag?post=40582"}],"curies":[{"name":"wp","href":"https:\/\/api.w.org\/{rel}","templated":true}]}}