{"id":40586,"date":"2024-09-03T07:01:34","date_gmt":"2024-09-03T00:01:34","guid":{"rendered":"https:\/\/maison-chance.org\/shop\/san-pham\/nashorn"},"modified":"2025-03-12T10:23:09","modified_gmt":"2025-03-12T03:23:09","slug":"nashorn","status":"publish","type":"product","link":"https:\/\/maison-chance.org\/shop\/de\/produkt\/nashorn","title":{"rendered":"Nashorn"},"content":{"rendered":"<p style=\"text-align: justify;\"><strong>Das Tapisserie-Nashorn TC34TB &#8211; Die Farben der Kultur in jedem Stich<\/strong><\/p>\n<p>Das Tapisserie-Nashorn TC34TB tr\u00e4gt das Bild eines seltenen Tieres sowie die zarte Sch\u00f6nheit des vietnamesischen Tapisseriestoffes in sich. Es ist nicht nur ein Dekorationsobjekt, sondern auch ein einzigartiges Kunstwerk, das tiefe kulturelle und humanit\u00e4re Werte enth\u00e4lt.<\/p>\n<p data-start=\"335\" data-end=\"374\"><strong>Delicate Sch\u00f6nheit und tiefgreifende Bedeutung<\/strong><\/p>\n<p data-start=\"375\" data-end=\"759\">Mit einer kompakten Gr\u00f6\u00dfe von 18 x 28 cm sticht das Tapisserie-Nashorn hervor durch die harmonische Kombination lebendiger Farben wie Gr\u00fcn, leuchtendes Rot und Pastellrosa. Die charakteristischen geometrischen Muster des vietnamesischen Tapisseriestoffes sind sorgf\u00e4ltig auf dem K\u00f6rper des Nashorns gestickt, was eine rustikale, aber lebendige Sch\u00f6nheit schafft. Jedes Detail spiegelt das Geschick und die Hingabe der behinderten N\u00e4herinnen bei Maison Chance wider.<\/p>\n<p data-start=\"761\" data-end=\"819\"><strong>Bereicherung des Wohnraums \u2013 Inspiration f\u00fcr kreative Gedanken<\/strong><\/p>\n<p data-start=\"820\" data-end=\"922\">Das Tapisserie-Nashorn dient nicht nur als dekoratives Element, sondern er\u00f6ffnet auch einzigartige kulturelle Geschichten:<\/p>\n<ul data-start=\"923\" data-end=\"1414\">\n<li data-start=\"923\" data-end=\"1069\"><strong data-start=\"925\" data-end=\"940\">Wohnzimmer<\/strong>: Stellen Sie es auf ein Regal oder einen Couchtisch, um einen einzigartigen Blickfang zu schaffen, der den anspruchsvollen \u00e4sthetischen Geschmack des Besitzers zur Schau stellt.<\/li>\n<li data-start=\"1070\" data-end=\"1239\"><strong data-start=\"1072\" data-end=\"1092\">Kinderzimmer<\/strong>: Mit seiner niedlichen Form und lebendigen Farben wird es ein idealer Begleiter sein, der die Fantasie anregt und die Liebe zur Natur bei Kindern f\u00f6rdert.<\/li>\n<li data-start=\"1240\" data-end=\"1414\"><strong data-start=\"1242\" data-end=\"1260\">Heimb\u00fcro<\/strong>: Die Anwesenheit des Tapisserie-Nashorns auf dem Schreibtisch wird kreative Inspiration bringen und gleichzeitig an die Ausdauer und den Willen erinnern, Herausforderungen zu meistern.<\/li>\n<\/ul>\n<p data-start=\"1416\" data-end=\"1464\"><strong>Bedeutungsvolles Geschenk \u2013 Verbreitung humanit\u00e4rer Werte<\/strong><\/p>\n<p data-start=\"1465\" data-end=\"1565\">Nicht nur als dekoratives Element ist das Tapisserie-Nashorn auch ein bedeutungsvolles Geschenk:<\/p>\n<ul data-start=\"1566\" data-end=\"2110\">\n<li data-start=\"1566\" data-end=\"1689\"><strong data-start=\"1568\" data-end=\"1612\">Bewusstsein f\u00fcr den Schutz seltener Tiere sch\u00e4rfen<\/strong> \u2013 Hilft dem Empf\u00e4nger, Wissen zu erlangen und Interesse an der Naturerhaltung zu entwickeln.<\/li>\n<li data-start=\"1690\" data-end=\"1799\"><strong data-start=\"1692\" data-end=\"1725\">Traditionelle Kultur ehren<\/strong> \u2013 Verk\u00f6rpert die Essenz des vietnamesischen Tapisseriestoffes und verbindet vergangene und gegenw\u00e4rtige Werte.<\/li>\n<li data-start=\"1800\" data-end=\"1948\"><strong data-start=\"1802\" data-end=\"1838\">Inspiration f\u00fcr Lebensmut geben<\/strong> \u2013 Jedes Produkt erz\u00e4hlt die Geschichte von Beharrlichkeit und dem Streben, Herausforderungen zu \u00fcberwinden, die behinderten N\u00e4herinnen begegnen.<\/li>\n<li data-start=\"1949\" data-end=\"2110\"><strong data-start=\"1951\" data-end=\"1973\">Beitrag zur Gemeinschaft<\/strong> \u2013 Jedes Produkt, das Sie kaufen, ist eine praktische Unterst\u00fctzung, die dazu beitr\u00e4gt, Arbeitspl\u00e4tze zu schaffen und die soziale Integration von Behinderten zu f\u00f6rdern.<\/li>\n<\/ul>\n<p><strong>Liebe verbreiten \u2013 Die Geschichte der Hoffnung weiterf\u00fchren<\/strong><\/p>\n<p style=\"text-align: justify;\">Der Besitz dieses pl\u00fcschigen Nashorns versch\u00f6nert nicht nur Ihren Wohnraum, sondern verbreitet auch Liebe und teilt mit der Gemeinschaft von behinderten Menschen bei Maison Chance. Sie sind diejenige, die die Geschichte der Resilienz und Hoffnung f\u00fcr diese besonderen N\u00e4herinnen fortsetzt.<\/p>\n<p data-start=\"2490\" data-end=\"2806\" data-is-last-node=\"\" data-is-only-node=\"\">W\u00e4hlen Sie das Tapisserie-Nashorn TC34TB als einzigartiges Highlight f\u00fcr Ihren Raum oder als bedeutungsvolles Geschenk f\u00fcr Ihre Lieben. Mit jedem verkauften Produkt bringen Sie nicht nur Freude f\u00fcr sich selbst, sondern tragen auch dazu bei, eine strahlende Zukunft f\u00fcr die entschlossenen behinderten N\u00e4herinnen bei <a href=\"https:\/\/maison-chance.org\/shop\">Maison Chance<\/a> aufzubauen.<\/p>\n<p>&nbsp;<\/p>\n","protected":false},"excerpt":{"rendered":"<p style=\"text-align: justify;\">Dieses Produkt wird von benachteiligten behinderten Menschen handgefertigt, und wir bitten freundlich um Ihre Unterst\u00fctzung.<\/p>\n<p>Material: Brokatstoff<\/p>\n<p>Code: TC34TB<\/p>\n<p>Hotline: <span style=\"font-size: 20px;\"><strong><span style=\"color: #ff0000;\">0909 06 25 28<\/span><\/strong><\/span><\/p>\n<p style=\"text-align: justify;\">Wenn Sie sich in Vietnam befinden, kontaktieren Sie uns bitte \u00fcber die Hotline oder die Maison Chance Unternehmens-Fanpage, um den Verkaufspreis in Vietnam zu erfahren.<\/p>\n<p>Internationale Versandkosten zur Referenz :<\/p>\n<table>\n<thead>\n<tr>\n<th>KG<\/th>\n<th>Europe<\/th>\n<th>Am\u00e9riques<\/th>\n<th>Asie<\/th>\n<\/tr>\n<\/thead>\n<tbody>\n<tr>\n<td>0.5<\/td>\n<td>53\u20ac<\/td>\n<td>70\u20ac<\/td>\n<td>42\u20ac<\/td>\n<\/tr>\n<tr>\n<td>1.0<\/td>\n<td>64\u20ac<\/td>\n<td>85\u20ac<\/td>\n<td>51\u20ac<\/td>\n<\/tr>\n<tr>\n<td>1.5<\/td>\n<td>78\u20ac<\/td>\n<td>101\u20ac<\/td>\n<td>59\u20ac<\/td>\n<\/tr>\n<tr>\n<td>2.0<\/td>\n<td>90\u20ac<\/td>\n<td>119\u20ac<\/td>\n<td>67\u20ac<\/td>\n<\/tr>\n<\/tbody>\n<\/table>\n","protected":false},"featured_media":37005,"template":"","meta":[],"product_brand":[],"product_cat":[244,232],"product_tag":[],"class_list":{"0":"post-40586","1":"product","2":"type-product","3":"status-publish","4":"has-post-thumbnail","6":"product_cat-ausgestopftes-tier-naeherei","7":"product_cat-naeherei","9":"first","10":"instock","11":"shipping-taxable","12":"purchasable","13":"product-type-simple"},"yoast_head":"<!-- This site is optimized with the Yoast SEO Premium plugin v22.7 (Yoast SEO v25.3.1) - https:\/\/yoast.com\/wordpress\/plugins\/seo\/ -->\n<title>Nashorn- Brokat-Pl\u00fcschtier - Nh\u00e0 May M\u1eafn - Maison Chance<\/title>\n<meta name=\"description\" content=\"Jeder Stich auf dem Nashorn-Pl\u00fcschtier enth\u00e4lt eine Geschichte von Widerstandsf\u00e4higkeit und Tr\u00e4umen zur \u00dcberwindung des Schicksals von den Schneidern bei Maison Chance.\" \/>\n<meta name=\"robots\" content=\"index, follow, max-snippet:-1, max-image-preview:large, max-video-preview:-1\" \/>\n<link rel=\"canonical\" href=\"https:\/\/maison-chance.org\/shop\/de\/produkt\/nashorn\" \/>\n<meta property=\"og:locale\" content=\"de_DE\" \/>\n<meta property=\"og:type\" content=\"article\" \/>\n<meta property=\"og:title\" content=\"Nashorn\" \/>\n<meta property=\"og:description\" content=\"Jeder Stich auf dem Nashorn-Pl\u00fcschtier enth\u00e4lt eine Geschichte von Widerstandsf\u00e4higkeit und Tr\u00e4umen zur \u00dcberwindung des Schicksals von den Schneidern bei Maison Chance.\" \/>\n<meta property=\"og:url\" content=\"https:\/\/maison-chance.org\/shop\/de\/produkt\/nashorn\" \/>\n<meta property=\"og:site_name\" content=\"Nh\u00e0 May M\u1eafn - Maison Chance\" \/>\n<meta property=\"article:publisher\" content=\"https:\/\/www.facebook.com\/dnxh.nhamayman\/\" \/>\n<meta property=\"article:modified_time\" content=\"2025-03-12T03:23:09+00:00\" \/>\n<meta property=\"og:image\" content=\"https:\/\/maison-chance.org\/shop\/wp-content\/uploads\/2024\/04\/thu-nhoi-bong-hinh-con-te-giac-vai-tho-cam-1-1.jpg\" \/>\n\t<meta property=\"og:image:width\" content=\"600\" \/>\n\t<meta property=\"og:image:height\" content=\"600\" \/>\n\t<meta property=\"og:image:type\" content=\"image\/jpeg\" \/>\n<meta name=\"twitter:card\" content=\"summary_large_image\" \/>\n<meta name=\"twitter:label1\" content=\"Preis\" \/>\n\t<meta name=\"twitter:data1\" content=\"&euro;4.42\" \/>\n\t<meta name=\"twitter:label2\" content=\"Verf\u00fcgbarkeit\" \/>\n\t<meta name=\"twitter:data2\" content=\"Auf Lager\" \/>\n<script type=\"application\/ld+json\" class=\"yoast-schema-graph\">{\"@context\":\"https:\/\/schema.org\",\"@graph\":[{\"@type\":\"WebPage\",\"@id\":\"https:\/\/maison-chance.org\/shop\/de\/produkt\/nashorn\",\"url\":\"https:\/\/maison-chance.org\/shop\/de\/produkt\/nashorn\",\"name\":\"Nashorn- Brokat-Pl\u00fcschtier - Nh\u00e0 May M\u1eafn - Maison Chance\",\"isPartOf\":{\"@id\":\"https:\/\/maison-chance.org\/shop\/de#website\"},\"primaryImageOfPage\":{\"@id\":\"https:\/\/maison-chance.org\/shop\/de\/produkt\/nashorn#primaryimage\"},\"image\":{\"@id\":\"https:\/\/maison-chance.org\/shop\/de\/produkt\/nashorn#primaryimage\"},\"thumbnailUrl\":\"https:\/\/maison-chance.org\/shop\/wp-content\/uploads\/2024\/04\/thu-nhoi-bong-hinh-con-te-giac-vai-tho-cam-1-1.jpg\",\"datePublished\":\"2024-09-03T00:01:34+00:00\",\"dateModified\":\"2025-03-12T03:23:09+00:00\",\"description\":\"Jeder Stich auf dem Nashorn-Pl\u00fcschtier enth\u00e4lt eine Geschichte von Widerstandsf\u00e4higkeit und Tr\u00e4umen zur \u00dcberwindung des Schicksals von den Schneidern bei Maison Chance.\",\"breadcrumb\":{\"@id\":\"https:\/\/maison-chance.org\/shop\/de\/produkt\/nashorn#breadcrumb\"},\"inLanguage\":\"de\",\"potentialAction\":[{\"@type\":\"ReadAction\",\"target\":[\"https:\/\/maison-chance.org\/shop\/de\/produkt\/nashorn\"]}]},{\"@type\":\"ImageObject\",\"inLanguage\":\"de\",\"@id\":\"https:\/\/maison-chance.org\/shop\/de\/produkt\/nashorn#primaryimage\",\"url\":\"https:\/\/maison-chance.org\/shop\/wp-content\/uploads\/2024\/04\/thu-nhoi-bong-hinh-con-te-giac-vai-tho-cam-1-1.jpg\",\"contentUrl\":\"https:\/\/maison-chance.org\/shop\/wp-content\/uploads\/2024\/04\/thu-nhoi-bong-hinh-con-te-giac-vai-tho-cam-1-1.jpg\",\"width\":600,\"height\":600,\"caption\":\"Nashorn\"},{\"@type\":\"BreadcrumbList\",\"@id\":\"https:\/\/maison-chance.org\/shop\/de\/produkt\/nashorn#breadcrumb\",\"itemListElement\":[{\"@type\":\"ListItem\",\"position\":1,\"name\":\"Trang ch\u1ee7\",\"item\":\"https:\/\/maison-chance.org\/shop\/de\"},{\"@type\":\"ListItem\",\"position\":2,\"name\":\"Shop\",\"item\":\"https:\/\/maison-chance.org\/shop\/shop\"},{\"@type\":\"ListItem\",\"position\":3,\"name\":\"Nashorn\"}]},{\"@type\":\"WebSite\",\"@id\":\"https:\/\/maison-chance.org\/shop\/de#website\",\"url\":\"https:\/\/maison-chance.org\/shop\/de\",\"name\":\"Nh\u00e0 May M\u1eafn - Maison Chance\",\"description\":\"M\u1ecdi l\u1ee3i nhu\u1eadn thu v\u1ec1 t\u1eeb vi\u1ec7c b\u00e1n h\u00e0ng s\u1ebd tr\u00edch m\u1ed9t ph\u1ea7n \u0111\u1ec3 ch\u0103m lo cho \u0111\u1eddi s\u1ed1ng c\u00e1c b\u1ea1n khuy\u1ebft t\u1eadt v\u00e0 tr\u1ebb m\u1ed3 c\u00f4i \u1edf \u0111\u00e2y\",\"publisher\":{\"@id\":\"https:\/\/maison-chance.org\/shop\/de#organization\"},\"potentialAction\":[{\"@type\":\"SearchAction\",\"target\":{\"@type\":\"EntryPoint\",\"urlTemplate\":\"https:\/\/maison-chance.org\/shop\/de?s={search_term_string}\"},\"query-input\":{\"@type\":\"PropertyValueSpecification\",\"valueRequired\":true,\"valueName\":\"search_term_string\"}}],\"inLanguage\":\"de\"},{\"@type\":\"Organization\",\"@id\":\"https:\/\/maison-chance.org\/shop\/de#organization\",\"name\":\"Nh\u00e0 May M\u1eafn - Maison Chance\",\"url\":\"https:\/\/maison-chance.org\/shop\/de\",\"logo\":{\"@type\":\"ImageObject\",\"inLanguage\":\"de\",\"@id\":\"https:\/\/maison-chance.org\/shop\/de#\/schema\/logo\/image\/\",\"url\":\"https:\/\/maison-chance.org\/shop\/wp-content\/uploads\/2024\/03\/cropped-Logo_DNXH.png\",\"contentUrl\":\"https:\/\/maison-chance.org\/shop\/wp-content\/uploads\/2024\/03\/cropped-Logo_DNXH.png\",\"width\":512,\"height\":512,\"caption\":\"Nh\u00e0 May M\u1eafn - Maison Chance\"},\"image\":{\"@id\":\"https:\/\/maison-chance.org\/shop\/de#\/schema\/logo\/image\/\"},\"sameAs\":[\"https:\/\/www.facebook.com\/dnxh.nhamayman\/\"]}]}<\/script>\n<meta property=\"product:price:amount\" content=\"4.42\" \/>\n<meta property=\"product:price:currency\" content=\"EUR\" \/>\n<meta property=\"og:availability\" content=\"instock\" \/>\n<meta property=\"product:availability\" content=\"instock\" \/>\n<meta property=\"product:condition\" content=\"new\" \/>\n<!-- \/ Yoast SEO Premium plugin. -->","yoast_head_json":{"title":"Nashorn- Brokat-Pl\u00fcschtier - Nh\u00e0 May M\u1eafn - Maison Chance","description":"Jeder Stich auf dem Nashorn-Pl\u00fcschtier enth\u00e4lt eine Geschichte von Widerstandsf\u00e4higkeit und Tr\u00e4umen zur \u00dcberwindung des Schicksals von den Schneidern bei Maison Chance.","robots":{"index":"index","follow":"follow","max-snippet":"max-snippet:-1","max-image-preview":"max-image-preview:large","max-video-preview":"max-video-preview:-1"},"canonical":"https:\/\/maison-chance.org\/shop\/de\/produkt\/nashorn","og_locale":"de_DE","og_type":"article","og_title":"Nashorn","og_description":"Jeder Stich auf dem Nashorn-Pl\u00fcschtier enth\u00e4lt eine Geschichte von Widerstandsf\u00e4higkeit und Tr\u00e4umen zur \u00dcberwindung des Schicksals von den Schneidern bei Maison Chance.","og_url":"https:\/\/maison-chance.org\/shop\/de\/produkt\/nashorn","og_site_name":"Nh\u00e0 May M\u1eafn - Maison Chance","article_publisher":"https:\/\/www.facebook.com\/dnxh.nhamayman\/","article_modified_time":"2025-03-12T03:23:09+00:00","og_image":[{"width":600,"height":600,"url":"https:\/\/maison-chance.org\/shop\/wp-content\/uploads\/2024\/04\/thu-nhoi-bong-hinh-con-te-giac-vai-tho-cam-1-1.jpg","type":"image\/jpeg"}],"twitter_card":"summary_large_image","twitter_misc":{"Preis":"&euro;4.42","Verf\u00fcgbarkeit":"Auf Lager"},"schema":{"@context":"https:\/\/schema.org","@graph":[{"@type":"WebPage","@id":"https:\/\/maison-chance.org\/shop\/de\/produkt\/nashorn","url":"https:\/\/maison-chance.org\/shop\/de\/produkt\/nashorn","name":"Nashorn- Brokat-Pl\u00fcschtier - Nh\u00e0 May M\u1eafn - Maison Chance","isPartOf":{"@id":"https:\/\/maison-chance.org\/shop\/de#website"},"primaryImageOfPage":{"@id":"https:\/\/maison-chance.org\/shop\/de\/produkt\/nashorn#primaryimage"},"image":{"@id":"https:\/\/maison-chance.org\/shop\/de\/produkt\/nashorn#primaryimage"},"thumbnailUrl":"https:\/\/maison-chance.org\/shop\/wp-content\/uploads\/2024\/04\/thu-nhoi-bong-hinh-con-te-giac-vai-tho-cam-1-1.jpg","datePublished":"2024-09-03T00:01:34+00:00","dateModified":"2025-03-12T03:23:09+00:00","description":"Jeder Stich auf dem Nashorn-Pl\u00fcschtier enth\u00e4lt eine Geschichte von Widerstandsf\u00e4higkeit und Tr\u00e4umen zur \u00dcberwindung des Schicksals von den Schneidern bei Maison Chance.","breadcrumb":{"@id":"https:\/\/maison-chance.org\/shop\/de\/produkt\/nashorn#breadcrumb"},"inLanguage":"de","potentialAction":[{"@type":"ReadAction","target":["https:\/\/maison-chance.org\/shop\/de\/produkt\/nashorn"]}]},{"@type":"ImageObject","inLanguage":"de","@id":"https:\/\/maison-chance.org\/shop\/de\/produkt\/nashorn#primaryimage","url":"https:\/\/maison-chance.org\/shop\/wp-content\/uploads\/2024\/04\/thu-nhoi-bong-hinh-con-te-giac-vai-tho-cam-1-1.jpg","contentUrl":"https:\/\/maison-chance.org\/shop\/wp-content\/uploads\/2024\/04\/thu-nhoi-bong-hinh-con-te-giac-vai-tho-cam-1-1.jpg","width":600,"height":600,"caption":"Nashorn"},{"@type":"BreadcrumbList","@id":"https:\/\/maison-chance.org\/shop\/de\/produkt\/nashorn#breadcrumb","itemListElement":[{"@type":"ListItem","position":1,"name":"Trang ch\u1ee7","item":"https:\/\/maison-chance.org\/shop\/de"},{"@type":"ListItem","position":2,"name":"Shop","item":"https:\/\/maison-chance.org\/shop\/shop"},{"@type":"ListItem","position":3,"name":"Nashorn"}]},{"@type":"WebSite","@id":"https:\/\/maison-chance.org\/shop\/de#website","url":"https:\/\/maison-chance.org\/shop\/de","name":"Nh\u00e0 May M\u1eafn - Maison Chance","description":"M\u1ecdi l\u1ee3i nhu\u1eadn thu v\u1ec1 t\u1eeb vi\u1ec7c b\u00e1n h\u00e0ng s\u1ebd tr\u00edch m\u1ed9t ph\u1ea7n \u0111\u1ec3 ch\u0103m lo cho \u0111\u1eddi s\u1ed1ng c\u00e1c b\u1ea1n khuy\u1ebft t\u1eadt v\u00e0 tr\u1ebb m\u1ed3 c\u00f4i \u1edf \u0111\u00e2y","publisher":{"@id":"https:\/\/maison-chance.org\/shop\/de#organization"},"potentialAction":[{"@type":"SearchAction","target":{"@type":"EntryPoint","urlTemplate":"https:\/\/maison-chance.org\/shop\/de?s={search_term_string}"},"query-input":{"@type":"PropertyValueSpecification","valueRequired":true,"valueName":"search_term_string"}}],"inLanguage":"de"},{"@type":"Organization","@id":"https:\/\/maison-chance.org\/shop\/de#organization","name":"Nh\u00e0 May M\u1eafn - Maison Chance","url":"https:\/\/maison-chance.org\/shop\/de","logo":{"@type":"ImageObject","inLanguage":"de","@id":"https:\/\/maison-chance.org\/shop\/de#\/schema\/logo\/image\/","url":"https:\/\/maison-chance.org\/shop\/wp-content\/uploads\/2024\/03\/cropped-Logo_DNXH.png","contentUrl":"https:\/\/maison-chance.org\/shop\/wp-content\/uploads\/2024\/03\/cropped-Logo_DNXH.png","width":512,"height":512,"caption":"Nh\u00e0 May M\u1eafn - Maison Chance"},"image":{"@id":"https:\/\/maison-chance.org\/shop\/de#\/schema\/logo\/image\/"},"sameAs":["https:\/\/www.facebook.com\/dnxh.nhamayman\/"]}]},"product_price_amount":"4.42","product_price_currency":"EUR","og_availability":"instock","product_availability":"instock","product_condition":"new"},"_links":{"self":[{"href":"https:\/\/maison-chance.org\/shop\/de\/wp-json\/wp\/v2\/product\/40586","targetHints":{"allow":["GET"]}}],"collection":[{"href":"https:\/\/maison-chance.org\/shop\/de\/wp-json\/wp\/v2\/product"}],"about":[{"href":"https:\/\/maison-chance.org\/shop\/de\/wp-json\/wp\/v2\/types\/product"}],"wp:featuredmedia":[{"embeddable":true,"href":"https:\/\/maison-chance.org\/shop\/de\/wp-json\/wp\/v2\/media\/37005"}],"wp:attachment":[{"href":"https:\/\/maison-chance.org\/shop\/de\/wp-json\/wp\/v2\/media?parent=40586"}],"wp:term":[{"taxonomy":"product_brand","embeddable":true,"href":"https:\/\/maison-chance.org\/shop\/de\/wp-json\/wp\/v2\/product_brand?post=40586"},{"taxonomy":"product_cat","embeddable":true,"href":"https:\/\/maison-chance.org\/shop\/de\/wp-json\/wp\/v2\/product_cat?post=40586"},{"taxonomy":"product_tag","embeddable":true,"href":"https:\/\/maison-chance.org\/shop\/de\/wp-json\/wp\/v2\/product_tag?post=40586"}],"curies":[{"name":"wp","href":"https:\/\/api.w.org\/{rel}","templated":true}]}}