{"id":40590,"date":"2024-09-03T07:03:44","date_gmt":"2024-09-03T00:03:44","guid":{"rendered":"https:\/\/maison-chance.org\/shop\/san-pham\/nashorn-2"},"modified":"2025-03-12T10:33:40","modified_gmt":"2025-03-12T03:33:40","slug":"nashorn-2","status":"publish","type":"product","link":"https:\/\/maison-chance.org\/shop\/de\/produkt\/nashorn-2","title":{"rendered":"Nashorn"},"content":{"rendered":"<p style=\"text-align: justify;\"><strong>Das Pl\u00fcsch-Nashorn aus Canvas und Tapisserie: Die k\u00fcnstlerische Verschmelzung von Tradition und Moderne.<\/strong><\/p>\n<p style=\"text-align: justify;\">Mit einer kompakten Gr\u00f6\u00dfe von 14 x 28 cm wird dieses Produkt leicht zum Blickfang in jedem Raum. Der K\u00f6rper besteht aus sanftem beigen Canvas und schafft eine schlichte, aber elegante Sch\u00f6nheit. Das besondere Highlight sind die bunten Tapisseriedetails an den Ohren, Beinen und dem Schwanz, die eine lebendige Anziehungskraft bieten und gleichzeitig die traditionelle Sch\u00f6nheit der vietnamesischen Ethnokultur bewahren.<\/p>\n<p><strong>Geeignet f\u00fcr jeden Einrichtungsstil.<\/strong><\/p>\n<p style=\"text-align: justify;\">Nicht nur ein dekoratives Objekt, das pl\u00fcschige Nashorn ist auch ein idealer Begleiter im Alltag. Es wird auf einem B\u00fccherregal, Schreibtisch oder Bett platziert und bringt eine warme und freundliche Atmosph\u00e4re in den Raum. F\u00fcr kleine Kinder kann es ein s\u00fc\u00dfer Freund sein, der die Fantasie anregt und die Liebe zur Natur und zu Tieren f\u00f6rdert.<\/p>\n<p style=\"text-align: justify;\">Dieses Produkt ist auch eine perfekte Wahl f\u00fcr diejenigen, die einen rustikalen Einrichtungsstil sch\u00e4tzen, der nahe an der Natur ist. Sie k\u00f6nnen es mit Holzm\u00f6beln und Pflanzen kombinieren, um eine inspirierende kleine Ecke in Ihrem Zuhause zu schaffen.<\/p>\n<p style=\"text-align: justify;\">F\u00fcr moderne R\u00e4ume wird das Canvas-Pl\u00fcsch-Nashorn ein interessantes Highlight sein, das Balance und Harmonie schafft.<\/p>\n<p><strong>Bringen Sie ein kleines Kunstwerk nach Hause, verbreiten Sie gro\u00dfe Werte.<\/strong><\/p>\n<p style=\"text-align: justify;\">Mehr als nur ein dekoratives Objekt tr\u00e4gt jedes gepolsterte Nashorn die Geschichte von Widerstandsf\u00e4higkeit und Hoffnung in sich. Es wird von den geschickten H\u00e4nden der behinderten N\u00e4herinnen bei Maison Chance geschaffen und symbolisiert das \u00dcberwinden von Schwierigkeiten und kreative Leidenschaft. Wenn Sie dieses Produkt kaufen, besitzen Sie nicht nur einen einzigartigen Artikel, sondern leisten auch einen Beitrag zur Schaffung von Arbeitspl\u00e4tzen und zur Verbesserung der Lebensqualit\u00e4t von Menschen mit Behinderungen.<\/p>\n<p style=\"text-align: justify;\">\u00d6ffnen Sie Ihr Herz und nehmen Sie das TC33TB-Pl\u00fcsch-Nashorn heute in Ihr Zuhause auf. Dadurch versch\u00f6nern Sie nicht nur Ihren Wohnraum, sondern helfen auch, Liebe und Teilhabe in der Gemeinschaft zu verbreiten. Jedes verkaufte Produkt ist ein aufrichtiges Dankesch\u00f6n von den behinderten N\u00e4herinnen bei <a href=\"https:\/\/maison-chance.org\/shop\">Maison Chance<\/a> und eine Motivation f\u00fcr sie, ihre Leidenschaft weiter zu verfolgen und Herausforderungen zu \u00fcberwinden.<\/p>\n","protected":false},"excerpt":{"rendered":"<p style=\"text-align: justify;\">Dieses Produkt wird handgefertigt von benachteiligten behinderten Menschen, und wir hoffen aufrichtig auf Ihre Unterst\u00fctzung.<\/p>\n<p>Material: Segeltuch + Brokat<\/p>\n<p>Code: TC33TB<\/p>\n<p>Hotline: <span style=\"font-size: 20px;\"><strong><span style=\"color: #ff0000;\">0909 06 25 28<\/span><\/strong><\/span><\/p>\n<p style=\"text-align: justify;\">Wenn Sie sich in Vietnam befinden, kontaktieren Sie uns bitte \u00fcber die Hotline oder die Gesch\u00e4ftsfanpage von Maison Chance, um den Preis in Vietnam zu erfahren.<\/p>\n<p>Internationale Versandkosten zur Referenz :<\/p>\n<table>\n<thead>\n<tr>\n<th>KG<\/th>\n<th>Europe<\/th>\n<th>Am\u00e9riques<\/th>\n<th>Asie<\/th>\n<\/tr>\n<\/thead>\n<tbody>\n<tr>\n<td>0.5<\/td>\n<td>53\u20ac<\/td>\n<td>70\u20ac<\/td>\n<td>42\u20ac<\/td>\n<\/tr>\n<tr>\n<td>1.0<\/td>\n<td>64\u20ac<\/td>\n<td>85\u20ac<\/td>\n<td>51\u20ac<\/td>\n<\/tr>\n<tr>\n<td>1.5<\/td>\n<td>78\u20ac<\/td>\n<td>101\u20ac<\/td>\n<td>59\u20ac<\/td>\n<\/tr>\n<tr>\n<td>2.0<\/td>\n<td>90\u20ac<\/td>\n<td>119\u20ac<\/td>\n<td>67\u20ac<\/td>\n<\/tr>\n<\/tbody>\n<\/table>\n","protected":false},"featured_media":36999,"template":"","meta":[],"product_brand":[],"product_cat":[244,232],"product_tag":[],"class_list":{"0":"post-40590","1":"product","2":"type-product","3":"status-publish","4":"has-post-thumbnail","6":"product_cat-ausgestopftes-tier-naeherei","7":"product_cat-naeherei","9":"first","10":"instock","11":"shipping-taxable","12":"purchasable","13":"product-type-simple"},"yoast_head":"<!-- This site is optimized with the Yoast SEO Premium plugin v22.7 (Yoast SEO v25.3.1) - https:\/\/yoast.com\/wordpress\/plugins\/seo\/ -->\n<title>Nashorn - Stofftier aus Segeltuch und Brokat - Nh\u00e0 May M\u1eafn - Maison Chance<\/title>\n<meta name=\"description\" content=\"Das Pl\u00fcsch-Nashorn aus Segeltuch und Brokat von Maison Chance: ein lebendiges Beispiel f\u00fcr die feine Kombination von Tradition und Moderne, ein auff\u00e4lliges Highlight in Ihrem Wohnraum.\" \/>\n<meta name=\"robots\" content=\"index, follow, max-snippet:-1, max-image-preview:large, max-video-preview:-1\" \/>\n<link rel=\"canonical\" href=\"https:\/\/maison-chance.org\/shop\/de\/produkt\/nashorn-2\" \/>\n<meta property=\"og:locale\" content=\"de_DE\" \/>\n<meta property=\"og:type\" content=\"article\" \/>\n<meta property=\"og:title\" content=\"Nashorn\" \/>\n<meta property=\"og:description\" content=\"Das Pl\u00fcsch-Nashorn aus Segeltuch und Brokat von Maison Chance: ein lebendiges Beispiel f\u00fcr die feine Kombination von Tradition und Moderne, ein auff\u00e4lliges Highlight in Ihrem Wohnraum.\" \/>\n<meta property=\"og:url\" content=\"https:\/\/maison-chance.org\/shop\/de\/produkt\/nashorn-2\" \/>\n<meta property=\"og:site_name\" content=\"Nh\u00e0 May M\u1eafn - Maison Chance\" \/>\n<meta property=\"article:publisher\" content=\"https:\/\/www.facebook.com\/dnxh.nhamayman\/\" \/>\n<meta property=\"article:modified_time\" content=\"2025-03-12T03:33:40+00:00\" \/>\n<meta property=\"og:image\" content=\"https:\/\/maison-chance.org\/shop\/wp-content\/uploads\/2024\/04\/thu-nhoi-bong-hinh-con-te-giac-vai-bo-4-1.jpg\" \/>\n\t<meta property=\"og:image:width\" content=\"600\" \/>\n\t<meta property=\"og:image:height\" content=\"600\" \/>\n\t<meta property=\"og:image:type\" content=\"image\/jpeg\" \/>\n<meta name=\"twitter:card\" content=\"summary_large_image\" \/>\n<meta name=\"twitter:label1\" content=\"Preis\" \/>\n\t<meta name=\"twitter:data1\" content=\"&euro;4.42\" \/>\n\t<meta name=\"twitter:label2\" content=\"Verf\u00fcgbarkeit\" \/>\n\t<meta name=\"twitter:data2\" content=\"Auf Lager\" \/>\n<script type=\"application\/ld+json\" class=\"yoast-schema-graph\">{\"@context\":\"https:\/\/schema.org\",\"@graph\":[{\"@type\":\"WebPage\",\"@id\":\"https:\/\/maison-chance.org\/shop\/de\/produkt\/nashorn-2\",\"url\":\"https:\/\/maison-chance.org\/shop\/de\/produkt\/nashorn-2\",\"name\":\"Nashorn - Stofftier aus Segeltuch und Brokat - Nh\u00e0 May M\u1eafn - Maison Chance\",\"isPartOf\":{\"@id\":\"https:\/\/maison-chance.org\/shop\/de#website\"},\"primaryImageOfPage\":{\"@id\":\"https:\/\/maison-chance.org\/shop\/de\/produkt\/nashorn-2#primaryimage\"},\"image\":{\"@id\":\"https:\/\/maison-chance.org\/shop\/de\/produkt\/nashorn-2#primaryimage\"},\"thumbnailUrl\":\"https:\/\/maison-chance.org\/shop\/wp-content\/uploads\/2024\/04\/thu-nhoi-bong-hinh-con-te-giac-vai-bo-4-1.jpg\",\"datePublished\":\"2024-09-03T00:03:44+00:00\",\"dateModified\":\"2025-03-12T03:33:40+00:00\",\"description\":\"Das Pl\u00fcsch-Nashorn aus Segeltuch und Brokat von Maison Chance: ein lebendiges Beispiel f\u00fcr die feine Kombination von Tradition und Moderne, ein auff\u00e4lliges Highlight in Ihrem Wohnraum.\",\"breadcrumb\":{\"@id\":\"https:\/\/maison-chance.org\/shop\/de\/produkt\/nashorn-2#breadcrumb\"},\"inLanguage\":\"de\",\"potentialAction\":[{\"@type\":\"ReadAction\",\"target\":[\"https:\/\/maison-chance.org\/shop\/de\/produkt\/nashorn-2\"]}]},{\"@type\":\"ImageObject\",\"inLanguage\":\"de\",\"@id\":\"https:\/\/maison-chance.org\/shop\/de\/produkt\/nashorn-2#primaryimage\",\"url\":\"https:\/\/maison-chance.org\/shop\/wp-content\/uploads\/2024\/04\/thu-nhoi-bong-hinh-con-te-giac-vai-bo-4-1.jpg\",\"contentUrl\":\"https:\/\/maison-chance.org\/shop\/wp-content\/uploads\/2024\/04\/thu-nhoi-bong-hinh-con-te-giac-vai-bo-4-1.jpg\",\"width\":600,\"height\":600,\"caption\":\"Nashorn\"},{\"@type\":\"BreadcrumbList\",\"@id\":\"https:\/\/maison-chance.org\/shop\/de\/produkt\/nashorn-2#breadcrumb\",\"itemListElement\":[{\"@type\":\"ListItem\",\"position\":1,\"name\":\"Trang ch\u1ee7\",\"item\":\"https:\/\/maison-chance.org\/shop\/de\"},{\"@type\":\"ListItem\",\"position\":2,\"name\":\"Shop\",\"item\":\"https:\/\/maison-chance.org\/shop\/shop\"},{\"@type\":\"ListItem\",\"position\":3,\"name\":\"Nashorn\"}]},{\"@type\":\"WebSite\",\"@id\":\"https:\/\/maison-chance.org\/shop\/de#website\",\"url\":\"https:\/\/maison-chance.org\/shop\/de\",\"name\":\"Nh\u00e0 May M\u1eafn - Maison Chance\",\"description\":\"M\u1ecdi l\u1ee3i nhu\u1eadn thu v\u1ec1 t\u1eeb vi\u1ec7c b\u00e1n h\u00e0ng s\u1ebd tr\u00edch m\u1ed9t ph\u1ea7n \u0111\u1ec3 ch\u0103m lo cho \u0111\u1eddi s\u1ed1ng c\u00e1c b\u1ea1n khuy\u1ebft t\u1eadt v\u00e0 tr\u1ebb m\u1ed3 c\u00f4i \u1edf \u0111\u00e2y\",\"publisher\":{\"@id\":\"https:\/\/maison-chance.org\/shop\/de#organization\"},\"potentialAction\":[{\"@type\":\"SearchAction\",\"target\":{\"@type\":\"EntryPoint\",\"urlTemplate\":\"https:\/\/maison-chance.org\/shop\/de?s={search_term_string}\"},\"query-input\":{\"@type\":\"PropertyValueSpecification\",\"valueRequired\":true,\"valueName\":\"search_term_string\"}}],\"inLanguage\":\"de\"},{\"@type\":\"Organization\",\"@id\":\"https:\/\/maison-chance.org\/shop\/de#organization\",\"name\":\"Nh\u00e0 May M\u1eafn - Maison Chance\",\"url\":\"https:\/\/maison-chance.org\/shop\/de\",\"logo\":{\"@type\":\"ImageObject\",\"inLanguage\":\"de\",\"@id\":\"https:\/\/maison-chance.org\/shop\/de#\/schema\/logo\/image\/\",\"url\":\"https:\/\/maison-chance.org\/shop\/wp-content\/uploads\/2024\/03\/cropped-Logo_DNXH.png\",\"contentUrl\":\"https:\/\/maison-chance.org\/shop\/wp-content\/uploads\/2024\/03\/cropped-Logo_DNXH.png\",\"width\":512,\"height\":512,\"caption\":\"Nh\u00e0 May M\u1eafn - Maison Chance\"},\"image\":{\"@id\":\"https:\/\/maison-chance.org\/shop\/de#\/schema\/logo\/image\/\"},\"sameAs\":[\"https:\/\/www.facebook.com\/dnxh.nhamayman\/\"]}]}<\/script>\n<meta property=\"product:price:amount\" content=\"4.42\" \/>\n<meta property=\"product:price:currency\" content=\"EUR\" \/>\n<meta property=\"og:availability\" content=\"instock\" \/>\n<meta property=\"product:availability\" content=\"instock\" \/>\n<meta property=\"product:condition\" content=\"new\" \/>\n<!-- \/ Yoast SEO Premium plugin. -->","yoast_head_json":{"title":"Nashorn - Stofftier aus Segeltuch und Brokat - Nh\u00e0 May M\u1eafn - Maison Chance","description":"Das Pl\u00fcsch-Nashorn aus Segeltuch und Brokat von Maison Chance: ein lebendiges Beispiel f\u00fcr die feine Kombination von Tradition und Moderne, ein auff\u00e4lliges Highlight in Ihrem Wohnraum.","robots":{"index":"index","follow":"follow","max-snippet":"max-snippet:-1","max-image-preview":"max-image-preview:large","max-video-preview":"max-video-preview:-1"},"canonical":"https:\/\/maison-chance.org\/shop\/de\/produkt\/nashorn-2","og_locale":"de_DE","og_type":"article","og_title":"Nashorn","og_description":"Das Pl\u00fcsch-Nashorn aus Segeltuch und Brokat von Maison Chance: ein lebendiges Beispiel f\u00fcr die feine Kombination von Tradition und Moderne, ein auff\u00e4lliges Highlight in Ihrem Wohnraum.","og_url":"https:\/\/maison-chance.org\/shop\/de\/produkt\/nashorn-2","og_site_name":"Nh\u00e0 May M\u1eafn - Maison Chance","article_publisher":"https:\/\/www.facebook.com\/dnxh.nhamayman\/","article_modified_time":"2025-03-12T03:33:40+00:00","og_image":[{"width":600,"height":600,"url":"https:\/\/maison-chance.org\/shop\/wp-content\/uploads\/2024\/04\/thu-nhoi-bong-hinh-con-te-giac-vai-bo-4-1.jpg","type":"image\/jpeg"}],"twitter_card":"summary_large_image","twitter_misc":{"Preis":"&euro;4.42","Verf\u00fcgbarkeit":"Auf Lager"},"schema":{"@context":"https:\/\/schema.org","@graph":[{"@type":"WebPage","@id":"https:\/\/maison-chance.org\/shop\/de\/produkt\/nashorn-2","url":"https:\/\/maison-chance.org\/shop\/de\/produkt\/nashorn-2","name":"Nashorn - Stofftier aus Segeltuch und Brokat - Nh\u00e0 May M\u1eafn - Maison Chance","isPartOf":{"@id":"https:\/\/maison-chance.org\/shop\/de#website"},"primaryImageOfPage":{"@id":"https:\/\/maison-chance.org\/shop\/de\/produkt\/nashorn-2#primaryimage"},"image":{"@id":"https:\/\/maison-chance.org\/shop\/de\/produkt\/nashorn-2#primaryimage"},"thumbnailUrl":"https:\/\/maison-chance.org\/shop\/wp-content\/uploads\/2024\/04\/thu-nhoi-bong-hinh-con-te-giac-vai-bo-4-1.jpg","datePublished":"2024-09-03T00:03:44+00:00","dateModified":"2025-03-12T03:33:40+00:00","description":"Das Pl\u00fcsch-Nashorn aus Segeltuch und Brokat von Maison Chance: ein lebendiges Beispiel f\u00fcr die feine Kombination von Tradition und Moderne, ein auff\u00e4lliges Highlight in Ihrem Wohnraum.","breadcrumb":{"@id":"https:\/\/maison-chance.org\/shop\/de\/produkt\/nashorn-2#breadcrumb"},"inLanguage":"de","potentialAction":[{"@type":"ReadAction","target":["https:\/\/maison-chance.org\/shop\/de\/produkt\/nashorn-2"]}]},{"@type":"ImageObject","inLanguage":"de","@id":"https:\/\/maison-chance.org\/shop\/de\/produkt\/nashorn-2#primaryimage","url":"https:\/\/maison-chance.org\/shop\/wp-content\/uploads\/2024\/04\/thu-nhoi-bong-hinh-con-te-giac-vai-bo-4-1.jpg","contentUrl":"https:\/\/maison-chance.org\/shop\/wp-content\/uploads\/2024\/04\/thu-nhoi-bong-hinh-con-te-giac-vai-bo-4-1.jpg","width":600,"height":600,"caption":"Nashorn"},{"@type":"BreadcrumbList","@id":"https:\/\/maison-chance.org\/shop\/de\/produkt\/nashorn-2#breadcrumb","itemListElement":[{"@type":"ListItem","position":1,"name":"Trang ch\u1ee7","item":"https:\/\/maison-chance.org\/shop\/de"},{"@type":"ListItem","position":2,"name":"Shop","item":"https:\/\/maison-chance.org\/shop\/shop"},{"@type":"ListItem","position":3,"name":"Nashorn"}]},{"@type":"WebSite","@id":"https:\/\/maison-chance.org\/shop\/de#website","url":"https:\/\/maison-chance.org\/shop\/de","name":"Nh\u00e0 May M\u1eafn - Maison Chance","description":"M\u1ecdi l\u1ee3i nhu\u1eadn thu v\u1ec1 t\u1eeb vi\u1ec7c b\u00e1n h\u00e0ng s\u1ebd tr\u00edch m\u1ed9t ph\u1ea7n \u0111\u1ec3 ch\u0103m lo cho \u0111\u1eddi s\u1ed1ng c\u00e1c b\u1ea1n khuy\u1ebft t\u1eadt v\u00e0 tr\u1ebb m\u1ed3 c\u00f4i \u1edf \u0111\u00e2y","publisher":{"@id":"https:\/\/maison-chance.org\/shop\/de#organization"},"potentialAction":[{"@type":"SearchAction","target":{"@type":"EntryPoint","urlTemplate":"https:\/\/maison-chance.org\/shop\/de?s={search_term_string}"},"query-input":{"@type":"PropertyValueSpecification","valueRequired":true,"valueName":"search_term_string"}}],"inLanguage":"de"},{"@type":"Organization","@id":"https:\/\/maison-chance.org\/shop\/de#organization","name":"Nh\u00e0 May M\u1eafn - Maison Chance","url":"https:\/\/maison-chance.org\/shop\/de","logo":{"@type":"ImageObject","inLanguage":"de","@id":"https:\/\/maison-chance.org\/shop\/de#\/schema\/logo\/image\/","url":"https:\/\/maison-chance.org\/shop\/wp-content\/uploads\/2024\/03\/cropped-Logo_DNXH.png","contentUrl":"https:\/\/maison-chance.org\/shop\/wp-content\/uploads\/2024\/03\/cropped-Logo_DNXH.png","width":512,"height":512,"caption":"Nh\u00e0 May M\u1eafn - Maison Chance"},"image":{"@id":"https:\/\/maison-chance.org\/shop\/de#\/schema\/logo\/image\/"},"sameAs":["https:\/\/www.facebook.com\/dnxh.nhamayman\/"]}]},"product_price_amount":"4.42","product_price_currency":"EUR","og_availability":"instock","product_availability":"instock","product_condition":"new"},"_links":{"self":[{"href":"https:\/\/maison-chance.org\/shop\/de\/wp-json\/wp\/v2\/product\/40590","targetHints":{"allow":["GET"]}}],"collection":[{"href":"https:\/\/maison-chance.org\/shop\/de\/wp-json\/wp\/v2\/product"}],"about":[{"href":"https:\/\/maison-chance.org\/shop\/de\/wp-json\/wp\/v2\/types\/product"}],"wp:featuredmedia":[{"embeddable":true,"href":"https:\/\/maison-chance.org\/shop\/de\/wp-json\/wp\/v2\/media\/36999"}],"wp:attachment":[{"href":"https:\/\/maison-chance.org\/shop\/de\/wp-json\/wp\/v2\/media?parent=40590"}],"wp:term":[{"taxonomy":"product_brand","embeddable":true,"href":"https:\/\/maison-chance.org\/shop\/de\/wp-json\/wp\/v2\/product_brand?post=40590"},{"taxonomy":"product_cat","embeddable":true,"href":"https:\/\/maison-chance.org\/shop\/de\/wp-json\/wp\/v2\/product_cat?post=40590"},{"taxonomy":"product_tag","embeddable":true,"href":"https:\/\/maison-chance.org\/shop\/de\/wp-json\/wp\/v2\/product_tag?post=40590"}],"curies":[{"name":"wp","href":"https:\/\/api.w.org\/{rel}","templated":true}]}}