{"id":40594,"date":"2024-09-02T07:25:37","date_gmt":"2024-09-02T00:25:37","guid":{"rendered":"https:\/\/maison-chance.org\/shop\/san-pham\/glueckliche-katze"},"modified":"2024-12-18T13:48:18","modified_gmt":"2024-12-18T06:48:18","slug":"glueckliche-katze","status":"publish","type":"product","link":"https:\/\/maison-chance.org\/shop\/de\/produkt\/glueckliche-katze","title":{"rendered":"Gl\u00fcckliche Katze"},"content":{"rendered":"<p style=\"text-align: justify;\"><a href=\"https:\/\/maison-chance.org\/shop\">Maison Chance<\/a> ist seit langem als ein warmer Ort bekannt, an dem behinderte Schneider nicht nur sch\u00f6ne Produkte herstellen, sondern auch inspirierende Geschichten von Widerstandsf\u00e4higkeit und Liebe tragen. Eines der herausragenden Produkte hier ist die Gl\u00fcckliche Katze, ein Stofftier aus Brokatstoff mit geschickten N\u00e4hten in jeder Naht. Was es noch besonderer macht, ist, dass jede Katze durch sorgf\u00e4ltig handgezeichnete Details einzigartige Merkmale hat und nicht nur ein Dekorationsgegenstand, sondern auch ein Symbol f\u00fcr Gl\u00fcck und Freude ist.<\/p>\n<p style=\"text-align: justify;\">Mit ihrer kompakten Gr\u00f6\u00dfe von nur 14 \u00d7 18 cm ist die Gl\u00fcckliche Katze eine perfekte Wahl f\u00fcr diejenigen, die nach einem zarten und bedeutungsvollen Dekorationsgegenstand suchen. Basierend auf dem Bild einer Gl\u00fcckskatze gestaltet, kann dieses Produkt an verschiedenen Orten in Wohn- oder Arbeitsr\u00e4umen platziert werden.<\/p>\n<p style=\"text-align: justify;\"><strong>Auf dem Schreibtisch:<\/strong> Das Platzieren der Gl\u00fccklichen Katze auf Ihrem Schreibtisch wird ein Gef\u00fchl von Freude und Entspannung bringen und Ihnen helfen, Stress abzubauen. Dar\u00fcber hinaus wird das Bild der Katze, die ihre Pfote hebt, als ob sie Gl\u00fcck und Erfolg einl\u00e4dt, Sie motivieren, einen produktiveren Arbeitstag zu haben.<\/p>\n<p style=\"text-align: justify;\"><strong>Wohnzimmer:<\/strong> Mit ihrer warmen roten Farbe und ihrem entz\u00fcckenden Design kann diese Katze zu einem herausragenden Merkmal im Wohnzimmer werden und der Familie und den G\u00e4sten ein gem\u00fctliches und vertrautes Gef\u00fchl vermitteln.<\/p>\n<p style=\"text-align: justify;\"><strong>Schlafzimmer:<\/strong> Die Katze kann ein niedlicher Dekorationsgegenstand auf Regalen oder Nachttischen sein und den Schlafzimmerraum lebendiger und voller positiver Energie machen.<\/p>\n<p style=\"text-align: justify;\"><strong>Gesch\u00e4fte oder Kassen:<\/strong> Wenn Sie im Gesch\u00e4ftsleben t\u00e4tig sind, wird die Gl\u00fcckliche Katze eine ausgezeichnete Wahl sein, um sie an der Kasse zu platzieren, als Symbol f\u00fcr Wohlstand und Gl\u00fcck, das hilft, Reichtum und Kunden anzuziehen.<\/p>\n<p style=\"text-align: justify;\"><strong>Unterst\u00fctzen Sie Produkte von Maison Chance \u2013 Tragen Sie dazu bei, Liebe zu verbreiten<\/strong><\/p>\n<p style=\"text-align: justify;\">Das Stofftier in Form einer Gl\u00fccklichen Katze ist nicht nur ein sch\u00f6ner Dekorationsgegenstand, sondern tr\u00e4gt auch eine tiefgr\u00fcndige humanit\u00e4re Botschaft. Jedes Produkt wird sorgf\u00e4ltig von behinderten Schneidern bei Maison Chance handgefertigt \u2013 wo jeder mit Liebe und dem Streben nach Aufstieg im Leben arbeitet. Den Besitz einer dieser niedlichen Katzen hilft Ihnen nicht nur, Ihren Wohnraum zu dekorieren, sondern ist auch eine praktische Aktion zur Unterst\u00fctzung behinderter Menschen, die die M\u00f6glichkeit haben, zu arbeiten und Werte f\u00fcr die Gemeinschaft zu schaffen.<\/p>\n<p style=\"text-align: justify;\">Lassen Sie uns gemeinsam die Produkte von Maison Chance unterst\u00fctzen und durch die Gl\u00fcckliche Katze ein bisschen Gl\u00fcck und Freude bringen. Jedes Stofftier, das Sie kaufen, ist nicht nur ein Dekorationsgegenstand, sondern auch eine M\u00f6glichkeit, Liebe zu teilen und zu verbreiten an diejenigen, die weniger Gl\u00fcck haben.<\/p>\n<p style=\"text-align: justify;\">Bestellen Sie noch heute, um sich selbst Freude zu bereiten und zu einem besseren Leben beizutragen!<\/p>\n","protected":false},"excerpt":{"rendered":"<p style=\"text-align: justify;\">Produkte handgefertigt von unseren weniger gl\u00fccklichen behinderten Freunden, wir bitten dem\u00fctig um Ihre Unterst\u00fctzung.<\/p>\n<p>Material: Brokatstoff<\/p>\n<p>Code: TC35TB<\/p>\n<p>Hotline: <span style=\"font-size: 20px;\"><strong><span style=\"color: #ff0000;\">0909 06 25 28<\/span><\/strong><\/span><\/p>\n<p style=\"text-align: justify;\">Wenn Sie in Vietnam sind, kontaktieren Sie uns bitte \u00fcber die Hotline oder die Maison Chance Business-Fanpage, um den Preis in Vietnam zu erfahren.<\/p>\n<p>Internationale Versandkosten zur Referenz :<\/p>\n<table>\n<thead>\n<tr>\n<th>KG<\/th>\n<th>Europe<\/th>\n<th>Am\u00e9riques<\/th>\n<th>Asie<\/th>\n<\/tr>\n<\/thead>\n<tbody>\n<tr>\n<td>0.5<\/td>\n<td>53\u20ac<\/td>\n<td>70\u20ac<\/td>\n<td>42\u20ac<\/td>\n<\/tr>\n<tr>\n<td>1.0<\/td>\n<td>64\u20ac<\/td>\n<td>85\u20ac<\/td>\n<td>51\u20ac<\/td>\n<\/tr>\n<tr>\n<td>1.5<\/td>\n<td>78\u20ac<\/td>\n<td>101\u20ac<\/td>\n<td>59\u20ac<\/td>\n<\/tr>\n<tr>\n<td>2.0<\/td>\n<td>90\u20ac<\/td>\n<td>119\u20ac<\/td>\n<td>67\u20ac<\/td>\n<\/tr>\n<\/tbody>\n<\/table>\n","protected":false},"featured_media":37010,"template":"","meta":[],"product_brand":[],"product_cat":[244,232],"product_tag":[],"class_list":{"0":"post-40594","1":"product","2":"type-product","3":"status-publish","4":"has-post-thumbnail","6":"product_cat-ausgestopftes-tier-naeherei","7":"product_cat-naeherei","9":"first","10":"instock","11":"shipping-taxable","12":"purchasable","13":"product-type-simple"},"yoast_head":"<!-- This site is optimized with the Yoast SEO Premium plugin v22.7 (Yoast SEO v25.3.1) - https:\/\/yoast.com\/wordpress\/plugins\/seo\/ -->\n<title>Gl\u00fcckliche Katze - Stofftier aus Brokatstoff - Nh\u00e0 May M\u1eafn - Maison Chance<\/title>\n<meta name=\"description\" content=\"Das Platzieren der Gl\u00fccklichen Katze aus Brokatstoff auf Ihrem Schreibtisch wird ein Gef\u00fchl von Freude und Entspannung bringen, Ihnen helfen, Stress abzubauen, Gl\u00fcck und Erfolg einladen und Sie motivieren, einen produktiveren Arbeitstag zu haben.\" \/>\n<meta name=\"robots\" content=\"index, follow, max-snippet:-1, max-image-preview:large, max-video-preview:-1\" \/>\n<link rel=\"canonical\" href=\"https:\/\/maison-chance.org\/shop\/de\/produkt\/glueckliche-katze\" \/>\n<meta property=\"og:locale\" content=\"de_DE\" \/>\n<meta property=\"og:type\" content=\"article\" \/>\n<meta property=\"og:title\" content=\"Gl\u00fcckliche Katze\" \/>\n<meta property=\"og:description\" content=\"Das Platzieren der Gl\u00fccklichen Katze aus Brokatstoff auf Ihrem Schreibtisch wird ein Gef\u00fchl von Freude und Entspannung bringen, Ihnen helfen, Stress abzubauen, Gl\u00fcck und Erfolg einladen und Sie motivieren, einen produktiveren Arbeitstag zu haben.\" \/>\n<meta property=\"og:url\" content=\"https:\/\/maison-chance.org\/shop\/de\/produkt\/glueckliche-katze\" \/>\n<meta property=\"og:site_name\" content=\"Nh\u00e0 May M\u1eafn - Maison Chance\" \/>\n<meta property=\"article:publisher\" content=\"https:\/\/www.facebook.com\/dnxh.nhamayman\/\" \/>\n<meta property=\"article:modified_time\" content=\"2024-12-18T06:48:18+00:00\" \/>\n<meta property=\"og:image\" content=\"https:\/\/maison-chance.org\/shop\/wp-content\/uploads\/2024\/04\/con-meo-chieu-tai-vai-tho-cam.jpg\" \/>\n\t<meta property=\"og:image:width\" content=\"600\" \/>\n\t<meta property=\"og:image:height\" content=\"600\" \/>\n\t<meta property=\"og:image:type\" content=\"image\/jpeg\" \/>\n<meta name=\"twitter:card\" content=\"summary_large_image\" \/>\n<meta name=\"twitter:label1\" content=\"Preis\" \/>\n\t<meta name=\"twitter:data1\" content=\"&euro;6.16\" \/>\n\t<meta name=\"twitter:label2\" content=\"Verf\u00fcgbarkeit\" \/>\n\t<meta name=\"twitter:data2\" content=\"Auf Lager\" \/>\n<script type=\"application\/ld+json\" class=\"yoast-schema-graph\">{\"@context\":\"https:\/\/schema.org\",\"@graph\":[{\"@type\":\"WebPage\",\"@id\":\"https:\/\/maison-chance.org\/shop\/de\/produkt\/glueckliche-katze\",\"url\":\"https:\/\/maison-chance.org\/shop\/de\/produkt\/glueckliche-katze\",\"name\":\"Gl\u00fcckliche Katze - Stofftier aus Brokatstoff - Nh\u00e0 May M\u1eafn - Maison Chance\",\"isPartOf\":{\"@id\":\"https:\/\/maison-chance.org\/shop\/de#website\"},\"primaryImageOfPage\":{\"@id\":\"https:\/\/maison-chance.org\/shop\/de\/produkt\/glueckliche-katze#primaryimage\"},\"image\":{\"@id\":\"https:\/\/maison-chance.org\/shop\/de\/produkt\/glueckliche-katze#primaryimage\"},\"thumbnailUrl\":\"https:\/\/maison-chance.org\/shop\/wp-content\/uploads\/2024\/04\/con-meo-chieu-tai-vai-tho-cam.jpg\",\"datePublished\":\"2024-09-02T00:25:37+00:00\",\"dateModified\":\"2024-12-18T06:48:18+00:00\",\"description\":\"Das Platzieren der Gl\u00fccklichen Katze aus Brokatstoff auf Ihrem Schreibtisch wird ein Gef\u00fchl von Freude und Entspannung bringen, Ihnen helfen, Stress abzubauen, Gl\u00fcck und Erfolg einladen und Sie motivieren, einen produktiveren Arbeitstag zu haben.\",\"breadcrumb\":{\"@id\":\"https:\/\/maison-chance.org\/shop\/de\/produkt\/glueckliche-katze#breadcrumb\"},\"inLanguage\":\"de\",\"potentialAction\":[{\"@type\":\"ReadAction\",\"target\":[\"https:\/\/maison-chance.org\/shop\/de\/produkt\/glueckliche-katze\"]}]},{\"@type\":\"ImageObject\",\"inLanguage\":\"de\",\"@id\":\"https:\/\/maison-chance.org\/shop\/de\/produkt\/glueckliche-katze#primaryimage\",\"url\":\"https:\/\/maison-chance.org\/shop\/wp-content\/uploads\/2024\/04\/con-meo-chieu-tai-vai-tho-cam.jpg\",\"contentUrl\":\"https:\/\/maison-chance.org\/shop\/wp-content\/uploads\/2024\/04\/con-meo-chieu-tai-vai-tho-cam.jpg\",\"width\":600,\"height\":600,\"caption\":\"Gl\u00fcckliche Katze aus Brokatstoff\"},{\"@type\":\"BreadcrumbList\",\"@id\":\"https:\/\/maison-chance.org\/shop\/de\/produkt\/glueckliche-katze#breadcrumb\",\"itemListElement\":[{\"@type\":\"ListItem\",\"position\":1,\"name\":\"Trang ch\u1ee7\",\"item\":\"https:\/\/maison-chance.org\/shop\/de\"},{\"@type\":\"ListItem\",\"position\":2,\"name\":\"Shop\",\"item\":\"https:\/\/maison-chance.org\/shop\/shop\"},{\"@type\":\"ListItem\",\"position\":3,\"name\":\"Gl\u00fcckliche Katze\"}]},{\"@type\":\"WebSite\",\"@id\":\"https:\/\/maison-chance.org\/shop\/de#website\",\"url\":\"https:\/\/maison-chance.org\/shop\/de\",\"name\":\"Nh\u00e0 May M\u1eafn - Maison Chance\",\"description\":\"M\u1ecdi l\u1ee3i nhu\u1eadn thu v\u1ec1 t\u1eeb vi\u1ec7c b\u00e1n h\u00e0ng s\u1ebd tr\u00edch m\u1ed9t ph\u1ea7n \u0111\u1ec3 ch\u0103m lo cho \u0111\u1eddi s\u1ed1ng c\u00e1c b\u1ea1n khuy\u1ebft t\u1eadt v\u00e0 tr\u1ebb m\u1ed3 c\u00f4i \u1edf \u0111\u00e2y\",\"publisher\":{\"@id\":\"https:\/\/maison-chance.org\/shop\/de#organization\"},\"potentialAction\":[{\"@type\":\"SearchAction\",\"target\":{\"@type\":\"EntryPoint\",\"urlTemplate\":\"https:\/\/maison-chance.org\/shop\/de?s={search_term_string}\"},\"query-input\":{\"@type\":\"PropertyValueSpecification\",\"valueRequired\":true,\"valueName\":\"search_term_string\"}}],\"inLanguage\":\"de\"},{\"@type\":\"Organization\",\"@id\":\"https:\/\/maison-chance.org\/shop\/de#organization\",\"name\":\"Nh\u00e0 May M\u1eafn - Maison Chance\",\"url\":\"https:\/\/maison-chance.org\/shop\/de\",\"logo\":{\"@type\":\"ImageObject\",\"inLanguage\":\"de\",\"@id\":\"https:\/\/maison-chance.org\/shop\/de#\/schema\/logo\/image\/\",\"url\":\"https:\/\/maison-chance.org\/shop\/wp-content\/uploads\/2024\/03\/cropped-Logo_DNXH.png\",\"contentUrl\":\"https:\/\/maison-chance.org\/shop\/wp-content\/uploads\/2024\/03\/cropped-Logo_DNXH.png\",\"width\":512,\"height\":512,\"caption\":\"Nh\u00e0 May M\u1eafn - Maison Chance\"},\"image\":{\"@id\":\"https:\/\/maison-chance.org\/shop\/de#\/schema\/logo\/image\/\"},\"sameAs\":[\"https:\/\/www.facebook.com\/dnxh.nhamayman\/\"]}]}<\/script>\n<meta property=\"product:price:amount\" content=\"6.16\" \/>\n<meta property=\"product:price:currency\" content=\"EUR\" \/>\n<meta property=\"og:availability\" content=\"instock\" \/>\n<meta property=\"product:availability\" content=\"instock\" \/>\n<meta property=\"product:condition\" content=\"new\" \/>\n<!-- \/ Yoast SEO Premium plugin. -->","yoast_head_json":{"title":"Gl\u00fcckliche Katze - Stofftier aus Brokatstoff - Nh\u00e0 May M\u1eafn - Maison Chance","description":"Das Platzieren der Gl\u00fccklichen Katze aus Brokatstoff auf Ihrem Schreibtisch wird ein Gef\u00fchl von Freude und Entspannung bringen, Ihnen helfen, Stress abzubauen, Gl\u00fcck und Erfolg einladen und Sie motivieren, einen produktiveren Arbeitstag zu haben.","robots":{"index":"index","follow":"follow","max-snippet":"max-snippet:-1","max-image-preview":"max-image-preview:large","max-video-preview":"max-video-preview:-1"},"canonical":"https:\/\/maison-chance.org\/shop\/de\/produkt\/glueckliche-katze","og_locale":"de_DE","og_type":"article","og_title":"Gl\u00fcckliche Katze","og_description":"Das Platzieren der Gl\u00fccklichen Katze aus Brokatstoff auf Ihrem Schreibtisch wird ein Gef\u00fchl von Freude und Entspannung bringen, Ihnen helfen, Stress abzubauen, Gl\u00fcck und Erfolg einladen und Sie motivieren, einen produktiveren Arbeitstag zu haben.","og_url":"https:\/\/maison-chance.org\/shop\/de\/produkt\/glueckliche-katze","og_site_name":"Nh\u00e0 May M\u1eafn - Maison Chance","article_publisher":"https:\/\/www.facebook.com\/dnxh.nhamayman\/","article_modified_time":"2024-12-18T06:48:18+00:00","og_image":[{"width":600,"height":600,"url":"https:\/\/maison-chance.org\/shop\/wp-content\/uploads\/2024\/04\/con-meo-chieu-tai-vai-tho-cam.jpg","type":"image\/jpeg"}],"twitter_card":"summary_large_image","twitter_misc":{"Preis":"&euro;6.16","Verf\u00fcgbarkeit":"Auf Lager"},"schema":{"@context":"https:\/\/schema.org","@graph":[{"@type":"WebPage","@id":"https:\/\/maison-chance.org\/shop\/de\/produkt\/glueckliche-katze","url":"https:\/\/maison-chance.org\/shop\/de\/produkt\/glueckliche-katze","name":"Gl\u00fcckliche Katze - Stofftier aus Brokatstoff - Nh\u00e0 May M\u1eafn - Maison Chance","isPartOf":{"@id":"https:\/\/maison-chance.org\/shop\/de#website"},"primaryImageOfPage":{"@id":"https:\/\/maison-chance.org\/shop\/de\/produkt\/glueckliche-katze#primaryimage"},"image":{"@id":"https:\/\/maison-chance.org\/shop\/de\/produkt\/glueckliche-katze#primaryimage"},"thumbnailUrl":"https:\/\/maison-chance.org\/shop\/wp-content\/uploads\/2024\/04\/con-meo-chieu-tai-vai-tho-cam.jpg","datePublished":"2024-09-02T00:25:37+00:00","dateModified":"2024-12-18T06:48:18+00:00","description":"Das Platzieren der Gl\u00fccklichen Katze aus Brokatstoff auf Ihrem Schreibtisch wird ein Gef\u00fchl von Freude und Entspannung bringen, Ihnen helfen, Stress abzubauen, Gl\u00fcck und Erfolg einladen und Sie motivieren, einen produktiveren Arbeitstag zu haben.","breadcrumb":{"@id":"https:\/\/maison-chance.org\/shop\/de\/produkt\/glueckliche-katze#breadcrumb"},"inLanguage":"de","potentialAction":[{"@type":"ReadAction","target":["https:\/\/maison-chance.org\/shop\/de\/produkt\/glueckliche-katze"]}]},{"@type":"ImageObject","inLanguage":"de","@id":"https:\/\/maison-chance.org\/shop\/de\/produkt\/glueckliche-katze#primaryimage","url":"https:\/\/maison-chance.org\/shop\/wp-content\/uploads\/2024\/04\/con-meo-chieu-tai-vai-tho-cam.jpg","contentUrl":"https:\/\/maison-chance.org\/shop\/wp-content\/uploads\/2024\/04\/con-meo-chieu-tai-vai-tho-cam.jpg","width":600,"height":600,"caption":"Gl\u00fcckliche Katze aus Brokatstoff"},{"@type":"BreadcrumbList","@id":"https:\/\/maison-chance.org\/shop\/de\/produkt\/glueckliche-katze#breadcrumb","itemListElement":[{"@type":"ListItem","position":1,"name":"Trang ch\u1ee7","item":"https:\/\/maison-chance.org\/shop\/de"},{"@type":"ListItem","position":2,"name":"Shop","item":"https:\/\/maison-chance.org\/shop\/shop"},{"@type":"ListItem","position":3,"name":"Gl\u00fcckliche Katze"}]},{"@type":"WebSite","@id":"https:\/\/maison-chance.org\/shop\/de#website","url":"https:\/\/maison-chance.org\/shop\/de","name":"Nh\u00e0 May M\u1eafn - Maison Chance","description":"M\u1ecdi l\u1ee3i nhu\u1eadn thu v\u1ec1 t\u1eeb vi\u1ec7c b\u00e1n h\u00e0ng s\u1ebd tr\u00edch m\u1ed9t ph\u1ea7n \u0111\u1ec3 ch\u0103m lo cho \u0111\u1eddi s\u1ed1ng c\u00e1c b\u1ea1n khuy\u1ebft t\u1eadt v\u00e0 tr\u1ebb m\u1ed3 c\u00f4i \u1edf \u0111\u00e2y","publisher":{"@id":"https:\/\/maison-chance.org\/shop\/de#organization"},"potentialAction":[{"@type":"SearchAction","target":{"@type":"EntryPoint","urlTemplate":"https:\/\/maison-chance.org\/shop\/de?s={search_term_string}"},"query-input":{"@type":"PropertyValueSpecification","valueRequired":true,"valueName":"search_term_string"}}],"inLanguage":"de"},{"@type":"Organization","@id":"https:\/\/maison-chance.org\/shop\/de#organization","name":"Nh\u00e0 May M\u1eafn - Maison Chance","url":"https:\/\/maison-chance.org\/shop\/de","logo":{"@type":"ImageObject","inLanguage":"de","@id":"https:\/\/maison-chance.org\/shop\/de#\/schema\/logo\/image\/","url":"https:\/\/maison-chance.org\/shop\/wp-content\/uploads\/2024\/03\/cropped-Logo_DNXH.png","contentUrl":"https:\/\/maison-chance.org\/shop\/wp-content\/uploads\/2024\/03\/cropped-Logo_DNXH.png","width":512,"height":512,"caption":"Nh\u00e0 May M\u1eafn - Maison Chance"},"image":{"@id":"https:\/\/maison-chance.org\/shop\/de#\/schema\/logo\/image\/"},"sameAs":["https:\/\/www.facebook.com\/dnxh.nhamayman\/"]}]},"product_price_amount":"6.16","product_price_currency":"EUR","og_availability":"instock","product_availability":"instock","product_condition":"new"},"_links":{"self":[{"href":"https:\/\/maison-chance.org\/shop\/de\/wp-json\/wp\/v2\/product\/40594","targetHints":{"allow":["GET"]}}],"collection":[{"href":"https:\/\/maison-chance.org\/shop\/de\/wp-json\/wp\/v2\/product"}],"about":[{"href":"https:\/\/maison-chance.org\/shop\/de\/wp-json\/wp\/v2\/types\/product"}],"wp:featuredmedia":[{"embeddable":true,"href":"https:\/\/maison-chance.org\/shop\/de\/wp-json\/wp\/v2\/media\/37010"}],"wp:attachment":[{"href":"https:\/\/maison-chance.org\/shop\/de\/wp-json\/wp\/v2\/media?parent=40594"}],"wp:term":[{"taxonomy":"product_brand","embeddable":true,"href":"https:\/\/maison-chance.org\/shop\/de\/wp-json\/wp\/v2\/product_brand?post=40594"},{"taxonomy":"product_cat","embeddable":true,"href":"https:\/\/maison-chance.org\/shop\/de\/wp-json\/wp\/v2\/product_cat?post=40594"},{"taxonomy":"product_tag","embeddable":true,"href":"https:\/\/maison-chance.org\/shop\/de\/wp-json\/wp\/v2\/product_tag?post=40594"}],"curies":[{"name":"wp","href":"https:\/\/api.w.org\/{rel}","templated":true}]}}