{"id":40623,"date":"2024-09-09T07:00:18","date_gmt":"2024-09-09T00:00:18","guid":{"rendered":"https:\/\/maison-chance.org\/shop\/san-pham\/der-baer"},"modified":"2025-03-12T10:47:08","modified_gmt":"2025-03-12T03:47:08","slug":"der-baer","status":"publish","type":"product","link":"https:\/\/maison-chance.org\/shop\/de\/produkt\/der-baer","title":{"rendered":"Der B\u00e4r"},"content":{"rendered":"<p style=\"text-align: justify;\">Suchen Sie nach einem sch\u00f6nen und stilvollen Gegenstand, um Ihren Wohnraum aufzufrischen? Oder m\u00f6chten Sie jemandem ein s\u00fc\u00dfes, bedeutungsvolles Geschenk machen?<br data-start=\"230\" data-end=\"233\" \/>Der Pl\u00fcschb\u00e4r aus Jeans und Kate ist der perfekte Kandidat!<\/p>\n<p style=\"text-align: justify;\">Kompakt, aber unglaublich niedlich, mit einer Gr\u00f6\u00dfe von nur 10 x 15 cm, dieser Jeans- und Kate-Pl\u00fcschb\u00e4r wird garantiert beim ersten Blick die Herzen aller erobern! Sein gesamter K\u00f6rper ist mit einem verspielten gepunkteten Muster bedeckt, das sowohl klassisch als auch frech ist. Besonders die rote Schleife um den Hals verst\u00e4rkt den charmanten Charakter des B\u00e4ren.<\/p>\n<p data-start=\"783\" data-end=\"831\"><strong>Sch\u00f6ne Dekoration \u00fcberall \u2013 H\u00fcbsch, wo immer Sie ihn platzieren<\/strong><\/p>\n<ul data-start=\"832\" data-end=\"1138\">\n<li data-start=\"832\" data-end=\"938\"><strong data-start=\"834\" data-end=\"850\">Wohnzimmer:<\/strong> Platzieren Sie ihn auf dem Sofa oder einem Dekoregal, und jeder Besuch wird ihn bewundern.<\/li>\n<li data-start=\"939\" data-end=\"1033\"><strong data-start=\"941\" data-end=\"955\">Schlafzimmer:<\/strong> Dieser niedliche Freund wird Ihren Schlaf noch s\u00fc\u00dfer und angenehmer machen.<\/li>\n<li data-start=\"1034\" data-end=\"1138\"><strong data-start=\"1036\" data-end=\"1053\">Schreibtisch:<\/strong> Stellen Sie ihn auf die Schreibtischecke, und der kleine B\u00e4r wird Ihnen t\u00e4glich Freude und kreative Inspiration bringen.<\/li>\n<\/ul>\n<p style=\"text-align: justify;\">Nicht nur ein gew\u00f6hnliches Spielzeug, dieser Pl\u00fcschb\u00e4r hat auch eine tiefere Bedeutung. Er steht f\u00fcr das Engagement, den Einsatz und das Talent der behinderten N\u00e4herinnen bei Maison Chance. Jedes Produkt wie dieses erz\u00e4hlt von der \u00dcberwindung von Schwierigkeiten und dem Lebenswillen dieser besonderen Menschen.<\/p>\n<p style=\"text-align: justify;\">Lassen Sie diesen s\u00fc\u00dfen B\u00e4ren nicht l\u00e4nger warten! Kaufen Sie ihn noch heute, um Freude, Liebe zu verbreiten und gemeinsam mit <a href=\"https:\/\/maison-chance.org\/shop\">Maison Chance<\/a> bedeutungsvolle Geschichten weiterzuschreiben!<br data-start=\"1729\" data-end=\"1732\" \/><strong data-start=\"1732\" data-end=\"1763\" data-is-last-node=\"\">Schnell zugreifen, bevor sie ausverkauft sind!<\/strong><\/p>\n","protected":false},"excerpt":{"rendered":"<p style=\"text-align: justify;\">Die Produkte werden von benachteiligten behinderten Freunden handgefertigt, und wir hoffen auf die Unterst\u00fctzung unserer gesch\u00e4tzten Kunden.<\/p>\n<p>Material: Leinenstoff + handgemalt<\/p>\n<p>Code: TC31TB<\/p>\n<p>Hotline: <span style=\"font-size: 20px;\"><strong><span style=\"color: #ff0000;\">0909 06 25 28<\/span><\/strong><\/span><\/p>\n<p style=\"text-align: justify;\">Wenn Sie sich in Vietnam befinden, kontaktieren Sie uns bitte \u00fcber die Hotline oder die Maison Chance Business-Fanpage, um den Verkaufspreis in Vietnam zu erfahren.<\/p>\n","protected":false},"featured_media":36987,"template":"","meta":[],"product_brand":[],"product_cat":[244,232],"product_tag":[],"class_list":{"0":"post-40623","1":"product","2":"type-product","3":"status-publish","4":"has-post-thumbnail","6":"product_cat-ausgestopftes-tier-naeherei","7":"product_cat-naeherei","9":"first","10":"instock","11":"shipping-taxable","12":"purchasable","13":"product-type-simple"},"yoast_head":"<!-- This site is optimized with the Yoast SEO Premium plugin v22.7 (Yoast SEO v25.3.1) - https:\/\/yoast.com\/wordpress\/plugins\/seo\/ -->\n<title>Der B\u00e4r- Stofftier aus Jeans + Kate Stoff - Nh\u00e0 May M\u1eafn - Maison Chance<\/title>\n<meta name=\"description\" content=\"Dieser Stoffb\u00e4r aus Jeans und Kate, ein Produkt von Menschen mit Behinderungen, ist perfekt als Spielzeug, Heimdekoration oder Geschenk f\u00fcr Liebste.&quot;\" \/>\n<meta name=\"robots\" content=\"index, follow, max-snippet:-1, max-image-preview:large, max-video-preview:-1\" \/>\n<link rel=\"canonical\" href=\"https:\/\/maison-chance.org\/shop\/de\/produkt\/der-baer\" \/>\n<meta property=\"og:locale\" content=\"de_DE\" \/>\n<meta property=\"og:type\" content=\"article\" \/>\n<meta property=\"og:title\" content=\"Der B\u00e4r\" \/>\n<meta property=\"og:description\" content=\"Dieser Stoffb\u00e4r aus Jeans und Kate, ein Produkt von Menschen mit Behinderungen, ist perfekt als Spielzeug, Heimdekoration oder Geschenk f\u00fcr Liebste.&quot;\" \/>\n<meta property=\"og:url\" content=\"https:\/\/maison-chance.org\/shop\/de\/produkt\/der-baer\" \/>\n<meta property=\"og:site_name\" content=\"Nh\u00e0 May M\u1eafn - Maison Chance\" \/>\n<meta property=\"article:publisher\" content=\"https:\/\/www.facebook.com\/dnxh.nhamayman\/\" \/>\n<meta property=\"article:modified_time\" content=\"2025-03-12T03:47:08+00:00\" \/>\n<meta property=\"og:image\" content=\"https:\/\/maison-chance.org\/shop\/wp-content\/uploads\/2024\/04\/thu-nhoi-bong-hinh-con-gau-jena-vai-tho-cam-1.jpg\" \/>\n\t<meta property=\"og:image:width\" content=\"600\" \/>\n\t<meta property=\"og:image:height\" content=\"600\" \/>\n\t<meta property=\"og:image:type\" content=\"image\/jpeg\" \/>\n<meta name=\"twitter:card\" content=\"summary_large_image\" \/>\n<meta name=\"twitter:label1\" content=\"Preis\" \/>\n\t<meta name=\"twitter:data1\" content=\"&euro;3.96\" \/>\n\t<meta name=\"twitter:label2\" content=\"Verf\u00fcgbarkeit\" \/>\n\t<meta name=\"twitter:data2\" content=\"Auf Lager\" \/>\n<script type=\"application\/ld+json\" class=\"yoast-schema-graph\">{\"@context\":\"https:\/\/schema.org\",\"@graph\":[{\"@type\":\"WebPage\",\"@id\":\"https:\/\/maison-chance.org\/shop\/de\/produkt\/der-baer\",\"url\":\"https:\/\/maison-chance.org\/shop\/de\/produkt\/der-baer\",\"name\":\"Der B\u00e4r- Stofftier aus Jeans + Kate Stoff - Nh\u00e0 May M\u1eafn - Maison Chance\",\"isPartOf\":{\"@id\":\"https:\/\/maison-chance.org\/shop\/de#website\"},\"primaryImageOfPage\":{\"@id\":\"https:\/\/maison-chance.org\/shop\/de\/produkt\/der-baer#primaryimage\"},\"image\":{\"@id\":\"https:\/\/maison-chance.org\/shop\/de\/produkt\/der-baer#primaryimage\"},\"thumbnailUrl\":\"https:\/\/maison-chance.org\/shop\/wp-content\/uploads\/2024\/04\/thu-nhoi-bong-hinh-con-gau-jena-vai-tho-cam-1.jpg\",\"datePublished\":\"2024-09-09T00:00:18+00:00\",\"dateModified\":\"2025-03-12T03:47:08+00:00\",\"description\":\"Dieser Stoffb\u00e4r aus Jeans und Kate, ein Produkt von Menschen mit Behinderungen, ist perfekt als Spielzeug, Heimdekoration oder Geschenk f\u00fcr Liebste.\\\"\",\"breadcrumb\":{\"@id\":\"https:\/\/maison-chance.org\/shop\/de\/produkt\/der-baer#breadcrumb\"},\"inLanguage\":\"de\",\"potentialAction\":[{\"@type\":\"ReadAction\",\"target\":[\"https:\/\/maison-chance.org\/shop\/de\/produkt\/der-baer\"]}]},{\"@type\":\"ImageObject\",\"inLanguage\":\"de\",\"@id\":\"https:\/\/maison-chance.org\/shop\/de\/produkt\/der-baer#primaryimage\",\"url\":\"https:\/\/maison-chance.org\/shop\/wp-content\/uploads\/2024\/04\/thu-nhoi-bong-hinh-con-gau-jena-vai-tho-cam-1.jpg\",\"contentUrl\":\"https:\/\/maison-chance.org\/shop\/wp-content\/uploads\/2024\/04\/thu-nhoi-bong-hinh-con-gau-jena-vai-tho-cam-1.jpg\",\"width\":600,\"height\":600,\"caption\":\"Stofftier in Form eines B\u00e4ren aus ethnischem Stoff\"},{\"@type\":\"BreadcrumbList\",\"@id\":\"https:\/\/maison-chance.org\/shop\/de\/produkt\/der-baer#breadcrumb\",\"itemListElement\":[{\"@type\":\"ListItem\",\"position\":1,\"name\":\"Trang ch\u1ee7\",\"item\":\"https:\/\/maison-chance.org\/shop\/de\"},{\"@type\":\"ListItem\",\"position\":2,\"name\":\"Shop\",\"item\":\"https:\/\/maison-chance.org\/shop\/shop\"},{\"@type\":\"ListItem\",\"position\":3,\"name\":\"Der B\u00e4r\"}]},{\"@type\":\"WebSite\",\"@id\":\"https:\/\/maison-chance.org\/shop\/de#website\",\"url\":\"https:\/\/maison-chance.org\/shop\/de\",\"name\":\"Nh\u00e0 May M\u1eafn - Maison Chance\",\"description\":\"M\u1ecdi l\u1ee3i nhu\u1eadn thu v\u1ec1 t\u1eeb vi\u1ec7c b\u00e1n h\u00e0ng s\u1ebd tr\u00edch m\u1ed9t ph\u1ea7n \u0111\u1ec3 ch\u0103m lo cho \u0111\u1eddi s\u1ed1ng c\u00e1c b\u1ea1n khuy\u1ebft t\u1eadt v\u00e0 tr\u1ebb m\u1ed3 c\u00f4i \u1edf \u0111\u00e2y\",\"publisher\":{\"@id\":\"https:\/\/maison-chance.org\/shop\/de#organization\"},\"potentialAction\":[{\"@type\":\"SearchAction\",\"target\":{\"@type\":\"EntryPoint\",\"urlTemplate\":\"https:\/\/maison-chance.org\/shop\/de?s={search_term_string}\"},\"query-input\":{\"@type\":\"PropertyValueSpecification\",\"valueRequired\":true,\"valueName\":\"search_term_string\"}}],\"inLanguage\":\"de\"},{\"@type\":\"Organization\",\"@id\":\"https:\/\/maison-chance.org\/shop\/de#organization\",\"name\":\"Nh\u00e0 May M\u1eafn - Maison Chance\",\"url\":\"https:\/\/maison-chance.org\/shop\/de\",\"logo\":{\"@type\":\"ImageObject\",\"inLanguage\":\"de\",\"@id\":\"https:\/\/maison-chance.org\/shop\/de#\/schema\/logo\/image\/\",\"url\":\"https:\/\/maison-chance.org\/shop\/wp-content\/uploads\/2024\/03\/cropped-Logo_DNXH.png\",\"contentUrl\":\"https:\/\/maison-chance.org\/shop\/wp-content\/uploads\/2024\/03\/cropped-Logo_DNXH.png\",\"width\":512,\"height\":512,\"caption\":\"Nh\u00e0 May M\u1eafn - Maison Chance\"},\"image\":{\"@id\":\"https:\/\/maison-chance.org\/shop\/de#\/schema\/logo\/image\/\"},\"sameAs\":[\"https:\/\/www.facebook.com\/dnxh.nhamayman\/\"]}]}<\/script>\n<meta property=\"product:price:amount\" content=\"3.96\" \/>\n<meta property=\"product:price:currency\" content=\"EUR\" \/>\n<meta property=\"og:availability\" content=\"instock\" \/>\n<meta property=\"product:availability\" content=\"instock\" \/>\n<meta property=\"product:condition\" content=\"new\" \/>\n<!-- \/ Yoast SEO Premium plugin. -->","yoast_head_json":{"title":"Der B\u00e4r- Stofftier aus Jeans + Kate Stoff - Nh\u00e0 May M\u1eafn - Maison Chance","description":"Dieser Stoffb\u00e4r aus Jeans und Kate, ein Produkt von Menschen mit Behinderungen, ist perfekt als Spielzeug, Heimdekoration oder Geschenk f\u00fcr Liebste.\"","robots":{"index":"index","follow":"follow","max-snippet":"max-snippet:-1","max-image-preview":"max-image-preview:large","max-video-preview":"max-video-preview:-1"},"canonical":"https:\/\/maison-chance.org\/shop\/de\/produkt\/der-baer","og_locale":"de_DE","og_type":"article","og_title":"Der B\u00e4r","og_description":"Dieser Stoffb\u00e4r aus Jeans und Kate, ein Produkt von Menschen mit Behinderungen, ist perfekt als Spielzeug, Heimdekoration oder Geschenk f\u00fcr Liebste.\"","og_url":"https:\/\/maison-chance.org\/shop\/de\/produkt\/der-baer","og_site_name":"Nh\u00e0 May M\u1eafn - Maison Chance","article_publisher":"https:\/\/www.facebook.com\/dnxh.nhamayman\/","article_modified_time":"2025-03-12T03:47:08+00:00","og_image":[{"width":600,"height":600,"url":"https:\/\/maison-chance.org\/shop\/wp-content\/uploads\/2024\/04\/thu-nhoi-bong-hinh-con-gau-jena-vai-tho-cam-1.jpg","type":"image\/jpeg"}],"twitter_card":"summary_large_image","twitter_misc":{"Preis":"&euro;3.96","Verf\u00fcgbarkeit":"Auf Lager"},"schema":{"@context":"https:\/\/schema.org","@graph":[{"@type":"WebPage","@id":"https:\/\/maison-chance.org\/shop\/de\/produkt\/der-baer","url":"https:\/\/maison-chance.org\/shop\/de\/produkt\/der-baer","name":"Der B\u00e4r- Stofftier aus Jeans + Kate Stoff - Nh\u00e0 May M\u1eafn - Maison Chance","isPartOf":{"@id":"https:\/\/maison-chance.org\/shop\/de#website"},"primaryImageOfPage":{"@id":"https:\/\/maison-chance.org\/shop\/de\/produkt\/der-baer#primaryimage"},"image":{"@id":"https:\/\/maison-chance.org\/shop\/de\/produkt\/der-baer#primaryimage"},"thumbnailUrl":"https:\/\/maison-chance.org\/shop\/wp-content\/uploads\/2024\/04\/thu-nhoi-bong-hinh-con-gau-jena-vai-tho-cam-1.jpg","datePublished":"2024-09-09T00:00:18+00:00","dateModified":"2025-03-12T03:47:08+00:00","description":"Dieser Stoffb\u00e4r aus Jeans und Kate, ein Produkt von Menschen mit Behinderungen, ist perfekt als Spielzeug, Heimdekoration oder Geschenk f\u00fcr Liebste.\"","breadcrumb":{"@id":"https:\/\/maison-chance.org\/shop\/de\/produkt\/der-baer#breadcrumb"},"inLanguage":"de","potentialAction":[{"@type":"ReadAction","target":["https:\/\/maison-chance.org\/shop\/de\/produkt\/der-baer"]}]},{"@type":"ImageObject","inLanguage":"de","@id":"https:\/\/maison-chance.org\/shop\/de\/produkt\/der-baer#primaryimage","url":"https:\/\/maison-chance.org\/shop\/wp-content\/uploads\/2024\/04\/thu-nhoi-bong-hinh-con-gau-jena-vai-tho-cam-1.jpg","contentUrl":"https:\/\/maison-chance.org\/shop\/wp-content\/uploads\/2024\/04\/thu-nhoi-bong-hinh-con-gau-jena-vai-tho-cam-1.jpg","width":600,"height":600,"caption":"Stofftier in Form eines B\u00e4ren aus ethnischem Stoff"},{"@type":"BreadcrumbList","@id":"https:\/\/maison-chance.org\/shop\/de\/produkt\/der-baer#breadcrumb","itemListElement":[{"@type":"ListItem","position":1,"name":"Trang ch\u1ee7","item":"https:\/\/maison-chance.org\/shop\/de"},{"@type":"ListItem","position":2,"name":"Shop","item":"https:\/\/maison-chance.org\/shop\/shop"},{"@type":"ListItem","position":3,"name":"Der B\u00e4r"}]},{"@type":"WebSite","@id":"https:\/\/maison-chance.org\/shop\/de#website","url":"https:\/\/maison-chance.org\/shop\/de","name":"Nh\u00e0 May M\u1eafn - Maison Chance","description":"M\u1ecdi l\u1ee3i nhu\u1eadn thu v\u1ec1 t\u1eeb vi\u1ec7c b\u00e1n h\u00e0ng s\u1ebd tr\u00edch m\u1ed9t ph\u1ea7n \u0111\u1ec3 ch\u0103m lo cho \u0111\u1eddi s\u1ed1ng c\u00e1c b\u1ea1n khuy\u1ebft t\u1eadt v\u00e0 tr\u1ebb m\u1ed3 c\u00f4i \u1edf \u0111\u00e2y","publisher":{"@id":"https:\/\/maison-chance.org\/shop\/de#organization"},"potentialAction":[{"@type":"SearchAction","target":{"@type":"EntryPoint","urlTemplate":"https:\/\/maison-chance.org\/shop\/de?s={search_term_string}"},"query-input":{"@type":"PropertyValueSpecification","valueRequired":true,"valueName":"search_term_string"}}],"inLanguage":"de"},{"@type":"Organization","@id":"https:\/\/maison-chance.org\/shop\/de#organization","name":"Nh\u00e0 May M\u1eafn - Maison Chance","url":"https:\/\/maison-chance.org\/shop\/de","logo":{"@type":"ImageObject","inLanguage":"de","@id":"https:\/\/maison-chance.org\/shop\/de#\/schema\/logo\/image\/","url":"https:\/\/maison-chance.org\/shop\/wp-content\/uploads\/2024\/03\/cropped-Logo_DNXH.png","contentUrl":"https:\/\/maison-chance.org\/shop\/wp-content\/uploads\/2024\/03\/cropped-Logo_DNXH.png","width":512,"height":512,"caption":"Nh\u00e0 May M\u1eafn - Maison Chance"},"image":{"@id":"https:\/\/maison-chance.org\/shop\/de#\/schema\/logo\/image\/"},"sameAs":["https:\/\/www.facebook.com\/dnxh.nhamayman\/"]}]},"product_price_amount":"3.96","product_price_currency":"EUR","og_availability":"instock","product_availability":"instock","product_condition":"new"},"_links":{"self":[{"href":"https:\/\/maison-chance.org\/shop\/de\/wp-json\/wp\/v2\/product\/40623","targetHints":{"allow":["GET"]}}],"collection":[{"href":"https:\/\/maison-chance.org\/shop\/de\/wp-json\/wp\/v2\/product"}],"about":[{"href":"https:\/\/maison-chance.org\/shop\/de\/wp-json\/wp\/v2\/types\/product"}],"wp:featuredmedia":[{"embeddable":true,"href":"https:\/\/maison-chance.org\/shop\/de\/wp-json\/wp\/v2\/media\/36987"}],"wp:attachment":[{"href":"https:\/\/maison-chance.org\/shop\/de\/wp-json\/wp\/v2\/media?parent=40623"}],"wp:term":[{"taxonomy":"product_brand","embeddable":true,"href":"https:\/\/maison-chance.org\/shop\/de\/wp-json\/wp\/v2\/product_brand?post=40623"},{"taxonomy":"product_cat","embeddable":true,"href":"https:\/\/maison-chance.org\/shop\/de\/wp-json\/wp\/v2\/product_cat?post=40623"},{"taxonomy":"product_tag","embeddable":true,"href":"https:\/\/maison-chance.org\/shop\/de\/wp-json\/wp\/v2\/product_tag?post=40623"}],"curies":[{"name":"wp","href":"https:\/\/api.w.org\/{rel}","templated":true}]}}