{"id":40627,"date":"2024-09-09T08:19:47","date_gmt":"2024-09-09T01:19:47","guid":{"rendered":"https:\/\/maison-chance.org\/shop\/san-pham\/giraffe"},"modified":"2025-03-12T10:52:31","modified_gmt":"2025-03-12T03:52:31","slug":"giraffe","status":"publish","type":"product","link":"https:\/\/maison-chance.org\/shop\/de\/produkt\/giraffe","title":{"rendered":"Giraffe"},"content":{"rendered":"<p>Hallo, ich bin die Leinen-Giraffe \u2013 ist es ein Kuschelkissen? Ein Dekorationsgegenstand? Ein Freund? Alles in einem!<\/p>\n<p>Meine besonderen Merkmale:<br data-start=\"223\" data-end=\"226\" \/><strong data-start=\"228\" data-end=\"245\">Exquisites Handwerk<\/strong> \u2013 Ich bin aus den geschickten H\u00e4nden der behinderten Handwerker bei <a href=\"https:\/\/maison-chance.org\/shop\">Maison Chance<\/a> geboren. Jeder Stich und jede Naht enthalten Durchhalteverm\u00f6gen, Liebe und Tr\u00e4ume.<br data-start=\"386\" data-end=\"389\" \/><strong data-start=\"391\" data-end=\"409\">Unvergleichliche Vielseitigkeit<\/strong> \u2013 Mit einer Gr\u00f6\u00dfe von 31 \u00d7 13 cm kann ich sch\u00f6n auf einem B\u00fccherregal sitzen, ein Highlight auf einer Couch sein oder dich leise an deinem Schreibtisch anfeuern.<br data-start=\"558\" data-end=\"561\" \/><strong>Weich und Sicher<\/strong> \u2013 Hergestellt aus hochwertigem Leinen, bin ich hautfreundlich und sicher f\u00fcr sowohl Kinder als auch Erwachsene, die bequem mit mir spielen und kuscheln k\u00f6nnen, ohne sich Sorgen \u00fcber Verletzungen oder Reizungen machen zu m\u00fcssen.<br data-start=\"685\" data-end=\"688\" \/><strong>Einzigartiges Geschenk<\/strong> \u2013 Ich bin nicht nur niedlich, sondern trage auch eine tiefere Bedeutung, da ich eine Geschichte von Durchhalteverm\u00f6gen, Kreativit\u00e4t und Glauben an die Zukunft verk\u00f6rpere.<\/p>\n<p style=\"text-align: justify;\">Lass mich Gl\u00fcck und Freude zu dir oder deinen Lieben bringen! Nimm mich heute mit nach Hause und lass uns gemeinsam humanit\u00e4re Werte verbreiten \u2013 denn jedes Produkt ist nicht nur ein Gegenstand, sondern auch eine Reise der Liebe!<\/p>\n","protected":false},"excerpt":{"rendered":"<p style=\"text-align: justify;\">Die Produkte werden von benachteiligten behinderten Freunden handgefertigt, und wir hoffen auf die Unterst\u00fctzung unserer gesch\u00e4tzten Kunden.<\/p>\n<p>Material: Leinenstoff + handgemalt<\/p>\n<p>Code: TC30TB<\/p>\n<p>Hotline: <span style=\"font-size: 20px;\"><strong><span style=\"color: #ff0000;\">0909 06 25 28<\/span><\/strong><\/span><\/p>\n<p style=\"text-align: justify;\">Wenn Sie sich in Vietnam befinden, kontaktieren Sie uns bitte \u00fcber die Hotline oder die Maison Chance Business-Fanpage, um den Verkaufspreis in Vietnam zu erfahren.<\/p>\n","protected":false},"featured_media":36993,"template":"","meta":[],"product_brand":[],"product_cat":[244,232],"product_tag":[],"class_list":{"0":"post-40627","1":"product","2":"type-product","3":"status-publish","4":"has-post-thumbnail","6":"product_cat-ausgestopftes-tier-naeherei","7":"product_cat-naeherei","9":"first","10":"instock","11":"shipping-taxable","12":"purchasable","13":"product-type-simple"},"yoast_head":"<!-- This site is optimized with the Yoast SEO Premium plugin v22.7 (Yoast SEO v25.3.1) - https:\/\/yoast.com\/wordpress\/plugins\/seo\/ -->\n<title>Giraffe - Stofftier aus Leinenstoff + handgemalt - Nh\u00e0 May M\u1eafn - Maison Chance<\/title>\n<meta name=\"description\" content=\"Leinen-Giraffe von Maison Chance \u2013 ein einzigartiges handgefertigtes Produkt, das hilft, Wohnr\u00e4ume fr\u00f6hlich zu dekorieren und behinderte Schneider zu unterst\u00fctzen. Kaufen Sie jetzt, um Liebe zu verbreiten!\" \/>\n<meta name=\"robots\" content=\"index, follow, max-snippet:-1, max-image-preview:large, max-video-preview:-1\" \/>\n<link rel=\"canonical\" href=\"https:\/\/maison-chance.org\/shop\/de\/produkt\/giraffe\" \/>\n<meta property=\"og:locale\" content=\"de_DE\" \/>\n<meta property=\"og:type\" content=\"article\" \/>\n<meta property=\"og:title\" content=\"Giraffe\" \/>\n<meta property=\"og:description\" content=\"Leinen-Giraffe von Maison Chance \u2013 ein einzigartiges handgefertigtes Produkt, das hilft, Wohnr\u00e4ume fr\u00f6hlich zu dekorieren und behinderte Schneider zu unterst\u00fctzen. Kaufen Sie jetzt, um Liebe zu verbreiten!\" \/>\n<meta property=\"og:url\" content=\"https:\/\/maison-chance.org\/shop\/de\/produkt\/giraffe\" \/>\n<meta property=\"og:site_name\" content=\"Nh\u00e0 May M\u1eafn - Maison Chance\" \/>\n<meta property=\"article:publisher\" content=\"https:\/\/www.facebook.com\/dnxh.nhamayman\/\" \/>\n<meta property=\"article:modified_time\" content=\"2025-03-12T03:52:31+00:00\" \/>\n<meta property=\"og:image\" content=\"https:\/\/maison-chance.org\/shop\/wp-content\/uploads\/2024\/04\/Huou-cao-co-3-vai-Linen-2.jpg\" \/>\n\t<meta property=\"og:image:width\" content=\"600\" \/>\n\t<meta property=\"og:image:height\" content=\"600\" \/>\n\t<meta property=\"og:image:type\" content=\"image\/jpeg\" \/>\n<meta name=\"twitter:card\" content=\"summary_large_image\" \/>\n<meta name=\"twitter:label1\" content=\"Preis\" \/>\n\t<meta name=\"twitter:data1\" content=\"&euro;12.24\" \/>\n\t<meta name=\"twitter:label2\" content=\"Verf\u00fcgbarkeit\" \/>\n\t<meta name=\"twitter:data2\" content=\"Auf Lager\" \/>\n<script type=\"application\/ld+json\" class=\"yoast-schema-graph\">{\"@context\":\"https:\/\/schema.org\",\"@graph\":[{\"@type\":\"WebPage\",\"@id\":\"https:\/\/maison-chance.org\/shop\/de\/produkt\/giraffe\",\"url\":\"https:\/\/maison-chance.org\/shop\/de\/produkt\/giraffe\",\"name\":\"Giraffe - Stofftier aus Leinenstoff + handgemalt - Nh\u00e0 May M\u1eafn - Maison Chance\",\"isPartOf\":{\"@id\":\"https:\/\/maison-chance.org\/shop\/de#website\"},\"primaryImageOfPage\":{\"@id\":\"https:\/\/maison-chance.org\/shop\/de\/produkt\/giraffe#primaryimage\"},\"image\":{\"@id\":\"https:\/\/maison-chance.org\/shop\/de\/produkt\/giraffe#primaryimage\"},\"thumbnailUrl\":\"https:\/\/maison-chance.org\/shop\/wp-content\/uploads\/2024\/04\/Huou-cao-co-3-vai-Linen-2.jpg\",\"datePublished\":\"2024-09-09T01:19:47+00:00\",\"dateModified\":\"2025-03-12T03:52:31+00:00\",\"description\":\"Leinen-Giraffe von Maison Chance \u2013 ein einzigartiges handgefertigtes Produkt, das hilft, Wohnr\u00e4ume fr\u00f6hlich zu dekorieren und behinderte Schneider zu unterst\u00fctzen. Kaufen Sie jetzt, um Liebe zu verbreiten!\",\"breadcrumb\":{\"@id\":\"https:\/\/maison-chance.org\/shop\/de\/produkt\/giraffe#breadcrumb\"},\"inLanguage\":\"de\",\"potentialAction\":[{\"@type\":\"ReadAction\",\"target\":[\"https:\/\/maison-chance.org\/shop\/de\/produkt\/giraffe\"]}]},{\"@type\":\"ImageObject\",\"inLanguage\":\"de\",\"@id\":\"https:\/\/maison-chance.org\/shop\/de\/produkt\/giraffe#primaryimage\",\"url\":\"https:\/\/maison-chance.org\/shop\/wp-content\/uploads\/2024\/04\/Huou-cao-co-3-vai-Linen-2.jpg\",\"contentUrl\":\"https:\/\/maison-chance.org\/shop\/wp-content\/uploads\/2024\/04\/Huou-cao-co-3-vai-Linen-2.jpg\",\"width\":600,\"height\":600,\"caption\":\"Leinen-Giraffe\"},{\"@type\":\"BreadcrumbList\",\"@id\":\"https:\/\/maison-chance.org\/shop\/de\/produkt\/giraffe#breadcrumb\",\"itemListElement\":[{\"@type\":\"ListItem\",\"position\":1,\"name\":\"Trang ch\u1ee7\",\"item\":\"https:\/\/maison-chance.org\/shop\/de\"},{\"@type\":\"ListItem\",\"position\":2,\"name\":\"Shop\",\"item\":\"https:\/\/maison-chance.org\/shop\/shop\"},{\"@type\":\"ListItem\",\"position\":3,\"name\":\"Giraffe\"}]},{\"@type\":\"WebSite\",\"@id\":\"https:\/\/maison-chance.org\/shop\/de#website\",\"url\":\"https:\/\/maison-chance.org\/shop\/de\",\"name\":\"Nh\u00e0 May M\u1eafn - Maison Chance\",\"description\":\"M\u1ecdi l\u1ee3i nhu\u1eadn thu v\u1ec1 t\u1eeb vi\u1ec7c b\u00e1n h\u00e0ng s\u1ebd tr\u00edch m\u1ed9t ph\u1ea7n \u0111\u1ec3 ch\u0103m lo cho \u0111\u1eddi s\u1ed1ng c\u00e1c b\u1ea1n khuy\u1ebft t\u1eadt v\u00e0 tr\u1ebb m\u1ed3 c\u00f4i \u1edf \u0111\u00e2y\",\"publisher\":{\"@id\":\"https:\/\/maison-chance.org\/shop\/de#organization\"},\"potentialAction\":[{\"@type\":\"SearchAction\",\"target\":{\"@type\":\"EntryPoint\",\"urlTemplate\":\"https:\/\/maison-chance.org\/shop\/de?s={search_term_string}\"},\"query-input\":{\"@type\":\"PropertyValueSpecification\",\"valueRequired\":true,\"valueName\":\"search_term_string\"}}],\"inLanguage\":\"de\"},{\"@type\":\"Organization\",\"@id\":\"https:\/\/maison-chance.org\/shop\/de#organization\",\"name\":\"Nh\u00e0 May M\u1eafn - Maison Chance\",\"url\":\"https:\/\/maison-chance.org\/shop\/de\",\"logo\":{\"@type\":\"ImageObject\",\"inLanguage\":\"de\",\"@id\":\"https:\/\/maison-chance.org\/shop\/de#\/schema\/logo\/image\/\",\"url\":\"https:\/\/maison-chance.org\/shop\/wp-content\/uploads\/2024\/03\/cropped-Logo_DNXH.png\",\"contentUrl\":\"https:\/\/maison-chance.org\/shop\/wp-content\/uploads\/2024\/03\/cropped-Logo_DNXH.png\",\"width\":512,\"height\":512,\"caption\":\"Nh\u00e0 May M\u1eafn - Maison Chance\"},\"image\":{\"@id\":\"https:\/\/maison-chance.org\/shop\/de#\/schema\/logo\/image\/\"},\"sameAs\":[\"https:\/\/www.facebook.com\/dnxh.nhamayman\/\"]}]}<\/script>\n<meta property=\"product:price:amount\" content=\"12.24\" \/>\n<meta property=\"product:price:currency\" content=\"EUR\" \/>\n<meta property=\"og:availability\" content=\"instock\" \/>\n<meta property=\"product:availability\" content=\"instock\" \/>\n<meta property=\"product:condition\" content=\"new\" \/>\n<!-- \/ Yoast SEO Premium plugin. -->","yoast_head_json":{"title":"Giraffe - Stofftier aus Leinenstoff + handgemalt - Nh\u00e0 May M\u1eafn - Maison Chance","description":"Leinen-Giraffe von Maison Chance \u2013 ein einzigartiges handgefertigtes Produkt, das hilft, Wohnr\u00e4ume fr\u00f6hlich zu dekorieren und behinderte Schneider zu unterst\u00fctzen. Kaufen Sie jetzt, um Liebe zu verbreiten!","robots":{"index":"index","follow":"follow","max-snippet":"max-snippet:-1","max-image-preview":"max-image-preview:large","max-video-preview":"max-video-preview:-1"},"canonical":"https:\/\/maison-chance.org\/shop\/de\/produkt\/giraffe","og_locale":"de_DE","og_type":"article","og_title":"Giraffe","og_description":"Leinen-Giraffe von Maison Chance \u2013 ein einzigartiges handgefertigtes Produkt, das hilft, Wohnr\u00e4ume fr\u00f6hlich zu dekorieren und behinderte Schneider zu unterst\u00fctzen. Kaufen Sie jetzt, um Liebe zu verbreiten!","og_url":"https:\/\/maison-chance.org\/shop\/de\/produkt\/giraffe","og_site_name":"Nh\u00e0 May M\u1eafn - Maison Chance","article_publisher":"https:\/\/www.facebook.com\/dnxh.nhamayman\/","article_modified_time":"2025-03-12T03:52:31+00:00","og_image":[{"width":600,"height":600,"url":"https:\/\/maison-chance.org\/shop\/wp-content\/uploads\/2024\/04\/Huou-cao-co-3-vai-Linen-2.jpg","type":"image\/jpeg"}],"twitter_card":"summary_large_image","twitter_misc":{"Preis":"&euro;12.24","Verf\u00fcgbarkeit":"Auf Lager"},"schema":{"@context":"https:\/\/schema.org","@graph":[{"@type":"WebPage","@id":"https:\/\/maison-chance.org\/shop\/de\/produkt\/giraffe","url":"https:\/\/maison-chance.org\/shop\/de\/produkt\/giraffe","name":"Giraffe - Stofftier aus Leinenstoff + handgemalt - Nh\u00e0 May M\u1eafn - Maison Chance","isPartOf":{"@id":"https:\/\/maison-chance.org\/shop\/de#website"},"primaryImageOfPage":{"@id":"https:\/\/maison-chance.org\/shop\/de\/produkt\/giraffe#primaryimage"},"image":{"@id":"https:\/\/maison-chance.org\/shop\/de\/produkt\/giraffe#primaryimage"},"thumbnailUrl":"https:\/\/maison-chance.org\/shop\/wp-content\/uploads\/2024\/04\/Huou-cao-co-3-vai-Linen-2.jpg","datePublished":"2024-09-09T01:19:47+00:00","dateModified":"2025-03-12T03:52:31+00:00","description":"Leinen-Giraffe von Maison Chance \u2013 ein einzigartiges handgefertigtes Produkt, das hilft, Wohnr\u00e4ume fr\u00f6hlich zu dekorieren und behinderte Schneider zu unterst\u00fctzen. Kaufen Sie jetzt, um Liebe zu verbreiten!","breadcrumb":{"@id":"https:\/\/maison-chance.org\/shop\/de\/produkt\/giraffe#breadcrumb"},"inLanguage":"de","potentialAction":[{"@type":"ReadAction","target":["https:\/\/maison-chance.org\/shop\/de\/produkt\/giraffe"]}]},{"@type":"ImageObject","inLanguage":"de","@id":"https:\/\/maison-chance.org\/shop\/de\/produkt\/giraffe#primaryimage","url":"https:\/\/maison-chance.org\/shop\/wp-content\/uploads\/2024\/04\/Huou-cao-co-3-vai-Linen-2.jpg","contentUrl":"https:\/\/maison-chance.org\/shop\/wp-content\/uploads\/2024\/04\/Huou-cao-co-3-vai-Linen-2.jpg","width":600,"height":600,"caption":"Leinen-Giraffe"},{"@type":"BreadcrumbList","@id":"https:\/\/maison-chance.org\/shop\/de\/produkt\/giraffe#breadcrumb","itemListElement":[{"@type":"ListItem","position":1,"name":"Trang ch\u1ee7","item":"https:\/\/maison-chance.org\/shop\/de"},{"@type":"ListItem","position":2,"name":"Shop","item":"https:\/\/maison-chance.org\/shop\/shop"},{"@type":"ListItem","position":3,"name":"Giraffe"}]},{"@type":"WebSite","@id":"https:\/\/maison-chance.org\/shop\/de#website","url":"https:\/\/maison-chance.org\/shop\/de","name":"Nh\u00e0 May M\u1eafn - Maison Chance","description":"M\u1ecdi l\u1ee3i nhu\u1eadn thu v\u1ec1 t\u1eeb vi\u1ec7c b\u00e1n h\u00e0ng s\u1ebd tr\u00edch m\u1ed9t ph\u1ea7n \u0111\u1ec3 ch\u0103m lo cho \u0111\u1eddi s\u1ed1ng c\u00e1c b\u1ea1n khuy\u1ebft t\u1eadt v\u00e0 tr\u1ebb m\u1ed3 c\u00f4i \u1edf \u0111\u00e2y","publisher":{"@id":"https:\/\/maison-chance.org\/shop\/de#organization"},"potentialAction":[{"@type":"SearchAction","target":{"@type":"EntryPoint","urlTemplate":"https:\/\/maison-chance.org\/shop\/de?s={search_term_string}"},"query-input":{"@type":"PropertyValueSpecification","valueRequired":true,"valueName":"search_term_string"}}],"inLanguage":"de"},{"@type":"Organization","@id":"https:\/\/maison-chance.org\/shop\/de#organization","name":"Nh\u00e0 May M\u1eafn - Maison Chance","url":"https:\/\/maison-chance.org\/shop\/de","logo":{"@type":"ImageObject","inLanguage":"de","@id":"https:\/\/maison-chance.org\/shop\/de#\/schema\/logo\/image\/","url":"https:\/\/maison-chance.org\/shop\/wp-content\/uploads\/2024\/03\/cropped-Logo_DNXH.png","contentUrl":"https:\/\/maison-chance.org\/shop\/wp-content\/uploads\/2024\/03\/cropped-Logo_DNXH.png","width":512,"height":512,"caption":"Nh\u00e0 May M\u1eafn - Maison Chance"},"image":{"@id":"https:\/\/maison-chance.org\/shop\/de#\/schema\/logo\/image\/"},"sameAs":["https:\/\/www.facebook.com\/dnxh.nhamayman\/"]}]},"product_price_amount":"12.24","product_price_currency":"EUR","og_availability":"instock","product_availability":"instock","product_condition":"new"},"_links":{"self":[{"href":"https:\/\/maison-chance.org\/shop\/de\/wp-json\/wp\/v2\/product\/40627","targetHints":{"allow":["GET"]}}],"collection":[{"href":"https:\/\/maison-chance.org\/shop\/de\/wp-json\/wp\/v2\/product"}],"about":[{"href":"https:\/\/maison-chance.org\/shop\/de\/wp-json\/wp\/v2\/types\/product"}],"wp:featuredmedia":[{"embeddable":true,"href":"https:\/\/maison-chance.org\/shop\/de\/wp-json\/wp\/v2\/media\/36993"}],"wp:attachment":[{"href":"https:\/\/maison-chance.org\/shop\/de\/wp-json\/wp\/v2\/media?parent=40627"}],"wp:term":[{"taxonomy":"product_brand","embeddable":true,"href":"https:\/\/maison-chance.org\/shop\/de\/wp-json\/wp\/v2\/product_brand?post=40627"},{"taxonomy":"product_cat","embeddable":true,"href":"https:\/\/maison-chance.org\/shop\/de\/wp-json\/wp\/v2\/product_cat?post=40627"},{"taxonomy":"product_tag","embeddable":true,"href":"https:\/\/maison-chance.org\/shop\/de\/wp-json\/wp\/v2\/product_tag?post=40627"}],"curies":[{"name":"wp","href":"https:\/\/api.w.org\/{rel}","templated":true}]}}