{"id":40636,"date":"2024-10-01T07:00:06","date_gmt":"2024-10-01T00:00:06","guid":{"rendered":"https:\/\/maison-chance.org\/shop\/san-pham\/der-hase"},"modified":"2025-03-13T09:47:26","modified_gmt":"2025-03-13T02:47:26","slug":"der-hase","status":"publish","type":"product","link":"https:\/\/maison-chance.org\/shop\/de\/produkt\/der-hase","title":{"rendered":"Der Hase"},"content":{"rendered":"<p data-start=\"0\" data-end=\"53\"><strong data-start=\"3\" data-end=\"48\">Hallo, ich bin der TC28TB Tapisseriei-Hase!<\/strong><\/p>\n<p data-start=\"55\" data-end=\"337\">Wer sagt, dass klein nicht auffallen kann? Ich bin zwar nur 15 cm gro\u00df und 6 cm breit, aber ich kann jeden beim ersten Blick \u201eschmelzen\u201c lassen! Ich trage ein einzigartiges Tapisseriekleid, geschm\u00fcckt mit detaillierten, lebendigen Mustern \u2013 eine Sch\u00f6nheit, die sowohl traditionell als auch modern ist. Das Besondere ist, dass jedes Muster auf meinem Kleid sorgf\u00e4ltig von den geschickten H\u00e4nden der behinderten N\u00e4herinnen bei <a href=\"https:\/\/maison-chance.org\/shop\">Maison Chance<\/a> gefertigt wurde, wobei jeder Stich und jede Naht mit gro\u00dfer Sorgfalt erfolgt.<\/p>\n<p data-start=\"796\" data-end=\"878\"><strong data-start=\"796\" data-end=\"876\">Wussten Sie schon? Ich mag zwar klein sein, aber ich habe viele Verwendungsm\u00f6glichkeiten:<\/strong><\/p>\n<ul data-start=\"879\" data-end=\"1619\">\n<li data-start=\"879\" data-end=\"1077\">Dekoration f\u00fcr den Arbeitsplatz: Stellen Sie mich auf Ihren Schreibtisch, ich werde Ihnen helfen, Stress und M\u00fcdigkeit abzubauen. Jeden Tag auf mich zu schauen, wird Ihnen sicher positive Energie und eine fr\u00f6hliche Stimmung bringen!<\/li>\n<li data-start=\"1078\" data-end=\"1203\">Versch\u00f6nern Sie Ihren Lernplatz: Stellen Sie mich auf das B\u00fccherregal oder den Schreibtisch, und ich werde diesen kleinen Platz lebhaft und unglaublich s\u00fc\u00df machen!<\/li>\n<li data-start=\"1204\" data-end=\"1406\">Ein fr\u00f6hlicher Begleiter: Mit meiner leichten Gr\u00f6\u00dfe k\u00f6nnen Sie mich \u00fcberallhin mitnehmen \u2013 von der Tasche, dem Rucksack bis zum Auto. Ich werde immer an Ihrer Seite sein und Ihnen kleine Freuden auf Ihrer Reise bringen.<\/li>\n<li data-start=\"1407\" data-end=\"1619\">Ein bedeutungsvolles Geschenk: Ich bin nicht nur niedlich, sondern auch ein Geschenk, das Liebe und tiefes Mitgef\u00fchl enth\u00e4lt. Verschenken Sie mich an Freunde, Familie oder Kinder, und ich bin sicher, dass jeder mich lieben wird!<\/li>\n<\/ul>\n<p data-start=\"1621\" data-end=\"2078\">Das Besondere an mir ist die Geschichte hinter jedem Stich und jeder Naht. Ich werde aus den talentierten H\u00e4nden der behinderten N\u00e4herinnen bei Maison Chance geschaffen \u2013 einem Ort, der Tr\u00e4ume verwirklicht und ein besseres Leben f\u00fcr die Gemeinschaft der Menschen mit Behinderungen bietet. Jedes verkaufte Produkt bringt nicht nur Freude f\u00fcr den Besitzer, sondern ist auch eine gro\u00dfe Ermutigung f\u00fcr die Arbeiter hier und hilft ihnen, selbstbewusster, sozial integrierter und beruflich stabil zu werden.<\/p>\n<p data-start=\"1621\" data-end=\"2078\"><em>Worauf warten Sie noch? Holen Sie sich diesen niedlichen TC28TB Tapisserei-Hasen nach Hause, um t\u00e4glich fr\u00f6hliche Momente zu schaffen! Vergessen Sie nicht, diese Freude auch mit Ihren Freunden und Ihrer Familie zu teilen!<\/em><\/p>\n","protected":false},"excerpt":{"rendered":"<p style=\"text-align: justify;\">Produkte, die von benachteiligten behinderten Personen handgefertigt werden, bitten freundlich um die Unterst\u00fctzung unserer gesch\u00e4tzten Kunden.<\/p>\n<p>Material: Brokat<\/p>\n<p>Code: TC28TB<\/p>\n<p>Hotline: <span style=\"font-size: 20px;\"><strong><span style=\"color: #ff0000;\">0909 06 25 28<\/span><\/strong><\/span><\/p>\n<p style=\"text-align: justify;\">Wenn Sie sich in Vietnam befinden, kontaktieren Sie uns bitte \u00fcber unsere Hotline oder die Maison Chance Business-Fanpage, um den Verkaufspreis in Vietnam zu erfahren.<\/p>\n","protected":false},"featured_media":36906,"template":"","meta":[],"product_brand":[],"product_cat":[244,232],"product_tag":[],"class_list":{"0":"post-40636","1":"product","2":"type-product","3":"status-publish","4":"has-post-thumbnail","6":"product_cat-ausgestopftes-tier-naeherei","7":"product_cat-naeherei","9":"first","10":"instock","11":"shipping-taxable","12":"purchasable","13":"product-type-simple"},"yoast_head":"<!-- This site is optimized with the Yoast SEO Premium plugin v22.7 (Yoast SEO v25.3.1) - https:\/\/yoast.com\/wordpress\/plugins\/seo\/ -->\n<title>Der Hase - Stofftier aus Brokatstoff - Nh\u00e0 May M\u1eafn - Maison Chance<\/title>\n<meta name=\"description\" content=\"Stoffhase aus Brokatstoff, ein einzigartiges handgefertigtes Produkt von behinderten Schneidern bei Maison Chance. Dekorieren Sie Wohnr\u00e4ume und unterst\u00fctzen Sie Menschen mit Behinderungen\" \/>\n<meta name=\"robots\" content=\"index, follow, max-snippet:-1, max-image-preview:large, max-video-preview:-1\" \/>\n<link rel=\"canonical\" href=\"https:\/\/maison-chance.org\/shop\/de\/produkt\/der-hase\" \/>\n<meta property=\"og:locale\" content=\"de_DE\" \/>\n<meta property=\"og:type\" content=\"article\" \/>\n<meta property=\"og:title\" content=\"Der Hase\" \/>\n<meta property=\"og:description\" content=\"Stoffhase aus Brokatstoff, ein einzigartiges handgefertigtes Produkt von behinderten Schneidern bei Maison Chance. Dekorieren Sie Wohnr\u00e4ume und unterst\u00fctzen Sie Menschen mit Behinderungen\" \/>\n<meta property=\"og:url\" content=\"https:\/\/maison-chance.org\/shop\/de\/produkt\/der-hase\" \/>\n<meta property=\"og:site_name\" content=\"Nh\u00e0 May M\u1eafn - Maison Chance\" \/>\n<meta property=\"article:publisher\" content=\"https:\/\/www.facebook.com\/dnxh.nhamayman\/\" \/>\n<meta property=\"article:modified_time\" content=\"2025-03-13T02:47:26+00:00\" \/>\n<meta property=\"og:image\" content=\"https:\/\/maison-chance.org\/shop\/wp-content\/uploads\/2024\/04\/thu-nhoi-bong-hinh-con-tho-vai-tho-cam-1.jpg\" \/>\n\t<meta property=\"og:image:width\" content=\"600\" \/>\n\t<meta property=\"og:image:height\" content=\"600\" \/>\n\t<meta property=\"og:image:type\" content=\"image\/jpeg\" \/>\n<meta name=\"twitter:card\" content=\"summary_large_image\" \/>\n<meta name=\"twitter:label1\" content=\"Preis\" \/>\n\t<meta name=\"twitter:data1\" content=\"&euro;3.68\" \/>\n\t<meta name=\"twitter:label2\" content=\"Verf\u00fcgbarkeit\" \/>\n\t<meta name=\"twitter:data2\" content=\"Auf Lager\" \/>\n<script type=\"application\/ld+json\" class=\"yoast-schema-graph\">{\"@context\":\"https:\/\/schema.org\",\"@graph\":[{\"@type\":\"WebPage\",\"@id\":\"https:\/\/maison-chance.org\/shop\/de\/produkt\/der-hase\",\"url\":\"https:\/\/maison-chance.org\/shop\/de\/produkt\/der-hase\",\"name\":\"Der Hase - Stofftier aus Brokatstoff - Nh\u00e0 May M\u1eafn - Maison Chance\",\"isPartOf\":{\"@id\":\"https:\/\/maison-chance.org\/shop\/de#website\"},\"primaryImageOfPage\":{\"@id\":\"https:\/\/maison-chance.org\/shop\/de\/produkt\/der-hase#primaryimage\"},\"image\":{\"@id\":\"https:\/\/maison-chance.org\/shop\/de\/produkt\/der-hase#primaryimage\"},\"thumbnailUrl\":\"https:\/\/maison-chance.org\/shop\/wp-content\/uploads\/2024\/04\/thu-nhoi-bong-hinh-con-tho-vai-tho-cam-1.jpg\",\"datePublished\":\"2024-10-01T00:00:06+00:00\",\"dateModified\":\"2025-03-13T02:47:26+00:00\",\"description\":\"Stoffhase aus Brokatstoff, ein einzigartiges handgefertigtes Produkt von behinderten Schneidern bei Maison Chance. Dekorieren Sie Wohnr\u00e4ume und unterst\u00fctzen Sie Menschen mit Behinderungen\",\"breadcrumb\":{\"@id\":\"https:\/\/maison-chance.org\/shop\/de\/produkt\/der-hase#breadcrumb\"},\"inLanguage\":\"de\",\"potentialAction\":[{\"@type\":\"ReadAction\",\"target\":[\"https:\/\/maison-chance.org\/shop\/de\/produkt\/der-hase\"]}]},{\"@type\":\"ImageObject\",\"inLanguage\":\"de\",\"@id\":\"https:\/\/maison-chance.org\/shop\/de\/produkt\/der-hase#primaryimage\",\"url\":\"https:\/\/maison-chance.org\/shop\/wp-content\/uploads\/2024\/04\/thu-nhoi-bong-hinh-con-tho-vai-tho-cam-1.jpg\",\"contentUrl\":\"https:\/\/maison-chance.org\/shop\/wp-content\/uploads\/2024\/04\/thu-nhoi-bong-hinh-con-tho-vai-tho-cam-1.jpg\",\"width\":600,\"height\":600,\"caption\":\"Stoffhase aus Brokatstoff\"},{\"@type\":\"BreadcrumbList\",\"@id\":\"https:\/\/maison-chance.org\/shop\/de\/produkt\/der-hase#breadcrumb\",\"itemListElement\":[{\"@type\":\"ListItem\",\"position\":1,\"name\":\"Trang ch\u1ee7\",\"item\":\"https:\/\/maison-chance.org\/shop\/de\"},{\"@type\":\"ListItem\",\"position\":2,\"name\":\"Shop\",\"item\":\"https:\/\/maison-chance.org\/shop\/shop\"},{\"@type\":\"ListItem\",\"position\":3,\"name\":\"Der Hase\"}]},{\"@type\":\"WebSite\",\"@id\":\"https:\/\/maison-chance.org\/shop\/de#website\",\"url\":\"https:\/\/maison-chance.org\/shop\/de\",\"name\":\"Nh\u00e0 May M\u1eafn - Maison Chance\",\"description\":\"M\u1ecdi l\u1ee3i nhu\u1eadn thu v\u1ec1 t\u1eeb vi\u1ec7c b\u00e1n h\u00e0ng s\u1ebd tr\u00edch m\u1ed9t ph\u1ea7n \u0111\u1ec3 ch\u0103m lo cho \u0111\u1eddi s\u1ed1ng c\u00e1c b\u1ea1n khuy\u1ebft t\u1eadt v\u00e0 tr\u1ebb m\u1ed3 c\u00f4i \u1edf \u0111\u00e2y\",\"publisher\":{\"@id\":\"https:\/\/maison-chance.org\/shop\/de#organization\"},\"potentialAction\":[{\"@type\":\"SearchAction\",\"target\":{\"@type\":\"EntryPoint\",\"urlTemplate\":\"https:\/\/maison-chance.org\/shop\/de?s={search_term_string}\"},\"query-input\":{\"@type\":\"PropertyValueSpecification\",\"valueRequired\":true,\"valueName\":\"search_term_string\"}}],\"inLanguage\":\"de\"},{\"@type\":\"Organization\",\"@id\":\"https:\/\/maison-chance.org\/shop\/de#organization\",\"name\":\"Nh\u00e0 May M\u1eafn - Maison Chance\",\"url\":\"https:\/\/maison-chance.org\/shop\/de\",\"logo\":{\"@type\":\"ImageObject\",\"inLanguage\":\"de\",\"@id\":\"https:\/\/maison-chance.org\/shop\/de#\/schema\/logo\/image\/\",\"url\":\"https:\/\/maison-chance.org\/shop\/wp-content\/uploads\/2024\/03\/cropped-Logo_DNXH.png\",\"contentUrl\":\"https:\/\/maison-chance.org\/shop\/wp-content\/uploads\/2024\/03\/cropped-Logo_DNXH.png\",\"width\":512,\"height\":512,\"caption\":\"Nh\u00e0 May M\u1eafn - Maison Chance\"},\"image\":{\"@id\":\"https:\/\/maison-chance.org\/shop\/de#\/schema\/logo\/image\/\"},\"sameAs\":[\"https:\/\/www.facebook.com\/dnxh.nhamayman\/\"]}]}<\/script>\n<meta property=\"product:price:amount\" content=\"3.68\" \/>\n<meta property=\"product:price:currency\" content=\"EUR\" \/>\n<meta property=\"og:availability\" content=\"instock\" \/>\n<meta property=\"product:availability\" content=\"instock\" \/>\n<meta property=\"product:condition\" content=\"new\" \/>\n<!-- \/ Yoast SEO Premium plugin. -->","yoast_head_json":{"title":"Der Hase - Stofftier aus Brokatstoff - Nh\u00e0 May M\u1eafn - Maison Chance","description":"Stoffhase aus Brokatstoff, ein einzigartiges handgefertigtes Produkt von behinderten Schneidern bei Maison Chance. Dekorieren Sie Wohnr\u00e4ume und unterst\u00fctzen Sie Menschen mit Behinderungen","robots":{"index":"index","follow":"follow","max-snippet":"max-snippet:-1","max-image-preview":"max-image-preview:large","max-video-preview":"max-video-preview:-1"},"canonical":"https:\/\/maison-chance.org\/shop\/de\/produkt\/der-hase","og_locale":"de_DE","og_type":"article","og_title":"Der Hase","og_description":"Stoffhase aus Brokatstoff, ein einzigartiges handgefertigtes Produkt von behinderten Schneidern bei Maison Chance. Dekorieren Sie Wohnr\u00e4ume und unterst\u00fctzen Sie Menschen mit Behinderungen","og_url":"https:\/\/maison-chance.org\/shop\/de\/produkt\/der-hase","og_site_name":"Nh\u00e0 May M\u1eafn - Maison Chance","article_publisher":"https:\/\/www.facebook.com\/dnxh.nhamayman\/","article_modified_time":"2025-03-13T02:47:26+00:00","og_image":[{"width":600,"height":600,"url":"https:\/\/maison-chance.org\/shop\/wp-content\/uploads\/2024\/04\/thu-nhoi-bong-hinh-con-tho-vai-tho-cam-1.jpg","type":"image\/jpeg"}],"twitter_card":"summary_large_image","twitter_misc":{"Preis":"&euro;3.68","Verf\u00fcgbarkeit":"Auf Lager"},"schema":{"@context":"https:\/\/schema.org","@graph":[{"@type":"WebPage","@id":"https:\/\/maison-chance.org\/shop\/de\/produkt\/der-hase","url":"https:\/\/maison-chance.org\/shop\/de\/produkt\/der-hase","name":"Der Hase - Stofftier aus Brokatstoff - Nh\u00e0 May M\u1eafn - Maison Chance","isPartOf":{"@id":"https:\/\/maison-chance.org\/shop\/de#website"},"primaryImageOfPage":{"@id":"https:\/\/maison-chance.org\/shop\/de\/produkt\/der-hase#primaryimage"},"image":{"@id":"https:\/\/maison-chance.org\/shop\/de\/produkt\/der-hase#primaryimage"},"thumbnailUrl":"https:\/\/maison-chance.org\/shop\/wp-content\/uploads\/2024\/04\/thu-nhoi-bong-hinh-con-tho-vai-tho-cam-1.jpg","datePublished":"2024-10-01T00:00:06+00:00","dateModified":"2025-03-13T02:47:26+00:00","description":"Stoffhase aus Brokatstoff, ein einzigartiges handgefertigtes Produkt von behinderten Schneidern bei Maison Chance. Dekorieren Sie Wohnr\u00e4ume und unterst\u00fctzen Sie Menschen mit Behinderungen","breadcrumb":{"@id":"https:\/\/maison-chance.org\/shop\/de\/produkt\/der-hase#breadcrumb"},"inLanguage":"de","potentialAction":[{"@type":"ReadAction","target":["https:\/\/maison-chance.org\/shop\/de\/produkt\/der-hase"]}]},{"@type":"ImageObject","inLanguage":"de","@id":"https:\/\/maison-chance.org\/shop\/de\/produkt\/der-hase#primaryimage","url":"https:\/\/maison-chance.org\/shop\/wp-content\/uploads\/2024\/04\/thu-nhoi-bong-hinh-con-tho-vai-tho-cam-1.jpg","contentUrl":"https:\/\/maison-chance.org\/shop\/wp-content\/uploads\/2024\/04\/thu-nhoi-bong-hinh-con-tho-vai-tho-cam-1.jpg","width":600,"height":600,"caption":"Stoffhase aus Brokatstoff"},{"@type":"BreadcrumbList","@id":"https:\/\/maison-chance.org\/shop\/de\/produkt\/der-hase#breadcrumb","itemListElement":[{"@type":"ListItem","position":1,"name":"Trang ch\u1ee7","item":"https:\/\/maison-chance.org\/shop\/de"},{"@type":"ListItem","position":2,"name":"Shop","item":"https:\/\/maison-chance.org\/shop\/shop"},{"@type":"ListItem","position":3,"name":"Der Hase"}]},{"@type":"WebSite","@id":"https:\/\/maison-chance.org\/shop\/de#website","url":"https:\/\/maison-chance.org\/shop\/de","name":"Nh\u00e0 May M\u1eafn - Maison Chance","description":"M\u1ecdi l\u1ee3i nhu\u1eadn thu v\u1ec1 t\u1eeb vi\u1ec7c b\u00e1n h\u00e0ng s\u1ebd tr\u00edch m\u1ed9t ph\u1ea7n \u0111\u1ec3 ch\u0103m lo cho \u0111\u1eddi s\u1ed1ng c\u00e1c b\u1ea1n khuy\u1ebft t\u1eadt v\u00e0 tr\u1ebb m\u1ed3 c\u00f4i \u1edf \u0111\u00e2y","publisher":{"@id":"https:\/\/maison-chance.org\/shop\/de#organization"},"potentialAction":[{"@type":"SearchAction","target":{"@type":"EntryPoint","urlTemplate":"https:\/\/maison-chance.org\/shop\/de?s={search_term_string}"},"query-input":{"@type":"PropertyValueSpecification","valueRequired":true,"valueName":"search_term_string"}}],"inLanguage":"de"},{"@type":"Organization","@id":"https:\/\/maison-chance.org\/shop\/de#organization","name":"Nh\u00e0 May M\u1eafn - Maison Chance","url":"https:\/\/maison-chance.org\/shop\/de","logo":{"@type":"ImageObject","inLanguage":"de","@id":"https:\/\/maison-chance.org\/shop\/de#\/schema\/logo\/image\/","url":"https:\/\/maison-chance.org\/shop\/wp-content\/uploads\/2024\/03\/cropped-Logo_DNXH.png","contentUrl":"https:\/\/maison-chance.org\/shop\/wp-content\/uploads\/2024\/03\/cropped-Logo_DNXH.png","width":512,"height":512,"caption":"Nh\u00e0 May M\u1eafn - Maison Chance"},"image":{"@id":"https:\/\/maison-chance.org\/shop\/de#\/schema\/logo\/image\/"},"sameAs":["https:\/\/www.facebook.com\/dnxh.nhamayman\/"]}]},"product_price_amount":"3.68","product_price_currency":"EUR","og_availability":"instock","product_availability":"instock","product_condition":"new"},"_links":{"self":[{"href":"https:\/\/maison-chance.org\/shop\/de\/wp-json\/wp\/v2\/product\/40636","targetHints":{"allow":["GET"]}}],"collection":[{"href":"https:\/\/maison-chance.org\/shop\/de\/wp-json\/wp\/v2\/product"}],"about":[{"href":"https:\/\/maison-chance.org\/shop\/de\/wp-json\/wp\/v2\/types\/product"}],"wp:featuredmedia":[{"embeddable":true,"href":"https:\/\/maison-chance.org\/shop\/de\/wp-json\/wp\/v2\/media\/36906"}],"wp:attachment":[{"href":"https:\/\/maison-chance.org\/shop\/de\/wp-json\/wp\/v2\/media?parent=40636"}],"wp:term":[{"taxonomy":"product_brand","embeddable":true,"href":"https:\/\/maison-chance.org\/shop\/de\/wp-json\/wp\/v2\/product_brand?post=40636"},{"taxonomy":"product_cat","embeddable":true,"href":"https:\/\/maison-chance.org\/shop\/de\/wp-json\/wp\/v2\/product_cat?post=40636"},{"taxonomy":"product_tag","embeddable":true,"href":"https:\/\/maison-chance.org\/shop\/de\/wp-json\/wp\/v2\/product_tag?post=40636"}],"curies":[{"name":"wp","href":"https:\/\/api.w.org\/{rel}","templated":true}]}}