{"id":40640,"date":"2024-10-01T07:01:30","date_gmt":"2024-10-01T00:01:30","guid":{"rendered":"https:\/\/maison-chance.org\/shop\/san-pham\/krokodil"},"modified":"2025-03-13T09:52:45","modified_gmt":"2025-03-13T02:52:45","slug":"krokodil","status":"publish","type":"product","link":"https:\/\/maison-chance.org\/shop\/de\/produkt\/krokodil","title":{"rendered":"Krokodil"},"content":{"rendered":"<p>Maison Chance ist eine gemeinn\u00fctzige Organisation, die Menschen mit Behinderungen in Vietnam hilft, N\u00e4hf\u00e4higkeiten zu entwickeln und Besch\u00e4ftigungsm\u00f6glichkeiten f\u00fcr sie zu schaffen. Die handgefertigten Produkte von Maison Chance besitzen nicht nur hohen \u00e4sthetischen Wert, sondern zeigen auch die Bem\u00fchungen und Talente der behinderten N\u00e4herinnen. Unter diesen ist das Tapisserie-Krokodil eines der herausragenden handgefertigten Produkte von Maison Chance.<\/p>\n<p style=\"text-align: justify;\">Das pl\u00fcschige Tapisserie-Krokodil tr\u00e4gt ein einzigartiges Tapisseriekleid, das harmonisch die Sch\u00f6nheit der traditionellen Kultur mit einem jugendlichen, modernen Flair kombiniert. Mit einer kompakten Gr\u00f6\u00dfe (6 x 16 cm) und einer Vielzahl von Farben kann das Tapisserie-Krokodil zur Dekoration in verschiedenen R\u00e4umen verwendet werden.<\/p>\n<p><strong data-start=\"605\" data-end=\"653\">Dekoration f\u00fcr den Arbeitsplatz, B\u00fccherregal oder Schreibtisch:<\/strong> Bringen Sie etwas Farbe und Fr\u00f6hlichkeit hinzu, damit Sie mehr Inspiration bei der Arbeit und im Studium haben.<\/p>\n<p><strong data-start=\"749\" data-end=\"790\">Verwandeln Sie es in einen Schl\u00fcsselanh\u00e4nger oder einen Rucksackanh\u00e4nger:<\/strong> Praktisch und sorgt f\u00fcr einen pers\u00f6nlichen Akzent in Ihrem Stil.<\/p>\n<p><strong data-start=\"862\" data-end=\"884\">Ein sch\u00f6ner Geschenkartikel:<\/strong> Perfekt f\u00fcr Freunde, Verwandte oder sogar als &#8222;Belohnung&#8220; f\u00fcr sich selbst. Ein kleines Geschenk, das viel Zuneigung enth\u00e4lt.<\/p>\n<p>Mit seinen funkelnden, schelmischen Augen und einem breiten, freundlichen L\u00e4cheln wird dieses kleine, dicke Krokodil beim ersten Anblick alle Herzen erobern. Ganz anders als das furchterregende Tier, das Sie sich vorstellen m\u00f6gen, ist diese Version des Tapisserie-Krokodils \u00e4u\u00dferst niedlich und sanft!<\/p>\n<p style=\"text-align: justify;\">Holen Sie sich jetzt ein Krokodil, um Ihr Leben zu versch\u00f6nern! Der Einkauf bei Maison Chance hilft Ihnen nicht nur, ein einzigartiges handgefertigtes Produkt zu besitzen, sondern schafft auch Arbeitsm\u00f6glichkeiten f\u00fcr die behinderten N\u00e4herinnen. Unterst\u00fctzen Sie die Menschen mit Behinderungen bei <a href=\"https:\/\/maison-chance.org\/shop\">Maison Chance<\/a> durch den Kauf hier.<\/p>\n","protected":false},"excerpt":{"rendered":"<p style=\"text-align: justify;\">Produkte, die von benachteiligten behinderten Personen handgefertigt werden, bitten freundlich um die Unterst\u00fctzung unserer gesch\u00e4tzten Kunden.<\/p>\n<p>Material: Brokat<\/p>\n<p>Code: TC27TB<\/p>\n<p>Hotline: <span style=\"font-size: 20px;\"><strong><span style=\"color: #ff0000;\">0909 06 25 28<\/span><\/strong><\/span><\/p>\n<p style=\"text-align: justify;\">Wenn Sie sich in Vietnam befinden, kontaktieren Sie uns bitte \u00fcber unsere Hotline oder die Maison Chance Business-Fanpage, um den Verkaufspreis in Vietnam zu erfahren.<\/p>\n","protected":false},"featured_media":36900,"template":"","meta":[],"product_brand":[],"product_cat":[244,232],"product_tag":[],"class_list":{"0":"post-40640","1":"product","2":"type-product","3":"status-publish","4":"has-post-thumbnail","6":"product_cat-ausgestopftes-tier-naeherei","7":"product_cat-naeherei","9":"first","10":"instock","11":"shipping-taxable","12":"purchasable","13":"product-type-simple"},"yoast_head":"<!-- This site is optimized with the Yoast SEO Premium plugin v22.7 (Yoast SEO v25.3.1) - https:\/\/yoast.com\/wordpress\/plugins\/seo\/ -->\n<title>Krokodil - Stofftier aus Brokatstoff - Nh\u00e0 May M\u1eafn - Maison Chance<\/title>\n<meta name=\"description\" content=\"Das ausgestopfte Krokodil aus Brokatstoff ist nicht nur ein einfaches Spielzeug, sondern auch ein einzigartiger und beeindruckender Dekorationsgegenstand. Mit seiner kompakten Gr\u00f6\u00dfe (6 x 16 cm) und vielf\u00e4ltigen Farben,\" \/>\n<meta name=\"robots\" content=\"index, follow, max-snippet:-1, max-image-preview:large, max-video-preview:-1\" \/>\n<link rel=\"canonical\" href=\"https:\/\/maison-chance.org\/shop\/de\/produkt\/krokodil\" \/>\n<meta property=\"og:locale\" content=\"de_DE\" \/>\n<meta property=\"og:type\" content=\"article\" \/>\n<meta property=\"og:title\" content=\"Krokodil\" \/>\n<meta property=\"og:description\" content=\"Das ausgestopfte Krokodil aus Brokatstoff ist nicht nur ein einfaches Spielzeug, sondern auch ein einzigartiger und beeindruckender Dekorationsgegenstand. Mit seiner kompakten Gr\u00f6\u00dfe (6 x 16 cm) und vielf\u00e4ltigen Farben,\" \/>\n<meta property=\"og:url\" content=\"https:\/\/maison-chance.org\/shop\/de\/produkt\/krokodil\" \/>\n<meta property=\"og:site_name\" content=\"Nh\u00e0 May M\u1eafn - Maison Chance\" \/>\n<meta property=\"article:publisher\" content=\"https:\/\/www.facebook.com\/dnxh.nhamayman\/\" \/>\n<meta property=\"article:modified_time\" content=\"2025-03-13T02:52:45+00:00\" \/>\n<meta property=\"og:image\" content=\"https:\/\/maison-chance.org\/shop\/wp-content\/uploads\/2024\/04\/thu-nhoi-bong-hinh-con-ca-sau-vai-tho-cam-1.jpg\" \/>\n\t<meta property=\"og:image:width\" content=\"600\" \/>\n\t<meta property=\"og:image:height\" content=\"600\" \/>\n\t<meta property=\"og:image:type\" content=\"image\/jpeg\" \/>\n<meta name=\"twitter:card\" content=\"summary_large_image\" \/>\n<meta name=\"twitter:label1\" content=\"Preis\" \/>\n\t<meta name=\"twitter:data1\" content=\"&euro;3.04\" \/>\n\t<meta name=\"twitter:label2\" content=\"Verf\u00fcgbarkeit\" \/>\n\t<meta name=\"twitter:data2\" content=\"Auf Lager\" \/>\n<script type=\"application\/ld+json\" class=\"yoast-schema-graph\">{\"@context\":\"https:\/\/schema.org\",\"@graph\":[{\"@type\":\"WebPage\",\"@id\":\"https:\/\/maison-chance.org\/shop\/de\/produkt\/krokodil\",\"url\":\"https:\/\/maison-chance.org\/shop\/de\/produkt\/krokodil\",\"name\":\"Krokodil - Stofftier aus Brokatstoff - Nh\u00e0 May M\u1eafn - Maison Chance\",\"isPartOf\":{\"@id\":\"https:\/\/maison-chance.org\/shop\/de#website\"},\"primaryImageOfPage\":{\"@id\":\"https:\/\/maison-chance.org\/shop\/de\/produkt\/krokodil#primaryimage\"},\"image\":{\"@id\":\"https:\/\/maison-chance.org\/shop\/de\/produkt\/krokodil#primaryimage\"},\"thumbnailUrl\":\"https:\/\/maison-chance.org\/shop\/wp-content\/uploads\/2024\/04\/thu-nhoi-bong-hinh-con-ca-sau-vai-tho-cam-1.jpg\",\"datePublished\":\"2024-10-01T00:01:30+00:00\",\"dateModified\":\"2025-03-13T02:52:45+00:00\",\"description\":\"Das ausgestopfte Krokodil aus Brokatstoff ist nicht nur ein einfaches Spielzeug, sondern auch ein einzigartiger und beeindruckender Dekorationsgegenstand. Mit seiner kompakten Gr\u00f6\u00dfe (6 x 16 cm) und vielf\u00e4ltigen Farben,\",\"breadcrumb\":{\"@id\":\"https:\/\/maison-chance.org\/shop\/de\/produkt\/krokodil#breadcrumb\"},\"inLanguage\":\"de\",\"potentialAction\":[{\"@type\":\"ReadAction\",\"target\":[\"https:\/\/maison-chance.org\/shop\/de\/produkt\/krokodil\"]}]},{\"@type\":\"ImageObject\",\"inLanguage\":\"de\",\"@id\":\"https:\/\/maison-chance.org\/shop\/de\/produkt\/krokodil#primaryimage\",\"url\":\"https:\/\/maison-chance.org\/shop\/wp-content\/uploads\/2024\/04\/thu-nhoi-bong-hinh-con-ca-sau-vai-tho-cam-1.jpg\",\"contentUrl\":\"https:\/\/maison-chance.org\/shop\/wp-content\/uploads\/2024\/04\/thu-nhoi-bong-hinh-con-ca-sau-vai-tho-cam-1.jpg\",\"width\":600,\"height\":600,\"caption\":\"Ausgestopftes Krokodil aus Brokatstoff\"},{\"@type\":\"BreadcrumbList\",\"@id\":\"https:\/\/maison-chance.org\/shop\/de\/produkt\/krokodil#breadcrumb\",\"itemListElement\":[{\"@type\":\"ListItem\",\"position\":1,\"name\":\"Trang ch\u1ee7\",\"item\":\"https:\/\/maison-chance.org\/shop\/de\"},{\"@type\":\"ListItem\",\"position\":2,\"name\":\"Shop\",\"item\":\"https:\/\/maison-chance.org\/shop\/shop\"},{\"@type\":\"ListItem\",\"position\":3,\"name\":\"Krokodil\"}]},{\"@type\":\"WebSite\",\"@id\":\"https:\/\/maison-chance.org\/shop\/de#website\",\"url\":\"https:\/\/maison-chance.org\/shop\/de\",\"name\":\"Nh\u00e0 May M\u1eafn - Maison Chance\",\"description\":\"M\u1ecdi l\u1ee3i nhu\u1eadn thu v\u1ec1 t\u1eeb vi\u1ec7c b\u00e1n h\u00e0ng s\u1ebd tr\u00edch m\u1ed9t ph\u1ea7n \u0111\u1ec3 ch\u0103m lo cho \u0111\u1eddi s\u1ed1ng c\u00e1c b\u1ea1n khuy\u1ebft t\u1eadt v\u00e0 tr\u1ebb m\u1ed3 c\u00f4i \u1edf \u0111\u00e2y\",\"publisher\":{\"@id\":\"https:\/\/maison-chance.org\/shop\/de#organization\"},\"potentialAction\":[{\"@type\":\"SearchAction\",\"target\":{\"@type\":\"EntryPoint\",\"urlTemplate\":\"https:\/\/maison-chance.org\/shop\/de?s={search_term_string}\"},\"query-input\":{\"@type\":\"PropertyValueSpecification\",\"valueRequired\":true,\"valueName\":\"search_term_string\"}}],\"inLanguage\":\"de\"},{\"@type\":\"Organization\",\"@id\":\"https:\/\/maison-chance.org\/shop\/de#organization\",\"name\":\"Nh\u00e0 May M\u1eafn - Maison Chance\",\"url\":\"https:\/\/maison-chance.org\/shop\/de\",\"logo\":{\"@type\":\"ImageObject\",\"inLanguage\":\"de\",\"@id\":\"https:\/\/maison-chance.org\/shop\/de#\/schema\/logo\/image\/\",\"url\":\"https:\/\/maison-chance.org\/shop\/wp-content\/uploads\/2024\/03\/cropped-Logo_DNXH.png\",\"contentUrl\":\"https:\/\/maison-chance.org\/shop\/wp-content\/uploads\/2024\/03\/cropped-Logo_DNXH.png\",\"width\":512,\"height\":512,\"caption\":\"Nh\u00e0 May M\u1eafn - Maison Chance\"},\"image\":{\"@id\":\"https:\/\/maison-chance.org\/shop\/de#\/schema\/logo\/image\/\"},\"sameAs\":[\"https:\/\/www.facebook.com\/dnxh.nhamayman\/\"]}]}<\/script>\n<meta property=\"product:price:amount\" content=\"3.04\" \/>\n<meta property=\"product:price:currency\" content=\"EUR\" \/>\n<meta property=\"og:availability\" content=\"instock\" \/>\n<meta property=\"product:availability\" content=\"instock\" \/>\n<meta property=\"product:condition\" content=\"new\" \/>\n<!-- \/ Yoast SEO Premium plugin. -->","yoast_head_json":{"title":"Krokodil - Stofftier aus Brokatstoff - Nh\u00e0 May M\u1eafn - Maison Chance","description":"Das ausgestopfte Krokodil aus Brokatstoff ist nicht nur ein einfaches Spielzeug, sondern auch ein einzigartiger und beeindruckender Dekorationsgegenstand. Mit seiner kompakten Gr\u00f6\u00dfe (6 x 16 cm) und vielf\u00e4ltigen Farben,","robots":{"index":"index","follow":"follow","max-snippet":"max-snippet:-1","max-image-preview":"max-image-preview:large","max-video-preview":"max-video-preview:-1"},"canonical":"https:\/\/maison-chance.org\/shop\/de\/produkt\/krokodil","og_locale":"de_DE","og_type":"article","og_title":"Krokodil","og_description":"Das ausgestopfte Krokodil aus Brokatstoff ist nicht nur ein einfaches Spielzeug, sondern auch ein einzigartiger und beeindruckender Dekorationsgegenstand. Mit seiner kompakten Gr\u00f6\u00dfe (6 x 16 cm) und vielf\u00e4ltigen Farben,","og_url":"https:\/\/maison-chance.org\/shop\/de\/produkt\/krokodil","og_site_name":"Nh\u00e0 May M\u1eafn - Maison Chance","article_publisher":"https:\/\/www.facebook.com\/dnxh.nhamayman\/","article_modified_time":"2025-03-13T02:52:45+00:00","og_image":[{"width":600,"height":600,"url":"https:\/\/maison-chance.org\/shop\/wp-content\/uploads\/2024\/04\/thu-nhoi-bong-hinh-con-ca-sau-vai-tho-cam-1.jpg","type":"image\/jpeg"}],"twitter_card":"summary_large_image","twitter_misc":{"Preis":"&euro;3.04","Verf\u00fcgbarkeit":"Auf Lager"},"schema":{"@context":"https:\/\/schema.org","@graph":[{"@type":"WebPage","@id":"https:\/\/maison-chance.org\/shop\/de\/produkt\/krokodil","url":"https:\/\/maison-chance.org\/shop\/de\/produkt\/krokodil","name":"Krokodil - Stofftier aus Brokatstoff - Nh\u00e0 May M\u1eafn - Maison Chance","isPartOf":{"@id":"https:\/\/maison-chance.org\/shop\/de#website"},"primaryImageOfPage":{"@id":"https:\/\/maison-chance.org\/shop\/de\/produkt\/krokodil#primaryimage"},"image":{"@id":"https:\/\/maison-chance.org\/shop\/de\/produkt\/krokodil#primaryimage"},"thumbnailUrl":"https:\/\/maison-chance.org\/shop\/wp-content\/uploads\/2024\/04\/thu-nhoi-bong-hinh-con-ca-sau-vai-tho-cam-1.jpg","datePublished":"2024-10-01T00:01:30+00:00","dateModified":"2025-03-13T02:52:45+00:00","description":"Das ausgestopfte Krokodil aus Brokatstoff ist nicht nur ein einfaches Spielzeug, sondern auch ein einzigartiger und beeindruckender Dekorationsgegenstand. Mit seiner kompakten Gr\u00f6\u00dfe (6 x 16 cm) und vielf\u00e4ltigen Farben,","breadcrumb":{"@id":"https:\/\/maison-chance.org\/shop\/de\/produkt\/krokodil#breadcrumb"},"inLanguage":"de","potentialAction":[{"@type":"ReadAction","target":["https:\/\/maison-chance.org\/shop\/de\/produkt\/krokodil"]}]},{"@type":"ImageObject","inLanguage":"de","@id":"https:\/\/maison-chance.org\/shop\/de\/produkt\/krokodil#primaryimage","url":"https:\/\/maison-chance.org\/shop\/wp-content\/uploads\/2024\/04\/thu-nhoi-bong-hinh-con-ca-sau-vai-tho-cam-1.jpg","contentUrl":"https:\/\/maison-chance.org\/shop\/wp-content\/uploads\/2024\/04\/thu-nhoi-bong-hinh-con-ca-sau-vai-tho-cam-1.jpg","width":600,"height":600,"caption":"Ausgestopftes Krokodil aus Brokatstoff"},{"@type":"BreadcrumbList","@id":"https:\/\/maison-chance.org\/shop\/de\/produkt\/krokodil#breadcrumb","itemListElement":[{"@type":"ListItem","position":1,"name":"Trang ch\u1ee7","item":"https:\/\/maison-chance.org\/shop\/de"},{"@type":"ListItem","position":2,"name":"Shop","item":"https:\/\/maison-chance.org\/shop\/shop"},{"@type":"ListItem","position":3,"name":"Krokodil"}]},{"@type":"WebSite","@id":"https:\/\/maison-chance.org\/shop\/de#website","url":"https:\/\/maison-chance.org\/shop\/de","name":"Nh\u00e0 May M\u1eafn - Maison Chance","description":"M\u1ecdi l\u1ee3i nhu\u1eadn thu v\u1ec1 t\u1eeb vi\u1ec7c b\u00e1n h\u00e0ng s\u1ebd tr\u00edch m\u1ed9t ph\u1ea7n \u0111\u1ec3 ch\u0103m lo cho \u0111\u1eddi s\u1ed1ng c\u00e1c b\u1ea1n khuy\u1ebft t\u1eadt v\u00e0 tr\u1ebb m\u1ed3 c\u00f4i \u1edf \u0111\u00e2y","publisher":{"@id":"https:\/\/maison-chance.org\/shop\/de#organization"},"potentialAction":[{"@type":"SearchAction","target":{"@type":"EntryPoint","urlTemplate":"https:\/\/maison-chance.org\/shop\/de?s={search_term_string}"},"query-input":{"@type":"PropertyValueSpecification","valueRequired":true,"valueName":"search_term_string"}}],"inLanguage":"de"},{"@type":"Organization","@id":"https:\/\/maison-chance.org\/shop\/de#organization","name":"Nh\u00e0 May M\u1eafn - Maison Chance","url":"https:\/\/maison-chance.org\/shop\/de","logo":{"@type":"ImageObject","inLanguage":"de","@id":"https:\/\/maison-chance.org\/shop\/de#\/schema\/logo\/image\/","url":"https:\/\/maison-chance.org\/shop\/wp-content\/uploads\/2024\/03\/cropped-Logo_DNXH.png","contentUrl":"https:\/\/maison-chance.org\/shop\/wp-content\/uploads\/2024\/03\/cropped-Logo_DNXH.png","width":512,"height":512,"caption":"Nh\u00e0 May M\u1eafn - Maison Chance"},"image":{"@id":"https:\/\/maison-chance.org\/shop\/de#\/schema\/logo\/image\/"},"sameAs":["https:\/\/www.facebook.com\/dnxh.nhamayman\/"]}]},"product_price_amount":"3.04","product_price_currency":"EUR","og_availability":"instock","product_availability":"instock","product_condition":"new"},"_links":{"self":[{"href":"https:\/\/maison-chance.org\/shop\/de\/wp-json\/wp\/v2\/product\/40640","targetHints":{"allow":["GET"]}}],"collection":[{"href":"https:\/\/maison-chance.org\/shop\/de\/wp-json\/wp\/v2\/product"}],"about":[{"href":"https:\/\/maison-chance.org\/shop\/de\/wp-json\/wp\/v2\/types\/product"}],"wp:featuredmedia":[{"embeddable":true,"href":"https:\/\/maison-chance.org\/shop\/de\/wp-json\/wp\/v2\/media\/36900"}],"wp:attachment":[{"href":"https:\/\/maison-chance.org\/shop\/de\/wp-json\/wp\/v2\/media?parent=40640"}],"wp:term":[{"taxonomy":"product_brand","embeddable":true,"href":"https:\/\/maison-chance.org\/shop\/de\/wp-json\/wp\/v2\/product_brand?post=40640"},{"taxonomy":"product_cat","embeddable":true,"href":"https:\/\/maison-chance.org\/shop\/de\/wp-json\/wp\/v2\/product_cat?post=40640"},{"taxonomy":"product_tag","embeddable":true,"href":"https:\/\/maison-chance.org\/shop\/de\/wp-json\/wp\/v2\/product_tag?post=40640"}],"curies":[{"name":"wp","href":"https:\/\/api.w.org\/{rel}","templated":true}]}}