{"id":40644,"date":"2024-10-10T07:06:51","date_gmt":"2024-10-10T00:06:51","guid":{"rendered":"https:\/\/maison-chance.org\/shop\/san-pham\/hirsch"},"modified":"2025-03-13T09:57:50","modified_gmt":"2025-03-13T02:57:50","slug":"hirsch","status":"publish","type":"product","link":"https:\/\/maison-chance.org\/shop\/de\/produkt\/hirsch","title":{"rendered":"Hirsch"},"content":{"rendered":"<p style=\"text-align: justify\">Maison Chance &#8211; der Ort, der die Tr\u00e4ume und Talente von behinderten N\u00e4herinnen n\u00e4hrt, hat einzigartige handgefertigte Produkte geschaffen, die tief in der vietnamesischen Kultur verwurzelt sind. Jedes Produkt ist nicht nur das Ergebnis von Geschick und Sorgfalt, sondern auch ein Beweis f\u00fcr die au\u00dfergew\u00f6hnliche Resilienz und den Aufstiegsgedanken talentierter N\u00e4herinnen. Unter diesen Produkten ist das <a href=\"https:\/\/maison-chance.org\/shop\/san-pham\/thu-nhoi-bong-hinh-con-nai-vai-tho-cam\">Tapisserietier, das Krokodil<\/a> (TC26TB) besonders bemerkenswert, mit seiner rustikalen, vertrauten Sch\u00f6nheit, das verspricht, Ihrem Wohnraum einen frischen Wind zu verleihen.<\/p>\n<p style=\"text-align: justify\">Gefertigt aus traditionellem Tapisseriestoff, vermittelt das Tapisseriekrokodil ein Gef\u00fchl von W\u00e4rme und Vertrautheit und erinnert an die unverf\u00e4lschte, majest\u00e4tische Sch\u00f6nheit der Bergnatur im Nordwesten. Der Tapisseriestoff ist von Hand gewebt und mit feinen Mustern versehen, die einzigartige Designs schaffen mit lebendigen Farben, die \u00fcber die Zeit hinweg bestehen.<\/p>\n<p style=\"text-align: justify\">Mit einer kompakten Gr\u00f6\u00dfe (8 x 16 cm) passt das Tapisseriekrokodil leicht in verschiedene R\u00e4ume. Sie k\u00f6nnen es auf ein Regal, einen Schreibtisch oder in eine Lernecke stellen, um einen lebendigen Akzent zu setzen und Kreativit\u00e4t zu inspirieren. Alternativ k\u00f6nnen Sie das Krokodil auch als einzigartige Dekoration auf einem Tisch oder Regal verwenden, um den Raum gem\u00fctlicher und einladender zu gestalten.<\/p>\n<p style=\"text-align: justify\">Die harmonische Kombination lebendiger Farben wie Rot, Gr\u00fcn, Blau und Gelb auf dem Tapisseriestoff schafft eine auff\u00e4llige Gesamtkomposition, die alle Blicke auf sich zieht. Das <a href=\"https:\/\/maison-chance.org\/shop\/thu-nhoi-bong\">Tapisseriekrokodil<\/a> ist nicht nur ein dekoratives Objekt; das Bild des Krokodils in der Folklore symbolisiert auch Gl\u00fcck, Wohlstand und Reichtum. Ein Krokodil in Ihrem Zuhause zu besitzen, bringt Freude, Frieden und gute W\u00fcnsche f\u00fcr Ihre Familie und zeigt den feinen \u00e4sthetischen Geschmack des Eigent\u00fcmers.<\/p>\n<p style=\"text-align: justify\">Dar\u00fcber hinaus tragen Sie mit der Wahl des Tapisseriekrokodils von Maison Chance auch dazu bei, die Schaffung von Arbeitspl\u00e4tzen f\u00fcr Menschen mit Behinderungen zu unterst\u00fctzen und ihnen zu helfen, an Motivation zu gewinnen, um im Leben voranzukommen. Jedes Produkt, das hergestellt wird, steht f\u00fcr die Liebe, das Teilen und die optimistische Einstellung der N\u00e4herinnen.<\/p>\n<p style=\"text-align: justify\">Verpassen Sie nicht die Gelegenheit, dieses <a href=\"https:\/\/maison-chance.org\/shop\/phong-may\">niedliche Tapisseriekrokodil<\/a> zu besitzen. Kontaktieren Sie jetzt <a href=\"https:\/\/maison-chance.org\/shop\">Maison Chance<\/a>, um Ihre Bestellung aufzugeben und gemeinsam die Liebe zu verbreiten und zu teilen mit den Menschen mit Behinderungen. Jedes Produkt, das Sie kaufen, ist eine bedeutungsvolle Handlungsweise und tr\u00e4gt zur Schaffung einer mitf\u00fchlenden Gesellschaft und zur Verbreitung sch\u00f6ner Werte in der Gemeinschaft bei.<\/p>\n","protected":false},"excerpt":{"rendered":"<p style=\"text-align: justify;\">Produkte, die von benachteiligten behinderten Personen handgefertigt werden, bitten freundlich um die Unterst\u00fctzung unserer gesch\u00e4tzten Kunden.<\/p>\n<p>Material: Brokatstoff<\/p>\n<p>Code: TC26TB<\/p>\n<p>Hotline: <span style=\"font-size: 20px;\"><strong><span style=\"color: #ff0000;\">0909 06 25 28<\/span><\/strong><\/span><\/p>\n<p style=\"text-align: justify;\">Wenn Sie sich in Vietnam befinden, kontaktieren Sie uns bitte \u00fcber unsere Hotline oder die Maison Chance Business-Fanpage, um den Verkaufspreis in Vietnam zu erfahren.<\/p>\n","protected":false},"featured_media":36868,"template":"","meta":[],"product_brand":[],"product_cat":[244,232],"product_tag":[],"class_list":{"0":"post-40644","1":"product","2":"type-product","3":"status-publish","4":"has-post-thumbnail","6":"product_cat-ausgestopftes-tier-naeherei","7":"product_cat-naeherei","9":"first","10":"instock","11":"shipping-taxable","12":"purchasable","13":"product-type-simple"},"yoast_head":"<!-- This site is optimized with the Yoast SEO Premium plugin v22.7 (Yoast SEO v25.3.1) - https:\/\/yoast.com\/wordpress\/plugins\/seo\/ -->\n<title>Hirsch - Stofftier aus Brokatstoff - Nh\u00e0 May M\u1eafn - Maison Chance<\/title>\n<meta name=\"description\" content=\"Der TC26TB Brokathirsch wird von behinderten Schneidern bei Maison Chance handgefertigt. Das Produkt bringt rustikale Sch\u00f6nheit und eignet sich zur Dekoration von H\u00e4usern und B\u00fcros\" \/>\n<meta name=\"robots\" content=\"index, follow, max-snippet:-1, max-image-preview:large, max-video-preview:-1\" \/>\n<link rel=\"canonical\" href=\"https:\/\/maison-chance.org\/shop\/de\/produkt\/hirsch\" \/>\n<meta property=\"og:locale\" content=\"de_DE\" \/>\n<meta property=\"og:type\" content=\"article\" \/>\n<meta property=\"og:title\" content=\"Hirsch\" \/>\n<meta property=\"og:description\" content=\"Der TC26TB Brokathirsch wird von behinderten Schneidern bei Maison Chance handgefertigt. Das Produkt bringt rustikale Sch\u00f6nheit und eignet sich zur Dekoration von H\u00e4usern und B\u00fcros\" \/>\n<meta property=\"og:url\" content=\"https:\/\/maison-chance.org\/shop\/de\/produkt\/hirsch\" \/>\n<meta property=\"og:site_name\" content=\"Nh\u00e0 May M\u1eafn - Maison Chance\" \/>\n<meta property=\"article:publisher\" content=\"https:\/\/www.facebook.com\/dnxh.nhamayman\/\" \/>\n<meta property=\"article:modified_time\" content=\"2025-03-13T02:57:50+00:00\" \/>\n<meta property=\"og:image\" content=\"https:\/\/maison-chance.org\/shop\/wp-content\/uploads\/2024\/04\/thu-nhoi-bong-hinh-con-nai-vai-tho-cam-1.jpg\" \/>\n\t<meta property=\"og:image:width\" content=\"600\" \/>\n\t<meta property=\"og:image:height\" content=\"600\" \/>\n\t<meta property=\"og:image:type\" content=\"image\/jpeg\" \/>\n<meta name=\"twitter:card\" content=\"summary_large_image\" \/>\n<meta name=\"twitter:label1\" content=\"Preis\" \/>\n\t<meta name=\"twitter:data1\" content=\"&euro;3.04\" \/>\n\t<meta name=\"twitter:label2\" content=\"Verf\u00fcgbarkeit\" \/>\n\t<meta name=\"twitter:data2\" content=\"Auf Lager\" \/>\n<script type=\"application\/ld+json\" class=\"yoast-schema-graph\">{\"@context\":\"https:\/\/schema.org\",\"@graph\":[{\"@type\":\"WebPage\",\"@id\":\"https:\/\/maison-chance.org\/shop\/de\/produkt\/hirsch\",\"url\":\"https:\/\/maison-chance.org\/shop\/de\/produkt\/hirsch\",\"name\":\"Hirsch - Stofftier aus Brokatstoff - Nh\u00e0 May M\u1eafn - Maison Chance\",\"isPartOf\":{\"@id\":\"https:\/\/maison-chance.org\/shop\/de#website\"},\"primaryImageOfPage\":{\"@id\":\"https:\/\/maison-chance.org\/shop\/de\/produkt\/hirsch#primaryimage\"},\"image\":{\"@id\":\"https:\/\/maison-chance.org\/shop\/de\/produkt\/hirsch#primaryimage\"},\"thumbnailUrl\":\"https:\/\/maison-chance.org\/shop\/wp-content\/uploads\/2024\/04\/thu-nhoi-bong-hinh-con-nai-vai-tho-cam-1.jpg\",\"datePublished\":\"2024-10-10T00:06:51+00:00\",\"dateModified\":\"2025-03-13T02:57:50+00:00\",\"description\":\"Der TC26TB Brokathirsch wird von behinderten Schneidern bei Maison Chance handgefertigt. Das Produkt bringt rustikale Sch\u00f6nheit und eignet sich zur Dekoration von H\u00e4usern und B\u00fcros\",\"breadcrumb\":{\"@id\":\"https:\/\/maison-chance.org\/shop\/de\/produkt\/hirsch#breadcrumb\"},\"inLanguage\":\"de\",\"potentialAction\":[{\"@type\":\"ReadAction\",\"target\":[\"https:\/\/maison-chance.org\/shop\/de\/produkt\/hirsch\"]}]},{\"@type\":\"ImageObject\",\"inLanguage\":\"de\",\"@id\":\"https:\/\/maison-chance.org\/shop\/de\/produkt\/hirsch#primaryimage\",\"url\":\"https:\/\/maison-chance.org\/shop\/wp-content\/uploads\/2024\/04\/thu-nhoi-bong-hinh-con-nai-vai-tho-cam-1.jpg\",\"contentUrl\":\"https:\/\/maison-chance.org\/shop\/wp-content\/uploads\/2024\/04\/thu-nhoi-bong-hinh-con-nai-vai-tho-cam-1.jpg\",\"width\":600,\"height\":600,\"caption\":\"Ausgestopfter Hirsch aus Brokatstoff\"},{\"@type\":\"BreadcrumbList\",\"@id\":\"https:\/\/maison-chance.org\/shop\/de\/produkt\/hirsch#breadcrumb\",\"itemListElement\":[{\"@type\":\"ListItem\",\"position\":1,\"name\":\"Trang ch\u1ee7\",\"item\":\"https:\/\/maison-chance.org\/shop\/de\"},{\"@type\":\"ListItem\",\"position\":2,\"name\":\"Shop\",\"item\":\"https:\/\/maison-chance.org\/shop\/shop\"},{\"@type\":\"ListItem\",\"position\":3,\"name\":\"Hirsch\"}]},{\"@type\":\"WebSite\",\"@id\":\"https:\/\/maison-chance.org\/shop\/de#website\",\"url\":\"https:\/\/maison-chance.org\/shop\/de\",\"name\":\"Nh\u00e0 May M\u1eafn - Maison Chance\",\"description\":\"M\u1ecdi l\u1ee3i nhu\u1eadn thu v\u1ec1 t\u1eeb vi\u1ec7c b\u00e1n h\u00e0ng s\u1ebd tr\u00edch m\u1ed9t ph\u1ea7n \u0111\u1ec3 ch\u0103m lo cho \u0111\u1eddi s\u1ed1ng c\u00e1c b\u1ea1n khuy\u1ebft t\u1eadt v\u00e0 tr\u1ebb m\u1ed3 c\u00f4i \u1edf \u0111\u00e2y\",\"publisher\":{\"@id\":\"https:\/\/maison-chance.org\/shop\/de#organization\"},\"potentialAction\":[{\"@type\":\"SearchAction\",\"target\":{\"@type\":\"EntryPoint\",\"urlTemplate\":\"https:\/\/maison-chance.org\/shop\/de?s={search_term_string}\"},\"query-input\":{\"@type\":\"PropertyValueSpecification\",\"valueRequired\":true,\"valueName\":\"search_term_string\"}}],\"inLanguage\":\"de\"},{\"@type\":\"Organization\",\"@id\":\"https:\/\/maison-chance.org\/shop\/de#organization\",\"name\":\"Nh\u00e0 May M\u1eafn - Maison Chance\",\"url\":\"https:\/\/maison-chance.org\/shop\/de\",\"logo\":{\"@type\":\"ImageObject\",\"inLanguage\":\"de\",\"@id\":\"https:\/\/maison-chance.org\/shop\/de#\/schema\/logo\/image\/\",\"url\":\"https:\/\/maison-chance.org\/shop\/wp-content\/uploads\/2024\/03\/cropped-Logo_DNXH.png\",\"contentUrl\":\"https:\/\/maison-chance.org\/shop\/wp-content\/uploads\/2024\/03\/cropped-Logo_DNXH.png\",\"width\":512,\"height\":512,\"caption\":\"Nh\u00e0 May M\u1eafn - Maison Chance\"},\"image\":{\"@id\":\"https:\/\/maison-chance.org\/shop\/de#\/schema\/logo\/image\/\"},\"sameAs\":[\"https:\/\/www.facebook.com\/dnxh.nhamayman\/\"]}]}<\/script>\n<meta property=\"product:price:amount\" content=\"3.04\" \/>\n<meta property=\"product:price:currency\" content=\"EUR\" \/>\n<meta property=\"og:availability\" content=\"instock\" \/>\n<meta property=\"product:availability\" content=\"instock\" \/>\n<meta property=\"product:condition\" content=\"new\" \/>\n<!-- \/ Yoast SEO Premium plugin. -->","yoast_head_json":{"title":"Hirsch - Stofftier aus Brokatstoff - Nh\u00e0 May M\u1eafn - Maison Chance","description":"Der TC26TB Brokathirsch wird von behinderten Schneidern bei Maison Chance handgefertigt. Das Produkt bringt rustikale Sch\u00f6nheit und eignet sich zur Dekoration von H\u00e4usern und B\u00fcros","robots":{"index":"index","follow":"follow","max-snippet":"max-snippet:-1","max-image-preview":"max-image-preview:large","max-video-preview":"max-video-preview:-1"},"canonical":"https:\/\/maison-chance.org\/shop\/de\/produkt\/hirsch","og_locale":"de_DE","og_type":"article","og_title":"Hirsch","og_description":"Der TC26TB Brokathirsch wird von behinderten Schneidern bei Maison Chance handgefertigt. Das Produkt bringt rustikale Sch\u00f6nheit und eignet sich zur Dekoration von H\u00e4usern und B\u00fcros","og_url":"https:\/\/maison-chance.org\/shop\/de\/produkt\/hirsch","og_site_name":"Nh\u00e0 May M\u1eafn - Maison Chance","article_publisher":"https:\/\/www.facebook.com\/dnxh.nhamayman\/","article_modified_time":"2025-03-13T02:57:50+00:00","og_image":[{"width":600,"height":600,"url":"https:\/\/maison-chance.org\/shop\/wp-content\/uploads\/2024\/04\/thu-nhoi-bong-hinh-con-nai-vai-tho-cam-1.jpg","type":"image\/jpeg"}],"twitter_card":"summary_large_image","twitter_misc":{"Preis":"&euro;3.04","Verf\u00fcgbarkeit":"Auf Lager"},"schema":{"@context":"https:\/\/schema.org","@graph":[{"@type":"WebPage","@id":"https:\/\/maison-chance.org\/shop\/de\/produkt\/hirsch","url":"https:\/\/maison-chance.org\/shop\/de\/produkt\/hirsch","name":"Hirsch - Stofftier aus Brokatstoff - Nh\u00e0 May M\u1eafn - Maison Chance","isPartOf":{"@id":"https:\/\/maison-chance.org\/shop\/de#website"},"primaryImageOfPage":{"@id":"https:\/\/maison-chance.org\/shop\/de\/produkt\/hirsch#primaryimage"},"image":{"@id":"https:\/\/maison-chance.org\/shop\/de\/produkt\/hirsch#primaryimage"},"thumbnailUrl":"https:\/\/maison-chance.org\/shop\/wp-content\/uploads\/2024\/04\/thu-nhoi-bong-hinh-con-nai-vai-tho-cam-1.jpg","datePublished":"2024-10-10T00:06:51+00:00","dateModified":"2025-03-13T02:57:50+00:00","description":"Der TC26TB Brokathirsch wird von behinderten Schneidern bei Maison Chance handgefertigt. Das Produkt bringt rustikale Sch\u00f6nheit und eignet sich zur Dekoration von H\u00e4usern und B\u00fcros","breadcrumb":{"@id":"https:\/\/maison-chance.org\/shop\/de\/produkt\/hirsch#breadcrumb"},"inLanguage":"de","potentialAction":[{"@type":"ReadAction","target":["https:\/\/maison-chance.org\/shop\/de\/produkt\/hirsch"]}]},{"@type":"ImageObject","inLanguage":"de","@id":"https:\/\/maison-chance.org\/shop\/de\/produkt\/hirsch#primaryimage","url":"https:\/\/maison-chance.org\/shop\/wp-content\/uploads\/2024\/04\/thu-nhoi-bong-hinh-con-nai-vai-tho-cam-1.jpg","contentUrl":"https:\/\/maison-chance.org\/shop\/wp-content\/uploads\/2024\/04\/thu-nhoi-bong-hinh-con-nai-vai-tho-cam-1.jpg","width":600,"height":600,"caption":"Ausgestopfter Hirsch aus Brokatstoff"},{"@type":"BreadcrumbList","@id":"https:\/\/maison-chance.org\/shop\/de\/produkt\/hirsch#breadcrumb","itemListElement":[{"@type":"ListItem","position":1,"name":"Trang ch\u1ee7","item":"https:\/\/maison-chance.org\/shop\/de"},{"@type":"ListItem","position":2,"name":"Shop","item":"https:\/\/maison-chance.org\/shop\/shop"},{"@type":"ListItem","position":3,"name":"Hirsch"}]},{"@type":"WebSite","@id":"https:\/\/maison-chance.org\/shop\/de#website","url":"https:\/\/maison-chance.org\/shop\/de","name":"Nh\u00e0 May M\u1eafn - Maison Chance","description":"M\u1ecdi l\u1ee3i nhu\u1eadn thu v\u1ec1 t\u1eeb vi\u1ec7c b\u00e1n h\u00e0ng s\u1ebd tr\u00edch m\u1ed9t ph\u1ea7n \u0111\u1ec3 ch\u0103m lo cho \u0111\u1eddi s\u1ed1ng c\u00e1c b\u1ea1n khuy\u1ebft t\u1eadt v\u00e0 tr\u1ebb m\u1ed3 c\u00f4i \u1edf \u0111\u00e2y","publisher":{"@id":"https:\/\/maison-chance.org\/shop\/de#organization"},"potentialAction":[{"@type":"SearchAction","target":{"@type":"EntryPoint","urlTemplate":"https:\/\/maison-chance.org\/shop\/de?s={search_term_string}"},"query-input":{"@type":"PropertyValueSpecification","valueRequired":true,"valueName":"search_term_string"}}],"inLanguage":"de"},{"@type":"Organization","@id":"https:\/\/maison-chance.org\/shop\/de#organization","name":"Nh\u00e0 May M\u1eafn - Maison Chance","url":"https:\/\/maison-chance.org\/shop\/de","logo":{"@type":"ImageObject","inLanguage":"de","@id":"https:\/\/maison-chance.org\/shop\/de#\/schema\/logo\/image\/","url":"https:\/\/maison-chance.org\/shop\/wp-content\/uploads\/2024\/03\/cropped-Logo_DNXH.png","contentUrl":"https:\/\/maison-chance.org\/shop\/wp-content\/uploads\/2024\/03\/cropped-Logo_DNXH.png","width":512,"height":512,"caption":"Nh\u00e0 May M\u1eafn - Maison Chance"},"image":{"@id":"https:\/\/maison-chance.org\/shop\/de#\/schema\/logo\/image\/"},"sameAs":["https:\/\/www.facebook.com\/dnxh.nhamayman\/"]}]},"product_price_amount":"3.04","product_price_currency":"EUR","og_availability":"instock","product_availability":"instock","product_condition":"new"},"_links":{"self":[{"href":"https:\/\/maison-chance.org\/shop\/de\/wp-json\/wp\/v2\/product\/40644","targetHints":{"allow":["GET"]}}],"collection":[{"href":"https:\/\/maison-chance.org\/shop\/de\/wp-json\/wp\/v2\/product"}],"about":[{"href":"https:\/\/maison-chance.org\/shop\/de\/wp-json\/wp\/v2\/types\/product"}],"wp:featuredmedia":[{"embeddable":true,"href":"https:\/\/maison-chance.org\/shop\/de\/wp-json\/wp\/v2\/media\/36868"}],"wp:attachment":[{"href":"https:\/\/maison-chance.org\/shop\/de\/wp-json\/wp\/v2\/media?parent=40644"}],"wp:term":[{"taxonomy":"product_brand","embeddable":true,"href":"https:\/\/maison-chance.org\/shop\/de\/wp-json\/wp\/v2\/product_brand?post=40644"},{"taxonomy":"product_cat","embeddable":true,"href":"https:\/\/maison-chance.org\/shop\/de\/wp-json\/wp\/v2\/product_cat?post=40644"},{"taxonomy":"product_tag","embeddable":true,"href":"https:\/\/maison-chance.org\/shop\/de\/wp-json\/wp\/v2\/product_tag?post=40644"}],"curies":[{"name":"wp","href":"https:\/\/api.w.org\/{rel}","templated":true}]}}