{"id":40648,"date":"2024-10-10T07:07:35","date_gmt":"2024-10-10T00:07:35","guid":{"rendered":"https:\/\/maison-chance.org\/shop\/san-pham\/sea-games-bueffel"},"modified":"2024-10-01T07:05:35","modified_gmt":"2024-10-01T00:05:35","slug":"sea-games-bueffel","status":"publish","type":"product","link":"https:\/\/maison-chance.org\/shop\/de\/produkt\/sea-games-bueffel","title":{"rendered":"SEA GAMES B\u00fcffel"},"content":{"rendered":"<p style=\"text-align: justify;\">Der B\u00fcffel ist mit einer entz\u00fcckenden sitzenden Haltung gestaltet, seine beiden Vorderbeine sind wie zu einer freundlichen Begr\u00fc\u00dfung erhoben und vermitteln ein Gef\u00fchl von W\u00e4rme und N\u00e4he. Der Brokatstoff, ein charakteristisches Kulturerbe des vietnamesischen Volkes, wird von den Schneidern bei Maison Chance geschickt kombiniert und schafft ein lebendiges, mehrfarbiges Bild auf dem K\u00f6rper des B\u00fcffels.<\/p>\n<p style=\"text-align: justify;\">Die kompakte Gr\u00f6\u00dfe (13 x 18 cm) des SEA Games B\u00fcffels aus Brokatstoff macht ihn zu einem idealen Dekorationsgegenstand f\u00fcr jeden Wohnraum. Sie k\u00f6nnen den B\u00fcffel auf Ihren Schreibtisch, Ihr B\u00fccherregal, in Ihre Studienecke oder sogar in Ihr Auto stellen, um dem umgebenden Raum eine einzigartige Note zu verleihen und positive Energie zu bringen.<\/p>\n<p style=\"text-align: justify;\"><strong>Wohnzimmer<\/strong>: Der SEA Games B\u00fcffel auf dem Couchtisch, dem TV-St\u00e4nder oder neben dem Teeservice wird einen beeindruckenden Blickfang schaffen und eine gem\u00fctliche und gesellige Atmosph\u00e4re ins Wohnzimmer bringen.<\/p>\n<p style=\"text-align: justify;\"><strong>Schlafzimmer<\/strong>: Der s\u00fc\u00dfe kleine B\u00fcffel wird ein entz\u00fcckender Begleiter auf dem Schreibtisch, dem Nachttisch oder in der Leseecke sein und Ihnen helfen, sich zu entspannen und gut zu schlafen.<\/p>\n<p style=\"text-align: justify;\"><strong>B\u00fcro<\/strong>: Der SEA Games B\u00fcffel auf dem Arbeitstisch wird eine unendliche Quelle der Inspiration sein, Ihnen helfen, Stress und M\u00fcdigkeit zu vertreiben und gleichzeitig Reichtum und Gl\u00fcck in Ihrer Arbeit anziehen.<\/p>\n<p style=\"text-align: justify;\"><strong>Gesch\u00e4ftsr\u00e4ume<\/strong>: Die Verwendung des SEA Games B\u00fcffels zur Dekoration von Caf\u00e9s, Restaurants oder Gesch\u00e4ften wird einen einzigartigen Blickfang schaffen, Kunden anziehen und gleichzeitig einen raffinierten \u00e4sthetischen Geschmack und die Wertsch\u00e4tzung traditioneller Kultur zeigen.<\/p>\n<p style=\"text-align: justify;\"><strong>Sinnvolles Geschenk<\/strong>: Der SEA Games B\u00fcffel ist ein einzigartiges und bedeutungsvolles Geschenk f\u00fcr Freunde, Familie und Partner bei Anl\u00e4ssen wie Geburtstagen, Feiertagen und Jubil\u00e4en und dr\u00fcckt F\u00fcrsorge und beste W\u00fcnsche aus.<\/p>\n<p style=\"text-align: justify;\">Jeder geborene SEA Games B\u00fcffel ist nicht nur ein einfaches Handwerksprodukt, sondern auch eine Verk\u00f6rperung von Liebe, Leidenschaft und au\u00dfergew\u00f6hnlicher Entschlossenheit der behinderten Schneider bei Maison Chance. Jeder Stich enth\u00e4lt Hingabe, Sorgfalt und Geschick und verleiht dem Produkt einen unsch\u00e4tzbaren geistigen Wert.<\/p>\n<p style=\"text-align: justify;\">Wenn Sie einen SEA Games B\u00fcffel besitzen, besitzen Sie nicht nur einen einzigartigen Dekorationsgegenstand, sondern tragen auch dazu bei, Menschen mit Behinderungen zu unterst\u00fctzen und zu ermutigen, im Leben aufzusteigen, ihren Selbstwert zu best\u00e4tigen und sich in die Gemeinschaft zu integrieren.<\/p>\n<p style=\"text-align: justify;\">Lassen Sie uns gemeinsam Liebe verbreiten und Menschen mit Behinderungen Chancen geben, indem wir Produkte von <a href=\"https:\/\/maison-chance.org\/shop\">Maison Chance<\/a> unterst\u00fctzen!<\/p>\n","protected":false},"excerpt":{"rendered":"<p style=\"text-align: justify;\">Der B\u00fcffel ist mit einer entz\u00fcckenden sitzenden Haltung gestaltet, seine beiden Vorderbeine sind wie zu einer freundlichen Begr\u00fc\u00dfung erhoben und vermitteln ein Gef\u00fchl von W\u00e4rme und N\u00e4he. Der Brokatstoff, ein charakteristisches Kulturerbe des vietnamesischen Volkes, wird von den Schneidern bei Maison Chance geschickt kombiniert und schafft ein lebendiges, mehrfarbiges Bild auf dem K\u00f6rper des B\u00fcffels.<\/p>\n<p style=\"text-align: justify;\">Die kompakte Gr\u00f6\u00dfe (13 x 18 cm) des <a href=\"https:\/\/maison-chance.org\/shop\/san-pham\/thu-nhoi-bong-hinh-chu-trau-ngoi\">SEA Games B\u00fcffels aus Brokatstoff<\/a> macht ihn zu einem idealen Dekorationsgegenstand f\u00fcr jeden Wohnraum. Sie k\u00f6nnen den B\u00fcffel auf Ihren Schreibtisch, Ihr B\u00fccherregal, in Ihre Studienecke oder sogar in Ihr Auto stellen, um dem umgebenden Raum eine einzigartige Note zu verleihen und positive Energie zu bringen.<\/p>\n<p style=\"text-align: justify;\"><strong>Wohnzimmer<\/strong>: Der SEA Games B\u00fcffel auf dem Couchtisch, dem TV-St\u00e4nder oder neben dem Teeservice wird einen beeindruckenden Blickfang schaffen und eine gem\u00fctliche und gesellige Atmosph\u00e4re ins Wohnzimmer bringen.<\/p>\n<p style=\"text-align: justify;\"><strong>Schlafzimmer<\/strong>: Der s\u00fc\u00dfe kleine B\u00fcffel wird ein entz\u00fcckender Begleiter auf dem Schreibtisch, dem Nachttisch oder in der Leseecke sein und Ihnen helfen, sich zu entspannen und gut zu schlafen.<\/p>\n<p style=\"text-align: justify;\"><strong>B\u00fcro<\/strong>: Der <a href=\"https:\/\/maison-chance.org\/shop\/thu-nhoi-bong\">SEA Games B\u00fcffel<\/a> auf dem Arbeitstisch wird eine unendliche Quelle der Inspiration sein, Ihnen helfen, Stress und M\u00fcdigkeit zu vertreiben und gleichzeitig Reichtum und Gl\u00fcck in Ihrer Arbeit anziehen.<\/p>\n<p style=\"text-align: justify;\"><strong>Gesch\u00e4ftsr\u00e4ume<\/strong>: Die Verwendung des SEA Games B\u00fcffels zur Dekoration von Caf\u00e9s, Restaurants oder Gesch\u00e4ften wird einen einzigartigen Blickfang schaffen, Kunden anziehen und gleichzeitig einen raffinierten \u00e4sthetischen Geschmack und die Wertsch\u00e4tzung traditioneller Kultur zeigen.<\/p>\n<p style=\"text-align: justify;\"><strong>Sinnvolles Geschenk<\/strong>: Der SEA Games B\u00fcffel ist ein einzigartiges und bedeutungsvolles Geschenk f\u00fcr Freunde, Familie und Partner bei Anl\u00e4ssen wie Geburtstagen, Feiertagen und Jubil\u00e4en und dr\u00fcckt F\u00fcrsorge und beste W\u00fcnsche aus.<\/p>\n<p style=\"text-align: justify;\">Jeder geborene <a href=\"https:\/\/maison-chance.org\/shop\/phong-may\">SEA Games B\u00fcffel<\/a> ist nicht nur ein einfaches Handwerksprodukt, sondern auch eine Verk\u00f6rperung von Liebe, Leidenschaft und au\u00dfergew\u00f6hnlicher Entschlossenheit der behinderten Schneider bei Maison Chance. Jeder Stich enth\u00e4lt Hingabe, Sorgfalt und Geschick und verleiht dem Produkt einen unsch\u00e4tzbaren geistigen Wert.<\/p>\n<p style=\"text-align: justify;\">Wenn Sie einen SEA Games B\u00fcffel besitzen, besitzen Sie nicht nur einen einzigartigen Dekorationsgegenstand, sondern tragen auch dazu bei, Menschen mit Behinderungen zu unterst\u00fctzen und zu ermutigen, im Leben aufzusteigen, ihren Selbstwert zu best\u00e4tigen und sich in die Gemeinschaft zu integrieren.<\/p>\n<p style=\"text-align: justify;\">Lassen Sie uns gemeinsam Liebe verbreiten und Menschen mit Behinderungen Chancen geben, indem wir Produkte von <a href=\"https:\/\/maison-chance.org\/shop\">Maison Chance<\/a> unterst\u00fctzen!<\/p>\n","protected":false},"featured_media":36966,"template":"","meta":[],"product_brand":[],"product_cat":[244,232],"product_tag":[],"class_list":{"0":"post-40648","1":"product","2":"type-product","3":"status-publish","4":"has-post-thumbnail","6":"product_cat-ausgestopftes-tier-naeherei","7":"product_cat-naeherei","9":"first","10":"instock","11":"shipping-taxable","12":"purchasable","13":"product-type-simple"},"yoast_head":"<!-- This site is optimized with the Yoast SEO Premium plugin v22.7 (Yoast SEO v25.3.1) - https:\/\/yoast.com\/wordpress\/plugins\/seo\/ -->\n<title>SEA GAMES B\u00fcffel - Brokatstoff Pl\u00fcschtier - Nh\u00e0 May M\u1eafn - Maison Chance<\/title>\n<meta name=\"description\" content=\"Der B\u00fcffel ist mit einer entz\u00fcckenden sitzenden Haltung gestaltet, seine beiden Vorderbeine sind wie zu einer freundlichen Begr\u00fc\u00dfung erhoben und vermitteln ein Gef\u00fchl von W\u00e4rme und N\u00e4he. Der Brokatstoff, ein charakteristisches Kulturerbe des vietnamesischen Volkes\" \/>\n<meta name=\"robots\" content=\"index, follow, max-snippet:-1, max-image-preview:large, max-video-preview:-1\" \/>\n<link rel=\"canonical\" href=\"https:\/\/maison-chance.org\/shop\/de\/produkt\/sea-games-bueffel\" \/>\n<meta property=\"og:locale\" content=\"de_DE\" \/>\n<meta property=\"og:type\" content=\"article\" \/>\n<meta property=\"og:title\" content=\"SEA GAMES B\u00fcffel\" \/>\n<meta property=\"og:description\" content=\"Der B\u00fcffel ist mit einer entz\u00fcckenden sitzenden Haltung gestaltet, seine beiden Vorderbeine sind wie zu einer freundlichen Begr\u00fc\u00dfung erhoben und vermitteln ein Gef\u00fchl von W\u00e4rme und N\u00e4he. Der Brokatstoff, ein charakteristisches Kulturerbe des vietnamesischen Volkes\" \/>\n<meta property=\"og:url\" content=\"https:\/\/maison-chance.org\/shop\/de\/produkt\/sea-games-bueffel\" \/>\n<meta property=\"og:site_name\" content=\"Nh\u00e0 May M\u1eafn - Maison Chance\" \/>\n<meta property=\"article:publisher\" content=\"https:\/\/www.facebook.com\/dnxh.nhamayman\/\" \/>\n<meta property=\"og:image\" content=\"https:\/\/maison-chance.org\/shop\/wp-content\/uploads\/2024\/04\/thu-nhoi-bong-hinh-chu-trau-bill-2-1.jpg\" \/>\n\t<meta property=\"og:image:width\" content=\"600\" \/>\n\t<meta property=\"og:image:height\" content=\"600\" \/>\n\t<meta property=\"og:image:type\" content=\"image\/jpeg\" \/>\n<meta name=\"twitter:card\" content=\"summary_large_image\" \/>\n<meta name=\"twitter:label1\" content=\"Preis\" \/>\n\t<meta name=\"twitter:data1\" content=\"&euro;3.96\" \/>\n\t<meta name=\"twitter:label2\" content=\"Verf\u00fcgbarkeit\" \/>\n\t<meta name=\"twitter:data2\" content=\"Auf Lager\" \/>\n<script type=\"application\/ld+json\" class=\"yoast-schema-graph\">{\"@context\":\"https:\/\/schema.org\",\"@graph\":[{\"@type\":\"WebPage\",\"@id\":\"https:\/\/maison-chance.org\/shop\/de\/produkt\/sea-games-bueffel\",\"url\":\"https:\/\/maison-chance.org\/shop\/de\/produkt\/sea-games-bueffel\",\"name\":\"SEA GAMES B\u00fcffel - Brokatstoff Pl\u00fcschtier - Nh\u00e0 May M\u1eafn - Maison Chance\",\"isPartOf\":{\"@id\":\"https:\/\/maison-chance.org\/shop\/de#website\"},\"primaryImageOfPage\":{\"@id\":\"https:\/\/maison-chance.org\/shop\/de\/produkt\/sea-games-bueffel#primaryimage\"},\"image\":{\"@id\":\"https:\/\/maison-chance.org\/shop\/de\/produkt\/sea-games-bueffel#primaryimage\"},\"thumbnailUrl\":\"https:\/\/maison-chance.org\/shop\/wp-content\/uploads\/2024\/04\/thu-nhoi-bong-hinh-chu-trau-bill-2-1.jpg\",\"datePublished\":\"2024-10-10T00:07:35+00:00\",\"description\":\"Der B\u00fcffel ist mit einer entz\u00fcckenden sitzenden Haltung gestaltet, seine beiden Vorderbeine sind wie zu einer freundlichen Begr\u00fc\u00dfung erhoben und vermitteln ein Gef\u00fchl von W\u00e4rme und N\u00e4he. Der Brokatstoff, ein charakteristisches Kulturerbe des vietnamesischen Volkes\",\"breadcrumb\":{\"@id\":\"https:\/\/maison-chance.org\/shop\/de\/produkt\/sea-games-bueffel#breadcrumb\"},\"inLanguage\":\"de\",\"potentialAction\":[{\"@type\":\"ReadAction\",\"target\":[\"https:\/\/maison-chance.org\/shop\/de\/produkt\/sea-games-bueffel\"]}]},{\"@type\":\"ImageObject\",\"inLanguage\":\"de\",\"@id\":\"https:\/\/maison-chance.org\/shop\/de\/produkt\/sea-games-bueffel#primaryimage\",\"url\":\"https:\/\/maison-chance.org\/shop\/wp-content\/uploads\/2024\/04\/thu-nhoi-bong-hinh-chu-trau-bill-2-1.jpg\",\"contentUrl\":\"https:\/\/maison-chance.org\/shop\/wp-content\/uploads\/2024\/04\/thu-nhoi-bong-hinh-chu-trau-bill-2-1.jpg\",\"width\":600,\"height\":600,\"caption\":\"Sitzender B\u00fcffel Pl\u00fcschtier\"},{\"@type\":\"BreadcrumbList\",\"@id\":\"https:\/\/maison-chance.org\/shop\/de\/produkt\/sea-games-bueffel#breadcrumb\",\"itemListElement\":[{\"@type\":\"ListItem\",\"position\":1,\"name\":\"Trang ch\u1ee7\",\"item\":\"https:\/\/maison-chance.org\/shop\/de\"},{\"@type\":\"ListItem\",\"position\":2,\"name\":\"Shop\",\"item\":\"https:\/\/maison-chance.org\/shop\/shop\"},{\"@type\":\"ListItem\",\"position\":3,\"name\":\"SEA GAMES B\u00fcffel\"}]},{\"@type\":\"WebSite\",\"@id\":\"https:\/\/maison-chance.org\/shop\/de#website\",\"url\":\"https:\/\/maison-chance.org\/shop\/de\",\"name\":\"Nh\u00e0 May M\u1eafn - Maison Chance\",\"description\":\"M\u1ecdi l\u1ee3i nhu\u1eadn thu v\u1ec1 t\u1eeb vi\u1ec7c b\u00e1n h\u00e0ng s\u1ebd tr\u00edch m\u1ed9t ph\u1ea7n \u0111\u1ec3 ch\u0103m lo cho \u0111\u1eddi s\u1ed1ng c\u00e1c b\u1ea1n khuy\u1ebft t\u1eadt v\u00e0 tr\u1ebb m\u1ed3 c\u00f4i \u1edf \u0111\u00e2y\",\"publisher\":{\"@id\":\"https:\/\/maison-chance.org\/shop\/de#organization\"},\"potentialAction\":[{\"@type\":\"SearchAction\",\"target\":{\"@type\":\"EntryPoint\",\"urlTemplate\":\"https:\/\/maison-chance.org\/shop\/de?s={search_term_string}\"},\"query-input\":{\"@type\":\"PropertyValueSpecification\",\"valueRequired\":true,\"valueName\":\"search_term_string\"}}],\"inLanguage\":\"de\"},{\"@type\":\"Organization\",\"@id\":\"https:\/\/maison-chance.org\/shop\/de#organization\",\"name\":\"Nh\u00e0 May M\u1eafn - Maison Chance\",\"url\":\"https:\/\/maison-chance.org\/shop\/de\",\"logo\":{\"@type\":\"ImageObject\",\"inLanguage\":\"de\",\"@id\":\"https:\/\/maison-chance.org\/shop\/de#\/schema\/logo\/image\/\",\"url\":\"https:\/\/maison-chance.org\/shop\/wp-content\/uploads\/2024\/03\/cropped-Logo_DNXH.png\",\"contentUrl\":\"https:\/\/maison-chance.org\/shop\/wp-content\/uploads\/2024\/03\/cropped-Logo_DNXH.png\",\"width\":512,\"height\":512,\"caption\":\"Nh\u00e0 May M\u1eafn - Maison Chance\"},\"image\":{\"@id\":\"https:\/\/maison-chance.org\/shop\/de#\/schema\/logo\/image\/\"},\"sameAs\":[\"https:\/\/www.facebook.com\/dnxh.nhamayman\/\"]}]}<\/script>\n<meta property=\"product:price:amount\" content=\"3.96\" \/>\n<meta property=\"product:price:currency\" content=\"EUR\" \/>\n<meta property=\"og:availability\" content=\"instock\" \/>\n<meta property=\"product:availability\" content=\"instock\" \/>\n<meta property=\"product:condition\" content=\"new\" \/>\n<!-- \/ Yoast SEO Premium plugin. -->","yoast_head_json":{"title":"SEA GAMES B\u00fcffel - Brokatstoff Pl\u00fcschtier - Nh\u00e0 May M\u1eafn - Maison Chance","description":"Der B\u00fcffel ist mit einer entz\u00fcckenden sitzenden Haltung gestaltet, seine beiden Vorderbeine sind wie zu einer freundlichen Begr\u00fc\u00dfung erhoben und vermitteln ein Gef\u00fchl von W\u00e4rme und N\u00e4he. Der Brokatstoff, ein charakteristisches Kulturerbe des vietnamesischen Volkes","robots":{"index":"index","follow":"follow","max-snippet":"max-snippet:-1","max-image-preview":"max-image-preview:large","max-video-preview":"max-video-preview:-1"},"canonical":"https:\/\/maison-chance.org\/shop\/de\/produkt\/sea-games-bueffel","og_locale":"de_DE","og_type":"article","og_title":"SEA GAMES B\u00fcffel","og_description":"Der B\u00fcffel ist mit einer entz\u00fcckenden sitzenden Haltung gestaltet, seine beiden Vorderbeine sind wie zu einer freundlichen Begr\u00fc\u00dfung erhoben und vermitteln ein Gef\u00fchl von W\u00e4rme und N\u00e4he. Der Brokatstoff, ein charakteristisches Kulturerbe des vietnamesischen Volkes","og_url":"https:\/\/maison-chance.org\/shop\/de\/produkt\/sea-games-bueffel","og_site_name":"Nh\u00e0 May M\u1eafn - Maison Chance","article_publisher":"https:\/\/www.facebook.com\/dnxh.nhamayman\/","og_image":[{"width":600,"height":600,"url":"https:\/\/maison-chance.org\/shop\/wp-content\/uploads\/2024\/04\/thu-nhoi-bong-hinh-chu-trau-bill-2-1.jpg","type":"image\/jpeg"}],"twitter_card":"summary_large_image","twitter_misc":{"Preis":"&euro;3.96","Verf\u00fcgbarkeit":"Auf Lager"},"schema":{"@context":"https:\/\/schema.org","@graph":[{"@type":"WebPage","@id":"https:\/\/maison-chance.org\/shop\/de\/produkt\/sea-games-bueffel","url":"https:\/\/maison-chance.org\/shop\/de\/produkt\/sea-games-bueffel","name":"SEA GAMES B\u00fcffel - Brokatstoff Pl\u00fcschtier - Nh\u00e0 May M\u1eafn - Maison Chance","isPartOf":{"@id":"https:\/\/maison-chance.org\/shop\/de#website"},"primaryImageOfPage":{"@id":"https:\/\/maison-chance.org\/shop\/de\/produkt\/sea-games-bueffel#primaryimage"},"image":{"@id":"https:\/\/maison-chance.org\/shop\/de\/produkt\/sea-games-bueffel#primaryimage"},"thumbnailUrl":"https:\/\/maison-chance.org\/shop\/wp-content\/uploads\/2024\/04\/thu-nhoi-bong-hinh-chu-trau-bill-2-1.jpg","datePublished":"2024-10-10T00:07:35+00:00","description":"Der B\u00fcffel ist mit einer entz\u00fcckenden sitzenden Haltung gestaltet, seine beiden Vorderbeine sind wie zu einer freundlichen Begr\u00fc\u00dfung erhoben und vermitteln ein Gef\u00fchl von W\u00e4rme und N\u00e4he. Der Brokatstoff, ein charakteristisches Kulturerbe des vietnamesischen Volkes","breadcrumb":{"@id":"https:\/\/maison-chance.org\/shop\/de\/produkt\/sea-games-bueffel#breadcrumb"},"inLanguage":"de","potentialAction":[{"@type":"ReadAction","target":["https:\/\/maison-chance.org\/shop\/de\/produkt\/sea-games-bueffel"]}]},{"@type":"ImageObject","inLanguage":"de","@id":"https:\/\/maison-chance.org\/shop\/de\/produkt\/sea-games-bueffel#primaryimage","url":"https:\/\/maison-chance.org\/shop\/wp-content\/uploads\/2024\/04\/thu-nhoi-bong-hinh-chu-trau-bill-2-1.jpg","contentUrl":"https:\/\/maison-chance.org\/shop\/wp-content\/uploads\/2024\/04\/thu-nhoi-bong-hinh-chu-trau-bill-2-1.jpg","width":600,"height":600,"caption":"Sitzender B\u00fcffel Pl\u00fcschtier"},{"@type":"BreadcrumbList","@id":"https:\/\/maison-chance.org\/shop\/de\/produkt\/sea-games-bueffel#breadcrumb","itemListElement":[{"@type":"ListItem","position":1,"name":"Trang ch\u1ee7","item":"https:\/\/maison-chance.org\/shop\/de"},{"@type":"ListItem","position":2,"name":"Shop","item":"https:\/\/maison-chance.org\/shop\/shop"},{"@type":"ListItem","position":3,"name":"SEA GAMES B\u00fcffel"}]},{"@type":"WebSite","@id":"https:\/\/maison-chance.org\/shop\/de#website","url":"https:\/\/maison-chance.org\/shop\/de","name":"Nh\u00e0 May M\u1eafn - Maison Chance","description":"M\u1ecdi l\u1ee3i nhu\u1eadn thu v\u1ec1 t\u1eeb vi\u1ec7c b\u00e1n h\u00e0ng s\u1ebd tr\u00edch m\u1ed9t ph\u1ea7n \u0111\u1ec3 ch\u0103m lo cho \u0111\u1eddi s\u1ed1ng c\u00e1c b\u1ea1n khuy\u1ebft t\u1eadt v\u00e0 tr\u1ebb m\u1ed3 c\u00f4i \u1edf \u0111\u00e2y","publisher":{"@id":"https:\/\/maison-chance.org\/shop\/de#organization"},"potentialAction":[{"@type":"SearchAction","target":{"@type":"EntryPoint","urlTemplate":"https:\/\/maison-chance.org\/shop\/de?s={search_term_string}"},"query-input":{"@type":"PropertyValueSpecification","valueRequired":true,"valueName":"search_term_string"}}],"inLanguage":"de"},{"@type":"Organization","@id":"https:\/\/maison-chance.org\/shop\/de#organization","name":"Nh\u00e0 May M\u1eafn - Maison Chance","url":"https:\/\/maison-chance.org\/shop\/de","logo":{"@type":"ImageObject","inLanguage":"de","@id":"https:\/\/maison-chance.org\/shop\/de#\/schema\/logo\/image\/","url":"https:\/\/maison-chance.org\/shop\/wp-content\/uploads\/2024\/03\/cropped-Logo_DNXH.png","contentUrl":"https:\/\/maison-chance.org\/shop\/wp-content\/uploads\/2024\/03\/cropped-Logo_DNXH.png","width":512,"height":512,"caption":"Nh\u00e0 May M\u1eafn - Maison Chance"},"image":{"@id":"https:\/\/maison-chance.org\/shop\/de#\/schema\/logo\/image\/"},"sameAs":["https:\/\/www.facebook.com\/dnxh.nhamayman\/"]}]},"product_price_amount":"3.96","product_price_currency":"EUR","og_availability":"instock","product_availability":"instock","product_condition":"new"},"_links":{"self":[{"href":"https:\/\/maison-chance.org\/shop\/de\/wp-json\/wp\/v2\/product\/40648","targetHints":{"allow":["GET"]}}],"collection":[{"href":"https:\/\/maison-chance.org\/shop\/de\/wp-json\/wp\/v2\/product"}],"about":[{"href":"https:\/\/maison-chance.org\/shop\/de\/wp-json\/wp\/v2\/types\/product"}],"wp:featuredmedia":[{"embeddable":true,"href":"https:\/\/maison-chance.org\/shop\/de\/wp-json\/wp\/v2\/media\/36966"}],"wp:attachment":[{"href":"https:\/\/maison-chance.org\/shop\/de\/wp-json\/wp\/v2\/media?parent=40648"}],"wp:term":[{"taxonomy":"product_brand","embeddable":true,"href":"https:\/\/maison-chance.org\/shop\/de\/wp-json\/wp\/v2\/product_brand?post=40648"},{"taxonomy":"product_cat","embeddable":true,"href":"https:\/\/maison-chance.org\/shop\/de\/wp-json\/wp\/v2\/product_cat?post=40648"},{"taxonomy":"product_tag","embeddable":true,"href":"https:\/\/maison-chance.org\/shop\/de\/wp-json\/wp\/v2\/product_tag?post=40648"}],"curies":[{"name":"wp","href":"https:\/\/api.w.org\/{rel}","templated":true}]}}