{"id":40678,"date":"2024-10-16T07:02:07","date_gmt":"2024-10-16T00:02:07","guid":{"rendered":"https:\/\/maison-chance.org\/shop\/san-pham\/oktopus"},"modified":"2025-03-13T10:14:21","modified_gmt":"2025-03-13T03:14:21","slug":"oktopus","status":"publish","type":"product","link":"https:\/\/maison-chance.org\/shop\/de\/produkt\/oktopus","title":{"rendered":"Oktopus"},"content":{"rendered":"<p style=\"text-align: justify;\">Maison Chance ist ein Ort, an dem behinderten N\u00e4herinnen mit viel Entschlossenheit zusammenkommen. Sie stecken ihr ganzes Herz in jeden Stich, um exquisite und bedeutungsvolle handgefertigte Produkte zu schaffen. Eines der herausragenden Produkte ist die Tapisserie-Oktopus \u2013 nicht nur verzaubernd durch ihre rustikale Sch\u00f6nheit, sondern auch getragen von der Geschichte der Ausdauer und des au\u00dfergew\u00f6hnlichen Durchhalteverm\u00f6gens der Menschen, die sie hergestellt haben. Hergestellt aus Tapisseriestoff, der stark mit der nationalen Identit\u00e4t verbunden ist, ist das Produkt nicht nur ein perfektes Dekorationsgeschenk, sondern auch ein Zeugnis f\u00fcr die Kreativit\u00e4t und das handwerkliche Geschick der N\u00e4herinnen hier.<\/p>\n<p style=\"text-align: justify;\">Nicht nur ein gew\u00f6hnliches handgefertigtes Produkt, die Tapisserie-Oktopus ist auch ein einzigartiges Dekorationsaccessoire, das frischen Wind in Ihren Wohnraum bringt. Der Tapisseriestoff mit charakteristischen Mustern schafft Unterschiede und bietet eine rustikale, aber elegante \u00c4sthetik. Wo sollte dieses Produkt also platziert werden, um seinen \u00e4sthetischen Wert zu maximieren?<\/p>\n<p style=\"text-align: justify;\"><strong>Wohnzimmer:<\/strong> Dies ist der Ort, an dem wir oft Freunde und Familie empfangen, weshalb das Wohnzimmer W\u00e4rme und Freundlichkeit ausstrahlen muss. Die Platzierung der Tapisserie-Oktopus auf einem Couchtisch oder einem Fernsehtisch schafft nicht nur einen markanten Akzent, sondern hinterl\u00e4sst auch einen bleibenden Eindruck bei Ihren G\u00e4sten von Ihrem \u00e4sthetischen Geschmack.<\/p>\n<p style=\"text-align: justify;\"><strong>Schlafzimmer:<\/strong> Mit ihrer s\u00fc\u00dfen Form und dem weichen Material k\u00f6nnen Sie die Oktopus auf Ihrem Bett oder Ihrer Kommode platzieren, um eine sanfte und entspannende Atmosph\u00e4re zu schaffen. Jedes Mal, wenn Sie sie sehen, werden Sie W\u00e4rme und Trost sp\u00fcren.<\/p>\n<p style=\"text-align: justify;\"><strong>Kindersitz:<\/strong> Kleine Kinder werden von einer witzigen, sicheren und weichen Oktopus begeistert sein. Das ist das ideale Geschenk, um ein Begleiter in ihren Schlaf- oder Spielzeiten zu sein. Dar\u00fcber hinaus wird das Produkt die kreative Denkweise der Kinder f\u00f6rdern, da sie sich interessante Geschichten um dieses Spielzeug ausdenken k\u00f6nnen.<\/p>\n<p style=\"text-align: justify;\"><strong>B\u00fcro:<\/strong> Wenn Sie kreativ sind, stellen Sie die Tapisserie-Oktopus auf Ihren Schreibtisch. Mit der Kombination aus zarten Farben und der niedlichen Form wird sie jeden Tag zur Inspirationsquelle, die Ihnen hilft, sich wohlf\u00fchlen und entspannt arbeiten zu k\u00f6nnen.<\/p>\n<p style=\"text-align: justify;\">Die Pl\u00fcsch-Oktopus ist in drei verschiedenen Gr\u00f6\u00dfen erh\u00e4ltlich:<\/p>\n<ul data-start=\"1850\" data-end=\"1930\">\n<li data-start=\"1850\" data-end=\"1876\"><strong data-start=\"1852\" data-end=\"1864\">Klein:<\/strong> 6 x 12 cm<\/li>\n<li data-start=\"1877\" data-end=\"1906\"><strong data-start=\"1879\" data-end=\"1894\">Mittel:<\/strong> 8 x 16 cm<\/li>\n<li data-start=\"1907\" data-end=\"1930\"><strong data-start=\"1909\" data-end=\"1917\">Gro\u00df:<\/strong> 14 x 28 cm<\/li>\n<\/ul>\n<p data-start=\"1932\" data-end=\"2041\">Ob in einem gro\u00dfen Wohnzimmer oder in einem kleinen Arbeitsbereich, Sie k\u00f6nnen die passende Gr\u00f6\u00dfe f\u00fcr sich ausw\u00e4hlen.<\/p>\n<p style=\"text-align: justify;\">Der Kauf von handgefertigten Produkten bei Maison Chance bedeutet nicht nur, dass Sie ein wundersch\u00f6nes Dekorationsobjekt besitzen, sondern auch, dass Sie die behinderten N\u00e4herinnen unterst\u00fctzen und ihnen die M\u00f6glichkeit geben, im Leben voranzukommen. Die Tapisserie-Oktopus ist ein Beweis f\u00fcr die Ausdauer und den starken Geist derjenigen, die trotz Schwierigkeiten nie die Hoffnung aufgeben. Mit jedem verkauften Produkt bringen Sie nicht nur Freude f\u00fcr sich selbst, sondern helfen auch den N\u00e4herinnen, Motivation und ein zus\u00e4tzliches Einkommen zu gewinnen, um ihr Leben zu verbessern.<\/p>\n<p style=\"text-align: justify;\">Z\u00f6gern Sie nicht l\u00e4nger, besuchen Sie <a href=\"https:\/\/maison-chance.org\/shop\">Maison Chance<\/a>, um sich eine oder mehrere dieser adorablen Oktopusse auszusuchen! Jedes Produkt, das Sie kaufen, ist nicht nur ein sch\u00f6nes Objekt, sondern auch eine humanit\u00e4re Handlung, die zur Unterst\u00fctzung der Lebensqualit\u00e4t der behinderten N\u00e4herinnen beitr\u00e4gt. Lassen Sie uns gemeinsam Liebe und Teilhabe verbreiten!<\/p>\n","protected":false},"excerpt":{"rendered":"<p style=\"text-align: justify;\">Handgefertigte Produkte von benachteiligten behinderten Freunden bitten freundlich um die Unterst\u00fctzung unserer gesch\u00e4tzten Kunden.<\/p>\n<p>Material: Brokatstoff<\/p>\n<p>Code: TC23TB<\/p>\n<p>Hotline: <span style=\"font-size: 20px;\"><strong><span style=\"color: #ff0000;\">0909 06 25 28<\/span><\/strong><\/span><\/p>\n<p style=\"text-align: justify;\">Wenn Sie sich in Vietnam befinden, kontaktieren Sie uns bitte \u00fcber die Hotline oder die Maison Chance Business-Fanpage, um den Verkaufspreis in Vietnam zu erfahren.<\/p>\n","protected":false},"featured_media":36931,"template":"","meta":[],"product_brand":[],"product_cat":[244,232],"product_tag":[],"class_list":{"0":"post-40678","1":"product","2":"type-product","3":"status-publish","4":"has-post-thumbnail","6":"product_cat-ausgestopftes-tier-naeherei","7":"product_cat-naeherei","9":"first","10":"instock","11":"shipping-taxable","12":"purchasable","13":"product-type-variable"},"yoast_head":"<!-- This site is optimized with the Yoast SEO Premium plugin v22.7 (Yoast SEO v25.3.1) - https:\/\/yoast.com\/wordpress\/plugins\/seo\/ -->\n<title>Oktopus - Stofftier aus Brokatstoff - Nh\u00e0 May M\u1eafn - Maison Chance<\/title>\n<meta name=\"description\" content=\"Handgefertigtes Oktopus-Stofftier aus Brokatstoff von behinderten Schneidern bei Maison Chance \u2013 Ein einzigartiges Dekorationsprodukt, reich an humanit\u00e4rer Bedeutung, das Sch\u00f6nheit in Wohnr\u00e4ume bringt.\" \/>\n<meta name=\"robots\" content=\"index, follow, max-snippet:-1, max-image-preview:large, max-video-preview:-1\" \/>\n<link rel=\"canonical\" href=\"https:\/\/maison-chance.org\/shop\/de\/produkt\/oktopus\" \/>\n<meta property=\"og:locale\" content=\"de_DE\" \/>\n<meta property=\"og:type\" content=\"article\" \/>\n<meta property=\"og:title\" content=\"Oktopus\" \/>\n<meta property=\"og:description\" content=\"Handgefertigtes Oktopus-Stofftier aus Brokatstoff von behinderten Schneidern bei Maison Chance \u2013 Ein einzigartiges Dekorationsprodukt, reich an humanit\u00e4rer Bedeutung, das Sch\u00f6nheit in Wohnr\u00e4ume bringt.\" \/>\n<meta property=\"og:url\" content=\"https:\/\/maison-chance.org\/shop\/de\/produkt\/oktopus\" \/>\n<meta property=\"og:site_name\" content=\"Nh\u00e0 May M\u1eafn - Maison Chance\" \/>\n<meta property=\"article:publisher\" content=\"https:\/\/www.facebook.com\/dnxh.nhamayman\/\" \/>\n<meta property=\"article:modified_time\" content=\"2025-03-13T03:14:21+00:00\" \/>\n<meta property=\"og:image\" content=\"https:\/\/maison-chance.org\/shop\/wp-content\/uploads\/2024\/04\/thu-nhoi-bong-hinh-con-bach-tuoc-vai-tho-cam-1.jpg\" \/>\n\t<meta property=\"og:image:width\" content=\"600\" \/>\n\t<meta property=\"og:image:height\" content=\"600\" \/>\n\t<meta property=\"og:image:type\" content=\"image\/jpeg\" \/>\n<meta name=\"twitter:card\" content=\"summary_large_image\" \/>\n<meta name=\"twitter:label1\" content=\"Verf\u00fcgbarkeit\" \/>\n\t<meta name=\"twitter:data1\" content=\"Auf Lager\" \/>\n<script type=\"application\/ld+json\" class=\"yoast-schema-graph\">{\"@context\":\"https:\/\/schema.org\",\"@graph\":[{\"@type\":\"WebPage\",\"@id\":\"https:\/\/maison-chance.org\/shop\/de\/produkt\/oktopus\",\"url\":\"https:\/\/maison-chance.org\/shop\/de\/produkt\/oktopus\",\"name\":\"Oktopus - Stofftier aus Brokatstoff - Nh\u00e0 May M\u1eafn - Maison Chance\",\"isPartOf\":{\"@id\":\"https:\/\/maison-chance.org\/shop\/de#website\"},\"primaryImageOfPage\":{\"@id\":\"https:\/\/maison-chance.org\/shop\/de\/produkt\/oktopus#primaryimage\"},\"image\":{\"@id\":\"https:\/\/maison-chance.org\/shop\/de\/produkt\/oktopus#primaryimage\"},\"thumbnailUrl\":\"https:\/\/maison-chance.org\/shop\/wp-content\/uploads\/2024\/04\/thu-nhoi-bong-hinh-con-bach-tuoc-vai-tho-cam-1.jpg\",\"datePublished\":\"2024-10-16T00:02:07+00:00\",\"dateModified\":\"2025-03-13T03:14:21+00:00\",\"description\":\"Handgefertigtes Oktopus-Stofftier aus Brokatstoff von behinderten Schneidern bei Maison Chance \u2013 Ein einzigartiges Dekorationsprodukt, reich an humanit\u00e4rer Bedeutung, das Sch\u00f6nheit in Wohnr\u00e4ume bringt.\",\"breadcrumb\":{\"@id\":\"https:\/\/maison-chance.org\/shop\/de\/produkt\/oktopus#breadcrumb\"},\"inLanguage\":\"de\",\"potentialAction\":[{\"@type\":\"ReadAction\",\"target\":[\"https:\/\/maison-chance.org\/shop\/de\/produkt\/oktopus\"]}]},{\"@type\":\"ImageObject\",\"inLanguage\":\"de\",\"@id\":\"https:\/\/maison-chance.org\/shop\/de\/produkt\/oktopus#primaryimage\",\"url\":\"https:\/\/maison-chance.org\/shop\/wp-content\/uploads\/2024\/04\/thu-nhoi-bong-hinh-con-bach-tuoc-vai-tho-cam-1.jpg\",\"contentUrl\":\"https:\/\/maison-chance.org\/shop\/wp-content\/uploads\/2024\/04\/thu-nhoi-bong-hinh-con-bach-tuoc-vai-tho-cam-1.jpg\",\"width\":600,\"height\":600,\"caption\":\"Oktopus-Stofftier aus Brokatstoff\"},{\"@type\":\"BreadcrumbList\",\"@id\":\"https:\/\/maison-chance.org\/shop\/de\/produkt\/oktopus#breadcrumb\",\"itemListElement\":[{\"@type\":\"ListItem\",\"position\":1,\"name\":\"Trang ch\u1ee7\",\"item\":\"https:\/\/maison-chance.org\/shop\/de\"},{\"@type\":\"ListItem\",\"position\":2,\"name\":\"Shop\",\"item\":\"https:\/\/maison-chance.org\/shop\/shop\"},{\"@type\":\"ListItem\",\"position\":3,\"name\":\"Oktopus\"}]},{\"@type\":\"WebSite\",\"@id\":\"https:\/\/maison-chance.org\/shop\/de#website\",\"url\":\"https:\/\/maison-chance.org\/shop\/de\",\"name\":\"Nh\u00e0 May M\u1eafn - Maison Chance\",\"description\":\"M\u1ecdi l\u1ee3i nhu\u1eadn thu v\u1ec1 t\u1eeb vi\u1ec7c b\u00e1n h\u00e0ng s\u1ebd tr\u00edch m\u1ed9t ph\u1ea7n \u0111\u1ec3 ch\u0103m lo cho \u0111\u1eddi s\u1ed1ng c\u00e1c b\u1ea1n khuy\u1ebft t\u1eadt v\u00e0 tr\u1ebb m\u1ed3 c\u00f4i \u1edf \u0111\u00e2y\",\"publisher\":{\"@id\":\"https:\/\/maison-chance.org\/shop\/de#organization\"},\"potentialAction\":[{\"@type\":\"SearchAction\",\"target\":{\"@type\":\"EntryPoint\",\"urlTemplate\":\"https:\/\/maison-chance.org\/shop\/de?s={search_term_string}\"},\"query-input\":{\"@type\":\"PropertyValueSpecification\",\"valueRequired\":true,\"valueName\":\"search_term_string\"}}],\"inLanguage\":\"de\"},{\"@type\":\"Organization\",\"@id\":\"https:\/\/maison-chance.org\/shop\/de#organization\",\"name\":\"Nh\u00e0 May M\u1eafn - Maison Chance\",\"url\":\"https:\/\/maison-chance.org\/shop\/de\",\"logo\":{\"@type\":\"ImageObject\",\"inLanguage\":\"de\",\"@id\":\"https:\/\/maison-chance.org\/shop\/de#\/schema\/logo\/image\/\",\"url\":\"https:\/\/maison-chance.org\/shop\/wp-content\/uploads\/2024\/03\/cropped-Logo_DNXH.png\",\"contentUrl\":\"https:\/\/maison-chance.org\/shop\/wp-content\/uploads\/2024\/03\/cropped-Logo_DNXH.png\",\"width\":512,\"height\":512,\"caption\":\"Nh\u00e0 May M\u1eafn - Maison Chance\"},\"image\":{\"@id\":\"https:\/\/maison-chance.org\/shop\/de#\/schema\/logo\/image\/\"},\"sameAs\":[\"https:\/\/www.facebook.com\/dnxh.nhamayman\/\"]}]}<\/script>\n<meta property=\"og:availability\" content=\"instock\" \/>\n<meta property=\"product:availability\" content=\"instock\" \/>\n<meta property=\"product:condition\" content=\"new\" \/>\n<!-- \/ Yoast SEO Premium plugin. -->","yoast_head_json":{"title":"Oktopus - Stofftier aus Brokatstoff - Nh\u00e0 May M\u1eafn - Maison Chance","description":"Handgefertigtes Oktopus-Stofftier aus Brokatstoff von behinderten Schneidern bei Maison Chance \u2013 Ein einzigartiges Dekorationsprodukt, reich an humanit\u00e4rer Bedeutung, das Sch\u00f6nheit in Wohnr\u00e4ume bringt.","robots":{"index":"index","follow":"follow","max-snippet":"max-snippet:-1","max-image-preview":"max-image-preview:large","max-video-preview":"max-video-preview:-1"},"canonical":"https:\/\/maison-chance.org\/shop\/de\/produkt\/oktopus","og_locale":"de_DE","og_type":"article","og_title":"Oktopus","og_description":"Handgefertigtes Oktopus-Stofftier aus Brokatstoff von behinderten Schneidern bei Maison Chance \u2013 Ein einzigartiges Dekorationsprodukt, reich an humanit\u00e4rer Bedeutung, das Sch\u00f6nheit in Wohnr\u00e4ume bringt.","og_url":"https:\/\/maison-chance.org\/shop\/de\/produkt\/oktopus","og_site_name":"Nh\u00e0 May M\u1eafn - Maison Chance","article_publisher":"https:\/\/www.facebook.com\/dnxh.nhamayman\/","article_modified_time":"2025-03-13T03:14:21+00:00","og_image":[{"width":600,"height":600,"url":"https:\/\/maison-chance.org\/shop\/wp-content\/uploads\/2024\/04\/thu-nhoi-bong-hinh-con-bach-tuoc-vai-tho-cam-1.jpg","type":"image\/jpeg"}],"twitter_card":"summary_large_image","twitter_misc":{"Verf\u00fcgbarkeit":"Auf Lager"},"schema":{"@context":"https:\/\/schema.org","@graph":[{"@type":"WebPage","@id":"https:\/\/maison-chance.org\/shop\/de\/produkt\/oktopus","url":"https:\/\/maison-chance.org\/shop\/de\/produkt\/oktopus","name":"Oktopus - Stofftier aus Brokatstoff - Nh\u00e0 May M\u1eafn - Maison Chance","isPartOf":{"@id":"https:\/\/maison-chance.org\/shop\/de#website"},"primaryImageOfPage":{"@id":"https:\/\/maison-chance.org\/shop\/de\/produkt\/oktopus#primaryimage"},"image":{"@id":"https:\/\/maison-chance.org\/shop\/de\/produkt\/oktopus#primaryimage"},"thumbnailUrl":"https:\/\/maison-chance.org\/shop\/wp-content\/uploads\/2024\/04\/thu-nhoi-bong-hinh-con-bach-tuoc-vai-tho-cam-1.jpg","datePublished":"2024-10-16T00:02:07+00:00","dateModified":"2025-03-13T03:14:21+00:00","description":"Handgefertigtes Oktopus-Stofftier aus Brokatstoff von behinderten Schneidern bei Maison Chance \u2013 Ein einzigartiges Dekorationsprodukt, reich an humanit\u00e4rer Bedeutung, das Sch\u00f6nheit in Wohnr\u00e4ume bringt.","breadcrumb":{"@id":"https:\/\/maison-chance.org\/shop\/de\/produkt\/oktopus#breadcrumb"},"inLanguage":"de","potentialAction":[{"@type":"ReadAction","target":["https:\/\/maison-chance.org\/shop\/de\/produkt\/oktopus"]}]},{"@type":"ImageObject","inLanguage":"de","@id":"https:\/\/maison-chance.org\/shop\/de\/produkt\/oktopus#primaryimage","url":"https:\/\/maison-chance.org\/shop\/wp-content\/uploads\/2024\/04\/thu-nhoi-bong-hinh-con-bach-tuoc-vai-tho-cam-1.jpg","contentUrl":"https:\/\/maison-chance.org\/shop\/wp-content\/uploads\/2024\/04\/thu-nhoi-bong-hinh-con-bach-tuoc-vai-tho-cam-1.jpg","width":600,"height":600,"caption":"Oktopus-Stofftier aus Brokatstoff"},{"@type":"BreadcrumbList","@id":"https:\/\/maison-chance.org\/shop\/de\/produkt\/oktopus#breadcrumb","itemListElement":[{"@type":"ListItem","position":1,"name":"Trang ch\u1ee7","item":"https:\/\/maison-chance.org\/shop\/de"},{"@type":"ListItem","position":2,"name":"Shop","item":"https:\/\/maison-chance.org\/shop\/shop"},{"@type":"ListItem","position":3,"name":"Oktopus"}]},{"@type":"WebSite","@id":"https:\/\/maison-chance.org\/shop\/de#website","url":"https:\/\/maison-chance.org\/shop\/de","name":"Nh\u00e0 May M\u1eafn - Maison Chance","description":"M\u1ecdi l\u1ee3i nhu\u1eadn thu v\u1ec1 t\u1eeb vi\u1ec7c b\u00e1n h\u00e0ng s\u1ebd tr\u00edch m\u1ed9t ph\u1ea7n \u0111\u1ec3 ch\u0103m lo cho \u0111\u1eddi s\u1ed1ng c\u00e1c b\u1ea1n khuy\u1ebft t\u1eadt v\u00e0 tr\u1ebb m\u1ed3 c\u00f4i \u1edf \u0111\u00e2y","publisher":{"@id":"https:\/\/maison-chance.org\/shop\/de#organization"},"potentialAction":[{"@type":"SearchAction","target":{"@type":"EntryPoint","urlTemplate":"https:\/\/maison-chance.org\/shop\/de?s={search_term_string}"},"query-input":{"@type":"PropertyValueSpecification","valueRequired":true,"valueName":"search_term_string"}}],"inLanguage":"de"},{"@type":"Organization","@id":"https:\/\/maison-chance.org\/shop\/de#organization","name":"Nh\u00e0 May M\u1eafn - Maison Chance","url":"https:\/\/maison-chance.org\/shop\/de","logo":{"@type":"ImageObject","inLanguage":"de","@id":"https:\/\/maison-chance.org\/shop\/de#\/schema\/logo\/image\/","url":"https:\/\/maison-chance.org\/shop\/wp-content\/uploads\/2024\/03\/cropped-Logo_DNXH.png","contentUrl":"https:\/\/maison-chance.org\/shop\/wp-content\/uploads\/2024\/03\/cropped-Logo_DNXH.png","width":512,"height":512,"caption":"Nh\u00e0 May M\u1eafn - Maison Chance"},"image":{"@id":"https:\/\/maison-chance.org\/shop\/de#\/schema\/logo\/image\/"},"sameAs":["https:\/\/www.facebook.com\/dnxh.nhamayman\/"]}]},"og_availability":"instock","product_availability":"instock","product_condition":"new"},"_links":{"self":[{"href":"https:\/\/maison-chance.org\/shop\/de\/wp-json\/wp\/v2\/product\/40678","targetHints":{"allow":["GET"]}}],"collection":[{"href":"https:\/\/maison-chance.org\/shop\/de\/wp-json\/wp\/v2\/product"}],"about":[{"href":"https:\/\/maison-chance.org\/shop\/de\/wp-json\/wp\/v2\/types\/product"}],"wp:featuredmedia":[{"embeddable":true,"href":"https:\/\/maison-chance.org\/shop\/de\/wp-json\/wp\/v2\/media\/36931"}],"wp:attachment":[{"href":"https:\/\/maison-chance.org\/shop\/de\/wp-json\/wp\/v2\/media?parent=40678"}],"wp:term":[{"taxonomy":"product_brand","embeddable":true,"href":"https:\/\/maison-chance.org\/shop\/de\/wp-json\/wp\/v2\/product_brand?post=40678"},{"taxonomy":"product_cat","embeddable":true,"href":"https:\/\/maison-chance.org\/shop\/de\/wp-json\/wp\/v2\/product_cat?post=40678"},{"taxonomy":"product_tag","embeddable":true,"href":"https:\/\/maison-chance.org\/shop\/de\/wp-json\/wp\/v2\/product_tag?post=40678"}],"curies":[{"name":"wp","href":"https:\/\/api.w.org\/{rel}","templated":true}]}}