{"id":40691,"date":"2024-10-16T07:05:32","date_gmt":"2024-10-16T00:05:32","guid":{"rendered":"https:\/\/maison-chance.org\/shop\/san-pham\/eidechse-2"},"modified":"2025-03-13T10:20:19","modified_gmt":"2025-03-13T03:20:19","slug":"eidechse-2","status":"publish","type":"product","link":"https:\/\/maison-chance.org\/shop\/de\/produkt\/eidechse-2","title":{"rendered":"Eidechse"},"content":{"rendered":"<p style=\"text-align: justify;\">Haben Sie schon einmal einen Ekel und wollten ihn sofort umarmen? Wahrscheinlich nicht \u2013 es sei denn, Sie haben diese niedlichen Pl\u00fcsch-Echsen getroffen! Die Tapisserie-Echse ist eine perfekte Kombination aus traditioneller Kunst und modernen N\u00e4htechniken. Hergestellt aus einem besonderen Tapisseriestoff, tr\u00e4gt jede Echse einzigartige Muster und lebendige Farben, die die ethnische Kultur repr\u00e4sentieren. Mit ihrer niedlichen Form, dem gro\u00dfen Bauch und der komischen Krabbelhaltung wird sie Sie sicher mit ihrem Niedlichkeitsfaktor \u00fcberraschen!<\/p>\n<p data-start=\"637\" data-end=\"673\"><strong>Drei Gr\u00f6\u00dfen \u2013 Gestalten Sie nach Belieben!<\/strong><\/p>\n<p data-start=\"674\" data-end=\"806\">Dieses Produkt mit der Kennzeichnung TC22TB gibt es in drei verschiedenen Gr\u00f6\u00dfen, um verschiedenen R\u00e4umen und Verwendungszwecken gerecht zu werden:<\/p>\n<ul data-start=\"807\" data-end=\"1062\">\n<li data-start=\"807\" data-end=\"890\"><strong data-start=\"809\" data-end=\"823\">7 x 15 cm:<\/strong> Klein und s\u00fc\u00df \u2013 perfekt auf Ihrem Schreibtisch oder im Regal.<\/li>\n<li data-start=\"891\" data-end=\"977\"><strong data-start=\"893\" data-end=\"907\">9 x 22 cm:<\/strong> Ideal zum Dekorieren des Sofas, als Kissen oder kuscheliger Begleiter.<\/li>\n<li data-start=\"978\" data-end=\"1062\"><strong data-start=\"980\" data-end=\"995\">11 x 27 cm:<\/strong> Ein beeindruckender Akzent auf einem Stuhl, im Bett oder in einer Chill-Ecke bei Ihnen.<\/li>\n<\/ul>\n<p style=\"text-align: justify;\">Die Tapisserie-Echse ist nicht nur ein handgefertigtes Produkt, sondern tr\u00e4gt auch eine bedeutungsvolle Geschichte in sich. Jedes Produkt ist das Ergebnis der M\u00fche und Leidenschaft behinderter N\u00e4herinnen bei Maison Chance. Sie haben die Herausforderungen des Lebens \u00fcberwunden, um einzigartige Werke zu schaffen, und tragen zur Bewahrung und F\u00f6rderung der kulturellen Werte der ethnischen Gruppe bei.<\/p>\n<p style=\"text-align: justify;\">Wenn Sie eine Tapisserie-Echse besitzen, haben Sie nicht nur einen sch\u00f6nen dekorativen Gegenstand, sondern unterst\u00fctzen auch die bedeutungsvolle Arbeit talentierter behinderten N\u00e4herinnen. Jedes verkaufte Produkt ist eine Gelegenheit f\u00fcr sie, ihren eigenen Wert zu best\u00e4tigen und sich in die Gemeinschaft einzugliedern. Dies ist eine greifbare M\u00f6glichkeit f\u00fcr uns, zur Schaffung einer gerechteren und mitf\u00fchlenden Gesellschaft beizutragen.<\/p>\n<p style=\"text-align: justify;\">Z\u00f6gern Sie nicht, besuchen Sie <a href=\"https:\/\/maison-chance.org\/shop\">Maison Chance<\/a>, um sich eine oder mehrere dieser adorablen Echsen zu sichern! Jedes Produkt, das Sie kaufen, ist nicht nur ein sch\u00f6nes Objekt, sondern auch eine humanit\u00e4re Handlung, die das Leben der behinderten N\u00e4herinnen unterst\u00fctzt. Lassen Sie uns gemeinsam Liebe und Mitgef\u00fchl verbreiten!<\/p>\n","protected":false},"excerpt":{"rendered":"<p style=\"text-align: justify;\">Das Produkt wird von benachteiligten behinderten Freunden handgefertigt. Wir hoffen aufrichtig auf die Unterst\u00fctzung unserer gesch\u00e4tzten Kunden.<\/p>\n<p>Material: Brokatstoff<\/p>\n<p>Code: TC22TB<\/p>\n<p>Hotline: <span style=\"font-size: 20px;\"><strong><span style=\"color: #ff0000;\">0909 06 25 28<\/span><\/strong><\/span><\/p>\n<p style=\"text-align: justify;\">Wenn Sie sich in Vietnam befinden, kontaktieren Sie uns bitte \u00fcber die Hotline oder die Fanpage des Unternehmens Maison Chance, um den Preis in Vietnam zu erfahren.<\/p>\n","protected":false},"featured_media":36573,"template":"","meta":[],"product_brand":[],"product_cat":[244,232],"product_tag":[],"class_list":{"0":"post-40691","1":"product","2":"type-product","3":"status-publish","4":"has-post-thumbnail","6":"product_cat-ausgestopftes-tier-naeherei","7":"product_cat-naeherei","9":"first","10":"instock","11":"shipping-taxable","12":"purchasable","13":"product-type-variable"},"yoast_head":"<!-- This site is optimized with the Yoast SEO Premium plugin v22.7 (Yoast SEO v25.3.1) - https:\/\/yoast.com\/wordpress\/plugins\/seo\/ -->\n<title>Eidechse - Pl\u00fcschtier aus Brokatstoff - Nh\u00e0 May M\u1eafn - Maison Chance<\/title>\n<meta name=\"description\" content=\"Das Pl\u00fcschtier in Form einer Eidechse aus Brokatstoff ist eine perfekte Kombination aus traditioneller Kunst und modernen N\u00e4htechniken. Aus charakteristischem Brokatstoff gefertigt\" \/>\n<meta name=\"robots\" content=\"index, follow, max-snippet:-1, max-image-preview:large, max-video-preview:-1\" \/>\n<link rel=\"canonical\" href=\"https:\/\/maison-chance.org\/shop\/de\/produkt\/eidechse-2\" \/>\n<meta property=\"og:locale\" content=\"de_DE\" \/>\n<meta property=\"og:type\" content=\"article\" \/>\n<meta property=\"og:title\" content=\"Eidechse\" \/>\n<meta property=\"og:description\" content=\"Das Pl\u00fcschtier in Form einer Eidechse aus Brokatstoff ist eine perfekte Kombination aus traditioneller Kunst und modernen N\u00e4htechniken. Aus charakteristischem Brokatstoff gefertigt\" \/>\n<meta property=\"og:url\" content=\"https:\/\/maison-chance.org\/shop\/de\/produkt\/eidechse-2\" \/>\n<meta property=\"og:site_name\" content=\"Nh\u00e0 May M\u1eafn - Maison Chance\" \/>\n<meta property=\"article:publisher\" content=\"https:\/\/www.facebook.com\/dnxh.nhamayman\/\" \/>\n<meta property=\"article:modified_time\" content=\"2025-03-13T03:20:19+00:00\" \/>\n<meta property=\"og:image\" content=\"https:\/\/maison-chance.org\/shop\/wp-content\/uploads\/2024\/03\/thu-nhoi-bong-hinh-con-than-lan-vai-tho-cam-1.jpg\" \/>\n\t<meta property=\"og:image:width\" content=\"600\" \/>\n\t<meta property=\"og:image:height\" content=\"600\" \/>\n\t<meta property=\"og:image:type\" content=\"image\/jpeg\" \/>\n<meta name=\"twitter:card\" content=\"summary_large_image\" \/>\n<meta name=\"twitter:label1\" content=\"Verf\u00fcgbarkeit\" \/>\n\t<meta name=\"twitter:data1\" content=\"Auf Lager\" \/>\n<script type=\"application\/ld+json\" class=\"yoast-schema-graph\">{\"@context\":\"https:\/\/schema.org\",\"@graph\":[{\"@type\":\"WebPage\",\"@id\":\"https:\/\/maison-chance.org\/shop\/de\/produkt\/eidechse-2\",\"url\":\"https:\/\/maison-chance.org\/shop\/de\/produkt\/eidechse-2\",\"name\":\"Eidechse - Pl\u00fcschtier aus Brokatstoff - Nh\u00e0 May M\u1eafn - Maison Chance\",\"isPartOf\":{\"@id\":\"https:\/\/maison-chance.org\/shop\/de#website\"},\"primaryImageOfPage\":{\"@id\":\"https:\/\/maison-chance.org\/shop\/de\/produkt\/eidechse-2#primaryimage\"},\"image\":{\"@id\":\"https:\/\/maison-chance.org\/shop\/de\/produkt\/eidechse-2#primaryimage\"},\"thumbnailUrl\":\"https:\/\/maison-chance.org\/shop\/wp-content\/uploads\/2024\/03\/thu-nhoi-bong-hinh-con-than-lan-vai-tho-cam-1.jpg\",\"datePublished\":\"2024-10-16T00:05:32+00:00\",\"dateModified\":\"2025-03-13T03:20:19+00:00\",\"description\":\"Das Pl\u00fcschtier in Form einer Eidechse aus Brokatstoff ist eine perfekte Kombination aus traditioneller Kunst und modernen N\u00e4htechniken. Aus charakteristischem Brokatstoff gefertigt\",\"breadcrumb\":{\"@id\":\"https:\/\/maison-chance.org\/shop\/de\/produkt\/eidechse-2#breadcrumb\"},\"inLanguage\":\"de\",\"potentialAction\":[{\"@type\":\"ReadAction\",\"target\":[\"https:\/\/maison-chance.org\/shop\/de\/produkt\/eidechse-2\"]}]},{\"@type\":\"ImageObject\",\"inLanguage\":\"de\",\"@id\":\"https:\/\/maison-chance.org\/shop\/de\/produkt\/eidechse-2#primaryimage\",\"url\":\"https:\/\/maison-chance.org\/shop\/wp-content\/uploads\/2024\/03\/thu-nhoi-bong-hinh-con-than-lan-vai-tho-cam-1.jpg\",\"contentUrl\":\"https:\/\/maison-chance.org\/shop\/wp-content\/uploads\/2024\/03\/thu-nhoi-bong-hinh-con-than-lan-vai-tho-cam-1.jpg\",\"width\":600,\"height\":600,\"caption\":\"Pl\u00fcschtier in Form einer Eidechse aus Brokatstoff\"},{\"@type\":\"BreadcrumbList\",\"@id\":\"https:\/\/maison-chance.org\/shop\/de\/produkt\/eidechse-2#breadcrumb\",\"itemListElement\":[{\"@type\":\"ListItem\",\"position\":1,\"name\":\"Trang ch\u1ee7\",\"item\":\"https:\/\/maison-chance.org\/shop\/de\"},{\"@type\":\"ListItem\",\"position\":2,\"name\":\"Shop\",\"item\":\"https:\/\/maison-chance.org\/shop\/shop\"},{\"@type\":\"ListItem\",\"position\":3,\"name\":\"Eidechse\"}]},{\"@type\":\"WebSite\",\"@id\":\"https:\/\/maison-chance.org\/shop\/de#website\",\"url\":\"https:\/\/maison-chance.org\/shop\/de\",\"name\":\"Nh\u00e0 May M\u1eafn - Maison Chance\",\"description\":\"M\u1ecdi l\u1ee3i nhu\u1eadn thu v\u1ec1 t\u1eeb vi\u1ec7c b\u00e1n h\u00e0ng s\u1ebd tr\u00edch m\u1ed9t ph\u1ea7n \u0111\u1ec3 ch\u0103m lo cho \u0111\u1eddi s\u1ed1ng c\u00e1c b\u1ea1n khuy\u1ebft t\u1eadt v\u00e0 tr\u1ebb m\u1ed3 c\u00f4i \u1edf \u0111\u00e2y\",\"publisher\":{\"@id\":\"https:\/\/maison-chance.org\/shop\/de#organization\"},\"potentialAction\":[{\"@type\":\"SearchAction\",\"target\":{\"@type\":\"EntryPoint\",\"urlTemplate\":\"https:\/\/maison-chance.org\/shop\/de?s={search_term_string}\"},\"query-input\":{\"@type\":\"PropertyValueSpecification\",\"valueRequired\":true,\"valueName\":\"search_term_string\"}}],\"inLanguage\":\"de\"},{\"@type\":\"Organization\",\"@id\":\"https:\/\/maison-chance.org\/shop\/de#organization\",\"name\":\"Nh\u00e0 May M\u1eafn - Maison Chance\",\"url\":\"https:\/\/maison-chance.org\/shop\/de\",\"logo\":{\"@type\":\"ImageObject\",\"inLanguage\":\"de\",\"@id\":\"https:\/\/maison-chance.org\/shop\/de#\/schema\/logo\/image\/\",\"url\":\"https:\/\/maison-chance.org\/shop\/wp-content\/uploads\/2024\/03\/cropped-Logo_DNXH.png\",\"contentUrl\":\"https:\/\/maison-chance.org\/shop\/wp-content\/uploads\/2024\/03\/cropped-Logo_DNXH.png\",\"width\":512,\"height\":512,\"caption\":\"Nh\u00e0 May M\u1eafn - Maison Chance\"},\"image\":{\"@id\":\"https:\/\/maison-chance.org\/shop\/de#\/schema\/logo\/image\/\"},\"sameAs\":[\"https:\/\/www.facebook.com\/dnxh.nhamayman\/\"]}]}<\/script>\n<meta property=\"og:availability\" content=\"instock\" \/>\n<meta property=\"product:availability\" content=\"instock\" \/>\n<meta property=\"product:condition\" content=\"new\" \/>\n<!-- \/ Yoast SEO Premium plugin. -->","yoast_head_json":{"title":"Eidechse - Pl\u00fcschtier aus Brokatstoff - Nh\u00e0 May M\u1eafn - Maison Chance","description":"Das Pl\u00fcschtier in Form einer Eidechse aus Brokatstoff ist eine perfekte Kombination aus traditioneller Kunst und modernen N\u00e4htechniken. Aus charakteristischem Brokatstoff gefertigt","robots":{"index":"index","follow":"follow","max-snippet":"max-snippet:-1","max-image-preview":"max-image-preview:large","max-video-preview":"max-video-preview:-1"},"canonical":"https:\/\/maison-chance.org\/shop\/de\/produkt\/eidechse-2","og_locale":"de_DE","og_type":"article","og_title":"Eidechse","og_description":"Das Pl\u00fcschtier in Form einer Eidechse aus Brokatstoff ist eine perfekte Kombination aus traditioneller Kunst und modernen N\u00e4htechniken. Aus charakteristischem Brokatstoff gefertigt","og_url":"https:\/\/maison-chance.org\/shop\/de\/produkt\/eidechse-2","og_site_name":"Nh\u00e0 May M\u1eafn - Maison Chance","article_publisher":"https:\/\/www.facebook.com\/dnxh.nhamayman\/","article_modified_time":"2025-03-13T03:20:19+00:00","og_image":[{"width":600,"height":600,"url":"https:\/\/maison-chance.org\/shop\/wp-content\/uploads\/2024\/03\/thu-nhoi-bong-hinh-con-than-lan-vai-tho-cam-1.jpg","type":"image\/jpeg"}],"twitter_card":"summary_large_image","twitter_misc":{"Verf\u00fcgbarkeit":"Auf Lager"},"schema":{"@context":"https:\/\/schema.org","@graph":[{"@type":"WebPage","@id":"https:\/\/maison-chance.org\/shop\/de\/produkt\/eidechse-2","url":"https:\/\/maison-chance.org\/shop\/de\/produkt\/eidechse-2","name":"Eidechse - Pl\u00fcschtier aus Brokatstoff - Nh\u00e0 May M\u1eafn - Maison Chance","isPartOf":{"@id":"https:\/\/maison-chance.org\/shop\/de#website"},"primaryImageOfPage":{"@id":"https:\/\/maison-chance.org\/shop\/de\/produkt\/eidechse-2#primaryimage"},"image":{"@id":"https:\/\/maison-chance.org\/shop\/de\/produkt\/eidechse-2#primaryimage"},"thumbnailUrl":"https:\/\/maison-chance.org\/shop\/wp-content\/uploads\/2024\/03\/thu-nhoi-bong-hinh-con-than-lan-vai-tho-cam-1.jpg","datePublished":"2024-10-16T00:05:32+00:00","dateModified":"2025-03-13T03:20:19+00:00","description":"Das Pl\u00fcschtier in Form einer Eidechse aus Brokatstoff ist eine perfekte Kombination aus traditioneller Kunst und modernen N\u00e4htechniken. Aus charakteristischem Brokatstoff gefertigt","breadcrumb":{"@id":"https:\/\/maison-chance.org\/shop\/de\/produkt\/eidechse-2#breadcrumb"},"inLanguage":"de","potentialAction":[{"@type":"ReadAction","target":["https:\/\/maison-chance.org\/shop\/de\/produkt\/eidechse-2"]}]},{"@type":"ImageObject","inLanguage":"de","@id":"https:\/\/maison-chance.org\/shop\/de\/produkt\/eidechse-2#primaryimage","url":"https:\/\/maison-chance.org\/shop\/wp-content\/uploads\/2024\/03\/thu-nhoi-bong-hinh-con-than-lan-vai-tho-cam-1.jpg","contentUrl":"https:\/\/maison-chance.org\/shop\/wp-content\/uploads\/2024\/03\/thu-nhoi-bong-hinh-con-than-lan-vai-tho-cam-1.jpg","width":600,"height":600,"caption":"Pl\u00fcschtier in Form einer Eidechse aus Brokatstoff"},{"@type":"BreadcrumbList","@id":"https:\/\/maison-chance.org\/shop\/de\/produkt\/eidechse-2#breadcrumb","itemListElement":[{"@type":"ListItem","position":1,"name":"Trang ch\u1ee7","item":"https:\/\/maison-chance.org\/shop\/de"},{"@type":"ListItem","position":2,"name":"Shop","item":"https:\/\/maison-chance.org\/shop\/shop"},{"@type":"ListItem","position":3,"name":"Eidechse"}]},{"@type":"WebSite","@id":"https:\/\/maison-chance.org\/shop\/de#website","url":"https:\/\/maison-chance.org\/shop\/de","name":"Nh\u00e0 May M\u1eafn - Maison Chance","description":"M\u1ecdi l\u1ee3i nhu\u1eadn thu v\u1ec1 t\u1eeb vi\u1ec7c b\u00e1n h\u00e0ng s\u1ebd tr\u00edch m\u1ed9t ph\u1ea7n \u0111\u1ec3 ch\u0103m lo cho \u0111\u1eddi s\u1ed1ng c\u00e1c b\u1ea1n khuy\u1ebft t\u1eadt v\u00e0 tr\u1ebb m\u1ed3 c\u00f4i \u1edf \u0111\u00e2y","publisher":{"@id":"https:\/\/maison-chance.org\/shop\/de#organization"},"potentialAction":[{"@type":"SearchAction","target":{"@type":"EntryPoint","urlTemplate":"https:\/\/maison-chance.org\/shop\/de?s={search_term_string}"},"query-input":{"@type":"PropertyValueSpecification","valueRequired":true,"valueName":"search_term_string"}}],"inLanguage":"de"},{"@type":"Organization","@id":"https:\/\/maison-chance.org\/shop\/de#organization","name":"Nh\u00e0 May M\u1eafn - Maison Chance","url":"https:\/\/maison-chance.org\/shop\/de","logo":{"@type":"ImageObject","inLanguage":"de","@id":"https:\/\/maison-chance.org\/shop\/de#\/schema\/logo\/image\/","url":"https:\/\/maison-chance.org\/shop\/wp-content\/uploads\/2024\/03\/cropped-Logo_DNXH.png","contentUrl":"https:\/\/maison-chance.org\/shop\/wp-content\/uploads\/2024\/03\/cropped-Logo_DNXH.png","width":512,"height":512,"caption":"Nh\u00e0 May M\u1eafn - Maison Chance"},"image":{"@id":"https:\/\/maison-chance.org\/shop\/de#\/schema\/logo\/image\/"},"sameAs":["https:\/\/www.facebook.com\/dnxh.nhamayman\/"]}]},"og_availability":"instock","product_availability":"instock","product_condition":"new"},"_links":{"self":[{"href":"https:\/\/maison-chance.org\/shop\/de\/wp-json\/wp\/v2\/product\/40691","targetHints":{"allow":["GET"]}}],"collection":[{"href":"https:\/\/maison-chance.org\/shop\/de\/wp-json\/wp\/v2\/product"}],"about":[{"href":"https:\/\/maison-chance.org\/shop\/de\/wp-json\/wp\/v2\/types\/product"}],"wp:featuredmedia":[{"embeddable":true,"href":"https:\/\/maison-chance.org\/shop\/de\/wp-json\/wp\/v2\/media\/36573"}],"wp:attachment":[{"href":"https:\/\/maison-chance.org\/shop\/de\/wp-json\/wp\/v2\/media?parent=40691"}],"wp:term":[{"taxonomy":"product_brand","embeddable":true,"href":"https:\/\/maison-chance.org\/shop\/de\/wp-json\/wp\/v2\/product_brand?post=40691"},{"taxonomy":"product_cat","embeddable":true,"href":"https:\/\/maison-chance.org\/shop\/de\/wp-json\/wp\/v2\/product_cat?post=40691"},{"taxonomy":"product_tag","embeddable":true,"href":"https:\/\/maison-chance.org\/shop\/de\/wp-json\/wp\/v2\/product_tag?post=40691"}],"curies":[{"name":"wp","href":"https:\/\/api.w.org\/{rel}","templated":true}]}}