{"id":40704,"date":"2024-10-16T07:06:01","date_gmt":"2024-10-16T00:06:01","guid":{"rendered":"https:\/\/maison-chance.org\/shop\/san-pham\/krabbe-2"},"modified":"2025-03-13T10:26:15","modified_gmt":"2025-03-13T03:26:15","slug":"krabbe-2","status":"publish","type":"product","link":"https:\/\/maison-chance.org\/shop\/de\/produkt\/krabbe-2","title":{"rendered":"Krabbe"},"content":{"rendered":"<p style=\"text-align: justify;\">Hallo zusammen! Haben Sie schon einmal daran gedacht, einen Krebs nach Hause zu bringen, ohne sich um das&#8230; Kochen k\u00fcmmern zu m\u00fcssen?<br data-start=\"173\" data-end=\"176\" \/>Der Tapisserie-Krebs TC21TB wird Sie sofort in seinen Bann ziehen!<\/p>\n<p style=\"text-align: justify;\">Aus buntem, traditionellem Tapisseriestoff gefertigt, wurde dieser Krebs von den geschickten H\u00e4nden behinderter N\u00e4herinnen bei Maison Chance kreativ gestaltet und ist besonders niedlich. Der Tapisseriestoff mit seinen leuchtenden Farben und einzigartigen Mustern sorgt daf\u00fcr, dass dieser Krebs in jedem Raum auff\u00e4llt.<\/p>\n<p style=\"text-align: justify;\"><strong>Einzigartiges Material:<\/strong> Der Krebs wird aus einem traditionellen Tapisseriestoff gefertigt und bringt die Essenz der vietnamesischen Kultur in Ihr Zuhause.<\/p>\n<p style=\"text-align: justify;\"><strong>Diverse Gr\u00f6\u00dfen:<\/strong> Erh\u00e4ltlich in verschiedenen Gr\u00f6\u00dfen, k\u00f6nnen Sie den perfekten Krebs f\u00fcr jeden Raum ausw\u00e4hlen, ob gro\u00df oder klein. Er wird zu einem bezaubernden Akzent, unabh\u00e4ngig von der Umgebung.<\/p>\n<p style=\"text-align: justify;\"><strong>Details und Kunstfertigkeit:<\/strong> Mit einem liebevoll ausgestatteten Design und sorgf\u00e4ltig gen\u00e4hten Details wird jeder Krebs zum Blickfang, der sowohl Kinder als auch Erwachsene anspricht.<\/p>\n<p style=\"text-align: justify;\"><strong>Das perfekte Geschenk:<\/strong> Egal, ob als Geschenk f\u00fcr Freunde, Familie oder als November\u00fcberraschung f\u00fcr sich selbst, der Krebs ist eine bedeutungsvolle und liebevolle Wahl.<\/p>\n<p style=\"text-align: justify;\">Mit dem Kauf eines Tapisserie-Krebses tragen Sie dazu bei, den talentierten behinderten N\u00e4herinnen eine neue Chance zu geben. Jeder Verkauf ist ein Schritt zur Unterst\u00fctzung von Menschen, die es verdienen, in der Gesellschaft gesch\u00e4tzt zu werden.<\/p>\n<p style=\"text-align: justify;\">Also, z\u00f6gern Sie nicht! Besuchen Sie <a href=\"https:\/\/maison-chance.org\/shop\">Maison Chance<\/a>, um Ihren eigenen bezaubernden Krebs zu sichern und anderen zu helfen! Jeder Kauf ist eine gro\u00dfz\u00fcgige Geste, die sich positiv auf das Leben dieser talentierten Kunsthandwerker auswirkt.<\/p>\n<p style=\"text-align: justify;\"><em>Wo der Krebs &#8222;krabbelt&#8220;, breitet sich die Freude aus!<\/em><\/p>\n","protected":false},"excerpt":{"rendered":"<p style=\"text-align: justify;\">Das Produkt wird von benachteiligten behinderten Freunden handgefertigt. Wir hoffen aufrichtig auf die Unterst\u00fctzung unserer gesch\u00e4tzten Kunden.<\/p>\n<p>Material: Brokatstoff<\/p>\n<p>Code: TC21TB<\/p>\n<p>Hotline: <span style=\"font-size: 20px;\"><strong><span style=\"color: #ff0000;\">0909 06 25 28<\/span><\/strong><\/span><\/p>\n<p style=\"text-align: justify;\">Wenn Sie sich in Vietnam befinden, kontaktieren Sie uns bitte \u00fcber die Hotline oder die Fanpage des Unternehmens Maison Chance, um den Preis in Vietnam zu erfahren.<\/p>\n","protected":false},"featured_media":36565,"template":"","meta":[],"product_brand":[],"product_cat":[244,232],"product_tag":[],"class_list":{"0":"post-40704","1":"product","2":"type-product","3":"status-publish","4":"has-post-thumbnail","6":"product_cat-ausgestopftes-tier-naeherei","7":"product_cat-naeherei","9":"first","10":"instock","11":"shipping-taxable","12":"purchasable","13":"product-type-variable"},"yoast_head":"<!-- This site is optimized with the Yoast SEO Premium plugin v22.7 (Yoast SEO v25.3.1) - https:\/\/yoast.com\/wordpress\/plugins\/seo\/ -->\n<title>Krabbe - Pl\u00fcschtier aus Brokatstoff - Nh\u00e0 May M\u1eafn - Maison Chance<\/title>\n<meta name=\"description\" content=\"Das Pl\u00fcschtier in Form einer Brokatstoff-Krabbe besitzt eine liebenswerte Form mit einem prallen K\u00f6rper und geschickt ausgestreckten Scheren rundherum. Jeder Stich ist sorgf\u00e4ltig gen\u00e4ht\" \/>\n<meta name=\"robots\" content=\"index, follow, max-snippet:-1, max-image-preview:large, max-video-preview:-1\" \/>\n<link rel=\"canonical\" href=\"https:\/\/maison-chance.org\/shop\/de\/produkt\/krabbe-2\" \/>\n<meta property=\"og:locale\" content=\"de_DE\" \/>\n<meta property=\"og:type\" content=\"article\" \/>\n<meta property=\"og:title\" content=\"Krabbe\" \/>\n<meta property=\"og:description\" content=\"Das Pl\u00fcschtier in Form einer Brokatstoff-Krabbe besitzt eine liebenswerte Form mit einem prallen K\u00f6rper und geschickt ausgestreckten Scheren rundherum. Jeder Stich ist sorgf\u00e4ltig gen\u00e4ht\" \/>\n<meta property=\"og:url\" content=\"https:\/\/maison-chance.org\/shop\/de\/produkt\/krabbe-2\" \/>\n<meta property=\"og:site_name\" content=\"Nh\u00e0 May M\u1eafn - Maison Chance\" \/>\n<meta property=\"article:publisher\" content=\"https:\/\/www.facebook.com\/dnxh.nhamayman\/\" \/>\n<meta property=\"article:modified_time\" content=\"2025-03-13T03:26:15+00:00\" \/>\n<meta property=\"og:image\" content=\"https:\/\/maison-chance.org\/shop\/wp-content\/uploads\/2024\/03\/thu-nhoi-bong-hinh-con-cua-vai-tho-cam-1.jpg\" \/>\n\t<meta property=\"og:image:width\" content=\"600\" \/>\n\t<meta property=\"og:image:height\" content=\"600\" \/>\n\t<meta property=\"og:image:type\" content=\"image\/jpeg\" \/>\n<meta name=\"twitter:card\" content=\"summary_large_image\" \/>\n<meta name=\"twitter:label1\" content=\"Verf\u00fcgbarkeit\" \/>\n\t<meta name=\"twitter:data1\" content=\"Auf Lager\" \/>\n<script type=\"application\/ld+json\" class=\"yoast-schema-graph\">{\"@context\":\"https:\/\/schema.org\",\"@graph\":[{\"@type\":\"WebPage\",\"@id\":\"https:\/\/maison-chance.org\/shop\/de\/produkt\/krabbe-2\",\"url\":\"https:\/\/maison-chance.org\/shop\/de\/produkt\/krabbe-2\",\"name\":\"Krabbe - Pl\u00fcschtier aus Brokatstoff - Nh\u00e0 May M\u1eafn - Maison Chance\",\"isPartOf\":{\"@id\":\"https:\/\/maison-chance.org\/shop\/de#website\"},\"primaryImageOfPage\":{\"@id\":\"https:\/\/maison-chance.org\/shop\/de\/produkt\/krabbe-2#primaryimage\"},\"image\":{\"@id\":\"https:\/\/maison-chance.org\/shop\/de\/produkt\/krabbe-2#primaryimage\"},\"thumbnailUrl\":\"https:\/\/maison-chance.org\/shop\/wp-content\/uploads\/2024\/03\/thu-nhoi-bong-hinh-con-cua-vai-tho-cam-1.jpg\",\"datePublished\":\"2024-10-16T00:06:01+00:00\",\"dateModified\":\"2025-03-13T03:26:15+00:00\",\"description\":\"Das Pl\u00fcschtier in Form einer Brokatstoff-Krabbe besitzt eine liebenswerte Form mit einem prallen K\u00f6rper und geschickt ausgestreckten Scheren rundherum. Jeder Stich ist sorgf\u00e4ltig gen\u00e4ht\",\"breadcrumb\":{\"@id\":\"https:\/\/maison-chance.org\/shop\/de\/produkt\/krabbe-2#breadcrumb\"},\"inLanguage\":\"de\",\"potentialAction\":[{\"@type\":\"ReadAction\",\"target\":[\"https:\/\/maison-chance.org\/shop\/de\/produkt\/krabbe-2\"]}]},{\"@type\":\"ImageObject\",\"inLanguage\":\"de\",\"@id\":\"https:\/\/maison-chance.org\/shop\/de\/produkt\/krabbe-2#primaryimage\",\"url\":\"https:\/\/maison-chance.org\/shop\/wp-content\/uploads\/2024\/03\/thu-nhoi-bong-hinh-con-cua-vai-tho-cam-1.jpg\",\"contentUrl\":\"https:\/\/maison-chance.org\/shop\/wp-content\/uploads\/2024\/03\/thu-nhoi-bong-hinh-con-cua-vai-tho-cam-1.jpg\",\"width\":600,\"height\":600,\"caption\":\"Pl\u00fcschtier in Form einer Brokatstoff-Krabbe\"},{\"@type\":\"BreadcrumbList\",\"@id\":\"https:\/\/maison-chance.org\/shop\/de\/produkt\/krabbe-2#breadcrumb\",\"itemListElement\":[{\"@type\":\"ListItem\",\"position\":1,\"name\":\"Trang ch\u1ee7\",\"item\":\"https:\/\/maison-chance.org\/shop\/de\"},{\"@type\":\"ListItem\",\"position\":2,\"name\":\"Shop\",\"item\":\"https:\/\/maison-chance.org\/shop\/shop\"},{\"@type\":\"ListItem\",\"position\":3,\"name\":\"Krabbe\"}]},{\"@type\":\"WebSite\",\"@id\":\"https:\/\/maison-chance.org\/shop\/de#website\",\"url\":\"https:\/\/maison-chance.org\/shop\/de\",\"name\":\"Nh\u00e0 May M\u1eafn - Maison Chance\",\"description\":\"M\u1ecdi l\u1ee3i nhu\u1eadn thu v\u1ec1 t\u1eeb vi\u1ec7c b\u00e1n h\u00e0ng s\u1ebd tr\u00edch m\u1ed9t ph\u1ea7n \u0111\u1ec3 ch\u0103m lo cho \u0111\u1eddi s\u1ed1ng c\u00e1c b\u1ea1n khuy\u1ebft t\u1eadt v\u00e0 tr\u1ebb m\u1ed3 c\u00f4i \u1edf \u0111\u00e2y\",\"publisher\":{\"@id\":\"https:\/\/maison-chance.org\/shop\/de#organization\"},\"potentialAction\":[{\"@type\":\"SearchAction\",\"target\":{\"@type\":\"EntryPoint\",\"urlTemplate\":\"https:\/\/maison-chance.org\/shop\/de?s={search_term_string}\"},\"query-input\":{\"@type\":\"PropertyValueSpecification\",\"valueRequired\":true,\"valueName\":\"search_term_string\"}}],\"inLanguage\":\"de\"},{\"@type\":\"Organization\",\"@id\":\"https:\/\/maison-chance.org\/shop\/de#organization\",\"name\":\"Nh\u00e0 May M\u1eafn - Maison Chance\",\"url\":\"https:\/\/maison-chance.org\/shop\/de\",\"logo\":{\"@type\":\"ImageObject\",\"inLanguage\":\"de\",\"@id\":\"https:\/\/maison-chance.org\/shop\/de#\/schema\/logo\/image\/\",\"url\":\"https:\/\/maison-chance.org\/shop\/wp-content\/uploads\/2024\/03\/cropped-Logo_DNXH.png\",\"contentUrl\":\"https:\/\/maison-chance.org\/shop\/wp-content\/uploads\/2024\/03\/cropped-Logo_DNXH.png\",\"width\":512,\"height\":512,\"caption\":\"Nh\u00e0 May M\u1eafn - Maison Chance\"},\"image\":{\"@id\":\"https:\/\/maison-chance.org\/shop\/de#\/schema\/logo\/image\/\"},\"sameAs\":[\"https:\/\/www.facebook.com\/dnxh.nhamayman\/\"]}]}<\/script>\n<meta property=\"og:availability\" content=\"instock\" \/>\n<meta property=\"product:availability\" content=\"instock\" \/>\n<meta property=\"product:condition\" content=\"new\" \/>\n<!-- \/ Yoast SEO Premium plugin. -->","yoast_head_json":{"title":"Krabbe - Pl\u00fcschtier aus Brokatstoff - Nh\u00e0 May M\u1eafn - Maison Chance","description":"Das Pl\u00fcschtier in Form einer Brokatstoff-Krabbe besitzt eine liebenswerte Form mit einem prallen K\u00f6rper und geschickt ausgestreckten Scheren rundherum. Jeder Stich ist sorgf\u00e4ltig gen\u00e4ht","robots":{"index":"index","follow":"follow","max-snippet":"max-snippet:-1","max-image-preview":"max-image-preview:large","max-video-preview":"max-video-preview:-1"},"canonical":"https:\/\/maison-chance.org\/shop\/de\/produkt\/krabbe-2","og_locale":"de_DE","og_type":"article","og_title":"Krabbe","og_description":"Das Pl\u00fcschtier in Form einer Brokatstoff-Krabbe besitzt eine liebenswerte Form mit einem prallen K\u00f6rper und geschickt ausgestreckten Scheren rundherum. Jeder Stich ist sorgf\u00e4ltig gen\u00e4ht","og_url":"https:\/\/maison-chance.org\/shop\/de\/produkt\/krabbe-2","og_site_name":"Nh\u00e0 May M\u1eafn - Maison Chance","article_publisher":"https:\/\/www.facebook.com\/dnxh.nhamayman\/","article_modified_time":"2025-03-13T03:26:15+00:00","og_image":[{"width":600,"height":600,"url":"https:\/\/maison-chance.org\/shop\/wp-content\/uploads\/2024\/03\/thu-nhoi-bong-hinh-con-cua-vai-tho-cam-1.jpg","type":"image\/jpeg"}],"twitter_card":"summary_large_image","twitter_misc":{"Verf\u00fcgbarkeit":"Auf Lager"},"schema":{"@context":"https:\/\/schema.org","@graph":[{"@type":"WebPage","@id":"https:\/\/maison-chance.org\/shop\/de\/produkt\/krabbe-2","url":"https:\/\/maison-chance.org\/shop\/de\/produkt\/krabbe-2","name":"Krabbe - Pl\u00fcschtier aus Brokatstoff - Nh\u00e0 May M\u1eafn - Maison Chance","isPartOf":{"@id":"https:\/\/maison-chance.org\/shop\/de#website"},"primaryImageOfPage":{"@id":"https:\/\/maison-chance.org\/shop\/de\/produkt\/krabbe-2#primaryimage"},"image":{"@id":"https:\/\/maison-chance.org\/shop\/de\/produkt\/krabbe-2#primaryimage"},"thumbnailUrl":"https:\/\/maison-chance.org\/shop\/wp-content\/uploads\/2024\/03\/thu-nhoi-bong-hinh-con-cua-vai-tho-cam-1.jpg","datePublished":"2024-10-16T00:06:01+00:00","dateModified":"2025-03-13T03:26:15+00:00","description":"Das Pl\u00fcschtier in Form einer Brokatstoff-Krabbe besitzt eine liebenswerte Form mit einem prallen K\u00f6rper und geschickt ausgestreckten Scheren rundherum. Jeder Stich ist sorgf\u00e4ltig gen\u00e4ht","breadcrumb":{"@id":"https:\/\/maison-chance.org\/shop\/de\/produkt\/krabbe-2#breadcrumb"},"inLanguage":"de","potentialAction":[{"@type":"ReadAction","target":["https:\/\/maison-chance.org\/shop\/de\/produkt\/krabbe-2"]}]},{"@type":"ImageObject","inLanguage":"de","@id":"https:\/\/maison-chance.org\/shop\/de\/produkt\/krabbe-2#primaryimage","url":"https:\/\/maison-chance.org\/shop\/wp-content\/uploads\/2024\/03\/thu-nhoi-bong-hinh-con-cua-vai-tho-cam-1.jpg","contentUrl":"https:\/\/maison-chance.org\/shop\/wp-content\/uploads\/2024\/03\/thu-nhoi-bong-hinh-con-cua-vai-tho-cam-1.jpg","width":600,"height":600,"caption":"Pl\u00fcschtier in Form einer Brokatstoff-Krabbe"},{"@type":"BreadcrumbList","@id":"https:\/\/maison-chance.org\/shop\/de\/produkt\/krabbe-2#breadcrumb","itemListElement":[{"@type":"ListItem","position":1,"name":"Trang ch\u1ee7","item":"https:\/\/maison-chance.org\/shop\/de"},{"@type":"ListItem","position":2,"name":"Shop","item":"https:\/\/maison-chance.org\/shop\/shop"},{"@type":"ListItem","position":3,"name":"Krabbe"}]},{"@type":"WebSite","@id":"https:\/\/maison-chance.org\/shop\/de#website","url":"https:\/\/maison-chance.org\/shop\/de","name":"Nh\u00e0 May M\u1eafn - Maison Chance","description":"M\u1ecdi l\u1ee3i nhu\u1eadn thu v\u1ec1 t\u1eeb vi\u1ec7c b\u00e1n h\u00e0ng s\u1ebd tr\u00edch m\u1ed9t ph\u1ea7n \u0111\u1ec3 ch\u0103m lo cho \u0111\u1eddi s\u1ed1ng c\u00e1c b\u1ea1n khuy\u1ebft t\u1eadt v\u00e0 tr\u1ebb m\u1ed3 c\u00f4i \u1edf \u0111\u00e2y","publisher":{"@id":"https:\/\/maison-chance.org\/shop\/de#organization"},"potentialAction":[{"@type":"SearchAction","target":{"@type":"EntryPoint","urlTemplate":"https:\/\/maison-chance.org\/shop\/de?s={search_term_string}"},"query-input":{"@type":"PropertyValueSpecification","valueRequired":true,"valueName":"search_term_string"}}],"inLanguage":"de"},{"@type":"Organization","@id":"https:\/\/maison-chance.org\/shop\/de#organization","name":"Nh\u00e0 May M\u1eafn - Maison Chance","url":"https:\/\/maison-chance.org\/shop\/de","logo":{"@type":"ImageObject","inLanguage":"de","@id":"https:\/\/maison-chance.org\/shop\/de#\/schema\/logo\/image\/","url":"https:\/\/maison-chance.org\/shop\/wp-content\/uploads\/2024\/03\/cropped-Logo_DNXH.png","contentUrl":"https:\/\/maison-chance.org\/shop\/wp-content\/uploads\/2024\/03\/cropped-Logo_DNXH.png","width":512,"height":512,"caption":"Nh\u00e0 May M\u1eafn - Maison Chance"},"image":{"@id":"https:\/\/maison-chance.org\/shop\/de#\/schema\/logo\/image\/"},"sameAs":["https:\/\/www.facebook.com\/dnxh.nhamayman\/"]}]},"og_availability":"instock","product_availability":"instock","product_condition":"new"},"_links":{"self":[{"href":"https:\/\/maison-chance.org\/shop\/de\/wp-json\/wp\/v2\/product\/40704","targetHints":{"allow":["GET"]}}],"collection":[{"href":"https:\/\/maison-chance.org\/shop\/de\/wp-json\/wp\/v2\/product"}],"about":[{"href":"https:\/\/maison-chance.org\/shop\/de\/wp-json\/wp\/v2\/types\/product"}],"wp:featuredmedia":[{"embeddable":true,"href":"https:\/\/maison-chance.org\/shop\/de\/wp-json\/wp\/v2\/media\/36565"}],"wp:attachment":[{"href":"https:\/\/maison-chance.org\/shop\/de\/wp-json\/wp\/v2\/media?parent=40704"}],"wp:term":[{"taxonomy":"product_brand","embeddable":true,"href":"https:\/\/maison-chance.org\/shop\/de\/wp-json\/wp\/v2\/product_brand?post=40704"},{"taxonomy":"product_cat","embeddable":true,"href":"https:\/\/maison-chance.org\/shop\/de\/wp-json\/wp\/v2\/product_cat?post=40704"},{"taxonomy":"product_tag","embeddable":true,"href":"https:\/\/maison-chance.org\/shop\/de\/wp-json\/wp\/v2\/product_tag?post=40704"}],"curies":[{"name":"wp","href":"https:\/\/api.w.org\/{rel}","templated":true}]}}