{"id":40749,"date":"2024-10-22T07:10:19","date_gmt":"2024-10-22T00:10:19","guid":{"rendered":"https:\/\/maison-chance.org\/shop\/san-pham\/schildkroete-2"},"modified":"2025-03-13T10:43:25","modified_gmt":"2025-03-13T03:43:25","slug":"schildkroete-2","status":"publish","type":"product","link":"https:\/\/maison-chance.org\/shop\/de\/produkt\/schildkroete-2","title":{"rendered":"Schildkr\u00f6te"},"content":{"rendered":"<p style=\"text-align: justify;\">Wussten Sie, dass die Schildkr\u00f6te ein Symbol f\u00fcr Langlebigkeit, Frieden und Stabilit\u00e4t ist? Jetzt wird dieses Bild auf lebendige und niedliche Weise mit der Tapisserie-Schildkr\u00f6te neu interpretiert &#8211; ein Geschenk, das sowohl s\u00fc\u00df als auch bedeutungsvoll ist, geeignet f\u00fcr jeden Raum!<\/p>\n<p style=\"text-align: justify;\"><strong data-start=\"357\" data-end=\"410\">Ein kleines Schild \u2013 Die ganze Welt dahinter!<\/strong><br data-start=\"410\" data-end=\"413\" \/>Inspiriert von der sanften Schildkr\u00f6te in der Natur, wurde das Produkt mit einem stabilen, runden Schild, vier kleinen Beinen und gro\u00dfen, leuchtenden Augen entworfen. Der weiche K\u00f6rper der Schildkr\u00f6te ist perfekt zum Kuscheln und vermittelt ein Gef\u00fchl von Entspannung und W\u00e4rme bei jedem Kontakt.<\/p>\n<p style=\"text-align: justify;\"><strong data-start=\"620\" data-end=\"654\">Die kleine Schildkr\u00f6te hat eine gro\u00dfe Bedeutung!<\/strong><br data-start=\"654\" data-end=\"657\" \/>Jeder wei\u00df, dass Schildkr\u00f6ten f\u00fcr Beharrlichkeit, Gl\u00fcck und Frieden stehen. Wenn Sie eine Pl\u00fcschschnur auf Ihren Schreibtisch, Ihr B\u00fccherregal oder Ihr Bett stellen, werden Sie stets daran erinnert, dass langsam aber sicher der Erfolg kommt!<\/p>\n<p style=\"text-align: justify;\">Jedes Produkt der Pl\u00fcschschnur ist nicht nur ein Spielzeug, sondern tr\u00e4gt auch eine Botschaft von Liebe und Hoffnung. Die behinderten N\u00e4herinnen haben Schwierigkeiten \u00fcberwunden, um diese Produkte zu schaffen. Dies zeigt, dass Anstrengung und Leidenschaft das Leben ver\u00e4ndern k\u00f6nnen. Wenn Sie eine Schildkr\u00f6te besitzen, kaufen Sie nicht nur ein Produkt, sondern werden auch Teil der Reise zur Unterst\u00fctzung und Ermutigung von Menschen mit Behinderungen.<\/p>\n<p style=\"text-align: justify;\">Lassen Sie die Tapisserie-Schildkr\u00f6te von <a href=\"https:\/\/maison-chance.org\/shop\">Maison Chance<\/a> Teil Ihres Wohnraums werden! Der Kauf dieses Produkts ist nicht nur eine kluge Entscheidung f\u00fcr Ihre Familie, sondern auch eine bedeutungsvolle Handlung, die die behinderten N\u00e4herinnen unterst\u00fctzt. Lassen Sie uns gemeinsam Liebe und Mitgef\u00fchl verbreiten!<\/p>\n<p><em>Klein, aber bedeutungsvoll, einfach, aber inspirierend \u2013 das ist das Geschenk, das jeder haben m\u00f6chte!<\/em><\/p>\n","protected":false},"excerpt":{"rendered":"<p style=\"text-align: justify;\">Die Produkte werden von benachteiligten behinderten Freunden handgefertigt, in der Hoffnung auf die Unterst\u00fctzung der Kunden.<\/p>\n<p>Material: Brokatstoff<\/p>\n<p>Code: TC18TB<\/p>\n<p>Hotline: <span style=\"font-size: 20px;\"><strong><span style=\"color: #ff0000;\">0909 06 25 28<\/span><\/strong><\/span><\/p>\n<p style=\"text-align: justify;\">Wenn Sie in Vietnam sind, kontaktieren Sie uns bitte \u00fcber die Hotline oder die Maison Chance Business Fanpage, um den Preis in Vietnam zu erfahren.<\/p>\n","protected":false},"featured_media":36555,"template":"","meta":[],"product_brand":[],"product_cat":[244,232],"product_tag":[],"class_list":{"0":"post-40749","1":"product","2":"type-product","3":"status-publish","4":"has-post-thumbnail","6":"product_cat-ausgestopftes-tier-naeherei","7":"product_cat-naeherei","9":"first","10":"instock","11":"shipping-taxable","12":"purchasable","13":"product-type-variable"},"yoast_head":"<!-- This site is optimized with the Yoast SEO Premium plugin v22.7 (Yoast SEO v25.3.1) - https:\/\/yoast.com\/wordpress\/plugins\/seo\/ -->\n<title>Schildkr\u00f6te - Brokat-Pl\u00fcsch-Spielzeug - Nh\u00e0 May M\u1eafn - Maison Chance<\/title>\n<meta name=\"description\" content=\"Die Brokat-Pl\u00fcsch-Schildkr\u00f6te ist nicht nur ein einfaches Spielzeug, sondern ein wesentlicher Teil bei der Dekoration Ihres Wohnraums.\" \/>\n<meta name=\"robots\" content=\"index, follow, max-snippet:-1, max-image-preview:large, max-video-preview:-1\" \/>\n<link rel=\"canonical\" href=\"https:\/\/maison-chance.org\/shop\/de\/produkt\/schildkroete-2\" \/>\n<meta property=\"og:locale\" content=\"de_DE\" \/>\n<meta property=\"og:type\" content=\"article\" \/>\n<meta property=\"og:title\" content=\"Schildkr\u00f6te\" \/>\n<meta property=\"og:description\" content=\"Die Brokat-Pl\u00fcsch-Schildkr\u00f6te ist nicht nur ein einfaches Spielzeug, sondern ein wesentlicher Teil bei der Dekoration Ihres Wohnraums.\" \/>\n<meta property=\"og:url\" content=\"https:\/\/maison-chance.org\/shop\/de\/produkt\/schildkroete-2\" \/>\n<meta property=\"og:site_name\" content=\"Nh\u00e0 May M\u1eafn - Maison Chance\" \/>\n<meta property=\"article:publisher\" content=\"https:\/\/www.facebook.com\/dnxh.nhamayman\/\" \/>\n<meta property=\"article:modified_time\" content=\"2025-03-13T03:43:25+00:00\" \/>\n<meta property=\"og:image\" content=\"https:\/\/maison-chance.org\/shop\/wp-content\/uploads\/2024\/03\/thu-nhoi-bong-hinh-con-rua-vai-thai-1.jpg\" \/>\n\t<meta property=\"og:image:width\" content=\"600\" \/>\n\t<meta property=\"og:image:height\" content=\"600\" \/>\n\t<meta property=\"og:image:type\" content=\"image\/jpeg\" \/>\n<meta name=\"twitter:card\" content=\"summary_large_image\" \/>\n<meta name=\"twitter:label1\" content=\"Verf\u00fcgbarkeit\" \/>\n\t<meta name=\"twitter:data1\" content=\"Auf Lager\" \/>\n<script type=\"application\/ld+json\" class=\"yoast-schema-graph\">{\"@context\":\"https:\/\/schema.org\",\"@graph\":[{\"@type\":\"WebPage\",\"@id\":\"https:\/\/maison-chance.org\/shop\/de\/produkt\/schildkroete-2\",\"url\":\"https:\/\/maison-chance.org\/shop\/de\/produkt\/schildkroete-2\",\"name\":\"Schildkr\u00f6te - Brokat-Pl\u00fcsch-Spielzeug - Nh\u00e0 May M\u1eafn - Maison Chance\",\"isPartOf\":{\"@id\":\"https:\/\/maison-chance.org\/shop\/de#website\"},\"primaryImageOfPage\":{\"@id\":\"https:\/\/maison-chance.org\/shop\/de\/produkt\/schildkroete-2#primaryimage\"},\"image\":{\"@id\":\"https:\/\/maison-chance.org\/shop\/de\/produkt\/schildkroete-2#primaryimage\"},\"thumbnailUrl\":\"https:\/\/maison-chance.org\/shop\/wp-content\/uploads\/2024\/03\/thu-nhoi-bong-hinh-con-rua-vai-thai-1.jpg\",\"datePublished\":\"2024-10-22T00:10:19+00:00\",\"dateModified\":\"2025-03-13T03:43:25+00:00\",\"description\":\"Die Brokat-Pl\u00fcsch-Schildkr\u00f6te ist nicht nur ein einfaches Spielzeug, sondern ein wesentlicher Teil bei der Dekoration Ihres Wohnraums.\",\"breadcrumb\":{\"@id\":\"https:\/\/maison-chance.org\/shop\/de\/produkt\/schildkroete-2#breadcrumb\"},\"inLanguage\":\"de\",\"potentialAction\":[{\"@type\":\"ReadAction\",\"target\":[\"https:\/\/maison-chance.org\/shop\/de\/produkt\/schildkroete-2\"]}]},{\"@type\":\"ImageObject\",\"inLanguage\":\"de\",\"@id\":\"https:\/\/maison-chance.org\/shop\/de\/produkt\/schildkroete-2#primaryimage\",\"url\":\"https:\/\/maison-chance.org\/shop\/wp-content\/uploads\/2024\/03\/thu-nhoi-bong-hinh-con-rua-vai-thai-1.jpg\",\"contentUrl\":\"https:\/\/maison-chance.org\/shop\/wp-content\/uploads\/2024\/03\/thu-nhoi-bong-hinh-con-rua-vai-thai-1.jpg\",\"width\":600,\"height\":600,\"caption\":\"Thai Stoff Pl\u00fcsch-Schildkr\u00f6te Spielzeug\"},{\"@type\":\"BreadcrumbList\",\"@id\":\"https:\/\/maison-chance.org\/shop\/de\/produkt\/schildkroete-2#breadcrumb\",\"itemListElement\":[{\"@type\":\"ListItem\",\"position\":1,\"name\":\"Trang ch\u1ee7\",\"item\":\"https:\/\/maison-chance.org\/shop\/de\"},{\"@type\":\"ListItem\",\"position\":2,\"name\":\"Shop\",\"item\":\"https:\/\/maison-chance.org\/shop\/shop\"},{\"@type\":\"ListItem\",\"position\":3,\"name\":\"Schildkr\u00f6te\"}]},{\"@type\":\"WebSite\",\"@id\":\"https:\/\/maison-chance.org\/shop\/de#website\",\"url\":\"https:\/\/maison-chance.org\/shop\/de\",\"name\":\"Nh\u00e0 May M\u1eafn - Maison Chance\",\"description\":\"M\u1ecdi l\u1ee3i nhu\u1eadn thu v\u1ec1 t\u1eeb vi\u1ec7c b\u00e1n h\u00e0ng s\u1ebd tr\u00edch m\u1ed9t ph\u1ea7n \u0111\u1ec3 ch\u0103m lo cho \u0111\u1eddi s\u1ed1ng c\u00e1c b\u1ea1n khuy\u1ebft t\u1eadt v\u00e0 tr\u1ebb m\u1ed3 c\u00f4i \u1edf \u0111\u00e2y\",\"publisher\":{\"@id\":\"https:\/\/maison-chance.org\/shop\/de#organization\"},\"potentialAction\":[{\"@type\":\"SearchAction\",\"target\":{\"@type\":\"EntryPoint\",\"urlTemplate\":\"https:\/\/maison-chance.org\/shop\/de?s={search_term_string}\"},\"query-input\":{\"@type\":\"PropertyValueSpecification\",\"valueRequired\":true,\"valueName\":\"search_term_string\"}}],\"inLanguage\":\"de\"},{\"@type\":\"Organization\",\"@id\":\"https:\/\/maison-chance.org\/shop\/de#organization\",\"name\":\"Nh\u00e0 May M\u1eafn - Maison Chance\",\"url\":\"https:\/\/maison-chance.org\/shop\/de\",\"logo\":{\"@type\":\"ImageObject\",\"inLanguage\":\"de\",\"@id\":\"https:\/\/maison-chance.org\/shop\/de#\/schema\/logo\/image\/\",\"url\":\"https:\/\/maison-chance.org\/shop\/wp-content\/uploads\/2024\/03\/cropped-Logo_DNXH.png\",\"contentUrl\":\"https:\/\/maison-chance.org\/shop\/wp-content\/uploads\/2024\/03\/cropped-Logo_DNXH.png\",\"width\":512,\"height\":512,\"caption\":\"Nh\u00e0 May M\u1eafn - Maison Chance\"},\"image\":{\"@id\":\"https:\/\/maison-chance.org\/shop\/de#\/schema\/logo\/image\/\"},\"sameAs\":[\"https:\/\/www.facebook.com\/dnxh.nhamayman\/\"]}]}<\/script>\n<meta property=\"og:availability\" content=\"instock\" \/>\n<meta property=\"product:availability\" content=\"instock\" \/>\n<meta property=\"product:condition\" content=\"new\" \/>\n<!-- \/ Yoast SEO Premium plugin. -->","yoast_head_json":{"title":"Schildkr\u00f6te - Brokat-Pl\u00fcsch-Spielzeug - Nh\u00e0 May M\u1eafn - Maison Chance","description":"Die Brokat-Pl\u00fcsch-Schildkr\u00f6te ist nicht nur ein einfaches Spielzeug, sondern ein wesentlicher Teil bei der Dekoration Ihres Wohnraums.","robots":{"index":"index","follow":"follow","max-snippet":"max-snippet:-1","max-image-preview":"max-image-preview:large","max-video-preview":"max-video-preview:-1"},"canonical":"https:\/\/maison-chance.org\/shop\/de\/produkt\/schildkroete-2","og_locale":"de_DE","og_type":"article","og_title":"Schildkr\u00f6te","og_description":"Die Brokat-Pl\u00fcsch-Schildkr\u00f6te ist nicht nur ein einfaches Spielzeug, sondern ein wesentlicher Teil bei der Dekoration Ihres Wohnraums.","og_url":"https:\/\/maison-chance.org\/shop\/de\/produkt\/schildkroete-2","og_site_name":"Nh\u00e0 May M\u1eafn - Maison Chance","article_publisher":"https:\/\/www.facebook.com\/dnxh.nhamayman\/","article_modified_time":"2025-03-13T03:43:25+00:00","og_image":[{"width":600,"height":600,"url":"https:\/\/maison-chance.org\/shop\/wp-content\/uploads\/2024\/03\/thu-nhoi-bong-hinh-con-rua-vai-thai-1.jpg","type":"image\/jpeg"}],"twitter_card":"summary_large_image","twitter_misc":{"Verf\u00fcgbarkeit":"Auf Lager"},"schema":{"@context":"https:\/\/schema.org","@graph":[{"@type":"WebPage","@id":"https:\/\/maison-chance.org\/shop\/de\/produkt\/schildkroete-2","url":"https:\/\/maison-chance.org\/shop\/de\/produkt\/schildkroete-2","name":"Schildkr\u00f6te - Brokat-Pl\u00fcsch-Spielzeug - Nh\u00e0 May M\u1eafn - Maison Chance","isPartOf":{"@id":"https:\/\/maison-chance.org\/shop\/de#website"},"primaryImageOfPage":{"@id":"https:\/\/maison-chance.org\/shop\/de\/produkt\/schildkroete-2#primaryimage"},"image":{"@id":"https:\/\/maison-chance.org\/shop\/de\/produkt\/schildkroete-2#primaryimage"},"thumbnailUrl":"https:\/\/maison-chance.org\/shop\/wp-content\/uploads\/2024\/03\/thu-nhoi-bong-hinh-con-rua-vai-thai-1.jpg","datePublished":"2024-10-22T00:10:19+00:00","dateModified":"2025-03-13T03:43:25+00:00","description":"Die Brokat-Pl\u00fcsch-Schildkr\u00f6te ist nicht nur ein einfaches Spielzeug, sondern ein wesentlicher Teil bei der Dekoration Ihres Wohnraums.","breadcrumb":{"@id":"https:\/\/maison-chance.org\/shop\/de\/produkt\/schildkroete-2#breadcrumb"},"inLanguage":"de","potentialAction":[{"@type":"ReadAction","target":["https:\/\/maison-chance.org\/shop\/de\/produkt\/schildkroete-2"]}]},{"@type":"ImageObject","inLanguage":"de","@id":"https:\/\/maison-chance.org\/shop\/de\/produkt\/schildkroete-2#primaryimage","url":"https:\/\/maison-chance.org\/shop\/wp-content\/uploads\/2024\/03\/thu-nhoi-bong-hinh-con-rua-vai-thai-1.jpg","contentUrl":"https:\/\/maison-chance.org\/shop\/wp-content\/uploads\/2024\/03\/thu-nhoi-bong-hinh-con-rua-vai-thai-1.jpg","width":600,"height":600,"caption":"Thai Stoff Pl\u00fcsch-Schildkr\u00f6te Spielzeug"},{"@type":"BreadcrumbList","@id":"https:\/\/maison-chance.org\/shop\/de\/produkt\/schildkroete-2#breadcrumb","itemListElement":[{"@type":"ListItem","position":1,"name":"Trang ch\u1ee7","item":"https:\/\/maison-chance.org\/shop\/de"},{"@type":"ListItem","position":2,"name":"Shop","item":"https:\/\/maison-chance.org\/shop\/shop"},{"@type":"ListItem","position":3,"name":"Schildkr\u00f6te"}]},{"@type":"WebSite","@id":"https:\/\/maison-chance.org\/shop\/de#website","url":"https:\/\/maison-chance.org\/shop\/de","name":"Nh\u00e0 May M\u1eafn - Maison Chance","description":"M\u1ecdi l\u1ee3i nhu\u1eadn thu v\u1ec1 t\u1eeb vi\u1ec7c b\u00e1n h\u00e0ng s\u1ebd tr\u00edch m\u1ed9t ph\u1ea7n \u0111\u1ec3 ch\u0103m lo cho \u0111\u1eddi s\u1ed1ng c\u00e1c b\u1ea1n khuy\u1ebft t\u1eadt v\u00e0 tr\u1ebb m\u1ed3 c\u00f4i \u1edf \u0111\u00e2y","publisher":{"@id":"https:\/\/maison-chance.org\/shop\/de#organization"},"potentialAction":[{"@type":"SearchAction","target":{"@type":"EntryPoint","urlTemplate":"https:\/\/maison-chance.org\/shop\/de?s={search_term_string}"},"query-input":{"@type":"PropertyValueSpecification","valueRequired":true,"valueName":"search_term_string"}}],"inLanguage":"de"},{"@type":"Organization","@id":"https:\/\/maison-chance.org\/shop\/de#organization","name":"Nh\u00e0 May M\u1eafn - Maison Chance","url":"https:\/\/maison-chance.org\/shop\/de","logo":{"@type":"ImageObject","inLanguage":"de","@id":"https:\/\/maison-chance.org\/shop\/de#\/schema\/logo\/image\/","url":"https:\/\/maison-chance.org\/shop\/wp-content\/uploads\/2024\/03\/cropped-Logo_DNXH.png","contentUrl":"https:\/\/maison-chance.org\/shop\/wp-content\/uploads\/2024\/03\/cropped-Logo_DNXH.png","width":512,"height":512,"caption":"Nh\u00e0 May M\u1eafn - Maison Chance"},"image":{"@id":"https:\/\/maison-chance.org\/shop\/de#\/schema\/logo\/image\/"},"sameAs":["https:\/\/www.facebook.com\/dnxh.nhamayman\/"]}]},"og_availability":"instock","product_availability":"instock","product_condition":"new"},"_links":{"self":[{"href":"https:\/\/maison-chance.org\/shop\/de\/wp-json\/wp\/v2\/product\/40749","targetHints":{"allow":["GET"]}}],"collection":[{"href":"https:\/\/maison-chance.org\/shop\/de\/wp-json\/wp\/v2\/product"}],"about":[{"href":"https:\/\/maison-chance.org\/shop\/de\/wp-json\/wp\/v2\/types\/product"}],"wp:featuredmedia":[{"embeddable":true,"href":"https:\/\/maison-chance.org\/shop\/de\/wp-json\/wp\/v2\/media\/36555"}],"wp:attachment":[{"href":"https:\/\/maison-chance.org\/shop\/de\/wp-json\/wp\/v2\/media?parent=40749"}],"wp:term":[{"taxonomy":"product_brand","embeddable":true,"href":"https:\/\/maison-chance.org\/shop\/de\/wp-json\/wp\/v2\/product_brand?post=40749"},{"taxonomy":"product_cat","embeddable":true,"href":"https:\/\/maison-chance.org\/shop\/de\/wp-json\/wp\/v2\/product_cat?post=40749"},{"taxonomy":"product_tag","embeddable":true,"href":"https:\/\/maison-chance.org\/shop\/de\/wp-json\/wp\/v2\/product_tag?post=40749"}],"curies":[{"name":"wp","href":"https:\/\/api.w.org\/{rel}","templated":true}]}}