{"id":40768,"date":"2024-10-22T07:20:40","date_gmt":"2024-10-22T00:20:40","guid":{"rendered":"https:\/\/maison-chance.org\/shop\/san-pham\/schildkroete-3"},"modified":"2025-03-13T10:47:43","modified_gmt":"2025-03-13T03:47:43","slug":"schildkroete-3","status":"publish","type":"product","link":"https:\/\/maison-chance.org\/shop\/de\/produkt\/schildkroete-3","title":{"rendered":"Schildkr\u00f6te"},"content":{"rendered":"<p style=\"text-align: justify;\">Langsam, aber sicher, sanft, aber voller Kraft \u2013 die Schildkr\u00f6te ist seit langem ein Symbol f\u00fcr Ausdauer, Frieden und Gl\u00fcck. Und jetzt k\u00f6nnen Sie dieses Gl\u00fcck in Ihren H\u00e4nden halten mit der Pl\u00fcschschildkr\u00f6te in Tapisserie \u2013 einem lieben, weichen und bunten kleinen Freund!<\/p>\n<p style=\"text-align: justify;\">Das s\u00fc\u00dfe Aussehen mit einer runden Schale, die aus buntem Tapisseriestoff gefertigt ist, zeigt einzigartige, filigrane Muster. Mit ihren sanften Augen und den kurzen, kr\u00e4ftigen Beinen wird Sie die Schildkr\u00f6te sofort verzaubern, so dass Sie sie am liebsten gleich mitnehmen w\u00fcrden! Wir bieten verschiedene Gr\u00f6\u00dfen von 9 x 12 cm bis 23 x 34 cm an, damit Sie sie flexibel in verschiedenen Bereichen platzieren k\u00f6nnen und so eine warme und lebendige Atmosph\u00e4re schaffen k\u00f6nnen.<\/p>\n<p style=\"text-align: justify;\">&#8211; Platzieren Sie die Pl\u00fcschschildkr\u00f6te auf dem Bett oder im B\u00fccherregal eines Kindes, und sie wird ein sicherer, liebevoller Begleiter sein. Die leuchtenden Farben und das Tapisseriemuster werden die Fantasie und Kreativit\u00e4t der Kinder anregen und sch\u00f6ne Tr\u00e4ume schaffen.<\/p>\n<p style=\"text-align: justify;\">&#8211; Nicht nur im Schlafzimmer, auch auf Ihrem Schreibtisch, Regal oder Couchtisch wird die Schildkr\u00f6te zu einem wunderbaren Akzent, der das Ambiente belebt und Ihre pers\u00f6nliche Note zeigt. Die Pl\u00fcschschildkr\u00f6te vermittelt zudem ein Gef\u00fchl von N\u00e4he und W\u00e4rme in Ihrem Zuhause.<\/p>\n<p style=\"text-align: justify;\">&#8211; Wenn Sie auf der Suche nach einem besonderen Geschenk f\u00fcr Freunde oder Verwandte sind, ist die Pl\u00fcschschildkr\u00f6te eine ausgezeichnete Wahl. Es ist nicht nur ein s\u00fc\u00dfes Geschenk, sondern tr\u00e4gt auch die Botschaft von Mitgef\u00fchl und Unterst\u00fctzung f\u00fcr talentierte behinderte N\u00e4herinnen. Dieses Geschenk wird dem Empf\u00e4nger Freude und Wertsch\u00e4tzung bringen.<\/p>\n<p style=\"text-align: justify;\">Lassen Sie die Pl\u00fcschschildkr\u00f6te von <a href=\"https:\/\/maison-chance.org\/shop\">Maison Chance<\/a> Teil Ihres Wohnraums werden! Der Kauf dieses Produkts ist nicht nur eine kluge Entscheidung f\u00fcr Ihre Familie, sondern auch eine bedeutsame Handlung zur Unterst\u00fctzung von behinderten N\u00e4herinnen. Lassen Sie uns gemeinsam Liebe und Sharing verbreiten!<\/p>\n<p><em>Schildkr\u00f6te in Tapisserie \u2013 Ein Hauch von Tradition, eine Prise Liebe und&#8230; viel Gl\u00fcck!<\/em><\/p>\n","protected":false},"excerpt":{"rendered":"<p style=\"text-align: justify;\">Die Produkte werden von benachteiligten behinderten Freunden handgefertigt, in der Hoffnung auf die Unterst\u00fctzung der Kunden.<\/p>\n<p>Material: Brokatstoff<\/p>\n<p>Code: TC17TB<\/p>\n<p>Hotline: <span style=\"font-size: 20px;\"><strong><span style=\"color: #ff0000;\">0909 06 25 28<\/span><\/strong><\/span><\/p>\n<p style=\"text-align: justify;\">Wenn Sie in Vietnam sind, kontaktieren Sie uns bitte \u00fcber die Hotline oder die Maison Chance Business Fanpage, um den Preis in Vietnam zu erfahren.<\/p>\n","protected":false},"featured_media":36912,"template":"","meta":[],"product_brand":[],"product_cat":[244,232],"product_tag":[],"class_list":{"0":"post-40768","1":"product","2":"type-product","3":"status-publish","4":"has-post-thumbnail","6":"product_cat-ausgestopftes-tier-naeherei","7":"product_cat-naeherei","9":"first","10":"instock","11":"shipping-taxable","12":"purchasable","13":"product-type-variable"},"yoast_head":"<!-- This site is optimized with the Yoast SEO Premium plugin v22.7 (Yoast SEO v25.3.1) - https:\/\/yoast.com\/wordpress\/plugins\/seo\/ -->\n<title>Schildkr\u00f6te - Brokat-Pl\u00fcsch-Spielzeug - Nh\u00e0 May M\u1eafn - Maison Chance<\/title>\n<meta name=\"description\" content=\"Die Brokat-Pl\u00fcsch-Schildkr\u00f6te ist ein Spielzeug und ein kreativer Akzent in Ihrem Wohnraum. Das Produkt kann flexibel an verschiedenen Positionen angeordnet werden und hilft, einen gem\u00fctlichen und lebendigen Raum zu schaffen.\" \/>\n<meta name=\"robots\" content=\"index, follow, max-snippet:-1, max-image-preview:large, max-video-preview:-1\" \/>\n<link rel=\"canonical\" href=\"https:\/\/maison-chance.org\/shop\/de\/produkt\/schildkroete-3\" \/>\n<meta property=\"og:locale\" content=\"de_DE\" \/>\n<meta property=\"og:type\" content=\"article\" \/>\n<meta property=\"og:title\" content=\"Schildkr\u00f6te\" \/>\n<meta property=\"og:description\" content=\"Die Brokat-Pl\u00fcsch-Schildkr\u00f6te ist ein Spielzeug und ein kreativer Akzent in Ihrem Wohnraum. Das Produkt kann flexibel an verschiedenen Positionen angeordnet werden und hilft, einen gem\u00fctlichen und lebendigen Raum zu schaffen.\" \/>\n<meta property=\"og:url\" content=\"https:\/\/maison-chance.org\/shop\/de\/produkt\/schildkroete-3\" \/>\n<meta property=\"og:site_name\" content=\"Nh\u00e0 May M\u1eafn - Maison Chance\" \/>\n<meta property=\"article:publisher\" content=\"https:\/\/www.facebook.com\/dnxh.nhamayman\/\" \/>\n<meta property=\"article:modified_time\" content=\"2025-03-13T03:47:43+00:00\" \/>\n<meta property=\"og:image\" content=\"https:\/\/maison-chance.org\/shop\/wp-content\/uploads\/2024\/04\/thu-nhoi-bong-hinh-con-rua-vai-tho-cam-1.jpg\" \/>\n\t<meta property=\"og:image:width\" content=\"600\" \/>\n\t<meta property=\"og:image:height\" content=\"600\" \/>\n\t<meta property=\"og:image:type\" content=\"image\/jpeg\" \/>\n<meta name=\"twitter:card\" content=\"summary_large_image\" \/>\n<meta name=\"twitter:label1\" content=\"Verf\u00fcgbarkeit\" \/>\n\t<meta name=\"twitter:data1\" content=\"Auf Lager\" \/>\n<script type=\"application\/ld+json\" class=\"yoast-schema-graph\">{\"@context\":\"https:\/\/schema.org\",\"@graph\":[{\"@type\":\"WebPage\",\"@id\":\"https:\/\/maison-chance.org\/shop\/de\/produkt\/schildkroete-3\",\"url\":\"https:\/\/maison-chance.org\/shop\/de\/produkt\/schildkroete-3\",\"name\":\"Schildkr\u00f6te - Brokat-Pl\u00fcsch-Spielzeug - Nh\u00e0 May M\u1eafn - Maison Chance\",\"isPartOf\":{\"@id\":\"https:\/\/maison-chance.org\/shop\/de#website\"},\"primaryImageOfPage\":{\"@id\":\"https:\/\/maison-chance.org\/shop\/de\/produkt\/schildkroete-3#primaryimage\"},\"image\":{\"@id\":\"https:\/\/maison-chance.org\/shop\/de\/produkt\/schildkroete-3#primaryimage\"},\"thumbnailUrl\":\"https:\/\/maison-chance.org\/shop\/wp-content\/uploads\/2024\/04\/thu-nhoi-bong-hinh-con-rua-vai-tho-cam-1.jpg\",\"datePublished\":\"2024-10-22T00:20:40+00:00\",\"dateModified\":\"2025-03-13T03:47:43+00:00\",\"description\":\"Die Brokat-Pl\u00fcsch-Schildkr\u00f6te ist ein Spielzeug und ein kreativer Akzent in Ihrem Wohnraum. Das Produkt kann flexibel an verschiedenen Positionen angeordnet werden und hilft, einen gem\u00fctlichen und lebendigen Raum zu schaffen.\",\"breadcrumb\":{\"@id\":\"https:\/\/maison-chance.org\/shop\/de\/produkt\/schildkroete-3#breadcrumb\"},\"inLanguage\":\"de\",\"potentialAction\":[{\"@type\":\"ReadAction\",\"target\":[\"https:\/\/maison-chance.org\/shop\/de\/produkt\/schildkroete-3\"]}]},{\"@type\":\"ImageObject\",\"inLanguage\":\"de\",\"@id\":\"https:\/\/maison-chance.org\/shop\/de\/produkt\/schildkroete-3#primaryimage\",\"url\":\"https:\/\/maison-chance.org\/shop\/wp-content\/uploads\/2024\/04\/thu-nhoi-bong-hinh-con-rua-vai-tho-cam-1.jpg\",\"contentUrl\":\"https:\/\/maison-chance.org\/shop\/wp-content\/uploads\/2024\/04\/thu-nhoi-bong-hinh-con-rua-vai-tho-cam-1.jpg\",\"width\":600,\"height\":600,\"caption\":\"Brokat-Pl\u00fcsch-Schildkr\u00f6te Spielzeug\"},{\"@type\":\"BreadcrumbList\",\"@id\":\"https:\/\/maison-chance.org\/shop\/de\/produkt\/schildkroete-3#breadcrumb\",\"itemListElement\":[{\"@type\":\"ListItem\",\"position\":1,\"name\":\"Trang ch\u1ee7\",\"item\":\"https:\/\/maison-chance.org\/shop\/de\"},{\"@type\":\"ListItem\",\"position\":2,\"name\":\"Shop\",\"item\":\"https:\/\/maison-chance.org\/shop\/shop\"},{\"@type\":\"ListItem\",\"position\":3,\"name\":\"Schildkr\u00f6te\"}]},{\"@type\":\"WebSite\",\"@id\":\"https:\/\/maison-chance.org\/shop\/de#website\",\"url\":\"https:\/\/maison-chance.org\/shop\/de\",\"name\":\"Nh\u00e0 May M\u1eafn - Maison Chance\",\"description\":\"M\u1ecdi l\u1ee3i nhu\u1eadn thu v\u1ec1 t\u1eeb vi\u1ec7c b\u00e1n h\u00e0ng s\u1ebd tr\u00edch m\u1ed9t ph\u1ea7n \u0111\u1ec3 ch\u0103m lo cho \u0111\u1eddi s\u1ed1ng c\u00e1c b\u1ea1n khuy\u1ebft t\u1eadt v\u00e0 tr\u1ebb m\u1ed3 c\u00f4i \u1edf \u0111\u00e2y\",\"publisher\":{\"@id\":\"https:\/\/maison-chance.org\/shop\/de#organization\"},\"potentialAction\":[{\"@type\":\"SearchAction\",\"target\":{\"@type\":\"EntryPoint\",\"urlTemplate\":\"https:\/\/maison-chance.org\/shop\/de?s={search_term_string}\"},\"query-input\":{\"@type\":\"PropertyValueSpecification\",\"valueRequired\":true,\"valueName\":\"search_term_string\"}}],\"inLanguage\":\"de\"},{\"@type\":\"Organization\",\"@id\":\"https:\/\/maison-chance.org\/shop\/de#organization\",\"name\":\"Nh\u00e0 May M\u1eafn - Maison Chance\",\"url\":\"https:\/\/maison-chance.org\/shop\/de\",\"logo\":{\"@type\":\"ImageObject\",\"inLanguage\":\"de\",\"@id\":\"https:\/\/maison-chance.org\/shop\/de#\/schema\/logo\/image\/\",\"url\":\"https:\/\/maison-chance.org\/shop\/wp-content\/uploads\/2024\/03\/cropped-Logo_DNXH.png\",\"contentUrl\":\"https:\/\/maison-chance.org\/shop\/wp-content\/uploads\/2024\/03\/cropped-Logo_DNXH.png\",\"width\":512,\"height\":512,\"caption\":\"Nh\u00e0 May M\u1eafn - Maison Chance\"},\"image\":{\"@id\":\"https:\/\/maison-chance.org\/shop\/de#\/schema\/logo\/image\/\"},\"sameAs\":[\"https:\/\/www.facebook.com\/dnxh.nhamayman\/\"]}]}<\/script>\n<meta property=\"og:availability\" content=\"instock\" \/>\n<meta property=\"product:availability\" content=\"instock\" \/>\n<meta property=\"product:condition\" content=\"new\" \/>\n<!-- \/ Yoast SEO Premium plugin. -->","yoast_head_json":{"title":"Schildkr\u00f6te - Brokat-Pl\u00fcsch-Spielzeug - Nh\u00e0 May M\u1eafn - Maison Chance","description":"Die Brokat-Pl\u00fcsch-Schildkr\u00f6te ist ein Spielzeug und ein kreativer Akzent in Ihrem Wohnraum. Das Produkt kann flexibel an verschiedenen Positionen angeordnet werden und hilft, einen gem\u00fctlichen und lebendigen Raum zu schaffen.","robots":{"index":"index","follow":"follow","max-snippet":"max-snippet:-1","max-image-preview":"max-image-preview:large","max-video-preview":"max-video-preview:-1"},"canonical":"https:\/\/maison-chance.org\/shop\/de\/produkt\/schildkroete-3","og_locale":"de_DE","og_type":"article","og_title":"Schildkr\u00f6te","og_description":"Die Brokat-Pl\u00fcsch-Schildkr\u00f6te ist ein Spielzeug und ein kreativer Akzent in Ihrem Wohnraum. Das Produkt kann flexibel an verschiedenen Positionen angeordnet werden und hilft, einen gem\u00fctlichen und lebendigen Raum zu schaffen.","og_url":"https:\/\/maison-chance.org\/shop\/de\/produkt\/schildkroete-3","og_site_name":"Nh\u00e0 May M\u1eafn - Maison Chance","article_publisher":"https:\/\/www.facebook.com\/dnxh.nhamayman\/","article_modified_time":"2025-03-13T03:47:43+00:00","og_image":[{"width":600,"height":600,"url":"https:\/\/maison-chance.org\/shop\/wp-content\/uploads\/2024\/04\/thu-nhoi-bong-hinh-con-rua-vai-tho-cam-1.jpg","type":"image\/jpeg"}],"twitter_card":"summary_large_image","twitter_misc":{"Verf\u00fcgbarkeit":"Auf Lager"},"schema":{"@context":"https:\/\/schema.org","@graph":[{"@type":"WebPage","@id":"https:\/\/maison-chance.org\/shop\/de\/produkt\/schildkroete-3","url":"https:\/\/maison-chance.org\/shop\/de\/produkt\/schildkroete-3","name":"Schildkr\u00f6te - Brokat-Pl\u00fcsch-Spielzeug - Nh\u00e0 May M\u1eafn - Maison Chance","isPartOf":{"@id":"https:\/\/maison-chance.org\/shop\/de#website"},"primaryImageOfPage":{"@id":"https:\/\/maison-chance.org\/shop\/de\/produkt\/schildkroete-3#primaryimage"},"image":{"@id":"https:\/\/maison-chance.org\/shop\/de\/produkt\/schildkroete-3#primaryimage"},"thumbnailUrl":"https:\/\/maison-chance.org\/shop\/wp-content\/uploads\/2024\/04\/thu-nhoi-bong-hinh-con-rua-vai-tho-cam-1.jpg","datePublished":"2024-10-22T00:20:40+00:00","dateModified":"2025-03-13T03:47:43+00:00","description":"Die Brokat-Pl\u00fcsch-Schildkr\u00f6te ist ein Spielzeug und ein kreativer Akzent in Ihrem Wohnraum. Das Produkt kann flexibel an verschiedenen Positionen angeordnet werden und hilft, einen gem\u00fctlichen und lebendigen Raum zu schaffen.","breadcrumb":{"@id":"https:\/\/maison-chance.org\/shop\/de\/produkt\/schildkroete-3#breadcrumb"},"inLanguage":"de","potentialAction":[{"@type":"ReadAction","target":["https:\/\/maison-chance.org\/shop\/de\/produkt\/schildkroete-3"]}]},{"@type":"ImageObject","inLanguage":"de","@id":"https:\/\/maison-chance.org\/shop\/de\/produkt\/schildkroete-3#primaryimage","url":"https:\/\/maison-chance.org\/shop\/wp-content\/uploads\/2024\/04\/thu-nhoi-bong-hinh-con-rua-vai-tho-cam-1.jpg","contentUrl":"https:\/\/maison-chance.org\/shop\/wp-content\/uploads\/2024\/04\/thu-nhoi-bong-hinh-con-rua-vai-tho-cam-1.jpg","width":600,"height":600,"caption":"Brokat-Pl\u00fcsch-Schildkr\u00f6te Spielzeug"},{"@type":"BreadcrumbList","@id":"https:\/\/maison-chance.org\/shop\/de\/produkt\/schildkroete-3#breadcrumb","itemListElement":[{"@type":"ListItem","position":1,"name":"Trang ch\u1ee7","item":"https:\/\/maison-chance.org\/shop\/de"},{"@type":"ListItem","position":2,"name":"Shop","item":"https:\/\/maison-chance.org\/shop\/shop"},{"@type":"ListItem","position":3,"name":"Schildkr\u00f6te"}]},{"@type":"WebSite","@id":"https:\/\/maison-chance.org\/shop\/de#website","url":"https:\/\/maison-chance.org\/shop\/de","name":"Nh\u00e0 May M\u1eafn - Maison Chance","description":"M\u1ecdi l\u1ee3i nhu\u1eadn thu v\u1ec1 t\u1eeb vi\u1ec7c b\u00e1n h\u00e0ng s\u1ebd tr\u00edch m\u1ed9t ph\u1ea7n \u0111\u1ec3 ch\u0103m lo cho \u0111\u1eddi s\u1ed1ng c\u00e1c b\u1ea1n khuy\u1ebft t\u1eadt v\u00e0 tr\u1ebb m\u1ed3 c\u00f4i \u1edf \u0111\u00e2y","publisher":{"@id":"https:\/\/maison-chance.org\/shop\/de#organization"},"potentialAction":[{"@type":"SearchAction","target":{"@type":"EntryPoint","urlTemplate":"https:\/\/maison-chance.org\/shop\/de?s={search_term_string}"},"query-input":{"@type":"PropertyValueSpecification","valueRequired":true,"valueName":"search_term_string"}}],"inLanguage":"de"},{"@type":"Organization","@id":"https:\/\/maison-chance.org\/shop\/de#organization","name":"Nh\u00e0 May M\u1eafn - Maison Chance","url":"https:\/\/maison-chance.org\/shop\/de","logo":{"@type":"ImageObject","inLanguage":"de","@id":"https:\/\/maison-chance.org\/shop\/de#\/schema\/logo\/image\/","url":"https:\/\/maison-chance.org\/shop\/wp-content\/uploads\/2024\/03\/cropped-Logo_DNXH.png","contentUrl":"https:\/\/maison-chance.org\/shop\/wp-content\/uploads\/2024\/03\/cropped-Logo_DNXH.png","width":512,"height":512,"caption":"Nh\u00e0 May M\u1eafn - Maison Chance"},"image":{"@id":"https:\/\/maison-chance.org\/shop\/de#\/schema\/logo\/image\/"},"sameAs":["https:\/\/www.facebook.com\/dnxh.nhamayman\/"]}]},"og_availability":"instock","product_availability":"instock","product_condition":"new"},"_links":{"self":[{"href":"https:\/\/maison-chance.org\/shop\/de\/wp-json\/wp\/v2\/product\/40768","targetHints":{"allow":["GET"]}}],"collection":[{"href":"https:\/\/maison-chance.org\/shop\/de\/wp-json\/wp\/v2\/product"}],"about":[{"href":"https:\/\/maison-chance.org\/shop\/de\/wp-json\/wp\/v2\/types\/product"}],"wp:featuredmedia":[{"embeddable":true,"href":"https:\/\/maison-chance.org\/shop\/de\/wp-json\/wp\/v2\/media\/36912"}],"wp:attachment":[{"href":"https:\/\/maison-chance.org\/shop\/de\/wp-json\/wp\/v2\/media?parent=40768"}],"wp:term":[{"taxonomy":"product_brand","embeddable":true,"href":"https:\/\/maison-chance.org\/shop\/de\/wp-json\/wp\/v2\/product_brand?post=40768"},{"taxonomy":"product_cat","embeddable":true,"href":"https:\/\/maison-chance.org\/shop\/de\/wp-json\/wp\/v2\/product_cat?post=40768"},{"taxonomy":"product_tag","embeddable":true,"href":"https:\/\/maison-chance.org\/shop\/de\/wp-json\/wp\/v2\/product_tag?post=40768"}],"curies":[{"name":"wp","href":"https:\/\/api.w.org\/{rel}","templated":true}]}}