{"id":40783,"date":"2024-10-23T07:00:21","date_gmt":"2024-10-23T00:00:21","guid":{"rendered":"https:\/\/maison-chance.org\/shop\/san-pham\/elefant-2"},"modified":"2025-03-13T11:06:04","modified_gmt":"2025-03-13T04:06:04","slug":"elefant-2","status":"publish","type":"product","link":"https:\/\/maison-chance.org\/shop\/de\/produkt\/elefant-2","title":{"rendered":"Elefant"},"content":{"rendered":"<p data-start=\"0\" data-end=\"67\"><strong data-start=\"3\" data-end=\"62\">Hochwertiger THAI ELEFANTENSTOFF \u2013 EIN SYMBOLE F\u00dcR GL\u00dcCK UND FRIEDEN<\/strong><\/p>\n<p data-start=\"69\" data-end=\"332\">Wussten Sie, dass Elefanten nicht nur starke Tiere sind, sondern auch Symbole f\u00fcr Weisheit, Gl\u00fcck und Durchhalteverm\u00f6gen? Jetzt wird diese Sch\u00f6nheit perfekt durch den hochwertigen Thai-Elefanten (TH16TB) verk\u00f6rpert \u2013 ein Geschenk, das sowohl raffiniert als auch tiefgr\u00fcndig ist.<\/p>\n<p data-start=\"69\" data-end=\"332\"><strong data-start=\"337\" data-end=\"390\">EIN LIEBENSWERTER AUSDRUCK \u2013 DAS WOHNZIMMER BELEBEN<\/strong><\/p>\n<p data-start=\"69\" data-end=\"332\">Jeder Pl\u00fcsch-Thailand-Elefant wird von Hand aus hochwertigem Thai-Stoff gefertigt, wobei jeder Stich weich, aber fest ist. Der runde K\u00f6rper, die gro\u00dfen runden Ohren, die die W\u00e4rme umh\u00fcllen, und der gebogene R\u00fcssel, der scheint zu winken, kreieren ein Ganzes, das sowohl niedlich als auch luxuri\u00f6s ist.<\/p>\n<p data-start=\"657\" data-end=\"700\"><strong data-start=\"660\" data-end=\"698\">DREI GR\u00d6SSEN F\u00dcR ALLE BED\u00dcRFNISSE<\/strong><\/p>\n<ul data-start=\"701\" data-end=\"1038\">\n<li data-start=\"701\" data-end=\"813\"><strong data-start=\"709\" data-end=\"740\">Klein (10 x 19 cm)<\/strong> \u2013 Ideal zum Platzieren auf Ihrem Schreibtisch, Regal oder als Gl\u00fccksbringer.<\/li>\n<li data-start=\"814\" data-end=\"915\"><strong data-start=\"893\" data-end=\"907\">Mittel (13 x 20 cm)<\/strong> \u2013 Perfekt zur Dekoration einer Studier-Ecke, in der Schublade oder als bedeutungsvolles Amulett.<\/li>\n<li data-start=\"916\" data-end=\"1038\"><strong data-start=\"980\" data-end=\"995\">Gro\u00df (15 x 23 cm)<\/strong> \u2013 Ideal als Kuschelkissen oder Akzentst\u00fcck im Wohnzimmer oder Schlafzimmer, das W\u00e4rme und Frieden bringt.<\/li>\n<\/ul>\n<p><strong data-start=\"819\" data-end=\"860\">EIN BEEINDRUCKENDES GESCHENK \u2013 LIEBE AUSDR\u00dcCKEN!<\/strong><\/p>\n<p>In vielen Kulturen symbolisieren Elefanten Stabilit\u00e4t, Gl\u00fcck und Weisheit. Ein Thai-Elefant zu verschenken bedeutet, W\u00fcnsche f\u00fcr Frieden, Erfolg und Gl\u00fcck zu \u00fcbermitteln. Ob als Geburtstagsgeschenk, zur Hausdekoration oder als Begleiter, dieser Elefant bringt immer gute Dinge mit.<\/p>\n<p style=\"text-align: justify;\">Was dieses Produkt besonders macht, ist die Geschichte, die dahinter steckt. Jeder Elefant ist das Ergebnis unerm\u00fcdlicher Anstrengungen von behinderten N\u00e4herinnen bei Maison Chance. Sie haben physische Barrieren \u00fcberwunden, um qualitativ hochwertige, k\u00fcnstlerische Produkte zu schaffen. Wenn Sie einen Pl\u00fcsch-Elefanten besitzen, erwerben Sie nicht nur ein niedliches Objekt, sondern auch die M\u00f6glichkeit, Menschen mit Behinderungen zu unterst\u00fctzen und ihnen zu helfen, Werte in ihr Leben zu bringen.<\/p>\n<p style=\"text-align: justify;\">Der Kauf eines Pl\u00fcsch-Elefanten von <a href=\"https:\/\/maison-chance.org\/shop\">Maison Chance<\/a> ist nicht nur eine gew\u00f6hnliche Kaufentscheidung. Es ist eine Unterst\u00fctzung f\u00fcr eine Gemeinschaft, die bem\u00fcht ist zu wachsen, und eine M\u00f6glichkeit, an einem mitf\u00fchlenden und toleranten sozialen Umfeld mitzuwirken. Jedes ausgegebene Geld bringt nicht nur ein hochwertiges Produkt, sondern auch eine gro\u00dfe Ermutigung f\u00fcr die talentierten N\u00e4herinnen, die dieser Arbeit nachgehen.<\/p>\n<p><em>Hochwertiger THAI ELEFANT \u2013 Ein St\u00fcck Frieden in einem hektischen Leben!<\/em><\/p>\n","protected":false},"excerpt":{"rendered":"<p style=\"text-align: justify;\">Handgefertigte Produkte von benachteiligten behinderten Freunden hoffen auf Kundenunterst\u00fctzung.<\/p>\n<p>Material: Ethnischer Stoff<\/p>\n<p>Code: TH16TB<\/p>\n<p>Hotline: <span style=\"font-size: 20px;\"><strong><span style=\"color: #ff0000;\">0909 06 25 28<\/span><\/strong><\/span><\/p>\n<p style=\"text-align: justify;\">Wenn Sie sich in Vietnam befinden, kontaktieren Sie uns bitte \u00fcber die Hotline oder die Maison Chance Business Fanpage, um den Preis in Vietnam zu erfahren.<\/p>\n","protected":false},"featured_media":36547,"template":"","meta":[],"product_brand":[],"product_cat":[244,232],"product_tag":[],"class_list":{"0":"post-40783","1":"product","2":"type-product","3":"status-publish","4":"has-post-thumbnail","6":"product_cat-ausgestopftes-tier-naeherei","7":"product_cat-naeherei","9":"first","10":"instock","11":"shipping-taxable","12":"purchasable","13":"product-type-variable"},"yoast_head":"<!-- This site is optimized with the Yoast SEO Premium plugin v22.7 (Yoast SEO v25.3.1) - https:\/\/yoast.com\/wordpress\/plugins\/seo\/ -->\n<title>Elefant - thail\u00e4ndisches Stofftier - Nh\u00e0 May M\u1eafn - Maison Chance<\/title>\n<meta name=\"description\" content=\"Der thail\u00e4ndische Stoffelefant ist eine feine Handarbeit aus hochwertigem thail\u00e4ndischem Stoff. Die Kombination aus luxuri\u00f6sen Farben und traditionellen Mustern schafft ein harmonisches, auffallendes Ganzes\" \/>\n<meta name=\"robots\" content=\"index, follow, max-snippet:-1, max-image-preview:large, max-video-preview:-1\" \/>\n<link rel=\"canonical\" href=\"https:\/\/maison-chance.org\/shop\/de\/produkt\/elefant-2\" \/>\n<meta property=\"og:locale\" content=\"de_DE\" \/>\n<meta property=\"og:type\" content=\"article\" \/>\n<meta property=\"og:title\" content=\"Elefant\" \/>\n<meta property=\"og:description\" content=\"Der thail\u00e4ndische Stoffelefant ist eine feine Handarbeit aus hochwertigem thail\u00e4ndischem Stoff. Die Kombination aus luxuri\u00f6sen Farben und traditionellen Mustern schafft ein harmonisches, auffallendes Ganzes\" \/>\n<meta property=\"og:url\" content=\"https:\/\/maison-chance.org\/shop\/de\/produkt\/elefant-2\" \/>\n<meta property=\"og:site_name\" content=\"Nh\u00e0 May M\u1eafn - Maison Chance\" \/>\n<meta property=\"article:publisher\" content=\"https:\/\/www.facebook.com\/dnxh.nhamayman\/\" \/>\n<meta property=\"article:modified_time\" content=\"2025-03-13T04:06:04+00:00\" \/>\n<meta property=\"og:image\" content=\"https:\/\/maison-chance.org\/shop\/wp-content\/uploads\/2024\/03\/thu-nhoi-bong-hinh-con-voi-vai-thai-1.jpg\" \/>\n\t<meta property=\"og:image:width\" content=\"600\" \/>\n\t<meta property=\"og:image:height\" content=\"600\" \/>\n\t<meta property=\"og:image:type\" content=\"image\/jpeg\" \/>\n<meta name=\"twitter:card\" content=\"summary_large_image\" \/>\n<meta name=\"twitter:label1\" content=\"Verf\u00fcgbarkeit\" \/>\n\t<meta name=\"twitter:data1\" content=\"Auf Lager\" \/>\n<script type=\"application\/ld+json\" class=\"yoast-schema-graph\">{\"@context\":\"https:\/\/schema.org\",\"@graph\":[{\"@type\":\"WebPage\",\"@id\":\"https:\/\/maison-chance.org\/shop\/de\/produkt\/elefant-2\",\"url\":\"https:\/\/maison-chance.org\/shop\/de\/produkt\/elefant-2\",\"name\":\"Elefant - thail\u00e4ndisches Stofftier - Nh\u00e0 May M\u1eafn - Maison Chance\",\"isPartOf\":{\"@id\":\"https:\/\/maison-chance.org\/shop\/de#website\"},\"primaryImageOfPage\":{\"@id\":\"https:\/\/maison-chance.org\/shop\/de\/produkt\/elefant-2#primaryimage\"},\"image\":{\"@id\":\"https:\/\/maison-chance.org\/shop\/de\/produkt\/elefant-2#primaryimage\"},\"thumbnailUrl\":\"https:\/\/maison-chance.org\/shop\/wp-content\/uploads\/2024\/03\/thu-nhoi-bong-hinh-con-voi-vai-thai-1.jpg\",\"datePublished\":\"2024-10-23T00:00:21+00:00\",\"dateModified\":\"2025-03-13T04:06:04+00:00\",\"description\":\"Der thail\u00e4ndische Stoffelefant ist eine feine Handarbeit aus hochwertigem thail\u00e4ndischem Stoff. Die Kombination aus luxuri\u00f6sen Farben und traditionellen Mustern schafft ein harmonisches, auffallendes Ganzes\",\"breadcrumb\":{\"@id\":\"https:\/\/maison-chance.org\/shop\/de\/produkt\/elefant-2#breadcrumb\"},\"inLanguage\":\"de\",\"potentialAction\":[{\"@type\":\"ReadAction\",\"target\":[\"https:\/\/maison-chance.org\/shop\/de\/produkt\/elefant-2\"]}]},{\"@type\":\"ImageObject\",\"inLanguage\":\"de\",\"@id\":\"https:\/\/maison-chance.org\/shop\/de\/produkt\/elefant-2#primaryimage\",\"url\":\"https:\/\/maison-chance.org\/shop\/wp-content\/uploads\/2024\/03\/thu-nhoi-bong-hinh-con-voi-vai-thai-1.jpg\",\"contentUrl\":\"https:\/\/maison-chance.org\/shop\/wp-content\/uploads\/2024\/03\/thu-nhoi-bong-hinh-con-voi-vai-thai-1.jpg\",\"width\":600,\"height\":600,\"caption\":\"Thail\u00e4ndischer Stoffelefant\"},{\"@type\":\"BreadcrumbList\",\"@id\":\"https:\/\/maison-chance.org\/shop\/de\/produkt\/elefant-2#breadcrumb\",\"itemListElement\":[{\"@type\":\"ListItem\",\"position\":1,\"name\":\"Trang ch\u1ee7\",\"item\":\"https:\/\/maison-chance.org\/shop\/de\"},{\"@type\":\"ListItem\",\"position\":2,\"name\":\"Shop\",\"item\":\"https:\/\/maison-chance.org\/shop\/shop\"},{\"@type\":\"ListItem\",\"position\":3,\"name\":\"Elefant\"}]},{\"@type\":\"WebSite\",\"@id\":\"https:\/\/maison-chance.org\/shop\/de#website\",\"url\":\"https:\/\/maison-chance.org\/shop\/de\",\"name\":\"Nh\u00e0 May M\u1eafn - Maison Chance\",\"description\":\"M\u1ecdi l\u1ee3i nhu\u1eadn thu v\u1ec1 t\u1eeb vi\u1ec7c b\u00e1n h\u00e0ng s\u1ebd tr\u00edch m\u1ed9t ph\u1ea7n \u0111\u1ec3 ch\u0103m lo cho \u0111\u1eddi s\u1ed1ng c\u00e1c b\u1ea1n khuy\u1ebft t\u1eadt v\u00e0 tr\u1ebb m\u1ed3 c\u00f4i \u1edf \u0111\u00e2y\",\"publisher\":{\"@id\":\"https:\/\/maison-chance.org\/shop\/de#organization\"},\"potentialAction\":[{\"@type\":\"SearchAction\",\"target\":{\"@type\":\"EntryPoint\",\"urlTemplate\":\"https:\/\/maison-chance.org\/shop\/de?s={search_term_string}\"},\"query-input\":{\"@type\":\"PropertyValueSpecification\",\"valueRequired\":true,\"valueName\":\"search_term_string\"}}],\"inLanguage\":\"de\"},{\"@type\":\"Organization\",\"@id\":\"https:\/\/maison-chance.org\/shop\/de#organization\",\"name\":\"Nh\u00e0 May M\u1eafn - Maison Chance\",\"url\":\"https:\/\/maison-chance.org\/shop\/de\",\"logo\":{\"@type\":\"ImageObject\",\"inLanguage\":\"de\",\"@id\":\"https:\/\/maison-chance.org\/shop\/de#\/schema\/logo\/image\/\",\"url\":\"https:\/\/maison-chance.org\/shop\/wp-content\/uploads\/2024\/03\/cropped-Logo_DNXH.png\",\"contentUrl\":\"https:\/\/maison-chance.org\/shop\/wp-content\/uploads\/2024\/03\/cropped-Logo_DNXH.png\",\"width\":512,\"height\":512,\"caption\":\"Nh\u00e0 May M\u1eafn - Maison Chance\"},\"image\":{\"@id\":\"https:\/\/maison-chance.org\/shop\/de#\/schema\/logo\/image\/\"},\"sameAs\":[\"https:\/\/www.facebook.com\/dnxh.nhamayman\/\"]}]}<\/script>\n<meta property=\"og:availability\" content=\"instock\" \/>\n<meta property=\"product:availability\" content=\"instock\" \/>\n<meta property=\"product:condition\" content=\"new\" \/>\n<!-- \/ Yoast SEO Premium plugin. -->","yoast_head_json":{"title":"Elefant - thail\u00e4ndisches Stofftier - Nh\u00e0 May M\u1eafn - Maison Chance","description":"Der thail\u00e4ndische Stoffelefant ist eine feine Handarbeit aus hochwertigem thail\u00e4ndischem Stoff. Die Kombination aus luxuri\u00f6sen Farben und traditionellen Mustern schafft ein harmonisches, auffallendes Ganzes","robots":{"index":"index","follow":"follow","max-snippet":"max-snippet:-1","max-image-preview":"max-image-preview:large","max-video-preview":"max-video-preview:-1"},"canonical":"https:\/\/maison-chance.org\/shop\/de\/produkt\/elefant-2","og_locale":"de_DE","og_type":"article","og_title":"Elefant","og_description":"Der thail\u00e4ndische Stoffelefant ist eine feine Handarbeit aus hochwertigem thail\u00e4ndischem Stoff. Die Kombination aus luxuri\u00f6sen Farben und traditionellen Mustern schafft ein harmonisches, auffallendes Ganzes","og_url":"https:\/\/maison-chance.org\/shop\/de\/produkt\/elefant-2","og_site_name":"Nh\u00e0 May M\u1eafn - Maison Chance","article_publisher":"https:\/\/www.facebook.com\/dnxh.nhamayman\/","article_modified_time":"2025-03-13T04:06:04+00:00","og_image":[{"width":600,"height":600,"url":"https:\/\/maison-chance.org\/shop\/wp-content\/uploads\/2024\/03\/thu-nhoi-bong-hinh-con-voi-vai-thai-1.jpg","type":"image\/jpeg"}],"twitter_card":"summary_large_image","twitter_misc":{"Verf\u00fcgbarkeit":"Auf Lager"},"schema":{"@context":"https:\/\/schema.org","@graph":[{"@type":"WebPage","@id":"https:\/\/maison-chance.org\/shop\/de\/produkt\/elefant-2","url":"https:\/\/maison-chance.org\/shop\/de\/produkt\/elefant-2","name":"Elefant - thail\u00e4ndisches Stofftier - Nh\u00e0 May M\u1eafn - Maison Chance","isPartOf":{"@id":"https:\/\/maison-chance.org\/shop\/de#website"},"primaryImageOfPage":{"@id":"https:\/\/maison-chance.org\/shop\/de\/produkt\/elefant-2#primaryimage"},"image":{"@id":"https:\/\/maison-chance.org\/shop\/de\/produkt\/elefant-2#primaryimage"},"thumbnailUrl":"https:\/\/maison-chance.org\/shop\/wp-content\/uploads\/2024\/03\/thu-nhoi-bong-hinh-con-voi-vai-thai-1.jpg","datePublished":"2024-10-23T00:00:21+00:00","dateModified":"2025-03-13T04:06:04+00:00","description":"Der thail\u00e4ndische Stoffelefant ist eine feine Handarbeit aus hochwertigem thail\u00e4ndischem Stoff. Die Kombination aus luxuri\u00f6sen Farben und traditionellen Mustern schafft ein harmonisches, auffallendes Ganzes","breadcrumb":{"@id":"https:\/\/maison-chance.org\/shop\/de\/produkt\/elefant-2#breadcrumb"},"inLanguage":"de","potentialAction":[{"@type":"ReadAction","target":["https:\/\/maison-chance.org\/shop\/de\/produkt\/elefant-2"]}]},{"@type":"ImageObject","inLanguage":"de","@id":"https:\/\/maison-chance.org\/shop\/de\/produkt\/elefant-2#primaryimage","url":"https:\/\/maison-chance.org\/shop\/wp-content\/uploads\/2024\/03\/thu-nhoi-bong-hinh-con-voi-vai-thai-1.jpg","contentUrl":"https:\/\/maison-chance.org\/shop\/wp-content\/uploads\/2024\/03\/thu-nhoi-bong-hinh-con-voi-vai-thai-1.jpg","width":600,"height":600,"caption":"Thail\u00e4ndischer Stoffelefant"},{"@type":"BreadcrumbList","@id":"https:\/\/maison-chance.org\/shop\/de\/produkt\/elefant-2#breadcrumb","itemListElement":[{"@type":"ListItem","position":1,"name":"Trang ch\u1ee7","item":"https:\/\/maison-chance.org\/shop\/de"},{"@type":"ListItem","position":2,"name":"Shop","item":"https:\/\/maison-chance.org\/shop\/shop"},{"@type":"ListItem","position":3,"name":"Elefant"}]},{"@type":"WebSite","@id":"https:\/\/maison-chance.org\/shop\/de#website","url":"https:\/\/maison-chance.org\/shop\/de","name":"Nh\u00e0 May M\u1eafn - Maison Chance","description":"M\u1ecdi l\u1ee3i nhu\u1eadn thu v\u1ec1 t\u1eeb vi\u1ec7c b\u00e1n h\u00e0ng s\u1ebd tr\u00edch m\u1ed9t ph\u1ea7n \u0111\u1ec3 ch\u0103m lo cho \u0111\u1eddi s\u1ed1ng c\u00e1c b\u1ea1n khuy\u1ebft t\u1eadt v\u00e0 tr\u1ebb m\u1ed3 c\u00f4i \u1edf \u0111\u00e2y","publisher":{"@id":"https:\/\/maison-chance.org\/shop\/de#organization"},"potentialAction":[{"@type":"SearchAction","target":{"@type":"EntryPoint","urlTemplate":"https:\/\/maison-chance.org\/shop\/de?s={search_term_string}"},"query-input":{"@type":"PropertyValueSpecification","valueRequired":true,"valueName":"search_term_string"}}],"inLanguage":"de"},{"@type":"Organization","@id":"https:\/\/maison-chance.org\/shop\/de#organization","name":"Nh\u00e0 May M\u1eafn - Maison Chance","url":"https:\/\/maison-chance.org\/shop\/de","logo":{"@type":"ImageObject","inLanguage":"de","@id":"https:\/\/maison-chance.org\/shop\/de#\/schema\/logo\/image\/","url":"https:\/\/maison-chance.org\/shop\/wp-content\/uploads\/2024\/03\/cropped-Logo_DNXH.png","contentUrl":"https:\/\/maison-chance.org\/shop\/wp-content\/uploads\/2024\/03\/cropped-Logo_DNXH.png","width":512,"height":512,"caption":"Nh\u00e0 May M\u1eafn - Maison Chance"},"image":{"@id":"https:\/\/maison-chance.org\/shop\/de#\/schema\/logo\/image\/"},"sameAs":["https:\/\/www.facebook.com\/dnxh.nhamayman\/"]}]},"og_availability":"instock","product_availability":"instock","product_condition":"new"},"_links":{"self":[{"href":"https:\/\/maison-chance.org\/shop\/de\/wp-json\/wp\/v2\/product\/40783","targetHints":{"allow":["GET"]}}],"collection":[{"href":"https:\/\/maison-chance.org\/shop\/de\/wp-json\/wp\/v2\/product"}],"about":[{"href":"https:\/\/maison-chance.org\/shop\/de\/wp-json\/wp\/v2\/types\/product"}],"wp:featuredmedia":[{"embeddable":true,"href":"https:\/\/maison-chance.org\/shop\/de\/wp-json\/wp\/v2\/media\/36547"}],"wp:attachment":[{"href":"https:\/\/maison-chance.org\/shop\/de\/wp-json\/wp\/v2\/media?parent=40783"}],"wp:term":[{"taxonomy":"product_brand","embeddable":true,"href":"https:\/\/maison-chance.org\/shop\/de\/wp-json\/wp\/v2\/product_brand?post=40783"},{"taxonomy":"product_cat","embeddable":true,"href":"https:\/\/maison-chance.org\/shop\/de\/wp-json\/wp\/v2\/product_cat?post=40783"},{"taxonomy":"product_tag","embeddable":true,"href":"https:\/\/maison-chance.org\/shop\/de\/wp-json\/wp\/v2\/product_tag?post=40783"}],"curies":[{"name":"wp","href":"https:\/\/api.w.org\/{rel}","templated":true}]}}