{"id":40813,"date":"2024-10-23T07:15:21","date_gmt":"2024-10-23T00:15:21","guid":{"rendered":"https:\/\/maison-chance.org\/shop\/san-pham\/esel-2"},"modified":"2025-03-17T09:25:23","modified_gmt":"2025-03-17T02:25:23","slug":"esel-2","status":"publish","type":"product","link":"https:\/\/maison-chance.org\/shop\/de\/produkt\/esel-2","title":{"rendered":"Esel"},"content":{"rendered":"<p style=\"text-align: justify;\">Aus farbenfrohen Brokatstoffen haben behinderte Schneider bei Maison Chance einzigartige handgefertigte Produkte geschaffen, die die vietnamesische kulturelle Identit\u00e4t tief widerspiegeln. Der Brokat-Stoffel ist eines ihrer charakteristischen St\u00fccke und zeigt das K\u00f6nnen und die Hingabe dieser besonderen Schneider.<\/p>\n<p style=\"text-align: justify;\">Mit dem Code TC14TB versehen, ist jeder Brokat-Stoffel ein kleines Kunstwerk, das in drei verschiedenen Gr\u00f6\u00dfen erh\u00e4ltlich ist: 14 x 15 cm, 15 x 21 cm und 22 x 24 cm, um den unterschiedlichen Bed\u00fcrfnissen der Kunden gerecht zu werden. Was jedes Produkt besonders macht, ist die harmonische Kombination aus traditionellem Brokatmaterial und modernen N\u00e4htechniken, die ein perfektes Ensemble von Linien bis hin zu Farben schafft.<\/p>\n<p style=\"text-align: justify;\">Die charakteristischen geometrischen Muster auf dem Brokatstoff sind fein farblich abgestimmt. Die M\u00e4hne und der Schwanz bestehen aus weicher wei\u00dfer Wolle, die nicht nur Charme verleiht, sondern auch Authentizit\u00e4t f\u00fcr das Produkt schafft. Jedes kleine Detail wie Augen, Nase und Ohren wird sorgf\u00e4ltig gen\u00e4ht und zeigt Professionalit\u00e4t in jedem Stich.<\/p>\n<p style=\"text-align: justify;\">Der Brokat-Stoffel kann zu einem einzigartigen Akzent in Ihrem Wohnraum werden. Auf einem Schreibtisch platziert, wird er zu einem entz\u00fcckenden Begleiter w\u00e4hrend stressiger Arbeitsstunden. In Kinderzimmern ist er nicht nur ein sicheres Spielzeug, sondern hilft Kindern auch, sich durch die markanten Brokatmuster mit der traditionellen Kultur vertraut zu machen. Auf B\u00fccherregalen oder in Entspannungsecken schafft das Produkt einen beeindruckenden Akzent, der den raffinierten \u00e4sthetischen Geschmack des Besitzers widerspiegelt.<\/p>\n<p style=\"text-align: justify;\">Jeder Stoffel ist nicht nur ein dekoratives Objekt, sondern auch eine ber\u00fchrende Geschichte \u00fcber die Entschlossenheit und Leidenschaft behinderter Schneider. Durch jeden Stich vermitteln sie ihre Liebe zum Handwerk und ihr Streben nach Integration in die Gemeinschaft. Das Produkt ist auch ein bedeutungsvolles Geschenk, das Unterst\u00fctzung und Wertsch\u00e4tzung f\u00fcr die anhaltenden Bem\u00fchungen der behinderten Gemeinschaft zeigt.<\/p>\n<p style=\"text-align: justify;\">Bitte \u00f6ffnen Sie Ihr Herz und unterst\u00fctzen Sie mit uns diese bedeutungsvollen Produkte von <a href=\"https:\/\/maison-chance.org\/shop\">Maison Chance<\/a>. Der Brokat-Stoffel ist nicht nur ein einzigartiges Geschenk, sondern auch eine Br\u00fccke der Liebe, die behinderte Schneider ermutigt, Schwierigkeiten zu \u00fcberwinden und sich in die Gemeinschaft zu integrieren. Jedes Produkt ist eine sch\u00f6ne Geschichte \u00fcber Glauben und Hoffnung; lassen Sie uns gemeinsam diese guten Werte an alle verbreiten.<\/p>\n","protected":false},"excerpt":{"rendered":"<p style=\"text-align: justify;\">Handgefertigte Produkte unserer benachteiligten behinderten Freunde bitten freundlich um Ihre Unterst\u00fctzung.<\/p>\n<p>Material: Brokatstoff<\/p>\n<p>Code: TC14TB<\/p>\n<p>Hotline: <span style=\"font-size: 20px;\"><strong><span style=\"color: #ff0000;\">0909 06 25 28<\/span><\/strong><\/span><\/p>\n<p style=\"text-align: justify;\">Wenn Sie sich in Vietnam befinden, kontaktieren Sie uns bitte \u00fcber die Hotline oder die Maison Chance Business Fanpage, um den Preis in Vietnam zu erfahren.<\/p>\n","protected":false},"featured_media":36781,"template":"","meta":[],"product_brand":[],"product_cat":[244,232],"product_tag":[],"class_list":{"0":"post-40813","1":"product","2":"type-product","3":"status-publish","4":"has-post-thumbnail","6":"product_cat-ausgestopftes-tier-naeherei","7":"product_cat-naeherei","9":"first","10":"instock","11":"shipping-taxable","12":"purchasable","13":"product-type-variable"},"yoast_head":"<!-- This site is optimized with the Yoast SEO Premium plugin v22.7 (Yoast SEO v25.3.1) - https:\/\/yoast.com\/wordpress\/plugins\/seo\/ -->\n<title>Esel- Brokat-Stofftiere - Nh\u00e0 May M\u1eafn - Maison Chance<\/title>\n<meta name=\"description\" content=\"Brokat-Stoffesel von Maison Chance, sorgf\u00e4ltig gen\u00e4ht von talentierten behinderten Schneidern, ist ein bedeutungsvolles Geschenk, das zur Unterst\u00fctzung der sozialen Integration der Behindertengemeinschaft beitr\u00e4gt\" \/>\n<meta name=\"robots\" content=\"index, follow, max-snippet:-1, max-image-preview:large, max-video-preview:-1\" \/>\n<link rel=\"canonical\" href=\"https:\/\/maison-chance.org\/shop\/de\/produkt\/esel-2\" \/>\n<meta property=\"og:locale\" content=\"de_DE\" \/>\n<meta property=\"og:type\" content=\"article\" \/>\n<meta property=\"og:title\" content=\"Esel\" \/>\n<meta property=\"og:description\" content=\"Brokat-Stoffesel von Maison Chance, sorgf\u00e4ltig gen\u00e4ht von talentierten behinderten Schneidern, ist ein bedeutungsvolles Geschenk, das zur Unterst\u00fctzung der sozialen Integration der Behindertengemeinschaft beitr\u00e4gt\" \/>\n<meta property=\"og:url\" content=\"https:\/\/maison-chance.org\/shop\/de\/produkt\/esel-2\" \/>\n<meta property=\"og:site_name\" content=\"Nh\u00e0 May M\u1eafn - Maison Chance\" \/>\n<meta property=\"article:publisher\" content=\"https:\/\/www.facebook.com\/dnxh.nhamayman\/\" \/>\n<meta property=\"article:modified_time\" content=\"2025-03-17T02:25:23+00:00\" \/>\n<meta property=\"og:image\" content=\"https:\/\/maison-chance.org\/shop\/wp-content\/uploads\/2024\/04\/thu-nhoi-bong-hinh-con-lua-vai-tho-cam-1.jpg\" \/>\n\t<meta property=\"og:image:width\" content=\"600\" \/>\n\t<meta property=\"og:image:height\" content=\"600\" \/>\n\t<meta property=\"og:image:type\" content=\"image\/jpeg\" \/>\n<meta name=\"twitter:card\" content=\"summary_large_image\" \/>\n<meta name=\"twitter:label1\" content=\"Verf\u00fcgbarkeit\" \/>\n\t<meta name=\"twitter:data1\" content=\"Auf Lager\" \/>\n<script type=\"application\/ld+json\" class=\"yoast-schema-graph\">{\"@context\":\"https:\/\/schema.org\",\"@graph\":[{\"@type\":\"WebPage\",\"@id\":\"https:\/\/maison-chance.org\/shop\/de\/produkt\/esel-2\",\"url\":\"https:\/\/maison-chance.org\/shop\/de\/produkt\/esel-2\",\"name\":\"Esel- Brokat-Stofftiere - Nh\u00e0 May M\u1eafn - Maison Chance\",\"isPartOf\":{\"@id\":\"https:\/\/maison-chance.org\/shop\/de#website\"},\"primaryImageOfPage\":{\"@id\":\"https:\/\/maison-chance.org\/shop\/de\/produkt\/esel-2#primaryimage\"},\"image\":{\"@id\":\"https:\/\/maison-chance.org\/shop\/de\/produkt\/esel-2#primaryimage\"},\"thumbnailUrl\":\"https:\/\/maison-chance.org\/shop\/wp-content\/uploads\/2024\/04\/thu-nhoi-bong-hinh-con-lua-vai-tho-cam-1.jpg\",\"datePublished\":\"2024-10-23T00:15:21+00:00\",\"dateModified\":\"2025-03-17T02:25:23+00:00\",\"description\":\"Brokat-Stoffesel von Maison Chance, sorgf\u00e4ltig gen\u00e4ht von talentierten behinderten Schneidern, ist ein bedeutungsvolles Geschenk, das zur Unterst\u00fctzung der sozialen Integration der Behindertengemeinschaft beitr\u00e4gt\",\"breadcrumb\":{\"@id\":\"https:\/\/maison-chance.org\/shop\/de\/produkt\/esel-2#breadcrumb\"},\"inLanguage\":\"de\",\"potentialAction\":[{\"@type\":\"ReadAction\",\"target\":[\"https:\/\/maison-chance.org\/shop\/de\/produkt\/esel-2\"]}]},{\"@type\":\"ImageObject\",\"inLanguage\":\"de\",\"@id\":\"https:\/\/maison-chance.org\/shop\/de\/produkt\/esel-2#primaryimage\",\"url\":\"https:\/\/maison-chance.org\/shop\/wp-content\/uploads\/2024\/04\/thu-nhoi-bong-hinh-con-lua-vai-tho-cam-1.jpg\",\"contentUrl\":\"https:\/\/maison-chance.org\/shop\/wp-content\/uploads\/2024\/04\/thu-nhoi-bong-hinh-con-lua-vai-tho-cam-1.jpg\",\"width\":600,\"height\":600,\"caption\":\"Brokat-Stoffesel\"},{\"@type\":\"BreadcrumbList\",\"@id\":\"https:\/\/maison-chance.org\/shop\/de\/produkt\/esel-2#breadcrumb\",\"itemListElement\":[{\"@type\":\"ListItem\",\"position\":1,\"name\":\"Trang ch\u1ee7\",\"item\":\"https:\/\/maison-chance.org\/shop\/de\"},{\"@type\":\"ListItem\",\"position\":2,\"name\":\"Shop\",\"item\":\"https:\/\/maison-chance.org\/shop\/shop\"},{\"@type\":\"ListItem\",\"position\":3,\"name\":\"Esel\"}]},{\"@type\":\"WebSite\",\"@id\":\"https:\/\/maison-chance.org\/shop\/de#website\",\"url\":\"https:\/\/maison-chance.org\/shop\/de\",\"name\":\"Nh\u00e0 May M\u1eafn - Maison Chance\",\"description\":\"M\u1ecdi l\u1ee3i nhu\u1eadn thu v\u1ec1 t\u1eeb vi\u1ec7c b\u00e1n h\u00e0ng s\u1ebd tr\u00edch m\u1ed9t ph\u1ea7n \u0111\u1ec3 ch\u0103m lo cho \u0111\u1eddi s\u1ed1ng c\u00e1c b\u1ea1n khuy\u1ebft t\u1eadt v\u00e0 tr\u1ebb m\u1ed3 c\u00f4i \u1edf \u0111\u00e2y\",\"publisher\":{\"@id\":\"https:\/\/maison-chance.org\/shop\/de#organization\"},\"potentialAction\":[{\"@type\":\"SearchAction\",\"target\":{\"@type\":\"EntryPoint\",\"urlTemplate\":\"https:\/\/maison-chance.org\/shop\/de?s={search_term_string}\"},\"query-input\":{\"@type\":\"PropertyValueSpecification\",\"valueRequired\":true,\"valueName\":\"search_term_string\"}}],\"inLanguage\":\"de\"},{\"@type\":\"Organization\",\"@id\":\"https:\/\/maison-chance.org\/shop\/de#organization\",\"name\":\"Nh\u00e0 May M\u1eafn - Maison Chance\",\"url\":\"https:\/\/maison-chance.org\/shop\/de\",\"logo\":{\"@type\":\"ImageObject\",\"inLanguage\":\"de\",\"@id\":\"https:\/\/maison-chance.org\/shop\/de#\/schema\/logo\/image\/\",\"url\":\"https:\/\/maison-chance.org\/shop\/wp-content\/uploads\/2024\/03\/cropped-Logo_DNXH.png\",\"contentUrl\":\"https:\/\/maison-chance.org\/shop\/wp-content\/uploads\/2024\/03\/cropped-Logo_DNXH.png\",\"width\":512,\"height\":512,\"caption\":\"Nh\u00e0 May M\u1eafn - Maison Chance\"},\"image\":{\"@id\":\"https:\/\/maison-chance.org\/shop\/de#\/schema\/logo\/image\/\"},\"sameAs\":[\"https:\/\/www.facebook.com\/dnxh.nhamayman\/\"]}]}<\/script>\n<meta property=\"og:availability\" content=\"instock\" \/>\n<meta property=\"product:availability\" content=\"instock\" \/>\n<meta property=\"product:condition\" content=\"new\" \/>\n<!-- \/ Yoast SEO Premium plugin. -->","yoast_head_json":{"title":"Esel- Brokat-Stofftiere - Nh\u00e0 May M\u1eafn - Maison Chance","description":"Brokat-Stoffesel von Maison Chance, sorgf\u00e4ltig gen\u00e4ht von talentierten behinderten Schneidern, ist ein bedeutungsvolles Geschenk, das zur Unterst\u00fctzung der sozialen Integration der Behindertengemeinschaft beitr\u00e4gt","robots":{"index":"index","follow":"follow","max-snippet":"max-snippet:-1","max-image-preview":"max-image-preview:large","max-video-preview":"max-video-preview:-1"},"canonical":"https:\/\/maison-chance.org\/shop\/de\/produkt\/esel-2","og_locale":"de_DE","og_type":"article","og_title":"Esel","og_description":"Brokat-Stoffesel von Maison Chance, sorgf\u00e4ltig gen\u00e4ht von talentierten behinderten Schneidern, ist ein bedeutungsvolles Geschenk, das zur Unterst\u00fctzung der sozialen Integration der Behindertengemeinschaft beitr\u00e4gt","og_url":"https:\/\/maison-chance.org\/shop\/de\/produkt\/esel-2","og_site_name":"Nh\u00e0 May M\u1eafn - Maison Chance","article_publisher":"https:\/\/www.facebook.com\/dnxh.nhamayman\/","article_modified_time":"2025-03-17T02:25:23+00:00","og_image":[{"width":600,"height":600,"url":"https:\/\/maison-chance.org\/shop\/wp-content\/uploads\/2024\/04\/thu-nhoi-bong-hinh-con-lua-vai-tho-cam-1.jpg","type":"image\/jpeg"}],"twitter_card":"summary_large_image","twitter_misc":{"Verf\u00fcgbarkeit":"Auf Lager"},"schema":{"@context":"https:\/\/schema.org","@graph":[{"@type":"WebPage","@id":"https:\/\/maison-chance.org\/shop\/de\/produkt\/esel-2","url":"https:\/\/maison-chance.org\/shop\/de\/produkt\/esel-2","name":"Esel- Brokat-Stofftiere - Nh\u00e0 May M\u1eafn - Maison Chance","isPartOf":{"@id":"https:\/\/maison-chance.org\/shop\/de#website"},"primaryImageOfPage":{"@id":"https:\/\/maison-chance.org\/shop\/de\/produkt\/esel-2#primaryimage"},"image":{"@id":"https:\/\/maison-chance.org\/shop\/de\/produkt\/esel-2#primaryimage"},"thumbnailUrl":"https:\/\/maison-chance.org\/shop\/wp-content\/uploads\/2024\/04\/thu-nhoi-bong-hinh-con-lua-vai-tho-cam-1.jpg","datePublished":"2024-10-23T00:15:21+00:00","dateModified":"2025-03-17T02:25:23+00:00","description":"Brokat-Stoffesel von Maison Chance, sorgf\u00e4ltig gen\u00e4ht von talentierten behinderten Schneidern, ist ein bedeutungsvolles Geschenk, das zur Unterst\u00fctzung der sozialen Integration der Behindertengemeinschaft beitr\u00e4gt","breadcrumb":{"@id":"https:\/\/maison-chance.org\/shop\/de\/produkt\/esel-2#breadcrumb"},"inLanguage":"de","potentialAction":[{"@type":"ReadAction","target":["https:\/\/maison-chance.org\/shop\/de\/produkt\/esel-2"]}]},{"@type":"ImageObject","inLanguage":"de","@id":"https:\/\/maison-chance.org\/shop\/de\/produkt\/esel-2#primaryimage","url":"https:\/\/maison-chance.org\/shop\/wp-content\/uploads\/2024\/04\/thu-nhoi-bong-hinh-con-lua-vai-tho-cam-1.jpg","contentUrl":"https:\/\/maison-chance.org\/shop\/wp-content\/uploads\/2024\/04\/thu-nhoi-bong-hinh-con-lua-vai-tho-cam-1.jpg","width":600,"height":600,"caption":"Brokat-Stoffesel"},{"@type":"BreadcrumbList","@id":"https:\/\/maison-chance.org\/shop\/de\/produkt\/esel-2#breadcrumb","itemListElement":[{"@type":"ListItem","position":1,"name":"Trang ch\u1ee7","item":"https:\/\/maison-chance.org\/shop\/de"},{"@type":"ListItem","position":2,"name":"Shop","item":"https:\/\/maison-chance.org\/shop\/shop"},{"@type":"ListItem","position":3,"name":"Esel"}]},{"@type":"WebSite","@id":"https:\/\/maison-chance.org\/shop\/de#website","url":"https:\/\/maison-chance.org\/shop\/de","name":"Nh\u00e0 May M\u1eafn - Maison Chance","description":"M\u1ecdi l\u1ee3i nhu\u1eadn thu v\u1ec1 t\u1eeb vi\u1ec7c b\u00e1n h\u00e0ng s\u1ebd tr\u00edch m\u1ed9t ph\u1ea7n \u0111\u1ec3 ch\u0103m lo cho \u0111\u1eddi s\u1ed1ng c\u00e1c b\u1ea1n khuy\u1ebft t\u1eadt v\u00e0 tr\u1ebb m\u1ed3 c\u00f4i \u1edf \u0111\u00e2y","publisher":{"@id":"https:\/\/maison-chance.org\/shop\/de#organization"},"potentialAction":[{"@type":"SearchAction","target":{"@type":"EntryPoint","urlTemplate":"https:\/\/maison-chance.org\/shop\/de?s={search_term_string}"},"query-input":{"@type":"PropertyValueSpecification","valueRequired":true,"valueName":"search_term_string"}}],"inLanguage":"de"},{"@type":"Organization","@id":"https:\/\/maison-chance.org\/shop\/de#organization","name":"Nh\u00e0 May M\u1eafn - Maison Chance","url":"https:\/\/maison-chance.org\/shop\/de","logo":{"@type":"ImageObject","inLanguage":"de","@id":"https:\/\/maison-chance.org\/shop\/de#\/schema\/logo\/image\/","url":"https:\/\/maison-chance.org\/shop\/wp-content\/uploads\/2024\/03\/cropped-Logo_DNXH.png","contentUrl":"https:\/\/maison-chance.org\/shop\/wp-content\/uploads\/2024\/03\/cropped-Logo_DNXH.png","width":512,"height":512,"caption":"Nh\u00e0 May M\u1eafn - Maison Chance"},"image":{"@id":"https:\/\/maison-chance.org\/shop\/de#\/schema\/logo\/image\/"},"sameAs":["https:\/\/www.facebook.com\/dnxh.nhamayman\/"]}]},"og_availability":"instock","product_availability":"instock","product_condition":"new"},"_links":{"self":[{"href":"https:\/\/maison-chance.org\/shop\/de\/wp-json\/wp\/v2\/product\/40813","targetHints":{"allow":["GET"]}}],"collection":[{"href":"https:\/\/maison-chance.org\/shop\/de\/wp-json\/wp\/v2\/product"}],"about":[{"href":"https:\/\/maison-chance.org\/shop\/de\/wp-json\/wp\/v2\/types\/product"}],"wp:featuredmedia":[{"embeddable":true,"href":"https:\/\/maison-chance.org\/shop\/de\/wp-json\/wp\/v2\/media\/36781"}],"wp:attachment":[{"href":"https:\/\/maison-chance.org\/shop\/de\/wp-json\/wp\/v2\/media?parent=40813"}],"wp:term":[{"taxonomy":"product_brand","embeddable":true,"href":"https:\/\/maison-chance.org\/shop\/de\/wp-json\/wp\/v2\/product_brand?post=40813"},{"taxonomy":"product_cat","embeddable":true,"href":"https:\/\/maison-chance.org\/shop\/de\/wp-json\/wp\/v2\/product_cat?post=40813"},{"taxonomy":"product_tag","embeddable":true,"href":"https:\/\/maison-chance.org\/shop\/de\/wp-json\/wp\/v2\/product_tag?post=40813"}],"curies":[{"name":"wp","href":"https:\/\/api.w.org\/{rel}","templated":true}]}}