{"id":40826,"date":"2024-10-23T07:20:01","date_gmt":"2024-10-23T00:20:01","guid":{"rendered":"https:\/\/maison-chance.org\/shop\/san-pham\/schwein-3"},"modified":"2025-03-17T09:31:00","modified_gmt":"2025-03-17T02:31:00","slug":"schwein-3","status":"publish","type":"product","link":"https:\/\/maison-chance.org\/shop\/de\/produkt\/schwein-3","title":{"rendered":"Schwein"},"content":{"rendered":"<p style=\"text-align: justify;\">Unter den unz\u00e4hligen handgefertigten Dekorationsartikeln auf dem Markt sticht das Brokat-Stoffschwein von Maison Chance mit seiner zarten Sch\u00f6nheit und tiefen humanit\u00e4ren Bedeutung hervor. Geschaffen von den geschickten H\u00e4nden behinderter Schneider, ist jedes Produkt ein Unikat, bei dem die traditionelle Sch\u00f6nheit des Brokatstoffs auf moderne Design\u00e4sthetik trifft.<\/p>\n<p style=\"text-align: justify;\">Was das Brokat-Stoffschwein TC13TB besonders macht, ist nicht nur sein entz\u00fcckendes Design, sondern auch seine Vielfalt an Gr\u00f6\u00dfen, die allen Nutzungsbed\u00fcrfnissen gerecht wird. Drei Versionen von klein bis gro\u00df (8x13cm, 10x15cm, 11x17cm) bieten den Nutzern reichhaltige Auswahlm\u00f6glichkeiten. Die harmonischen Farben zwischen elegantem Bordeauxrot und frischem Mintgr\u00fcn, akzentuiert mit zarten wei\u00dfen geometrischen Mustern, schaffen ein ansprechendes und einzigartiges Ensemble.<\/p>\n<p style=\"text-align: justify;\">In Bezug auf Dekoration ist das Brokat-Stoffschwein ein &#8222;Highlight&#8220; zur Aufwertung von Wohnr\u00e4umen:<\/p>\n<p style=\"text-align: justify;\">&#8211; Arbeitsnischen werden lebendiger mit der s\u00fc\u00dfen kleinen Gr\u00f6\u00dfe<\/p>\n<p style=\"text-align: justify;\">&#8211; B\u00fccherregale werden beeindruckend mit der eleganten mittleren Gr\u00f6\u00dfe<\/p>\n<p style=\"text-align: justify;\">&#8211; Wohnzimmer werden raffiniert mit der gro\u00dfen Gr\u00f6\u00dfe als Akzent<\/p>\n<p style=\"text-align: justify;\">&#8211; Kinderzimmer werden liebenswerter mit jeder Gr\u00f6\u00dfe<\/p>\n<p style=\"text-align: justify;\">Jeder Stich am Produkt wird sorgf\u00e4ltig ausgef\u00fchrt und zeigt den Professionalismus und die Hingabe der behinderten Schneider bei Maison Chance. Der hochwertige Brokatstoff gew\u00e4hrleistet nicht nur Langlebigkeit, sondern bringt auch die charakteristische Sch\u00f6nheit der ethnischen Kultur und schafft so ein einzigartiges Dekorationsobjekt f\u00fcr moderne R\u00e4ume.<\/p>\n<p style=\"text-align: justify;\">Wenn Sie das Brokat-Stoffschwein w\u00e4hlen, besitzen Sie nicht einfach nur ein Dekorationsobjekt \u2013 Sie halten eine Geschichte von Entschlossenheit und Streben besonderer Schneider in den H\u00e4nden. Jedes verkaufte Produkt bringt nicht nur Freude f\u00fcr die Nutzer, sondern schafft auch Arbeitsm\u00f6glichkeiten und ein stabiles Einkommen f\u00fcr behinderte Schneider und hilft ihnen, sich selbstbewusst in die Gemeinschaft zu integrieren.<\/p>\n<p style=\"text-align: justify;\">Lassen Sie das Brokat-Stoffschwein von <a href=\"https:\/\/maison-chance.org\/shop\">Maison Chance<\/a> Teil Ihres Wohnraums werden. Dies ist nicht nur ein bedeutungsvolles Geschenk f\u00fcr Ihre Lieben und Freunde bei besonderen Anl\u00e4ssen, sondern auch eine M\u00f6glichkeit, die bedeutungsvolle Reise der behinderten Schneider zu begleiten. Jedes geschaffene Produkt ist eine Botschaft von Liebe, Anstrengung und Glauben an das Leben.<\/p>\n","protected":false},"excerpt":{"rendered":"<p style=\"text-align: justify;\">Handgefertigte Produkte unserer benachteiligten behinderten Freunde bitten freundlich um Ihre Unterst\u00fctzung.<\/p>\n<p>Material: Brokatstoff<\/p>\n<p>Code: TC13TB<\/p>\n<p>Hotline: <span style=\"font-size: 20px;\"><strong><span style=\"color: #ff0000;\">0909 06 25 28<\/span><\/strong><\/span><\/p>\n<p style=\"text-align: justify;\">Wenn Sie sich in Vietnam befinden, kontaktieren Sie uns bitte \u00fcber die Hotline oder die Maison Chance Business Fanpage, um den Preis in Vietnam zu erfahren.<\/p>\n","protected":false},"featured_media":36751,"template":"","meta":[],"product_brand":[],"product_cat":[244,232],"product_tag":[],"class_list":{"0":"post-40826","1":"product","2":"type-product","3":"status-publish","4":"has-post-thumbnail","6":"product_cat-ausgestopftes-tier-naeherei","7":"product_cat-naeherei","9":"first","10":"instock","11":"shipping-taxable","12":"purchasable","13":"product-type-variable"},"yoast_head":"<!-- This site is optimized with the Yoast SEO Premium plugin v22.7 (Yoast SEO v25.3.1) - https:\/\/yoast.com\/wordpress\/plugins\/seo\/ -->\n<title>Schwein- Brokat-Stofftiere - Nh\u00e0 May M\u1eafn - Maison Chance<\/title>\n<meta name=\"description\" content=\"Das Brokat-Stoffschwein von Maison Chance sticht durch seine zarte Sch\u00f6nheit und tiefe humanit\u00e4re Bedeutung hervor. Von den geschickten H\u00e4nden behinderter Schneider geschaffen\" \/>\n<meta name=\"robots\" content=\"index, follow, max-snippet:-1, max-image-preview:large, max-video-preview:-1\" \/>\n<link rel=\"canonical\" href=\"https:\/\/maison-chance.org\/shop\/de\/produkt\/schwein-3\" \/>\n<meta property=\"og:locale\" content=\"de_DE\" \/>\n<meta property=\"og:type\" content=\"article\" \/>\n<meta property=\"og:title\" content=\"Schwein\" \/>\n<meta property=\"og:description\" content=\"Das Brokat-Stoffschwein von Maison Chance sticht durch seine zarte Sch\u00f6nheit und tiefe humanit\u00e4re Bedeutung hervor. Von den geschickten H\u00e4nden behinderter Schneider geschaffen\" \/>\n<meta property=\"og:url\" content=\"https:\/\/maison-chance.org\/shop\/de\/produkt\/schwein-3\" \/>\n<meta property=\"og:site_name\" content=\"Nh\u00e0 May M\u1eafn - Maison Chance\" \/>\n<meta property=\"article:publisher\" content=\"https:\/\/www.facebook.com\/dnxh.nhamayman\/\" \/>\n<meta property=\"article:modified_time\" content=\"2025-03-17T02:31:00+00:00\" \/>\n<meta property=\"og:image\" content=\"https:\/\/maison-chance.org\/shop\/wp-content\/uploads\/2024\/04\/thu-nhoi-bong-hinh-con-heo-vai-tho-cam-1.jpg\" \/>\n\t<meta property=\"og:image:width\" content=\"600\" \/>\n\t<meta property=\"og:image:height\" content=\"600\" \/>\n\t<meta property=\"og:image:type\" content=\"image\/jpeg\" \/>\n<meta name=\"twitter:card\" content=\"summary_large_image\" \/>\n<meta name=\"twitter:label1\" content=\"Verf\u00fcgbarkeit\" \/>\n\t<meta name=\"twitter:data1\" content=\"Auf Lager\" \/>\n<script type=\"application\/ld+json\" class=\"yoast-schema-graph\">{\"@context\":\"https:\/\/schema.org\",\"@graph\":[{\"@type\":\"WebPage\",\"@id\":\"https:\/\/maison-chance.org\/shop\/de\/produkt\/schwein-3\",\"url\":\"https:\/\/maison-chance.org\/shop\/de\/produkt\/schwein-3\",\"name\":\"Schwein- Brokat-Stofftiere - Nh\u00e0 May M\u1eafn - Maison Chance\",\"isPartOf\":{\"@id\":\"https:\/\/maison-chance.org\/shop\/de#website\"},\"primaryImageOfPage\":{\"@id\":\"https:\/\/maison-chance.org\/shop\/de\/produkt\/schwein-3#primaryimage\"},\"image\":{\"@id\":\"https:\/\/maison-chance.org\/shop\/de\/produkt\/schwein-3#primaryimage\"},\"thumbnailUrl\":\"https:\/\/maison-chance.org\/shop\/wp-content\/uploads\/2024\/04\/thu-nhoi-bong-hinh-con-heo-vai-tho-cam-1.jpg\",\"datePublished\":\"2024-10-23T00:20:01+00:00\",\"dateModified\":\"2025-03-17T02:31:00+00:00\",\"description\":\"Das Brokat-Stoffschwein von Maison Chance sticht durch seine zarte Sch\u00f6nheit und tiefe humanit\u00e4re Bedeutung hervor. Von den geschickten H\u00e4nden behinderter Schneider geschaffen\",\"breadcrumb\":{\"@id\":\"https:\/\/maison-chance.org\/shop\/de\/produkt\/schwein-3#breadcrumb\"},\"inLanguage\":\"de\",\"potentialAction\":[{\"@type\":\"ReadAction\",\"target\":[\"https:\/\/maison-chance.org\/shop\/de\/produkt\/schwein-3\"]}]},{\"@type\":\"ImageObject\",\"inLanguage\":\"de\",\"@id\":\"https:\/\/maison-chance.org\/shop\/de\/produkt\/schwein-3#primaryimage\",\"url\":\"https:\/\/maison-chance.org\/shop\/wp-content\/uploads\/2024\/04\/thu-nhoi-bong-hinh-con-heo-vai-tho-cam-1.jpg\",\"contentUrl\":\"https:\/\/maison-chance.org\/shop\/wp-content\/uploads\/2024\/04\/thu-nhoi-bong-hinh-con-heo-vai-tho-cam-1.jpg\",\"width\":600,\"height\":600,\"caption\":\"Brokat-Stoffschwein\"},{\"@type\":\"BreadcrumbList\",\"@id\":\"https:\/\/maison-chance.org\/shop\/de\/produkt\/schwein-3#breadcrumb\",\"itemListElement\":[{\"@type\":\"ListItem\",\"position\":1,\"name\":\"Trang ch\u1ee7\",\"item\":\"https:\/\/maison-chance.org\/shop\/de\"},{\"@type\":\"ListItem\",\"position\":2,\"name\":\"Shop\",\"item\":\"https:\/\/maison-chance.org\/shop\/shop\"},{\"@type\":\"ListItem\",\"position\":3,\"name\":\"Schwein\"}]},{\"@type\":\"WebSite\",\"@id\":\"https:\/\/maison-chance.org\/shop\/de#website\",\"url\":\"https:\/\/maison-chance.org\/shop\/de\",\"name\":\"Nh\u00e0 May M\u1eafn - Maison Chance\",\"description\":\"M\u1ecdi l\u1ee3i nhu\u1eadn thu v\u1ec1 t\u1eeb vi\u1ec7c b\u00e1n h\u00e0ng s\u1ebd tr\u00edch m\u1ed9t ph\u1ea7n \u0111\u1ec3 ch\u0103m lo cho \u0111\u1eddi s\u1ed1ng c\u00e1c b\u1ea1n khuy\u1ebft t\u1eadt v\u00e0 tr\u1ebb m\u1ed3 c\u00f4i \u1edf \u0111\u00e2y\",\"publisher\":{\"@id\":\"https:\/\/maison-chance.org\/shop\/de#organization\"},\"potentialAction\":[{\"@type\":\"SearchAction\",\"target\":{\"@type\":\"EntryPoint\",\"urlTemplate\":\"https:\/\/maison-chance.org\/shop\/de?s={search_term_string}\"},\"query-input\":{\"@type\":\"PropertyValueSpecification\",\"valueRequired\":true,\"valueName\":\"search_term_string\"}}],\"inLanguage\":\"de\"},{\"@type\":\"Organization\",\"@id\":\"https:\/\/maison-chance.org\/shop\/de#organization\",\"name\":\"Nh\u00e0 May M\u1eafn - Maison Chance\",\"url\":\"https:\/\/maison-chance.org\/shop\/de\",\"logo\":{\"@type\":\"ImageObject\",\"inLanguage\":\"de\",\"@id\":\"https:\/\/maison-chance.org\/shop\/de#\/schema\/logo\/image\/\",\"url\":\"https:\/\/maison-chance.org\/shop\/wp-content\/uploads\/2024\/03\/cropped-Logo_DNXH.png\",\"contentUrl\":\"https:\/\/maison-chance.org\/shop\/wp-content\/uploads\/2024\/03\/cropped-Logo_DNXH.png\",\"width\":512,\"height\":512,\"caption\":\"Nh\u00e0 May M\u1eafn - Maison Chance\"},\"image\":{\"@id\":\"https:\/\/maison-chance.org\/shop\/de#\/schema\/logo\/image\/\"},\"sameAs\":[\"https:\/\/www.facebook.com\/dnxh.nhamayman\/\"]}]}<\/script>\n<meta property=\"og:availability\" content=\"instock\" \/>\n<meta property=\"product:availability\" content=\"instock\" \/>\n<meta property=\"product:condition\" content=\"new\" \/>\n<!-- \/ Yoast SEO Premium plugin. -->","yoast_head_json":{"title":"Schwein- Brokat-Stofftiere - Nh\u00e0 May M\u1eafn - Maison Chance","description":"Das Brokat-Stoffschwein von Maison Chance sticht durch seine zarte Sch\u00f6nheit und tiefe humanit\u00e4re Bedeutung hervor. Von den geschickten H\u00e4nden behinderter Schneider geschaffen","robots":{"index":"index","follow":"follow","max-snippet":"max-snippet:-1","max-image-preview":"max-image-preview:large","max-video-preview":"max-video-preview:-1"},"canonical":"https:\/\/maison-chance.org\/shop\/de\/produkt\/schwein-3","og_locale":"de_DE","og_type":"article","og_title":"Schwein","og_description":"Das Brokat-Stoffschwein von Maison Chance sticht durch seine zarte Sch\u00f6nheit und tiefe humanit\u00e4re Bedeutung hervor. Von den geschickten H\u00e4nden behinderter Schneider geschaffen","og_url":"https:\/\/maison-chance.org\/shop\/de\/produkt\/schwein-3","og_site_name":"Nh\u00e0 May M\u1eafn - Maison Chance","article_publisher":"https:\/\/www.facebook.com\/dnxh.nhamayman\/","article_modified_time":"2025-03-17T02:31:00+00:00","og_image":[{"width":600,"height":600,"url":"https:\/\/maison-chance.org\/shop\/wp-content\/uploads\/2024\/04\/thu-nhoi-bong-hinh-con-heo-vai-tho-cam-1.jpg","type":"image\/jpeg"}],"twitter_card":"summary_large_image","twitter_misc":{"Verf\u00fcgbarkeit":"Auf Lager"},"schema":{"@context":"https:\/\/schema.org","@graph":[{"@type":"WebPage","@id":"https:\/\/maison-chance.org\/shop\/de\/produkt\/schwein-3","url":"https:\/\/maison-chance.org\/shop\/de\/produkt\/schwein-3","name":"Schwein- Brokat-Stofftiere - Nh\u00e0 May M\u1eafn - Maison Chance","isPartOf":{"@id":"https:\/\/maison-chance.org\/shop\/de#website"},"primaryImageOfPage":{"@id":"https:\/\/maison-chance.org\/shop\/de\/produkt\/schwein-3#primaryimage"},"image":{"@id":"https:\/\/maison-chance.org\/shop\/de\/produkt\/schwein-3#primaryimage"},"thumbnailUrl":"https:\/\/maison-chance.org\/shop\/wp-content\/uploads\/2024\/04\/thu-nhoi-bong-hinh-con-heo-vai-tho-cam-1.jpg","datePublished":"2024-10-23T00:20:01+00:00","dateModified":"2025-03-17T02:31:00+00:00","description":"Das Brokat-Stoffschwein von Maison Chance sticht durch seine zarte Sch\u00f6nheit und tiefe humanit\u00e4re Bedeutung hervor. Von den geschickten H\u00e4nden behinderter Schneider geschaffen","breadcrumb":{"@id":"https:\/\/maison-chance.org\/shop\/de\/produkt\/schwein-3#breadcrumb"},"inLanguage":"de","potentialAction":[{"@type":"ReadAction","target":["https:\/\/maison-chance.org\/shop\/de\/produkt\/schwein-3"]}]},{"@type":"ImageObject","inLanguage":"de","@id":"https:\/\/maison-chance.org\/shop\/de\/produkt\/schwein-3#primaryimage","url":"https:\/\/maison-chance.org\/shop\/wp-content\/uploads\/2024\/04\/thu-nhoi-bong-hinh-con-heo-vai-tho-cam-1.jpg","contentUrl":"https:\/\/maison-chance.org\/shop\/wp-content\/uploads\/2024\/04\/thu-nhoi-bong-hinh-con-heo-vai-tho-cam-1.jpg","width":600,"height":600,"caption":"Brokat-Stoffschwein"},{"@type":"BreadcrumbList","@id":"https:\/\/maison-chance.org\/shop\/de\/produkt\/schwein-3#breadcrumb","itemListElement":[{"@type":"ListItem","position":1,"name":"Trang ch\u1ee7","item":"https:\/\/maison-chance.org\/shop\/de"},{"@type":"ListItem","position":2,"name":"Shop","item":"https:\/\/maison-chance.org\/shop\/shop"},{"@type":"ListItem","position":3,"name":"Schwein"}]},{"@type":"WebSite","@id":"https:\/\/maison-chance.org\/shop\/de#website","url":"https:\/\/maison-chance.org\/shop\/de","name":"Nh\u00e0 May M\u1eafn - Maison Chance","description":"M\u1ecdi l\u1ee3i nhu\u1eadn thu v\u1ec1 t\u1eeb vi\u1ec7c b\u00e1n h\u00e0ng s\u1ebd tr\u00edch m\u1ed9t ph\u1ea7n \u0111\u1ec3 ch\u0103m lo cho \u0111\u1eddi s\u1ed1ng c\u00e1c b\u1ea1n khuy\u1ebft t\u1eadt v\u00e0 tr\u1ebb m\u1ed3 c\u00f4i \u1edf \u0111\u00e2y","publisher":{"@id":"https:\/\/maison-chance.org\/shop\/de#organization"},"potentialAction":[{"@type":"SearchAction","target":{"@type":"EntryPoint","urlTemplate":"https:\/\/maison-chance.org\/shop\/de?s={search_term_string}"},"query-input":{"@type":"PropertyValueSpecification","valueRequired":true,"valueName":"search_term_string"}}],"inLanguage":"de"},{"@type":"Organization","@id":"https:\/\/maison-chance.org\/shop\/de#organization","name":"Nh\u00e0 May M\u1eafn - Maison Chance","url":"https:\/\/maison-chance.org\/shop\/de","logo":{"@type":"ImageObject","inLanguage":"de","@id":"https:\/\/maison-chance.org\/shop\/de#\/schema\/logo\/image\/","url":"https:\/\/maison-chance.org\/shop\/wp-content\/uploads\/2024\/03\/cropped-Logo_DNXH.png","contentUrl":"https:\/\/maison-chance.org\/shop\/wp-content\/uploads\/2024\/03\/cropped-Logo_DNXH.png","width":512,"height":512,"caption":"Nh\u00e0 May M\u1eafn - Maison Chance"},"image":{"@id":"https:\/\/maison-chance.org\/shop\/de#\/schema\/logo\/image\/"},"sameAs":["https:\/\/www.facebook.com\/dnxh.nhamayman\/"]}]},"og_availability":"instock","product_availability":"instock","product_condition":"new"},"_links":{"self":[{"href":"https:\/\/maison-chance.org\/shop\/de\/wp-json\/wp\/v2\/product\/40826","targetHints":{"allow":["GET"]}}],"collection":[{"href":"https:\/\/maison-chance.org\/shop\/de\/wp-json\/wp\/v2\/product"}],"about":[{"href":"https:\/\/maison-chance.org\/shop\/de\/wp-json\/wp\/v2\/types\/product"}],"wp:featuredmedia":[{"embeddable":true,"href":"https:\/\/maison-chance.org\/shop\/de\/wp-json\/wp\/v2\/media\/36751"}],"wp:attachment":[{"href":"https:\/\/maison-chance.org\/shop\/de\/wp-json\/wp\/v2\/media?parent=40826"}],"wp:term":[{"taxonomy":"product_brand","embeddable":true,"href":"https:\/\/maison-chance.org\/shop\/de\/wp-json\/wp\/v2\/product_brand?post=40826"},{"taxonomy":"product_cat","embeddable":true,"href":"https:\/\/maison-chance.org\/shop\/de\/wp-json\/wp\/v2\/product_cat?post=40826"},{"taxonomy":"product_tag","embeddable":true,"href":"https:\/\/maison-chance.org\/shop\/de\/wp-json\/wp\/v2\/product_tag?post=40826"}],"curies":[{"name":"wp","href":"https:\/\/api.w.org\/{rel}","templated":true}]}}