{"id":40853,"date":"2024-10-28T07:05:50","date_gmt":"2024-10-28T00:05:50","guid":{"rendered":"https:\/\/maison-chance.org\/shop\/san-pham\/huhn-2"},"modified":"2025-03-17T09:36:35","modified_gmt":"2025-03-17T02:36:35","slug":"huhn-2","status":"publish","type":"product","link":"https:\/\/maison-chance.org\/shop\/de\/produkt\/huhn-2","title":{"rendered":"Huhn"},"content":{"rendered":"<p style=\"text-align: justify;\">Im vielf\u00e4ltigen kulturellen Raum Vietnams tragen handgefertigte Produkte aus Brokatstoff immer eine einzigartige Sch\u00f6nheit. Insbesondere das Brokat-Huhn TC11TB, das von den geschickten H\u00e4nden behinderter Schneider bei Maison Chance geschaffen wurde, ist nicht nur ein sch\u00f6nes Dekorationsobjekt, sondern birgt auch tiefe humanit\u00e4re Werte.<\/p>\n<p style=\"text-align: justify;\">Das Brokat-Stoffhuhn-Spielzeug wird sorgf\u00e4ltig von Hand gefertigt mit feinen Linien und kombiniert harmonisch die Farbschemata Blau, Rot, Orange und Wei\u00df. Die charakteristischen geometrischen Muster des Brokatstoffs schaffen ein lebendiges Ganzes, das tief mit der nationalen Identit\u00e4t verwoben ist. Das Produkt ist in drei verschiedenen Gr\u00f6\u00dfen (10x10cm, 15x15cm, 20x20cm) erh\u00e4ltlich, um verschiedenen R\u00e4umen und Zwecken gerecht zu werden.<\/p>\n<p style=\"text-align: justify;\">Das Brokat-Huhn kann in vielen R\u00e4umen zu einem einzigartigen Akzent werden:<\/p>\n<p style=\"text-align: justify;\">Platzieren Sie es auf einem B\u00fccherregal, um einen volkst\u00fcmlichen Akzent f\u00fcr die Lern-Ecke zu schaffen<\/p>\n<p style=\"text-align: justify;\">Dekorieren Sie Ihren Schreibtisch und schaffen Sie eine gem\u00fctliche Atmosph\u00e4re<\/p>\n<p style=\"text-align: justify;\">Versch\u00f6nern Sie Kinderzimmer mit liebenswerter Sch\u00f6nheit<\/p>\n<p style=\"text-align: justify;\">Machen Sie bedeutungsvolle Geschenke f\u00fcr besondere Anl\u00e4sse<\/p>\n<p style=\"text-align: justify;\">Dekorieren Sie Wohnzimmer im ethnischen Stil<\/p>\n<p style=\"text-align: justify;\">Jedes Brokat-Huhn ist nicht nur ein Dekorationsobjekt, sondern auch das Ergebnis von Anstrengung und Leidenschaft der behinderten Schneider bei <a href=\"https:\/\/maison-chance.org\/shop\">Maison Chance<\/a>. Durch jeden Stich vermitteln sie ihre Tr\u00e4ume und Hoffnungen und bekr\u00e4ftigen gleichzeitig ihre F\u00e4higkeiten und ihren Wert in der Gesellschaft.<\/p>\n","protected":false},"excerpt":{"rendered":"<p style=\"text-align: justify;\">Die Produkte werden von benachteiligten behinderten Freunden handgefertigt, wir hoffen auf die Unterst\u00fctzung der Kunden.<\/p>\n<p>Material: Brokatstoff<\/p>\n<p>Code: TC11TB<\/p>\n<p>Hotline : <span style=\"font-size: 20px;\"><strong><span style=\"color: #ff0000;\">0909 06 25 28<\/span><\/strong><\/span><\/p>\n<p style=\"text-align: justify;\">Wenn Sie in Vietnam sind, kontaktieren Sie uns bitte \u00fcber die Hotline oder die Maison Chance Business-Fanpage, um den Preis in Vietnam zu erfahren.<\/p>\n","protected":false},"featured_media":36745,"template":"","meta":[],"product_brand":[],"product_cat":[244,232],"product_tag":[],"class_list":{"0":"post-40853","1":"product","2":"type-product","3":"status-publish","4":"has-post-thumbnail","6":"product_cat-ausgestopftes-tier-naeherei","7":"product_cat-naeherei","9":"first","10":"instock","11":"shipping-taxable","12":"purchasable","13":"product-type-variable"},"yoast_head":"<!-- This site is optimized with the Yoast SEO Premium plugin v22.7 (Yoast SEO v25.3.1) - https:\/\/yoast.com\/wordpress\/plugins\/seo\/ -->\n<title>Huhn - Brokatstoff-Pl\u00fcschtier - Nh\u00e0 May M\u1eafn - Maison Chance<\/title>\n<meta name=\"description\" content=\"Das Brokatstoff-Pl\u00fcschhuhn wird sorgf\u00e4ltig handgefertigt mit feinen Linien, die harmonisch die Farbpaletten Blau, Rot, Orange und Wei\u00df kombinieren.\" \/>\n<meta name=\"robots\" content=\"index, follow, max-snippet:-1, max-image-preview:large, max-video-preview:-1\" \/>\n<link rel=\"canonical\" href=\"https:\/\/maison-chance.org\/shop\/de\/produkt\/huhn-2\" \/>\n<meta property=\"og:locale\" content=\"de_DE\" \/>\n<meta property=\"og:type\" content=\"article\" \/>\n<meta property=\"og:title\" content=\"Huhn\" \/>\n<meta property=\"og:description\" content=\"Das Brokatstoff-Pl\u00fcschhuhn wird sorgf\u00e4ltig handgefertigt mit feinen Linien, die harmonisch die Farbpaletten Blau, Rot, Orange und Wei\u00df kombinieren.\" \/>\n<meta property=\"og:url\" content=\"https:\/\/maison-chance.org\/shop\/de\/produkt\/huhn-2\" \/>\n<meta property=\"og:site_name\" content=\"Nh\u00e0 May M\u1eafn - Maison Chance\" \/>\n<meta property=\"article:publisher\" content=\"https:\/\/www.facebook.com\/dnxh.nhamayman\/\" \/>\n<meta property=\"article:modified_time\" content=\"2025-03-17T02:36:35+00:00\" \/>\n<meta property=\"og:image\" content=\"https:\/\/maison-chance.org\/shop\/wp-content\/uploads\/2024\/04\/thu-nhoi-bong-hinh-con-ga-vai-tho-cam-1-1.jpg\" \/>\n\t<meta property=\"og:image:width\" content=\"600\" \/>\n\t<meta property=\"og:image:height\" content=\"600\" \/>\n\t<meta property=\"og:image:type\" content=\"image\/jpeg\" \/>\n<meta name=\"twitter:card\" content=\"summary_large_image\" \/>\n<meta name=\"twitter:label1\" content=\"Verf\u00fcgbarkeit\" \/>\n\t<meta name=\"twitter:data1\" content=\"Auf Lager\" \/>\n<script type=\"application\/ld+json\" class=\"yoast-schema-graph\">{\"@context\":\"https:\/\/schema.org\",\"@graph\":[{\"@type\":\"WebPage\",\"@id\":\"https:\/\/maison-chance.org\/shop\/de\/produkt\/huhn-2\",\"url\":\"https:\/\/maison-chance.org\/shop\/de\/produkt\/huhn-2\",\"name\":\"Huhn - Brokatstoff-Pl\u00fcschtier - Nh\u00e0 May M\u1eafn - Maison Chance\",\"isPartOf\":{\"@id\":\"https:\/\/maison-chance.org\/shop\/de#website\"},\"primaryImageOfPage\":{\"@id\":\"https:\/\/maison-chance.org\/shop\/de\/produkt\/huhn-2#primaryimage\"},\"image\":{\"@id\":\"https:\/\/maison-chance.org\/shop\/de\/produkt\/huhn-2#primaryimage\"},\"thumbnailUrl\":\"https:\/\/maison-chance.org\/shop\/wp-content\/uploads\/2024\/04\/thu-nhoi-bong-hinh-con-ga-vai-tho-cam-1-1.jpg\",\"datePublished\":\"2024-10-28T00:05:50+00:00\",\"dateModified\":\"2025-03-17T02:36:35+00:00\",\"description\":\"Das Brokatstoff-Pl\u00fcschhuhn wird sorgf\u00e4ltig handgefertigt mit feinen Linien, die harmonisch die Farbpaletten Blau, Rot, Orange und Wei\u00df kombinieren.\",\"breadcrumb\":{\"@id\":\"https:\/\/maison-chance.org\/shop\/de\/produkt\/huhn-2#breadcrumb\"},\"inLanguage\":\"de\",\"potentialAction\":[{\"@type\":\"ReadAction\",\"target\":[\"https:\/\/maison-chance.org\/shop\/de\/produkt\/huhn-2\"]}]},{\"@type\":\"ImageObject\",\"inLanguage\":\"de\",\"@id\":\"https:\/\/maison-chance.org\/shop\/de\/produkt\/huhn-2#primaryimage\",\"url\":\"https:\/\/maison-chance.org\/shop\/wp-content\/uploads\/2024\/04\/thu-nhoi-bong-hinh-con-ga-vai-tho-cam-1-1.jpg\",\"contentUrl\":\"https:\/\/maison-chance.org\/shop\/wp-content\/uploads\/2024\/04\/thu-nhoi-bong-hinh-con-ga-vai-tho-cam-1-1.jpg\",\"width\":600,\"height\":600,\"caption\":\"Stoffhuhn-Pl\u00fcschtier aus Brokatstoff\"},{\"@type\":\"BreadcrumbList\",\"@id\":\"https:\/\/maison-chance.org\/shop\/de\/produkt\/huhn-2#breadcrumb\",\"itemListElement\":[{\"@type\":\"ListItem\",\"position\":1,\"name\":\"Trang ch\u1ee7\",\"item\":\"https:\/\/maison-chance.org\/shop\/de\"},{\"@type\":\"ListItem\",\"position\":2,\"name\":\"Shop\",\"item\":\"https:\/\/maison-chance.org\/shop\/shop\"},{\"@type\":\"ListItem\",\"position\":3,\"name\":\"Huhn\"}]},{\"@type\":\"WebSite\",\"@id\":\"https:\/\/maison-chance.org\/shop\/de#website\",\"url\":\"https:\/\/maison-chance.org\/shop\/de\",\"name\":\"Nh\u00e0 May M\u1eafn - Maison Chance\",\"description\":\"M\u1ecdi l\u1ee3i nhu\u1eadn thu v\u1ec1 t\u1eeb vi\u1ec7c b\u00e1n h\u00e0ng s\u1ebd tr\u00edch m\u1ed9t ph\u1ea7n \u0111\u1ec3 ch\u0103m lo cho \u0111\u1eddi s\u1ed1ng c\u00e1c b\u1ea1n khuy\u1ebft t\u1eadt v\u00e0 tr\u1ebb m\u1ed3 c\u00f4i \u1edf \u0111\u00e2y\",\"publisher\":{\"@id\":\"https:\/\/maison-chance.org\/shop\/de#organization\"},\"potentialAction\":[{\"@type\":\"SearchAction\",\"target\":{\"@type\":\"EntryPoint\",\"urlTemplate\":\"https:\/\/maison-chance.org\/shop\/de?s={search_term_string}\"},\"query-input\":{\"@type\":\"PropertyValueSpecification\",\"valueRequired\":true,\"valueName\":\"search_term_string\"}}],\"inLanguage\":\"de\"},{\"@type\":\"Organization\",\"@id\":\"https:\/\/maison-chance.org\/shop\/de#organization\",\"name\":\"Nh\u00e0 May M\u1eafn - Maison Chance\",\"url\":\"https:\/\/maison-chance.org\/shop\/de\",\"logo\":{\"@type\":\"ImageObject\",\"inLanguage\":\"de\",\"@id\":\"https:\/\/maison-chance.org\/shop\/de#\/schema\/logo\/image\/\",\"url\":\"https:\/\/maison-chance.org\/shop\/wp-content\/uploads\/2024\/03\/cropped-Logo_DNXH.png\",\"contentUrl\":\"https:\/\/maison-chance.org\/shop\/wp-content\/uploads\/2024\/03\/cropped-Logo_DNXH.png\",\"width\":512,\"height\":512,\"caption\":\"Nh\u00e0 May M\u1eafn - Maison Chance\"},\"image\":{\"@id\":\"https:\/\/maison-chance.org\/shop\/de#\/schema\/logo\/image\/\"},\"sameAs\":[\"https:\/\/www.facebook.com\/dnxh.nhamayman\/\"]}]}<\/script>\n<meta property=\"og:availability\" content=\"instock\" \/>\n<meta property=\"product:availability\" content=\"instock\" \/>\n<meta property=\"product:condition\" content=\"new\" \/>\n<!-- \/ Yoast SEO Premium plugin. -->","yoast_head_json":{"title":"Huhn - Brokatstoff-Pl\u00fcschtier - Nh\u00e0 May M\u1eafn - Maison Chance","description":"Das Brokatstoff-Pl\u00fcschhuhn wird sorgf\u00e4ltig handgefertigt mit feinen Linien, die harmonisch die Farbpaletten Blau, Rot, Orange und Wei\u00df kombinieren.","robots":{"index":"index","follow":"follow","max-snippet":"max-snippet:-1","max-image-preview":"max-image-preview:large","max-video-preview":"max-video-preview:-1"},"canonical":"https:\/\/maison-chance.org\/shop\/de\/produkt\/huhn-2","og_locale":"de_DE","og_type":"article","og_title":"Huhn","og_description":"Das Brokatstoff-Pl\u00fcschhuhn wird sorgf\u00e4ltig handgefertigt mit feinen Linien, die harmonisch die Farbpaletten Blau, Rot, Orange und Wei\u00df kombinieren.","og_url":"https:\/\/maison-chance.org\/shop\/de\/produkt\/huhn-2","og_site_name":"Nh\u00e0 May M\u1eafn - Maison Chance","article_publisher":"https:\/\/www.facebook.com\/dnxh.nhamayman\/","article_modified_time":"2025-03-17T02:36:35+00:00","og_image":[{"width":600,"height":600,"url":"https:\/\/maison-chance.org\/shop\/wp-content\/uploads\/2024\/04\/thu-nhoi-bong-hinh-con-ga-vai-tho-cam-1-1.jpg","type":"image\/jpeg"}],"twitter_card":"summary_large_image","twitter_misc":{"Verf\u00fcgbarkeit":"Auf Lager"},"schema":{"@context":"https:\/\/schema.org","@graph":[{"@type":"WebPage","@id":"https:\/\/maison-chance.org\/shop\/de\/produkt\/huhn-2","url":"https:\/\/maison-chance.org\/shop\/de\/produkt\/huhn-2","name":"Huhn - Brokatstoff-Pl\u00fcschtier - Nh\u00e0 May M\u1eafn - Maison Chance","isPartOf":{"@id":"https:\/\/maison-chance.org\/shop\/de#website"},"primaryImageOfPage":{"@id":"https:\/\/maison-chance.org\/shop\/de\/produkt\/huhn-2#primaryimage"},"image":{"@id":"https:\/\/maison-chance.org\/shop\/de\/produkt\/huhn-2#primaryimage"},"thumbnailUrl":"https:\/\/maison-chance.org\/shop\/wp-content\/uploads\/2024\/04\/thu-nhoi-bong-hinh-con-ga-vai-tho-cam-1-1.jpg","datePublished":"2024-10-28T00:05:50+00:00","dateModified":"2025-03-17T02:36:35+00:00","description":"Das Brokatstoff-Pl\u00fcschhuhn wird sorgf\u00e4ltig handgefertigt mit feinen Linien, die harmonisch die Farbpaletten Blau, Rot, Orange und Wei\u00df kombinieren.","breadcrumb":{"@id":"https:\/\/maison-chance.org\/shop\/de\/produkt\/huhn-2#breadcrumb"},"inLanguage":"de","potentialAction":[{"@type":"ReadAction","target":["https:\/\/maison-chance.org\/shop\/de\/produkt\/huhn-2"]}]},{"@type":"ImageObject","inLanguage":"de","@id":"https:\/\/maison-chance.org\/shop\/de\/produkt\/huhn-2#primaryimage","url":"https:\/\/maison-chance.org\/shop\/wp-content\/uploads\/2024\/04\/thu-nhoi-bong-hinh-con-ga-vai-tho-cam-1-1.jpg","contentUrl":"https:\/\/maison-chance.org\/shop\/wp-content\/uploads\/2024\/04\/thu-nhoi-bong-hinh-con-ga-vai-tho-cam-1-1.jpg","width":600,"height":600,"caption":"Stoffhuhn-Pl\u00fcschtier aus Brokatstoff"},{"@type":"BreadcrumbList","@id":"https:\/\/maison-chance.org\/shop\/de\/produkt\/huhn-2#breadcrumb","itemListElement":[{"@type":"ListItem","position":1,"name":"Trang ch\u1ee7","item":"https:\/\/maison-chance.org\/shop\/de"},{"@type":"ListItem","position":2,"name":"Shop","item":"https:\/\/maison-chance.org\/shop\/shop"},{"@type":"ListItem","position":3,"name":"Huhn"}]},{"@type":"WebSite","@id":"https:\/\/maison-chance.org\/shop\/de#website","url":"https:\/\/maison-chance.org\/shop\/de","name":"Nh\u00e0 May M\u1eafn - Maison Chance","description":"M\u1ecdi l\u1ee3i nhu\u1eadn thu v\u1ec1 t\u1eeb vi\u1ec7c b\u00e1n h\u00e0ng s\u1ebd tr\u00edch m\u1ed9t ph\u1ea7n \u0111\u1ec3 ch\u0103m lo cho \u0111\u1eddi s\u1ed1ng c\u00e1c b\u1ea1n khuy\u1ebft t\u1eadt v\u00e0 tr\u1ebb m\u1ed3 c\u00f4i \u1edf \u0111\u00e2y","publisher":{"@id":"https:\/\/maison-chance.org\/shop\/de#organization"},"potentialAction":[{"@type":"SearchAction","target":{"@type":"EntryPoint","urlTemplate":"https:\/\/maison-chance.org\/shop\/de?s={search_term_string}"},"query-input":{"@type":"PropertyValueSpecification","valueRequired":true,"valueName":"search_term_string"}}],"inLanguage":"de"},{"@type":"Organization","@id":"https:\/\/maison-chance.org\/shop\/de#organization","name":"Nh\u00e0 May M\u1eafn - Maison Chance","url":"https:\/\/maison-chance.org\/shop\/de","logo":{"@type":"ImageObject","inLanguage":"de","@id":"https:\/\/maison-chance.org\/shop\/de#\/schema\/logo\/image\/","url":"https:\/\/maison-chance.org\/shop\/wp-content\/uploads\/2024\/03\/cropped-Logo_DNXH.png","contentUrl":"https:\/\/maison-chance.org\/shop\/wp-content\/uploads\/2024\/03\/cropped-Logo_DNXH.png","width":512,"height":512,"caption":"Nh\u00e0 May M\u1eafn - Maison Chance"},"image":{"@id":"https:\/\/maison-chance.org\/shop\/de#\/schema\/logo\/image\/"},"sameAs":["https:\/\/www.facebook.com\/dnxh.nhamayman\/"]}]},"og_availability":"instock","product_availability":"instock","product_condition":"new"},"_links":{"self":[{"href":"https:\/\/maison-chance.org\/shop\/de\/wp-json\/wp\/v2\/product\/40853","targetHints":{"allow":["GET"]}}],"collection":[{"href":"https:\/\/maison-chance.org\/shop\/de\/wp-json\/wp\/v2\/product"}],"about":[{"href":"https:\/\/maison-chance.org\/shop\/de\/wp-json\/wp\/v2\/types\/product"}],"wp:featuredmedia":[{"embeddable":true,"href":"https:\/\/maison-chance.org\/shop\/de\/wp-json\/wp\/v2\/media\/36745"}],"wp:attachment":[{"href":"https:\/\/maison-chance.org\/shop\/de\/wp-json\/wp\/v2\/media?parent=40853"}],"wp:term":[{"taxonomy":"product_brand","embeddable":true,"href":"https:\/\/maison-chance.org\/shop\/de\/wp-json\/wp\/v2\/product_brand?post=40853"},{"taxonomy":"product_cat","embeddable":true,"href":"https:\/\/maison-chance.org\/shop\/de\/wp-json\/wp\/v2\/product_cat?post=40853"},{"taxonomy":"product_tag","embeddable":true,"href":"https:\/\/maison-chance.org\/shop\/de\/wp-json\/wp\/v2\/product_tag?post=40853"}],"curies":[{"name":"wp","href":"https:\/\/api.w.org\/{rel}","templated":true}]}}