{"id":40866,"date":"2024-10-28T07:10:19","date_gmt":"2024-10-28T00:10:19","guid":{"rendered":"https:\/\/maison-chance.org\/shop\/san-pham\/affe-2"},"modified":"2025-03-17T09:40:53","modified_gmt":"2025-03-17T02:40:53","slug":"affe-2","status":"publish","type":"product","link":"https:\/\/maison-chance.org\/shop\/de\/produkt\/affe-2","title":{"rendered":"Affe"},"content":{"rendered":"<p style=\"text-align: justify;\">Im modernen Lebensrhythmus von heute tragen handgefertigte Produkte stets einen besonderen spirituellen Wert. Bei Maison Chance ist der Brokat-Stoffaffe eine Kristallisation von Liebe und unerm\u00fcdlicher Kreativit\u00e4t aus den geschickten H\u00e4nden der behinderten Schneider. Jedes Produkt ist ein einzigartiges Werk, von Hand gen\u00e4ht mit Sorgfalt und Hingabe.<\/p>\n<p style=\"text-align: justify;\">Der Stoffaffe in Brokat, mit dem Code TC10TB, ist eine perfekte Kombination aus traditionellen Materialien und modernem Design. Das Produkt wird aus hochwertigem Brokatstoff gefertigt und ist in drei flexiblen Gr\u00f6\u00dfen erh\u00e4ltlich: klein und s\u00fc\u00df 4\u00d710cm, mittel 5\u00d713cm und gro\u00df 6\u00d715cm. Dies erm\u00f6glicht es den Kunden, leicht eine Gr\u00f6\u00dfe zu w\u00e4hlen, die ihren Nutzungsbed\u00fcrfnissen und Ausstellungsfl\u00e4chen entspricht. Dieser Affe ist nicht nur ein charmantes Geschenk, sondern hilft auch, positive Energie in Ihr Leben zu bringen.<\/p>\n<p><strong>BESONDERE MERKMALE, DIE EINDRUCK HINTERLASSEN: <\/strong><\/p>\n<p>_Ein sanftes, freundliches Gesicht mit gl\u00e4nzenden runden schwarzen Augen, die zu l\u00e4cheln scheinen und ein Gef\u00fchl von Freude und Positivit\u00e4t vermitteln.<br data-start=\"394\" data-end=\"397\" \/>_Eine zierliche Gestalt, die perfekt in die Handfl\u00e4che passt, so liebenswert, dass man sie f\u00fcr immer sch\u00e4tzen m\u00f6chte!<br data-start=\"488\" data-end=\"491\" \/>_Eine perfekt abgestimmte Farbpalette:<br data-start=\"523\" data-end=\"526\" \/>+Leuchtendes Gelb \u2013 Symbol f\u00fcr Reichtum, W\u00e4rme und positive Energie.<br data-start=\"600\" data-end=\"603\" \/>+Marineblau \u2013 Luxuri\u00f6s, raffiniert, steht f\u00fcr best\u00e4ndiges Wachstum.<br data-start=\"682\" data-end=\"685\" \/>+Elfenbeinwei\u00df \u2013 Elegant, sanft, hilft, die Energie auszubalancieren.<br data-start=\"753\" data-end=\"756\" \/>_Traditionelle Brokatmuster werden dezent hervorgehoben und feiern die kulturelle Sch\u00f6nheit und handwerkliche Geschicklichkeit.<\/p>\n<p><strong data-start=\"767\" data-end=\"816\">AFFE \u2013 SYMBOL F\u00dcR WENDIGKEIT &amp; FORTSCHRITT<\/strong><br data-start=\"816\" data-end=\"819\" \/>Im Feng Shui wird das Bild des Affen oft mit Macht, Ansehen und Flexibilit\u00e4t in der Arbeit assoziiert. Das Platzieren eines Stoffaffen in Ihrem Zuhause oder B\u00fcro hilft:<\/p>\n<p>_Intelligenz und Kreativit\u00e4t zu steigern und die Effizienz beim Lernen und Arbeiten zu verbessern.<br data-start=\"1055\" data-end=\"1058\" data-is-only-node=\"\" \/>_Wohlgesinnte Unterst\u00fctzer und Hilfe anzuziehen, die Karriere zum Erfolg f\u00fchren.<br data-start=\"1117\" data-end=\"1120\" \/>_Gl\u00fcck und Wohlstand zu bringen, besonders f\u00fcr diejenigen im Gesch\u00e4ft oder Handel.<\/p>\n<p style=\"text-align: justify;\">Jedes Produkt wird strengen Qualit\u00e4tskontrollen unterzogen, um absolute Sicherheit f\u00fcr die Benutzer zu gew\u00e4hrleisten. Der Produktionsprozess wird von der Materialauswahl bis zum fertigen Produkt sorgf\u00e4ltig \u00fcberwacht. Hochwertige, weiche und sichere Materialien werden verwendet, die hautfreundlich und f\u00fcr jedes Alter geeignet sind. Jeder sorgf\u00e4ltige Stich sorgt daf\u00fcr, dass das Produkt seine Form beh\u00e4lt und \u00fcber die Zeit hinweg sch\u00f6n und langlebig bleibt!<\/p>\n<p style=\"text-align: justify;\">Besuchen Sie <a href=\"https:\/\/maison-chance.org\/shop\">Maison Chance<\/a>, um diese entz\u00fcckenden Brokat-Stoffaffen nach Hause zu bringen, ideal als bedeutungsvolle Geschenke, w\u00e4hrend Sie dazu beitragen, positive Werte in der Gemeinschaft zu verbreiten. Jedes Produkt ist nicht nur ein einfaches Dekorationsobjekt, sondern eine Br\u00fccke der Liebe, die Freude und Gl\u00fcck den besonderen Schneidern bei Maison Chance bringt.<\/p>\n<p><em>Kleiner Affe \u2013 Glauben teilen, Liebe senden!<\/em><\/p>\n","protected":false},"excerpt":{"rendered":"<p style=\"text-align: justify;\">Die Produkte werden von benachteiligten behinderten Freunden handgefertigt, wir bitten freundlich um die Unterst\u00fctzung gesch\u00e4tzter Kunden.<\/p>\n<p>Material: Brokatstoff<\/p>\n<p>Code: TC10TB<\/p>\n<p>Hotline: <span style=\"font-size: 20px;\"><strong><span style=\"color: #ff0000;\">0909 06 25 28<\/span><\/strong><\/span><\/p>\n<p style=\"text-align: justify;\">Wenn Sie sich in Vietnam befinden, kontaktieren Sie uns bitte \u00fcber die Hotline oder die Maison Chance Business Fanpage, um den Preis in Vietnam zu erfahren.<\/p>\n","protected":false},"featured_media":40873,"template":"","meta":[],"product_brand":[],"product_cat":[244,232],"product_tag":[],"class_list":{"0":"post-40866","1":"product","2":"type-product","3":"status-publish","4":"has-post-thumbnail","6":"product_cat-ausgestopftes-tier-naeherei","7":"product_cat-naeherei","9":"first","10":"instock","11":"shipping-taxable","12":"purchasable","13":"product-type-variable"},"yoast_head":"<!-- This site is optimized with the Yoast SEO Premium plugin v22.7 (Yoast SEO v25.3.1) - https:\/\/yoast.com\/wordpress\/plugins\/seo\/ -->\n<title>Affe - Brokatstofftier - Nh\u00e0 May M\u1eafn - Maison Chance<\/title>\n<meta name=\"description\" content=\"Der Brokat-Stoffaffe ist eine perfekte Kombination aus traditionellen Materialien und modernem Design. Das Produkt wird aus hochwertigem Brokatstoff hergestellt und ist in drei flexiblen Gr\u00f6\u00dfen erh\u00e4ltlich: klein 4\u00d710cm, mittel 5\u00d713cm und gro\u00df 6\u00d715cm\" \/>\n<meta name=\"robots\" content=\"index, follow, max-snippet:-1, max-image-preview:large, max-video-preview:-1\" \/>\n<link rel=\"canonical\" href=\"https:\/\/maison-chance.org\/shop\/de\/produkt\/affe-2\" \/>\n<meta property=\"og:locale\" content=\"de_DE\" \/>\n<meta property=\"og:type\" content=\"article\" \/>\n<meta property=\"og:title\" content=\"Affe\" \/>\n<meta property=\"og:description\" content=\"Der Brokat-Stoffaffe ist eine perfekte Kombination aus traditionellen Materialien und modernem Design. Das Produkt wird aus hochwertigem Brokatstoff hergestellt und ist in drei flexiblen Gr\u00f6\u00dfen erh\u00e4ltlich: klein 4\u00d710cm, mittel 5\u00d713cm und gro\u00df 6\u00d715cm\" \/>\n<meta property=\"og:url\" content=\"https:\/\/maison-chance.org\/shop\/de\/produkt\/affe-2\" \/>\n<meta property=\"og:site_name\" content=\"Nh\u00e0 May M\u1eafn - Maison Chance\" \/>\n<meta property=\"article:publisher\" content=\"https:\/\/www.facebook.com\/dnxh.nhamayman\/\" \/>\n<meta property=\"article:modified_time\" content=\"2025-03-17T02:40:53+00:00\" \/>\n<meta property=\"og:image\" content=\"https:\/\/maison-chance.org\/shop\/wp-content\/uploads\/2024\/10\/thu-nhoi-bong-hinh-con-khi-vai-tho-cam-01.png\" \/>\n\t<meta property=\"og:image:width\" content=\"600\" \/>\n\t<meta property=\"og:image:height\" content=\"600\" \/>\n\t<meta property=\"og:image:type\" content=\"image\/png\" \/>\n<meta name=\"twitter:card\" content=\"summary_large_image\" \/>\n<meta name=\"twitter:label1\" content=\"Verf\u00fcgbarkeit\" \/>\n\t<meta name=\"twitter:data1\" content=\"Auf Lager\" \/>\n<script type=\"application\/ld+json\" class=\"yoast-schema-graph\">{\"@context\":\"https:\/\/schema.org\",\"@graph\":[{\"@type\":\"WebPage\",\"@id\":\"https:\/\/maison-chance.org\/shop\/de\/produkt\/affe-2\",\"url\":\"https:\/\/maison-chance.org\/shop\/de\/produkt\/affe-2\",\"name\":\"Affe - Brokatstofftier - Nh\u00e0 May M\u1eafn - Maison Chance\",\"isPartOf\":{\"@id\":\"https:\/\/maison-chance.org\/shop\/de#website\"},\"primaryImageOfPage\":{\"@id\":\"https:\/\/maison-chance.org\/shop\/de\/produkt\/affe-2#primaryimage\"},\"image\":{\"@id\":\"https:\/\/maison-chance.org\/shop\/de\/produkt\/affe-2#primaryimage\"},\"thumbnailUrl\":\"https:\/\/maison-chance.org\/shop\/wp-content\/uploads\/2024\/10\/thu-nhoi-bong-hinh-con-khi-vai-tho-cam-01.png\",\"datePublished\":\"2024-10-28T00:10:19+00:00\",\"dateModified\":\"2025-03-17T02:40:53+00:00\",\"description\":\"Der Brokat-Stoffaffe ist eine perfekte Kombination aus traditionellen Materialien und modernem Design. Das Produkt wird aus hochwertigem Brokatstoff hergestellt und ist in drei flexiblen Gr\u00f6\u00dfen erh\u00e4ltlich: klein 4\u00d710cm, mittel 5\u00d713cm und gro\u00df 6\u00d715cm\",\"breadcrumb\":{\"@id\":\"https:\/\/maison-chance.org\/shop\/de\/produkt\/affe-2#breadcrumb\"},\"inLanguage\":\"de\",\"potentialAction\":[{\"@type\":\"ReadAction\",\"target\":[\"https:\/\/maison-chance.org\/shop\/de\/produkt\/affe-2\"]}]},{\"@type\":\"ImageObject\",\"inLanguage\":\"de\",\"@id\":\"https:\/\/maison-chance.org\/shop\/de\/produkt\/affe-2#primaryimage\",\"url\":\"https:\/\/maison-chance.org\/shop\/wp-content\/uploads\/2024\/10\/thu-nhoi-bong-hinh-con-khi-vai-tho-cam-01.png\",\"contentUrl\":\"https:\/\/maison-chance.org\/shop\/wp-content\/uploads\/2024\/10\/thu-nhoi-bong-hinh-con-khi-vai-tho-cam-01.png\",\"width\":600,\"height\":600,\"caption\":\"Brokat-Stoffaffe\"},{\"@type\":\"BreadcrumbList\",\"@id\":\"https:\/\/maison-chance.org\/shop\/de\/produkt\/affe-2#breadcrumb\",\"itemListElement\":[{\"@type\":\"ListItem\",\"position\":1,\"name\":\"Trang ch\u1ee7\",\"item\":\"https:\/\/maison-chance.org\/shop\/de\"},{\"@type\":\"ListItem\",\"position\":2,\"name\":\"Shop\",\"item\":\"https:\/\/maison-chance.org\/shop\/shop\"},{\"@type\":\"ListItem\",\"position\":3,\"name\":\"Affe\"}]},{\"@type\":\"WebSite\",\"@id\":\"https:\/\/maison-chance.org\/shop\/de#website\",\"url\":\"https:\/\/maison-chance.org\/shop\/de\",\"name\":\"Nh\u00e0 May M\u1eafn - Maison Chance\",\"description\":\"M\u1ecdi l\u1ee3i nhu\u1eadn thu v\u1ec1 t\u1eeb vi\u1ec7c b\u00e1n h\u00e0ng s\u1ebd tr\u00edch m\u1ed9t ph\u1ea7n \u0111\u1ec3 ch\u0103m lo cho \u0111\u1eddi s\u1ed1ng c\u00e1c b\u1ea1n khuy\u1ebft t\u1eadt v\u00e0 tr\u1ebb m\u1ed3 c\u00f4i \u1edf \u0111\u00e2y\",\"publisher\":{\"@id\":\"https:\/\/maison-chance.org\/shop\/de#organization\"},\"potentialAction\":[{\"@type\":\"SearchAction\",\"target\":{\"@type\":\"EntryPoint\",\"urlTemplate\":\"https:\/\/maison-chance.org\/shop\/de?s={search_term_string}\"},\"query-input\":{\"@type\":\"PropertyValueSpecification\",\"valueRequired\":true,\"valueName\":\"search_term_string\"}}],\"inLanguage\":\"de\"},{\"@type\":\"Organization\",\"@id\":\"https:\/\/maison-chance.org\/shop\/de#organization\",\"name\":\"Nh\u00e0 May M\u1eafn - Maison Chance\",\"url\":\"https:\/\/maison-chance.org\/shop\/de\",\"logo\":{\"@type\":\"ImageObject\",\"inLanguage\":\"de\",\"@id\":\"https:\/\/maison-chance.org\/shop\/de#\/schema\/logo\/image\/\",\"url\":\"https:\/\/maison-chance.org\/shop\/wp-content\/uploads\/2024\/03\/cropped-Logo_DNXH.png\",\"contentUrl\":\"https:\/\/maison-chance.org\/shop\/wp-content\/uploads\/2024\/03\/cropped-Logo_DNXH.png\",\"width\":512,\"height\":512,\"caption\":\"Nh\u00e0 May M\u1eafn - Maison Chance\"},\"image\":{\"@id\":\"https:\/\/maison-chance.org\/shop\/de#\/schema\/logo\/image\/\"},\"sameAs\":[\"https:\/\/www.facebook.com\/dnxh.nhamayman\/\"]}]}<\/script>\n<meta property=\"og:availability\" content=\"instock\" \/>\n<meta property=\"product:availability\" content=\"instock\" \/>\n<meta property=\"product:condition\" content=\"new\" \/>\n<!-- \/ Yoast SEO Premium plugin. -->","yoast_head_json":{"title":"Affe - Brokatstofftier - Nh\u00e0 May M\u1eafn - Maison Chance","description":"Der Brokat-Stoffaffe ist eine perfekte Kombination aus traditionellen Materialien und modernem Design. Das Produkt wird aus hochwertigem Brokatstoff hergestellt und ist in drei flexiblen Gr\u00f6\u00dfen erh\u00e4ltlich: klein 4\u00d710cm, mittel 5\u00d713cm und gro\u00df 6\u00d715cm","robots":{"index":"index","follow":"follow","max-snippet":"max-snippet:-1","max-image-preview":"max-image-preview:large","max-video-preview":"max-video-preview:-1"},"canonical":"https:\/\/maison-chance.org\/shop\/de\/produkt\/affe-2","og_locale":"de_DE","og_type":"article","og_title":"Affe","og_description":"Der Brokat-Stoffaffe ist eine perfekte Kombination aus traditionellen Materialien und modernem Design. Das Produkt wird aus hochwertigem Brokatstoff hergestellt und ist in drei flexiblen Gr\u00f6\u00dfen erh\u00e4ltlich: klein 4\u00d710cm, mittel 5\u00d713cm und gro\u00df 6\u00d715cm","og_url":"https:\/\/maison-chance.org\/shop\/de\/produkt\/affe-2","og_site_name":"Nh\u00e0 May M\u1eafn - Maison Chance","article_publisher":"https:\/\/www.facebook.com\/dnxh.nhamayman\/","article_modified_time":"2025-03-17T02:40:53+00:00","og_image":[{"width":600,"height":600,"url":"https:\/\/maison-chance.org\/shop\/wp-content\/uploads\/2024\/10\/thu-nhoi-bong-hinh-con-khi-vai-tho-cam-01.png","type":"image\/png"}],"twitter_card":"summary_large_image","twitter_misc":{"Verf\u00fcgbarkeit":"Auf Lager"},"schema":{"@context":"https:\/\/schema.org","@graph":[{"@type":"WebPage","@id":"https:\/\/maison-chance.org\/shop\/de\/produkt\/affe-2","url":"https:\/\/maison-chance.org\/shop\/de\/produkt\/affe-2","name":"Affe - Brokatstofftier - Nh\u00e0 May M\u1eafn - Maison Chance","isPartOf":{"@id":"https:\/\/maison-chance.org\/shop\/de#website"},"primaryImageOfPage":{"@id":"https:\/\/maison-chance.org\/shop\/de\/produkt\/affe-2#primaryimage"},"image":{"@id":"https:\/\/maison-chance.org\/shop\/de\/produkt\/affe-2#primaryimage"},"thumbnailUrl":"https:\/\/maison-chance.org\/shop\/wp-content\/uploads\/2024\/10\/thu-nhoi-bong-hinh-con-khi-vai-tho-cam-01.png","datePublished":"2024-10-28T00:10:19+00:00","dateModified":"2025-03-17T02:40:53+00:00","description":"Der Brokat-Stoffaffe ist eine perfekte Kombination aus traditionellen Materialien und modernem Design. Das Produkt wird aus hochwertigem Brokatstoff hergestellt und ist in drei flexiblen Gr\u00f6\u00dfen erh\u00e4ltlich: klein 4\u00d710cm, mittel 5\u00d713cm und gro\u00df 6\u00d715cm","breadcrumb":{"@id":"https:\/\/maison-chance.org\/shop\/de\/produkt\/affe-2#breadcrumb"},"inLanguage":"de","potentialAction":[{"@type":"ReadAction","target":["https:\/\/maison-chance.org\/shop\/de\/produkt\/affe-2"]}]},{"@type":"ImageObject","inLanguage":"de","@id":"https:\/\/maison-chance.org\/shop\/de\/produkt\/affe-2#primaryimage","url":"https:\/\/maison-chance.org\/shop\/wp-content\/uploads\/2024\/10\/thu-nhoi-bong-hinh-con-khi-vai-tho-cam-01.png","contentUrl":"https:\/\/maison-chance.org\/shop\/wp-content\/uploads\/2024\/10\/thu-nhoi-bong-hinh-con-khi-vai-tho-cam-01.png","width":600,"height":600,"caption":"Brokat-Stoffaffe"},{"@type":"BreadcrumbList","@id":"https:\/\/maison-chance.org\/shop\/de\/produkt\/affe-2#breadcrumb","itemListElement":[{"@type":"ListItem","position":1,"name":"Trang ch\u1ee7","item":"https:\/\/maison-chance.org\/shop\/de"},{"@type":"ListItem","position":2,"name":"Shop","item":"https:\/\/maison-chance.org\/shop\/shop"},{"@type":"ListItem","position":3,"name":"Affe"}]},{"@type":"WebSite","@id":"https:\/\/maison-chance.org\/shop\/de#website","url":"https:\/\/maison-chance.org\/shop\/de","name":"Nh\u00e0 May M\u1eafn - Maison Chance","description":"M\u1ecdi l\u1ee3i nhu\u1eadn thu v\u1ec1 t\u1eeb vi\u1ec7c b\u00e1n h\u00e0ng s\u1ebd tr\u00edch m\u1ed9t ph\u1ea7n \u0111\u1ec3 ch\u0103m lo cho \u0111\u1eddi s\u1ed1ng c\u00e1c b\u1ea1n khuy\u1ebft t\u1eadt v\u00e0 tr\u1ebb m\u1ed3 c\u00f4i \u1edf \u0111\u00e2y","publisher":{"@id":"https:\/\/maison-chance.org\/shop\/de#organization"},"potentialAction":[{"@type":"SearchAction","target":{"@type":"EntryPoint","urlTemplate":"https:\/\/maison-chance.org\/shop\/de?s={search_term_string}"},"query-input":{"@type":"PropertyValueSpecification","valueRequired":true,"valueName":"search_term_string"}}],"inLanguage":"de"},{"@type":"Organization","@id":"https:\/\/maison-chance.org\/shop\/de#organization","name":"Nh\u00e0 May M\u1eafn - Maison Chance","url":"https:\/\/maison-chance.org\/shop\/de","logo":{"@type":"ImageObject","inLanguage":"de","@id":"https:\/\/maison-chance.org\/shop\/de#\/schema\/logo\/image\/","url":"https:\/\/maison-chance.org\/shop\/wp-content\/uploads\/2024\/03\/cropped-Logo_DNXH.png","contentUrl":"https:\/\/maison-chance.org\/shop\/wp-content\/uploads\/2024\/03\/cropped-Logo_DNXH.png","width":512,"height":512,"caption":"Nh\u00e0 May M\u1eafn - Maison Chance"},"image":{"@id":"https:\/\/maison-chance.org\/shop\/de#\/schema\/logo\/image\/"},"sameAs":["https:\/\/www.facebook.com\/dnxh.nhamayman\/"]}]},"og_availability":"instock","product_availability":"instock","product_condition":"new"},"_links":{"self":[{"href":"https:\/\/maison-chance.org\/shop\/de\/wp-json\/wp\/v2\/product\/40866","targetHints":{"allow":["GET"]}}],"collection":[{"href":"https:\/\/maison-chance.org\/shop\/de\/wp-json\/wp\/v2\/product"}],"about":[{"href":"https:\/\/maison-chance.org\/shop\/de\/wp-json\/wp\/v2\/types\/product"}],"wp:featuredmedia":[{"embeddable":true,"href":"https:\/\/maison-chance.org\/shop\/de\/wp-json\/wp\/v2\/media\/40873"}],"wp:attachment":[{"href":"https:\/\/maison-chance.org\/shop\/de\/wp-json\/wp\/v2\/media?parent=40866"}],"wp:term":[{"taxonomy":"product_brand","embeddable":true,"href":"https:\/\/maison-chance.org\/shop\/de\/wp-json\/wp\/v2\/product_brand?post=40866"},{"taxonomy":"product_cat","embeddable":true,"href":"https:\/\/maison-chance.org\/shop\/de\/wp-json\/wp\/v2\/product_cat?post=40866"},{"taxonomy":"product_tag","embeddable":true,"href":"https:\/\/maison-chance.org\/shop\/de\/wp-json\/wp\/v2\/product_tag?post=40866"}],"curies":[{"name":"wp","href":"https:\/\/api.w.org\/{rel}","templated":true}]}}