{"id":40895,"date":"2024-10-28T07:20:59","date_gmt":"2024-10-28T00:20:59","guid":{"rendered":"https:\/\/maison-chance.org\/shop\/san-pham\/ziege-2"},"modified":"2025-03-17T09:49:19","modified_gmt":"2025-03-17T02:49:19","slug":"ziege-2","status":"publish","type":"product","link":"https:\/\/maison-chance.org\/shop\/de\/produkt\/ziege-2","title":{"rendered":"Ziege"},"content":{"rendered":"<p>Geschaffen von den geschickten H\u00e4nden der behinderten Schneider bei Maison Chance, ist die Brokat-Stoffziege ein einzigartiges handgefertigtes Produkt, das tief in der ethnischen kulturellen Identit\u00e4t verwurzelt ist. Jedes St\u00fcck ist eine Kristallisation von Geduld, Sorgfalt und der Liebe zum N\u00e4hen dieser besonderen Handwerker und ergibt dekorative Objekte, die sowohl ansprechend als auch bedeutungsvoll sind.<\/p>\n<p>Die Brokat-Ziege (Code TC09TB) wird aus traditionellem Brokatstoff mit einzigartigen Mustern gefertigt, die die reiche Kultur der ethnischen Gruppen Vietnams widerspiegeln. Das dominierende Blau-Wei\u00df-Farbschema, kombiniert mit charakteristischen geometrischen Designs, schafft eine rustikale, dennoch raffinierte Sch\u00f6nheit.<\/p>\n<p data-start=\"867\" data-end=\"920\"><strong data-start=\"874\" data-end=\"918\">3 GR\u00d6SSEN \u2013 F\u00dcR JEDE VORLIEBE ETWAS DABEI!<\/strong><\/p>\n<ul>\n<li data-start=\"921\" data-end=\"1143\">Klein und s\u00fc\u00df (14\u00d715cm) \u2013 Passt in die Hand, leicht \u00fcberallhin mitzunehmen.<\/li>\n<li data-start=\"921\" data-end=\"1143\">Mittel (18\u00d720cm) \u2013 Perfekt f\u00fcr Schreibtische oder Lernbereiche, steigert positive Energie.<\/li>\n<li data-start=\"921\" data-end=\"1143\">Gro\u00df und gem\u00fctlich (22\u00d724cm) \u2013 Zum Kuscheln, weich und unglaublich angenehm!<\/li>\n<\/ul>\n<p><strong>ZIEGE &#8211; EIN GL\u00dcCKSSYMBOL IM FENG SHUI<\/strong><\/p>\n<ul>\n<li>Die Ziege ist nicht nur ein sanftes Tier, sondern tr\u00e4gt auch eine tiefe Bedeutung im Feng Shui:<\/li>\n<li>Symbol f\u00fcr Ausdauer und Beharrlichkeit \u2013 Wie Ziegen, die Berge erklimmen und trotz steiler Pfade stetig voranschreiten.<\/li>\n<li>Bringt Reichtum und Gl\u00fcck \u2013 Man glaubt, dass Ziegen positive Energie anziehen und Wohlstand sowie reibungslosen Erfolg f\u00f6rdern.<\/li>\n<li>Vermittelt Frieden und Gl\u00fcck \u2013 Mit ihrem ruhigen Auftreten steht die Stoffziege f\u00fcr W\u00e4rme und Erf\u00fcllung.<\/li>\n<li>Hilft, Herausforderungen zu meistern und Kraft zu sch\u00f6pfen \u2013 Eine kleine Ziege auf dem Schreibtisch wirkt wie ein Begleiter, der Sie ermutigt, weiterzumachen.<\/li>\n<\/ul>\n<p>Besonders eignet sich dieses Produkt auch als Souvenir f\u00fcr Touristen, da es durch seine kompakte Gr\u00f6\u00dfe leicht zu transportieren ist. Der langlebige und sch\u00f6ne Brokatstoff ist einfach zu reinigen und zu pflegen, sodass das Produkt seinen urspr\u00fcnglichen Charme \u00fcber die Zeit beh\u00e4lt.<\/p>\n<p>Jede Brokat-Ziege ist nicht nur ein auff\u00e4lliges Dekorationsobjekt, sondern auch ein Beweis f\u00fcr die Entschlossenheit und das Talent der behinderten Schneider bei <a href=\"https:\/\/maison-chance.org\/shop\">Maison Chance<\/a>. Mit dem Kauf dieses Produkts besitzen Sie nicht nur ein einzigartiges handgemachtes St\u00fcck, sondern tragen auch dazu bei, diese besonderen Handwerker zu motivieren und ihnen Arbeitsm\u00f6glichkeiten zu schaffen.<\/p>\n<p><em>Kaufen Sie noch heute \u2013 Damit Liebe mehr Herzen erreicht!<\/em><\/p>\n","protected":false},"excerpt":{"rendered":"<p style=\"text-align: justify;\">Die Produkte werden von benachteiligten behinderten Freunden handgefertigt, wir bitten freundlich um die Unterst\u00fctzung gesch\u00e4tzter Kunden.<\/p>\n<p style=\"text-align: justify;\">Material: Brokatstoff<\/p>\n<p style=\"text-align: justify;\">Code: TC09TB<\/p>\n<p style=\"text-align: justify;\">Hotline: <span style=\"font-size: 20px;\"><strong><span style=\"color: #ff0000;\">0909 06 25 28<\/span><\/strong><\/span><\/p>\n<p style=\"text-align: justify;\">Wenn Sie sich in Vietnam befinden, kontaktieren Sie uns bitte \u00fcber die Hotline oder die Maison Chance Business Fanpage, um den Preis in Vietnam zu erfahren.<\/p>\n","protected":false},"featured_media":36957,"template":"","meta":[],"product_brand":[],"product_cat":[244,232],"product_tag":[],"class_list":{"0":"post-40895","1":"product","2":"type-product","3":"status-publish","4":"has-post-thumbnail","6":"product_cat-ausgestopftes-tier-naeherei","7":"product_cat-naeherei","9":"first","10":"instock","11":"shipping-taxable","12":"purchasable","13":"product-type-variable"},"yoast_head":"<!-- This site is optimized with the Yoast SEO Premium plugin v22.7 (Yoast SEO v25.3.1) - https:\/\/yoast.com\/wordpress\/plugins\/seo\/ -->\n<title>Ziege - Brokatstofftier - Nh\u00e0 May M\u1eafn - Maison Chance<\/title>\n<meta name=\"description\" content=\"Die Brokat-Stoffziege ist ein einzigartiges handgefertigtes Produkt reich an ethnischer kultureller Identit\u00e4t. Jedes Produkt ist die Kristallisation von Geduld, Sorgfalt und Liebe zum Schneiderhandwerk dieser besonderen Handwerker, die dekorative Gegenst\u00e4nde schaffen, die sowohl sch\u00f6n als auch bedeutungsvoll sind\" \/>\n<meta name=\"robots\" content=\"index, follow, max-snippet:-1, max-image-preview:large, max-video-preview:-1\" \/>\n<link rel=\"canonical\" href=\"https:\/\/maison-chance.org\/shop\/de\/produkt\/ziege-2\" \/>\n<meta property=\"og:locale\" content=\"de_DE\" \/>\n<meta property=\"og:type\" content=\"article\" \/>\n<meta property=\"og:title\" content=\"Ziege\" \/>\n<meta property=\"og:description\" content=\"Die Brokat-Stoffziege ist ein einzigartiges handgefertigtes Produkt reich an ethnischer kultureller Identit\u00e4t. Jedes Produkt ist die Kristallisation von Geduld, Sorgfalt und Liebe zum Schneiderhandwerk dieser besonderen Handwerker, die dekorative Gegenst\u00e4nde schaffen, die sowohl sch\u00f6n als auch bedeutungsvoll sind\" \/>\n<meta property=\"og:url\" content=\"https:\/\/maison-chance.org\/shop\/de\/produkt\/ziege-2\" \/>\n<meta property=\"og:site_name\" content=\"Nh\u00e0 May M\u1eafn - Maison Chance\" \/>\n<meta property=\"article:publisher\" content=\"https:\/\/www.facebook.com\/dnxh.nhamayman\/\" \/>\n<meta property=\"article:modified_time\" content=\"2025-03-17T02:49:19+00:00\" \/>\n<meta property=\"og:image\" content=\"https:\/\/maison-chance.org\/shop\/wp-content\/uploads\/2024\/04\/thu-nhoi-bong-hinh-con-de-vai-tho-cam-1.jpg\" \/>\n\t<meta property=\"og:image:width\" content=\"600\" \/>\n\t<meta property=\"og:image:height\" content=\"600\" \/>\n\t<meta property=\"og:image:type\" content=\"image\/jpeg\" \/>\n<meta name=\"twitter:card\" content=\"summary_large_image\" \/>\n<meta name=\"twitter:label1\" content=\"Verf\u00fcgbarkeit\" \/>\n\t<meta name=\"twitter:data1\" content=\"Auf Lager\" \/>\n<script type=\"application\/ld+json\" class=\"yoast-schema-graph\">{\"@context\":\"https:\/\/schema.org\",\"@graph\":[{\"@type\":\"WebPage\",\"@id\":\"https:\/\/maison-chance.org\/shop\/de\/produkt\/ziege-2\",\"url\":\"https:\/\/maison-chance.org\/shop\/de\/produkt\/ziege-2\",\"name\":\"Ziege - Brokatstofftier - Nh\u00e0 May M\u1eafn - Maison Chance\",\"isPartOf\":{\"@id\":\"https:\/\/maison-chance.org\/shop\/de#website\"},\"primaryImageOfPage\":{\"@id\":\"https:\/\/maison-chance.org\/shop\/de\/produkt\/ziege-2#primaryimage\"},\"image\":{\"@id\":\"https:\/\/maison-chance.org\/shop\/de\/produkt\/ziege-2#primaryimage\"},\"thumbnailUrl\":\"https:\/\/maison-chance.org\/shop\/wp-content\/uploads\/2024\/04\/thu-nhoi-bong-hinh-con-de-vai-tho-cam-1.jpg\",\"datePublished\":\"2024-10-28T00:20:59+00:00\",\"dateModified\":\"2025-03-17T02:49:19+00:00\",\"description\":\"Die Brokat-Stoffziege ist ein einzigartiges handgefertigtes Produkt reich an ethnischer kultureller Identit\u00e4t. Jedes Produkt ist die Kristallisation von Geduld, Sorgfalt und Liebe zum Schneiderhandwerk dieser besonderen Handwerker, die dekorative Gegenst\u00e4nde schaffen, die sowohl sch\u00f6n als auch bedeutungsvoll sind\",\"breadcrumb\":{\"@id\":\"https:\/\/maison-chance.org\/shop\/de\/produkt\/ziege-2#breadcrumb\"},\"inLanguage\":\"de\",\"potentialAction\":[{\"@type\":\"ReadAction\",\"target\":[\"https:\/\/maison-chance.org\/shop\/de\/produkt\/ziege-2\"]}]},{\"@type\":\"ImageObject\",\"inLanguage\":\"de\",\"@id\":\"https:\/\/maison-chance.org\/shop\/de\/produkt\/ziege-2#primaryimage\",\"url\":\"https:\/\/maison-chance.org\/shop\/wp-content\/uploads\/2024\/04\/thu-nhoi-bong-hinh-con-de-vai-tho-cam-1.jpg\",\"contentUrl\":\"https:\/\/maison-chance.org\/shop\/wp-content\/uploads\/2024\/04\/thu-nhoi-bong-hinh-con-de-vai-tho-cam-1.jpg\",\"width\":600,\"height\":600,\"caption\":\"Brokat-Stoffziege\"},{\"@type\":\"BreadcrumbList\",\"@id\":\"https:\/\/maison-chance.org\/shop\/de\/produkt\/ziege-2#breadcrumb\",\"itemListElement\":[{\"@type\":\"ListItem\",\"position\":1,\"name\":\"Trang ch\u1ee7\",\"item\":\"https:\/\/maison-chance.org\/shop\/de\"},{\"@type\":\"ListItem\",\"position\":2,\"name\":\"Shop\",\"item\":\"https:\/\/maison-chance.org\/shop\/shop\"},{\"@type\":\"ListItem\",\"position\":3,\"name\":\"Ziege\"}]},{\"@type\":\"WebSite\",\"@id\":\"https:\/\/maison-chance.org\/shop\/de#website\",\"url\":\"https:\/\/maison-chance.org\/shop\/de\",\"name\":\"Nh\u00e0 May M\u1eafn - Maison Chance\",\"description\":\"M\u1ecdi l\u1ee3i nhu\u1eadn thu v\u1ec1 t\u1eeb vi\u1ec7c b\u00e1n h\u00e0ng s\u1ebd tr\u00edch m\u1ed9t ph\u1ea7n \u0111\u1ec3 ch\u0103m lo cho \u0111\u1eddi s\u1ed1ng c\u00e1c b\u1ea1n khuy\u1ebft t\u1eadt v\u00e0 tr\u1ebb m\u1ed3 c\u00f4i \u1edf \u0111\u00e2y\",\"publisher\":{\"@id\":\"https:\/\/maison-chance.org\/shop\/de#organization\"},\"potentialAction\":[{\"@type\":\"SearchAction\",\"target\":{\"@type\":\"EntryPoint\",\"urlTemplate\":\"https:\/\/maison-chance.org\/shop\/de?s={search_term_string}\"},\"query-input\":{\"@type\":\"PropertyValueSpecification\",\"valueRequired\":true,\"valueName\":\"search_term_string\"}}],\"inLanguage\":\"de\"},{\"@type\":\"Organization\",\"@id\":\"https:\/\/maison-chance.org\/shop\/de#organization\",\"name\":\"Nh\u00e0 May M\u1eafn - Maison Chance\",\"url\":\"https:\/\/maison-chance.org\/shop\/de\",\"logo\":{\"@type\":\"ImageObject\",\"inLanguage\":\"de\",\"@id\":\"https:\/\/maison-chance.org\/shop\/de#\/schema\/logo\/image\/\",\"url\":\"https:\/\/maison-chance.org\/shop\/wp-content\/uploads\/2024\/03\/cropped-Logo_DNXH.png\",\"contentUrl\":\"https:\/\/maison-chance.org\/shop\/wp-content\/uploads\/2024\/03\/cropped-Logo_DNXH.png\",\"width\":512,\"height\":512,\"caption\":\"Nh\u00e0 May M\u1eafn - Maison Chance\"},\"image\":{\"@id\":\"https:\/\/maison-chance.org\/shop\/de#\/schema\/logo\/image\/\"},\"sameAs\":[\"https:\/\/www.facebook.com\/dnxh.nhamayman\/\"]}]}<\/script>\n<meta property=\"og:availability\" content=\"instock\" \/>\n<meta property=\"product:availability\" content=\"instock\" \/>\n<meta property=\"product:condition\" content=\"new\" \/>\n<!-- \/ Yoast SEO Premium plugin. -->","yoast_head_json":{"title":"Ziege - Brokatstofftier - Nh\u00e0 May M\u1eafn - Maison Chance","description":"Die Brokat-Stoffziege ist ein einzigartiges handgefertigtes Produkt reich an ethnischer kultureller Identit\u00e4t. Jedes Produkt ist die Kristallisation von Geduld, Sorgfalt und Liebe zum Schneiderhandwerk dieser besonderen Handwerker, die dekorative Gegenst\u00e4nde schaffen, die sowohl sch\u00f6n als auch bedeutungsvoll sind","robots":{"index":"index","follow":"follow","max-snippet":"max-snippet:-1","max-image-preview":"max-image-preview:large","max-video-preview":"max-video-preview:-1"},"canonical":"https:\/\/maison-chance.org\/shop\/de\/produkt\/ziege-2","og_locale":"de_DE","og_type":"article","og_title":"Ziege","og_description":"Die Brokat-Stoffziege ist ein einzigartiges handgefertigtes Produkt reich an ethnischer kultureller Identit\u00e4t. Jedes Produkt ist die Kristallisation von Geduld, Sorgfalt und Liebe zum Schneiderhandwerk dieser besonderen Handwerker, die dekorative Gegenst\u00e4nde schaffen, die sowohl sch\u00f6n als auch bedeutungsvoll sind","og_url":"https:\/\/maison-chance.org\/shop\/de\/produkt\/ziege-2","og_site_name":"Nh\u00e0 May M\u1eafn - Maison Chance","article_publisher":"https:\/\/www.facebook.com\/dnxh.nhamayman\/","article_modified_time":"2025-03-17T02:49:19+00:00","og_image":[{"width":600,"height":600,"url":"https:\/\/maison-chance.org\/shop\/wp-content\/uploads\/2024\/04\/thu-nhoi-bong-hinh-con-de-vai-tho-cam-1.jpg","type":"image\/jpeg"}],"twitter_card":"summary_large_image","twitter_misc":{"Verf\u00fcgbarkeit":"Auf Lager"},"schema":{"@context":"https:\/\/schema.org","@graph":[{"@type":"WebPage","@id":"https:\/\/maison-chance.org\/shop\/de\/produkt\/ziege-2","url":"https:\/\/maison-chance.org\/shop\/de\/produkt\/ziege-2","name":"Ziege - Brokatstofftier - Nh\u00e0 May M\u1eafn - Maison Chance","isPartOf":{"@id":"https:\/\/maison-chance.org\/shop\/de#website"},"primaryImageOfPage":{"@id":"https:\/\/maison-chance.org\/shop\/de\/produkt\/ziege-2#primaryimage"},"image":{"@id":"https:\/\/maison-chance.org\/shop\/de\/produkt\/ziege-2#primaryimage"},"thumbnailUrl":"https:\/\/maison-chance.org\/shop\/wp-content\/uploads\/2024\/04\/thu-nhoi-bong-hinh-con-de-vai-tho-cam-1.jpg","datePublished":"2024-10-28T00:20:59+00:00","dateModified":"2025-03-17T02:49:19+00:00","description":"Die Brokat-Stoffziege ist ein einzigartiges handgefertigtes Produkt reich an ethnischer kultureller Identit\u00e4t. Jedes Produkt ist die Kristallisation von Geduld, Sorgfalt und Liebe zum Schneiderhandwerk dieser besonderen Handwerker, die dekorative Gegenst\u00e4nde schaffen, die sowohl sch\u00f6n als auch bedeutungsvoll sind","breadcrumb":{"@id":"https:\/\/maison-chance.org\/shop\/de\/produkt\/ziege-2#breadcrumb"},"inLanguage":"de","potentialAction":[{"@type":"ReadAction","target":["https:\/\/maison-chance.org\/shop\/de\/produkt\/ziege-2"]}]},{"@type":"ImageObject","inLanguage":"de","@id":"https:\/\/maison-chance.org\/shop\/de\/produkt\/ziege-2#primaryimage","url":"https:\/\/maison-chance.org\/shop\/wp-content\/uploads\/2024\/04\/thu-nhoi-bong-hinh-con-de-vai-tho-cam-1.jpg","contentUrl":"https:\/\/maison-chance.org\/shop\/wp-content\/uploads\/2024\/04\/thu-nhoi-bong-hinh-con-de-vai-tho-cam-1.jpg","width":600,"height":600,"caption":"Brokat-Stoffziege"},{"@type":"BreadcrumbList","@id":"https:\/\/maison-chance.org\/shop\/de\/produkt\/ziege-2#breadcrumb","itemListElement":[{"@type":"ListItem","position":1,"name":"Trang ch\u1ee7","item":"https:\/\/maison-chance.org\/shop\/de"},{"@type":"ListItem","position":2,"name":"Shop","item":"https:\/\/maison-chance.org\/shop\/shop"},{"@type":"ListItem","position":3,"name":"Ziege"}]},{"@type":"WebSite","@id":"https:\/\/maison-chance.org\/shop\/de#website","url":"https:\/\/maison-chance.org\/shop\/de","name":"Nh\u00e0 May M\u1eafn - Maison Chance","description":"M\u1ecdi l\u1ee3i nhu\u1eadn thu v\u1ec1 t\u1eeb vi\u1ec7c b\u00e1n h\u00e0ng s\u1ebd tr\u00edch m\u1ed9t ph\u1ea7n \u0111\u1ec3 ch\u0103m lo cho \u0111\u1eddi s\u1ed1ng c\u00e1c b\u1ea1n khuy\u1ebft t\u1eadt v\u00e0 tr\u1ebb m\u1ed3 c\u00f4i \u1edf \u0111\u00e2y","publisher":{"@id":"https:\/\/maison-chance.org\/shop\/de#organization"},"potentialAction":[{"@type":"SearchAction","target":{"@type":"EntryPoint","urlTemplate":"https:\/\/maison-chance.org\/shop\/de?s={search_term_string}"},"query-input":{"@type":"PropertyValueSpecification","valueRequired":true,"valueName":"search_term_string"}}],"inLanguage":"de"},{"@type":"Organization","@id":"https:\/\/maison-chance.org\/shop\/de#organization","name":"Nh\u00e0 May M\u1eafn - Maison Chance","url":"https:\/\/maison-chance.org\/shop\/de","logo":{"@type":"ImageObject","inLanguage":"de","@id":"https:\/\/maison-chance.org\/shop\/de#\/schema\/logo\/image\/","url":"https:\/\/maison-chance.org\/shop\/wp-content\/uploads\/2024\/03\/cropped-Logo_DNXH.png","contentUrl":"https:\/\/maison-chance.org\/shop\/wp-content\/uploads\/2024\/03\/cropped-Logo_DNXH.png","width":512,"height":512,"caption":"Nh\u00e0 May M\u1eafn - Maison Chance"},"image":{"@id":"https:\/\/maison-chance.org\/shop\/de#\/schema\/logo\/image\/"},"sameAs":["https:\/\/www.facebook.com\/dnxh.nhamayman\/"]}]},"og_availability":"instock","product_availability":"instock","product_condition":"new"},"_links":{"self":[{"href":"https:\/\/maison-chance.org\/shop\/de\/wp-json\/wp\/v2\/product\/40895","targetHints":{"allow":["GET"]}}],"collection":[{"href":"https:\/\/maison-chance.org\/shop\/de\/wp-json\/wp\/v2\/product"}],"about":[{"href":"https:\/\/maison-chance.org\/shop\/de\/wp-json\/wp\/v2\/types\/product"}],"wp:featuredmedia":[{"embeddable":true,"href":"https:\/\/maison-chance.org\/shop\/de\/wp-json\/wp\/v2\/media\/36957"}],"wp:attachment":[{"href":"https:\/\/maison-chance.org\/shop\/de\/wp-json\/wp\/v2\/media?parent=40895"}],"wp:term":[{"taxonomy":"product_brand","embeddable":true,"href":"https:\/\/maison-chance.org\/shop\/de\/wp-json\/wp\/v2\/product_brand?post=40895"},{"taxonomy":"product_cat","embeddable":true,"href":"https:\/\/maison-chance.org\/shop\/de\/wp-json\/wp\/v2\/product_cat?post=40895"},{"taxonomy":"product_tag","embeddable":true,"href":"https:\/\/maison-chance.org\/shop\/de\/wp-json\/wp\/v2\/product_tag?post=40895"}],"curies":[{"name":"wp","href":"https:\/\/api.w.org\/{rel}","templated":true}]}}