{"id":40987,"date":"2024-11-06T07:00:57","date_gmt":"2024-11-06T00:00:57","guid":{"rendered":"https:\/\/maison-chance.org\/shop\/san-pham\/drache-3"},"modified":"2025-03-17T10:04:20","modified_gmt":"2025-03-17T03:04:20","slug":"drache-3","status":"publish","type":"product","link":"https:\/\/maison-chance.org\/shop\/de\/produkt\/drache-3","title":{"rendered":"Drache"},"content":{"rendered":"<p data-start=\"76\" data-end=\"318\">Glauben Sie an die Kraft eines Talismans? Glauben Sie, dass ein kleines Objekt Gl\u00fcck und Inspiration bringen kann? Und glauben Sie, dass jeder Stich und Faden an diesem Drachen das Ergebnis au\u00dfergew\u00f6hnlicher Willenskraft ist? Lassen Sie unseren Thai-Stoffdrachen TH06TB zum Symbol f\u00fcr Erfolg und Durchhalteverm\u00f6gen werden, der Sie auf Ihrer Reise zur Eroberung neuer H\u00f6hen begleitet!<\/p>\n<p style=\"text-align: justify;\">Der Thai-Stoffdrache (Produktcode TH06TB) ist ein exquisites handgefertigtes Werk mit den Ma\u00dfen 6 \u00d7 30 cm, hergestellt aus hochwertigem Thai-Stoff. Er besticht durch seine luxuri\u00f6se moosgr\u00fcne Farbe, akzentuiert mit schimmernden goldenen Mustern, die eine elegante und einzigartige Sch\u00f6nheit schaffen. Jedes Detail \u2013 wie der Drachenbart, die Schuppen und die Krallen \u2013 wird von geschickten Schneidern sorgf\u00e4ltig gestaltet, wodurch ein lebendiges Kunstwerk entsteht.<\/p>\n<p>Im Feng Shui ist der Drache das m\u00e4chtigste spirituelle Wesen, das Autorit\u00e4t, Reichtum und Gl\u00fcck symbolisiert. Ein Drache im Haus, auf dem Schreibtisch oder bei sich getragen, l\u00e4sst Sie stets die starke Energie und den Schutz dieses Talismans sp\u00fcren:<\/p>\n<ul>\n<li>Zieht Reichtum an, verst\u00e4rkt das Gl\u00fcck und f\u00f6rdert Wohlstand<\/li>\n<li>Bringt St\u00e4rke, Ausdauer und den Willen, weit zu reichen<\/li>\n<li>Sch\u00fctzt die Familie und vertreibt negative Energien<\/li>\n<\/ul>\n<p>Dieser Drache wird nicht auf einer kalten industriellen Fertigungsstra\u00dfe hergestellt, sondern entstammt den geschickten H\u00e4nden und warmen Herzen behinderter Handwerker.<\/p>\n<ul>\n<li style=\"text-align: justify;\">Jede Naht erz\u00e4hlt eine Geschichte von Widerstandskraft<\/li>\n<li style=\"text-align: justify;\">Jeder Stich tr\u00e4gt einen Traum von einer besseren Zukunft<\/li>\n<li style=\"text-align: justify;\">Jeder Kauf gibt ihnen eine Chance, auf ihrem Weg zur Unabh\u00e4ngigkeit st\u00e4rker zu stehen<\/li>\n<\/ul>\n<p style=\"text-align: justify;\">Lassen Sie den Thai-Stoffdrachen zum n\u00e4chsten bedeutungsvollen Geschenk werden, das Sie Ihren Lieben, Freunden oder sich selbst schenken. Auf diese Weise verbreiten Sie nicht nur Gl\u00fcck, sondern tragen auch dazu bei, Positives in der Gemeinschaft zu schaffen. JETZT BESTELLEN, um diesen Gl\u00fccksbringer zu besitzen und die widerstandsf\u00e4higen H\u00e4nde dahinter zu unterst\u00fctzen!<\/p>\n<p data-start=\"593\" data-end=\"663\"><em>Holen Sie sich noch heute einen kleinen Drachen, damit: Gl\u00fcck Ihren Schritten folgt und Wohlstand Ihr Leben erf\u00fcllt!<\/em><\/p>\n","protected":false},"excerpt":{"rendered":"<p style=\"text-align: justify;\">Die Produkte werden von benachteiligten behinderten Freunden handgefertigt, die auf die Unterst\u00fctzung der Kunden hoffen.<\/p>\n<p>Material: Traditioneller Webstoff<\/p>\n<p>Code: TC06TH<\/p>\n<p>Hotline: <span style=\"font-size: 20px;\"><strong><span style=\"color: #ff0000;\">0909 06 25 28<\/span><\/strong><\/span><\/p>\n<p style=\"text-align: justify;\">Wenn Sie sich in Vietnam befinden, kontaktieren Sie uns bitte \u00fcber die Hotline oder die Maison Chance Business Fanpage, um den Preis in Vietnam zu erfahren.<\/p>\n","protected":false},"featured_media":40957,"template":"","meta":[],"product_brand":[],"product_cat":[244,232],"product_tag":[],"class_list":{"0":"post-40987","1":"product","2":"type-product","3":"status-publish","4":"has-post-thumbnail","6":"product_cat-ausgestopftes-tier-naeherei","7":"product_cat-naeherei","9":"first","10":"instock","11":"shipping-taxable","12":"purchasable","13":"product-type-simple"},"yoast_head":"<!-- This site is optimized with the Yoast SEO Premium plugin v22.7 (Yoast SEO v25.3.1) - https:\/\/yoast.com\/wordpress\/plugins\/seo\/ -->\n<title>Drache - thail\u00e4ndisches Stofftier - Nh\u00e0 May M\u1eafn - Maison Chance<\/title>\n<meta name=\"description\" content=\"Der thail\u00e4ndische Stofftier-Drache ist ein exquisites handgefertigtes St\u00fcck mit den Ma\u00dfen 6 \u00d7 30 cm, hergestellt aus hochwertigem thail\u00e4ndischem Stoff. Akzentuiert mit goldenen Mustern, die eine luxuri\u00f6se und einzigartige Sch\u00f6nheit schaffen.\" \/>\n<meta name=\"robots\" content=\"index, follow, max-snippet:-1, max-image-preview:large, max-video-preview:-1\" \/>\n<link rel=\"canonical\" href=\"https:\/\/maison-chance.org\/shop\/de\/produkt\/drache-3\" \/>\n<meta property=\"og:locale\" content=\"de_DE\" \/>\n<meta property=\"og:type\" content=\"article\" \/>\n<meta property=\"og:title\" content=\"Drache\" \/>\n<meta property=\"og:description\" content=\"Der thail\u00e4ndische Stofftier-Drache ist ein exquisites handgefertigtes St\u00fcck mit den Ma\u00dfen 6 \u00d7 30 cm, hergestellt aus hochwertigem thail\u00e4ndischem Stoff. Akzentuiert mit goldenen Mustern, die eine luxuri\u00f6se und einzigartige Sch\u00f6nheit schaffen.\" \/>\n<meta property=\"og:url\" content=\"https:\/\/maison-chance.org\/shop\/de\/produkt\/drache-3\" \/>\n<meta property=\"og:site_name\" content=\"Nh\u00e0 May M\u1eafn - Maison Chance\" \/>\n<meta property=\"article:publisher\" content=\"https:\/\/www.facebook.com\/dnxh.nhamayman\/\" \/>\n<meta property=\"article:modified_time\" content=\"2025-03-17T03:04:20+00:00\" \/>\n<meta property=\"og:image\" content=\"https:\/\/maison-chance.org\/shop\/wp-content\/uploads\/2024\/11\/thu-nhoi-bong-hinh-con-rong-vai-thai.jpg\" \/>\n\t<meta property=\"og:image:width\" content=\"600\" \/>\n\t<meta property=\"og:image:height\" content=\"600\" \/>\n\t<meta property=\"og:image:type\" content=\"image\/jpeg\" \/>\n<meta name=\"twitter:card\" content=\"summary_large_image\" \/>\n<meta name=\"twitter:label1\" content=\"Preis\" \/>\n\t<meta name=\"twitter:data1\" content=\"&euro;7.54\" \/>\n\t<meta name=\"twitter:label2\" content=\"Verf\u00fcgbarkeit\" \/>\n\t<meta name=\"twitter:data2\" content=\"Auf Lager\" \/>\n<script type=\"application\/ld+json\" class=\"yoast-schema-graph\">{\"@context\":\"https:\/\/schema.org\",\"@graph\":[{\"@type\":\"WebPage\",\"@id\":\"https:\/\/maison-chance.org\/shop\/de\/produkt\/drache-3\",\"url\":\"https:\/\/maison-chance.org\/shop\/de\/produkt\/drache-3\",\"name\":\"Drache - thail\u00e4ndisches Stofftier - Nh\u00e0 May M\u1eafn - Maison Chance\",\"isPartOf\":{\"@id\":\"https:\/\/maison-chance.org\/shop\/de#website\"},\"primaryImageOfPage\":{\"@id\":\"https:\/\/maison-chance.org\/shop\/de\/produkt\/drache-3#primaryimage\"},\"image\":{\"@id\":\"https:\/\/maison-chance.org\/shop\/de\/produkt\/drache-3#primaryimage\"},\"thumbnailUrl\":\"https:\/\/maison-chance.org\/shop\/wp-content\/uploads\/2024\/11\/thu-nhoi-bong-hinh-con-rong-vai-thai.jpg\",\"datePublished\":\"2024-11-06T00:00:57+00:00\",\"dateModified\":\"2025-03-17T03:04:20+00:00\",\"description\":\"Der thail\u00e4ndische Stofftier-Drache ist ein exquisites handgefertigtes St\u00fcck mit den Ma\u00dfen 6 \u00d7 30 cm, hergestellt aus hochwertigem thail\u00e4ndischem Stoff. Akzentuiert mit goldenen Mustern, die eine luxuri\u00f6se und einzigartige Sch\u00f6nheit schaffen.\",\"breadcrumb\":{\"@id\":\"https:\/\/maison-chance.org\/shop\/de\/produkt\/drache-3#breadcrumb\"},\"inLanguage\":\"de\",\"potentialAction\":[{\"@type\":\"ReadAction\",\"target\":[\"https:\/\/maison-chance.org\/shop\/de\/produkt\/drache-3\"]}]},{\"@type\":\"ImageObject\",\"inLanguage\":\"de\",\"@id\":\"https:\/\/maison-chance.org\/shop\/de\/produkt\/drache-3#primaryimage\",\"url\":\"https:\/\/maison-chance.org\/shop\/wp-content\/uploads\/2024\/11\/thu-nhoi-bong-hinh-con-rong-vai-thai.jpg\",\"contentUrl\":\"https:\/\/maison-chance.org\/shop\/wp-content\/uploads\/2024\/11\/thu-nhoi-bong-hinh-con-rong-vai-thai.jpg\",\"width\":600,\"height\":600,\"caption\":\"Thail\u00e4ndisches Stofftier-Drache\"},{\"@type\":\"BreadcrumbList\",\"@id\":\"https:\/\/maison-chance.org\/shop\/de\/produkt\/drache-3#breadcrumb\",\"itemListElement\":[{\"@type\":\"ListItem\",\"position\":1,\"name\":\"Trang ch\u1ee7\",\"item\":\"https:\/\/maison-chance.org\/shop\/de\"},{\"@type\":\"ListItem\",\"position\":2,\"name\":\"Shop\",\"item\":\"https:\/\/maison-chance.org\/shop\/shop\"},{\"@type\":\"ListItem\",\"position\":3,\"name\":\"Drache\"}]},{\"@type\":\"WebSite\",\"@id\":\"https:\/\/maison-chance.org\/shop\/de#website\",\"url\":\"https:\/\/maison-chance.org\/shop\/de\",\"name\":\"Nh\u00e0 May M\u1eafn - Maison Chance\",\"description\":\"M\u1ecdi l\u1ee3i nhu\u1eadn thu v\u1ec1 t\u1eeb vi\u1ec7c b\u00e1n h\u00e0ng s\u1ebd tr\u00edch m\u1ed9t ph\u1ea7n \u0111\u1ec3 ch\u0103m lo cho \u0111\u1eddi s\u1ed1ng c\u00e1c b\u1ea1n khuy\u1ebft t\u1eadt v\u00e0 tr\u1ebb m\u1ed3 c\u00f4i \u1edf \u0111\u00e2y\",\"publisher\":{\"@id\":\"https:\/\/maison-chance.org\/shop\/de#organization\"},\"potentialAction\":[{\"@type\":\"SearchAction\",\"target\":{\"@type\":\"EntryPoint\",\"urlTemplate\":\"https:\/\/maison-chance.org\/shop\/de?s={search_term_string}\"},\"query-input\":{\"@type\":\"PropertyValueSpecification\",\"valueRequired\":true,\"valueName\":\"search_term_string\"}}],\"inLanguage\":\"de\"},{\"@type\":\"Organization\",\"@id\":\"https:\/\/maison-chance.org\/shop\/de#organization\",\"name\":\"Nh\u00e0 May M\u1eafn - Maison Chance\",\"url\":\"https:\/\/maison-chance.org\/shop\/de\",\"logo\":{\"@type\":\"ImageObject\",\"inLanguage\":\"de\",\"@id\":\"https:\/\/maison-chance.org\/shop\/de#\/schema\/logo\/image\/\",\"url\":\"https:\/\/maison-chance.org\/shop\/wp-content\/uploads\/2024\/03\/cropped-Logo_DNXH.png\",\"contentUrl\":\"https:\/\/maison-chance.org\/shop\/wp-content\/uploads\/2024\/03\/cropped-Logo_DNXH.png\",\"width\":512,\"height\":512,\"caption\":\"Nh\u00e0 May M\u1eafn - Maison Chance\"},\"image\":{\"@id\":\"https:\/\/maison-chance.org\/shop\/de#\/schema\/logo\/image\/\"},\"sameAs\":[\"https:\/\/www.facebook.com\/dnxh.nhamayman\/\"]}]}<\/script>\n<meta property=\"product:price:amount\" content=\"7.54\" \/>\n<meta property=\"product:price:currency\" content=\"EUR\" \/>\n<meta property=\"og:availability\" content=\"instock\" \/>\n<meta property=\"product:availability\" content=\"instock\" \/>\n<meta property=\"product:condition\" content=\"new\" \/>\n<!-- \/ Yoast SEO Premium plugin. -->","yoast_head_json":{"title":"Drache - thail\u00e4ndisches Stofftier - Nh\u00e0 May M\u1eafn - Maison Chance","description":"Der thail\u00e4ndische Stofftier-Drache ist ein exquisites handgefertigtes St\u00fcck mit den Ma\u00dfen 6 \u00d7 30 cm, hergestellt aus hochwertigem thail\u00e4ndischem Stoff. Akzentuiert mit goldenen Mustern, die eine luxuri\u00f6se und einzigartige Sch\u00f6nheit schaffen.","robots":{"index":"index","follow":"follow","max-snippet":"max-snippet:-1","max-image-preview":"max-image-preview:large","max-video-preview":"max-video-preview:-1"},"canonical":"https:\/\/maison-chance.org\/shop\/de\/produkt\/drache-3","og_locale":"de_DE","og_type":"article","og_title":"Drache","og_description":"Der thail\u00e4ndische Stofftier-Drache ist ein exquisites handgefertigtes St\u00fcck mit den Ma\u00dfen 6 \u00d7 30 cm, hergestellt aus hochwertigem thail\u00e4ndischem Stoff. Akzentuiert mit goldenen Mustern, die eine luxuri\u00f6se und einzigartige Sch\u00f6nheit schaffen.","og_url":"https:\/\/maison-chance.org\/shop\/de\/produkt\/drache-3","og_site_name":"Nh\u00e0 May M\u1eafn - Maison Chance","article_publisher":"https:\/\/www.facebook.com\/dnxh.nhamayman\/","article_modified_time":"2025-03-17T03:04:20+00:00","og_image":[{"width":600,"height":600,"url":"https:\/\/maison-chance.org\/shop\/wp-content\/uploads\/2024\/11\/thu-nhoi-bong-hinh-con-rong-vai-thai.jpg","type":"image\/jpeg"}],"twitter_card":"summary_large_image","twitter_misc":{"Preis":"&euro;7.54","Verf\u00fcgbarkeit":"Auf Lager"},"schema":{"@context":"https:\/\/schema.org","@graph":[{"@type":"WebPage","@id":"https:\/\/maison-chance.org\/shop\/de\/produkt\/drache-3","url":"https:\/\/maison-chance.org\/shop\/de\/produkt\/drache-3","name":"Drache - thail\u00e4ndisches Stofftier - Nh\u00e0 May M\u1eafn - Maison Chance","isPartOf":{"@id":"https:\/\/maison-chance.org\/shop\/de#website"},"primaryImageOfPage":{"@id":"https:\/\/maison-chance.org\/shop\/de\/produkt\/drache-3#primaryimage"},"image":{"@id":"https:\/\/maison-chance.org\/shop\/de\/produkt\/drache-3#primaryimage"},"thumbnailUrl":"https:\/\/maison-chance.org\/shop\/wp-content\/uploads\/2024\/11\/thu-nhoi-bong-hinh-con-rong-vai-thai.jpg","datePublished":"2024-11-06T00:00:57+00:00","dateModified":"2025-03-17T03:04:20+00:00","description":"Der thail\u00e4ndische Stofftier-Drache ist ein exquisites handgefertigtes St\u00fcck mit den Ma\u00dfen 6 \u00d7 30 cm, hergestellt aus hochwertigem thail\u00e4ndischem Stoff. Akzentuiert mit goldenen Mustern, die eine luxuri\u00f6se und einzigartige Sch\u00f6nheit schaffen.","breadcrumb":{"@id":"https:\/\/maison-chance.org\/shop\/de\/produkt\/drache-3#breadcrumb"},"inLanguage":"de","potentialAction":[{"@type":"ReadAction","target":["https:\/\/maison-chance.org\/shop\/de\/produkt\/drache-3"]}]},{"@type":"ImageObject","inLanguage":"de","@id":"https:\/\/maison-chance.org\/shop\/de\/produkt\/drache-3#primaryimage","url":"https:\/\/maison-chance.org\/shop\/wp-content\/uploads\/2024\/11\/thu-nhoi-bong-hinh-con-rong-vai-thai.jpg","contentUrl":"https:\/\/maison-chance.org\/shop\/wp-content\/uploads\/2024\/11\/thu-nhoi-bong-hinh-con-rong-vai-thai.jpg","width":600,"height":600,"caption":"Thail\u00e4ndisches Stofftier-Drache"},{"@type":"BreadcrumbList","@id":"https:\/\/maison-chance.org\/shop\/de\/produkt\/drache-3#breadcrumb","itemListElement":[{"@type":"ListItem","position":1,"name":"Trang ch\u1ee7","item":"https:\/\/maison-chance.org\/shop\/de"},{"@type":"ListItem","position":2,"name":"Shop","item":"https:\/\/maison-chance.org\/shop\/shop"},{"@type":"ListItem","position":3,"name":"Drache"}]},{"@type":"WebSite","@id":"https:\/\/maison-chance.org\/shop\/de#website","url":"https:\/\/maison-chance.org\/shop\/de","name":"Nh\u00e0 May M\u1eafn - Maison Chance","description":"M\u1ecdi l\u1ee3i nhu\u1eadn thu v\u1ec1 t\u1eeb vi\u1ec7c b\u00e1n h\u00e0ng s\u1ebd tr\u00edch m\u1ed9t ph\u1ea7n \u0111\u1ec3 ch\u0103m lo cho \u0111\u1eddi s\u1ed1ng c\u00e1c b\u1ea1n khuy\u1ebft t\u1eadt v\u00e0 tr\u1ebb m\u1ed3 c\u00f4i \u1edf \u0111\u00e2y","publisher":{"@id":"https:\/\/maison-chance.org\/shop\/de#organization"},"potentialAction":[{"@type":"SearchAction","target":{"@type":"EntryPoint","urlTemplate":"https:\/\/maison-chance.org\/shop\/de?s={search_term_string}"},"query-input":{"@type":"PropertyValueSpecification","valueRequired":true,"valueName":"search_term_string"}}],"inLanguage":"de"},{"@type":"Organization","@id":"https:\/\/maison-chance.org\/shop\/de#organization","name":"Nh\u00e0 May M\u1eafn - Maison Chance","url":"https:\/\/maison-chance.org\/shop\/de","logo":{"@type":"ImageObject","inLanguage":"de","@id":"https:\/\/maison-chance.org\/shop\/de#\/schema\/logo\/image\/","url":"https:\/\/maison-chance.org\/shop\/wp-content\/uploads\/2024\/03\/cropped-Logo_DNXH.png","contentUrl":"https:\/\/maison-chance.org\/shop\/wp-content\/uploads\/2024\/03\/cropped-Logo_DNXH.png","width":512,"height":512,"caption":"Nh\u00e0 May M\u1eafn - Maison Chance"},"image":{"@id":"https:\/\/maison-chance.org\/shop\/de#\/schema\/logo\/image\/"},"sameAs":["https:\/\/www.facebook.com\/dnxh.nhamayman\/"]}]},"product_price_amount":"7.54","product_price_currency":"EUR","og_availability":"instock","product_availability":"instock","product_condition":"new"},"_links":{"self":[{"href":"https:\/\/maison-chance.org\/shop\/de\/wp-json\/wp\/v2\/product\/40987","targetHints":{"allow":["GET"]}}],"collection":[{"href":"https:\/\/maison-chance.org\/shop\/de\/wp-json\/wp\/v2\/product"}],"about":[{"href":"https:\/\/maison-chance.org\/shop\/de\/wp-json\/wp\/v2\/types\/product"}],"wp:featuredmedia":[{"embeddable":true,"href":"https:\/\/maison-chance.org\/shop\/de\/wp-json\/wp\/v2\/media\/40957"}],"wp:attachment":[{"href":"https:\/\/maison-chance.org\/shop\/de\/wp-json\/wp\/v2\/media?parent=40987"}],"wp:term":[{"taxonomy":"product_brand","embeddable":true,"href":"https:\/\/maison-chance.org\/shop\/de\/wp-json\/wp\/v2\/product_brand?post=40987"},{"taxonomy":"product_cat","embeddable":true,"href":"https:\/\/maison-chance.org\/shop\/de\/wp-json\/wp\/v2\/product_cat?post=40987"},{"taxonomy":"product_tag","embeddable":true,"href":"https:\/\/maison-chance.org\/shop\/de\/wp-json\/wp\/v2\/product_tag?post=40987"}],"curies":[{"name":"wp","href":"https:\/\/api.w.org\/{rel}","templated":true}]}}