{"id":40997,"date":"2024-11-06T07:05:28","date_gmt":"2024-11-06T00:05:28","guid":{"rendered":"https:\/\/maison-chance.org\/shop\/san-pham\/drache-4"},"modified":"2024-11-06T07:05:28","modified_gmt":"2024-11-06T00:05:28","slug":"drache-4","status":"publish","type":"product","link":"https:\/\/maison-chance.org\/shop\/de\/produkt\/drache-4","title":{"rendered":"Drache"},"content":{"rendered":"<p style=\"text-align: justify;\">Im ostasiatischen Kulturraum bringt das Drachensymbol immer sch\u00f6ne Bedeutungen von Wohlstand und Gl\u00fcck. Heute sind wir stolz darauf, Ihnen unseren einzigartigen thail\u00e4ndischen Stoffdrachen vorzustellen, der von den talentierten H\u00e4nden behinderter Schneider bei Maison Chance geschaffen wurde. Jeder Stich enth\u00e4lt eine Geschichte von Widerstandsf\u00e4higkeit und endloser kreativer Leidenschaft.<\/p>\n<p style=\"text-align: justify;\">Der thail\u00e4ndische Stoffdrache (Produktcode TH06TB) ist ein exquisites handgefertigtes St\u00fcck mit den Ma\u00dfen 6 \u00d7 30 cm, hergestellt aus hochwertigem thail\u00e4ndischem Stoff. Das Produkt besticht durch seine elegante moosgr\u00fcne Farbe, akzentuiert mit goldenen Mustern, die eine luxuri\u00f6se und einzigartige Sch\u00f6nheit schaffen. Jedes kleine Detail wie die Barthaare, Schuppen und Klauen des Drachen wird von den Schneidern sorgf\u00e4ltig gearbeitet und schafft so ein lebendiges Kunstwerk.<\/p>\n<p style=\"text-align: justify;\">Mit seinem kompakten und eleganten Design kann das thail\u00e4ndische Stofftier in Form eines Drachen zu einem perfekten dekorativen Akzent f\u00fcr verschiedene R\u00e4ume werden. Auf einem Schreibtisch platziert, bringt der Drache nicht nur Gl\u00fcck, sondern inspiriert auch die Kreativit\u00e4t seines Besitzers. Im Wohnzimmer kann er auf B\u00fccherregalen oder in Vitrinen ausgestellt werden und verleiht einen Hauch subtiler ostasiatischer Kultur. Besonders in Kinderzimmern kann der thail\u00e4ndische Stoffdrache zu einem freundlichen Begleiter werden, der die Fantasie der Kinder anregt.<\/p>\n<p style=\"text-align: justify;\">Nicht nur ein Dekorationsgegenstand, der thail\u00e4ndische Stoffdrache ist auch ein bedeutungsvolles Geschenk f\u00fcr besondere Anl\u00e4sse. Einen thail\u00e4ndischen Stoffdrachen zu verschenken ist wie Gl\u00fccks- und Erfolgsw\u00fcnsche zu \u00fcberbringen und zeigt gleichzeitig Raffinesse in der Geschenkkultur. Besonders ist, dass jedes Produkt einzigartig und vollst\u00e4ndig handgefertigt ist, was einen unwiederholbaren exklusiven Wert schafft.<\/p>\n<p style=\"text-align: justify;\">Wenn Sie einen thail\u00e4ndischen Stoffdrachen besitzen, erhalten Sie nicht nur ein exquisites Handwerk, sondern tragen auch zur bedeutungsvollen Reise der Unterst\u00fctzung der Gemeinschaft behinderter Schneider bei Maison Chance bei. Jedes verkaufte Produkt ist eine Gelegenheit, diesen besonderen Schneidern Motivation und Selbstvertrauen zu geben, um im Leben aufzusteigen.<\/p>\n<p style=\"text-align: justify;\">Lassen Sie den thail\u00e4ndischen Stoffdrachen Ihr n\u00e4chstes bedeutungsvolles Geschenk f\u00fcr Familie, Freunde oder sich selbst werden. Auf diese Weise verbreiten Sie nicht nur Gl\u00fcck, sondern tragen auch dazu bei, Gutes f\u00fcr die Gemeinschaft zu schaffen. Kontaktieren Sie <a href=\"https:\/\/maison-chance.org\/shop\">Maison Chance<\/a> jetzt, um diesen einzigartigen thail\u00e4ndischen Stoffdrachen zu besitzen und sich der Unterst\u00fctzung talentierter behinderter Schneider anzuschlie\u00dfen.<\/p>\n","protected":false},"excerpt":{"rendered":"<p style=\"text-align: justify;\">Die Produkte werden von benachteiligten behinderten Freunden handgefertigt, die auf die Unterst\u00fctzung der Kunden hoffen.<\/p>\n<p>Material: Traditioneller Webstoff<\/p>\n<p>Code: TC06TB<\/p>\n<p>Hotline: <span style=\"font-size: 20px;\"><strong><span style=\"color: #ff0000;\">0909 06 25 28<\/span><\/strong><\/span><\/p>\n<p style=\"text-align: justify;\">Wenn Sie sich in Vietnam befinden, kontaktieren Sie uns bitte \u00fcber die Hotline oder die Maison Chance Business Fanpage, um den Preis in Vietnam zu erfahren.<\/p>\n","protected":false},"featured_media":36854,"template":"","meta":[],"product_brand":[],"product_cat":[244,232],"product_tag":[],"class_list":{"0":"post-40997","1":"product","2":"type-product","3":"status-publish","4":"has-post-thumbnail","6":"product_cat-ausgestopftes-tier-naeherei","7":"product_cat-naeherei","9":"first","10":"instock","11":"shipping-taxable","12":"purchasable","13":"product-type-variable"},"yoast_head":"<!-- This site is optimized with the Yoast SEO Premium plugin v22.7 (Yoast SEO v25.3.1) - https:\/\/yoast.com\/wordpress\/plugins\/seo\/ -->\n<title>Drache - thail\u00e4ndisches Stofftier - %%sitename%<\/title>\n<meta name=\"description\" content=\"Der thail\u00e4ndische Stofftier-Drache ist ein exquisites handgefertigtes St\u00fcck mit den Ma\u00dfen 6 \u00d7 30 cm, hergestellt aus hochwertigem thail\u00e4ndischem Stoff. Akzentuiert mit goldenen Mustern, die eine luxuri\u00f6se und einzigartige Sch\u00f6nheit schaffen.\" \/>\n<meta name=\"robots\" content=\"index, follow, max-snippet:-1, max-image-preview:large, max-video-preview:-1\" \/>\n<link rel=\"canonical\" href=\"https:\/\/maison-chance.org\/shop\/de\/produkt\/drache-4\" \/>\n<meta property=\"og:locale\" content=\"de_DE\" \/>\n<meta property=\"og:type\" content=\"article\" \/>\n<meta property=\"og:title\" content=\"Drache\" \/>\n<meta property=\"og:description\" content=\"Der thail\u00e4ndische Stofftier-Drache ist ein exquisites handgefertigtes St\u00fcck mit den Ma\u00dfen 6 \u00d7 30 cm, hergestellt aus hochwertigem thail\u00e4ndischem Stoff. Akzentuiert mit goldenen Mustern, die eine luxuri\u00f6se und einzigartige Sch\u00f6nheit schaffen.\" \/>\n<meta property=\"og:url\" content=\"https:\/\/maison-chance.org\/shop\/de\/produkt\/drache-4\" \/>\n<meta property=\"og:site_name\" content=\"Nh\u00e0 May M\u1eafn - Maison Chance\" \/>\n<meta property=\"article:publisher\" content=\"https:\/\/www.facebook.com\/dnxh.nhamayman\/\" \/>\n<meta property=\"og:image\" content=\"https:\/\/maison-chance.org\/shop\/wp-content\/uploads\/2024\/04\/moc-chia-khoa-hinh-con-rong-5.jpg\" \/>\n\t<meta property=\"og:image:width\" content=\"600\" \/>\n\t<meta property=\"og:image:height\" content=\"600\" \/>\n\t<meta property=\"og:image:type\" content=\"image\/jpeg\" \/>\n<meta name=\"twitter:card\" content=\"summary_large_image\" \/>\n<meta name=\"twitter:label1\" content=\"Verf\u00fcgbarkeit\" \/>\n\t<meta name=\"twitter:data1\" content=\"Auf Lager\" \/>\n<script type=\"application\/ld+json\" class=\"yoast-schema-graph\">{\"@context\":\"https:\/\/schema.org\",\"@graph\":[{\"@type\":\"WebPage\",\"@id\":\"https:\/\/maison-chance.org\/shop\/de\/produkt\/drache-4\",\"url\":\"https:\/\/maison-chance.org\/shop\/de\/produkt\/drache-4\",\"name\":\"Drache - thail\u00e4ndisches Stofftier - %%sitename%\",\"isPartOf\":{\"@id\":\"https:\/\/maison-chance.org\/shop\/de#website\"},\"primaryImageOfPage\":{\"@id\":\"https:\/\/maison-chance.org\/shop\/de\/produkt\/drache-4#primaryimage\"},\"image\":{\"@id\":\"https:\/\/maison-chance.org\/shop\/de\/produkt\/drache-4#primaryimage\"},\"thumbnailUrl\":\"https:\/\/maison-chance.org\/shop\/wp-content\/uploads\/2024\/04\/moc-chia-khoa-hinh-con-rong-5.jpg\",\"datePublished\":\"2024-11-06T00:05:28+00:00\",\"description\":\"Der thail\u00e4ndische Stofftier-Drache ist ein exquisites handgefertigtes St\u00fcck mit den Ma\u00dfen 6 \u00d7 30 cm, hergestellt aus hochwertigem thail\u00e4ndischem Stoff. Akzentuiert mit goldenen Mustern, die eine luxuri\u00f6se und einzigartige Sch\u00f6nheit schaffen.\",\"breadcrumb\":{\"@id\":\"https:\/\/maison-chance.org\/shop\/de\/produkt\/drache-4#breadcrumb\"},\"inLanguage\":\"de\",\"potentialAction\":[{\"@type\":\"ReadAction\",\"target\":[\"https:\/\/maison-chance.org\/shop\/de\/produkt\/drache-4\"]}]},{\"@type\":\"ImageObject\",\"inLanguage\":\"de\",\"@id\":\"https:\/\/maison-chance.org\/shop\/de\/produkt\/drache-4#primaryimage\",\"url\":\"https:\/\/maison-chance.org\/shop\/wp-content\/uploads\/2024\/04\/moc-chia-khoa-hinh-con-rong-5.jpg\",\"contentUrl\":\"https:\/\/maison-chance.org\/shop\/wp-content\/uploads\/2024\/04\/moc-chia-khoa-hinh-con-rong-5.jpg\",\"width\":600,\"height\":600,\"caption\":\"Thail\u00e4ndisches Stofftier-Drache\"},{\"@type\":\"BreadcrumbList\",\"@id\":\"https:\/\/maison-chance.org\/shop\/de\/produkt\/drache-4#breadcrumb\",\"itemListElement\":[{\"@type\":\"ListItem\",\"position\":1,\"name\":\"Trang ch\u1ee7\",\"item\":\"https:\/\/maison-chance.org\/shop\/de\"},{\"@type\":\"ListItem\",\"position\":2,\"name\":\"Shop\",\"item\":\"https:\/\/maison-chance.org\/shop\/shop\"},{\"@type\":\"ListItem\",\"position\":3,\"name\":\"Drache\"}]},{\"@type\":\"WebSite\",\"@id\":\"https:\/\/maison-chance.org\/shop\/de#website\",\"url\":\"https:\/\/maison-chance.org\/shop\/de\",\"name\":\"Nh\u00e0 May M\u1eafn - Maison Chance\",\"description\":\"M\u1ecdi l\u1ee3i nhu\u1eadn thu v\u1ec1 t\u1eeb vi\u1ec7c b\u00e1n h\u00e0ng s\u1ebd tr\u00edch m\u1ed9t ph\u1ea7n \u0111\u1ec3 ch\u0103m lo cho \u0111\u1eddi s\u1ed1ng c\u00e1c b\u1ea1n khuy\u1ebft t\u1eadt v\u00e0 tr\u1ebb m\u1ed3 c\u00f4i \u1edf \u0111\u00e2y\",\"publisher\":{\"@id\":\"https:\/\/maison-chance.org\/shop\/de#organization\"},\"potentialAction\":[{\"@type\":\"SearchAction\",\"target\":{\"@type\":\"EntryPoint\",\"urlTemplate\":\"https:\/\/maison-chance.org\/shop\/de?s={search_term_string}\"},\"query-input\":{\"@type\":\"PropertyValueSpecification\",\"valueRequired\":true,\"valueName\":\"search_term_string\"}}],\"inLanguage\":\"de\"},{\"@type\":\"Organization\",\"@id\":\"https:\/\/maison-chance.org\/shop\/de#organization\",\"name\":\"Nh\u00e0 May M\u1eafn - Maison Chance\",\"url\":\"https:\/\/maison-chance.org\/shop\/de\",\"logo\":{\"@type\":\"ImageObject\",\"inLanguage\":\"de\",\"@id\":\"https:\/\/maison-chance.org\/shop\/de#\/schema\/logo\/image\/\",\"url\":\"https:\/\/maison-chance.org\/shop\/wp-content\/uploads\/2024\/03\/cropped-Logo_DNXH.png\",\"contentUrl\":\"https:\/\/maison-chance.org\/shop\/wp-content\/uploads\/2024\/03\/cropped-Logo_DNXH.png\",\"width\":512,\"height\":512,\"caption\":\"Nh\u00e0 May M\u1eafn - Maison Chance\"},\"image\":{\"@id\":\"https:\/\/maison-chance.org\/shop\/de#\/schema\/logo\/image\/\"},\"sameAs\":[\"https:\/\/www.facebook.com\/dnxh.nhamayman\/\"]}]}<\/script>\n<meta property=\"og:availability\" content=\"instock\" \/>\n<meta property=\"product:availability\" content=\"instock\" \/>\n<meta property=\"product:condition\" content=\"new\" \/>\n<!-- \/ Yoast SEO Premium plugin. -->","yoast_head_json":{"title":"Drache - thail\u00e4ndisches Stofftier - %%sitename%","description":"Der thail\u00e4ndische Stofftier-Drache ist ein exquisites handgefertigtes St\u00fcck mit den Ma\u00dfen 6 \u00d7 30 cm, hergestellt aus hochwertigem thail\u00e4ndischem Stoff. Akzentuiert mit goldenen Mustern, die eine luxuri\u00f6se und einzigartige Sch\u00f6nheit schaffen.","robots":{"index":"index","follow":"follow","max-snippet":"max-snippet:-1","max-image-preview":"max-image-preview:large","max-video-preview":"max-video-preview:-1"},"canonical":"https:\/\/maison-chance.org\/shop\/de\/produkt\/drache-4","og_locale":"de_DE","og_type":"article","og_title":"Drache","og_description":"Der thail\u00e4ndische Stofftier-Drache ist ein exquisites handgefertigtes St\u00fcck mit den Ma\u00dfen 6 \u00d7 30 cm, hergestellt aus hochwertigem thail\u00e4ndischem Stoff. Akzentuiert mit goldenen Mustern, die eine luxuri\u00f6se und einzigartige Sch\u00f6nheit schaffen.","og_url":"https:\/\/maison-chance.org\/shop\/de\/produkt\/drache-4","og_site_name":"Nh\u00e0 May M\u1eafn - Maison Chance","article_publisher":"https:\/\/www.facebook.com\/dnxh.nhamayman\/","og_image":[{"width":600,"height":600,"url":"https:\/\/maison-chance.org\/shop\/wp-content\/uploads\/2024\/04\/moc-chia-khoa-hinh-con-rong-5.jpg","type":"image\/jpeg"}],"twitter_card":"summary_large_image","twitter_misc":{"Verf\u00fcgbarkeit":"Auf Lager"},"schema":{"@context":"https:\/\/schema.org","@graph":[{"@type":"WebPage","@id":"https:\/\/maison-chance.org\/shop\/de\/produkt\/drache-4","url":"https:\/\/maison-chance.org\/shop\/de\/produkt\/drache-4","name":"Drache - thail\u00e4ndisches Stofftier - %%sitename%","isPartOf":{"@id":"https:\/\/maison-chance.org\/shop\/de#website"},"primaryImageOfPage":{"@id":"https:\/\/maison-chance.org\/shop\/de\/produkt\/drache-4#primaryimage"},"image":{"@id":"https:\/\/maison-chance.org\/shop\/de\/produkt\/drache-4#primaryimage"},"thumbnailUrl":"https:\/\/maison-chance.org\/shop\/wp-content\/uploads\/2024\/04\/moc-chia-khoa-hinh-con-rong-5.jpg","datePublished":"2024-11-06T00:05:28+00:00","description":"Der thail\u00e4ndische Stofftier-Drache ist ein exquisites handgefertigtes St\u00fcck mit den Ma\u00dfen 6 \u00d7 30 cm, hergestellt aus hochwertigem thail\u00e4ndischem Stoff. Akzentuiert mit goldenen Mustern, die eine luxuri\u00f6se und einzigartige Sch\u00f6nheit schaffen.","breadcrumb":{"@id":"https:\/\/maison-chance.org\/shop\/de\/produkt\/drache-4#breadcrumb"},"inLanguage":"de","potentialAction":[{"@type":"ReadAction","target":["https:\/\/maison-chance.org\/shop\/de\/produkt\/drache-4"]}]},{"@type":"ImageObject","inLanguage":"de","@id":"https:\/\/maison-chance.org\/shop\/de\/produkt\/drache-4#primaryimage","url":"https:\/\/maison-chance.org\/shop\/wp-content\/uploads\/2024\/04\/moc-chia-khoa-hinh-con-rong-5.jpg","contentUrl":"https:\/\/maison-chance.org\/shop\/wp-content\/uploads\/2024\/04\/moc-chia-khoa-hinh-con-rong-5.jpg","width":600,"height":600,"caption":"Thail\u00e4ndisches Stofftier-Drache"},{"@type":"BreadcrumbList","@id":"https:\/\/maison-chance.org\/shop\/de\/produkt\/drache-4#breadcrumb","itemListElement":[{"@type":"ListItem","position":1,"name":"Trang ch\u1ee7","item":"https:\/\/maison-chance.org\/shop\/de"},{"@type":"ListItem","position":2,"name":"Shop","item":"https:\/\/maison-chance.org\/shop\/shop"},{"@type":"ListItem","position":3,"name":"Drache"}]},{"@type":"WebSite","@id":"https:\/\/maison-chance.org\/shop\/de#website","url":"https:\/\/maison-chance.org\/shop\/de","name":"Nh\u00e0 May M\u1eafn - Maison Chance","description":"M\u1ecdi l\u1ee3i nhu\u1eadn thu v\u1ec1 t\u1eeb vi\u1ec7c b\u00e1n h\u00e0ng s\u1ebd tr\u00edch m\u1ed9t ph\u1ea7n \u0111\u1ec3 ch\u0103m lo cho \u0111\u1eddi s\u1ed1ng c\u00e1c b\u1ea1n khuy\u1ebft t\u1eadt v\u00e0 tr\u1ebb m\u1ed3 c\u00f4i \u1edf \u0111\u00e2y","publisher":{"@id":"https:\/\/maison-chance.org\/shop\/de#organization"},"potentialAction":[{"@type":"SearchAction","target":{"@type":"EntryPoint","urlTemplate":"https:\/\/maison-chance.org\/shop\/de?s={search_term_string}"},"query-input":{"@type":"PropertyValueSpecification","valueRequired":true,"valueName":"search_term_string"}}],"inLanguage":"de"},{"@type":"Organization","@id":"https:\/\/maison-chance.org\/shop\/de#organization","name":"Nh\u00e0 May M\u1eafn - Maison Chance","url":"https:\/\/maison-chance.org\/shop\/de","logo":{"@type":"ImageObject","inLanguage":"de","@id":"https:\/\/maison-chance.org\/shop\/de#\/schema\/logo\/image\/","url":"https:\/\/maison-chance.org\/shop\/wp-content\/uploads\/2024\/03\/cropped-Logo_DNXH.png","contentUrl":"https:\/\/maison-chance.org\/shop\/wp-content\/uploads\/2024\/03\/cropped-Logo_DNXH.png","width":512,"height":512,"caption":"Nh\u00e0 May M\u1eafn - Maison Chance"},"image":{"@id":"https:\/\/maison-chance.org\/shop\/de#\/schema\/logo\/image\/"},"sameAs":["https:\/\/www.facebook.com\/dnxh.nhamayman\/"]}]},"og_availability":"instock","product_availability":"instock","product_condition":"new"},"_links":{"self":[{"href":"https:\/\/maison-chance.org\/shop\/de\/wp-json\/wp\/v2\/product\/40997","targetHints":{"allow":["GET"]}}],"collection":[{"href":"https:\/\/maison-chance.org\/shop\/de\/wp-json\/wp\/v2\/product"}],"about":[{"href":"https:\/\/maison-chance.org\/shop\/de\/wp-json\/wp\/v2\/types\/product"}],"wp:featuredmedia":[{"embeddable":true,"href":"https:\/\/maison-chance.org\/shop\/de\/wp-json\/wp\/v2\/media\/36854"}],"wp:attachment":[{"href":"https:\/\/maison-chance.org\/shop\/de\/wp-json\/wp\/v2\/media?parent=40997"}],"wp:term":[{"taxonomy":"product_brand","embeddable":true,"href":"https:\/\/maison-chance.org\/shop\/de\/wp-json\/wp\/v2\/product_brand?post=40997"},{"taxonomy":"product_cat","embeddable":true,"href":"https:\/\/maison-chance.org\/shop\/de\/wp-json\/wp\/v2\/product_cat?post=40997"},{"taxonomy":"product_tag","embeddable":true,"href":"https:\/\/maison-chance.org\/shop\/de\/wp-json\/wp\/v2\/product_tag?post=40997"}],"curies":[{"name":"wp","href":"https:\/\/api.w.org\/{rel}","templated":true}]}}