{"id":41026,"date":"2024-11-07T07:00:39","date_gmt":"2024-11-07T00:00:39","guid":{"rendered":"https:\/\/maison-chance.org\/shop\/san-pham\/katze-4"},"modified":"2025-03-17T10:09:44","modified_gmt":"2025-03-17T03:09:44","slug":"katze-4","status":"publish","type":"product","link":"https:\/\/maison-chance.org\/shop\/de\/produkt\/katze-4","title":{"rendered":"Katze"},"content":{"rendered":"<p style=\"text-align: justify;\">Wussten Sie? Im Feng Shui ist die Katze ein Symbol f\u00fcr Gl\u00fcck, Reichtum und Frieden. In der Spiritualit\u00e4t bringen Katzen Sensibilit\u00e4t und sch\u00fctzen ihre Besitzer vor negativer Energie. Und\u60c5\u611f\u4e0a (auf emotionaler Ebene) kann eine kleine, entz\u00fcckende Katze Ihnen helfen, aufrichtige Liebe an den Empf\u00e4nger zu \u00fcbermitteln.<\/p>\n<p>Nicht nur ein handgefertigtes Objekt, die Brokatstoff-Katze tr\u00e4gt auch den Hauch von Kultur und spirituellem Glauben in sich. Nach volkst\u00fcmlicher \u00dcberlieferung bringen Katzen Wohlstand, vertreiben Ungl\u00fcck und ziehen positive Energie an. Platzieren Sie eine Stoffkatze in Ihrem Zuhause, auf Ihrem Schreibtisch oder tragen Sie sie bei sich, und Sie werden jeden Tag Gelassenheit und Positivit\u00e4t sp\u00fcren.<\/p>\n<p>Jedes Detail des Produkts wird mit hoher Pr\u00e4zision von Hand gen\u00e4ht, was eine lebendige und ansprechende Optik schafft. Der weiche, atmungsaktive Brokatstoff sorgt f\u00fcr Komfort beim Anfassen. Mit drei verschiedenen Gr\u00f6\u00dfen (5 \u00d7 11 cm, 7 \u00d7 14 cm, 8 \u00d7 16 cm) k\u00f6nnen Sie die passende Gr\u00f6\u00dfe f\u00fcr Ihren Raum w\u00e4hlen.<\/p>\n<p data-start=\"463\" data-end=\"504\"><strong data-start=\"466\" data-end=\"502\">Ein bedeutungsvolles Geschenk f\u00fcr jedes Alter<\/strong><\/p>\n<ul data-start=\"505\" data-end=\"674\">\n<li data-start=\"505\" data-end=\"560\">Kinder freuen sich \u00fcber die farbenfrohe, liebenswerte Katze.<\/li>\n<li data-start=\"561\" data-end=\"618\">Erwachsene sch\u00e4tzen die Handwerkskunst und die Feng-Shui-Bedeutung.<\/li>\n<li data-start=\"619\" data-end=\"674\">Ein warmes Geschenk f\u00fcr die, die Ihnen am Herzen liegen.<\/li>\n<\/ul>\n<p style=\"text-align: justify;\">Im Gegensatz zu Massenware wird die Brokatstoff-Katze von behinderten Handwerkern bei Maison Chance sorgf\u00e4ltig von Hand gen\u00e4ht, wobei jeder Stich von Ausdauer, Liebe und Tr\u00e4umen von einer besseren Zukunft durchdrungen ist. Wenn Sie eine dieser Katzen besitzen, bringen Sie nicht nur Gl\u00fcck in Ihr Zuhause, sondern schenken auch den Benachteiligten der Gesellschaft Chancen.<\/p>\n<p style=\"text-align: justify;\">Kaufen Sie jetzt eine Brokatstoff-Katze, um Ihren Lebensraum zu versch\u00f6nern und die behinderten Schneider bei <a href=\"https:\/\/maison-chance.org\/shop\">Maison Chance<\/a> zu unterst\u00fctzen. Mit jedem Kauf bei Maison Chance tragen Sie dazu bei, eine bessere Zukunft f\u00fcr Menschen mit Behinderungen zu schaffen und ihnen M\u00f6glichkeiten zur Entwicklung und Selbstst\u00e4ndigkeit zu geben.<\/p>\n<p>Sch\u00e4tzen Sie den Wert der Handwerkskunst und verbreiten Sie Liebe!<\/p>\n<p><strong><em>Kleine Katze &#8211; Gro\u00dfer Zauber, Liebe im Vollkreis!<\/em><\/strong><\/p>\n","protected":false},"excerpt":{"rendered":"<p style=\"text-align: justify;\">Das Produkt wird von benachteiligten Menschen mit Behinderungen handgefertigt und wir hoffen auf Ihre Unterst\u00fctzung, gesch\u00e4tzte Kunden.<\/p>\n<p>Material: Brokatstoff<\/p>\n<p>Code: TC04TB<\/p>\n<p>Hotline: <span style=\"font-size: 20px;\"><strong><span style=\"color: #ff0000;\">0909 06 25 28<\/span><\/strong><\/span><\/p>\n<p style=\"text-align: justify;\">Wenn Sie in Vietnam sind, kontaktieren Sie uns bitte \u00fcber die Hotline oder die Maison Chance Business Fanpage, um die Verkaufspreise in Vietnam zu erfahren.<\/p>\n","protected":false},"featured_media":36948,"template":"","meta":[],"product_brand":[],"product_cat":[244,232],"product_tag":[],"class_list":{"0":"post-41026","1":"product","2":"type-product","3":"status-publish","4":"has-post-thumbnail","6":"product_cat-ausgestopftes-tier-naeherei","7":"product_cat-naeherei","9":"first","10":"instock","11":"shipping-taxable","12":"purchasable","13":"product-type-variable"},"yoast_head":"<!-- This site is optimized with the Yoast SEO Premium plugin v22.7 (Yoast SEO v25.3.1) - https:\/\/yoast.com\/wordpress\/plugins\/seo\/ -->\n<title>Katze- Pl\u00fcschtier aus Brokatstoff - Nh\u00e0 May M\u1eafn - Maison Chance<\/title>\n<meta name=\"description\" content=\"Kaufen Sie jetzt die Pl\u00fcschtier Brokatkatze, um Ihren Wohnraum zu dekorieren und die behinderten Schneider bei Maison Chance zu unterst\u00fctzen. Jedes Produkt bringt nicht nur Sch\u00f6nheit, sondern auch Werte von Liebe und Teilen\" \/>\n<meta name=\"robots\" content=\"index, follow, max-snippet:-1, max-image-preview:large, max-video-preview:-1\" \/>\n<link rel=\"canonical\" href=\"https:\/\/maison-chance.org\/shop\/de\/produkt\/katze-4\" \/>\n<meta property=\"og:locale\" content=\"de_DE\" \/>\n<meta property=\"og:type\" content=\"article\" \/>\n<meta property=\"og:title\" content=\"Katze\" \/>\n<meta property=\"og:description\" content=\"Kaufen Sie jetzt die Pl\u00fcschtier Brokatkatze, um Ihren Wohnraum zu dekorieren und die behinderten Schneider bei Maison Chance zu unterst\u00fctzen. Jedes Produkt bringt nicht nur Sch\u00f6nheit, sondern auch Werte von Liebe und Teilen\" \/>\n<meta property=\"og:url\" content=\"https:\/\/maison-chance.org\/shop\/de\/produkt\/katze-4\" \/>\n<meta property=\"og:site_name\" content=\"Nh\u00e0 May M\u1eafn - Maison Chance\" \/>\n<meta property=\"article:publisher\" content=\"https:\/\/www.facebook.com\/dnxh.nhamayman\/\" \/>\n<meta property=\"article:modified_time\" content=\"2025-03-17T03:09:44+00:00\" \/>\n<meta property=\"og:image\" content=\"https:\/\/maison-chance.org\/shop\/wp-content\/uploads\/2024\/04\/thu-nhoi-bong-hinh-con-meo-vai-tho-cam-1.jpg\" \/>\n\t<meta property=\"og:image:width\" content=\"600\" \/>\n\t<meta property=\"og:image:height\" content=\"600\" \/>\n\t<meta property=\"og:image:type\" content=\"image\/jpeg\" \/>\n<meta name=\"twitter:card\" content=\"summary_large_image\" \/>\n<meta name=\"twitter:label1\" content=\"Verf\u00fcgbarkeit\" \/>\n\t<meta name=\"twitter:data1\" content=\"Auf Lager\" \/>\n<script type=\"application\/ld+json\" class=\"yoast-schema-graph\">{\"@context\":\"https:\/\/schema.org\",\"@graph\":[{\"@type\":\"WebPage\",\"@id\":\"https:\/\/maison-chance.org\/shop\/de\/produkt\/katze-4\",\"url\":\"https:\/\/maison-chance.org\/shop\/de\/produkt\/katze-4\",\"name\":\"Katze- Pl\u00fcschtier aus Brokatstoff - Nh\u00e0 May M\u1eafn - Maison Chance\",\"isPartOf\":{\"@id\":\"https:\/\/maison-chance.org\/shop\/de#website\"},\"primaryImageOfPage\":{\"@id\":\"https:\/\/maison-chance.org\/shop\/de\/produkt\/katze-4#primaryimage\"},\"image\":{\"@id\":\"https:\/\/maison-chance.org\/shop\/de\/produkt\/katze-4#primaryimage\"},\"thumbnailUrl\":\"https:\/\/maison-chance.org\/shop\/wp-content\/uploads\/2024\/04\/thu-nhoi-bong-hinh-con-meo-vai-tho-cam-1.jpg\",\"datePublished\":\"2024-11-07T00:00:39+00:00\",\"dateModified\":\"2025-03-17T03:09:44+00:00\",\"description\":\"Kaufen Sie jetzt die Pl\u00fcschtier Brokatkatze, um Ihren Wohnraum zu dekorieren und die behinderten Schneider bei Maison Chance zu unterst\u00fctzen. Jedes Produkt bringt nicht nur Sch\u00f6nheit, sondern auch Werte von Liebe und Teilen\",\"breadcrumb\":{\"@id\":\"https:\/\/maison-chance.org\/shop\/de\/produkt\/katze-4#breadcrumb\"},\"inLanguage\":\"de\",\"potentialAction\":[{\"@type\":\"ReadAction\",\"target\":[\"https:\/\/maison-chance.org\/shop\/de\/produkt\/katze-4\"]}]},{\"@type\":\"ImageObject\",\"inLanguage\":\"de\",\"@id\":\"https:\/\/maison-chance.org\/shop\/de\/produkt\/katze-4#primaryimage\",\"url\":\"https:\/\/maison-chance.org\/shop\/wp-content\/uploads\/2024\/04\/thu-nhoi-bong-hinh-con-meo-vai-tho-cam-1.jpg\",\"contentUrl\":\"https:\/\/maison-chance.org\/shop\/wp-content\/uploads\/2024\/04\/thu-nhoi-bong-hinh-con-meo-vai-tho-cam-1.jpg\",\"width\":600,\"height\":600,\"caption\":\"Pl\u00fcschtier Brokatkatze\"},{\"@type\":\"BreadcrumbList\",\"@id\":\"https:\/\/maison-chance.org\/shop\/de\/produkt\/katze-4#breadcrumb\",\"itemListElement\":[{\"@type\":\"ListItem\",\"position\":1,\"name\":\"Trang ch\u1ee7\",\"item\":\"https:\/\/maison-chance.org\/shop\/de\"},{\"@type\":\"ListItem\",\"position\":2,\"name\":\"Shop\",\"item\":\"https:\/\/maison-chance.org\/shop\/shop\"},{\"@type\":\"ListItem\",\"position\":3,\"name\":\"Katze\"}]},{\"@type\":\"WebSite\",\"@id\":\"https:\/\/maison-chance.org\/shop\/de#website\",\"url\":\"https:\/\/maison-chance.org\/shop\/de\",\"name\":\"Nh\u00e0 May M\u1eafn - Maison Chance\",\"description\":\"M\u1ecdi l\u1ee3i nhu\u1eadn thu v\u1ec1 t\u1eeb vi\u1ec7c b\u00e1n h\u00e0ng s\u1ebd tr\u00edch m\u1ed9t ph\u1ea7n \u0111\u1ec3 ch\u0103m lo cho \u0111\u1eddi s\u1ed1ng c\u00e1c b\u1ea1n khuy\u1ebft t\u1eadt v\u00e0 tr\u1ebb m\u1ed3 c\u00f4i \u1edf \u0111\u00e2y\",\"publisher\":{\"@id\":\"https:\/\/maison-chance.org\/shop\/de#organization\"},\"potentialAction\":[{\"@type\":\"SearchAction\",\"target\":{\"@type\":\"EntryPoint\",\"urlTemplate\":\"https:\/\/maison-chance.org\/shop\/de?s={search_term_string}\"},\"query-input\":{\"@type\":\"PropertyValueSpecification\",\"valueRequired\":true,\"valueName\":\"search_term_string\"}}],\"inLanguage\":\"de\"},{\"@type\":\"Organization\",\"@id\":\"https:\/\/maison-chance.org\/shop\/de#organization\",\"name\":\"Nh\u00e0 May M\u1eafn - Maison Chance\",\"url\":\"https:\/\/maison-chance.org\/shop\/de\",\"logo\":{\"@type\":\"ImageObject\",\"inLanguage\":\"de\",\"@id\":\"https:\/\/maison-chance.org\/shop\/de#\/schema\/logo\/image\/\",\"url\":\"https:\/\/maison-chance.org\/shop\/wp-content\/uploads\/2024\/03\/cropped-Logo_DNXH.png\",\"contentUrl\":\"https:\/\/maison-chance.org\/shop\/wp-content\/uploads\/2024\/03\/cropped-Logo_DNXH.png\",\"width\":512,\"height\":512,\"caption\":\"Nh\u00e0 May M\u1eafn - Maison Chance\"},\"image\":{\"@id\":\"https:\/\/maison-chance.org\/shop\/de#\/schema\/logo\/image\/\"},\"sameAs\":[\"https:\/\/www.facebook.com\/dnxh.nhamayman\/\"]}]}<\/script>\n<meta property=\"og:availability\" content=\"instock\" \/>\n<meta property=\"product:availability\" content=\"instock\" \/>\n<meta property=\"product:condition\" content=\"new\" \/>\n<!-- \/ Yoast SEO Premium plugin. -->","yoast_head_json":{"title":"Katze- Pl\u00fcschtier aus Brokatstoff - Nh\u00e0 May M\u1eafn - Maison Chance","description":"Kaufen Sie jetzt die Pl\u00fcschtier Brokatkatze, um Ihren Wohnraum zu dekorieren und die behinderten Schneider bei Maison Chance zu unterst\u00fctzen. Jedes Produkt bringt nicht nur Sch\u00f6nheit, sondern auch Werte von Liebe und Teilen","robots":{"index":"index","follow":"follow","max-snippet":"max-snippet:-1","max-image-preview":"max-image-preview:large","max-video-preview":"max-video-preview:-1"},"canonical":"https:\/\/maison-chance.org\/shop\/de\/produkt\/katze-4","og_locale":"de_DE","og_type":"article","og_title":"Katze","og_description":"Kaufen Sie jetzt die Pl\u00fcschtier Brokatkatze, um Ihren Wohnraum zu dekorieren und die behinderten Schneider bei Maison Chance zu unterst\u00fctzen. Jedes Produkt bringt nicht nur Sch\u00f6nheit, sondern auch Werte von Liebe und Teilen","og_url":"https:\/\/maison-chance.org\/shop\/de\/produkt\/katze-4","og_site_name":"Nh\u00e0 May M\u1eafn - Maison Chance","article_publisher":"https:\/\/www.facebook.com\/dnxh.nhamayman\/","article_modified_time":"2025-03-17T03:09:44+00:00","og_image":[{"width":600,"height":600,"url":"https:\/\/maison-chance.org\/shop\/wp-content\/uploads\/2024\/04\/thu-nhoi-bong-hinh-con-meo-vai-tho-cam-1.jpg","type":"image\/jpeg"}],"twitter_card":"summary_large_image","twitter_misc":{"Verf\u00fcgbarkeit":"Auf Lager"},"schema":{"@context":"https:\/\/schema.org","@graph":[{"@type":"WebPage","@id":"https:\/\/maison-chance.org\/shop\/de\/produkt\/katze-4","url":"https:\/\/maison-chance.org\/shop\/de\/produkt\/katze-4","name":"Katze- Pl\u00fcschtier aus Brokatstoff - Nh\u00e0 May M\u1eafn - Maison Chance","isPartOf":{"@id":"https:\/\/maison-chance.org\/shop\/de#website"},"primaryImageOfPage":{"@id":"https:\/\/maison-chance.org\/shop\/de\/produkt\/katze-4#primaryimage"},"image":{"@id":"https:\/\/maison-chance.org\/shop\/de\/produkt\/katze-4#primaryimage"},"thumbnailUrl":"https:\/\/maison-chance.org\/shop\/wp-content\/uploads\/2024\/04\/thu-nhoi-bong-hinh-con-meo-vai-tho-cam-1.jpg","datePublished":"2024-11-07T00:00:39+00:00","dateModified":"2025-03-17T03:09:44+00:00","description":"Kaufen Sie jetzt die Pl\u00fcschtier Brokatkatze, um Ihren Wohnraum zu dekorieren und die behinderten Schneider bei Maison Chance zu unterst\u00fctzen. Jedes Produkt bringt nicht nur Sch\u00f6nheit, sondern auch Werte von Liebe und Teilen","breadcrumb":{"@id":"https:\/\/maison-chance.org\/shop\/de\/produkt\/katze-4#breadcrumb"},"inLanguage":"de","potentialAction":[{"@type":"ReadAction","target":["https:\/\/maison-chance.org\/shop\/de\/produkt\/katze-4"]}]},{"@type":"ImageObject","inLanguage":"de","@id":"https:\/\/maison-chance.org\/shop\/de\/produkt\/katze-4#primaryimage","url":"https:\/\/maison-chance.org\/shop\/wp-content\/uploads\/2024\/04\/thu-nhoi-bong-hinh-con-meo-vai-tho-cam-1.jpg","contentUrl":"https:\/\/maison-chance.org\/shop\/wp-content\/uploads\/2024\/04\/thu-nhoi-bong-hinh-con-meo-vai-tho-cam-1.jpg","width":600,"height":600,"caption":"Pl\u00fcschtier Brokatkatze"},{"@type":"BreadcrumbList","@id":"https:\/\/maison-chance.org\/shop\/de\/produkt\/katze-4#breadcrumb","itemListElement":[{"@type":"ListItem","position":1,"name":"Trang ch\u1ee7","item":"https:\/\/maison-chance.org\/shop\/de"},{"@type":"ListItem","position":2,"name":"Shop","item":"https:\/\/maison-chance.org\/shop\/shop"},{"@type":"ListItem","position":3,"name":"Katze"}]},{"@type":"WebSite","@id":"https:\/\/maison-chance.org\/shop\/de#website","url":"https:\/\/maison-chance.org\/shop\/de","name":"Nh\u00e0 May M\u1eafn - Maison Chance","description":"M\u1ecdi l\u1ee3i nhu\u1eadn thu v\u1ec1 t\u1eeb vi\u1ec7c b\u00e1n h\u00e0ng s\u1ebd tr\u00edch m\u1ed9t ph\u1ea7n \u0111\u1ec3 ch\u0103m lo cho \u0111\u1eddi s\u1ed1ng c\u00e1c b\u1ea1n khuy\u1ebft t\u1eadt v\u00e0 tr\u1ebb m\u1ed3 c\u00f4i \u1edf \u0111\u00e2y","publisher":{"@id":"https:\/\/maison-chance.org\/shop\/de#organization"},"potentialAction":[{"@type":"SearchAction","target":{"@type":"EntryPoint","urlTemplate":"https:\/\/maison-chance.org\/shop\/de?s={search_term_string}"},"query-input":{"@type":"PropertyValueSpecification","valueRequired":true,"valueName":"search_term_string"}}],"inLanguage":"de"},{"@type":"Organization","@id":"https:\/\/maison-chance.org\/shop\/de#organization","name":"Nh\u00e0 May M\u1eafn - Maison Chance","url":"https:\/\/maison-chance.org\/shop\/de","logo":{"@type":"ImageObject","inLanguage":"de","@id":"https:\/\/maison-chance.org\/shop\/de#\/schema\/logo\/image\/","url":"https:\/\/maison-chance.org\/shop\/wp-content\/uploads\/2024\/03\/cropped-Logo_DNXH.png","contentUrl":"https:\/\/maison-chance.org\/shop\/wp-content\/uploads\/2024\/03\/cropped-Logo_DNXH.png","width":512,"height":512,"caption":"Nh\u00e0 May M\u1eafn - Maison Chance"},"image":{"@id":"https:\/\/maison-chance.org\/shop\/de#\/schema\/logo\/image\/"},"sameAs":["https:\/\/www.facebook.com\/dnxh.nhamayman\/"]}]},"og_availability":"instock","product_availability":"instock","product_condition":"new"},"_links":{"self":[{"href":"https:\/\/maison-chance.org\/shop\/de\/wp-json\/wp\/v2\/product\/41026","targetHints":{"allow":["GET"]}}],"collection":[{"href":"https:\/\/maison-chance.org\/shop\/de\/wp-json\/wp\/v2\/product"}],"about":[{"href":"https:\/\/maison-chance.org\/shop\/de\/wp-json\/wp\/v2\/types\/product"}],"wp:featuredmedia":[{"embeddable":true,"href":"https:\/\/maison-chance.org\/shop\/de\/wp-json\/wp\/v2\/media\/36948"}],"wp:attachment":[{"href":"https:\/\/maison-chance.org\/shop\/de\/wp-json\/wp\/v2\/media?parent=41026"}],"wp:term":[{"taxonomy":"product_brand","embeddable":true,"href":"https:\/\/maison-chance.org\/shop\/de\/wp-json\/wp\/v2\/product_brand?post=41026"},{"taxonomy":"product_cat","embeddable":true,"href":"https:\/\/maison-chance.org\/shop\/de\/wp-json\/wp\/v2\/product_cat?post=41026"},{"taxonomy":"product_tag","embeddable":true,"href":"https:\/\/maison-chance.org\/shop\/de\/wp-json\/wp\/v2\/product_tag?post=41026"}],"curies":[{"name":"wp","href":"https:\/\/api.w.org\/{rel}","templated":true}]}}