{"id":41039,"date":"2024-11-07T07:05:28","date_gmt":"2024-11-07T00:05:28","guid":{"rendered":"https:\/\/maison-chance.org\/shop\/san-pham\/tiger-3"},"modified":"2025-03-17T10:22:56","modified_gmt":"2025-03-17T03:22:56","slug":"tiger-3","status":"publish","type":"product","link":"https:\/\/maison-chance.org\/shop\/de\/produkt\/tiger-3","title":{"rendered":"Tiger"},"content":{"rendered":"<p data-start=\"181\" data-end=\"475\"><strong>BROKAT-TIGER \u2013 SYMBOL DER ST\u00c4RKE, TALISMAN DES FRIEDENS!<\/strong><\/p>\n<p data-start=\"181\" data-end=\"475\">Haben Sie schon einmal das Sprichwort <strong data-start=\"86\" data-end=\"122\">&#8222;Wenn der Tiger den Berg herabsteigt, str\u00f6mt gl\u00fcckbringende Energie&#8220;<\/strong> geh\u00f6rt? Seit Generationen ist der Tiger nicht nur der Herrscher des Dschungels, sondern auch ein spirituelles Wesen, das St\u00e4rke, Mut und Schutz symbolisiert. In der \u00f6stlichen Kultur verk\u00f6rpert der Tiger unersch\u00fctterlichen Willen, die F\u00e4higkeit, b\u00f6se Energien zu unterdr\u00fccken und Gl\u00fcck sowie Reichtum zu bringen. Ein Tiger im Haus wirkt wie ein sch\u00fctzender Talisman, der dem Besitzer hilft, den St\u00fcrmen des Lebens standzuhalten und den Weg f\u00fcr Gutes ebnet.<\/p>\n<p data-start=\"477\" data-end=\"686\">Und nun wird dieser Geist in jedem Stich und Faden dieser Brokatstoff-Tiger eingefangen \u2013 ein einzigartiges und bedeutungsvolles Produkt, geschaffen von den geschickten H\u00e4nden behinderter Handwerker bei Maison Chance.<\/p>\n<p data-start=\"477\" data-end=\"686\"><strong>SCH\u00dcTZENDES SPIRITUELLES TIER, SPIRITUELLES GESCHENK!<\/strong><\/p>\n<p data-start=\"715\" data-end=\"743\"><strong data-start=\"718\" data-end=\"741\">\ud83d\udc2f Verschiedene Gr\u00f6\u00dfen:<\/strong><\/p>\n<ul data-start=\"744\" data-end=\"973\">\n<li data-start=\"744\" data-end=\"819\">4 \u00d7 8 cm \u2013 Kompakt, ideal als Schl\u00fcsselanh\u00e4nger oder zum Aufh\u00e4ngen an Rucks\u00e4cken oder Taschen.<\/li>\n<li data-start=\"820\" data-end=\"886\">6 \u00d7 11 cm \u2013 Perfekt zur Dekoration von Schreibtischen, Autos oder Schlafzimmern.<\/li>\n<li data-start=\"887\" data-end=\"973\">8 \u00d7 15 cm \u2013 Ein Feng-Shui-Talisman f\u00fcr das Zuhause, der positive Energie anzieht.<\/li>\n<\/ul>\n<p data-start=\"975\" data-end=\"1003\">\ud83d\udc2f <strong data-start=\"978\" data-end=\"1001\">Feng-Shui-Bedeutung:<\/strong><\/p>\n<ul data-start=\"1004\" data-end=\"1203\">\n<li data-start=\"1004\" data-end=\"1068\">Symbolisiert St\u00e4rke, Widerstandsf\u00e4higkeit und scharfen Verstand.<\/li>\n<li data-start=\"1069\" data-end=\"1125\">Bringt Reichtum, Gl\u00fcck und vertreibt Ungl\u00fcck.<\/li>\n<li data-start=\"1126\" data-end=\"1203\">Ein sch\u00fctzendes spirituelles Tier, das seinem Besitzer hilft, allen Herausforderungen standzuhalten.<\/li>\n<\/ul>\n<p data-start=\"1205\" data-end=\"1235\">\ud83d\udc2f <strong data-start=\"1208\" data-end=\"1233\">Material &amp; Design:<\/strong><\/p>\n<ul data-start=\"1236\" data-end=\"1500\">\n<li data-start=\"1236\" data-end=\"1317\">Hergestellt aus traditionellem Brokatstoff, jeder Stich pr\u00e4zise und scharf gestickt.<\/li>\n<li data-start=\"1318\" data-end=\"1411\">Jede Farbe tr\u00e4gt ihre eigene Energie, passend zu individuellen Vorlieben und Feng-Shui-Bed\u00fcrfnissen.<\/li>\n<li data-start=\"1412\" data-end=\"1500\">Handgefertigte dekorative Muster, rustikal und raffiniert zugleich, reich an kultureller Identit\u00e4t.<\/li>\n<\/ul>\n<p data-start=\"1502\" data-end=\"1544\">\ud83d\udc2f <strong data-start=\"1505\" data-end=\"1542\">Ein bedeutungsvolles Geschenk f\u00fcr jedes Alter:<\/strong><\/p>\n<ul data-start=\"1545\" data-end=\"1796\">\n<li data-start=\"1545\" data-end=\"1614\">Kinder: Das Bild des Tigers inspiriert Zuversicht, St\u00e4rke und Mut.<\/li>\n<li data-start=\"1615\" data-end=\"1720\">Erwachsene: Ein Feng-Shui-Tiger bringt positive Energie, Schutz und Unterst\u00fctzung f\u00fcr Karriere und Erfolg.<\/li>\n<li data-start=\"1721\" data-end=\"1796\">\u00c4ltere Menschen: Ein Geschenk, das Langlebigkeit und Frieden symbolisiert.<\/li>\n<\/ul>\n<p><strong>NICHT NUR EIN GESCHENK \u2013 EINE REISE DER LIEBE!<\/strong><\/p>\n<p style=\"text-align: justify;\">Wenn Sie einen Brokatstoff-Tiger kaufen, erwerben Sie nicht nur einen Gl\u00fccksbringer, sondern geben auch behinderten Menschen \u2013 diesen stillen, doch widerstandsf\u00e4higen Handwerkern \u2013 einen Lebensantrieb, die t\u00e4glich mit ihren eigenen H\u00e4nden ihr Schicksal \u00fcberwinden.<\/p>\n<p style=\"text-align: justify;\">Bestellen Sie schnell einen Brokatstoff-Tiger, um Ihren Lebensraum zu bereichern und gleichzeitig Wertsch\u00e4tzung f\u00fcr das Talent und die M\u00fche der behinderten Schneider zu zeigen. Dies ist nicht nur ein Dekorationsobjekt, sondern ein bedeutungsvolles Geschenk voller Mitgef\u00fchl, das Liebe in der Gemeinschaft verbreitet.<\/p>\n<p><em><strong>Brokat-Tiger \u2013 St\u00e4rke als Schild, Frieden als Begleiter!<\/strong><\/em><\/p>\n","protected":false},"excerpt":{"rendered":"<p style=\"text-align: justify;\">Das Produkt wird von benachteiligten behinderten Menschen handgefertigt, und wir hoffen auf Ihre Unterst\u00fctzung.<\/p>\n<p>Material: Brokatstoff<\/p>\n<p>Code: TC03TB<\/p>\n<p>Hotline : <span style=\"font-size: 20px;\"><strong><span style=\"color: #ff0000;\">0909 06 25 28<\/span><\/strong><\/span><\/p>\n<p style=\"text-align: justify;\">Wenn Sie in Vietnam sind, kontaktieren Sie uns bitte \u00fcber die Hotline oder die Fanpage von Maison Chance, um Informationen zu lokalen Preisen zu erhalten.<\/p>\n","protected":false},"featured_media":36836,"template":"","meta":[],"product_brand":[],"product_cat":[244,232],"product_tag":[],"class_list":{"0":"post-41039","1":"product","2":"type-product","3":"status-publish","4":"has-post-thumbnail","6":"product_cat-ausgestopftes-tier-naeherei","7":"product_cat-naeherei","9":"first","10":"instock","11":"shipping-taxable","12":"purchasable","13":"product-type-variable"},"yoast_head":"<!-- This site is optimized with the Yoast SEO Premium plugin v22.7 (Yoast SEO v25.3.1) - https:\/\/yoast.com\/wordpress\/plugins\/seo\/ -->\n<title>Tiger - Brokat-Kuscheltier - Nh\u00e0 May M\u1eafn - Maison Chance<\/title>\n<meta name=\"description\" content=\"Das Brokat-Tiger-Kuscheltier ist nicht nur ein Spielzeug oder Souvenir, sondern auch eine stilvolle Dekoration. Mit drei flexiblen Gr\u00f6\u00dfen \u2013 4 \u00d7 8 cm, 6 \u00d7 11 cm und 8 \u00d7 15 cm \u2013 k\u00f6nnen Sie dieses Produkt leicht an verschiedenen Stellen im Haus platzieren.\" \/>\n<meta name=\"robots\" content=\"index, follow, max-snippet:-1, max-image-preview:large, max-video-preview:-1\" \/>\n<link rel=\"canonical\" href=\"https:\/\/maison-chance.org\/shop\/de\/produkt\/tiger-3\" \/>\n<meta property=\"og:locale\" content=\"de_DE\" \/>\n<meta property=\"og:type\" content=\"article\" \/>\n<meta property=\"og:title\" content=\"Tiger\" \/>\n<meta property=\"og:description\" content=\"Das Brokat-Tiger-Kuscheltier ist nicht nur ein Spielzeug oder Souvenir, sondern auch eine stilvolle Dekoration. Mit drei flexiblen Gr\u00f6\u00dfen \u2013 4 \u00d7 8 cm, 6 \u00d7 11 cm und 8 \u00d7 15 cm \u2013 k\u00f6nnen Sie dieses Produkt leicht an verschiedenen Stellen im Haus platzieren.\" \/>\n<meta property=\"og:url\" content=\"https:\/\/maison-chance.org\/shop\/de\/produkt\/tiger-3\" \/>\n<meta property=\"og:site_name\" content=\"Nh\u00e0 May M\u1eafn - Maison Chance\" \/>\n<meta property=\"article:publisher\" content=\"https:\/\/www.facebook.com\/dnxh.nhamayman\/\" \/>\n<meta property=\"article:modified_time\" content=\"2025-03-17T03:22:56+00:00\" \/>\n<meta property=\"og:image\" content=\"https:\/\/maison-chance.org\/shop\/wp-content\/uploads\/2024\/04\/thu-nhoi-bong-hinh-con-ho-vai-tho-cam-1.jpg\" \/>\n\t<meta property=\"og:image:width\" content=\"600\" \/>\n\t<meta property=\"og:image:height\" content=\"600\" \/>\n\t<meta property=\"og:image:type\" content=\"image\/jpeg\" \/>\n<meta name=\"twitter:card\" content=\"summary_large_image\" \/>\n<meta name=\"twitter:label1\" content=\"Verf\u00fcgbarkeit\" \/>\n\t<meta name=\"twitter:data1\" content=\"Auf Lager\" \/>\n<script type=\"application\/ld+json\" class=\"yoast-schema-graph\">{\"@context\":\"https:\/\/schema.org\",\"@graph\":[{\"@type\":\"WebPage\",\"@id\":\"https:\/\/maison-chance.org\/shop\/de\/produkt\/tiger-3\",\"url\":\"https:\/\/maison-chance.org\/shop\/de\/produkt\/tiger-3\",\"name\":\"Tiger - Brokat-Kuscheltier - Nh\u00e0 May M\u1eafn - Maison Chance\",\"isPartOf\":{\"@id\":\"https:\/\/maison-chance.org\/shop\/de#website\"},\"primaryImageOfPage\":{\"@id\":\"https:\/\/maison-chance.org\/shop\/de\/produkt\/tiger-3#primaryimage\"},\"image\":{\"@id\":\"https:\/\/maison-chance.org\/shop\/de\/produkt\/tiger-3#primaryimage\"},\"thumbnailUrl\":\"https:\/\/maison-chance.org\/shop\/wp-content\/uploads\/2024\/04\/thu-nhoi-bong-hinh-con-ho-vai-tho-cam-1.jpg\",\"datePublished\":\"2024-11-07T00:05:28+00:00\",\"dateModified\":\"2025-03-17T03:22:56+00:00\",\"description\":\"Das Brokat-Tiger-Kuscheltier ist nicht nur ein Spielzeug oder Souvenir, sondern auch eine stilvolle Dekoration. Mit drei flexiblen Gr\u00f6\u00dfen \u2013 4 \u00d7 8 cm, 6 \u00d7 11 cm und 8 \u00d7 15 cm \u2013 k\u00f6nnen Sie dieses Produkt leicht an verschiedenen Stellen im Haus platzieren.\",\"breadcrumb\":{\"@id\":\"https:\/\/maison-chance.org\/shop\/de\/produkt\/tiger-3#breadcrumb\"},\"inLanguage\":\"de\",\"potentialAction\":[{\"@type\":\"ReadAction\",\"target\":[\"https:\/\/maison-chance.org\/shop\/de\/produkt\/tiger-3\"]}]},{\"@type\":\"ImageObject\",\"inLanguage\":\"de\",\"@id\":\"https:\/\/maison-chance.org\/shop\/de\/produkt\/tiger-3#primaryimage\",\"url\":\"https:\/\/maison-chance.org\/shop\/wp-content\/uploads\/2024\/04\/thu-nhoi-bong-hinh-con-ho-vai-tho-cam-1.jpg\",\"contentUrl\":\"https:\/\/maison-chance.org\/shop\/wp-content\/uploads\/2024\/04\/thu-nhoi-bong-hinh-con-ho-vai-tho-cam-1.jpg\",\"width\":600,\"height\":600,\"caption\":\"Brokat-Tiger-Kuscheltier\"},{\"@type\":\"BreadcrumbList\",\"@id\":\"https:\/\/maison-chance.org\/shop\/de\/produkt\/tiger-3#breadcrumb\",\"itemListElement\":[{\"@type\":\"ListItem\",\"position\":1,\"name\":\"Trang ch\u1ee7\",\"item\":\"https:\/\/maison-chance.org\/shop\/de\"},{\"@type\":\"ListItem\",\"position\":2,\"name\":\"Shop\",\"item\":\"https:\/\/maison-chance.org\/shop\/shop\"},{\"@type\":\"ListItem\",\"position\":3,\"name\":\"Tiger\"}]},{\"@type\":\"WebSite\",\"@id\":\"https:\/\/maison-chance.org\/shop\/de#website\",\"url\":\"https:\/\/maison-chance.org\/shop\/de\",\"name\":\"Nh\u00e0 May M\u1eafn - Maison Chance\",\"description\":\"M\u1ecdi l\u1ee3i nhu\u1eadn thu v\u1ec1 t\u1eeb vi\u1ec7c b\u00e1n h\u00e0ng s\u1ebd tr\u00edch m\u1ed9t ph\u1ea7n \u0111\u1ec3 ch\u0103m lo cho \u0111\u1eddi s\u1ed1ng c\u00e1c b\u1ea1n khuy\u1ebft t\u1eadt v\u00e0 tr\u1ebb m\u1ed3 c\u00f4i \u1edf \u0111\u00e2y\",\"publisher\":{\"@id\":\"https:\/\/maison-chance.org\/shop\/de#organization\"},\"potentialAction\":[{\"@type\":\"SearchAction\",\"target\":{\"@type\":\"EntryPoint\",\"urlTemplate\":\"https:\/\/maison-chance.org\/shop\/de?s={search_term_string}\"},\"query-input\":{\"@type\":\"PropertyValueSpecification\",\"valueRequired\":true,\"valueName\":\"search_term_string\"}}],\"inLanguage\":\"de\"},{\"@type\":\"Organization\",\"@id\":\"https:\/\/maison-chance.org\/shop\/de#organization\",\"name\":\"Nh\u00e0 May M\u1eafn - Maison Chance\",\"url\":\"https:\/\/maison-chance.org\/shop\/de\",\"logo\":{\"@type\":\"ImageObject\",\"inLanguage\":\"de\",\"@id\":\"https:\/\/maison-chance.org\/shop\/de#\/schema\/logo\/image\/\",\"url\":\"https:\/\/maison-chance.org\/shop\/wp-content\/uploads\/2024\/03\/cropped-Logo_DNXH.png\",\"contentUrl\":\"https:\/\/maison-chance.org\/shop\/wp-content\/uploads\/2024\/03\/cropped-Logo_DNXH.png\",\"width\":512,\"height\":512,\"caption\":\"Nh\u00e0 May M\u1eafn - Maison Chance\"},\"image\":{\"@id\":\"https:\/\/maison-chance.org\/shop\/de#\/schema\/logo\/image\/\"},\"sameAs\":[\"https:\/\/www.facebook.com\/dnxh.nhamayman\/\"]}]}<\/script>\n<meta property=\"og:availability\" content=\"instock\" \/>\n<meta property=\"product:availability\" content=\"instock\" \/>\n<meta property=\"product:condition\" content=\"new\" \/>\n<!-- \/ Yoast SEO Premium plugin. -->","yoast_head_json":{"title":"Tiger - Brokat-Kuscheltier - Nh\u00e0 May M\u1eafn - Maison Chance","description":"Das Brokat-Tiger-Kuscheltier ist nicht nur ein Spielzeug oder Souvenir, sondern auch eine stilvolle Dekoration. Mit drei flexiblen Gr\u00f6\u00dfen \u2013 4 \u00d7 8 cm, 6 \u00d7 11 cm und 8 \u00d7 15 cm \u2013 k\u00f6nnen Sie dieses Produkt leicht an verschiedenen Stellen im Haus platzieren.","robots":{"index":"index","follow":"follow","max-snippet":"max-snippet:-1","max-image-preview":"max-image-preview:large","max-video-preview":"max-video-preview:-1"},"canonical":"https:\/\/maison-chance.org\/shop\/de\/produkt\/tiger-3","og_locale":"de_DE","og_type":"article","og_title":"Tiger","og_description":"Das Brokat-Tiger-Kuscheltier ist nicht nur ein Spielzeug oder Souvenir, sondern auch eine stilvolle Dekoration. Mit drei flexiblen Gr\u00f6\u00dfen \u2013 4 \u00d7 8 cm, 6 \u00d7 11 cm und 8 \u00d7 15 cm \u2013 k\u00f6nnen Sie dieses Produkt leicht an verschiedenen Stellen im Haus platzieren.","og_url":"https:\/\/maison-chance.org\/shop\/de\/produkt\/tiger-3","og_site_name":"Nh\u00e0 May M\u1eafn - Maison Chance","article_publisher":"https:\/\/www.facebook.com\/dnxh.nhamayman\/","article_modified_time":"2025-03-17T03:22:56+00:00","og_image":[{"width":600,"height":600,"url":"https:\/\/maison-chance.org\/shop\/wp-content\/uploads\/2024\/04\/thu-nhoi-bong-hinh-con-ho-vai-tho-cam-1.jpg","type":"image\/jpeg"}],"twitter_card":"summary_large_image","twitter_misc":{"Verf\u00fcgbarkeit":"Auf Lager"},"schema":{"@context":"https:\/\/schema.org","@graph":[{"@type":"WebPage","@id":"https:\/\/maison-chance.org\/shop\/de\/produkt\/tiger-3","url":"https:\/\/maison-chance.org\/shop\/de\/produkt\/tiger-3","name":"Tiger - Brokat-Kuscheltier - Nh\u00e0 May M\u1eafn - Maison Chance","isPartOf":{"@id":"https:\/\/maison-chance.org\/shop\/de#website"},"primaryImageOfPage":{"@id":"https:\/\/maison-chance.org\/shop\/de\/produkt\/tiger-3#primaryimage"},"image":{"@id":"https:\/\/maison-chance.org\/shop\/de\/produkt\/tiger-3#primaryimage"},"thumbnailUrl":"https:\/\/maison-chance.org\/shop\/wp-content\/uploads\/2024\/04\/thu-nhoi-bong-hinh-con-ho-vai-tho-cam-1.jpg","datePublished":"2024-11-07T00:05:28+00:00","dateModified":"2025-03-17T03:22:56+00:00","description":"Das Brokat-Tiger-Kuscheltier ist nicht nur ein Spielzeug oder Souvenir, sondern auch eine stilvolle Dekoration. Mit drei flexiblen Gr\u00f6\u00dfen \u2013 4 \u00d7 8 cm, 6 \u00d7 11 cm und 8 \u00d7 15 cm \u2013 k\u00f6nnen Sie dieses Produkt leicht an verschiedenen Stellen im Haus platzieren.","breadcrumb":{"@id":"https:\/\/maison-chance.org\/shop\/de\/produkt\/tiger-3#breadcrumb"},"inLanguage":"de","potentialAction":[{"@type":"ReadAction","target":["https:\/\/maison-chance.org\/shop\/de\/produkt\/tiger-3"]}]},{"@type":"ImageObject","inLanguage":"de","@id":"https:\/\/maison-chance.org\/shop\/de\/produkt\/tiger-3#primaryimage","url":"https:\/\/maison-chance.org\/shop\/wp-content\/uploads\/2024\/04\/thu-nhoi-bong-hinh-con-ho-vai-tho-cam-1.jpg","contentUrl":"https:\/\/maison-chance.org\/shop\/wp-content\/uploads\/2024\/04\/thu-nhoi-bong-hinh-con-ho-vai-tho-cam-1.jpg","width":600,"height":600,"caption":"Brokat-Tiger-Kuscheltier"},{"@type":"BreadcrumbList","@id":"https:\/\/maison-chance.org\/shop\/de\/produkt\/tiger-3#breadcrumb","itemListElement":[{"@type":"ListItem","position":1,"name":"Trang ch\u1ee7","item":"https:\/\/maison-chance.org\/shop\/de"},{"@type":"ListItem","position":2,"name":"Shop","item":"https:\/\/maison-chance.org\/shop\/shop"},{"@type":"ListItem","position":3,"name":"Tiger"}]},{"@type":"WebSite","@id":"https:\/\/maison-chance.org\/shop\/de#website","url":"https:\/\/maison-chance.org\/shop\/de","name":"Nh\u00e0 May M\u1eafn - Maison Chance","description":"M\u1ecdi l\u1ee3i nhu\u1eadn thu v\u1ec1 t\u1eeb vi\u1ec7c b\u00e1n h\u00e0ng s\u1ebd tr\u00edch m\u1ed9t ph\u1ea7n \u0111\u1ec3 ch\u0103m lo cho \u0111\u1eddi s\u1ed1ng c\u00e1c b\u1ea1n khuy\u1ebft t\u1eadt v\u00e0 tr\u1ebb m\u1ed3 c\u00f4i \u1edf \u0111\u00e2y","publisher":{"@id":"https:\/\/maison-chance.org\/shop\/de#organization"},"potentialAction":[{"@type":"SearchAction","target":{"@type":"EntryPoint","urlTemplate":"https:\/\/maison-chance.org\/shop\/de?s={search_term_string}"},"query-input":{"@type":"PropertyValueSpecification","valueRequired":true,"valueName":"search_term_string"}}],"inLanguage":"de"},{"@type":"Organization","@id":"https:\/\/maison-chance.org\/shop\/de#organization","name":"Nh\u00e0 May M\u1eafn - Maison Chance","url":"https:\/\/maison-chance.org\/shop\/de","logo":{"@type":"ImageObject","inLanguage":"de","@id":"https:\/\/maison-chance.org\/shop\/de#\/schema\/logo\/image\/","url":"https:\/\/maison-chance.org\/shop\/wp-content\/uploads\/2024\/03\/cropped-Logo_DNXH.png","contentUrl":"https:\/\/maison-chance.org\/shop\/wp-content\/uploads\/2024\/03\/cropped-Logo_DNXH.png","width":512,"height":512,"caption":"Nh\u00e0 May M\u1eafn - Maison Chance"},"image":{"@id":"https:\/\/maison-chance.org\/shop\/de#\/schema\/logo\/image\/"},"sameAs":["https:\/\/www.facebook.com\/dnxh.nhamayman\/"]}]},"og_availability":"instock","product_availability":"instock","product_condition":"new"},"_links":{"self":[{"href":"https:\/\/maison-chance.org\/shop\/de\/wp-json\/wp\/v2\/product\/41039","targetHints":{"allow":["GET"]}}],"collection":[{"href":"https:\/\/maison-chance.org\/shop\/de\/wp-json\/wp\/v2\/product"}],"about":[{"href":"https:\/\/maison-chance.org\/shop\/de\/wp-json\/wp\/v2\/types\/product"}],"wp:featuredmedia":[{"embeddable":true,"href":"https:\/\/maison-chance.org\/shop\/de\/wp-json\/wp\/v2\/media\/36836"}],"wp:attachment":[{"href":"https:\/\/maison-chance.org\/shop\/de\/wp-json\/wp\/v2\/media?parent=41039"}],"wp:term":[{"taxonomy":"product_brand","embeddable":true,"href":"https:\/\/maison-chance.org\/shop\/de\/wp-json\/wp\/v2\/product_brand?post=41039"},{"taxonomy":"product_cat","embeddable":true,"href":"https:\/\/maison-chance.org\/shop\/de\/wp-json\/wp\/v2\/product_cat?post=41039"},{"taxonomy":"product_tag","embeddable":true,"href":"https:\/\/maison-chance.org\/shop\/de\/wp-json\/wp\/v2\/product_tag?post=41039"}],"curies":[{"name":"wp","href":"https:\/\/api.w.org\/{rel}","templated":true}]}}