{"id":41061,"date":"2024-11-11T07:00:00","date_gmt":"2024-11-11T00:00:00","guid":{"rendered":"https:\/\/maison-chance.org\/shop\/san-pham\/bueffel-3"},"modified":"2025-03-17T10:27:24","modified_gmt":"2025-03-17T03:27:24","slug":"bueffel-3","status":"publish","type":"product","link":"https:\/\/maison-chance.org\/shop\/de\/produkt\/bueffel-3","title":{"rendered":"B\u00fcffel"},"content":{"rendered":"<p data-start=\"59\" data-end=\"191\">Wussten Sie, dass der B\u00fcffel nicht nur ein Tier ist, das mit dem vietnamesischen Landleben verbunden ist, sondern auch eine tiefe Bedeutung in Feng Shui und Spiritualit\u00e4t hat?<\/p>\n<p data-start=\"193\" data-end=\"529\">Seit alters her ist das Bild des B\u00fcffels mit Flei\u00df, Ausdauer und Wohlstand verkn\u00fcpft. Im Feng Shui symbolisiert der B\u00fcffel innere St\u00e4rke, Durchhalteverm\u00f6gen und reichlichen Wohlstand. Es wird geglaubt, dass das Platzieren eines B\u00fcffel-Talismans im Haus oder am Arbeitsplatz dem Besitzer viel Gl\u00fcck bringt, Gesch\u00e4fte erleichtert und das Familiengl\u00fcck bewahrt.<\/p>\n<p data-start=\"531\" data-end=\"716\">Nun wird dieser Geist in den Brokat-B\u00fcffel (Code TC02TB) eingehaucht \u2013 eine einzigartige handgefertigte Kreation mit warmen Rott\u00f6nen und raffinierten, auff\u00e4lligen wei\u00dfen Akzenten, voller k\u00fcnstlerischem Flair.<\/p>\n<p data-start=\"531\" data-end=\"716\"><strong>\u00dcBER DIESEN KLEINEN:<\/strong><\/p>\n<p data-start=\"765\" data-end=\"793\">\ud83d\udc03 <strong data-start=\"768\" data-end=\"791\">Verschiedene Gr\u00f6\u00dfen:<\/strong><\/p>\n<ul data-start=\"794\" data-end=\"1074\">\n<li data-start=\"794\" data-end=\"875\">14 \u00d7 16 cm \u2013 Kompakt, ideal als Geschenk oder Schreibtischdekoration.<\/li>\n<li data-start=\"876\" data-end=\"948\">15 \u00d7 22 cm \u2013 Mittlere Gr\u00f6\u00dfe, leicht im Haus auszustellen.<\/li>\n<li data-start=\"949\" data-end=\"1074\">23 \u00d7 25 cm \u2013 Gr\u00f6\u00dfere Version, passend f\u00fcr Wohnzimmer, Arbeitsbereiche oder als bedeutungsvolles Feng-Shui-Geschenk.<\/li>\n<\/ul>\n<p data-start=\"1076\" data-end=\"1104\">\ud83d\udc03 <strong data-start=\"1079\" data-end=\"1102\">Farben &amp; Design:<\/strong><\/p>\n<ul data-start=\"1105\" data-end=\"1370\">\n<li data-start=\"1105\" data-end=\"1180\">Dominanter roter Farbton \u2013 Symbolisiert Gl\u00fcck, Reichtum und Freude.<\/li>\n<li data-start=\"1181\" data-end=\"1267\">Kontrastierende wei\u00dfe Akzente \u2013 Heben die St\u00e4rke und Ausdauer des B\u00fcffel-Talismans hervor.<\/li>\n<li data-start=\"1268\" data-end=\"1370\">Gefertigt aus handgemachtem Brokatstoff, reich an traditioneller Essenz, vertraut und raffiniert zugleich.<\/li>\n<\/ul>\n<p data-start=\"1372\" data-end=\"1400\">\ud83d\udc03 <strong data-start=\"1375\" data-end=\"1398\">Feng-Shui-Bedeutung:<\/strong><\/p>\n<ul data-start=\"1401\" data-end=\"1601\">\n<li data-start=\"1401\" data-end=\"1481\">Bringt Ausdauer, Stabilit\u00e4t und Erfolg in Arbeit und Karriere.<\/li>\n<li data-start=\"1482\" data-end=\"1540\">Hilft, Schwierigkeiten zu vertreiben, Gl\u00fcck und Wohlstand anzuziehen.<\/li>\n<li data-start=\"1541\" data-end=\"1601\">Ein Symbol f\u00fcr Gesundheit, F\u00fclle und Gelassenheit.<\/li>\n<\/ul>\n<p data-start=\"1603\" data-end=\"1646\">\ud83d\udc03 <strong data-start=\"1606\" data-end=\"1644\">Ein besonderes Geschenk f\u00fcr jedes Alter:<\/strong><\/p>\n<ul data-start=\"1647\" data-end=\"1932\">\n<li data-start=\"1647\" data-end=\"1748\">Berufst\u00e4tige: Auf dem Schreibtisch platziert, um positive Energie anzuziehen und die Arbeit zu erleichtern.<\/li>\n<li data-start=\"1749\" data-end=\"1841\">\u00c4ltere Menschen: Ein Geschenk, das Mu\u00dfe, Gl\u00fcck und robuste Gesundheit symbolisiert.<\/li>\n<li data-start=\"1842\" data-end=\"1932\">Kinder: Ein s\u00fc\u00dfer Begleiter, der Kindern die Sch\u00f6nheit der Volkskultur n\u00e4herbringt.<\/li>\n<\/ul>\n<p style=\"text-align: justify;\">Jeder Stich an diesem Produkt ist mehr als nur eine N\u00e4htechnik \u2013 er erz\u00e4hlt Geschichten von Widerstandsf\u00e4higkeit und dem Streben nach H\u00f6herem. Wenn Sie einen Brokatstoff-B\u00fcffel besitzen, unterst\u00fctzen Sie die behinderten Schneider bei <a href=\"https:\/\/maison-chance.org\/shop\/\">Maison Chance<\/a> darin, ihrer Leidenschaft nachzugehen und ihren Selbstwert zu bekr\u00e4ftigen. Tag f\u00fcr Tag bem\u00fchen sie sich, hochwertige handgefertigte Produkte zu schaffen, die das Leben versch\u00f6nern und die traditionelle Kultur bewahren.<\/p>\n<p><em><strong>Brokat-B\u00fcffel \u2013 Feste Schritte, Dauerhafter Wohlstand!<\/strong><\/em><\/p>\n","protected":false},"excerpt":{"rendered":"<p style=\"text-align: justify;\">Die Produkte werden von benachteiligten behinderten Freunden handgefertigt, die hoffen, die Unterst\u00fctzung der Kunden zu erhalten.<\/p>\n<p>Material: Brokatstoff<\/p>\n<p>Code: TC02TB<\/p>\n<p>Hotline: <span style=\"font-size: 20px;\"><strong><span style=\"color: #ff0000;\">0909 06 25 28<\/span><\/strong><\/span><\/p>\n<p style=\"text-align: justify;\">Wenn Sie sich in Vietnam befinden, kontaktieren Sie uns bitte \u00fcber die Hotline oder die Maison Chance Business Fanpage, um den Preis in Vietnam zu erfahren.<\/p>\n","protected":false},"featured_media":36760,"template":"","meta":[],"product_brand":[],"product_cat":[244,232],"product_tag":[],"class_list":{"0":"post-41061","1":"product","2":"type-product","3":"status-publish","4":"has-post-thumbnail","6":"product_cat-ausgestopftes-tier-naeherei","7":"product_cat-naeherei","9":"first","10":"instock","11":"shipping-taxable","12":"purchasable","13":"product-type-variable"},"yoast_head":"<!-- This site is optimized with the Yoast SEO Premium plugin v22.7 (Yoast SEO v25.3.1) - https:\/\/yoast.com\/wordpress\/plugins\/seo\/ -->\n<title>B\u00fcffel- pl\u00fcschtier aus brokatstoff - Nh\u00e0 May M\u1eafn - Maison Chance<\/title>\n<meta name=\"description\" content=\"Der Brokat-Stoffb\u00fcffel von Maison Chance zeichnet sich durch seine rustikale Sch\u00f6nheit und tiefe humanit\u00e4re Bedeutung aus. Jedes Produkt ist das Ergebnis der geschickten H\u00e4nde behinderter Schneider\" \/>\n<meta name=\"robots\" content=\"index, follow, max-snippet:-1, max-image-preview:large, max-video-preview:-1\" \/>\n<link rel=\"canonical\" href=\"https:\/\/maison-chance.org\/shop\/de\/produkt\/bueffel-3\" \/>\n<meta property=\"og:locale\" content=\"de_DE\" \/>\n<meta property=\"og:type\" content=\"article\" \/>\n<meta property=\"og:title\" content=\"B\u00fcffel\" \/>\n<meta property=\"og:description\" content=\"Der Brokat-Stoffb\u00fcffel von Maison Chance zeichnet sich durch seine rustikale Sch\u00f6nheit und tiefe humanit\u00e4re Bedeutung aus. Jedes Produkt ist das Ergebnis der geschickten H\u00e4nde behinderter Schneider\" \/>\n<meta property=\"og:url\" content=\"https:\/\/maison-chance.org\/shop\/de\/produkt\/bueffel-3\" \/>\n<meta property=\"og:site_name\" content=\"Nh\u00e0 May M\u1eafn - Maison Chance\" \/>\n<meta property=\"article:publisher\" content=\"https:\/\/www.facebook.com\/dnxh.nhamayman\/\" \/>\n<meta property=\"article:modified_time\" content=\"2025-03-17T03:27:24+00:00\" \/>\n<meta property=\"og:image\" content=\"https:\/\/maison-chance.org\/shop\/wp-content\/uploads\/2024\/04\/thu-nhoi-bong-hinh-con-trau-vai-tho-cam-1.jpg\" \/>\n\t<meta property=\"og:image:width\" content=\"600\" \/>\n\t<meta property=\"og:image:height\" content=\"600\" \/>\n\t<meta property=\"og:image:type\" content=\"image\/jpeg\" \/>\n<meta name=\"twitter:card\" content=\"summary_large_image\" \/>\n<meta name=\"twitter:label1\" content=\"Verf\u00fcgbarkeit\" \/>\n\t<meta name=\"twitter:data1\" content=\"Auf Lager\" \/>\n<script type=\"application\/ld+json\" class=\"yoast-schema-graph\">{\"@context\":\"https:\/\/schema.org\",\"@graph\":[{\"@type\":\"WebPage\",\"@id\":\"https:\/\/maison-chance.org\/shop\/de\/produkt\/bueffel-3\",\"url\":\"https:\/\/maison-chance.org\/shop\/de\/produkt\/bueffel-3\",\"name\":\"B\u00fcffel- pl\u00fcschtier aus brokatstoff - Nh\u00e0 May M\u1eafn - Maison Chance\",\"isPartOf\":{\"@id\":\"https:\/\/maison-chance.org\/shop\/de#website\"},\"primaryImageOfPage\":{\"@id\":\"https:\/\/maison-chance.org\/shop\/de\/produkt\/bueffel-3#primaryimage\"},\"image\":{\"@id\":\"https:\/\/maison-chance.org\/shop\/de\/produkt\/bueffel-3#primaryimage\"},\"thumbnailUrl\":\"https:\/\/maison-chance.org\/shop\/wp-content\/uploads\/2024\/04\/thu-nhoi-bong-hinh-con-trau-vai-tho-cam-1.jpg\",\"datePublished\":\"2024-11-11T00:00:00+00:00\",\"dateModified\":\"2025-03-17T03:27:24+00:00\",\"description\":\"Der Brokat-Stoffb\u00fcffel von Maison Chance zeichnet sich durch seine rustikale Sch\u00f6nheit und tiefe humanit\u00e4re Bedeutung aus. Jedes Produkt ist das Ergebnis der geschickten H\u00e4nde behinderter Schneider\",\"breadcrumb\":{\"@id\":\"https:\/\/maison-chance.org\/shop\/de\/produkt\/bueffel-3#breadcrumb\"},\"inLanguage\":\"de\",\"potentialAction\":[{\"@type\":\"ReadAction\",\"target\":[\"https:\/\/maison-chance.org\/shop\/de\/produkt\/bueffel-3\"]}]},{\"@type\":\"ImageObject\",\"inLanguage\":\"de\",\"@id\":\"https:\/\/maison-chance.org\/shop\/de\/produkt\/bueffel-3#primaryimage\",\"url\":\"https:\/\/maison-chance.org\/shop\/wp-content\/uploads\/2024\/04\/thu-nhoi-bong-hinh-con-trau-vai-tho-cam-1.jpg\",\"contentUrl\":\"https:\/\/maison-chance.org\/shop\/wp-content\/uploads\/2024\/04\/thu-nhoi-bong-hinh-con-trau-vai-tho-cam-1.jpg\",\"width\":600,\"height\":600,\"caption\":\"Pl\u00fcsch-B\u00fcffel aus Brokatstoff\"},{\"@type\":\"BreadcrumbList\",\"@id\":\"https:\/\/maison-chance.org\/shop\/de\/produkt\/bueffel-3#breadcrumb\",\"itemListElement\":[{\"@type\":\"ListItem\",\"position\":1,\"name\":\"Trang ch\u1ee7\",\"item\":\"https:\/\/maison-chance.org\/shop\/de\"},{\"@type\":\"ListItem\",\"position\":2,\"name\":\"Shop\",\"item\":\"https:\/\/maison-chance.org\/shop\/shop\"},{\"@type\":\"ListItem\",\"position\":3,\"name\":\"B\u00fcffel\"}]},{\"@type\":\"WebSite\",\"@id\":\"https:\/\/maison-chance.org\/shop\/de#website\",\"url\":\"https:\/\/maison-chance.org\/shop\/de\",\"name\":\"Nh\u00e0 May M\u1eafn - Maison Chance\",\"description\":\"M\u1ecdi l\u1ee3i nhu\u1eadn thu v\u1ec1 t\u1eeb vi\u1ec7c b\u00e1n h\u00e0ng s\u1ebd tr\u00edch m\u1ed9t ph\u1ea7n \u0111\u1ec3 ch\u0103m lo cho \u0111\u1eddi s\u1ed1ng c\u00e1c b\u1ea1n khuy\u1ebft t\u1eadt v\u00e0 tr\u1ebb m\u1ed3 c\u00f4i \u1edf \u0111\u00e2y\",\"publisher\":{\"@id\":\"https:\/\/maison-chance.org\/shop\/de#organization\"},\"potentialAction\":[{\"@type\":\"SearchAction\",\"target\":{\"@type\":\"EntryPoint\",\"urlTemplate\":\"https:\/\/maison-chance.org\/shop\/de?s={search_term_string}\"},\"query-input\":{\"@type\":\"PropertyValueSpecification\",\"valueRequired\":true,\"valueName\":\"search_term_string\"}}],\"inLanguage\":\"de\"},{\"@type\":\"Organization\",\"@id\":\"https:\/\/maison-chance.org\/shop\/de#organization\",\"name\":\"Nh\u00e0 May M\u1eafn - Maison Chance\",\"url\":\"https:\/\/maison-chance.org\/shop\/de\",\"logo\":{\"@type\":\"ImageObject\",\"inLanguage\":\"de\",\"@id\":\"https:\/\/maison-chance.org\/shop\/de#\/schema\/logo\/image\/\",\"url\":\"https:\/\/maison-chance.org\/shop\/wp-content\/uploads\/2024\/03\/cropped-Logo_DNXH.png\",\"contentUrl\":\"https:\/\/maison-chance.org\/shop\/wp-content\/uploads\/2024\/03\/cropped-Logo_DNXH.png\",\"width\":512,\"height\":512,\"caption\":\"Nh\u00e0 May M\u1eafn - Maison Chance\"},\"image\":{\"@id\":\"https:\/\/maison-chance.org\/shop\/de#\/schema\/logo\/image\/\"},\"sameAs\":[\"https:\/\/www.facebook.com\/dnxh.nhamayman\/\"]}]}<\/script>\n<meta property=\"og:availability\" content=\"instock\" \/>\n<meta property=\"product:availability\" content=\"instock\" \/>\n<meta property=\"product:condition\" content=\"new\" \/>\n<!-- \/ Yoast SEO Premium plugin. -->","yoast_head_json":{"title":"B\u00fcffel- pl\u00fcschtier aus brokatstoff - Nh\u00e0 May M\u1eafn - Maison Chance","description":"Der Brokat-Stoffb\u00fcffel von Maison Chance zeichnet sich durch seine rustikale Sch\u00f6nheit und tiefe humanit\u00e4re Bedeutung aus. Jedes Produkt ist das Ergebnis der geschickten H\u00e4nde behinderter Schneider","robots":{"index":"index","follow":"follow","max-snippet":"max-snippet:-1","max-image-preview":"max-image-preview:large","max-video-preview":"max-video-preview:-1"},"canonical":"https:\/\/maison-chance.org\/shop\/de\/produkt\/bueffel-3","og_locale":"de_DE","og_type":"article","og_title":"B\u00fcffel","og_description":"Der Brokat-Stoffb\u00fcffel von Maison Chance zeichnet sich durch seine rustikale Sch\u00f6nheit und tiefe humanit\u00e4re Bedeutung aus. Jedes Produkt ist das Ergebnis der geschickten H\u00e4nde behinderter Schneider","og_url":"https:\/\/maison-chance.org\/shop\/de\/produkt\/bueffel-3","og_site_name":"Nh\u00e0 May M\u1eafn - Maison Chance","article_publisher":"https:\/\/www.facebook.com\/dnxh.nhamayman\/","article_modified_time":"2025-03-17T03:27:24+00:00","og_image":[{"width":600,"height":600,"url":"https:\/\/maison-chance.org\/shop\/wp-content\/uploads\/2024\/04\/thu-nhoi-bong-hinh-con-trau-vai-tho-cam-1.jpg","type":"image\/jpeg"}],"twitter_card":"summary_large_image","twitter_misc":{"Verf\u00fcgbarkeit":"Auf Lager"},"schema":{"@context":"https:\/\/schema.org","@graph":[{"@type":"WebPage","@id":"https:\/\/maison-chance.org\/shop\/de\/produkt\/bueffel-3","url":"https:\/\/maison-chance.org\/shop\/de\/produkt\/bueffel-3","name":"B\u00fcffel- pl\u00fcschtier aus brokatstoff - Nh\u00e0 May M\u1eafn - Maison Chance","isPartOf":{"@id":"https:\/\/maison-chance.org\/shop\/de#website"},"primaryImageOfPage":{"@id":"https:\/\/maison-chance.org\/shop\/de\/produkt\/bueffel-3#primaryimage"},"image":{"@id":"https:\/\/maison-chance.org\/shop\/de\/produkt\/bueffel-3#primaryimage"},"thumbnailUrl":"https:\/\/maison-chance.org\/shop\/wp-content\/uploads\/2024\/04\/thu-nhoi-bong-hinh-con-trau-vai-tho-cam-1.jpg","datePublished":"2024-11-11T00:00:00+00:00","dateModified":"2025-03-17T03:27:24+00:00","description":"Der Brokat-Stoffb\u00fcffel von Maison Chance zeichnet sich durch seine rustikale Sch\u00f6nheit und tiefe humanit\u00e4re Bedeutung aus. Jedes Produkt ist das Ergebnis der geschickten H\u00e4nde behinderter Schneider","breadcrumb":{"@id":"https:\/\/maison-chance.org\/shop\/de\/produkt\/bueffel-3#breadcrumb"},"inLanguage":"de","potentialAction":[{"@type":"ReadAction","target":["https:\/\/maison-chance.org\/shop\/de\/produkt\/bueffel-3"]}]},{"@type":"ImageObject","inLanguage":"de","@id":"https:\/\/maison-chance.org\/shop\/de\/produkt\/bueffel-3#primaryimage","url":"https:\/\/maison-chance.org\/shop\/wp-content\/uploads\/2024\/04\/thu-nhoi-bong-hinh-con-trau-vai-tho-cam-1.jpg","contentUrl":"https:\/\/maison-chance.org\/shop\/wp-content\/uploads\/2024\/04\/thu-nhoi-bong-hinh-con-trau-vai-tho-cam-1.jpg","width":600,"height":600,"caption":"Pl\u00fcsch-B\u00fcffel aus Brokatstoff"},{"@type":"BreadcrumbList","@id":"https:\/\/maison-chance.org\/shop\/de\/produkt\/bueffel-3#breadcrumb","itemListElement":[{"@type":"ListItem","position":1,"name":"Trang ch\u1ee7","item":"https:\/\/maison-chance.org\/shop\/de"},{"@type":"ListItem","position":2,"name":"Shop","item":"https:\/\/maison-chance.org\/shop\/shop"},{"@type":"ListItem","position":3,"name":"B\u00fcffel"}]},{"@type":"WebSite","@id":"https:\/\/maison-chance.org\/shop\/de#website","url":"https:\/\/maison-chance.org\/shop\/de","name":"Nh\u00e0 May M\u1eafn - Maison Chance","description":"M\u1ecdi l\u1ee3i nhu\u1eadn thu v\u1ec1 t\u1eeb vi\u1ec7c b\u00e1n h\u00e0ng s\u1ebd tr\u00edch m\u1ed9t ph\u1ea7n \u0111\u1ec3 ch\u0103m lo cho \u0111\u1eddi s\u1ed1ng c\u00e1c b\u1ea1n khuy\u1ebft t\u1eadt v\u00e0 tr\u1ebb m\u1ed3 c\u00f4i \u1edf \u0111\u00e2y","publisher":{"@id":"https:\/\/maison-chance.org\/shop\/de#organization"},"potentialAction":[{"@type":"SearchAction","target":{"@type":"EntryPoint","urlTemplate":"https:\/\/maison-chance.org\/shop\/de?s={search_term_string}"},"query-input":{"@type":"PropertyValueSpecification","valueRequired":true,"valueName":"search_term_string"}}],"inLanguage":"de"},{"@type":"Organization","@id":"https:\/\/maison-chance.org\/shop\/de#organization","name":"Nh\u00e0 May M\u1eafn - Maison Chance","url":"https:\/\/maison-chance.org\/shop\/de","logo":{"@type":"ImageObject","inLanguage":"de","@id":"https:\/\/maison-chance.org\/shop\/de#\/schema\/logo\/image\/","url":"https:\/\/maison-chance.org\/shop\/wp-content\/uploads\/2024\/03\/cropped-Logo_DNXH.png","contentUrl":"https:\/\/maison-chance.org\/shop\/wp-content\/uploads\/2024\/03\/cropped-Logo_DNXH.png","width":512,"height":512,"caption":"Nh\u00e0 May M\u1eafn - Maison Chance"},"image":{"@id":"https:\/\/maison-chance.org\/shop\/de#\/schema\/logo\/image\/"},"sameAs":["https:\/\/www.facebook.com\/dnxh.nhamayman\/"]}]},"og_availability":"instock","product_availability":"instock","product_condition":"new"},"_links":{"self":[{"href":"https:\/\/maison-chance.org\/shop\/de\/wp-json\/wp\/v2\/product\/41061","targetHints":{"allow":["GET"]}}],"collection":[{"href":"https:\/\/maison-chance.org\/shop\/de\/wp-json\/wp\/v2\/product"}],"about":[{"href":"https:\/\/maison-chance.org\/shop\/de\/wp-json\/wp\/v2\/types\/product"}],"wp:featuredmedia":[{"embeddable":true,"href":"https:\/\/maison-chance.org\/shop\/de\/wp-json\/wp\/v2\/media\/36760"}],"wp:attachment":[{"href":"https:\/\/maison-chance.org\/shop\/de\/wp-json\/wp\/v2\/media?parent=41061"}],"wp:term":[{"taxonomy":"product_brand","embeddable":true,"href":"https:\/\/maison-chance.org\/shop\/de\/wp-json\/wp\/v2\/product_brand?post=41061"},{"taxonomy":"product_cat","embeddable":true,"href":"https:\/\/maison-chance.org\/shop\/de\/wp-json\/wp\/v2\/product_cat?post=41061"},{"taxonomy":"product_tag","embeddable":true,"href":"https:\/\/maison-chance.org\/shop\/de\/wp-json\/wp\/v2\/product_tag?post=41061"}],"curies":[{"name":"wp","href":"https:\/\/api.w.org\/{rel}","templated":true}]}}