{"id":41074,"date":"2024-11-11T07:05:58","date_gmt":"2024-11-11T00:05:58","guid":{"rendered":"https:\/\/maison-chance.org\/shop\/san-pham\/maus-4"},"modified":"2025-03-17T10:34:30","modified_gmt":"2025-03-17T03:34:30","slug":"maus-4","status":"publish","type":"product","link":"https:\/\/maison-chance.org\/shop\/de\/produkt\/maus-4","title":{"rendered":"Maus"},"content":{"rendered":"<p>Haben Sie schon das spirituelle Tier gefunden, das Ihr Geburtsjahr repr\u00e4sentiert? Im Kreislauf des Schicksals ist die Ratte das f\u00fchrende Tierkreiszeichen, das Weisheit, Wendigkeit und Reichtum symbolisiert. Egal, welches Alter oder Tierkreiszeichen Sie haben, der Besitz einer kleinen Ratte bedeutet, mehr Segen und Gl\u00fcck in Ihr Zuhause zu bringen!<\/p>\n<p data-start=\"325\" data-end=\"378\"><strong data-start=\"328\" data-end=\"376\">Warum d\u00fcrfen Sie diese Ratte nicht verpassen?<\/strong><\/p>\n<p data-start=\"380\" data-end=\"924\">\u2705 <strong data-start=\"382\" data-end=\"411\">Einzigartiges Brokatmaterial<\/strong> \u2013 jeder Stoffstreifen tr\u00e4gt den Atem traditioneller Kultur, vertraut und raffiniert zugleich.<br data-start=\"488\" data-end=\"492\" \/>\u2705 <strong data-start=\"494\" data-end=\"516\">Komplett handgefertigt<\/strong> \u2013 jeder Stich und Faden wird sorgf\u00e4ltig von den H\u00e4nden besonderer Handwerker gefertigt \u2013 behinderte Menschen, die t\u00e4glich \u00fcber sich hinauswachsen.<br data-start=\"657\" data-end=\"660\" \/>\u2705 <strong data-start=\"662\" data-end=\"697\">Ein Geschenk mit Feng-Shui-Bedeutung<\/strong> \u2013 die Ratte symbolisiert einen g\u00fcnstigen Start und hilft dem Besitzer, Reichtum und viel Gl\u00fcck anzuziehen.<br data-start=\"791\" data-end=\"794\" \/>\u2705 <strong data-start=\"796\" data-end=\"830\" data-is-only-node=\"\">Ein Talisman f\u00fcr jedes Alter und jedes Haus<\/strong> \u2013 egal, welches Tierkreiszeichen Sie haben, diese entz\u00fcckende Ratte ist ein wunderbares spirituelles Geschenk!<\/p>\n<p>Um unterschiedlichen Bed\u00fcrfnissen gerecht zu werden, ist das Produkt in drei eleganten Gr\u00f6\u00dfen gestaltet:<\/p>\n<p>&#8211; <strong>Gr\u00f6\u00dfe 1 (6&#215;24 cm)<\/strong>: Kompakt und s\u00fc\u00df, perfekt f\u00fcr eine Arbeitsecke<br \/>\n&#8211; <strong>Gr\u00f6\u00dfe 2 (8&#215;28 cm)<\/strong>: Mittlere Gr\u00f6\u00dfe, ideal als Geschenk<br \/>\n&#8211; <strong>Gr\u00f6\u00dfe 3 (10&#215;30 cm)<\/strong>: Gro\u00df und beeindruckend, geeignet f\u00fcr ger\u00e4umige Bereiche<\/p>\n<p>Mit weichem Stoff und festen N\u00e4hten wird dieses Produkt zu einem sicheren Spielzeug f\u00fcr Kinder. Neben der Anregung ihrer Fantasie f\u00fchren die Brokatmuster Kinder auf nat\u00fcrliche Weise an die Sch\u00f6nheit traditioneller Kultur heran.<\/p>\n<p>Jede Brokatstoff-Ratte ist eine Kristallisation von Geduld und Leidenschaft. Gefertigt von den behinderten Schneidern bei Maison Chance, ist dieses Produkt mehr als nur ein Dekorationsobjekt \u2013 es ist ein Symbol der Hoffnung und des Strebens, Widrigkeiten zu \u00fcberwinden. Jede Naht erz\u00e4hlt eine Geschichte, und jedes St\u00fcck ist ein Kunstwerk voller Liebe und unerm\u00fcdlicher Anstrengung.<\/p>\n<p>Wenn Sie eine Brokatstoff-Ratte kaufen, erwerben Sie nicht nur ein einzigartiges handgefertigtes Objekt \u2013 Sie geben auch den besonderen Schneidern bei <a href=\"https:\/\/maison-chance.org\/shop\">Maison Chance<\/a> Motivation. Jedes verkaufte Produkt bedeutet eine Arbeitsm\u00f6glichkeit, einen Funken Glauben und einen gepflegten Traum. Schlie\u00dfen Sie sich uns an, um Liebe und Lebensglauben durch diese bedeutungsvollen Kreationen zu verbreiten.<\/p>\n<p><strong><em>Kleine Ratte \u2013 Gro\u00dfes Gl\u00fcck, Liebe weitergeben!<\/em><\/strong><\/p>\n","protected":false},"excerpt":{"rendered":"<p style=\"text-align: justify;\">Die Produkte werden von benachteiligten behinderten Freunden handgefertigt, die hoffen, die Unterst\u00fctzung der Kunden zu erhalten.<\/p>\n<p>Material: Brokatstoff<\/p>\n<p>Code: TC01TB<\/p>\n<p>Hotline: <span style=\"font-size: 20px;\"><strong><span style=\"color: #ff0000;\">0909 06 25 28<\/span><\/strong><\/span><\/p>\n<p style=\"text-align: justify;\">Wenn Sie sich in Vietnam befinden, kontaktieren Sie uns bitte \u00fcber die Hotline oder die Maison Chance Business Fanpage, um den Preis in Vietnam zu erfahren.<\/p>\n","protected":false},"featured_media":36923,"template":"","meta":[],"product_brand":[],"product_cat":[244,232],"product_tag":[],"class_list":{"0":"post-41074","1":"product","2":"type-product","3":"status-publish","4":"has-post-thumbnail","6":"product_cat-ausgestopftes-tier-naeherei","7":"product_cat-naeherei","9":"first","10":"instock","11":"shipping-taxable","12":"purchasable","13":"product-type-variable"},"yoast_head":"<!-- This site is optimized with the Yoast SEO Premium plugin v22.7 (Yoast SEO v25.3.1) - https:\/\/yoast.com\/wordpress\/plugins\/seo\/ -->\n<title>Maus- pl\u00fcschtier aus brokatstoff - Nh\u00e0 May M\u1eafn - Maison Chance<\/title>\n<meta name=\"description\" content=\"Die Pl\u00fcsch-Maus aus Brokatstoff ist ein von Kindern geliebtes Spielzeug, hergestellt aus hochwertigem Brokatstoff, jedes Produkt tr\u00e4gt einzigartige Muster mit zuf\u00e4lligen Farben\" \/>\n<meta name=\"robots\" content=\"index, follow, max-snippet:-1, max-image-preview:large, max-video-preview:-1\" \/>\n<link rel=\"canonical\" href=\"https:\/\/maison-chance.org\/shop\/de\/produkt\/maus-4\" \/>\n<meta property=\"og:locale\" content=\"de_DE\" \/>\n<meta property=\"og:type\" content=\"article\" \/>\n<meta property=\"og:title\" content=\"Maus\" \/>\n<meta property=\"og:description\" content=\"Die Pl\u00fcsch-Maus aus Brokatstoff ist ein von Kindern geliebtes Spielzeug, hergestellt aus hochwertigem Brokatstoff, jedes Produkt tr\u00e4gt einzigartige Muster mit zuf\u00e4lligen Farben\" \/>\n<meta property=\"og:url\" content=\"https:\/\/maison-chance.org\/shop\/de\/produkt\/maus-4\" \/>\n<meta property=\"og:site_name\" content=\"Nh\u00e0 May M\u1eafn - Maison Chance\" \/>\n<meta property=\"article:publisher\" content=\"https:\/\/www.facebook.com\/dnxh.nhamayman\/\" \/>\n<meta property=\"article:modified_time\" content=\"2025-03-17T03:34:30+00:00\" \/>\n<meta property=\"og:image\" content=\"https:\/\/maison-chance.org\/shop\/wp-content\/uploads\/2024\/04\/thu-nhoi-bong-hinh-con-chuot-vai-tho-cam-1.jpg\" \/>\n\t<meta property=\"og:image:width\" content=\"600\" \/>\n\t<meta property=\"og:image:height\" content=\"600\" \/>\n\t<meta property=\"og:image:type\" content=\"image\/jpeg\" \/>\n<meta name=\"twitter:card\" content=\"summary_large_image\" \/>\n<meta name=\"twitter:label1\" content=\"Verf\u00fcgbarkeit\" \/>\n\t<meta name=\"twitter:data1\" content=\"Auf Lager\" \/>\n<script type=\"application\/ld+json\" class=\"yoast-schema-graph\">{\"@context\":\"https:\/\/schema.org\",\"@graph\":[{\"@type\":\"WebPage\",\"@id\":\"https:\/\/maison-chance.org\/shop\/de\/produkt\/maus-4\",\"url\":\"https:\/\/maison-chance.org\/shop\/de\/produkt\/maus-4\",\"name\":\"Maus- pl\u00fcschtier aus brokatstoff - Nh\u00e0 May M\u1eafn - Maison Chance\",\"isPartOf\":{\"@id\":\"https:\/\/maison-chance.org\/shop\/de#website\"},\"primaryImageOfPage\":{\"@id\":\"https:\/\/maison-chance.org\/shop\/de\/produkt\/maus-4#primaryimage\"},\"image\":{\"@id\":\"https:\/\/maison-chance.org\/shop\/de\/produkt\/maus-4#primaryimage\"},\"thumbnailUrl\":\"https:\/\/maison-chance.org\/shop\/wp-content\/uploads\/2024\/04\/thu-nhoi-bong-hinh-con-chuot-vai-tho-cam-1.jpg\",\"datePublished\":\"2024-11-11T00:05:58+00:00\",\"dateModified\":\"2025-03-17T03:34:30+00:00\",\"description\":\"Die Pl\u00fcsch-Maus aus Brokatstoff ist ein von Kindern geliebtes Spielzeug, hergestellt aus hochwertigem Brokatstoff, jedes Produkt tr\u00e4gt einzigartige Muster mit zuf\u00e4lligen Farben\",\"breadcrumb\":{\"@id\":\"https:\/\/maison-chance.org\/shop\/de\/produkt\/maus-4#breadcrumb\"},\"inLanguage\":\"de\",\"potentialAction\":[{\"@type\":\"ReadAction\",\"target\":[\"https:\/\/maison-chance.org\/shop\/de\/produkt\/maus-4\"]}]},{\"@type\":\"ImageObject\",\"inLanguage\":\"de\",\"@id\":\"https:\/\/maison-chance.org\/shop\/de\/produkt\/maus-4#primaryimage\",\"url\":\"https:\/\/maison-chance.org\/shop\/wp-content\/uploads\/2024\/04\/thu-nhoi-bong-hinh-con-chuot-vai-tho-cam-1.jpg\",\"contentUrl\":\"https:\/\/maison-chance.org\/shop\/wp-content\/uploads\/2024\/04\/thu-nhoi-bong-hinh-con-chuot-vai-tho-cam-1.jpg\",\"width\":600,\"height\":600,\"caption\":\"Pl\u00fcsch-Maus aus Brokatstoff\"},{\"@type\":\"BreadcrumbList\",\"@id\":\"https:\/\/maison-chance.org\/shop\/de\/produkt\/maus-4#breadcrumb\",\"itemListElement\":[{\"@type\":\"ListItem\",\"position\":1,\"name\":\"Trang ch\u1ee7\",\"item\":\"https:\/\/maison-chance.org\/shop\/de\"},{\"@type\":\"ListItem\",\"position\":2,\"name\":\"Shop\",\"item\":\"https:\/\/maison-chance.org\/shop\/shop\"},{\"@type\":\"ListItem\",\"position\":3,\"name\":\"Maus\"}]},{\"@type\":\"WebSite\",\"@id\":\"https:\/\/maison-chance.org\/shop\/de#website\",\"url\":\"https:\/\/maison-chance.org\/shop\/de\",\"name\":\"Nh\u00e0 May M\u1eafn - Maison Chance\",\"description\":\"M\u1ecdi l\u1ee3i nhu\u1eadn thu v\u1ec1 t\u1eeb vi\u1ec7c b\u00e1n h\u00e0ng s\u1ebd tr\u00edch m\u1ed9t ph\u1ea7n \u0111\u1ec3 ch\u0103m lo cho \u0111\u1eddi s\u1ed1ng c\u00e1c b\u1ea1n khuy\u1ebft t\u1eadt v\u00e0 tr\u1ebb m\u1ed3 c\u00f4i \u1edf \u0111\u00e2y\",\"publisher\":{\"@id\":\"https:\/\/maison-chance.org\/shop\/de#organization\"},\"potentialAction\":[{\"@type\":\"SearchAction\",\"target\":{\"@type\":\"EntryPoint\",\"urlTemplate\":\"https:\/\/maison-chance.org\/shop\/de?s={search_term_string}\"},\"query-input\":{\"@type\":\"PropertyValueSpecification\",\"valueRequired\":true,\"valueName\":\"search_term_string\"}}],\"inLanguage\":\"de\"},{\"@type\":\"Organization\",\"@id\":\"https:\/\/maison-chance.org\/shop\/de#organization\",\"name\":\"Nh\u00e0 May M\u1eafn - Maison Chance\",\"url\":\"https:\/\/maison-chance.org\/shop\/de\",\"logo\":{\"@type\":\"ImageObject\",\"inLanguage\":\"de\",\"@id\":\"https:\/\/maison-chance.org\/shop\/de#\/schema\/logo\/image\/\",\"url\":\"https:\/\/maison-chance.org\/shop\/wp-content\/uploads\/2024\/03\/cropped-Logo_DNXH.png\",\"contentUrl\":\"https:\/\/maison-chance.org\/shop\/wp-content\/uploads\/2024\/03\/cropped-Logo_DNXH.png\",\"width\":512,\"height\":512,\"caption\":\"Nh\u00e0 May M\u1eafn - Maison Chance\"},\"image\":{\"@id\":\"https:\/\/maison-chance.org\/shop\/de#\/schema\/logo\/image\/\"},\"sameAs\":[\"https:\/\/www.facebook.com\/dnxh.nhamayman\/\"]}]}<\/script>\n<meta property=\"og:availability\" content=\"instock\" \/>\n<meta property=\"product:availability\" content=\"instock\" \/>\n<meta property=\"product:condition\" content=\"new\" \/>\n<!-- \/ Yoast SEO Premium plugin. -->","yoast_head_json":{"title":"Maus- pl\u00fcschtier aus brokatstoff - Nh\u00e0 May M\u1eafn - Maison Chance","description":"Die Pl\u00fcsch-Maus aus Brokatstoff ist ein von Kindern geliebtes Spielzeug, hergestellt aus hochwertigem Brokatstoff, jedes Produkt tr\u00e4gt einzigartige Muster mit zuf\u00e4lligen Farben","robots":{"index":"index","follow":"follow","max-snippet":"max-snippet:-1","max-image-preview":"max-image-preview:large","max-video-preview":"max-video-preview:-1"},"canonical":"https:\/\/maison-chance.org\/shop\/de\/produkt\/maus-4","og_locale":"de_DE","og_type":"article","og_title":"Maus","og_description":"Die Pl\u00fcsch-Maus aus Brokatstoff ist ein von Kindern geliebtes Spielzeug, hergestellt aus hochwertigem Brokatstoff, jedes Produkt tr\u00e4gt einzigartige Muster mit zuf\u00e4lligen Farben","og_url":"https:\/\/maison-chance.org\/shop\/de\/produkt\/maus-4","og_site_name":"Nh\u00e0 May M\u1eafn - Maison Chance","article_publisher":"https:\/\/www.facebook.com\/dnxh.nhamayman\/","article_modified_time":"2025-03-17T03:34:30+00:00","og_image":[{"width":600,"height":600,"url":"https:\/\/maison-chance.org\/shop\/wp-content\/uploads\/2024\/04\/thu-nhoi-bong-hinh-con-chuot-vai-tho-cam-1.jpg","type":"image\/jpeg"}],"twitter_card":"summary_large_image","twitter_misc":{"Verf\u00fcgbarkeit":"Auf Lager"},"schema":{"@context":"https:\/\/schema.org","@graph":[{"@type":"WebPage","@id":"https:\/\/maison-chance.org\/shop\/de\/produkt\/maus-4","url":"https:\/\/maison-chance.org\/shop\/de\/produkt\/maus-4","name":"Maus- pl\u00fcschtier aus brokatstoff - Nh\u00e0 May M\u1eafn - Maison Chance","isPartOf":{"@id":"https:\/\/maison-chance.org\/shop\/de#website"},"primaryImageOfPage":{"@id":"https:\/\/maison-chance.org\/shop\/de\/produkt\/maus-4#primaryimage"},"image":{"@id":"https:\/\/maison-chance.org\/shop\/de\/produkt\/maus-4#primaryimage"},"thumbnailUrl":"https:\/\/maison-chance.org\/shop\/wp-content\/uploads\/2024\/04\/thu-nhoi-bong-hinh-con-chuot-vai-tho-cam-1.jpg","datePublished":"2024-11-11T00:05:58+00:00","dateModified":"2025-03-17T03:34:30+00:00","description":"Die Pl\u00fcsch-Maus aus Brokatstoff ist ein von Kindern geliebtes Spielzeug, hergestellt aus hochwertigem Brokatstoff, jedes Produkt tr\u00e4gt einzigartige Muster mit zuf\u00e4lligen Farben","breadcrumb":{"@id":"https:\/\/maison-chance.org\/shop\/de\/produkt\/maus-4#breadcrumb"},"inLanguage":"de","potentialAction":[{"@type":"ReadAction","target":["https:\/\/maison-chance.org\/shop\/de\/produkt\/maus-4"]}]},{"@type":"ImageObject","inLanguage":"de","@id":"https:\/\/maison-chance.org\/shop\/de\/produkt\/maus-4#primaryimage","url":"https:\/\/maison-chance.org\/shop\/wp-content\/uploads\/2024\/04\/thu-nhoi-bong-hinh-con-chuot-vai-tho-cam-1.jpg","contentUrl":"https:\/\/maison-chance.org\/shop\/wp-content\/uploads\/2024\/04\/thu-nhoi-bong-hinh-con-chuot-vai-tho-cam-1.jpg","width":600,"height":600,"caption":"Pl\u00fcsch-Maus aus Brokatstoff"},{"@type":"BreadcrumbList","@id":"https:\/\/maison-chance.org\/shop\/de\/produkt\/maus-4#breadcrumb","itemListElement":[{"@type":"ListItem","position":1,"name":"Trang ch\u1ee7","item":"https:\/\/maison-chance.org\/shop\/de"},{"@type":"ListItem","position":2,"name":"Shop","item":"https:\/\/maison-chance.org\/shop\/shop"},{"@type":"ListItem","position":3,"name":"Maus"}]},{"@type":"WebSite","@id":"https:\/\/maison-chance.org\/shop\/de#website","url":"https:\/\/maison-chance.org\/shop\/de","name":"Nh\u00e0 May M\u1eafn - Maison Chance","description":"M\u1ecdi l\u1ee3i nhu\u1eadn thu v\u1ec1 t\u1eeb vi\u1ec7c b\u00e1n h\u00e0ng s\u1ebd tr\u00edch m\u1ed9t ph\u1ea7n \u0111\u1ec3 ch\u0103m lo cho \u0111\u1eddi s\u1ed1ng c\u00e1c b\u1ea1n khuy\u1ebft t\u1eadt v\u00e0 tr\u1ebb m\u1ed3 c\u00f4i \u1edf \u0111\u00e2y","publisher":{"@id":"https:\/\/maison-chance.org\/shop\/de#organization"},"potentialAction":[{"@type":"SearchAction","target":{"@type":"EntryPoint","urlTemplate":"https:\/\/maison-chance.org\/shop\/de?s={search_term_string}"},"query-input":{"@type":"PropertyValueSpecification","valueRequired":true,"valueName":"search_term_string"}}],"inLanguage":"de"},{"@type":"Organization","@id":"https:\/\/maison-chance.org\/shop\/de#organization","name":"Nh\u00e0 May M\u1eafn - Maison Chance","url":"https:\/\/maison-chance.org\/shop\/de","logo":{"@type":"ImageObject","inLanguage":"de","@id":"https:\/\/maison-chance.org\/shop\/de#\/schema\/logo\/image\/","url":"https:\/\/maison-chance.org\/shop\/wp-content\/uploads\/2024\/03\/cropped-Logo_DNXH.png","contentUrl":"https:\/\/maison-chance.org\/shop\/wp-content\/uploads\/2024\/03\/cropped-Logo_DNXH.png","width":512,"height":512,"caption":"Nh\u00e0 May M\u1eafn - Maison Chance"},"image":{"@id":"https:\/\/maison-chance.org\/shop\/de#\/schema\/logo\/image\/"},"sameAs":["https:\/\/www.facebook.com\/dnxh.nhamayman\/"]}]},"og_availability":"instock","product_availability":"instock","product_condition":"new"},"_links":{"self":[{"href":"https:\/\/maison-chance.org\/shop\/de\/wp-json\/wp\/v2\/product\/41074","targetHints":{"allow":["GET"]}}],"collection":[{"href":"https:\/\/maison-chance.org\/shop\/de\/wp-json\/wp\/v2\/product"}],"about":[{"href":"https:\/\/maison-chance.org\/shop\/de\/wp-json\/wp\/v2\/types\/product"}],"wp:featuredmedia":[{"embeddable":true,"href":"https:\/\/maison-chance.org\/shop\/de\/wp-json\/wp\/v2\/media\/36923"}],"wp:attachment":[{"href":"https:\/\/maison-chance.org\/shop\/de\/wp-json\/wp\/v2\/media?parent=41074"}],"wp:term":[{"taxonomy":"product_brand","embeddable":true,"href":"https:\/\/maison-chance.org\/shop\/de\/wp-json\/wp\/v2\/product_brand?post=41074"},{"taxonomy":"product_cat","embeddable":true,"href":"https:\/\/maison-chance.org\/shop\/de\/wp-json\/wp\/v2\/product_cat?post=41074"},{"taxonomy":"product_tag","embeddable":true,"href":"https:\/\/maison-chance.org\/shop\/de\/wp-json\/wp\/v2\/product_tag?post=41074"}],"curies":[{"name":"wp","href":"https:\/\/api.w.org\/{rel}","templated":true}]}}