{"id":41124,"date":"2024-11-12T07:00:02","date_gmt":"2024-11-12T00:00:02","guid":{"rendered":"https:\/\/maison-chance.org\/shop\/san-pham\/mango-eis"},"modified":"2024-11-12T07:00:02","modified_gmt":"2024-11-12T00:00:02","slug":"mango-eis","status":"publish","type":"product","link":"https:\/\/maison-chance.org\/shop\/de\/produkt\/mango-eis","title":{"rendered":"Mango-Eis"},"content":{"rendered":"<p style=\"text-align: justify;\">Haben Sie jemals ein Eis probiert, das nicht nur k\u00f6stlich schmeckt, sondern auch eine inspirierende Geschichte erz\u00e4hlt? Das Mango-Eis von Maison Chance ist genau so eine Reise &#8211; wo raffinierte Aromen auf humanit\u00e4re Geschichten treffen, geschaffen von den geschickten H\u00e4nden besonderer junger Menschen.<\/p>\n<p style=\"text-align: justify;\">Was das Mango-Eis von Maison Chance einzigartig macht, liegt in seinem besonderen Rezept mit sorgf\u00e4ltig ausgew\u00e4hlten Zutaten. Premium-Schlagsahne vermischt sich mit unges\u00fc\u00dfter frischer Milch zu einer glatten, nat\u00fcrlich cremigen Eisbasis. Die raffinierte Kombination aus Base San Marco und Interga Latte sorgt nicht nur f\u00fcr perfekte Gl\u00e4tte, sondern auch f\u00fcr eine stabile Textur in jedem L\u00f6ffel.<\/p>\n<p style=\"text-align: justify;\">Reife Mangos werden sorgf\u00e4ltig ausgew\u00e4hlt und bringen dem Produkt charakteristischen nat\u00fcrlichen Geschmack und attraktive Farbe. Es werden keine k\u00fcnstlichen Farbstoffe verwendet, nur die pure S\u00fc\u00dfe frischer Fr\u00fcchte.<\/p>\n<p style=\"text-align: justify;\">Beim Genuss des Mango-Eises von Maison Chance erleben Sie eine aufregende Geschmacksreise. Vom ersten Moment an schmilzt das Eis sanft auf der Zunge und hinterl\u00e4sst einen duftenden Mango-Nachgeschmack. Die moderate Cremigkeit harmoniert mit dem nat\u00fcrlich s\u00fc\u00df-sauren Geschmack der Mango und schafft ein unwiderstehlich perfektes Ganzes.<\/p>\n<p style=\"text-align: justify;\">Mit zwei Verpackungsoptionen von 300g und 500g ist das frische Eis von Maison Chance f\u00fcr alle Gelegenheiten geeignet &#8211; von privaten Momenten bis hin zu Familientreffen. Der Beh\u00e4lter ist professionell gestaltet und gew\u00e4hrleistet, dass das Eis unter K\u00fchlbedingungen seine Frische beh\u00e4lt.<\/p>\n<p style=\"text-align: justify;\">Jede Packung Mango-Eis von Maison Chance ist die Kristallisation von Leidenschaft und Streben. Hinter diesen k\u00f6stlichen Eispackungen steckt eine Geschichte au\u00dfergew\u00f6hnlicher Entschlossenheit von besonderen jungen Menschen, die sich kontinuierlich bem\u00fchen, sich durch das Erlernen und \u00dcben von Back- und Eisherstellungsf\u00e4higkeiten in die Gemeinschaft zu integrieren.<\/p>\n<p style=\"text-align: justify;\">Jeder Produktionsprozess wird unter professioneller Aufsicht sorgf\u00e4ltig durchgef\u00fchrt und stellt sicher, dass jede Eispackung nicht nur lecker, sondern auch sicher und hygienisch ist. Dies ist nicht einfach ein kommerzielles Produkt &#8211; es ist die Frucht von Liebe, Ausdauer und Tr\u00e4umen, die allm\u00e4hlich Wirklichkeit werden.<\/p>\n<p style=\"text-align: justify;\">Wenn Sie sich f\u00fcr das Mango-Eis von <a href=\"https:\/\/maison-chance.org\/shop\">Maison Chance<\/a> entscheiden, genie\u00dfen Sie nicht nur ein ausgezeichnetes Dessert, sondern tragen auch zur bedeutungsvollen Reise besonderer junger Menschen bei. Jede verkaufte Eispackung stellt eine Arbeitsm\u00f6glichkeit, einen Glauben und eine Motivation f\u00fcr ihre weitere Entwicklung dar.<\/p>\n","protected":false},"excerpt":{"rendered":"<p style=\"text-align: justify;\">Die frischen Eisprodukte werden von Waisenkindern hergestellt, die derzeit bei Maison Chance betreut werden. Wir hoffen aufrichtig auf Ihre Unterst\u00fctzung!<\/p>\n<p style=\"text-align: justify;\">Kleine Box 300g: <span style=\"font-size: 115%; color: #ed1c24;\"><strong>79.000 VND<\/strong><\/span><\/p>\n<p style=\"text-align: justify;\">Gro\u00dfe Box 500g: <span style=\"font-size: 115%; color: #ed1c24;\"><strong>99.000 VND<\/strong><\/span><\/p>\n<p style=\"text-align: justify;\">Hotline: <span style=\"font-size: 115%; color: #ed1c24;\"><strong>090 906 2528<\/strong><\/span><\/p>\n","protected":false},"featured_media":38172,"template":"","meta":[],"product_brand":[],"product_cat":[211,229],"product_tag":[],"class_list":{"0":"post-41124","1":"product","2":"type-product","3":"status-publish","4":"has-post-thumbnail","6":"product_cat-baeckerei","7":"product_cat-creme-de","9":"first","10":"instock","11":"shipping-taxable","12":"product-type-simple"},"yoast_head":"<!-- This site is optimized with the Yoast SEO Premium plugin v22.7 (Yoast SEO v25.3.1) - https:\/\/yoast.com\/wordpress\/plugins\/seo\/ -->\n<title>Mango-Eis - Nh\u00e0 May M\u1eafn - Maison Chance<\/title>\n<meta name=\"description\" content=\"Was das Mango-Eis von Maison Chance einzigartig macht, liegt in seinem besonderen Rezept mit sorgf\u00e4ltig ausgew\u00e4hlten Zutaten. Premium-Schlagsahne vermischt sich mit unges\u00fc\u00dfter frischer Milch zu einer glatten, nat\u00fcrlich cremigen Eisbasis\" \/>\n<meta name=\"robots\" content=\"index, follow, max-snippet:-1, max-image-preview:large, max-video-preview:-1\" \/>\n<link rel=\"canonical\" href=\"https:\/\/maison-chance.org\/shop\/de\/produkt\/mango-eis\" \/>\n<meta property=\"og:locale\" content=\"de_DE\" \/>\n<meta property=\"og:type\" content=\"article\" \/>\n<meta property=\"og:title\" content=\"Mango-Eis\" \/>\n<meta property=\"og:description\" content=\"Was das Mango-Eis von Maison Chance einzigartig macht, liegt in seinem besonderen Rezept mit sorgf\u00e4ltig ausgew\u00e4hlten Zutaten. Premium-Schlagsahne vermischt sich mit unges\u00fc\u00dfter frischer Milch zu einer glatten, nat\u00fcrlich cremigen Eisbasis\" \/>\n<meta property=\"og:url\" content=\"https:\/\/maison-chance.org\/shop\/de\/produkt\/mango-eis\" \/>\n<meta property=\"og:site_name\" content=\"Nh\u00e0 May M\u1eafn - Maison Chance\" \/>\n<meta property=\"article:publisher\" content=\"https:\/\/www.facebook.com\/dnxh.nhamayman\/\" \/>\n<meta property=\"og:image\" content=\"https:\/\/maison-chance.org\/shop\/wp-content\/uploads\/2024\/04\/kem-xoai.jpg\" \/>\n\t<meta property=\"og:image:width\" content=\"1000\" \/>\n\t<meta property=\"og:image:height\" content=\"1000\" \/>\n\t<meta property=\"og:image:type\" content=\"image\/jpeg\" \/>\n<meta name=\"twitter:card\" content=\"summary_large_image\" \/>\n<meta name=\"twitter:label1\" content=\"Preis\" \/>\n\t<meta name=\"twitter:data1\" content=\"\" \/>\n\t<meta name=\"twitter:label2\" content=\"Verf\u00fcgbarkeit\" \/>\n\t<meta name=\"twitter:data2\" content=\"Auf Lager\" \/>\n<script type=\"application\/ld+json\" class=\"yoast-schema-graph\">{\"@context\":\"https:\/\/schema.org\",\"@graph\":[{\"@type\":\"WebPage\",\"@id\":\"https:\/\/maison-chance.org\/shop\/de\/produkt\/mango-eis\",\"url\":\"https:\/\/maison-chance.org\/shop\/de\/produkt\/mango-eis\",\"name\":\"Mango-Eis - Nh\u00e0 May M\u1eafn - Maison Chance\",\"isPartOf\":{\"@id\":\"https:\/\/maison-chance.org\/shop\/de#website\"},\"primaryImageOfPage\":{\"@id\":\"https:\/\/maison-chance.org\/shop\/de\/produkt\/mango-eis#primaryimage\"},\"image\":{\"@id\":\"https:\/\/maison-chance.org\/shop\/de\/produkt\/mango-eis#primaryimage\"},\"thumbnailUrl\":\"https:\/\/maison-chance.org\/shop\/wp-content\/uploads\/2024\/04\/kem-xoai.jpg\",\"datePublished\":\"2024-11-12T00:00:02+00:00\",\"description\":\"Was das Mango-Eis von Maison Chance einzigartig macht, liegt in seinem besonderen Rezept mit sorgf\u00e4ltig ausgew\u00e4hlten Zutaten. Premium-Schlagsahne vermischt sich mit unges\u00fc\u00dfter frischer Milch zu einer glatten, nat\u00fcrlich cremigen Eisbasis\",\"breadcrumb\":{\"@id\":\"https:\/\/maison-chance.org\/shop\/de\/produkt\/mango-eis#breadcrumb\"},\"inLanguage\":\"de\",\"potentialAction\":[{\"@type\":\"ReadAction\",\"target\":[\"https:\/\/maison-chance.org\/shop\/de\/produkt\/mango-eis\"]}]},{\"@type\":\"ImageObject\",\"inLanguage\":\"de\",\"@id\":\"https:\/\/maison-chance.org\/shop\/de\/produkt\/mango-eis#primaryimage\",\"url\":\"https:\/\/maison-chance.org\/shop\/wp-content\/uploads\/2024\/04\/kem-xoai.jpg\",\"contentUrl\":\"https:\/\/maison-chance.org\/shop\/wp-content\/uploads\/2024\/04\/kem-xoai.jpg\",\"width\":1000,\"height\":1000,\"caption\":\"Mango-Eis\"},{\"@type\":\"BreadcrumbList\",\"@id\":\"https:\/\/maison-chance.org\/shop\/de\/produkt\/mango-eis#breadcrumb\",\"itemListElement\":[{\"@type\":\"ListItem\",\"position\":1,\"name\":\"Trang ch\u1ee7\",\"item\":\"https:\/\/maison-chance.org\/shop\/de\"},{\"@type\":\"ListItem\",\"position\":2,\"name\":\"Shop\",\"item\":\"https:\/\/maison-chance.org\/shop\/shop\"},{\"@type\":\"ListItem\",\"position\":3,\"name\":\"Mango-Eis\"}]},{\"@type\":\"WebSite\",\"@id\":\"https:\/\/maison-chance.org\/shop\/de#website\",\"url\":\"https:\/\/maison-chance.org\/shop\/de\",\"name\":\"Nh\u00e0 May M\u1eafn - Maison Chance\",\"description\":\"M\u1ecdi l\u1ee3i nhu\u1eadn thu v\u1ec1 t\u1eeb vi\u1ec7c b\u00e1n h\u00e0ng s\u1ebd tr\u00edch m\u1ed9t ph\u1ea7n \u0111\u1ec3 ch\u0103m lo cho \u0111\u1eddi s\u1ed1ng c\u00e1c b\u1ea1n khuy\u1ebft t\u1eadt v\u00e0 tr\u1ebb m\u1ed3 c\u00f4i \u1edf \u0111\u00e2y\",\"publisher\":{\"@id\":\"https:\/\/maison-chance.org\/shop\/de#organization\"},\"potentialAction\":[{\"@type\":\"SearchAction\",\"target\":{\"@type\":\"EntryPoint\",\"urlTemplate\":\"https:\/\/maison-chance.org\/shop\/de?s={search_term_string}\"},\"query-input\":{\"@type\":\"PropertyValueSpecification\",\"valueRequired\":true,\"valueName\":\"search_term_string\"}}],\"inLanguage\":\"de\"},{\"@type\":\"Organization\",\"@id\":\"https:\/\/maison-chance.org\/shop\/de#organization\",\"name\":\"Nh\u00e0 May M\u1eafn - Maison Chance\",\"url\":\"https:\/\/maison-chance.org\/shop\/de\",\"logo\":{\"@type\":\"ImageObject\",\"inLanguage\":\"de\",\"@id\":\"https:\/\/maison-chance.org\/shop\/de#\/schema\/logo\/image\/\",\"url\":\"https:\/\/maison-chance.org\/shop\/wp-content\/uploads\/2024\/03\/cropped-Logo_DNXH.png\",\"contentUrl\":\"https:\/\/maison-chance.org\/shop\/wp-content\/uploads\/2024\/03\/cropped-Logo_DNXH.png\",\"width\":512,\"height\":512,\"caption\":\"Nh\u00e0 May M\u1eafn - Maison Chance\"},\"image\":{\"@id\":\"https:\/\/maison-chance.org\/shop\/de#\/schema\/logo\/image\/\"},\"sameAs\":[\"https:\/\/www.facebook.com\/dnxh.nhamayman\/\"]}]}<\/script>\n<meta property=\"product:price:amount\" content=\"0.00\" \/>\n<meta property=\"product:price:currency\" content=\"EUR\" \/>\n<meta property=\"og:availability\" content=\"instock\" \/>\n<meta property=\"product:availability\" content=\"instock\" \/>\n<meta property=\"product:condition\" content=\"new\" \/>\n<!-- \/ Yoast SEO Premium plugin. -->","yoast_head_json":{"title":"Mango-Eis - Nh\u00e0 May M\u1eafn - Maison Chance","description":"Was das Mango-Eis von Maison Chance einzigartig macht, liegt in seinem besonderen Rezept mit sorgf\u00e4ltig ausgew\u00e4hlten Zutaten. Premium-Schlagsahne vermischt sich mit unges\u00fc\u00dfter frischer Milch zu einer glatten, nat\u00fcrlich cremigen Eisbasis","robots":{"index":"index","follow":"follow","max-snippet":"max-snippet:-1","max-image-preview":"max-image-preview:large","max-video-preview":"max-video-preview:-1"},"canonical":"https:\/\/maison-chance.org\/shop\/de\/produkt\/mango-eis","og_locale":"de_DE","og_type":"article","og_title":"Mango-Eis","og_description":"Was das Mango-Eis von Maison Chance einzigartig macht, liegt in seinem besonderen Rezept mit sorgf\u00e4ltig ausgew\u00e4hlten Zutaten. Premium-Schlagsahne vermischt sich mit unges\u00fc\u00dfter frischer Milch zu einer glatten, nat\u00fcrlich cremigen Eisbasis","og_url":"https:\/\/maison-chance.org\/shop\/de\/produkt\/mango-eis","og_site_name":"Nh\u00e0 May M\u1eafn - Maison Chance","article_publisher":"https:\/\/www.facebook.com\/dnxh.nhamayman\/","og_image":[{"width":1000,"height":1000,"url":"https:\/\/maison-chance.org\/shop\/wp-content\/uploads\/2024\/04\/kem-xoai.jpg","type":"image\/jpeg"}],"twitter_card":"summary_large_image","twitter_misc":{"Preis":"","Verf\u00fcgbarkeit":"Auf Lager"},"schema":{"@context":"https:\/\/schema.org","@graph":[{"@type":"WebPage","@id":"https:\/\/maison-chance.org\/shop\/de\/produkt\/mango-eis","url":"https:\/\/maison-chance.org\/shop\/de\/produkt\/mango-eis","name":"Mango-Eis - Nh\u00e0 May M\u1eafn - Maison Chance","isPartOf":{"@id":"https:\/\/maison-chance.org\/shop\/de#website"},"primaryImageOfPage":{"@id":"https:\/\/maison-chance.org\/shop\/de\/produkt\/mango-eis#primaryimage"},"image":{"@id":"https:\/\/maison-chance.org\/shop\/de\/produkt\/mango-eis#primaryimage"},"thumbnailUrl":"https:\/\/maison-chance.org\/shop\/wp-content\/uploads\/2024\/04\/kem-xoai.jpg","datePublished":"2024-11-12T00:00:02+00:00","description":"Was das Mango-Eis von Maison Chance einzigartig macht, liegt in seinem besonderen Rezept mit sorgf\u00e4ltig ausgew\u00e4hlten Zutaten. Premium-Schlagsahne vermischt sich mit unges\u00fc\u00dfter frischer Milch zu einer glatten, nat\u00fcrlich cremigen Eisbasis","breadcrumb":{"@id":"https:\/\/maison-chance.org\/shop\/de\/produkt\/mango-eis#breadcrumb"},"inLanguage":"de","potentialAction":[{"@type":"ReadAction","target":["https:\/\/maison-chance.org\/shop\/de\/produkt\/mango-eis"]}]},{"@type":"ImageObject","inLanguage":"de","@id":"https:\/\/maison-chance.org\/shop\/de\/produkt\/mango-eis#primaryimage","url":"https:\/\/maison-chance.org\/shop\/wp-content\/uploads\/2024\/04\/kem-xoai.jpg","contentUrl":"https:\/\/maison-chance.org\/shop\/wp-content\/uploads\/2024\/04\/kem-xoai.jpg","width":1000,"height":1000,"caption":"Mango-Eis"},{"@type":"BreadcrumbList","@id":"https:\/\/maison-chance.org\/shop\/de\/produkt\/mango-eis#breadcrumb","itemListElement":[{"@type":"ListItem","position":1,"name":"Trang ch\u1ee7","item":"https:\/\/maison-chance.org\/shop\/de"},{"@type":"ListItem","position":2,"name":"Shop","item":"https:\/\/maison-chance.org\/shop\/shop"},{"@type":"ListItem","position":3,"name":"Mango-Eis"}]},{"@type":"WebSite","@id":"https:\/\/maison-chance.org\/shop\/de#website","url":"https:\/\/maison-chance.org\/shop\/de","name":"Nh\u00e0 May M\u1eafn - Maison Chance","description":"M\u1ecdi l\u1ee3i nhu\u1eadn thu v\u1ec1 t\u1eeb vi\u1ec7c b\u00e1n h\u00e0ng s\u1ebd tr\u00edch m\u1ed9t ph\u1ea7n \u0111\u1ec3 ch\u0103m lo cho \u0111\u1eddi s\u1ed1ng c\u00e1c b\u1ea1n khuy\u1ebft t\u1eadt v\u00e0 tr\u1ebb m\u1ed3 c\u00f4i \u1edf \u0111\u00e2y","publisher":{"@id":"https:\/\/maison-chance.org\/shop\/de#organization"},"potentialAction":[{"@type":"SearchAction","target":{"@type":"EntryPoint","urlTemplate":"https:\/\/maison-chance.org\/shop\/de?s={search_term_string}"},"query-input":{"@type":"PropertyValueSpecification","valueRequired":true,"valueName":"search_term_string"}}],"inLanguage":"de"},{"@type":"Organization","@id":"https:\/\/maison-chance.org\/shop\/de#organization","name":"Nh\u00e0 May M\u1eafn - Maison Chance","url":"https:\/\/maison-chance.org\/shop\/de","logo":{"@type":"ImageObject","inLanguage":"de","@id":"https:\/\/maison-chance.org\/shop\/de#\/schema\/logo\/image\/","url":"https:\/\/maison-chance.org\/shop\/wp-content\/uploads\/2024\/03\/cropped-Logo_DNXH.png","contentUrl":"https:\/\/maison-chance.org\/shop\/wp-content\/uploads\/2024\/03\/cropped-Logo_DNXH.png","width":512,"height":512,"caption":"Nh\u00e0 May M\u1eafn - Maison Chance"},"image":{"@id":"https:\/\/maison-chance.org\/shop\/de#\/schema\/logo\/image\/"},"sameAs":["https:\/\/www.facebook.com\/dnxh.nhamayman\/"]}]},"product_price_amount":"0.00","product_price_currency":"EUR","og_availability":"instock","product_availability":"instock","product_condition":"new"},"_links":{"self":[{"href":"https:\/\/maison-chance.org\/shop\/de\/wp-json\/wp\/v2\/product\/41124","targetHints":{"allow":["GET"]}}],"collection":[{"href":"https:\/\/maison-chance.org\/shop\/de\/wp-json\/wp\/v2\/product"}],"about":[{"href":"https:\/\/maison-chance.org\/shop\/de\/wp-json\/wp\/v2\/types\/product"}],"wp:featuredmedia":[{"embeddable":true,"href":"https:\/\/maison-chance.org\/shop\/de\/wp-json\/wp\/v2\/media\/38172"}],"wp:attachment":[{"href":"https:\/\/maison-chance.org\/shop\/de\/wp-json\/wp\/v2\/media?parent=41124"}],"wp:term":[{"taxonomy":"product_brand","embeddable":true,"href":"https:\/\/maison-chance.org\/shop\/de\/wp-json\/wp\/v2\/product_brand?post=41124"},{"taxonomy":"product_cat","embeddable":true,"href":"https:\/\/maison-chance.org\/shop\/de\/wp-json\/wp\/v2\/product_cat?post=41124"},{"taxonomy":"product_tag","embeddable":true,"href":"https:\/\/maison-chance.org\/shop\/de\/wp-json\/wp\/v2\/product_tag?post=41124"}],"curies":[{"name":"wp","href":"https:\/\/api.w.org\/{rel}","templated":true}]}}