{"id":41128,"date":"2024-11-12T08:00:15","date_gmt":"2024-11-12T01:00:15","guid":{"rendered":"https:\/\/maison-chance.org\/shop\/san-pham\/vanille-eis"},"modified":"2024-11-12T08:00:15","modified_gmt":"2024-11-12T01:00:15","slug":"vanille-eis","status":"publish","type":"product","link":"https:\/\/maison-chance.org\/shop\/de\/produkt\/vanille-eis","title":{"rendered":"Vanille-Eis"},"content":{"rendered":"<p>Das Vanilleeis von Maison Chance ist ein besonderes Produkt, das nicht nur einen k\u00f6stlichen Geschmack bietet, sondern auch gro\u00dfe spirituelle Werte enth\u00e4lt. Dies ist nicht nur ein gew\u00f6hnliches Eis, sondern das Ergebnis geschickter Handarbeit und unerm\u00fcdlicher Bem\u00fchungen von Waisenkindern. Das Produkt wird sorgf\u00e4ltig von einem engagierten B\u00e4ckermeister \u00fcberwacht, um h\u00f6chste Qualit\u00e4tsstandards zu gew\u00e4hrleisten und den G\u00e4sten ein wunderbares Geschmackserlebnis zu bieten.<\/p>\n<p>Das Vanilleeis von Maison Chance wird aus hochwertigen, nat\u00fcrlichen Zutaten hergestellt und gew\u00e4hrleistet die Gesundheit der Verbraucher. Dieses Produkt verwendet Schlagsahne, unges\u00fc\u00dfte Frischmilch, Base San Marco, Interga Latte und reines Vanilleextrakt, die alle sorgf\u00e4ltig ausgew\u00e4hlt werden, um einen frischen und k\u00f6stlichen Geschmack zu erzielen.<\/p>\n<p>&#8211; Schlagsahne: Diese Zutat sorgt f\u00fcr die cremige, weiche Textur des Eises und hilft ihm, sanft im Mund zu schmelzen.<br \/>\n&#8211; Unges\u00fc\u00dfte Frischmilch: Hilft die S\u00fc\u00dfe ausgleichen und bietet einen reinen, nat\u00fcrlichen Geschmack ohne \u00fcberm\u00e4\u00dfige S\u00fc\u00dfe.<br \/>\n&#8211; Base San Marco und Interga Latte: Diese beiden Komponenten helfen, die Struktur und Gl\u00e4tte des Eises zu erhalten und seine Frische zu bewahren.<br \/>\n&#8211; Vanilleextrakt: Der nat\u00fcrliche, sanfte Vanillegeschmack ist die perfekte Note f\u00fcr das Eis und schafft ein angenehmes und attraktives Geschmackserlebnis.<\/p>\n<p>Dank der harmonischen Kombination dieser Zutaten ist das Vanilleeis von Maison Chance nicht nur k\u00f6stlich, sondern garantiert auch einen hohen N\u00e4hrwert und ist der ideale Snack f\u00fcr alle Altersgruppen.<\/p>\n<p>Sobald Sie das frische Eis von Maison Chance probiert haben, werden Sie den s\u00fc\u00dfen Geschmack dieses Produkts nicht vergessen k\u00f6nnen. Vom ersten L\u00f6ffel an sp\u00fcren Sie die geschmeidige, frische Textur des Eises, wenn es im Mund schmilzt. Der sanfte, nicht zu intensive Vanillegeschmack in Kombination mit der ausgewogenen Cremigkeit der Schlagsahne schafft eine perfekte Balance, die zum wiederholten Genuss einl\u00e4dt.<\/p>\n<p>Viele G\u00e4ste haben berichtet, dass sie nicht nur den k\u00f6stlichen Geschmack des Eises lieben, sondern auch die Hingabe und Liebe der Hersteller sp\u00fcren k\u00f6nnen. Ein Kunde kommentierte: &#8222;Dieses Vanilleeis ist nicht nur lecker, sondern vermittelt auch ein warmes Gef\u00fchl. Ich sp\u00fcre die Liebe und Sorgfalt in jedem L\u00f6ffel. Dies ist nicht nur ein Dessert, sondern ein Geschenk von Herzen.&#8220;<\/p>\n<p>Das Eis von Maison Chance ist nicht nur ein k\u00f6stliches Dessert, sondern auch eine Verbindung zwischen den G\u00e4sten und den weniger Gl\u00fccklichen, die ihnen hilft, Motivation zu finden, um Schwierigkeiten zu \u00fcberwinden und im Leben unabh\u00e4ngig zu werden.<\/p>\n<p>Wenn Sie sich f\u00fcr das Vanilleeis von Maison Chance entscheiden, genie\u00dfen Sie nicht nur ein wunderbares Eis, sondern tragen auch dazu bei, eine Botschaft der Liebe und des Teilens zu verbreiten. Jede Packung Eis ist das Ergebnis von Anstrengung, Ausdauer und Hoffnung von Menschen mit Behinderungen bei Maison Chance, die stets bem\u00fcht sind, ein Handwerk zu erlernen, unabh\u00e4ngig zu werden und sich selbst zu \u00fcbertreffen.<\/p>\n<p>Mit einem praktischen Gewicht von 300g und 500g ist das Vanilleeis von Maison Chance die perfekte Wahl f\u00fcr jeden Anlass, von famili\u00e4ren Snacks bis hin zu kleinen Partys mit Freunden. Dar\u00fcber hinaus ist es ein bedeutungsvolles Geschenk f\u00fcr Ihre Lieben, das eine Botschaft der Liebe und des Teilens vermittelt.<\/p>\n<p>Jede Packung Vanilleeis von <a href=\"https:\/\/maison-chance.org\/shop\">Maison Chance<\/a> ist nicht nur ein k\u00f6stliches Dessert, sondern auch eine Br\u00fccke der Liebe. Wenn Sie dieses Produkt genie\u00dfen, tragen Sie dazu bei, junge Menschen mit Behinderungen zu motivieren und ihnen zu helfen, selbstbewusster auf ihrem Weg zur Verfolgung ihrer Leidenschaft und Integration in die Gemeinschaft zu sein.<\/p>\n","protected":false},"excerpt":{"rendered":"<p style=\"text-align: justify;\">Das frische Eis wird von Waisenkindern hergestellt, die derzeit von Maison Chance betreut werden. Wir hoffen auf Ihre Unterst\u00fctzung!<\/p>\n<p style=\"text-align: justify;\">Kleine Packung 300gr: <span style=\"font-size: 115%; color: #ed1c24;\"><strong>79.000 VND<\/strong><\/span><\/p>\n<p style=\"text-align: justify;\">Gro\u00dfe Packung 500gr: <span style=\"font-size: 115%; color: #ed1c24;\"><strong>99.000 VND<\/strong><\/span><\/p>\n<p style=\"text-align: justify;\">Hotline: <span style=\"font-size: 115%; color: #ed1c24;\"><strong>090 906 2528<\/strong><\/span><\/p>\n","protected":false},"featured_media":38167,"template":"","meta":[],"product_brand":[],"product_cat":[211,229],"product_tag":[],"class_list":{"0":"post-41128","1":"product","2":"type-product","3":"status-publish","4":"has-post-thumbnail","6":"product_cat-baeckerei","7":"product_cat-creme-de","9":"first","10":"instock","11":"shipping-taxable","12":"product-type-simple"},"yoast_head":"<!-- This site is optimized with the Yoast SEO Premium plugin v22.7 (Yoast SEO v25.3.1) - https:\/\/yoast.com\/wordpress\/plugins\/seo\/ -->\n<title>Vanille-Eis - Nh\u00e0 May M\u1eafn - Maison Chance<\/title>\n<meta name=\"description\" content=\"Das Vanilleeis von Maison Chance ist ein besonderes Produkt, das nicht nur einen k\u00f6stlichen Geschmack bietet, sondern auch gro\u00dfe spirituelle Werte enth\u00e4lt. Dies ist nicht nur ein gew\u00f6hnliches Eis, sondern das Ergebnis geschickter Handarbeit und unerm\u00fcdlicher Bem\u00fchungen von Waisenkindern\" \/>\n<meta name=\"robots\" content=\"index, follow, max-snippet:-1, max-image-preview:large, max-video-preview:-1\" \/>\n<link rel=\"canonical\" href=\"https:\/\/maison-chance.org\/shop\/de\/produkt\/vanille-eis\" \/>\n<meta property=\"og:locale\" content=\"de_DE\" \/>\n<meta property=\"og:type\" content=\"article\" \/>\n<meta property=\"og:title\" content=\"Vanille-Eis\" \/>\n<meta property=\"og:description\" content=\"Das Vanilleeis von Maison Chance ist ein besonderes Produkt, das nicht nur einen k\u00f6stlichen Geschmack bietet, sondern auch gro\u00dfe spirituelle Werte enth\u00e4lt. Dies ist nicht nur ein gew\u00f6hnliches Eis, sondern das Ergebnis geschickter Handarbeit und unerm\u00fcdlicher Bem\u00fchungen von Waisenkindern\" \/>\n<meta property=\"og:url\" content=\"https:\/\/maison-chance.org\/shop\/de\/produkt\/vanille-eis\" \/>\n<meta property=\"og:site_name\" content=\"Nh\u00e0 May M\u1eafn - Maison Chance\" \/>\n<meta property=\"article:publisher\" content=\"https:\/\/www.facebook.com\/dnxh.nhamayman\/\" \/>\n<meta property=\"og:image\" content=\"https:\/\/maison-chance.org\/shop\/wp-content\/uploads\/2024\/04\/kem-vanilla.jpg\" \/>\n\t<meta property=\"og:image:width\" content=\"1000\" \/>\n\t<meta property=\"og:image:height\" content=\"1000\" \/>\n\t<meta property=\"og:image:type\" content=\"image\/jpeg\" \/>\n<meta name=\"twitter:card\" content=\"summary_large_image\" \/>\n<meta name=\"twitter:label1\" content=\"Preis\" \/>\n\t<meta name=\"twitter:data1\" content=\"\" \/>\n\t<meta name=\"twitter:label2\" content=\"Verf\u00fcgbarkeit\" \/>\n\t<meta name=\"twitter:data2\" content=\"Auf Lager\" \/>\n<script type=\"application\/ld+json\" class=\"yoast-schema-graph\">{\"@context\":\"https:\/\/schema.org\",\"@graph\":[{\"@type\":\"WebPage\",\"@id\":\"https:\/\/maison-chance.org\/shop\/de\/produkt\/vanille-eis\",\"url\":\"https:\/\/maison-chance.org\/shop\/de\/produkt\/vanille-eis\",\"name\":\"Vanille-Eis - Nh\u00e0 May M\u1eafn - Maison Chance\",\"isPartOf\":{\"@id\":\"https:\/\/maison-chance.org\/shop\/de#website\"},\"primaryImageOfPage\":{\"@id\":\"https:\/\/maison-chance.org\/shop\/de\/produkt\/vanille-eis#primaryimage\"},\"image\":{\"@id\":\"https:\/\/maison-chance.org\/shop\/de\/produkt\/vanille-eis#primaryimage\"},\"thumbnailUrl\":\"https:\/\/maison-chance.org\/shop\/wp-content\/uploads\/2024\/04\/kem-vanilla.jpg\",\"datePublished\":\"2024-11-12T01:00:15+00:00\",\"description\":\"Das Vanilleeis von Maison Chance ist ein besonderes Produkt, das nicht nur einen k\u00f6stlichen Geschmack bietet, sondern auch gro\u00dfe spirituelle Werte enth\u00e4lt. Dies ist nicht nur ein gew\u00f6hnliches Eis, sondern das Ergebnis geschickter Handarbeit und unerm\u00fcdlicher Bem\u00fchungen von Waisenkindern\",\"breadcrumb\":{\"@id\":\"https:\/\/maison-chance.org\/shop\/de\/produkt\/vanille-eis#breadcrumb\"},\"inLanguage\":\"de\",\"potentialAction\":[{\"@type\":\"ReadAction\",\"target\":[\"https:\/\/maison-chance.org\/shop\/de\/produkt\/vanille-eis\"]}]},{\"@type\":\"ImageObject\",\"inLanguage\":\"de\",\"@id\":\"https:\/\/maison-chance.org\/shop\/de\/produkt\/vanille-eis#primaryimage\",\"url\":\"https:\/\/maison-chance.org\/shop\/wp-content\/uploads\/2024\/04\/kem-vanilla.jpg\",\"contentUrl\":\"https:\/\/maison-chance.org\/shop\/wp-content\/uploads\/2024\/04\/kem-vanilla.jpg\",\"width\":1000,\"height\":1000,\"caption\":\"Vanilleeis\"},{\"@type\":\"BreadcrumbList\",\"@id\":\"https:\/\/maison-chance.org\/shop\/de\/produkt\/vanille-eis#breadcrumb\",\"itemListElement\":[{\"@type\":\"ListItem\",\"position\":1,\"name\":\"Trang ch\u1ee7\",\"item\":\"https:\/\/maison-chance.org\/shop\/de\"},{\"@type\":\"ListItem\",\"position\":2,\"name\":\"Shop\",\"item\":\"https:\/\/maison-chance.org\/shop\/shop\"},{\"@type\":\"ListItem\",\"position\":3,\"name\":\"Vanille-Eis\"}]},{\"@type\":\"WebSite\",\"@id\":\"https:\/\/maison-chance.org\/shop\/de#website\",\"url\":\"https:\/\/maison-chance.org\/shop\/de\",\"name\":\"Nh\u00e0 May M\u1eafn - Maison Chance\",\"description\":\"M\u1ecdi l\u1ee3i nhu\u1eadn thu v\u1ec1 t\u1eeb vi\u1ec7c b\u00e1n h\u00e0ng s\u1ebd tr\u00edch m\u1ed9t ph\u1ea7n \u0111\u1ec3 ch\u0103m lo cho \u0111\u1eddi s\u1ed1ng c\u00e1c b\u1ea1n khuy\u1ebft t\u1eadt v\u00e0 tr\u1ebb m\u1ed3 c\u00f4i \u1edf \u0111\u00e2y\",\"publisher\":{\"@id\":\"https:\/\/maison-chance.org\/shop\/de#organization\"},\"potentialAction\":[{\"@type\":\"SearchAction\",\"target\":{\"@type\":\"EntryPoint\",\"urlTemplate\":\"https:\/\/maison-chance.org\/shop\/de?s={search_term_string}\"},\"query-input\":{\"@type\":\"PropertyValueSpecification\",\"valueRequired\":true,\"valueName\":\"search_term_string\"}}],\"inLanguage\":\"de\"},{\"@type\":\"Organization\",\"@id\":\"https:\/\/maison-chance.org\/shop\/de#organization\",\"name\":\"Nh\u00e0 May M\u1eafn - Maison Chance\",\"url\":\"https:\/\/maison-chance.org\/shop\/de\",\"logo\":{\"@type\":\"ImageObject\",\"inLanguage\":\"de\",\"@id\":\"https:\/\/maison-chance.org\/shop\/de#\/schema\/logo\/image\/\",\"url\":\"https:\/\/maison-chance.org\/shop\/wp-content\/uploads\/2024\/03\/cropped-Logo_DNXH.png\",\"contentUrl\":\"https:\/\/maison-chance.org\/shop\/wp-content\/uploads\/2024\/03\/cropped-Logo_DNXH.png\",\"width\":512,\"height\":512,\"caption\":\"Nh\u00e0 May M\u1eafn - Maison Chance\"},\"image\":{\"@id\":\"https:\/\/maison-chance.org\/shop\/de#\/schema\/logo\/image\/\"},\"sameAs\":[\"https:\/\/www.facebook.com\/dnxh.nhamayman\/\"]}]}<\/script>\n<meta property=\"product:price:amount\" content=\"0.00\" \/>\n<meta property=\"product:price:currency\" content=\"EUR\" \/>\n<meta property=\"og:availability\" content=\"instock\" \/>\n<meta property=\"product:availability\" content=\"instock\" \/>\n<meta property=\"product:condition\" content=\"new\" \/>\n<!-- \/ Yoast SEO Premium plugin. -->","yoast_head_json":{"title":"Vanille-Eis - Nh\u00e0 May M\u1eafn - Maison Chance","description":"Das Vanilleeis von Maison Chance ist ein besonderes Produkt, das nicht nur einen k\u00f6stlichen Geschmack bietet, sondern auch gro\u00dfe spirituelle Werte enth\u00e4lt. Dies ist nicht nur ein gew\u00f6hnliches Eis, sondern das Ergebnis geschickter Handarbeit und unerm\u00fcdlicher Bem\u00fchungen von Waisenkindern","robots":{"index":"index","follow":"follow","max-snippet":"max-snippet:-1","max-image-preview":"max-image-preview:large","max-video-preview":"max-video-preview:-1"},"canonical":"https:\/\/maison-chance.org\/shop\/de\/produkt\/vanille-eis","og_locale":"de_DE","og_type":"article","og_title":"Vanille-Eis","og_description":"Das Vanilleeis von Maison Chance ist ein besonderes Produkt, das nicht nur einen k\u00f6stlichen Geschmack bietet, sondern auch gro\u00dfe spirituelle Werte enth\u00e4lt. Dies ist nicht nur ein gew\u00f6hnliches Eis, sondern das Ergebnis geschickter Handarbeit und unerm\u00fcdlicher Bem\u00fchungen von Waisenkindern","og_url":"https:\/\/maison-chance.org\/shop\/de\/produkt\/vanille-eis","og_site_name":"Nh\u00e0 May M\u1eafn - Maison Chance","article_publisher":"https:\/\/www.facebook.com\/dnxh.nhamayman\/","og_image":[{"width":1000,"height":1000,"url":"https:\/\/maison-chance.org\/shop\/wp-content\/uploads\/2024\/04\/kem-vanilla.jpg","type":"image\/jpeg"}],"twitter_card":"summary_large_image","twitter_misc":{"Preis":"","Verf\u00fcgbarkeit":"Auf Lager"},"schema":{"@context":"https:\/\/schema.org","@graph":[{"@type":"WebPage","@id":"https:\/\/maison-chance.org\/shop\/de\/produkt\/vanille-eis","url":"https:\/\/maison-chance.org\/shop\/de\/produkt\/vanille-eis","name":"Vanille-Eis - Nh\u00e0 May M\u1eafn - Maison Chance","isPartOf":{"@id":"https:\/\/maison-chance.org\/shop\/de#website"},"primaryImageOfPage":{"@id":"https:\/\/maison-chance.org\/shop\/de\/produkt\/vanille-eis#primaryimage"},"image":{"@id":"https:\/\/maison-chance.org\/shop\/de\/produkt\/vanille-eis#primaryimage"},"thumbnailUrl":"https:\/\/maison-chance.org\/shop\/wp-content\/uploads\/2024\/04\/kem-vanilla.jpg","datePublished":"2024-11-12T01:00:15+00:00","description":"Das Vanilleeis von Maison Chance ist ein besonderes Produkt, das nicht nur einen k\u00f6stlichen Geschmack bietet, sondern auch gro\u00dfe spirituelle Werte enth\u00e4lt. Dies ist nicht nur ein gew\u00f6hnliches Eis, sondern das Ergebnis geschickter Handarbeit und unerm\u00fcdlicher Bem\u00fchungen von Waisenkindern","breadcrumb":{"@id":"https:\/\/maison-chance.org\/shop\/de\/produkt\/vanille-eis#breadcrumb"},"inLanguage":"de","potentialAction":[{"@type":"ReadAction","target":["https:\/\/maison-chance.org\/shop\/de\/produkt\/vanille-eis"]}]},{"@type":"ImageObject","inLanguage":"de","@id":"https:\/\/maison-chance.org\/shop\/de\/produkt\/vanille-eis#primaryimage","url":"https:\/\/maison-chance.org\/shop\/wp-content\/uploads\/2024\/04\/kem-vanilla.jpg","contentUrl":"https:\/\/maison-chance.org\/shop\/wp-content\/uploads\/2024\/04\/kem-vanilla.jpg","width":1000,"height":1000,"caption":"Vanilleeis"},{"@type":"BreadcrumbList","@id":"https:\/\/maison-chance.org\/shop\/de\/produkt\/vanille-eis#breadcrumb","itemListElement":[{"@type":"ListItem","position":1,"name":"Trang ch\u1ee7","item":"https:\/\/maison-chance.org\/shop\/de"},{"@type":"ListItem","position":2,"name":"Shop","item":"https:\/\/maison-chance.org\/shop\/shop"},{"@type":"ListItem","position":3,"name":"Vanille-Eis"}]},{"@type":"WebSite","@id":"https:\/\/maison-chance.org\/shop\/de#website","url":"https:\/\/maison-chance.org\/shop\/de","name":"Nh\u00e0 May M\u1eafn - Maison Chance","description":"M\u1ecdi l\u1ee3i nhu\u1eadn thu v\u1ec1 t\u1eeb vi\u1ec7c b\u00e1n h\u00e0ng s\u1ebd tr\u00edch m\u1ed9t ph\u1ea7n \u0111\u1ec3 ch\u0103m lo cho \u0111\u1eddi s\u1ed1ng c\u00e1c b\u1ea1n khuy\u1ebft t\u1eadt v\u00e0 tr\u1ebb m\u1ed3 c\u00f4i \u1edf \u0111\u00e2y","publisher":{"@id":"https:\/\/maison-chance.org\/shop\/de#organization"},"potentialAction":[{"@type":"SearchAction","target":{"@type":"EntryPoint","urlTemplate":"https:\/\/maison-chance.org\/shop\/de?s={search_term_string}"},"query-input":{"@type":"PropertyValueSpecification","valueRequired":true,"valueName":"search_term_string"}}],"inLanguage":"de"},{"@type":"Organization","@id":"https:\/\/maison-chance.org\/shop\/de#organization","name":"Nh\u00e0 May M\u1eafn - Maison Chance","url":"https:\/\/maison-chance.org\/shop\/de","logo":{"@type":"ImageObject","inLanguage":"de","@id":"https:\/\/maison-chance.org\/shop\/de#\/schema\/logo\/image\/","url":"https:\/\/maison-chance.org\/shop\/wp-content\/uploads\/2024\/03\/cropped-Logo_DNXH.png","contentUrl":"https:\/\/maison-chance.org\/shop\/wp-content\/uploads\/2024\/03\/cropped-Logo_DNXH.png","width":512,"height":512,"caption":"Nh\u00e0 May M\u1eafn - Maison Chance"},"image":{"@id":"https:\/\/maison-chance.org\/shop\/de#\/schema\/logo\/image\/"},"sameAs":["https:\/\/www.facebook.com\/dnxh.nhamayman\/"]}]},"product_price_amount":"0.00","product_price_currency":"EUR","og_availability":"instock","product_availability":"instock","product_condition":"new"},"_links":{"self":[{"href":"https:\/\/maison-chance.org\/shop\/de\/wp-json\/wp\/v2\/product\/41128","targetHints":{"allow":["GET"]}}],"collection":[{"href":"https:\/\/maison-chance.org\/shop\/de\/wp-json\/wp\/v2\/product"}],"about":[{"href":"https:\/\/maison-chance.org\/shop\/de\/wp-json\/wp\/v2\/types\/product"}],"wp:featuredmedia":[{"embeddable":true,"href":"https:\/\/maison-chance.org\/shop\/de\/wp-json\/wp\/v2\/media\/38167"}],"wp:attachment":[{"href":"https:\/\/maison-chance.org\/shop\/de\/wp-json\/wp\/v2\/media?parent=41128"}],"wp:term":[{"taxonomy":"product_brand","embeddable":true,"href":"https:\/\/maison-chance.org\/shop\/de\/wp-json\/wp\/v2\/product_brand?post=41128"},{"taxonomy":"product_cat","embeddable":true,"href":"https:\/\/maison-chance.org\/shop\/de\/wp-json\/wp\/v2\/product_cat?post=41128"},{"taxonomy":"product_tag","embeddable":true,"href":"https:\/\/maison-chance.org\/shop\/de\/wp-json\/wp\/v2\/product_tag?post=41128"}],"curies":[{"name":"wp","href":"https:\/\/api.w.org\/{rel}","templated":true}]}}