{"id":41133,"date":"2024-11-12T09:00:27","date_gmt":"2024-11-12T02:00:27","guid":{"rendered":"https:\/\/maison-chance.org\/shop\/san-pham\/gruentee-eiscreme"},"modified":"2024-04-15T08:05:27","modified_gmt":"2024-04-15T01:05:27","slug":"gruentee-eiscreme","status":"publish","type":"product","link":"https:\/\/maison-chance.org\/shop\/de\/produkt\/gruentee-eiscreme","title":{"rendered":"Gr\u00fcntee-Eiscreme"},"content":{"rendered":"<p style=\"text-align: justify;\">Gr\u00fcntee-Eiscreme von Maison Chance ist nicht nur ein k\u00f6stliches Dessert, sondern auch eine perfekte Kombination aus Natur und raffinierter Handwerkskunst, die ein v\u00f6llig anderes Geschmackserlebnis bietet. Jeder schmelzende L\u00f6ffel Eiscreme wird Ihre Sinne mit frischem Gr\u00fcntee-Geschmack erwecken und ein unvergessliches Gef\u00fchl der Entspannung vermitteln. Lassen Sie uns entdecken, was die Gr\u00fcntee-Eiscreme von Maison Chance so besonders macht und die Herzen der Menschen erobert.<\/p>\n<p style=\"text-align: justify;\">Die Gr\u00fcntee-Eiscreme von Maison Chance wird aus sorgf\u00e4ltig ausgew\u00e4hlten reinen Zutaten hergestellt, die nicht nur einen einzigartigen Geschmack kreieren, sondern auch Sicherheit und gesundheitliche Vorteile f\u00fcr die Verbraucher gew\u00e4hrleisten. Jede Zutat in der Eiscreme spielt eine besondere Rolle:<\/p>\n<p style=\"text-align: justify;\">Schlagsahne: Dies ist das Element, das der Gr\u00fcntee-Eiscreme ihre reichhaltige Cremigkeit verleiht und eine glatte Basis schafft, die beim Kontakt mit der Zunge sofort schmilzt. Diese reichhaltige Cremigkeit hebt den Gr\u00fcntee-Geschmack hervor und macht jeden L\u00f6ffel Eiscreme unwiderstehlich attraktiv.<\/p>\n<p style=\"text-align: justify;\">Unges\u00fc\u00dfte frische Milch: Unges\u00fc\u00dfte frische Milch hilft, die S\u00fc\u00dfe zu reduzieren und schafft ein reines Gef\u00fchl, w\u00e4hrend die Eiscreme eine nat\u00fcrliche S\u00fc\u00dfe beh\u00e4lt. Dies macht die Gr\u00fcntee-Eiscreme von Maison Chance nicht zu intensiv, sondern gef\u00e4llt auch denjenigen, die keine S\u00fc\u00dfigkeiten m\u00f6gen.<\/p>\n<p style=\"text-align: justify;\">Base San Marco und Interga Latte: Dies sind wichtige Komponenten, die der Eiscreme zu einer perfekten Textur verhelfen und daf\u00fcr sorgen, dass jede Kugel nicht nur sch\u00f6n aussieht, sondern auch in Qualit\u00e4t und Geschmack konsistent ist. Diese Kombination verhilft der Gr\u00fcntee-Eiscreme zu einer glatten Textur und einem vollen Geschmack, charakteristisch f\u00fcr hochwertige Produkte.<\/p>\n<p style=\"text-align: justify;\">Reines Gr\u00fcnteepulver: Die Hauptkomponente und auch die Seele der Eiscreme \u2013 reines Gr\u00fcnteepulver \u2013 bringt eine beruhigende gr\u00fcne Farbe und einen reichhaltigen Gr\u00fcntee-Geschmack. Neben dem Geschmack enth\u00e4lt Gr\u00fcntee auch viele Antioxidantien, die gesundheitliche Vorteile wie Stressreduzierung und mentale Entspannung bieten.<\/p>\n<p style=\"text-align: justify;\">Nichts ist wunderbarer als jeden L\u00f6ffel frische Eiscreme mit Gr\u00fcntee zu genie\u00dfen, die sich ausbreitende K\u00fchle zu sp\u00fcren, die Cremigkeit der Eiscreme, die sich mit dem erfrischenden Gr\u00fcntee-Aroma vermischt. Beim Essen schafft die sanfte S\u00fc\u00dfe der Milch in Kombination mit der charakteristischen leichten Bitterkeit des Gr\u00fcntees eine interessante Geschmackssymphonie. Jeder Bissen Eiscreme ist wie eine frische Brise, die allen Stress vertreibt und Entspannung und Erfrischung bringt.<\/p>\n<p style=\"text-align: justify;\">Besonders ist die Gr\u00fcntee-Eiscreme von Maison Chance nicht nur ein ideales Gericht f\u00fcr hei\u00dfe Sommertage, sondern auch eine perfekte Wahl f\u00fcr k\u00fchle Abende, an denen Familien oder Freundesgruppen gemeinsam genie\u00dfen k\u00f6nnen. Mit nur einer 500g-Schachtel haben Sie bereits einen Grund, Zusammenk\u00fcnfte zu organisieren, s\u00fc\u00dfe Geschmackserlebnisse zu teilen und Bindungen zu st\u00e4rken.<\/p>\n<p style=\"text-align: justify;\">Die Gr\u00fcntee-Eiscreme von <a href=\"https:\/\/maison-chance.org\/shop\/phong-banh\">Maison Chance<\/a> ist die Kristallisation nat\u00fcrlicher Aromen und geschickter Handwerkskunst, die ein Produkt liefert, das sowohl k\u00f6stlich als auch nahrhaft ist. Wenn Sie sich f\u00fcr dieses Produkt entscheiden, bringen Sie nicht nur sich selbst und Ihrer Familie ein erfrischendes Dessert, sondern unterst\u00fctzen auch Maison Chance auf seinem bedeutungsvollen Weg. Kommen Sie zu Maison Chance, kaufen Sie jetzt Gr\u00fcntee-Eiscreme und verbreiten Sie Liebe in der Gemeinschaft. Dies ist nicht nur ein Einkaufsakt, sondern auch eine M\u00f6glichkeit f\u00fcr uns, Teilen und Empathie f\u00fcreinander zu zeigen.<\/p>\n","protected":false},"excerpt":{"rendered":"<p style=\"text-align: justify;\">Die frischen Eiscremeprodukte werden von Waisenkindern hergestellt, die derzeit von Maison Chance betreut werden. Wir freuen uns auf Ihre Unterst\u00fctzung!<\/p>\n<p style=\"text-align: justify;\">Kleine Schachtel 300gr: <span style=\"font-size: 115%; color: #ed1c24;\"><strong>79.000 vnd<\/strong><\/span><\/p>\n<p style=\"text-align: justify;\">Gro\u00dfe Schachtel 500gr: <span style=\"font-size: 115%; color: #ed1c24;\"><strong>99.000 vnd<\/strong><\/span><\/p>\n<p style=\"text-align: justify;\">Hotline: <span style=\"font-size: 115%; color: #ed1c24;\"><strong>090 906 2528<\/strong><\/span><\/p>\n","protected":false},"featured_media":38157,"template":"","meta":[],"product_brand":[],"product_cat":[211,229],"product_tag":[],"class_list":{"0":"post-41133","1":"product","2":"type-product","3":"status-publish","4":"has-post-thumbnail","6":"product_cat-baeckerei","7":"product_cat-creme-de","9":"first","10":"instock","11":"shipping-taxable","12":"product-type-simple"},"yoast_head":"<!-- This site is optimized with the Yoast SEO Premium plugin v22.7 (Yoast SEO v25.3.1) - https:\/\/yoast.com\/wordpress\/plugins\/seo\/ -->\n<title>Gr\u00fcntee-Eiscreme - Nh\u00e0 May M\u1eafn - Maison Chance<\/title>\n<meta name=\"description\" content=\"Gr\u00fcntee-Eiscreme von Maison Chance ist nicht nur ein k\u00f6stliches Dessert, sondern auch eine perfekte Kombination aus Natur und raffinierter Handwerkskunst, die ein v\u00f6llig anderes Geschmackserlebnis bietet\" \/>\n<meta name=\"robots\" content=\"index, follow, max-snippet:-1, max-image-preview:large, max-video-preview:-1\" \/>\n<link rel=\"canonical\" href=\"https:\/\/maison-chance.org\/shop\/de\/produkt\/gruentee-eiscreme\" \/>\n<meta property=\"og:locale\" content=\"de_DE\" \/>\n<meta property=\"og:type\" content=\"article\" \/>\n<meta property=\"og:title\" content=\"Gr\u00fcntee-Eiscreme\" \/>\n<meta property=\"og:description\" content=\"Gr\u00fcntee-Eiscreme von Maison Chance ist nicht nur ein k\u00f6stliches Dessert, sondern auch eine perfekte Kombination aus Natur und raffinierter Handwerkskunst, die ein v\u00f6llig anderes Geschmackserlebnis bietet\" \/>\n<meta property=\"og:url\" content=\"https:\/\/maison-chance.org\/shop\/de\/produkt\/gruentee-eiscreme\" \/>\n<meta property=\"og:site_name\" content=\"Nh\u00e0 May M\u1eafn - Maison Chance\" \/>\n<meta property=\"article:publisher\" content=\"https:\/\/www.facebook.com\/dnxh.nhamayman\/\" \/>\n<meta property=\"og:image\" content=\"https:\/\/maison-chance.org\/shop\/wp-content\/uploads\/2024\/04\/kem-matcha-tra-xanh.jpg\" \/>\n\t<meta property=\"og:image:width\" content=\"1000\" \/>\n\t<meta property=\"og:image:height\" content=\"1000\" \/>\n\t<meta property=\"og:image:type\" content=\"image\/jpeg\" \/>\n<meta name=\"twitter:card\" content=\"summary_large_image\" \/>\n<meta name=\"twitter:label1\" content=\"Preis\" \/>\n\t<meta name=\"twitter:data1\" content=\"\" \/>\n\t<meta name=\"twitter:label2\" content=\"Verf\u00fcgbarkeit\" \/>\n\t<meta name=\"twitter:data2\" content=\"Auf Lager\" \/>\n<script type=\"application\/ld+json\" class=\"yoast-schema-graph\">{\"@context\":\"https:\/\/schema.org\",\"@graph\":[{\"@type\":\"WebPage\",\"@id\":\"https:\/\/maison-chance.org\/shop\/de\/produkt\/gruentee-eiscreme\",\"url\":\"https:\/\/maison-chance.org\/shop\/de\/produkt\/gruentee-eiscreme\",\"name\":\"Gr\u00fcntee-Eiscreme - Nh\u00e0 May M\u1eafn - Maison Chance\",\"isPartOf\":{\"@id\":\"https:\/\/maison-chance.org\/shop\/de#website\"},\"primaryImageOfPage\":{\"@id\":\"https:\/\/maison-chance.org\/shop\/de\/produkt\/gruentee-eiscreme#primaryimage\"},\"image\":{\"@id\":\"https:\/\/maison-chance.org\/shop\/de\/produkt\/gruentee-eiscreme#primaryimage\"},\"thumbnailUrl\":\"https:\/\/maison-chance.org\/shop\/wp-content\/uploads\/2024\/04\/kem-matcha-tra-xanh.jpg\",\"datePublished\":\"2024-11-12T02:00:27+00:00\",\"description\":\"Gr\u00fcntee-Eiscreme von Maison Chance ist nicht nur ein k\u00f6stliches Dessert, sondern auch eine perfekte Kombination aus Natur und raffinierter Handwerkskunst, die ein v\u00f6llig anderes Geschmackserlebnis bietet\",\"breadcrumb\":{\"@id\":\"https:\/\/maison-chance.org\/shop\/de\/produkt\/gruentee-eiscreme#breadcrumb\"},\"inLanguage\":\"de\",\"potentialAction\":[{\"@type\":\"ReadAction\",\"target\":[\"https:\/\/maison-chance.org\/shop\/de\/produkt\/gruentee-eiscreme\"]}]},{\"@type\":\"ImageObject\",\"inLanguage\":\"de\",\"@id\":\"https:\/\/maison-chance.org\/shop\/de\/produkt\/gruentee-eiscreme#primaryimage\",\"url\":\"https:\/\/maison-chance.org\/shop\/wp-content\/uploads\/2024\/04\/kem-matcha-tra-xanh.jpg\",\"contentUrl\":\"https:\/\/maison-chance.org\/shop\/wp-content\/uploads\/2024\/04\/kem-matcha-tra-xanh.jpg\",\"width\":1000,\"height\":1000,\"caption\":\"Gr\u00fcntee-Eiscreme\"},{\"@type\":\"BreadcrumbList\",\"@id\":\"https:\/\/maison-chance.org\/shop\/de\/produkt\/gruentee-eiscreme#breadcrumb\",\"itemListElement\":[{\"@type\":\"ListItem\",\"position\":1,\"name\":\"Trang ch\u1ee7\",\"item\":\"https:\/\/maison-chance.org\/shop\/de\"},{\"@type\":\"ListItem\",\"position\":2,\"name\":\"Shop\",\"item\":\"https:\/\/maison-chance.org\/shop\/shop\"},{\"@type\":\"ListItem\",\"position\":3,\"name\":\"Gr\u00fcntee-Eiscreme\"}]},{\"@type\":\"WebSite\",\"@id\":\"https:\/\/maison-chance.org\/shop\/de#website\",\"url\":\"https:\/\/maison-chance.org\/shop\/de\",\"name\":\"Nh\u00e0 May M\u1eafn - Maison Chance\",\"description\":\"M\u1ecdi l\u1ee3i nhu\u1eadn thu v\u1ec1 t\u1eeb vi\u1ec7c b\u00e1n h\u00e0ng s\u1ebd tr\u00edch m\u1ed9t ph\u1ea7n \u0111\u1ec3 ch\u0103m lo cho \u0111\u1eddi s\u1ed1ng c\u00e1c b\u1ea1n khuy\u1ebft t\u1eadt v\u00e0 tr\u1ebb m\u1ed3 c\u00f4i \u1edf \u0111\u00e2y\",\"publisher\":{\"@id\":\"https:\/\/maison-chance.org\/shop\/de#organization\"},\"potentialAction\":[{\"@type\":\"SearchAction\",\"target\":{\"@type\":\"EntryPoint\",\"urlTemplate\":\"https:\/\/maison-chance.org\/shop\/de?s={search_term_string}\"},\"query-input\":{\"@type\":\"PropertyValueSpecification\",\"valueRequired\":true,\"valueName\":\"search_term_string\"}}],\"inLanguage\":\"de\"},{\"@type\":\"Organization\",\"@id\":\"https:\/\/maison-chance.org\/shop\/de#organization\",\"name\":\"Nh\u00e0 May M\u1eafn - Maison Chance\",\"url\":\"https:\/\/maison-chance.org\/shop\/de\",\"logo\":{\"@type\":\"ImageObject\",\"inLanguage\":\"de\",\"@id\":\"https:\/\/maison-chance.org\/shop\/de#\/schema\/logo\/image\/\",\"url\":\"https:\/\/maison-chance.org\/shop\/wp-content\/uploads\/2024\/03\/cropped-Logo_DNXH.png\",\"contentUrl\":\"https:\/\/maison-chance.org\/shop\/wp-content\/uploads\/2024\/03\/cropped-Logo_DNXH.png\",\"width\":512,\"height\":512,\"caption\":\"Nh\u00e0 May M\u1eafn - Maison Chance\"},\"image\":{\"@id\":\"https:\/\/maison-chance.org\/shop\/de#\/schema\/logo\/image\/\"},\"sameAs\":[\"https:\/\/www.facebook.com\/dnxh.nhamayman\/\"]}]}<\/script>\n<meta property=\"product:price:amount\" content=\"0.00\" \/>\n<meta property=\"product:price:currency\" content=\"EUR\" \/>\n<meta property=\"og:availability\" content=\"instock\" \/>\n<meta property=\"product:availability\" content=\"instock\" \/>\n<meta property=\"product:condition\" content=\"new\" \/>\n<!-- \/ Yoast SEO Premium plugin. -->","yoast_head_json":{"title":"Gr\u00fcntee-Eiscreme - Nh\u00e0 May M\u1eafn - Maison Chance","description":"Gr\u00fcntee-Eiscreme von Maison Chance ist nicht nur ein k\u00f6stliches Dessert, sondern auch eine perfekte Kombination aus Natur und raffinierter Handwerkskunst, die ein v\u00f6llig anderes Geschmackserlebnis bietet","robots":{"index":"index","follow":"follow","max-snippet":"max-snippet:-1","max-image-preview":"max-image-preview:large","max-video-preview":"max-video-preview:-1"},"canonical":"https:\/\/maison-chance.org\/shop\/de\/produkt\/gruentee-eiscreme","og_locale":"de_DE","og_type":"article","og_title":"Gr\u00fcntee-Eiscreme","og_description":"Gr\u00fcntee-Eiscreme von Maison Chance ist nicht nur ein k\u00f6stliches Dessert, sondern auch eine perfekte Kombination aus Natur und raffinierter Handwerkskunst, die ein v\u00f6llig anderes Geschmackserlebnis bietet","og_url":"https:\/\/maison-chance.org\/shop\/de\/produkt\/gruentee-eiscreme","og_site_name":"Nh\u00e0 May M\u1eafn - Maison Chance","article_publisher":"https:\/\/www.facebook.com\/dnxh.nhamayman\/","og_image":[{"width":1000,"height":1000,"url":"https:\/\/maison-chance.org\/shop\/wp-content\/uploads\/2024\/04\/kem-matcha-tra-xanh.jpg","type":"image\/jpeg"}],"twitter_card":"summary_large_image","twitter_misc":{"Preis":"","Verf\u00fcgbarkeit":"Auf Lager"},"schema":{"@context":"https:\/\/schema.org","@graph":[{"@type":"WebPage","@id":"https:\/\/maison-chance.org\/shop\/de\/produkt\/gruentee-eiscreme","url":"https:\/\/maison-chance.org\/shop\/de\/produkt\/gruentee-eiscreme","name":"Gr\u00fcntee-Eiscreme - Nh\u00e0 May M\u1eafn - Maison Chance","isPartOf":{"@id":"https:\/\/maison-chance.org\/shop\/de#website"},"primaryImageOfPage":{"@id":"https:\/\/maison-chance.org\/shop\/de\/produkt\/gruentee-eiscreme#primaryimage"},"image":{"@id":"https:\/\/maison-chance.org\/shop\/de\/produkt\/gruentee-eiscreme#primaryimage"},"thumbnailUrl":"https:\/\/maison-chance.org\/shop\/wp-content\/uploads\/2024\/04\/kem-matcha-tra-xanh.jpg","datePublished":"2024-11-12T02:00:27+00:00","description":"Gr\u00fcntee-Eiscreme von Maison Chance ist nicht nur ein k\u00f6stliches Dessert, sondern auch eine perfekte Kombination aus Natur und raffinierter Handwerkskunst, die ein v\u00f6llig anderes Geschmackserlebnis bietet","breadcrumb":{"@id":"https:\/\/maison-chance.org\/shop\/de\/produkt\/gruentee-eiscreme#breadcrumb"},"inLanguage":"de","potentialAction":[{"@type":"ReadAction","target":["https:\/\/maison-chance.org\/shop\/de\/produkt\/gruentee-eiscreme"]}]},{"@type":"ImageObject","inLanguage":"de","@id":"https:\/\/maison-chance.org\/shop\/de\/produkt\/gruentee-eiscreme#primaryimage","url":"https:\/\/maison-chance.org\/shop\/wp-content\/uploads\/2024\/04\/kem-matcha-tra-xanh.jpg","contentUrl":"https:\/\/maison-chance.org\/shop\/wp-content\/uploads\/2024\/04\/kem-matcha-tra-xanh.jpg","width":1000,"height":1000,"caption":"Gr\u00fcntee-Eiscreme"},{"@type":"BreadcrumbList","@id":"https:\/\/maison-chance.org\/shop\/de\/produkt\/gruentee-eiscreme#breadcrumb","itemListElement":[{"@type":"ListItem","position":1,"name":"Trang ch\u1ee7","item":"https:\/\/maison-chance.org\/shop\/de"},{"@type":"ListItem","position":2,"name":"Shop","item":"https:\/\/maison-chance.org\/shop\/shop"},{"@type":"ListItem","position":3,"name":"Gr\u00fcntee-Eiscreme"}]},{"@type":"WebSite","@id":"https:\/\/maison-chance.org\/shop\/de#website","url":"https:\/\/maison-chance.org\/shop\/de","name":"Nh\u00e0 May M\u1eafn - Maison Chance","description":"M\u1ecdi l\u1ee3i nhu\u1eadn thu v\u1ec1 t\u1eeb vi\u1ec7c b\u00e1n h\u00e0ng s\u1ebd tr\u00edch m\u1ed9t ph\u1ea7n \u0111\u1ec3 ch\u0103m lo cho \u0111\u1eddi s\u1ed1ng c\u00e1c b\u1ea1n khuy\u1ebft t\u1eadt v\u00e0 tr\u1ebb m\u1ed3 c\u00f4i \u1edf \u0111\u00e2y","publisher":{"@id":"https:\/\/maison-chance.org\/shop\/de#organization"},"potentialAction":[{"@type":"SearchAction","target":{"@type":"EntryPoint","urlTemplate":"https:\/\/maison-chance.org\/shop\/de?s={search_term_string}"},"query-input":{"@type":"PropertyValueSpecification","valueRequired":true,"valueName":"search_term_string"}}],"inLanguage":"de"},{"@type":"Organization","@id":"https:\/\/maison-chance.org\/shop\/de#organization","name":"Nh\u00e0 May M\u1eafn - Maison Chance","url":"https:\/\/maison-chance.org\/shop\/de","logo":{"@type":"ImageObject","inLanguage":"de","@id":"https:\/\/maison-chance.org\/shop\/de#\/schema\/logo\/image\/","url":"https:\/\/maison-chance.org\/shop\/wp-content\/uploads\/2024\/03\/cropped-Logo_DNXH.png","contentUrl":"https:\/\/maison-chance.org\/shop\/wp-content\/uploads\/2024\/03\/cropped-Logo_DNXH.png","width":512,"height":512,"caption":"Nh\u00e0 May M\u1eafn - Maison Chance"},"image":{"@id":"https:\/\/maison-chance.org\/shop\/de#\/schema\/logo\/image\/"},"sameAs":["https:\/\/www.facebook.com\/dnxh.nhamayman\/"]}]},"product_price_amount":"0.00","product_price_currency":"EUR","og_availability":"instock","product_availability":"instock","product_condition":"new"},"_links":{"self":[{"href":"https:\/\/maison-chance.org\/shop\/de\/wp-json\/wp\/v2\/product\/41133","targetHints":{"allow":["GET"]}}],"collection":[{"href":"https:\/\/maison-chance.org\/shop\/de\/wp-json\/wp\/v2\/product"}],"about":[{"href":"https:\/\/maison-chance.org\/shop\/de\/wp-json\/wp\/v2\/types\/product"}],"wp:featuredmedia":[{"embeddable":true,"href":"https:\/\/maison-chance.org\/shop\/de\/wp-json\/wp\/v2\/media\/38157"}],"wp:attachment":[{"href":"https:\/\/maison-chance.org\/shop\/de\/wp-json\/wp\/v2\/media?parent=41133"}],"wp:term":[{"taxonomy":"product_brand","embeddable":true,"href":"https:\/\/maison-chance.org\/shop\/de\/wp-json\/wp\/v2\/product_brand?post=41133"},{"taxonomy":"product_cat","embeddable":true,"href":"https:\/\/maison-chance.org\/shop\/de\/wp-json\/wp\/v2\/product_cat?post=41133"},{"taxonomy":"product_tag","embeddable":true,"href":"https:\/\/maison-chance.org\/shop\/de\/wp-json\/wp\/v2\/product_tag?post=41133"}],"curies":[{"name":"wp","href":"https:\/\/api.w.org\/{rel}","templated":true}]}}