{"id":41187,"date":"2024-11-21T08:00:28","date_gmt":"2024-11-21T01:00:28","guid":{"rendered":"https:\/\/maison-chance.org\/shop\/san-pham\/durian-eis"},"modified":"2024-11-21T08:00:28","modified_gmt":"2024-11-21T01:00:28","slug":"durian-eis","status":"publish","type":"product","link":"https:\/\/maison-chance.org\/shop\/de\/produkt\/durian-eis","title":{"rendered":"Durian-Eis"},"content":{"rendered":"<p>Das Durian-Eis von Maison Chance sticht als frischer Wind mit seinem einzigartigen Geschmack und seiner au\u00dfergew\u00f6hnlichen Qualit\u00e4t hervor. Sorgf\u00e4ltig von Hand aus den frischesten Zutaten hergestellt, bietet dieses Dessert ein raffiniertes kulinarisches Erlebnis f\u00fcr Dessertliebhaber. Die perfekte Kombination aus cremigem Schlagsahne, reinem unges\u00fc\u00dftem Frischmilch und vor allem sorgf\u00e4ltig ausgew\u00e4hltem frischen Durian-Fruchtfleisch. San Marco Base und Integra Latte werden direkt importiert, um f\u00fcr jede Eiskugel eine perfekte Gl\u00e4tte und Textur zu gew\u00e4hrleisten.<\/p>\n<p>Bereits beim ersten Genuss werden die G\u00e4ste von der nat\u00fcrlichen goldgelben Farbe, die f\u00fcr Durian charakteristisch ist, begeistert sein. W\u00e4hrend es im Mund schmilzt, entfaltet das Eis eine reichhaltige Cremigkeit, die sich harmonisch mit der feinen S\u00fc\u00dfe des Durians verbindet. Die Gl\u00e4tte des Eises zusammen mit dem unverwechselbaren Aroma schafft eine perfekte Symphonie f\u00fcr die Geschmacksknospen.<\/p>\n<p>Jede Packung Eis wird nach strengen Lebensmittelsicherheits- und Hygieneverfahren hergestellt. Das Produkt ist in zwei Gewichtsoptionen erh\u00e4ltlich: 300 g und 500 g, verpackt in hochwertigen Plastikbeh\u00e4ltern, die Frische bewahren und die Lagerung erleichtern.<\/p>\n<p>Inmitten der Vielzahl von Eissorten auf dem Markt hat das Durian-Eis von Maison Chance seinen besonderen Platz mit seinem einzigartigen vietnamesischen Geschmack gefestigt. Mit einem exklusiven Rezept und einem sorgf\u00e4ltigen Herstellungsprozess ist jede Packung Eis ein echtes kulinarisches Kunstwerk.<\/p>\n<p>Was das Durian-Eis von Maison Chance so besonders macht, ist die strenge Auswahl der Zutaten. Hochwertige Schlagsahne wird direkt importiert und perfekt mit reinem unges\u00fc\u00dftem Frischmilch kombiniert. Besonders hervorzuheben ist das frische Durian-Fruchtfleisch, das aus den reifsten Fr\u00fcchten ausgew\u00e4hlt wird und einen unvergesslichen intensiven Geschmack liefert.<\/p>\n<p>San Marco Base und Integra Latte, zwei Schl\u00fcsselzutaten, die von renommierten Lieferanten importiert werden, garantieren, dass jede Kugel eine unvergleichliche Gl\u00e4tte und eine unverwechselbare Textur aufweist.<\/p>\n<p>Die nat\u00fcrliche goldgelbe Farbe des Durian-Eises ist eine unwiderstehliche Einladung. Beim Verzehr sp\u00fcren Sie die samtige Textur, die auf Ihrer Zunge schmilzt, gefolgt vom unverwechselbaren Aroma des Durians. Die Cremigkeit der frischen Sahne in Kombination mit einer moderaten S\u00fc\u00dfe schafft ein kulinarisches Erlebnis auf h\u00f6chstem Niveau.<\/p>\n<p>Das Produkt wird in hochwertigen Plastikbeh\u00e4ltern mit zwei Optionen verpackt: 300 g und 500 g, praktisch f\u00fcr Lagerung und Gebrauch. Jede Packung Eis durchl\u00e4uft strenge Qualit\u00e4tskontrollen, um internationale Standards f\u00fcr Lebensmittelsicherheit zu gew\u00e4hrleisten.<\/p>\n<p>Das Durian-Eis von Maison Chance ist jetzt im Hauptgesch\u00e4ft und bei autorisierten H\u00e4ndlern erh\u00e4ltlich. Um diesen wunderbaren Geschmack sofort zu genie\u00dfen, k\u00f6nnen Kunden direkt \u00fcber die Website oder Hotline bestellen. Wir bieten auch einen Lieferservice an, der sicherstellt, dass das Eis bei den Verbrauchern kalt und in bester Qualit\u00e4t ankommt.<\/p>\n<p>Lassen Sie sich von Durian-Eis von Maison Chance und Ihrer Familie die k\u00f6stlichsten kulinarischen Erlebnisse bieten. Ein einzigartiges und k\u00f6stliches Dessert wartet darauf, von Ihnen entdeckt zu werden!<\/p>\n","protected":false},"excerpt":{"rendered":"<p>Dieses frische Eis wird von Waisen hergestellt, die derzeit von Maison Chance unterst\u00fctzt werden. Wir hoffen auf Ihre gro\u00dfz\u00fcgige Unterst\u00fctzung!<\/p>\n<p>Kleine Packung 300 g: <span style=\"font-size: 115%;color: #ed1c24\"><strong>79.000 VND<\/strong><\/span><\/p>\n<p>Gro\u00dfe Packung 500 g: <span style=\"font-size: 115%;color: #ed1c24\"><strong>99.000 VND<\/strong><\/span><\/p>\n<p>Hotline: <span style=\"font-size: 115%;color: #ed1c24\"><strong>090 906 2528<\/strong><\/span><\/p>\n","protected":false},"featured_media":38162,"template":"","meta":[],"product_brand":[],"product_cat":[211,229],"product_tag":[],"class_list":{"0":"post-41187","1":"product","2":"type-product","3":"status-publish","4":"has-post-thumbnail","6":"product_cat-baeckerei","7":"product_cat-creme-de","9":"first","10":"instock","11":"shipping-taxable","12":"product-type-simple"},"yoast_head":"<!-- This site is optimized with the Yoast SEO Premium plugin v22.7 (Yoast SEO v25.3.1) - https:\/\/yoast.com\/wordpress\/plugins\/seo\/ -->\n<title>Durian-Eis - Nh\u00e0 May M\u1eafn - Maison Chance<\/title>\n<meta name=\"description\" content=\"Das Durian-Eis von Maison Chance sticht als frischer Wind mit seinem einzigartigen Geschmack und au\u00dfergew\u00f6hnlicher Qualit\u00e4t hervor. Es wird sorgf\u00e4ltig von Hand aus den frischesten Zutaten hergestellt und bietet ein raffiniertes kulinarisches Erlebnis f\u00fcr Dessertliebhaber.\" \/>\n<meta name=\"robots\" content=\"index, follow, max-snippet:-1, max-image-preview:large, max-video-preview:-1\" \/>\n<link rel=\"canonical\" href=\"https:\/\/maison-chance.org\/shop\/de\/produkt\/durian-eis\" \/>\n<meta property=\"og:locale\" content=\"de_DE\" \/>\n<meta property=\"og:type\" content=\"article\" \/>\n<meta property=\"og:title\" content=\"Durian-Eis\" \/>\n<meta property=\"og:description\" content=\"Das Durian-Eis von Maison Chance sticht als frischer Wind mit seinem einzigartigen Geschmack und au\u00dfergew\u00f6hnlicher Qualit\u00e4t hervor. Es wird sorgf\u00e4ltig von Hand aus den frischesten Zutaten hergestellt und bietet ein raffiniertes kulinarisches Erlebnis f\u00fcr Dessertliebhaber.\" \/>\n<meta property=\"og:url\" content=\"https:\/\/maison-chance.org\/shop\/de\/produkt\/durian-eis\" \/>\n<meta property=\"og:site_name\" content=\"Nh\u00e0 May M\u1eafn - Maison Chance\" \/>\n<meta property=\"article:publisher\" content=\"https:\/\/www.facebook.com\/dnxh.nhamayman\/\" \/>\n<meta property=\"og:image\" content=\"https:\/\/maison-chance.org\/shop\/wp-content\/uploads\/2024\/04\/kem-sau-rieng.jpg\" \/>\n\t<meta property=\"og:image:width\" content=\"1000\" \/>\n\t<meta property=\"og:image:height\" content=\"1000\" \/>\n\t<meta property=\"og:image:type\" content=\"image\/jpeg\" \/>\n<meta name=\"twitter:card\" content=\"summary_large_image\" \/>\n<meta name=\"twitter:label1\" content=\"Preis\" \/>\n\t<meta name=\"twitter:data1\" content=\"\" \/>\n\t<meta name=\"twitter:label2\" content=\"Verf\u00fcgbarkeit\" \/>\n\t<meta name=\"twitter:data2\" content=\"Auf Lager\" \/>\n<script type=\"application\/ld+json\" class=\"yoast-schema-graph\">{\"@context\":\"https:\/\/schema.org\",\"@graph\":[{\"@type\":\"WebPage\",\"@id\":\"https:\/\/maison-chance.org\/shop\/de\/produkt\/durian-eis\",\"url\":\"https:\/\/maison-chance.org\/shop\/de\/produkt\/durian-eis\",\"name\":\"Durian-Eis - Nh\u00e0 May M\u1eafn - Maison Chance\",\"isPartOf\":{\"@id\":\"https:\/\/maison-chance.org\/shop\/de#website\"},\"primaryImageOfPage\":{\"@id\":\"https:\/\/maison-chance.org\/shop\/de\/produkt\/durian-eis#primaryimage\"},\"image\":{\"@id\":\"https:\/\/maison-chance.org\/shop\/de\/produkt\/durian-eis#primaryimage\"},\"thumbnailUrl\":\"https:\/\/maison-chance.org\/shop\/wp-content\/uploads\/2024\/04\/kem-sau-rieng.jpg\",\"datePublished\":\"2024-11-21T01:00:28+00:00\",\"description\":\"Das Durian-Eis von Maison Chance sticht als frischer Wind mit seinem einzigartigen Geschmack und au\u00dfergew\u00f6hnlicher Qualit\u00e4t hervor. Es wird sorgf\u00e4ltig von Hand aus den frischesten Zutaten hergestellt und bietet ein raffiniertes kulinarisches Erlebnis f\u00fcr Dessertliebhaber.\",\"breadcrumb\":{\"@id\":\"https:\/\/maison-chance.org\/shop\/de\/produkt\/durian-eis#breadcrumb\"},\"inLanguage\":\"de\",\"potentialAction\":[{\"@type\":\"ReadAction\",\"target\":[\"https:\/\/maison-chance.org\/shop\/de\/produkt\/durian-eis\"]}]},{\"@type\":\"ImageObject\",\"inLanguage\":\"de\",\"@id\":\"https:\/\/maison-chance.org\/shop\/de\/produkt\/durian-eis#primaryimage\",\"url\":\"https:\/\/maison-chance.org\/shop\/wp-content\/uploads\/2024\/04\/kem-sau-rieng.jpg\",\"contentUrl\":\"https:\/\/maison-chance.org\/shop\/wp-content\/uploads\/2024\/04\/kem-sau-rieng.jpg\",\"width\":1000,\"height\":1000,\"caption\":\"Durian-Eis\"},{\"@type\":\"BreadcrumbList\",\"@id\":\"https:\/\/maison-chance.org\/shop\/de\/produkt\/durian-eis#breadcrumb\",\"itemListElement\":[{\"@type\":\"ListItem\",\"position\":1,\"name\":\"Trang ch\u1ee7\",\"item\":\"https:\/\/maison-chance.org\/shop\/de\"},{\"@type\":\"ListItem\",\"position\":2,\"name\":\"Shop\",\"item\":\"https:\/\/maison-chance.org\/shop\/shop\"},{\"@type\":\"ListItem\",\"position\":3,\"name\":\"Durian-Eis\"}]},{\"@type\":\"WebSite\",\"@id\":\"https:\/\/maison-chance.org\/shop\/de#website\",\"url\":\"https:\/\/maison-chance.org\/shop\/de\",\"name\":\"Nh\u00e0 May M\u1eafn - Maison Chance\",\"description\":\"M\u1ecdi l\u1ee3i nhu\u1eadn thu v\u1ec1 t\u1eeb vi\u1ec7c b\u00e1n h\u00e0ng s\u1ebd tr\u00edch m\u1ed9t ph\u1ea7n \u0111\u1ec3 ch\u0103m lo cho \u0111\u1eddi s\u1ed1ng c\u00e1c b\u1ea1n khuy\u1ebft t\u1eadt v\u00e0 tr\u1ebb m\u1ed3 c\u00f4i \u1edf \u0111\u00e2y\",\"publisher\":{\"@id\":\"https:\/\/maison-chance.org\/shop\/de#organization\"},\"potentialAction\":[{\"@type\":\"SearchAction\",\"target\":{\"@type\":\"EntryPoint\",\"urlTemplate\":\"https:\/\/maison-chance.org\/shop\/de?s={search_term_string}\"},\"query-input\":{\"@type\":\"PropertyValueSpecification\",\"valueRequired\":true,\"valueName\":\"search_term_string\"}}],\"inLanguage\":\"de\"},{\"@type\":\"Organization\",\"@id\":\"https:\/\/maison-chance.org\/shop\/de#organization\",\"name\":\"Nh\u00e0 May M\u1eafn - Maison Chance\",\"url\":\"https:\/\/maison-chance.org\/shop\/de\",\"logo\":{\"@type\":\"ImageObject\",\"inLanguage\":\"de\",\"@id\":\"https:\/\/maison-chance.org\/shop\/de#\/schema\/logo\/image\/\",\"url\":\"https:\/\/maison-chance.org\/shop\/wp-content\/uploads\/2024\/03\/cropped-Logo_DNXH.png\",\"contentUrl\":\"https:\/\/maison-chance.org\/shop\/wp-content\/uploads\/2024\/03\/cropped-Logo_DNXH.png\",\"width\":512,\"height\":512,\"caption\":\"Nh\u00e0 May M\u1eafn - Maison Chance\"},\"image\":{\"@id\":\"https:\/\/maison-chance.org\/shop\/de#\/schema\/logo\/image\/\"},\"sameAs\":[\"https:\/\/www.facebook.com\/dnxh.nhamayman\/\"]}]}<\/script>\n<meta property=\"product:price:amount\" content=\"0.00\" \/>\n<meta property=\"product:price:currency\" content=\"EUR\" \/>\n<meta property=\"og:availability\" content=\"instock\" \/>\n<meta property=\"product:availability\" content=\"instock\" \/>\n<meta property=\"product:condition\" content=\"new\" \/>\n<!-- \/ Yoast SEO Premium plugin. -->","yoast_head_json":{"title":"Durian-Eis - Nh\u00e0 May M\u1eafn - Maison Chance","description":"Das Durian-Eis von Maison Chance sticht als frischer Wind mit seinem einzigartigen Geschmack und au\u00dfergew\u00f6hnlicher Qualit\u00e4t hervor. Es wird sorgf\u00e4ltig von Hand aus den frischesten Zutaten hergestellt und bietet ein raffiniertes kulinarisches Erlebnis f\u00fcr Dessertliebhaber.","robots":{"index":"index","follow":"follow","max-snippet":"max-snippet:-1","max-image-preview":"max-image-preview:large","max-video-preview":"max-video-preview:-1"},"canonical":"https:\/\/maison-chance.org\/shop\/de\/produkt\/durian-eis","og_locale":"de_DE","og_type":"article","og_title":"Durian-Eis","og_description":"Das Durian-Eis von Maison Chance sticht als frischer Wind mit seinem einzigartigen Geschmack und au\u00dfergew\u00f6hnlicher Qualit\u00e4t hervor. Es wird sorgf\u00e4ltig von Hand aus den frischesten Zutaten hergestellt und bietet ein raffiniertes kulinarisches Erlebnis f\u00fcr Dessertliebhaber.","og_url":"https:\/\/maison-chance.org\/shop\/de\/produkt\/durian-eis","og_site_name":"Nh\u00e0 May M\u1eafn - Maison Chance","article_publisher":"https:\/\/www.facebook.com\/dnxh.nhamayman\/","og_image":[{"width":1000,"height":1000,"url":"https:\/\/maison-chance.org\/shop\/wp-content\/uploads\/2024\/04\/kem-sau-rieng.jpg","type":"image\/jpeg"}],"twitter_card":"summary_large_image","twitter_misc":{"Preis":"","Verf\u00fcgbarkeit":"Auf Lager"},"schema":{"@context":"https:\/\/schema.org","@graph":[{"@type":"WebPage","@id":"https:\/\/maison-chance.org\/shop\/de\/produkt\/durian-eis","url":"https:\/\/maison-chance.org\/shop\/de\/produkt\/durian-eis","name":"Durian-Eis - Nh\u00e0 May M\u1eafn - Maison Chance","isPartOf":{"@id":"https:\/\/maison-chance.org\/shop\/de#website"},"primaryImageOfPage":{"@id":"https:\/\/maison-chance.org\/shop\/de\/produkt\/durian-eis#primaryimage"},"image":{"@id":"https:\/\/maison-chance.org\/shop\/de\/produkt\/durian-eis#primaryimage"},"thumbnailUrl":"https:\/\/maison-chance.org\/shop\/wp-content\/uploads\/2024\/04\/kem-sau-rieng.jpg","datePublished":"2024-11-21T01:00:28+00:00","description":"Das Durian-Eis von Maison Chance sticht als frischer Wind mit seinem einzigartigen Geschmack und au\u00dfergew\u00f6hnlicher Qualit\u00e4t hervor. Es wird sorgf\u00e4ltig von Hand aus den frischesten Zutaten hergestellt und bietet ein raffiniertes kulinarisches Erlebnis f\u00fcr Dessertliebhaber.","breadcrumb":{"@id":"https:\/\/maison-chance.org\/shop\/de\/produkt\/durian-eis#breadcrumb"},"inLanguage":"de","potentialAction":[{"@type":"ReadAction","target":["https:\/\/maison-chance.org\/shop\/de\/produkt\/durian-eis"]}]},{"@type":"ImageObject","inLanguage":"de","@id":"https:\/\/maison-chance.org\/shop\/de\/produkt\/durian-eis#primaryimage","url":"https:\/\/maison-chance.org\/shop\/wp-content\/uploads\/2024\/04\/kem-sau-rieng.jpg","contentUrl":"https:\/\/maison-chance.org\/shop\/wp-content\/uploads\/2024\/04\/kem-sau-rieng.jpg","width":1000,"height":1000,"caption":"Durian-Eis"},{"@type":"BreadcrumbList","@id":"https:\/\/maison-chance.org\/shop\/de\/produkt\/durian-eis#breadcrumb","itemListElement":[{"@type":"ListItem","position":1,"name":"Trang ch\u1ee7","item":"https:\/\/maison-chance.org\/shop\/de"},{"@type":"ListItem","position":2,"name":"Shop","item":"https:\/\/maison-chance.org\/shop\/shop"},{"@type":"ListItem","position":3,"name":"Durian-Eis"}]},{"@type":"WebSite","@id":"https:\/\/maison-chance.org\/shop\/de#website","url":"https:\/\/maison-chance.org\/shop\/de","name":"Nh\u00e0 May M\u1eafn - Maison Chance","description":"M\u1ecdi l\u1ee3i nhu\u1eadn thu v\u1ec1 t\u1eeb vi\u1ec7c b\u00e1n h\u00e0ng s\u1ebd tr\u00edch m\u1ed9t ph\u1ea7n \u0111\u1ec3 ch\u0103m lo cho \u0111\u1eddi s\u1ed1ng c\u00e1c b\u1ea1n khuy\u1ebft t\u1eadt v\u00e0 tr\u1ebb m\u1ed3 c\u00f4i \u1edf \u0111\u00e2y","publisher":{"@id":"https:\/\/maison-chance.org\/shop\/de#organization"},"potentialAction":[{"@type":"SearchAction","target":{"@type":"EntryPoint","urlTemplate":"https:\/\/maison-chance.org\/shop\/de?s={search_term_string}"},"query-input":{"@type":"PropertyValueSpecification","valueRequired":true,"valueName":"search_term_string"}}],"inLanguage":"de"},{"@type":"Organization","@id":"https:\/\/maison-chance.org\/shop\/de#organization","name":"Nh\u00e0 May M\u1eafn - Maison Chance","url":"https:\/\/maison-chance.org\/shop\/de","logo":{"@type":"ImageObject","inLanguage":"de","@id":"https:\/\/maison-chance.org\/shop\/de#\/schema\/logo\/image\/","url":"https:\/\/maison-chance.org\/shop\/wp-content\/uploads\/2024\/03\/cropped-Logo_DNXH.png","contentUrl":"https:\/\/maison-chance.org\/shop\/wp-content\/uploads\/2024\/03\/cropped-Logo_DNXH.png","width":512,"height":512,"caption":"Nh\u00e0 May M\u1eafn - Maison Chance"},"image":{"@id":"https:\/\/maison-chance.org\/shop\/de#\/schema\/logo\/image\/"},"sameAs":["https:\/\/www.facebook.com\/dnxh.nhamayman\/"]}]},"product_price_amount":"0.00","product_price_currency":"EUR","og_availability":"instock","product_availability":"instock","product_condition":"new"},"_links":{"self":[{"href":"https:\/\/maison-chance.org\/shop\/de\/wp-json\/wp\/v2\/product\/41187","targetHints":{"allow":["GET"]}}],"collection":[{"href":"https:\/\/maison-chance.org\/shop\/de\/wp-json\/wp\/v2\/product"}],"about":[{"href":"https:\/\/maison-chance.org\/shop\/de\/wp-json\/wp\/v2\/types\/product"}],"wp:featuredmedia":[{"embeddable":true,"href":"https:\/\/maison-chance.org\/shop\/de\/wp-json\/wp\/v2\/media\/38162"}],"wp:attachment":[{"href":"https:\/\/maison-chance.org\/shop\/de\/wp-json\/wp\/v2\/media?parent=41187"}],"wp:term":[{"taxonomy":"product_brand","embeddable":true,"href":"https:\/\/maison-chance.org\/shop\/de\/wp-json\/wp\/v2\/product_brand?post=41187"},{"taxonomy":"product_cat","embeddable":true,"href":"https:\/\/maison-chance.org\/shop\/de\/wp-json\/wp\/v2\/product_cat?post=41187"},{"taxonomy":"product_tag","embeddable":true,"href":"https:\/\/maison-chance.org\/shop\/de\/wp-json\/wp\/v2\/product_tag?post=41187"}],"curies":[{"name":"wp","href":"https:\/\/api.w.org\/{rel}","templated":true}]}}