{"id":41195,"date":"2024-11-21T10:00:50","date_gmt":"2024-11-21T03:00:50","guid":{"rendered":"https:\/\/maison-chance.org\/shop\/san-pham\/erdbeereis"},"modified":"2024-11-21T10:00:50","modified_gmt":"2024-11-21T03:00:50","slug":"erdbeereis","status":"publish","type":"product","link":"https:\/\/maison-chance.org\/shop\/de\/produkt\/erdbeereis","title":{"rendered":"Erdbeereis"},"content":{"rendered":"<p style=\"text-align: justify;\">Das Erdbeereis von Maison Chance ist eines der herausragenden Produkte der Marke, das sich durch eine raffinierte Auswahl an Zutaten und einen erstklassigen Produktionsprozess auszeichnet. Mit einem s\u00fc\u00dfen, erfrischenden Geschmack ist dieses Erdbeereis das ideale Dessert f\u00fcr jede Familie. Es ist nicht nur lecker, sondern spiegelt auch die Leidenschaft in jedem Schritt der Zubereitung wider, was zu einer Zufriedenheit bei jedem Kunden f\u00fchrt.<\/p>\n<p style=\"text-align: justify;\">Das Erdbeereis von Maison Chance wird aus hochwertigen, frischen Zutaten hergestellt, darunter Schlagsahne, unges\u00fc\u00dfte Frischmilch, San Marco Base, Integra Latte und frische Erdbeeren. Die perfekte Kombination dieser Zutaten verleiht dem Eis nicht nur eine glatte, cremige Textur, sondern auch einen nat\u00fcrlichen, leicht s\u00fc\u00dfen Geschmack der frischen Erdbeeren, was ein komplettes sensorisches Erlebnis bietet.<\/p>\n<p style=\"text-align: justify;\">Beim Genie\u00dfen werden Sie sofort die Kombination zwischen der milden Reichhaltigkeit der Schlagsahne und dem erfrischenden Geschmack der frischen Erdbeeren bemerken. Das Eis ist nicht zu s\u00fc\u00df, sondern bietet eine leichte, nat\u00fcrliche S\u00fc\u00dfe, die angenehm zu essen ist, ohne zu \u00fcberw\u00e4ltigen. Die unges\u00fc\u00dfte Milch hilft, die Reichhaltigkeit auszugleichen und schafft eine perfekte Balance zwischen der S\u00fc\u00dfe der Fr\u00fcchte und der Cremigkeit des Eises. Besonders das Eis hat eine glatte Textur, die sich sofort im Mund aufl\u00f6st, im Gegensatz zu anderen Eissorten, die hart oder eisig sein k\u00f6nnen.<\/p>\n<p style=\"text-align: justify;\">Mit sorgf\u00e4ltig ausgew\u00e4hlten Zutaten, besonders den frischen Erdbeeren, stellt das frische Erdbeereis von Maison Chance nicht nur sicher, dass es von h\u00f6chster Qualit\u00e4t ist, sondern bewahrt auch den nat\u00fcrlichen Geschmack der Frucht. Frische Erdbeeren bringen eine zarte rosa Farbe und sind reich an Vitaminen, was gesundheitliche Vorteile bietet. Dies macht das Eis noch ansprechender und zu einer ausgezeichneten Wahl f\u00fcr diejenigen, die leckere Desserts m\u00f6gen, aber auch Wert auf N\u00e4hrstoffe legen.<\/p>\n<p style=\"text-align: justify;\">Mit jeder Packung Eis genie\u00dfen Sie ein k\u00f6stliches, nahrhaftes Dessert, das sich perfekt f\u00fcr Treffen mit Freunden oder Familie eignet oder als Dessert nach dem Essen genossen werden kann. Es enth\u00e4lt keinen k\u00fcnstlichen Zucker, was hilft, die \u00fcberm\u00e4\u00dfige S\u00fc\u00dfe zu reduzieren und es noch angenehmer zu machen.<\/p>\n<p style=\"text-align: justify;\">Das Erdbeereis von Maison Chance wird von vielen Kunden geliebt, nicht nur wegen seines Geschmacks, sondern auch weil es die anspruchsvollsten Kunden zufriedenstellt. Sie werden den Unterschied in jedem L\u00f6ffel schmecken, mit der milden S\u00fc\u00dfe der frischen Erdbeeren, kombiniert mit der perfekten Cremigkeit des Eises. Dies ist ein Dessert, das f\u00fcr alle, die etwas Leichtes und Erfrischendes suchen, unverzichtbar ist.<\/p>\n<p style=\"text-align: justify;\">Das Erdbeereis von Maison Chance ist nicht nur ein Genuss, sondern auch eine M\u00f6glichkeit, der Gemeinschaft zu helfen. Wenn Sie dieses Produkt kaufen, genie\u00dfen Sie nicht nur hochwertiges Eis, sondern unterst\u00fctzen auch behinderte und benachteiligte junge Menschen. Jede Packung Eis tr\u00e4gt zur Entwicklung der Gemeinschaft bei und hilft ihnen, ihre Lebensherausforderungen zu meistern.<\/p>\n","protected":false},"excerpt":{"rendered":"<p style=\"text-align: justify;\">Dieses frische Eis wird von Waisenkindern hergestellt, die derzeit von Maison Chance unterst\u00fctzt werden. Wir bitten um Ihre Unterst\u00fctzung!<\/p>\n<p style=\"text-align: justify;\">Kleine Packung (300g): <span style=\"font-size: 115%;color: #ed1c24\"><strong>79.000 VND<\/strong><\/span><\/p>\n<p style=\"text-align: justify;\">Gro\u00dfe Packung (500g): <span style=\"font-size: 115%;color: #ed1c24\"><strong>99.000 VND<\/strong><\/span><\/p>\n<p style=\"text-align: justify;\">Hotline: <span style=\"font-size: 115%;color: #ed1c24\"><strong>090 906 2528<\/strong><\/span><\/p>\n","protected":false},"featured_media":38008,"template":"","meta":[],"product_brand":[],"product_cat":[211,229],"product_tag":[],"class_list":{"0":"post-41195","1":"product","2":"type-product","3":"status-publish","4":"has-post-thumbnail","6":"product_cat-baeckerei","7":"product_cat-creme-de","9":"first","10":"instock","11":"shipping-taxable","12":"product-type-simple"},"yoast_head":"<!-- This site is optimized with the Yoast SEO Premium plugin v22.7 (Yoast SEO v25.3.1) - https:\/\/yoast.com\/wordpress\/plugins\/seo\/ -->\n<title>Erdbeereis - Nh\u00e0 May M\u1eafn - Maison Chance<\/title>\n<meta name=\"description\" content=\"Das Erdbeereis von Maison Chance ist eines der herausragenden Produkte der Marke, das sich durch eine raffinierte Auswahl an Zutaten und einen erstklassigen Produktionsprozess auszeichnet.\" \/>\n<meta name=\"robots\" content=\"index, follow, max-snippet:-1, max-image-preview:large, max-video-preview:-1\" \/>\n<link rel=\"canonical\" href=\"https:\/\/maison-chance.org\/shop\/de\/produkt\/erdbeereis\" \/>\n<meta property=\"og:locale\" content=\"de_DE\" \/>\n<meta property=\"og:type\" content=\"article\" \/>\n<meta property=\"og:title\" content=\"Erdbeereis\" \/>\n<meta property=\"og:description\" content=\"Das Erdbeereis von Maison Chance ist eines der herausragenden Produkte der Marke, das sich durch eine raffinierte Auswahl an Zutaten und einen erstklassigen Produktionsprozess auszeichnet.\" \/>\n<meta property=\"og:url\" content=\"https:\/\/maison-chance.org\/shop\/de\/produkt\/erdbeereis\" \/>\n<meta property=\"og:site_name\" content=\"Nh\u00e0 May M\u1eafn - Maison Chance\" \/>\n<meta property=\"article:publisher\" content=\"https:\/\/www.facebook.com\/dnxh.nhamayman\/\" \/>\n<meta property=\"og:image\" content=\"https:\/\/maison-chance.org\/shop\/wp-content\/uploads\/2024\/04\/kem-dau-1.jpg\" \/>\n\t<meta property=\"og:image:width\" content=\"1000\" \/>\n\t<meta property=\"og:image:height\" content=\"1000\" \/>\n\t<meta property=\"og:image:type\" content=\"image\/jpeg\" \/>\n<meta name=\"twitter:card\" content=\"summary_large_image\" \/>\n<meta name=\"twitter:label1\" content=\"Preis\" \/>\n\t<meta name=\"twitter:data1\" content=\"\" \/>\n\t<meta name=\"twitter:label2\" content=\"Verf\u00fcgbarkeit\" \/>\n\t<meta name=\"twitter:data2\" content=\"Auf Lager\" \/>\n<script type=\"application\/ld+json\" class=\"yoast-schema-graph\">{\"@context\":\"https:\/\/schema.org\",\"@graph\":[{\"@type\":\"WebPage\",\"@id\":\"https:\/\/maison-chance.org\/shop\/de\/produkt\/erdbeereis\",\"url\":\"https:\/\/maison-chance.org\/shop\/de\/produkt\/erdbeereis\",\"name\":\"Erdbeereis - Nh\u00e0 May M\u1eafn - Maison Chance\",\"isPartOf\":{\"@id\":\"https:\/\/maison-chance.org\/shop\/de#website\"},\"primaryImageOfPage\":{\"@id\":\"https:\/\/maison-chance.org\/shop\/de\/produkt\/erdbeereis#primaryimage\"},\"image\":{\"@id\":\"https:\/\/maison-chance.org\/shop\/de\/produkt\/erdbeereis#primaryimage\"},\"thumbnailUrl\":\"https:\/\/maison-chance.org\/shop\/wp-content\/uploads\/2024\/04\/kem-dau-1.jpg\",\"datePublished\":\"2024-11-21T03:00:50+00:00\",\"description\":\"Das Erdbeereis von Maison Chance ist eines der herausragenden Produkte der Marke, das sich durch eine raffinierte Auswahl an Zutaten und einen erstklassigen Produktionsprozess auszeichnet.\",\"breadcrumb\":{\"@id\":\"https:\/\/maison-chance.org\/shop\/de\/produkt\/erdbeereis#breadcrumb\"},\"inLanguage\":\"de\",\"potentialAction\":[{\"@type\":\"ReadAction\",\"target\":[\"https:\/\/maison-chance.org\/shop\/de\/produkt\/erdbeereis\"]}]},{\"@type\":\"ImageObject\",\"inLanguage\":\"de\",\"@id\":\"https:\/\/maison-chance.org\/shop\/de\/produkt\/erdbeereis#primaryimage\",\"url\":\"https:\/\/maison-chance.org\/shop\/wp-content\/uploads\/2024\/04\/kem-dau-1.jpg\",\"contentUrl\":\"https:\/\/maison-chance.org\/shop\/wp-content\/uploads\/2024\/04\/kem-dau-1.jpg\",\"width\":1000,\"height\":1000,\"caption\":\"Erdbeereis\"},{\"@type\":\"BreadcrumbList\",\"@id\":\"https:\/\/maison-chance.org\/shop\/de\/produkt\/erdbeereis#breadcrumb\",\"itemListElement\":[{\"@type\":\"ListItem\",\"position\":1,\"name\":\"Trang ch\u1ee7\",\"item\":\"https:\/\/maison-chance.org\/shop\/de\"},{\"@type\":\"ListItem\",\"position\":2,\"name\":\"Shop\",\"item\":\"https:\/\/maison-chance.org\/shop\/shop\"},{\"@type\":\"ListItem\",\"position\":3,\"name\":\"Erdbeereis\"}]},{\"@type\":\"WebSite\",\"@id\":\"https:\/\/maison-chance.org\/shop\/de#website\",\"url\":\"https:\/\/maison-chance.org\/shop\/de\",\"name\":\"Nh\u00e0 May M\u1eafn - Maison Chance\",\"description\":\"M\u1ecdi l\u1ee3i nhu\u1eadn thu v\u1ec1 t\u1eeb vi\u1ec7c b\u00e1n h\u00e0ng s\u1ebd tr\u00edch m\u1ed9t ph\u1ea7n \u0111\u1ec3 ch\u0103m lo cho \u0111\u1eddi s\u1ed1ng c\u00e1c b\u1ea1n khuy\u1ebft t\u1eadt v\u00e0 tr\u1ebb m\u1ed3 c\u00f4i \u1edf \u0111\u00e2y\",\"publisher\":{\"@id\":\"https:\/\/maison-chance.org\/shop\/de#organization\"},\"potentialAction\":[{\"@type\":\"SearchAction\",\"target\":{\"@type\":\"EntryPoint\",\"urlTemplate\":\"https:\/\/maison-chance.org\/shop\/de?s={search_term_string}\"},\"query-input\":{\"@type\":\"PropertyValueSpecification\",\"valueRequired\":true,\"valueName\":\"search_term_string\"}}],\"inLanguage\":\"de\"},{\"@type\":\"Organization\",\"@id\":\"https:\/\/maison-chance.org\/shop\/de#organization\",\"name\":\"Nh\u00e0 May M\u1eafn - Maison Chance\",\"url\":\"https:\/\/maison-chance.org\/shop\/de\",\"logo\":{\"@type\":\"ImageObject\",\"inLanguage\":\"de\",\"@id\":\"https:\/\/maison-chance.org\/shop\/de#\/schema\/logo\/image\/\",\"url\":\"https:\/\/maison-chance.org\/shop\/wp-content\/uploads\/2024\/03\/cropped-Logo_DNXH.png\",\"contentUrl\":\"https:\/\/maison-chance.org\/shop\/wp-content\/uploads\/2024\/03\/cropped-Logo_DNXH.png\",\"width\":512,\"height\":512,\"caption\":\"Nh\u00e0 May M\u1eafn - Maison Chance\"},\"image\":{\"@id\":\"https:\/\/maison-chance.org\/shop\/de#\/schema\/logo\/image\/\"},\"sameAs\":[\"https:\/\/www.facebook.com\/dnxh.nhamayman\/\"]}]}<\/script>\n<meta property=\"product:price:amount\" content=\"0.00\" \/>\n<meta property=\"product:price:currency\" content=\"EUR\" \/>\n<meta property=\"og:availability\" content=\"instock\" \/>\n<meta property=\"product:availability\" content=\"instock\" \/>\n<meta property=\"product:condition\" content=\"new\" \/>\n<!-- \/ Yoast SEO Premium plugin. -->","yoast_head_json":{"title":"Erdbeereis - Nh\u00e0 May M\u1eafn - Maison Chance","description":"Das Erdbeereis von Maison Chance ist eines der herausragenden Produkte der Marke, das sich durch eine raffinierte Auswahl an Zutaten und einen erstklassigen Produktionsprozess auszeichnet.","robots":{"index":"index","follow":"follow","max-snippet":"max-snippet:-1","max-image-preview":"max-image-preview:large","max-video-preview":"max-video-preview:-1"},"canonical":"https:\/\/maison-chance.org\/shop\/de\/produkt\/erdbeereis","og_locale":"de_DE","og_type":"article","og_title":"Erdbeereis","og_description":"Das Erdbeereis von Maison Chance ist eines der herausragenden Produkte der Marke, das sich durch eine raffinierte Auswahl an Zutaten und einen erstklassigen Produktionsprozess auszeichnet.","og_url":"https:\/\/maison-chance.org\/shop\/de\/produkt\/erdbeereis","og_site_name":"Nh\u00e0 May M\u1eafn - Maison Chance","article_publisher":"https:\/\/www.facebook.com\/dnxh.nhamayman\/","og_image":[{"width":1000,"height":1000,"url":"https:\/\/maison-chance.org\/shop\/wp-content\/uploads\/2024\/04\/kem-dau-1.jpg","type":"image\/jpeg"}],"twitter_card":"summary_large_image","twitter_misc":{"Preis":"","Verf\u00fcgbarkeit":"Auf Lager"},"schema":{"@context":"https:\/\/schema.org","@graph":[{"@type":"WebPage","@id":"https:\/\/maison-chance.org\/shop\/de\/produkt\/erdbeereis","url":"https:\/\/maison-chance.org\/shop\/de\/produkt\/erdbeereis","name":"Erdbeereis - Nh\u00e0 May M\u1eafn - Maison Chance","isPartOf":{"@id":"https:\/\/maison-chance.org\/shop\/de#website"},"primaryImageOfPage":{"@id":"https:\/\/maison-chance.org\/shop\/de\/produkt\/erdbeereis#primaryimage"},"image":{"@id":"https:\/\/maison-chance.org\/shop\/de\/produkt\/erdbeereis#primaryimage"},"thumbnailUrl":"https:\/\/maison-chance.org\/shop\/wp-content\/uploads\/2024\/04\/kem-dau-1.jpg","datePublished":"2024-11-21T03:00:50+00:00","description":"Das Erdbeereis von Maison Chance ist eines der herausragenden Produkte der Marke, das sich durch eine raffinierte Auswahl an Zutaten und einen erstklassigen Produktionsprozess auszeichnet.","breadcrumb":{"@id":"https:\/\/maison-chance.org\/shop\/de\/produkt\/erdbeereis#breadcrumb"},"inLanguage":"de","potentialAction":[{"@type":"ReadAction","target":["https:\/\/maison-chance.org\/shop\/de\/produkt\/erdbeereis"]}]},{"@type":"ImageObject","inLanguage":"de","@id":"https:\/\/maison-chance.org\/shop\/de\/produkt\/erdbeereis#primaryimage","url":"https:\/\/maison-chance.org\/shop\/wp-content\/uploads\/2024\/04\/kem-dau-1.jpg","contentUrl":"https:\/\/maison-chance.org\/shop\/wp-content\/uploads\/2024\/04\/kem-dau-1.jpg","width":1000,"height":1000,"caption":"Erdbeereis"},{"@type":"BreadcrumbList","@id":"https:\/\/maison-chance.org\/shop\/de\/produkt\/erdbeereis#breadcrumb","itemListElement":[{"@type":"ListItem","position":1,"name":"Trang ch\u1ee7","item":"https:\/\/maison-chance.org\/shop\/de"},{"@type":"ListItem","position":2,"name":"Shop","item":"https:\/\/maison-chance.org\/shop\/shop"},{"@type":"ListItem","position":3,"name":"Erdbeereis"}]},{"@type":"WebSite","@id":"https:\/\/maison-chance.org\/shop\/de#website","url":"https:\/\/maison-chance.org\/shop\/de","name":"Nh\u00e0 May M\u1eafn - Maison Chance","description":"M\u1ecdi l\u1ee3i nhu\u1eadn thu v\u1ec1 t\u1eeb vi\u1ec7c b\u00e1n h\u00e0ng s\u1ebd tr\u00edch m\u1ed9t ph\u1ea7n \u0111\u1ec3 ch\u0103m lo cho \u0111\u1eddi s\u1ed1ng c\u00e1c b\u1ea1n khuy\u1ebft t\u1eadt v\u00e0 tr\u1ebb m\u1ed3 c\u00f4i \u1edf \u0111\u00e2y","publisher":{"@id":"https:\/\/maison-chance.org\/shop\/de#organization"},"potentialAction":[{"@type":"SearchAction","target":{"@type":"EntryPoint","urlTemplate":"https:\/\/maison-chance.org\/shop\/de?s={search_term_string}"},"query-input":{"@type":"PropertyValueSpecification","valueRequired":true,"valueName":"search_term_string"}}],"inLanguage":"de"},{"@type":"Organization","@id":"https:\/\/maison-chance.org\/shop\/de#organization","name":"Nh\u00e0 May M\u1eafn - Maison Chance","url":"https:\/\/maison-chance.org\/shop\/de","logo":{"@type":"ImageObject","inLanguage":"de","@id":"https:\/\/maison-chance.org\/shop\/de#\/schema\/logo\/image\/","url":"https:\/\/maison-chance.org\/shop\/wp-content\/uploads\/2024\/03\/cropped-Logo_DNXH.png","contentUrl":"https:\/\/maison-chance.org\/shop\/wp-content\/uploads\/2024\/03\/cropped-Logo_DNXH.png","width":512,"height":512,"caption":"Nh\u00e0 May M\u1eafn - Maison Chance"},"image":{"@id":"https:\/\/maison-chance.org\/shop\/de#\/schema\/logo\/image\/"},"sameAs":["https:\/\/www.facebook.com\/dnxh.nhamayman\/"]}]},"product_price_amount":"0.00","product_price_currency":"EUR","og_availability":"instock","product_availability":"instock","product_condition":"new"},"_links":{"self":[{"href":"https:\/\/maison-chance.org\/shop\/de\/wp-json\/wp\/v2\/product\/41195","targetHints":{"allow":["GET"]}}],"collection":[{"href":"https:\/\/maison-chance.org\/shop\/de\/wp-json\/wp\/v2\/product"}],"about":[{"href":"https:\/\/maison-chance.org\/shop\/de\/wp-json\/wp\/v2\/types\/product"}],"wp:featuredmedia":[{"embeddable":true,"href":"https:\/\/maison-chance.org\/shop\/de\/wp-json\/wp\/v2\/media\/38008"}],"wp:attachment":[{"href":"https:\/\/maison-chance.org\/shop\/de\/wp-json\/wp\/v2\/media?parent=41195"}],"wp:term":[{"taxonomy":"product_brand","embeddable":true,"href":"https:\/\/maison-chance.org\/shop\/de\/wp-json\/wp\/v2\/product_brand?post=41195"},{"taxonomy":"product_cat","embeddable":true,"href":"https:\/\/maison-chance.org\/shop\/de\/wp-json\/wp\/v2\/product_cat?post=41195"},{"taxonomy":"product_tag","embeddable":true,"href":"https:\/\/maison-chance.org\/shop\/de\/wp-json\/wp\/v2\/product_tag?post=41195"}],"curies":[{"name":"wp","href":"https:\/\/api.w.org\/{rel}","templated":true}]}}