{"id":41272,"date":"2024-11-27T10:08:50","date_gmt":"2024-11-27T03:08:50","guid":{"rendered":"https:\/\/maison-chance.org\/shop\/san-pham\/gruentee-katzenzungen-kekse"},"modified":"2024-11-27T10:08:50","modified_gmt":"2024-11-27T03:08:50","slug":"gruentee-katzenzungen-kekse","status":"publish","type":"product","link":"https:\/\/maison-chance.org\/shop\/de\/produkt\/gruentee-katzenzungen-kekse","title":{"rendered":"Gr\u00fcntee-Katzenzungen-Kekse"},"content":{"rendered":"<p style=\"text-align: justify;\">In der reichhaltigen Welt der Backwaren nehmen Gr\u00fcntee-Katzenzungen-Kekse immer einen besonderen Platz ein, durch ihre feine Kombination aus traditionellen Geschm\u00e4ckern und einzigartiger Kreativit\u00e4t. Heute werden wir eine besondere Version von Katzenzungen-Keksen von Maison Chance erkunden, wo diese Kekse nicht nur ein Snack, sondern eine Geschichte von Leidenschaft und Hingabe sind.<\/p>\n<p style=\"text-align: justify;\">S\u00fc\u00dfe Backwaren von Maison Chance verzaubern Kunden auf den ersten Blick mit ihrer auff\u00e4lligen gr\u00fcnen Farbe, zart geschm\u00fcckt mit elfenbeinfarbenen Mandelscheiben. Aber was diesen Keks wirklich auszeichnet, liegt in der Qualit\u00e4t der Zutaten und dem akribischen Zubereitungsprozess.<\/p>\n<p style=\"text-align: justify;\">Premium-Zutaten, feiner Geschmack: Jeder Keks ist eine perfekte Mischung aus hochwertigem Mehl, frischen Eiwei\u00df, reinem Rohrzucker, duftendem Butter und frischer Milch. Besonders die Zugabe von hochwertigem Gr\u00fcntee-Pulver bringt ein erfrischendes Aroma, eine subtile Bitterkeit, die den Gr\u00fcntee charakterisiert, und balanciert perfekt die reichhaltige S\u00fc\u00dfe der anderen Zutaten. Die knusprigen Mandelscheiben, die gleichm\u00e4\u00dfig auf der Oberfl\u00e4che verteilt sind, steigern nicht nur die Attraktivit\u00e4t, sondern f\u00fcgen auch einen cremigen, buttrigen Geschmack hinzu und schaffen eine k\u00f6stliche geschmackliche Symphonie.<\/p>\n<p style=\"text-align: justify;\">Akribischer Zubereitungsprozess, Erschaffung einer perfekten Textur: Um Katzenzungen-Kekse zu kreieren, die in Bezug auf Textur Perfektion erreichen, m\u00fcssen B\u00e4cker viele sorgf\u00e4ltige und aufwendige Schritte durchlaufen. Von der Zutatenauswahl, pr\u00e4ziser Messung der Verh\u00e4ltnisse, \u00fcber die Technik des Aufsch\u00e4umens von Eiwei\u00df, Teigmischung, Formung und Backen erfordert alles Geschick und Erfahrung. Das Ergebnis sind d\u00fcnne, leichte, knusprige Kekse, die sofort auf der Zunge zerschmelzen und ein unvergessliches kulinarisches Erlebnis bieten.<\/p>\n<p style=\"text-align: justify;\">Gr\u00fcntee-Katzenzungen-Kekse von Maison Chance sind nicht nur ein k\u00f6stlicher Snack, sondern ein bedeutungsvolles Geschenk f\u00fcr Ihre Lieben. Jeder Keks ist eine Kristallisation von Leidenschaft, Hingabe und Liebe. Beim Genie\u00dfen dieser Kekse schmecken Sie nicht nur ein erstaunliches Aroma, sondern tragen auch dazu bei, gute Werte in der Gemeinschaft zu verbreiten. Kommen Sie zu Maison Chance und erleben Sie diesen einzigartigen Gr\u00fcntee-Katzenzungen-Keks! Ihre Unterst\u00fctzung wird eine gro\u00dfe Ermutigung f\u00fcr <a href=\"https:\/\/maison-chance.org\/shop\">Maison Chance<\/a> sein, weiterhin qualitativ hochwertige und bedeutungsvolle Produkte zu schaffen.<\/p>\n","protected":false},"excerpt":{"rendered":"<p style=\"text-align: justify;\">S\u00fc\u00dfe Backwarenprodukte werden von jungen Waisen hergestellt, die derzeit von Maison Chance betreut werden. Wir bitten h\u00f6flich um Ihre Unterst\u00fctzung!<\/p>\n<p>Hotline : <span style=\"font-size: 20px;\"><strong><span style=\"color: #ff0000;\">0909 06 25 28<\/span><\/strong><\/span><\/p>\n","protected":false},"featured_media":41268,"template":"","meta":[],"product_brand":[],"product_cat":[211,220],"product_tag":[],"class_list":{"0":"post-41272","1":"product","2":"type-product","3":"status-publish","4":"has-post-thumbnail","6":"product_cat-baeckerei","7":"product_cat-suesse-backwaren","9":"first","10":"instock","11":"shipping-taxable","12":"purchasable","13":"product-type-simple"},"yoast_head":"<!-- This site is optimized with the Yoast SEO Premium plugin v22.7 (Yoast SEO v25.3.1) - https:\/\/yoast.com\/wordpress\/plugins\/seo\/ -->\n<title>Gr\u00fcntee-Katzenzungen-Kekse - Nh\u00e0 May M\u1eafn - Maison Chance<\/title>\n<meta name=\"description\" content=\"Gr\u00fcntee-Katzenzungen-Kekse von Maison Chance sind nicht nur ein k\u00f6stlicher Snack, sondern ein bedeutungsvolles Geschenk f\u00fcr Ihre Lieben. Jeder Keks ist eine Kristallisation von Leidenschaft, Hingabe und Liebe.\" \/>\n<meta name=\"robots\" content=\"index, follow, max-snippet:-1, max-image-preview:large, max-video-preview:-1\" \/>\n<link rel=\"canonical\" href=\"https:\/\/maison-chance.org\/shop\/de\/produkt\/gruentee-katzenzungen-kekse\" \/>\n<meta property=\"og:locale\" content=\"de_DE\" \/>\n<meta property=\"og:type\" content=\"article\" \/>\n<meta property=\"og:title\" content=\"Gr\u00fcntee-Katzenzungen-Kekse\" \/>\n<meta property=\"og:description\" content=\"Gr\u00fcntee-Katzenzungen-Kekse von Maison Chance sind nicht nur ein k\u00f6stlicher Snack, sondern ein bedeutungsvolles Geschenk f\u00fcr Ihre Lieben. Jeder Keks ist eine Kristallisation von Leidenschaft, Hingabe und Liebe.\" \/>\n<meta property=\"og:url\" content=\"https:\/\/maison-chance.org\/shop\/de\/produkt\/gruentee-katzenzungen-kekse\" \/>\n<meta property=\"og:site_name\" content=\"Nh\u00e0 May M\u1eafn - Maison Chance\" \/>\n<meta property=\"article:publisher\" content=\"https:\/\/www.facebook.com\/dnxh.nhamayman\/\" \/>\n<meta property=\"og:image\" content=\"https:\/\/maison-chance.org\/shop\/wp-content\/uploads\/2024\/11\/banh-luoi-meo-tra-xanh.png\" \/>\n\t<meta property=\"og:image:width\" content=\"600\" \/>\n\t<meta property=\"og:image:height\" content=\"600\" \/>\n\t<meta property=\"og:image:type\" content=\"image\/png\" \/>\n<meta name=\"twitter:card\" content=\"summary_large_image\" \/>\n<meta name=\"twitter:label1\" content=\"Preis\" \/>\n\t<meta name=\"twitter:data1\" content=\"&euro;2.39\" \/>\n\t<meta name=\"twitter:label2\" content=\"Verf\u00fcgbarkeit\" \/>\n\t<meta name=\"twitter:data2\" content=\"Auf Lager\" \/>\n<script type=\"application\/ld+json\" class=\"yoast-schema-graph\">{\"@context\":\"https:\/\/schema.org\",\"@graph\":[{\"@type\":\"WebPage\",\"@id\":\"https:\/\/maison-chance.org\/shop\/de\/produkt\/gruentee-katzenzungen-kekse\",\"url\":\"https:\/\/maison-chance.org\/shop\/de\/produkt\/gruentee-katzenzungen-kekse\",\"name\":\"Gr\u00fcntee-Katzenzungen-Kekse - Nh\u00e0 May M\u1eafn - Maison Chance\",\"isPartOf\":{\"@id\":\"https:\/\/maison-chance.org\/shop\/de#website\"},\"primaryImageOfPage\":{\"@id\":\"https:\/\/maison-chance.org\/shop\/de\/produkt\/gruentee-katzenzungen-kekse#primaryimage\"},\"image\":{\"@id\":\"https:\/\/maison-chance.org\/shop\/de\/produkt\/gruentee-katzenzungen-kekse#primaryimage\"},\"thumbnailUrl\":\"https:\/\/maison-chance.org\/shop\/wp-content\/uploads\/2024\/11\/banh-luoi-meo-tra-xanh.png\",\"datePublished\":\"2024-11-27T03:08:50+00:00\",\"description\":\"Gr\u00fcntee-Katzenzungen-Kekse von Maison Chance sind nicht nur ein k\u00f6stlicher Snack, sondern ein bedeutungsvolles Geschenk f\u00fcr Ihre Lieben. Jeder Keks ist eine Kristallisation von Leidenschaft, Hingabe und Liebe.\",\"breadcrumb\":{\"@id\":\"https:\/\/maison-chance.org\/shop\/de\/produkt\/gruentee-katzenzungen-kekse#breadcrumb\"},\"inLanguage\":\"de\",\"potentialAction\":[{\"@type\":\"ReadAction\",\"target\":[\"https:\/\/maison-chance.org\/shop\/de\/produkt\/gruentee-katzenzungen-kekse\"]}]},{\"@type\":\"ImageObject\",\"inLanguage\":\"de\",\"@id\":\"https:\/\/maison-chance.org\/shop\/de\/produkt\/gruentee-katzenzungen-kekse#primaryimage\",\"url\":\"https:\/\/maison-chance.org\/shop\/wp-content\/uploads\/2024\/11\/banh-luoi-meo-tra-xanh.png\",\"contentUrl\":\"https:\/\/maison-chance.org\/shop\/wp-content\/uploads\/2024\/11\/banh-luoi-meo-tra-xanh.png\",\"width\":600,\"height\":600,\"caption\":\"Gr\u00fcntee-Katzenzungen-Kekse\"},{\"@type\":\"BreadcrumbList\",\"@id\":\"https:\/\/maison-chance.org\/shop\/de\/produkt\/gruentee-katzenzungen-kekse#breadcrumb\",\"itemListElement\":[{\"@type\":\"ListItem\",\"position\":1,\"name\":\"Trang ch\u1ee7\",\"item\":\"https:\/\/maison-chance.org\/shop\/de\"},{\"@type\":\"ListItem\",\"position\":2,\"name\":\"Shop\",\"item\":\"https:\/\/maison-chance.org\/shop\/shop\"},{\"@type\":\"ListItem\",\"position\":3,\"name\":\"Gr\u00fcntee-Katzenzungen-Kekse\"}]},{\"@type\":\"WebSite\",\"@id\":\"https:\/\/maison-chance.org\/shop\/de#website\",\"url\":\"https:\/\/maison-chance.org\/shop\/de\",\"name\":\"Nh\u00e0 May M\u1eafn - Maison Chance\",\"description\":\"M\u1ecdi l\u1ee3i nhu\u1eadn thu v\u1ec1 t\u1eeb vi\u1ec7c b\u00e1n h\u00e0ng s\u1ebd tr\u00edch m\u1ed9t ph\u1ea7n \u0111\u1ec3 ch\u0103m lo cho \u0111\u1eddi s\u1ed1ng c\u00e1c b\u1ea1n khuy\u1ebft t\u1eadt v\u00e0 tr\u1ebb m\u1ed3 c\u00f4i \u1edf \u0111\u00e2y\",\"publisher\":{\"@id\":\"https:\/\/maison-chance.org\/shop\/de#organization\"},\"potentialAction\":[{\"@type\":\"SearchAction\",\"target\":{\"@type\":\"EntryPoint\",\"urlTemplate\":\"https:\/\/maison-chance.org\/shop\/de?s={search_term_string}\"},\"query-input\":{\"@type\":\"PropertyValueSpecification\",\"valueRequired\":true,\"valueName\":\"search_term_string\"}}],\"inLanguage\":\"de\"},{\"@type\":\"Organization\",\"@id\":\"https:\/\/maison-chance.org\/shop\/de#organization\",\"name\":\"Nh\u00e0 May M\u1eafn - Maison Chance\",\"url\":\"https:\/\/maison-chance.org\/shop\/de\",\"logo\":{\"@type\":\"ImageObject\",\"inLanguage\":\"de\",\"@id\":\"https:\/\/maison-chance.org\/shop\/de#\/schema\/logo\/image\/\",\"url\":\"https:\/\/maison-chance.org\/shop\/wp-content\/uploads\/2024\/03\/cropped-Logo_DNXH.png\",\"contentUrl\":\"https:\/\/maison-chance.org\/shop\/wp-content\/uploads\/2024\/03\/cropped-Logo_DNXH.png\",\"width\":512,\"height\":512,\"caption\":\"Nh\u00e0 May M\u1eafn - Maison Chance\"},\"image\":{\"@id\":\"https:\/\/maison-chance.org\/shop\/de#\/schema\/logo\/image\/\"},\"sameAs\":[\"https:\/\/www.facebook.com\/dnxh.nhamayman\/\"]}]}<\/script>\n<meta property=\"product:price:amount\" content=\"2.39\" \/>\n<meta property=\"product:price:currency\" content=\"EUR\" \/>\n<meta property=\"og:availability\" content=\"instock\" \/>\n<meta property=\"product:availability\" content=\"instock\" \/>\n<meta property=\"product:condition\" content=\"new\" \/>\n<!-- \/ Yoast SEO Premium plugin. -->","yoast_head_json":{"title":"Gr\u00fcntee-Katzenzungen-Kekse - Nh\u00e0 May M\u1eafn - Maison Chance","description":"Gr\u00fcntee-Katzenzungen-Kekse von Maison Chance sind nicht nur ein k\u00f6stlicher Snack, sondern ein bedeutungsvolles Geschenk f\u00fcr Ihre Lieben. Jeder Keks ist eine Kristallisation von Leidenschaft, Hingabe und Liebe.","robots":{"index":"index","follow":"follow","max-snippet":"max-snippet:-1","max-image-preview":"max-image-preview:large","max-video-preview":"max-video-preview:-1"},"canonical":"https:\/\/maison-chance.org\/shop\/de\/produkt\/gruentee-katzenzungen-kekse","og_locale":"de_DE","og_type":"article","og_title":"Gr\u00fcntee-Katzenzungen-Kekse","og_description":"Gr\u00fcntee-Katzenzungen-Kekse von Maison Chance sind nicht nur ein k\u00f6stlicher Snack, sondern ein bedeutungsvolles Geschenk f\u00fcr Ihre Lieben. Jeder Keks ist eine Kristallisation von Leidenschaft, Hingabe und Liebe.","og_url":"https:\/\/maison-chance.org\/shop\/de\/produkt\/gruentee-katzenzungen-kekse","og_site_name":"Nh\u00e0 May M\u1eafn - Maison Chance","article_publisher":"https:\/\/www.facebook.com\/dnxh.nhamayman\/","og_image":[{"width":600,"height":600,"url":"https:\/\/maison-chance.org\/shop\/wp-content\/uploads\/2024\/11\/banh-luoi-meo-tra-xanh.png","type":"image\/png"}],"twitter_card":"summary_large_image","twitter_misc":{"Preis":"&euro;2.39","Verf\u00fcgbarkeit":"Auf Lager"},"schema":{"@context":"https:\/\/schema.org","@graph":[{"@type":"WebPage","@id":"https:\/\/maison-chance.org\/shop\/de\/produkt\/gruentee-katzenzungen-kekse","url":"https:\/\/maison-chance.org\/shop\/de\/produkt\/gruentee-katzenzungen-kekse","name":"Gr\u00fcntee-Katzenzungen-Kekse - Nh\u00e0 May M\u1eafn - Maison Chance","isPartOf":{"@id":"https:\/\/maison-chance.org\/shop\/de#website"},"primaryImageOfPage":{"@id":"https:\/\/maison-chance.org\/shop\/de\/produkt\/gruentee-katzenzungen-kekse#primaryimage"},"image":{"@id":"https:\/\/maison-chance.org\/shop\/de\/produkt\/gruentee-katzenzungen-kekse#primaryimage"},"thumbnailUrl":"https:\/\/maison-chance.org\/shop\/wp-content\/uploads\/2024\/11\/banh-luoi-meo-tra-xanh.png","datePublished":"2024-11-27T03:08:50+00:00","description":"Gr\u00fcntee-Katzenzungen-Kekse von Maison Chance sind nicht nur ein k\u00f6stlicher Snack, sondern ein bedeutungsvolles Geschenk f\u00fcr Ihre Lieben. Jeder Keks ist eine Kristallisation von Leidenschaft, Hingabe und Liebe.","breadcrumb":{"@id":"https:\/\/maison-chance.org\/shop\/de\/produkt\/gruentee-katzenzungen-kekse#breadcrumb"},"inLanguage":"de","potentialAction":[{"@type":"ReadAction","target":["https:\/\/maison-chance.org\/shop\/de\/produkt\/gruentee-katzenzungen-kekse"]}]},{"@type":"ImageObject","inLanguage":"de","@id":"https:\/\/maison-chance.org\/shop\/de\/produkt\/gruentee-katzenzungen-kekse#primaryimage","url":"https:\/\/maison-chance.org\/shop\/wp-content\/uploads\/2024\/11\/banh-luoi-meo-tra-xanh.png","contentUrl":"https:\/\/maison-chance.org\/shop\/wp-content\/uploads\/2024\/11\/banh-luoi-meo-tra-xanh.png","width":600,"height":600,"caption":"Gr\u00fcntee-Katzenzungen-Kekse"},{"@type":"BreadcrumbList","@id":"https:\/\/maison-chance.org\/shop\/de\/produkt\/gruentee-katzenzungen-kekse#breadcrumb","itemListElement":[{"@type":"ListItem","position":1,"name":"Trang ch\u1ee7","item":"https:\/\/maison-chance.org\/shop\/de"},{"@type":"ListItem","position":2,"name":"Shop","item":"https:\/\/maison-chance.org\/shop\/shop"},{"@type":"ListItem","position":3,"name":"Gr\u00fcntee-Katzenzungen-Kekse"}]},{"@type":"WebSite","@id":"https:\/\/maison-chance.org\/shop\/de#website","url":"https:\/\/maison-chance.org\/shop\/de","name":"Nh\u00e0 May M\u1eafn - Maison Chance","description":"M\u1ecdi l\u1ee3i nhu\u1eadn thu v\u1ec1 t\u1eeb vi\u1ec7c b\u00e1n h\u00e0ng s\u1ebd tr\u00edch m\u1ed9t ph\u1ea7n \u0111\u1ec3 ch\u0103m lo cho \u0111\u1eddi s\u1ed1ng c\u00e1c b\u1ea1n khuy\u1ebft t\u1eadt v\u00e0 tr\u1ebb m\u1ed3 c\u00f4i \u1edf \u0111\u00e2y","publisher":{"@id":"https:\/\/maison-chance.org\/shop\/de#organization"},"potentialAction":[{"@type":"SearchAction","target":{"@type":"EntryPoint","urlTemplate":"https:\/\/maison-chance.org\/shop\/de?s={search_term_string}"},"query-input":{"@type":"PropertyValueSpecification","valueRequired":true,"valueName":"search_term_string"}}],"inLanguage":"de"},{"@type":"Organization","@id":"https:\/\/maison-chance.org\/shop\/de#organization","name":"Nh\u00e0 May M\u1eafn - Maison Chance","url":"https:\/\/maison-chance.org\/shop\/de","logo":{"@type":"ImageObject","inLanguage":"de","@id":"https:\/\/maison-chance.org\/shop\/de#\/schema\/logo\/image\/","url":"https:\/\/maison-chance.org\/shop\/wp-content\/uploads\/2024\/03\/cropped-Logo_DNXH.png","contentUrl":"https:\/\/maison-chance.org\/shop\/wp-content\/uploads\/2024\/03\/cropped-Logo_DNXH.png","width":512,"height":512,"caption":"Nh\u00e0 May M\u1eafn - Maison Chance"},"image":{"@id":"https:\/\/maison-chance.org\/shop\/de#\/schema\/logo\/image\/"},"sameAs":["https:\/\/www.facebook.com\/dnxh.nhamayman\/"]}]},"product_price_amount":"2.39","product_price_currency":"EUR","og_availability":"instock","product_availability":"instock","product_condition":"new"},"_links":{"self":[{"href":"https:\/\/maison-chance.org\/shop\/de\/wp-json\/wp\/v2\/product\/41272","targetHints":{"allow":["GET"]}}],"collection":[{"href":"https:\/\/maison-chance.org\/shop\/de\/wp-json\/wp\/v2\/product"}],"about":[{"href":"https:\/\/maison-chance.org\/shop\/de\/wp-json\/wp\/v2\/types\/product"}],"wp:featuredmedia":[{"embeddable":true,"href":"https:\/\/maison-chance.org\/shop\/de\/wp-json\/wp\/v2\/media\/41268"}],"wp:attachment":[{"href":"https:\/\/maison-chance.org\/shop\/de\/wp-json\/wp\/v2\/media?parent=41272"}],"wp:term":[{"taxonomy":"product_brand","embeddable":true,"href":"https:\/\/maison-chance.org\/shop\/de\/wp-json\/wp\/v2\/product_brand?post=41272"},{"taxonomy":"product_cat","embeddable":true,"href":"https:\/\/maison-chance.org\/shop\/de\/wp-json\/wp\/v2\/product_cat?post=41272"},{"taxonomy":"product_tag","embeddable":true,"href":"https:\/\/maison-chance.org\/shop\/de\/wp-json\/wp\/v2\/product_tag?post=41272"}],"curies":[{"name":"wp","href":"https:\/\/api.w.org\/{rel}","templated":true}]}}