{"id":41281,"date":"2024-11-27T10:43:50","date_gmt":"2024-11-27T03:43:50","guid":{"rendered":"https:\/\/maison-chance.org\/shop\/san-pham\/mandelkachel-kekse"},"modified":"2024-11-27T10:43:50","modified_gmt":"2024-11-27T03:43:50","slug":"mandelkachel-kekse","status":"publish","type":"product","link":"https:\/\/maison-chance.org\/shop\/de\/produkt\/mandelkachel-kekse","title":{"rendered":"Mandelkachel-Kekse"},"content":{"rendered":"<p style=\"text-align: justify;\">Sind Sie jemals im Labyrinth der S\u00fc\u00dfigkeiten verloren gegangen, nur um pl\u00f6tzlich zu erkennen, dass das Gl\u00fcck manchmal in den einfachsten Dingen liegt? Inmitten der unz\u00e4hligen Auswahlm\u00f6glichkeiten erhebt sich die Mandelkachel von Maison Chance wie ein Lichtpunkt und bietet ein subtil-warmes kulinarisches Erlebnis. Mehr als nur ein Snack, ist jeder knusprige Kachel eine Geschichte von Leidenschaft, Pr\u00e4zision und dem Wunsch, Liebe zu verbreiten. Lassen Sie uns das Geheimnis l\u00fcften und entdecken, was diese S\u00fc\u00dfigkeit so unwiderstehlich macht!<\/p>\n<p style=\"text-align: justify;\">Um diese Mandelkachel-Meisterschaft zu erschaffen, hat Maison Chance sorgf\u00e4ltig die edelsten Zutaten ausgew\u00e4hlt. Mehl mit verf\u00fchrerischem Duft wird akribisch geknetet, verbunden mit frischen Eiern, s\u00fc\u00dfem Rohrzucker, erlesener franz\u00f6sischer Butter und mildem Milch. Die Seele des Geb\u00e4cks sind jedoch die knusprigen, goldbraun ger\u00f6steten Mandelscheiben, die einen bet\u00f6renden Duft verstr\u00f6men. Alles verbindet sich nach einem geheimen Familienrezept zu einem einzigartigen Geschmack, der alle Sinne weckt.<\/p>\n<p style=\"text-align: justify;\">Jede Mandelkachel ist nicht nur das Ergebnis eines Rezepts, sondern die Kristallisation von Herzblut und geschickten H\u00e4nden. Jeder Arbeitsschritt, vom Kneten des Teigs, Ausrollen bis zum akribischen Anordnen der Mandelscheiben auf der Oberfl\u00e4che, wird mit h\u00f6chster Konzentration und brennender Leidenschaft ausgef\u00fchrt. Die Kachel wird im Ofen bei perfekter Temperatur und Zeit gebacken, um eine ideale Knusprigkeit und eine verf\u00fchrerische bernsteinfarbene Farbe zu erreichen. Diese Hingabe und Geschicklichkeit verwandelt einfache Zutaten in ein wahres kulinarisches Kunstwerk.<\/p>\n<p style=\"text-align: justify;\">Sobald Sie den Deckel der Mandelkachel-Dose \u00f6ffnen, str\u00f6mt eine Symphonie von D\u00fcften herein, die alle Sinne weckt. Der s\u00fc\u00dfe Duft von Butter, vermischt mit dem charakteristischen Aroma ger\u00f6steter Mandeln, schafft eine unwiderstehliche Anziehungskraft. Beim ersten Biss erleben Sie ein Zerspringen der Knusprigkeit im Mund, das cremige Schmelzen von Butter, die sanfte S\u00fc\u00dfe des Zuckers und den intensiven Duft der Mandeln. Alles verschmilzt zu einem wunderbaren Geschmacksreigen, der Sie immer wieder kosten lassen m\u00f6chte.<\/p>\n<p style=\"text-align: justify;\">Hinter der knusprigen Kruste und dem s\u00fc\u00dfen Geschmack tr\u00e4gt die Mandelkachel eine bedeutungsvolle Geschichte. Jede Kachel ist eine Botschaft des Teilens, der Liebe und des Glaubens an das Leben. Beim Genie\u00dfen sp\u00fcren Sie nicht nur den hervorragenden Geschmack, sondern auch die Aufrichtigkeit, Leidenschaft und Zuneigung, die in jedem Produkt steckt. Es ist ein bedeutungsvolles Geschenk, das Maison Chance allen Menschen widmen m\u00f6chte.<\/p>\n<p style=\"text-align: justify;\">Wenn Sie nach einem Snack suchen, der sowohl lecker als auch bedeutungsvoll ist, dann sind die Mandelkacheln von Maison Chance die perfekte Wahl. Mit ihrem einzigartigen Geschmack, herausragender Qualit\u00e4t und der bewegenden Geschichte dahinter sind diese Mandelkacheln nicht nur ein Geschenk f\u00fcr den Gaumen, sondern auch f\u00fcr die Seele. Kommen Sie zu <a href=\"https:\/\/maison-chance.org\/shop\">Maison Chance<\/a>, um den s\u00fc\u00dfen Geschmack des Gl\u00fccks zu erleben und gemeinsam Liebe zu verbreiten. Jede Kachel, die Sie kaufen, tr\u00e4gt dazu bei, Freude und Hoffnung f\u00fcr weniger privilegierte Menschen zu bringen, die dadurch mehr Vertrauen ins Leben und die Verfolgung ihrer Tr\u00e4ume gewinnen. Lassen Sie diese zarten, s\u00fc\u00dfen Mandelkacheln zur Br\u00fccke werden, die Herzen verbindet und das Gute im Leben verbreitet.<\/p>\n","protected":false},"excerpt":{"rendered":"<p style=\"text-align: justify;\">Die S\u00fc\u00dfwarenprodukte werden von jungen Waisen hergestellt, die derzeit von Maison Chance betreut werden. Wir bitten um Ihre Unterst\u00fctzung!<\/p>\n<p>Hotline: <span style=\"font-size: 20px;\"><strong><span style=\"color: #ff0000;\">0909 06 25 28<\/span><\/strong><\/span><\/p>\n","protected":false},"featured_media":41278,"template":"","meta":[],"product_brand":[],"product_cat":[211,220],"product_tag":[],"class_list":{"0":"post-41281","1":"product","2":"type-product","3":"status-publish","4":"has-post-thumbnail","6":"product_cat-baeckerei","7":"product_cat-suesse-backwaren","9":"first","10":"instock","11":"shipping-taxable","12":"purchasable","13":"product-type-simple"},"yoast_head":"<!-- This site is optimized with the Yoast SEO Premium plugin v22.7 (Yoast SEO v25.3.1) - https:\/\/yoast.com\/wordpress\/plugins\/seo\/ -->\n<title>Mandelkachel-Kekse - Nh\u00e0 May M\u1eafn - Maison Chance<\/title>\n<meta name=\"description\" content=\"Mandelkachel von Maison Chance erhebt sich wie ein Lichtpunkt und bietet ein subtil-warmes kulinarisches Erlebnis. Mehr als nur ein Snack, ist jeder knusprige Kachel eine Geschichte von Leidenschaft, Pr\u00e4zision und dem Wunsch, Liebe zu verbreiten\" \/>\n<meta name=\"robots\" content=\"index, follow, max-snippet:-1, max-image-preview:large, max-video-preview:-1\" \/>\n<link rel=\"canonical\" href=\"https:\/\/maison-chance.org\/shop\/de\/produkt\/mandelkachel-kekse\" \/>\n<meta property=\"og:locale\" content=\"de_DE\" \/>\n<meta property=\"og:type\" content=\"article\" \/>\n<meta property=\"og:title\" content=\"Mandelkachel-Kekse\" \/>\n<meta property=\"og:description\" content=\"Mandelkachel von Maison Chance erhebt sich wie ein Lichtpunkt und bietet ein subtil-warmes kulinarisches Erlebnis. Mehr als nur ein Snack, ist jeder knusprige Kachel eine Geschichte von Leidenschaft, Pr\u00e4zision und dem Wunsch, Liebe zu verbreiten\" \/>\n<meta property=\"og:url\" content=\"https:\/\/maison-chance.org\/shop\/de\/produkt\/mandelkachel-kekse\" \/>\n<meta property=\"og:site_name\" content=\"Nh\u00e0 May M\u1eafn - Maison Chance\" \/>\n<meta property=\"article:publisher\" content=\"https:\/\/www.facebook.com\/dnxh.nhamayman\/\" \/>\n<meta property=\"og:image\" content=\"https:\/\/maison-chance.org\/shop\/wp-content\/uploads\/2024\/11\/banh-ngoi-hanh-nhan.png\" \/>\n\t<meta property=\"og:image:width\" content=\"600\" \/>\n\t<meta property=\"og:image:height\" content=\"600\" \/>\n\t<meta property=\"og:image:type\" content=\"image\/png\" \/>\n<meta name=\"twitter:card\" content=\"summary_large_image\" \/>\n<meta name=\"twitter:label1\" content=\"Preis\" \/>\n\t<meta name=\"twitter:data1\" content=\"&euro;2.67\" \/>\n\t<meta name=\"twitter:label2\" content=\"Verf\u00fcgbarkeit\" \/>\n\t<meta name=\"twitter:data2\" content=\"Auf Lager\" \/>\n<script type=\"application\/ld+json\" class=\"yoast-schema-graph\">{\"@context\":\"https:\/\/schema.org\",\"@graph\":[{\"@type\":\"WebPage\",\"@id\":\"https:\/\/maison-chance.org\/shop\/de\/produkt\/mandelkachel-kekse\",\"url\":\"https:\/\/maison-chance.org\/shop\/de\/produkt\/mandelkachel-kekse\",\"name\":\"Mandelkachel-Kekse - Nh\u00e0 May M\u1eafn - Maison Chance\",\"isPartOf\":{\"@id\":\"https:\/\/maison-chance.org\/shop\/de#website\"},\"primaryImageOfPage\":{\"@id\":\"https:\/\/maison-chance.org\/shop\/de\/produkt\/mandelkachel-kekse#primaryimage\"},\"image\":{\"@id\":\"https:\/\/maison-chance.org\/shop\/de\/produkt\/mandelkachel-kekse#primaryimage\"},\"thumbnailUrl\":\"https:\/\/maison-chance.org\/shop\/wp-content\/uploads\/2024\/11\/banh-ngoi-hanh-nhan.png\",\"datePublished\":\"2024-11-27T03:43:50+00:00\",\"description\":\"Mandelkachel von Maison Chance erhebt sich wie ein Lichtpunkt und bietet ein subtil-warmes kulinarisches Erlebnis. Mehr als nur ein Snack, ist jeder knusprige Kachel eine Geschichte von Leidenschaft, Pr\u00e4zision und dem Wunsch, Liebe zu verbreiten\",\"breadcrumb\":{\"@id\":\"https:\/\/maison-chance.org\/shop\/de\/produkt\/mandelkachel-kekse#breadcrumb\"},\"inLanguage\":\"de\",\"potentialAction\":[{\"@type\":\"ReadAction\",\"target\":[\"https:\/\/maison-chance.org\/shop\/de\/produkt\/mandelkachel-kekse\"]}]},{\"@type\":\"ImageObject\",\"inLanguage\":\"de\",\"@id\":\"https:\/\/maison-chance.org\/shop\/de\/produkt\/mandelkachel-kekse#primaryimage\",\"url\":\"https:\/\/maison-chance.org\/shop\/wp-content\/uploads\/2024\/11\/banh-ngoi-hanh-nhan.png\",\"contentUrl\":\"https:\/\/maison-chance.org\/shop\/wp-content\/uploads\/2024\/11\/banh-ngoi-hanh-nhan.png\",\"width\":600,\"height\":600,\"caption\":\"Mandelkachel-Kekse\"},{\"@type\":\"BreadcrumbList\",\"@id\":\"https:\/\/maison-chance.org\/shop\/de\/produkt\/mandelkachel-kekse#breadcrumb\",\"itemListElement\":[{\"@type\":\"ListItem\",\"position\":1,\"name\":\"Trang ch\u1ee7\",\"item\":\"https:\/\/maison-chance.org\/shop\/de\"},{\"@type\":\"ListItem\",\"position\":2,\"name\":\"Shop\",\"item\":\"https:\/\/maison-chance.org\/shop\/shop\"},{\"@type\":\"ListItem\",\"position\":3,\"name\":\"Mandelkachel-Kekse\"}]},{\"@type\":\"WebSite\",\"@id\":\"https:\/\/maison-chance.org\/shop\/de#website\",\"url\":\"https:\/\/maison-chance.org\/shop\/de\",\"name\":\"Nh\u00e0 May M\u1eafn - Maison Chance\",\"description\":\"M\u1ecdi l\u1ee3i nhu\u1eadn thu v\u1ec1 t\u1eeb vi\u1ec7c b\u00e1n h\u00e0ng s\u1ebd tr\u00edch m\u1ed9t ph\u1ea7n \u0111\u1ec3 ch\u0103m lo cho \u0111\u1eddi s\u1ed1ng c\u00e1c b\u1ea1n khuy\u1ebft t\u1eadt v\u00e0 tr\u1ebb m\u1ed3 c\u00f4i \u1edf \u0111\u00e2y\",\"publisher\":{\"@id\":\"https:\/\/maison-chance.org\/shop\/de#organization\"},\"potentialAction\":[{\"@type\":\"SearchAction\",\"target\":{\"@type\":\"EntryPoint\",\"urlTemplate\":\"https:\/\/maison-chance.org\/shop\/de?s={search_term_string}\"},\"query-input\":{\"@type\":\"PropertyValueSpecification\",\"valueRequired\":true,\"valueName\":\"search_term_string\"}}],\"inLanguage\":\"de\"},{\"@type\":\"Organization\",\"@id\":\"https:\/\/maison-chance.org\/shop\/de#organization\",\"name\":\"Nh\u00e0 May M\u1eafn - Maison Chance\",\"url\":\"https:\/\/maison-chance.org\/shop\/de\",\"logo\":{\"@type\":\"ImageObject\",\"inLanguage\":\"de\",\"@id\":\"https:\/\/maison-chance.org\/shop\/de#\/schema\/logo\/image\/\",\"url\":\"https:\/\/maison-chance.org\/shop\/wp-content\/uploads\/2024\/03\/cropped-Logo_DNXH.png\",\"contentUrl\":\"https:\/\/maison-chance.org\/shop\/wp-content\/uploads\/2024\/03\/cropped-Logo_DNXH.png\",\"width\":512,\"height\":512,\"caption\":\"Nh\u00e0 May M\u1eafn - Maison Chance\"},\"image\":{\"@id\":\"https:\/\/maison-chance.org\/shop\/de#\/schema\/logo\/image\/\"},\"sameAs\":[\"https:\/\/www.facebook.com\/dnxh.nhamayman\/\"]}]}<\/script>\n<meta property=\"product:price:amount\" content=\"2.67\" \/>\n<meta property=\"product:price:currency\" content=\"EUR\" \/>\n<meta property=\"og:availability\" content=\"instock\" \/>\n<meta property=\"product:availability\" content=\"instock\" \/>\n<meta property=\"product:condition\" content=\"new\" \/>\n<!-- \/ Yoast SEO Premium plugin. -->","yoast_head_json":{"title":"Mandelkachel-Kekse - Nh\u00e0 May M\u1eafn - Maison Chance","description":"Mandelkachel von Maison Chance erhebt sich wie ein Lichtpunkt und bietet ein subtil-warmes kulinarisches Erlebnis. Mehr als nur ein Snack, ist jeder knusprige Kachel eine Geschichte von Leidenschaft, Pr\u00e4zision und dem Wunsch, Liebe zu verbreiten","robots":{"index":"index","follow":"follow","max-snippet":"max-snippet:-1","max-image-preview":"max-image-preview:large","max-video-preview":"max-video-preview:-1"},"canonical":"https:\/\/maison-chance.org\/shop\/de\/produkt\/mandelkachel-kekse","og_locale":"de_DE","og_type":"article","og_title":"Mandelkachel-Kekse","og_description":"Mandelkachel von Maison Chance erhebt sich wie ein Lichtpunkt und bietet ein subtil-warmes kulinarisches Erlebnis. Mehr als nur ein Snack, ist jeder knusprige Kachel eine Geschichte von Leidenschaft, Pr\u00e4zision und dem Wunsch, Liebe zu verbreiten","og_url":"https:\/\/maison-chance.org\/shop\/de\/produkt\/mandelkachel-kekse","og_site_name":"Nh\u00e0 May M\u1eafn - Maison Chance","article_publisher":"https:\/\/www.facebook.com\/dnxh.nhamayman\/","og_image":[{"width":600,"height":600,"url":"https:\/\/maison-chance.org\/shop\/wp-content\/uploads\/2024\/11\/banh-ngoi-hanh-nhan.png","type":"image\/png"}],"twitter_card":"summary_large_image","twitter_misc":{"Preis":"&euro;2.67","Verf\u00fcgbarkeit":"Auf Lager"},"schema":{"@context":"https:\/\/schema.org","@graph":[{"@type":"WebPage","@id":"https:\/\/maison-chance.org\/shop\/de\/produkt\/mandelkachel-kekse","url":"https:\/\/maison-chance.org\/shop\/de\/produkt\/mandelkachel-kekse","name":"Mandelkachel-Kekse - Nh\u00e0 May M\u1eafn - Maison Chance","isPartOf":{"@id":"https:\/\/maison-chance.org\/shop\/de#website"},"primaryImageOfPage":{"@id":"https:\/\/maison-chance.org\/shop\/de\/produkt\/mandelkachel-kekse#primaryimage"},"image":{"@id":"https:\/\/maison-chance.org\/shop\/de\/produkt\/mandelkachel-kekse#primaryimage"},"thumbnailUrl":"https:\/\/maison-chance.org\/shop\/wp-content\/uploads\/2024\/11\/banh-ngoi-hanh-nhan.png","datePublished":"2024-11-27T03:43:50+00:00","description":"Mandelkachel von Maison Chance erhebt sich wie ein Lichtpunkt und bietet ein subtil-warmes kulinarisches Erlebnis. Mehr als nur ein Snack, ist jeder knusprige Kachel eine Geschichte von Leidenschaft, Pr\u00e4zision und dem Wunsch, Liebe zu verbreiten","breadcrumb":{"@id":"https:\/\/maison-chance.org\/shop\/de\/produkt\/mandelkachel-kekse#breadcrumb"},"inLanguage":"de","potentialAction":[{"@type":"ReadAction","target":["https:\/\/maison-chance.org\/shop\/de\/produkt\/mandelkachel-kekse"]}]},{"@type":"ImageObject","inLanguage":"de","@id":"https:\/\/maison-chance.org\/shop\/de\/produkt\/mandelkachel-kekse#primaryimage","url":"https:\/\/maison-chance.org\/shop\/wp-content\/uploads\/2024\/11\/banh-ngoi-hanh-nhan.png","contentUrl":"https:\/\/maison-chance.org\/shop\/wp-content\/uploads\/2024\/11\/banh-ngoi-hanh-nhan.png","width":600,"height":600,"caption":"Mandelkachel-Kekse"},{"@type":"BreadcrumbList","@id":"https:\/\/maison-chance.org\/shop\/de\/produkt\/mandelkachel-kekse#breadcrumb","itemListElement":[{"@type":"ListItem","position":1,"name":"Trang ch\u1ee7","item":"https:\/\/maison-chance.org\/shop\/de"},{"@type":"ListItem","position":2,"name":"Shop","item":"https:\/\/maison-chance.org\/shop\/shop"},{"@type":"ListItem","position":3,"name":"Mandelkachel-Kekse"}]},{"@type":"WebSite","@id":"https:\/\/maison-chance.org\/shop\/de#website","url":"https:\/\/maison-chance.org\/shop\/de","name":"Nh\u00e0 May M\u1eafn - Maison Chance","description":"M\u1ecdi l\u1ee3i nhu\u1eadn thu v\u1ec1 t\u1eeb vi\u1ec7c b\u00e1n h\u00e0ng s\u1ebd tr\u00edch m\u1ed9t ph\u1ea7n \u0111\u1ec3 ch\u0103m lo cho \u0111\u1eddi s\u1ed1ng c\u00e1c b\u1ea1n khuy\u1ebft t\u1eadt v\u00e0 tr\u1ebb m\u1ed3 c\u00f4i \u1edf \u0111\u00e2y","publisher":{"@id":"https:\/\/maison-chance.org\/shop\/de#organization"},"potentialAction":[{"@type":"SearchAction","target":{"@type":"EntryPoint","urlTemplate":"https:\/\/maison-chance.org\/shop\/de?s={search_term_string}"},"query-input":{"@type":"PropertyValueSpecification","valueRequired":true,"valueName":"search_term_string"}}],"inLanguage":"de"},{"@type":"Organization","@id":"https:\/\/maison-chance.org\/shop\/de#organization","name":"Nh\u00e0 May M\u1eafn - Maison Chance","url":"https:\/\/maison-chance.org\/shop\/de","logo":{"@type":"ImageObject","inLanguage":"de","@id":"https:\/\/maison-chance.org\/shop\/de#\/schema\/logo\/image\/","url":"https:\/\/maison-chance.org\/shop\/wp-content\/uploads\/2024\/03\/cropped-Logo_DNXH.png","contentUrl":"https:\/\/maison-chance.org\/shop\/wp-content\/uploads\/2024\/03\/cropped-Logo_DNXH.png","width":512,"height":512,"caption":"Nh\u00e0 May M\u1eafn - Maison Chance"},"image":{"@id":"https:\/\/maison-chance.org\/shop\/de#\/schema\/logo\/image\/"},"sameAs":["https:\/\/www.facebook.com\/dnxh.nhamayman\/"]}]},"product_price_amount":"2.67","product_price_currency":"EUR","og_availability":"instock","product_availability":"instock","product_condition":"new"},"_links":{"self":[{"href":"https:\/\/maison-chance.org\/shop\/de\/wp-json\/wp\/v2\/product\/41281","targetHints":{"allow":["GET"]}}],"collection":[{"href":"https:\/\/maison-chance.org\/shop\/de\/wp-json\/wp\/v2\/product"}],"about":[{"href":"https:\/\/maison-chance.org\/shop\/de\/wp-json\/wp\/v2\/types\/product"}],"wp:featuredmedia":[{"embeddable":true,"href":"https:\/\/maison-chance.org\/shop\/de\/wp-json\/wp\/v2\/media\/41278"}],"wp:attachment":[{"href":"https:\/\/maison-chance.org\/shop\/de\/wp-json\/wp\/v2\/media?parent=41281"}],"wp:term":[{"taxonomy":"product_brand","embeddable":true,"href":"https:\/\/maison-chance.org\/shop\/de\/wp-json\/wp\/v2\/product_brand?post=41281"},{"taxonomy":"product_cat","embeddable":true,"href":"https:\/\/maison-chance.org\/shop\/de\/wp-json\/wp\/v2\/product_cat?post=41281"},{"taxonomy":"product_tag","embeddable":true,"href":"https:\/\/maison-chance.org\/shop\/de\/wp-json\/wp\/v2\/product_tag?post=41281"}],"curies":[{"name":"wp","href":"https:\/\/api.w.org\/{rel}","templated":true}]}}